{"id":77,"date":"2022-09-07T10:41:37","date_gmt":"2022-09-07T10:41:37","guid":{"rendered":"https:\/\/meat-machine.com\/?post_type=product&#038;p=77"},"modified":"2026-03-02T17:57:09","modified_gmt":"2026-03-02T09:57:09","slug":"may-tach-xuong-thit","status":"publish","type":"product","link":"https:\/\/meat-machine.com\/vi\/product\/meat-bone-separator\/","title":{"rendered":"M\u00e1y t\u00e1ch x\u01b0\u01a1ng th\u1ecbt"},"content":{"rendered":"<div class=\"kk-star-ratings kksr-auto kksr-align-left kksr-valign-top\"     data-payload='{&quot;align&quot;:&quot;left&quot;,&quot;id&quot;:&quot;77&quot;,&quot;slug&quot;:&quot;default&quot;,&quot;valign&quot;:&quot;top&quot;,&quot;ignore&quot;:&quot;&quot;,&quot;reference&quot;:&quot;auto&quot;,&quot;class&quot;:&quot;&quot;,&quot;count&quot;:&quot;28&quot;,&quot;legendonly&quot;:&quot;&quot;,&quot;readonly&quot;:&quot;&quot;,&quot;score&quot;:&quot;4.7&quot;,&quot;starsonly&quot;:&quot;&quot;,&quot;best&quot;:&quot;5&quot;,&quot;gap&quot;:&quot;5&quot;,&quot;greet&quot;:&quot;Rate this product&quot;,&quot;legend&quot;:&quot;4.7\\\/5 - (28 b\u00ecnh ch\u1ecdn)&quot;,&quot;size&quot;:&quot;24&quot;,&quot;title&quot;:&quot;Meat Bone Separator&quot;,&quot;width&quot;:&quot;133.8&quot;,&quot;_legend&quot;:&quot;{score}\\\/{best} - ({count} {votes})&quot;,&quot;font_factor&quot;:&quot;1.25&quot;}'>              <div class=\"kksr-stars\">      <div class=\"kksr-stars-inactive\">             <div class=\"kksr-star\" data-star=\"1\" style=\"padding-right: 5px\">               <div class=\"kksr-icon\" style=\"width: 24px; height: 24px;\"><\/div>         <\/div>             <div class=\"kksr-star\" data-star=\"2\" style=\"padding-right: 5px\">               <div class=\"kksr-icon\" style=\"width: 24px; height: 24px;\"><\/div>         <\/div>             <div class=\"kksr-star\" data-star=\"3\" style=\"padding-right: 5px\">               <div class=\"kksr-icon\" style=\"width: 24px; height: 24px;\"><\/div>         <\/div>             <div class=\"kksr-star\" data-star=\"4\" style=\"padding-right: 5px\">               <div class=\"kksr-icon\" style=\"width: 24px; height: 24px;\"><\/div>         <\/div>             <div class=\"kksr-star\" data-star=\"5\" style=\"padding-right: 5px\">               <div class=\"kksr-icon\" style=\"width: 24px; height: 24px;\"><\/div>         <\/div>     <\/div>      <div class=\"kksr-stars-active\" style=\"width: 133.8px;\">             <div class=\"kksr-star\" style=\"padding-right: 5px\">               <div class=\"kksr-icon\" style=\"width: 24px; height: 24px;\"><\/div>         <\/div>             <div class=\"kksr-star\" style=\"padding-right: 5px\">               <div class=\"kksr-icon\" style=\"width: 24px; height: 24px;\"><\/div>         <\/div>             <div class=\"kksr-star\" style=\"padding-right: 5px\">               <div class=\"kksr-icon\" style=\"width: 24px; height: 24px;\"><\/div>         <\/div>             <div class=\"kksr-star\" style=\"padding-right: 5px\">               <div class=\"kksr-icon\" style=\"width: 24px; height: 24px;\"><\/div>         <\/div>             <div class=\"kksr-star\" style=\"padding-right: 5px\">               <div class=\"kksr-icon\" style=\"width: 24px; height: 24px;\"><\/div>         <\/div>     <\/div> <\/div>                   <div class=\"kksr-legend\" style=\"font-size: 19.2px;\">             4.7\/5 - (28 l\u01b0\u1ee3t b\u00ecnh ch\u1ecdn)    <\/div>     <\/div>  <p class=\"wp-block-paragraph translation-block\">M\u00e1y t\u00e1ch x\u01b0\u01a1ng v\u00e0 th\u1ecbt  c\u00f3 th\u1ec3 t\u00e1ch ph\u1ea7n th\u1ecbt c\u00f2n l\u1ea1i kh\u1ecfi x\u01b0\u01a1ng , n\u00e2ng cao hi\u1ec7u qu\u1ea3 s\u1eed d\u1ee5ng nguy\u00ean li\u1ec7u v\u00e0 gi\u1ea3m chi ph\u00ed s\u1ea3n xu\u1ea5t. N\u00f3 s\u1eed d\u1ee5ng \u00e9p c\u01a1 h\u1ecdc \u0111\u1ec3 t\u00e1ch hi\u1ec7u qu\u1ea3  m\u1ee1 th\u1ecbt v\u00e0 c\u1eb7n x\u01b0\u01a1ng . <\/p>    <p class=\"wp-block-paragraph translation-block\">M\u00e1y n\u00e0y <strong>\u0111\u01b0\u1ee3c thi\u1ebft k\u1ebf \u0111\u1eb7c bi\u1ec7t cho nguy\u00ean li\u1ec7u g\u00e0 (g\u00e0 v\u00e0 v\u1ecbt) v\u00e0 c\u00e1<\/strong>, bao g\u1ed3m khung g\u00e0, c\u1ed5 g\u00e0, s\u1ee5n g\u00e0, khung v\u1ecbt, x\u01b0\u01a1ng c\u00e1 v\u00e0 c\u00e1c nguy\u00ean li\u1ec7u t\u01b0\u01a1ng t\u1ef1. <\/p>    <p class=\"wp-block-paragraph\">M\u1ee1 th\u1ecbt t\u00e1ch ra ph\u00f9 h\u1ee3p \u0111\u1ec3 x\u1eed l\u00fd th\u00eam th\u00e0nh x\u00fac x\u00edch, vi\u00ean th\u1ecbt, b\u00e1nh patties, s\u1ea3n ph\u1ea9m surimi v\u00e0 c\u00e1c th\u1ef1c ph\u1ea9m ch\u1ebf bi\u1ebfn kh\u00e1c, trong khi c\u1eb7n x\u01b0\u01a1ng c\u00f3 th\u1ec3 t\u00e1i s\u1eed d\u1ee5ng l\u00e0m th\u1ee9c \u0103n ch\u0103n nu\u00f4i ho\u1eb7c x\u1eed l\u00fd th\u00eam. <\/p>    <p class=\"wp-block-paragraph translation-block\">M\u00e1y t\u00e1ch x\u01b0\u01a1ng th\u1ecbt c\u00f3 <strong>ba m\u00f4 h\u00ecnh<\/strong>, v\u1edbi <strong>dung t\u00edch t\u1eeb 300\u20131200 kg\/h<\/strong>, ph\u00f9 h\u1ee3p cho c\u00e1c nh\u00e0 m\u00e1y ch\u1ebf bi\u1ebfn th\u1ecbt nh\u1ecf v\u00e0 v\u1eeba.<\/p>    <figure class=\"wp-block-embed is-type-video is-provider-youtube wp-block-embed-youtube wp-embed-aspect-9-16 wp-has-aspect-ratio\"><div class=\"wp-block-embed__wrapper\"> <iframe loading=\"lazy\" title=\"Video ho\u1ea1t \u0111\u1ed9ng c\u1ee7a m\u00e1y t\u00e1ch x\u01b0\u01a1ng v\u00e0 th\u1ecbt | Quy tr\u00ecnh t\u1ea1i nh\u00e0 m\u00e1y #x\u01b0\u01a1ng #th\u1ecbt #xulythucpham\" width=\"422\" height=\"750\" src=\"https:\/\/www.youtube.com\/embed\/f45DGjWDgkM?feature=oembed\" frameborder=\"0\" allow=\"accelerometer; autoplay; clipboard-write; encrypted-media; gyroscope; picture-in-picture; web-share\" referrerpolicy=\"strict-origin-when-cross-origin\" allowfullscreen><\/iframe> <\/div><figcaption class=\"wp-element-caption\">Video ho\u1ea1t \u0111\u1ed9ng c\u1ee7a m\u00e1y t\u00e1ch x\u01b0\u01a1ng v\u00e0 th\u1ecbt<\/figcaption><\/figure>    <h2 class=\"wp-block-heading\">Nguy\u00ean li\u1ec7u ph\u00f9 h\u1ee3p cho m\u00e1y t\u00e1ch x\u01b0\u01a1ng v\u00e0 th\u1ecbt<\/h2>    <p class=\"wp-block-paragraph translation-block\">M\u00e1y t\u00e1ch x\u01b0\u01a1ng v\u00e0 th\u1ecbt  ch\u1ee7 y\u1ebfu thi\u1ebft k\u1ebf cho nguy\u00ean li\u1ec7u g\u00e0 v\u00e0 \u0111\u1ed9ng v\u1eadt nh\u1ecf , bao g\u1ed3m  g\u00e0, v\u1ecbt, ng\u1ed7ng, c\u00e1, v\u00e0 th\u1ecf . N\u00f3  kh\u00f4ng ph\u00f9 h\u1ee3p cho x\u01b0\u01a1ng c\u1ee9ng nh\u01b0 x\u01b0\u01a1ng b\u00f2 ho\u1eb7c c\u1eebu . <\/p>    <p class=\"wp-block-paragraph translation-block\">\u0110\u1ec3 \u0111\u1ea1t hi\u1ec7u qu\u1ea3 t\u00e1ch t\u1ed1i \u01b0u v\u00e0 thu h\u1ed3i th\u1ecbt, nhi\u1ec7t \u0111\u1ed9 x\u1eed l\u00fd khuy\u00ean d\u00f9ng cho nguy\u00ean li\u1ec7u g\u00e0 l\u00e0 <strong>\u20132\u00b0C \u0111\u1ebfn \u20138\u00b0C<\/strong>, v\u00ec nguy\u00ean li\u1ec7u b\u00e1n \u0111\u00f4ng l\u1ea1nh \u0111\u1ea3m b\u1ea3o k\u1ebft c\u1ea5u t\u1ed1t h\u01a1n v\u00e0 t\u00e1ch s\u1ea1ch h\u01a1n. Nguy\u00ean li\u1ec7u t\u01b0\u01a1i c\u0169ng c\u00f3 th\u1ec3 x\u1eed l\u00fd, nh\u01b0ng g\u00e0 b\u00e1n \u0111\u00f4ng l\u1ea1nh mang l\u1ea1i hi\u1ec7u su\u1ea5t \u1ed5n \u0111\u1ecbnh h\u01a1n v\u00e0 s\u1ea3n ph\u1ea9m th\u1ecbt xay ch\u1ea5t l\u01b0\u1ee3ng cao h\u01a1n.<\/p>    <figure class=\"wp-block-gallery has-nested-images columns-default is-cropped wp-block-gallery-2 is-layout-flex wp-block-gallery-is-layout-flex\"> <figure class=\"wp-block-image size-large\"><img loading=\"lazy\" decoding=\"async\" width=\"720\" height=\"540\" data-id=\"1095\" src=\"https:\/\/meat-machine.com\/wp-content\/uploads\/2022\/09\/chicken.webp\" alt=\"g\u00e0\" class=\"wp-image-1095\" title=\"\" srcset=\"https:\/\/meat-machine.com\/wp-content\/uploads\/2022\/09\/chicken.webp 720w, https:\/\/meat-machine.com\/wp-content\/uploads\/2022\/09\/chicken-300x225.webp 300w, https:\/\/meat-machine.com\/wp-content\/uploads\/2022\/09\/chicken-16x12.webp 16w\" sizes=\"auto, (max-width: 720px) 100vw, 720px\" \/><figcaption class=\"wp-element-caption\">Th\u1ecbt g\u00e0<\/figcaption><\/figure>    <figure class=\"wp-block-image size-large\"><img loading=\"lazy\" decoding=\"async\" width=\"720\" height=\"540\" data-id=\"1096\" src=\"https:\/\/meat-machine.com\/wp-content\/uploads\/2022\/09\/duck.webp\" alt=\"duck\" class=\"wp-image-1096\" title=\"\" srcset=\"https:\/\/meat-machine.com\/wp-content\/uploads\/2022\/09\/duck.webp 720w, https:\/\/meat-machine.com\/wp-content\/uploads\/2022\/09\/duck-300x225.webp 300w, https:\/\/meat-machine.com\/wp-content\/uploads\/2022\/09\/duck-16x12.webp 16w\" sizes=\"auto, (max-width: 720px) 100vw, 720px\" \/><figcaption class=\"wp-element-caption\">V\u1ecbt<\/figcaption><\/figure> <\/figure>    <h2 id=\"h-working-principle-of-meat-bone-separator\" class=\"wp-block-heading\">M\u00e1y t\u00e1ch x\u01b0\u01a1ng v\u00e0 th\u1ecbt ho\u1ea1t \u0111\u1ed9ng nh\u01b0 th\u1ebf n\u00e0o?<\/h2>    <div class=\"wp-block-media-text is-stacked-on-mobile\"><figure class=\"wp-block-media-text__media\"><img loading=\"lazy\" decoding=\"async\" width=\"540\" height=\"720\" src=\"https:\/\/meat-machine.com\/wp-content\/uploads\/2022\/09\/Meat-Bone-Separator-sale.webp\" alt=\"B\u00e1n m\u00e1y t\u00e1ch x\u01b0\u01a1ng v\u00e0 th\u1ecbt\" class=\"wp-image-1081 size-full\" title=\"\" srcset=\"https:\/\/meat-machine.com\/wp-content\/uploads\/2022\/09\/Meat-Bone-Separator-sale.webp 540w, https:\/\/meat-machine.com\/wp-content\/uploads\/2022\/09\/Meat-Bone-Separator-sale-225x300.webp 225w, https:\/\/meat-machine.com\/wp-content\/uploads\/2022\/09\/Meat-Bone-Separator-sale-9x12.webp 9w\" sizes=\"auto, (max-width: 540px) 100vw, 540px\" \/><\/figure><div class=\"wp-block-media-text__content\"> <ul class=\"wp-block-list\"> <li><strong>C\u1ea5p li\u1ec7u nguy\u00ean li\u1ec7u<\/strong> <ul class=\"wp-block-list\"> <li>Th\u1ecbt g\u00e0 ho\u1eb7c c\u00e1 s\u1ed1ng c\u00f3 x\u01b0\u01a1ng \u0111\u01b0\u1ee3c \u0111\u01b0a v\u00e0o m\u00e1y qua c\u1eeda c\u1ea5p li\u1ec7u.<\/li> <\/ul> <\/li>    <li><strong>Truy\u1ec1n t\u1ea3i b\u1eb1ng v\u00edt<\/strong> <ul class=\"wp-block-list\"> <li>V\u00edt quay li\u00ean t\u1ee5c \u0111\u1ea9y nguy\u00ean li\u1ec7u v\u00e0o bu\u1ed3ng t\u00e1ch x\u01b0\u01a1ng v\u00e0 th\u1ecbt.<\/li> <\/ul> <\/li>    <li><strong>\u00c9p c\u01a1 h\u1ecdc &amp; Nghi\u1ec1n<\/strong> <ul class=\"wp-block-list\"> <li>\u0110\u01b0\u1ee3c truy\u1ec1n \u0111\u1ed9ng b\u1edfi \u0111\u1ed9ng c\u01a1, tr\u1ee5c \u00e9p t\u1ea1o ra l\u1ef1c \u00e9p m\u1ea1nh, nghi\u1ec1n nh\u1ecf th\u1ecbt v\u00e0 x\u01b0\u01a1ng th\u00e0nh c\u00e1c m\u1ea3nh nh\u1ecf h\u01a1n.<\/li> <\/ul> <\/li> <\/ul> <\/div><\/div>    <div class=\"wp-block-media-text has-media-on-the-right is-stacked-on-mobile\"><div class=\"wp-block-media-text__content\"> <ul class=\"wp-block-list\"> <li><strong>L\u1ecdc &amp; Ph\u00e2n t\u00e1ch<\/strong> <ul class=\"wp-block-list\"> <li>Th\u1ecbt xay \u0111\u01b0\u1ee3c \u00e9p qua c\u00e1c khe h\u1eb9p c\u1ee7a l\u01b0\u1edbi l\u1ecdc, trong khi c\u00e1c h\u1ea1t x\u01b0\u01a1ng \u0111\u01b0\u1ee3c gi\u1eef l\u1ea1i.<\/li> <\/ul> <\/li>    <li><strong>X\u1ea3 th\u1ecbt<\/strong> <ul class=\"wp-block-list\"> <li>Th\u1ecbt xay \u0111\u00e3 t\u00e1ch ra \u0111\u01b0\u1ee3c x\u1ea3 ra tr\u01a1n tru t\u1eeb l\u1ed1i ra th\u1ecbt xay.<\/li> <\/ul> <\/li>    <li><strong>X\u1ea3 c\u1eb7n x\u01b0\u01a1ng<\/strong> <ul class=\"wp-block-list\"> <li>C\u1eb7n x\u01b0\u01a1ng \u0111\u01b0\u1ee3c \u0111\u1ea9y ra qua l\u1ed1i tho\u00e1t ri\u00eang, ho\u00e0n t\u1ea5t qu\u00e1 tr\u00ecnh t\u00e1ch x\u01b0\u01a1ng v\u00e0 th\u1ecbt.<\/li> <\/ul> <\/li> <\/ul> <\/div><figure class=\"wp-block-media-text__media\"><img loading=\"lazy\" decoding=\"async\" width=\"540\" height=\"720\" src=\"https:\/\/meat-machine.com\/wp-content\/uploads\/2022\/09\/Meat-Bone-Separator-price.webp\" alt=\"Gi\u00e1 m\u00e1y t\u00e1ch x\u01b0\u01a1ng th\u1ecbt\" class=\"wp-image-1082 size-full\" title=\"\" srcset=\"https:\/\/meat-machine.com\/wp-content\/uploads\/2022\/09\/Meat-Bone-Separator-price.webp 540w, https:\/\/meat-machine.com\/wp-content\/uploads\/2022\/09\/Meat-Bone-Separator-price-225x300.webp 225w, https:\/\/meat-machine.com\/wp-content\/uploads\/2022\/09\/Meat-Bone-Separator-price-9x12.webp 9w\" sizes=\"auto, (max-width: 540px) 100vw, 540px\" \/><\/figure><\/div>    <h2 id=\"h-working-video-of-poultry-deboning-machine\" class=\"wp-block-heading\">L\u1ee3i \u00edch c\u1ee7a m\u00e1y t\u00e1ch x\u01b0\u01a1ng th\u1ecbt<\/h2>    <div class=\"wp-block-media-text is-stacked-on-mobile\"><figure class=\"wp-block-media-text__media\"><img loading=\"lazy\" decoding=\"async\" width=\"540\" height=\"720\" src=\"https:\/\/meat-machine.com\/wp-content\/uploads\/2022\/09\/bone-and-meat-separator-factory.webp\" alt=\"Nh\u00e0 m\u00e1y s\u1ea3n xu\u1ea5t m\u00e1y t\u00e1ch x\u01b0\u01a1ng v\u00e0 th\u1ecbt\" class=\"wp-image-1087 size-full\" title=\"\" srcset=\"https:\/\/meat-machine.com\/wp-content\/uploads\/2022\/09\/bone-and-meat-separator-factory.webp 540w, https:\/\/meat-machine.com\/wp-content\/uploads\/2022\/09\/bone-and-meat-separator-factory-225x300.webp 225w, https:\/\/meat-machine.com\/wp-content\/uploads\/2022\/09\/bone-and-meat-separator-factory-9x12.webp 9w\" sizes=\"auto, (max-width: 540px) 100vw, 540px\" \/><\/figure><div class=\"wp-block-media-text__content\"> <ul class=\"wp-block-list\"> <li><strong>Hi\u1ec7u qu\u1ea3 cao &amp; Ti\u1ebft ki\u1ec7m n\u0103ng l\u01b0\u1ee3ng<\/strong> \u2013 Thi\u1ebft k\u1ebf nh\u1ecf g\u1ecdn ti\u00eau th\u1ee5 \u0111i\u1ec7n n\u0103ng th\u1ea5p, c\u00f3 kh\u1ea3 n\u0103ng x\u1eed l\u00fd l\u00ean \u0111\u1ebfn 1200 kg\/h trong khi duy tr\u00ec s\u1ea3n l\u01b0\u1ee3ng \u1ed5n \u0111\u1ecbnh.<\/li>    <li><strong>K\u1ebft c\u1ea5u th\u00e9p kh\u00f4ng g\u1ec9 b\u1ec1n b\u1ec9<\/strong> \u2013 C\u00e1c b\u1ed9 ph\u1eadn ti\u1ebfp x\u00fac th\u1ef1c ph\u1ea9m v\u00e0 th\u00e2n ch\u00ednh \u0111\u1ec1u l\u00e0m b\u1eb1ng th\u00e9p kh\u00f4ng g\u1ec9 cao c\u1ea5p, \u0111\u00e1p \u1ee9ng ti\u00eau chu\u1ea9n v\u1ec7 sinh th\u1ef1c ph\u1ea9m v\u00e0 \u0111\u1ea3m b\u1ea3o tu\u1ed5i th\u1ecd l\u00e2u d\u00e0i.<\/li>    <li><strong>V\u1eadn h\u00e0nh \u1ed5n \u0111\u1ecbnh &amp; Tin c\u1eady<\/strong> \u2013 H\u1ed9p s\u1ed1 k\u00edn ho\u00e0n to\u00e0n cung c\u1ea5p ho\u1ea1t \u0111\u1ed9ng tr\u01a1n tru, gi\u1ea3m ti\u1ebfng \u1ed3n v\u00e0 hi\u1ec7u su\u1ea5t \u0111\u00e1ng tin c\u1eady.<\/li> <\/ul> <\/div><\/div>    <div class=\"wp-block-media-text has-media-on-the-right is-stacked-on-mobile\"><div class=\"wp-block-media-text__content\"> <ul class=\"wp-block-list\"> <li><strong>Ch\u1ea5t l\u01b0\u1ee3ng th\u1ecbt v\u01b0\u1ee3t tr\u1ed9i<\/strong> \u2013 S\u1ea3n xu\u1ea5t th\u1ecbt xay m\u1ecbn v\u1edbi t\u1ed5n th\u01b0\u01a1ng s\u1ee3i t\u1ed1i thi\u1ec3u v\u00e0 kh\u00f4ng c\u00f2n c\u1eb7n x\u01b0\u01a1ng, c\u1ea3i thi\u1ec7n k\u1ebft c\u1ea5u s\u1ea3n ph\u1ea9m cu\u1ed1i c\u00f9ng.<\/li>    <li><strong>D\u1ec5 v\u1eadn h\u00e0nh &amp; B\u1ea3o tr\u00ec<\/strong> \u2013 C\u1ea5u tr\u00fac \u0111\u01a1n gi\u1ea3n, v\u1eadn h\u00e0nh th\u00e2n thi\u1ec7n ng\u01b0\u1eddi d\u00f9ng, d\u1ec5 v\u1ec7 sinh gi\u00fap gi\u1ea3m th\u1eddi gian ch\u1ebft v\u00e0 chi ph\u00ed lao \u0111\u1ed9ng.<\/li>    <li><strong>Thi\u1ebft k\u1ebf an to\u00e0n &amp; V\u1ec7 sinh<\/strong> \u2013 B\u1ec1 m\u1eb7t tr\u01a1n tru, kh\u00f4ng g\u00f3c ch\u1ebft, ng\u0103n ng\u1eeba t\u00edch t\u1ee5 b\u1ee5i b\u1ea9n v\u00e0 \u0111\u1ea3m b\u1ea3o an to\u00e0n cho ng\u01b0\u1eddi v\u1eadn h\u00e0nh.<\/li>    <li><strong>Ph\u1ea1m vi \u1ee9ng d\u1ee5ng r\u1ed9ng<\/strong> \u2013 Ph\u00f9 h\u1ee3p \u0111\u1ec3 s\u1eed d\u1ee5ng nh\u01b0 m\u00e1y t\u00e1ch x\u01b0\u01a1ng g\u00e0, m\u00e1y t\u00e1ch th\u1ecbt c\u00e1, v\u00e0 c\u00e1c \u1ee9ng d\u1ee5ng t\u00e1ch x\u01b0\u01a1ng m\u1ec1m kh\u00e1c.<\/li> <\/ul> <\/div><figure class=\"wp-block-media-text__media\"><img loading=\"lazy\" decoding=\"async\" width=\"540\" height=\"720\" src=\"https:\/\/meat-machine.com\/wp-content\/uploads\/2022\/09\/chicken-deboning-machine-sale.webp\" alt=\"B\u00e1n m\u00e1y t\u00e1ch x\u01b0\u01a1ng g\u00e0\" class=\"wp-image-1088 size-full\" title=\"\" srcset=\"https:\/\/meat-machine.com\/wp-content\/uploads\/2022\/09\/chicken-deboning-machine-sale.webp 540w, https:\/\/meat-machine.com\/wp-content\/uploads\/2022\/09\/chicken-deboning-machine-sale-225x300.webp 225w, https:\/\/meat-machine.com\/wp-content\/uploads\/2022\/09\/chicken-deboning-machine-sale-9x12.webp 9w\" sizes=\"auto, (max-width: 540px) 100vw, 540px\" \/><\/figure><\/div>    <h2 id=\"h-machine-parameters\" class=\"wp-block-heading\">Th\u00f4ng s\u1ed1 k\u1ef9 thu\u1eadt m\u00e1y t\u00e1ch x\u01b0\u01a1ng g\u00e0<\/h2>    <figure class=\"wp-block-table\"><table class=\"has-fixed-layout\"><thead><tr><th>Ng\u01b0\u1eddi m\u1eabu<\/th><th>\u0110i\u1ec7n \u00e1p<\/th><th>Quy\u1ec1n l\u1ef1c<\/th><th>Dung t\u00edch<\/th><th>K\u00edch th\u01b0\u1edbc (mm)<\/th><th>Tr\u1ecdng l\u01b0\u1ee3ng m\u00e1y<\/th><\/tr><\/thead><tbody><tr><td>TZ-300<\/td><td>380V 50Hz 3 pha<\/td><td>7.5 kW<\/td><td>300\u2013500 kg\/h<\/td><td>1400 \u00d7 650 \u00d7 980<\/td><td>400 kg<\/td><\/tr><tr><td>TZ-500<\/td><td>380V 50Hz 3 pha<\/td><td>8 kW<\/td><td>600\u2013800 kg\/h<\/td><td>1500 \u00d7 660 \u00d7 980<\/td><td>600 kg<\/td><\/tr><tr><td>TZ-1000<\/td><td>380V 50Hz<\/td><td>13\u201316 kW<\/td><td>1000\u20131200 kg\/h<\/td><td>2100 \u00d7 780 \u00d7 1430<\/td><td>1100 kg<\/td><\/tr><\/tbody><\/table><figcaption class=\"wp-element-caption\">Th\u00f4ng s\u1ed1 k\u1ef9 thu\u1eadt m\u00e1y t\u00e1ch x\u01b0\u01a1ng th\u1ecbt<\/figcaption><\/figure>    <h2 class=\"wp-block-heading\">C\u00e1c th\u00e0nh ph\u1ea7n c\u1ed1t l\u00f5i &amp; c\u1ea5u h\u00ecnh v\u1eadt li\u1ec7u c\u1ee7a m\u00e1y t\u00e1ch x\u01b0\u01a1ng v\u00e0 th\u1ecbt<\/h2>    <div class=\"wp-block-media-text is-stacked-on-mobile\"><figure class=\"wp-block-media-text__media\"><img loading=\"lazy\" decoding=\"async\" width=\"540\" height=\"720\" src=\"https:\/\/meat-machine.com\/wp-content\/uploads\/2022\/09\/bone-meat-separating-machine-supplier.webp\" alt=\"Nh\u00e0 cung c\u1ea5p m\u00e1y t\u00e1ch x\u01b0\u01a1ng th\u1ecbt\" class=\"wp-image-1091 size-full\" title=\"\" srcset=\"https:\/\/meat-machine.com\/wp-content\/uploads\/2022\/09\/bone-meat-separating-machine-supplier.webp 540w, https:\/\/meat-machine.com\/wp-content\/uploads\/2022\/09\/bone-meat-separating-machine-supplier-225x300.webp 225w, https:\/\/meat-machine.com\/wp-content\/uploads\/2022\/09\/bone-meat-separating-machine-supplier-9x12.webp 9w\" sizes=\"auto, (max-width: 540px) 100vw, 540px\" \/><\/figure><div class=\"wp-block-media-text__content\"> <ul class=\"wp-block-list\"> <li><strong>\u0110\u1ed9ng c\u01a1<\/strong>: \u0110\u1ed9ng c\u01a1 l\u00f5i \u0111\u1ed3ng tinh khi\u1ebft trong n\u01b0\u1edbc, kh\u00f4ng c\u1ea7n ki\u1ec3m tra, hi\u1ec7u su\u1ea5t \u1ed5n \u0111\u1ecbnh, tu\u1ed5i th\u1ecd d\u00e0i.<\/li>    <li><strong>B\u1ed9 gi\u1ea3m t\u1ed1c<\/strong>: B\u1ed9 gi\u1ea3m t\u1ed1c m\u1eb7t c\u1ee9ng t\u1ef1 ph\u00e1t tri\u1ec3n, ph\u00f9 h\u1ee3p cho ho\u1ea1t \u0111\u1ed9ng li\u00ean t\u1ee5c t\u1ea3i tr\u1ecdng cao.<\/li>    <li><strong>\u0110i\u1ec1u khi\u1ec3n \u0111i\u1ec7n<\/strong>: H\u1ec7 th\u1ed1ng \u0111i\u1ec1u khi\u1ec3n \u0111i\u1ec7n tin c\u1eady, \u0111\u1ea3m b\u1ea3o ho\u1ea1t \u0111\u1ed9ng an to\u00e0n v\u00e0 \u1ed5n \u0111\u1ecbnh c\u1ee7a m\u00e1y.<\/li>    <li><strong>V\u00f2ng bi<\/strong>: C\u00e1c v\u00f2ng bi ch\u1ea5t l\u01b0\u1ee3ng cao \u0111\u1ea3m b\u1ea3o ho\u1ea1t \u0111\u1ed9ng tr\u01a1n tru v\u00e0 \u0111\u1ed9 b\u1ec1n k\u00e9o d\u00e0i.<\/li>    <li><strong>Ph\u01b0\u01a1ng ph\u00e1p x\u1ea3<\/strong>: X\u1ea3 qua \u0111\u01b0\u1eddng \u1ed1ng k\u00edn ho\u00e0n to\u00e0n, v\u1ec7 sinh v\u00e0 kh\u00f4ng r\u00f2 r\u1ec9.<\/li>    <li><strong>V\u1eadt li\u1ec7u<\/strong>: C\u00e1c b\u1ed9 ph\u1eadn ti\u1ebfp x\u00fac v\u1edbi nguy\u00ean li\u1ec7u, c\u0169ng nh\u01b0 khung v\u00e0 v\u1ecf ngo\u00e0i, \u0111\u1ec1u l\u00e0m b\u1eb1ng th\u00e9p kh\u00f4ng g\u1ec9 \u0111\u1ec3 ch\u1ed1ng \u0103n m\u00f2n v\u00e0 d\u1ec5 v\u1ec7 sinh.<\/li> <\/ul> <\/div><\/div>    <h2 id=\"h-application-scope-of-poultry-deboning-machine\" class=\"wp-block-heading\">Ph\u1ea1m vi \u1ee9ng d\u1ee5ng c\u1ee7a m\u00e1y t\u00e1ch x\u01b0\u01a1ng th\u1ecbt<\/h2>    <p class=\"wp-block-paragraph translation-block\">M\u00e1y t\u00e1ch x\u01b0\u01a1ng v\u00e0 th\u1ecbt \u0111\u01b0\u1ee3c s\u1eed d\u1ee5ng r\u1ed9ng r\u00e3i trong <strong>nh\u00e0 m\u00e1y ch\u1ebf bi\u1ebfn th\u1ecbt<\/strong>, bao g\u1ed3m <strong>s\u1ea3n xu\u1ea5t vi\u00ean th\u1ecbt v\u00e0 x\u00fac x\u00edch<\/strong>, nh\u01b0 x\u00fac x\u00edch gi\u0103m b\u00f4ng heo, x\u00fac x\u00edch quay \u0110\u00e0i Loan, th\u1ecbt ngu\u1ed9i, v\u00e0 x\u00fac x\u00edch ph\u1ed3ng. <\/p>    <p class=\"wp-block-paragraph translation-block\">Ph\u1ea7n x\u01b0\u01a1ng c\u00f2n l\u1ea1i c\u00f3 th\u1ec3 \u0111\u01b0\u1ee3c x\u1eed l\u00fd th\u00eam th\u00e0nh <strong>canh x\u01b0\u01a1ng, th\u1ee9c \u0103n ch\u0103n nu\u00f4i, b\u1ed9t x\u01b0\u01a1ng, ho\u1eb7c n\u01b0\u1edbc d\u00f9ng<\/strong>, lo\u1ea1i b\u1ecf nhu c\u1ea7u s\u1eed d\u1ee5ng thi\u1ebft b\u1ecb nghi\u1ec1n x\u01b0\u01a1ng ri\u00eang bi\u1ec7t.<\/p>    <figure class=\"wp-block-image size-full\"><img loading=\"lazy\" decoding=\"async\" width=\"720\" height=\"540\" src=\"https:\/\/meat-machine.com\/wp-content\/uploads\/2022\/09\/meat-1.webp\" alt=\"th\u1ecbt\" class=\"wp-image-1090\" title=\"\" srcset=\"https:\/\/meat-machine.com\/wp-content\/uploads\/2022\/09\/meat-1.webp 720w, https:\/\/meat-machine.com\/wp-content\/uploads\/2022\/09\/meat-1-300x225.webp 300w, https:\/\/meat-machine.com\/wp-content\/uploads\/2022\/09\/meat-1-16x12.webp 16w\" sizes=\"auto, (max-width: 720px) 100vw, 720px\" \/><figcaption class=\"wp-element-caption\">Th\u1ecbt<\/figcaption><\/figure>    <h2 class=\"wp-block-heading\">Ph\u1ea7n k\u1ebft lu\u1eadn<\/h2>    <p class=\"wp-block-paragraph translation-block\">M\u00e1y t\u00e1ch x\u01b0\u01a1ng v\u00e0 th\u1ecbt  l\u00e0 gi\u1ea3i ph\u00e1p l\u00fd t\u01b0\u1edfng cho c\u00e1c nh\u00e0 ch\u1ebf bi\u1ebfn mu\u1ed1n  t\u0103ng n\u0103ng su\u1ea5t th\u1ecbt, n\u00e2ng cao ch\u1ea5t l\u01b0\u1ee3ng s\u1ea3n ph\u1ea9m, v\u00e0 gi\u1ea3m l\u00e3ng ph\u00ed nguy\u00ean li\u1ec7u , v\u1edbi hi\u1ec7u su\u1ea5t \u1ed5n \u0111\u1ecbnh v\u00e0 v\u1ec7 sinh. <\/p>    <p class=\"wp-block-paragraph translation-block\">N\u1ebfu b\u1ea1n \u0111ang t\u00ecm ki\u1ebfm m\u1ed9t m\u00e1y t\u00e1ch x\u01b0\u01a1ng v\u00e0 th\u1ecbt ti\u1ebft ki\u1ec7m chi ph\u00ed v\u00e0 b\u1ec1n b\u1ec9,  h\u00e3y li\u00ean h\u1ec7 v\u1edbi ch\u00fang t\u00f4i  \u0111\u1ec3 bi\u1ebft th\u00f4ng s\u1ed1 k\u1ef9 thu\u1eadt chi ti\u1ebft, gi\u00e1 c\u1ea3 v\u00e0 c\u00e1c gi\u1ea3i ph\u00e1p t\u00f9y ch\u1ec9nh . <\/p>","protected":false},"excerpt":{"rendered":"<p>M\u00e1y t\u00e1ch x\u01b0\u01a1ng th\u1ecbt c\u00f3 th\u1ec3 t\u00e1ch ph\u1ea7n th\u1ecbt c\u00f2n l\u1ea1i kh\u1ecfi x\u01b0\u01a1ng, n\u00e2ng cao hi\u1ec7u qu\u1ea3 s\u1eed d\u1ee5ng nguy\u00ean li\u1ec7u v\u00e0 gi\u1ea3m chi ph\u00ed s\u1ea3n xu\u1ea5t. N\u00f3 s\u1eed d\u1ee5ng \u00e9p c\u01a1 h\u1ecdc \u0111\u1ec3 t\u00e1ch hi\u1ec7u qu\u1ea3 m\u1ee1 th\u1ecbt v\u00e0 c\u1eb7n x\u01b0\u01a1ng. <\/p>","protected":false},"author":1,"featured_media":1080,"parent":0,"template":"","tags":[21],"product-type":[3],"class_list":["post-77","product","type-product","status-publish","has-post-thumbnail","hentry","tag-meat-bone-separator","product-type-bone-grinder"],"_links":{"self":[{"href":"https:\/\/meat-machine.com\/vi\/wp-json\/wp\/v2\/product\/77","targetHints":{"allow":["GET"]}}],"collection":[{"href":"https:\/\/meat-machine.com\/vi\/wp-json\/wp\/v2\/product"}],"about":[{"href":"https:\/\/meat-machine.com\/vi\/wp-json\/wp\/v2\/types\/product"}],"author":[{"embeddable":true,"href":"https:\/\/meat-machine.com\/vi\/wp-json\/wp\/v2\/users\/1"}],"wp:featuredmedia":[{"embeddable":true,"href":"https:\/\/meat-machine.com\/vi\/wp-json\/wp\/v2\/media\/1080"}],"wp:attachment":[{"href":"https:\/\/meat-machine.com\/vi\/wp-json\/wp\/v2\/media?parent=77"}],"wp:term":[{"taxonomy":"post_tag","embeddable":true,"href":"https:\/\/meat-machine.com\/vi\/wp-json\/wp\/v2\/tags?post=77"},{"taxonomy":"product-type","embeddable":true,"href":"https:\/\/meat-machine.com\/vi\/wp-json\/wp\/v2\/product-type?post=77"}],"curies":[{"name":"wp","href":"https:\/\/api.w.org\/{rel}","templated":true}]}}