{"id":510,"date":"2024-01-23T16:05:49","date_gmt":"2024-01-23T08:05:49","guid":{"rendered":"https:\/\/meat-machine.com\/?post_type=product&#038;p=510"},"modified":"2026-04-08T16:56:00","modified_gmt":"2026-04-08T08:56:00","slug":"day-chuyen-san-xuat-banh-burger","status":"publish","type":"product","link":"https:\/\/meat-machine.com\/vi\/product\/burger-patty-production-line\/","title":{"rendered":"D\u00e2y chuy\u1ec1n s\u1ea3n xu\u1ea5t Burger Patty \u0111\u1ec3 l\u00e0m ch\u1ea3 th\u1ecbt, ch\u1ea3 chay"},"content":{"rendered":"<div class=\"kk-star-ratings kksr-auto kksr-align-left kksr-valign-top\"     data-payload='{&quot;align&quot;:&quot;left&quot;,&quot;id&quot;:&quot;510&quot;,&quot;slug&quot;:&quot;default&quot;,&quot;valign&quot;:&quot;top&quot;,&quot;ignore&quot;:&quot;&quot;,&quot;reference&quot;:&quot;auto&quot;,&quot;class&quot;:&quot;&quot;,&quot;count&quot;:&quot;26&quot;,&quot;legendonly&quot;:&quot;&quot;,&quot;readonly&quot;:&quot;&quot;,&quot;score&quot;:&quot;4.8&quot;,&quot;starsonly&quot;:&quot;&quot;,&quot;best&quot;:&quot;5&quot;,&quot;gap&quot;:&quot;5&quot;,&quot;greet&quot;:&quot;Rate this product&quot;,&quot;legend&quot;:&quot;4.8\\\/5 - (26 b\u00ecnh ch\u1ecdn)&quot;,&quot;size&quot;:&quot;24&quot;,&quot;title&quot;:&quot;Burger Patty Production Line for Making Meat Patties, Vegetarian Patties&quot;,&quot;width&quot;:&quot;136.7&quot;,&quot;_legend&quot;:&quot;{score}\\\/{best} - ({count} {votes})&quot;,&quot;font_factor&quot;:&quot;1.25&quot;}'>              <div class=\"kksr-stars\">      <div class=\"kksr-stars-inactive\">             <div class=\"kksr-star\" data-star=\"1\" style=\"padding-right: 5px\">               <div class=\"kksr-icon\" style=\"width: 24px; height: 24px;\"><\/div>         <\/div>             <div class=\"kksr-star\" data-star=\"2\" style=\"padding-right: 5px\">               <div class=\"kksr-icon\" style=\"width: 24px; height: 24px;\"><\/div>         <\/div>             <div class=\"kksr-star\" data-star=\"3\" style=\"padding-right: 5px\">               <div class=\"kksr-icon\" style=\"width: 24px; height: 24px;\"><\/div>         <\/div>             <div class=\"kksr-star\" data-star=\"4\" style=\"padding-right: 5px\">               <div class=\"kksr-icon\" style=\"width: 24px; height: 24px;\"><\/div>         <\/div>             <div class=\"kksr-star\" data-star=\"5\" style=\"padding-right: 5px\">               <div class=\"kksr-icon\" style=\"width: 24px; height: 24px;\"><\/div>         <\/div>     <\/div>      <div class=\"kksr-stars-active\" style=\"width: 136.7px;\">             <div class=\"kksr-star\" style=\"padding-right: 5px\">               <div class=\"kksr-icon\" style=\"width: 24px; height: 24px;\"><\/div>         <\/div>             <div class=\"kksr-star\" style=\"padding-right: 5px\">               <div class=\"kksr-icon\" style=\"width: 24px; height: 24px;\"><\/div>         <\/div>             <div class=\"kksr-star\" style=\"padding-right: 5px\">               <div class=\"kksr-icon\" style=\"width: 24px; height: 24px;\"><\/div>         <\/div>             <div class=\"kksr-star\" style=\"padding-right: 5px\">               <div class=\"kksr-icon\" style=\"width: 24px; height: 24px;\"><\/div>         <\/div>             <div class=\"kksr-star\" style=\"padding-right: 5px\">               <div class=\"kksr-icon\" style=\"width: 24px; height: 24px;\"><\/div>         <\/div>     <\/div> <\/div>                   <div class=\"kksr-legend\" style=\"font-size: 19.2px;\">             4.8\/5 - (26 b\u00ecnh ch\u1ecdn)    <\/div>     <\/div>  <p class=\"wp-block-paragraph\">D\u00e2y chuy\u1ec1n s\u1ea3n xu\u1ea5t b\u00e1nh burger l\u00e0 m\u1ed9t h\u1ec7 th\u1ed1ng s\u1ea3n xu\u1ea5t t\u1ef1 \u0111\u1ed9ng, hi\u1ec7u qu\u1ea3 cao, \u0111\u01b0\u1ee3c thi\u1ebft k\u1ebf cho s\u1ea3n xu\u1ea5t quy m\u00f4 l\u1edbn c\u00e1c lo\u1ea1i b\u00e1nh l\u00e0m t\u1eeb th\u1ecbt v\u00e0 th\u1ef1c v\u1eadt. <\/p>    <p class=\"wp-block-paragraph\">D\u00e2y chuy\u1ec1n s\u1ea3n xu\u1ea5t n\u00e0y th\u01b0\u1eddng bao g\u1ed3m c\u00e1c quy tr\u00ecnh nh\u01b0 xay th\u1ecbt, t\u1ea1o h\u00ecnh, t\u1ea9m b\u1ed9t (v\u00ed d\u1ee5: t\u1ea9m b\u1ed9t l\u1ecfng, t\u1ea9m v\u1ee5n b\u00e1nh m\u00ec), chi\u00ean, t\u00e1ch d\u1ea7u v\u00e0 \u0111\u00f3ng g\u00f3i, cho ph\u00e9p v\u1eadn h\u00e0nh m\u1ed9t c\u1eeda h\u1ee3p l\u00fd gi\u00fap c\u1ea3i thi\u1ec7n \u0111\u00e1ng k\u1ec3 hi\u1ec7u qu\u1ea3 s\u1ea3n xu\u1ea5t v\u00e0 t\u00ednh nh\u1ea5t qu\u00e1n c\u1ee7a s\u1ea3n ph\u1ea9m. <\/p>    <p class=\"wp-block-paragraph\">Thi\u1ebft b\u1ecb th\u01b0\u1eddng \u0111\u01b0\u1ee3c l\u00e0m b\u1eb1ng th\u00e9p kh\u00f4ng g\u1ec9 c\u1ea5p th\u1ef1c ph\u1ea9m, \u0111\u00e1p \u1ee9ng c\u00e1c ti\u00eau chu\u1ea9n v\u1ec7 sinh v\u00e0 cho ph\u00e9p ki\u1ec3m so\u00e1t ch\u00ednh x\u00e1c k\u00edch th\u01b0\u1edbc, h\u00ecnh d\u1ea1ng v\u00e0 \u0111\u1ed9 d\u00e0y c\u1ee7a ch\u1ea3. N\u00f3 c\u00f3 th\u1ec3 x\u1eed l\u00fd nhi\u1ec1u lo\u1ea1i nguy\u00ean li\u1ec7u th\u00f4 nh\u01b0 th\u1ecbt b\u00f2, th\u1ecbt g\u00e0, c\u00e1, rau v\u00e0 c\u00e1c s\u1ea3n ph\u1ea9m \u0111\u1eadu n\u00e0nh \u0111\u1ec3 ph\u1ee5c v\u1ee5 c\u1ea3 th\u1ecb tr\u01b0\u1eddng th\u1ecbt v\u00e0 ng\u01b0\u1eddi \u0103n chay.<\/p>    <figure class=\"wp-block-embed is-type-video is-provider-youtube wp-block-embed-youtube wp-embed-aspect-16-9 wp-has-aspect-ratio\"><div class=\"wp-block-embed__wrapper\"> <iframe loading=\"lazy\" title=\"M\u00e1y l\u00e0m ch\u1ea3 burger t\u1ef1 \u0111\u1ed9ng cho s\u1ea3n xu\u1ea5t th\u1ee9c \u0103n nhanh #burger #th\u1ecbt #ch\u1ebfbi\u1ebfnth\u1ef1cph\u1ea9m\" width=\"500\" height=\"281\" src=\"https:\/\/www.youtube.com\/embed\/bq-CJ3gIBmE?feature=oembed\" frameborder=\"0\" allow=\"accelerometer; autoplay; clipboard-write; encrypted-media; gyroscope; picture-in-picture; web-share\" referrerpolicy=\"strict-origin-when-cross-origin\" allowfullscreen><\/iframe> <\/div><figcaption class=\"wp-element-caption\">video ho\u1ea1t \u0111\u1ed9ng m\u00e1y l\u00e0m ch\u1ea3 burger<\/figcaption><\/figure>    <h2 class=\"wp-block-heading\">M\u00e1y l\u00e0m b\u00e1nh hamburger<\/h2>    <div class=\"wp-block-media-text is-stacked-on-mobile\"><figure class=\"wp-block-media-text__media\"><img loading=\"lazy\" decoding=\"async\" width=\"720\" height=\"540\" src=\"https:\/\/meat-machine.com\/wp-content\/uploads\/2024\/01\/commercial-meat-chopper-machine.webp\" alt=\"m\u00e1y b\u0103m th\u1ecbt th\u01b0\u01a1ng m\u1ea1i\" class=\"wp-image-520 size-full\" title=\"\" srcset=\"https:\/\/meat-machine.com\/wp-content\/uploads\/2024\/01\/commercial-meat-chopper-machine.webp 720w, https:\/\/meat-machine.com\/wp-content\/uploads\/2024\/01\/commercial-meat-chopper-machine-300x225.webp 300w\" sizes=\"auto, (max-width: 720px) 100vw, 720px\" \/><\/figure><div class=\"wp-block-media-text__content\"> <p class=\"wp-block-paragraph translation-block\"><strong>M\u00e1y l\u00e0m ch\u1ea3 th\u1ecbt th\u01b0\u01a1ng m\u1ea1i<\/strong><\/p>    <p class=\"wp-block-paragraph\">N\u00f3 nhanh ch\u00f3ng xay th\u1ecbt s\u1ed1ng th\u00e0nh d\u1ea1ng b\u0103m nh\u1ecf v\u00e0 tr\u1ed9n v\u1edbi c\u00e1c nguy\u00ean li\u1ec7u c\u00f9ng n\u01b0\u1edbc, \u0111\u1ea3m b\u1ea3o ph\u00e2n ph\u1ed1i \u0111\u1ec1u \u0111\u1ec3 c\u00f3 k\u1ebft c\u1ea5u ch\u1ea3 nh\u1ea5t qu\u00e1n.<\/p> <\/div><\/div>    <div class=\"wp-block-media-text has-media-on-the-right is-stacked-on-mobile\"><div class=\"wp-block-media-text__content\"> <p class=\"wp-block-paragraph translation-block\"><strong>M\u00e1y t\u1ea1o h\u00ecnh ch\u1ea3<\/strong><\/p>    <p class=\"wp-block-paragraph translation-block\"><a href=\"https:\/\/meat-machine.com\/vi\/san-pham\/nha-san-xuat-banh-burger-thuong-mai\/\" data-type=\"link\" data-id=\"https:\/\/meat-machine.com\/product\/commercial-burger-patty-maker\/\">M\u00e1y t\u1ea1o h\u00ecnh ch\u1ea3<\/a> c\u00f3 th\u1ec3 nhanh ch\u00f3ng v\u00e0 hi\u1ec7u qu\u1ea3 t\u1ea1o h\u00ecnh ch\u1ea3 th\u1ecbt xay tr\u1ed9n th\u00e0nh nh\u1eefng mi\u1ebfng ch\u1ea3 \u0111\u1ec1u \u0111\u1eb7n v\u1edbi k\u00edch th\u01b0\u1edbc v\u00e0 h\u00ecnh d\u1ea1ng nh\u1ea5t qu\u00e1n. <\/p>    <p class=\"wp-block-paragraph\">Quy tr\u00ecnh t\u1ef1 \u0111\u1ed9ng h\u00f3a c\u1ee7a n\u00f3 c\u1ea3i thi\u1ec7n t\u1ed1c \u0111\u1ed9 s\u1ea3n xu\u1ea5t v\u00e0 cho ph\u00e9p ki\u1ec3m so\u00e1t ch\u00ednh x\u00e1c k\u00edch th\u01b0\u1edbc, \u0111\u1ed9 d\u00e0y v\u00e0 h\u00ecnh d\u1ea1ng c\u1ee7a ch\u1ea3 \u0111\u1ec3 \u0111\u00e1p \u1ee9ng nhu c\u1ea7u kh\u00e1c nhau c\u1ee7a kh\u00e1ch h\u00e0ng.<\/p> <\/div><figure class=\"wp-block-media-text__media\"><img loading=\"lazy\" decoding=\"async\" width=\"720\" height=\"540\" src=\"https:\/\/meat-machine.com\/wp-content\/uploads\/2022\/09\/automatic-meat-patty-forming-machine.webp\" alt=\"m\u00e1y l\u00e0m b\u00e1nh bao t\u1ef1 \u0111\u1ed9ng\" class=\"wp-image-310 size-full\" title=\"\" srcset=\"https:\/\/meat-machine.com\/wp-content\/uploads\/2022\/09\/automatic-meat-patty-forming-machine.webp 720w, https:\/\/meat-machine.com\/wp-content\/uploads\/2022\/09\/automatic-meat-patty-forming-machine-300x225.webp 300w\" sizes=\"auto, (max-width: 720px) 100vw, 720px\" \/><\/figure><\/div>    <div class=\"wp-block-media-text is-stacked-on-mobile\"><figure class=\"wp-block-media-text__media\"><img loading=\"lazy\" decoding=\"async\" width=\"720\" height=\"540\" src=\"https:\/\/meat-machine.com\/wp-content\/uploads\/2024\/01\/starching-machien-and-crumb-breading-machine.webp\" alt=\"m\u00e1y nghi\u1ec1n b\u1ed9t v\u00e0 m\u00e1y l\u00e0m b\u00e1nh m\u00ec v\u1ee5n\" class=\"wp-image-527 size-full\" title=\"\" srcset=\"https:\/\/meat-machine.com\/wp-content\/uploads\/2024\/01\/starching-machien-and-crumb-breading-machine.webp 720w, https:\/\/meat-machine.com\/wp-content\/uploads\/2024\/01\/starching-machien-and-crumb-breading-machine-300x225.webp 300w\" sizes=\"auto, (max-width: 720px) 100vw, 720px\" \/><\/figure><div class=\"wp-block-media-text__content\"> <p class=\"wp-block-paragraph translation-block\"><strong>M\u00e1y t\u1ea9m b\u1ed9t<\/strong><\/p>    <p class=\"wp-block-paragraph\">M\u00e1y t\u1ea9m b\u1ed9t c\u00f3 th\u1ec3 th\u00eam c\u00e1c h\u01b0\u01a1ng v\u1ecb kh\u00e1c nhau. N\u00f3 ph\u1ee7 \u0111\u1ec1u ch\u1ea3 v\u1edbi ch\u1ea5t l\u1ecfng ho\u1eb7c h\u1ed7n h\u1ee3p t\u1ea9m c\u00f3 h\u01b0\u01a1ng v\u1ecb, t\u0103ng c\u01b0\u1eddng h\u01b0\u01a1ng v\u1ecb. <\/p>    <p class=\"wp-block-paragraph\">\u0110\u01b0\u1ee3c trang b\u1ecb thi\u1ebft b\u1ecb th\u1ed5i gi\u00f3 \u0111\u1ec3 lo\u1ea1i b\u1ecf l\u1edbp ph\u1ee7 th\u1eeba, n\u00f3 cho ph\u00e9p \u0111i\u1ec1u ch\u1ec9nh c\u00f4ng th\u1ee9c v\u00e0 l\u01b0\u1ee3ng ph\u1ee7 \u0111\u1ec3 t\u00f9y ch\u1ec9nh h\u01b0\u01a1ng v\u1ecb cho c\u00e1c th\u1ecb tr\u01b0\u1eddng v\u00e0 s\u1edf th\u00edch ng\u01b0\u1eddi ti\u00eau d\u00f9ng kh\u00e1c nhau.<\/p> <\/div><\/div>    <div class=\"wp-block-media-text has-media-on-the-right is-stacked-on-mobile\"><div class=\"wp-block-media-text__content\"> <p class=\"wp-block-paragraph translation-block\"><strong>M\u00e1y t\u1ea9m v\u1ee5n b\u00e1nh m\u00ec<\/strong><\/p>    <p class=\"wp-block-paragraph\">M\u00e1y t\u1ea9m v\u1ee5n b\u00e1nh m\u00ec ph\u1ee7 v\u1ee5n b\u00e1nh m\u00ec l\u00ean ch\u1ea3 burger, l\u00e0m t\u0103ng v\u1ebb ngo\u00e0i, k\u1ebft c\u1ea5u v\u00e0 h\u01b0\u01a1ng v\u1ecb c\u1ee7a ch\u00fang. <\/p>    <p class=\"wp-block-paragraph\">B\u01b0\u1edbc n\u00e0y r\u1ea5t quan tr\u1ecdng \u0111\u1ec3 l\u00e0m cho s\u1ea3n ph\u1ea9m h\u1ea5p d\u1eabn h\u01a1n tr\u00ean th\u1ecb tr\u01b0\u1eddng th\u1ee9c \u0103n nhanh v\u00e0 nh\u00e0 h\u00e0ng.<\/p> <\/div><figure class=\"wp-block-media-text__media\"><img loading=\"lazy\" decoding=\"async\" width=\"720\" height=\"540\" src=\"https:\/\/meat-machine.com\/wp-content\/uploads\/2024\/01\/Crumb-breading-machine.webp\" alt=\"M\u00e1y l\u00e0m b\u00e1nh m\u00ec v\u1ee5n\" class=\"wp-image-857 size-full\" title=\"\" srcset=\"https:\/\/meat-machine.com\/wp-content\/uploads\/2024\/01\/Crumb-breading-machine.webp 720w, https:\/\/meat-machine.com\/wp-content\/uploads\/2024\/01\/Crumb-breading-machine-300x225.webp 300w, https:\/\/meat-machine.com\/wp-content\/uploads\/2024\/01\/Crumb-breading-machine-16x12.webp 16w\" sizes=\"auto, (max-width: 720px) 100vw, 720px\" \/><\/figure><\/div>    <div class=\"wp-block-media-text is-stacked-on-mobile\"><figure class=\"wp-block-media-text__media\"><img loading=\"lazy\" decoding=\"async\" width=\"720\" height=\"540\" src=\"https:\/\/meat-machine.com\/wp-content\/uploads\/2024\/01\/frying-machine.webp\" alt=\"m\u00e1y chi\u00ean\" class=\"wp-image-523 size-full\" title=\"\" srcset=\"https:\/\/meat-machine.com\/wp-content\/uploads\/2024\/01\/frying-machine.webp 720w, https:\/\/meat-machine.com\/wp-content\/uploads\/2024\/01\/frying-machine-300x225.webp 300w\" sizes=\"auto, (max-width: 720px) 100vw, 720px\" \/><\/figure><div class=\"wp-block-media-text__content\"> <p class=\"wp-block-paragraph translation-block\"><strong>M\u00e1y chi\u00ean<\/strong><\/p>    <p class=\"wp-block-paragraph\">M\u00e1y chi\u00ean n\u1ea5u ch\u1ea3 th\u1ecbt \u0111\u1ebfn \u0111\u1ed9 ch\u00edn mong mu\u1ed1n, t\u1ea1o l\u1edbp v\u1ecf ngo\u00e0i gi\u00f2n tan trong khi gi\u1eef cho b\u00ean trong \u1ea9m v\u00e0 m\u1ecdng n\u01b0\u1edbc. <\/p> <\/div><\/div>    <div class=\"wp-block-media-text has-media-on-the-right is-stacked-on-mobile\"><div class=\"wp-block-media-text__content\"> <p class=\"wp-block-paragraph translation-block\"><strong>M\u00e1y t\u00e1ch d\u1ea7u rung<\/strong><\/p>    <p class=\"wp-block-paragraph\">M\u00e1y t\u00e1ch d\u1ea7u rung lo\u1ea1i b\u1ecf m\u1ee1 th\u1eeba tr\u00ean b\u1ec1 m\u1eb7t ch\u1ea3 \u0111\u00e3 chi\u00ean b\u1eb1ng c\u00e1ch rung. <\/p>    <p class=\"wp-block-paragraph\">B\u1eb1ng c\u00e1ch lo\u1ea1i b\u1ecf m\u1ee1 th\u1eeba, n\u00f3 \u0111\u1ea3m b\u1ea3o r\u1eb1ng s\u1ea3n ph\u1ea9m cu\u1ed1i c\u00f9ng kh\u00f4ng b\u1ecb qu\u00e1 nhi\u1ec1u d\u1ea7u do m\u1ee1 th\u1eeba.<\/p> <\/div><figure class=\"wp-block-media-text__media\"><img loading=\"lazy\" decoding=\"async\" width=\"720\" height=\"540\" src=\"https:\/\/meat-machine.com\/wp-content\/uploads\/2024\/01\/vibratory-degreasing-machine.webp\" alt=\"m\u00e1y t\u1ea9y nh\u1eddn rung\" class=\"wp-image-529 size-full\" title=\"\" srcset=\"https:\/\/meat-machine.com\/wp-content\/uploads\/2024\/01\/vibratory-degreasing-machine.webp 720w, https:\/\/meat-machine.com\/wp-content\/uploads\/2024\/01\/vibratory-degreasing-machine-300x225.webp 300w\" sizes=\"auto, (max-width: 720px) 100vw, 720px\" \/><\/figure><\/div>    <div class=\"wp-block-media-text is-stacked-on-mobile\"><figure class=\"wp-block-media-text__media\"><img loading=\"lazy\" decoding=\"async\" width=\"720\" height=\"540\" src=\"https:\/\/meat-machine.com\/wp-content\/uploads\/2024\/01\/vacuum-meat-packaging-machine.webp\" alt=\"m\u00e1y \u0111\u00f3ng g\u00f3i th\u1ecbt ch\u00e2n kh\u00f4ng\" class=\"wp-image-528 size-full\" title=\"\" srcset=\"https:\/\/meat-machine.com\/wp-content\/uploads\/2024\/01\/vacuum-meat-packaging-machine.webp 720w, https:\/\/meat-machine.com\/wp-content\/uploads\/2024\/01\/vacuum-meat-packaging-machine-300x225.webp 300w\" sizes=\"auto, (max-width: 720px) 100vw, 720px\" \/><\/figure><div class=\"wp-block-media-text__content\"> <p class=\"wp-block-paragraph translation-block\"><strong>M\u00e1y \u0111\u00f3ng g\u00f3i ch\u00e2n kh\u00f4ng th\u1ecbt<\/strong><\/p>    <p class=\"wp-block-paragraph translation-block\"><a href=\"https:\/\/meat-machine.com\/vi\/san-pham\/may-dong-goi-chan-khong-thit\/\">M\u00e1y \u0111\u00f3ng g\u00f3i ch\u00e2n kh\u00f4ng<\/a> l\u00e0 b\u01b0\u1edbc cu\u1ed1i c\u00f9ng trong d\u00e2y chuy\u1ec1n s\u1ea3n xu\u1ea5t ch\u1ea3 burger. N\u00f3 k\u00e9o d\u00e0i th\u1eddi h\u1ea1n s\u1eed d\u1ee5ng b\u1eb1ng c\u00e1ch lo\u1ea1i b\u1ecf kh\u00f4ng kh\u00ed kh\u1ecfi bao b\u00ec. <\/p>    <p class=\"wp-block-paragraph\">Taizy Meat Machinery cung c\u1ea5p c\u1ea3 m\u00e1y \u0111\u00f3ng g\u00f3i ch\u00e2n kh\u00f4ng m\u1ed9t bu\u1ed3ng v\u00e0 hai bu\u1ed3ng.<\/p> <\/div><\/div>    <h2 class=\"wp-block-heading\">L\u1ee3i \u00edch c\u1ee7a d\u00e2y chuy\u1ec1n s\u1ea3n xu\u1ea5t ch\u1ea3 th\u1ecbt<\/h2>    <div class=\"wp-block-media-text has-media-on-the-right is-stacked-on-mobile\"><div class=\"wp-block-media-text__content\"> <ol class=\"wp-block-list\"> <li>D\u00e2y chuy\u1ec1n s\u1ea3n xu\u1ea5t cung c\u1ea5p m\u1ee9c \u0111\u1ed9 t\u1ef1 \u0111\u1ed9ng h\u00f3a cao cho ho\u1ea1t \u0111\u1ed9ng hi\u1ec7u qu\u1ea3 v\u00e0 nh\u1ea5t qu\u00e1n.<\/li>    <li>M\u00e1y m\u00f3c v\u00e0 khu\u00f4n c\u00f3 th\u1ec3 \u0111\u01b0\u1ee3c t\u00f9y ch\u1ec9nh \u0111\u1ec3 ph\u00f9 h\u1ee3p v\u1edbi nhu c\u1ea7u c\u1ee5 th\u1ec3 c\u1ee7a kh\u00e1ch h\u00e0ng.<\/li>    <li>T\u1ea5t c\u1ea3 thi\u1ebft b\u1ecb \u0111\u1ec1u \u0111\u01b0\u1ee3c l\u00e0m t\u1eeb th\u00e9p kh\u00f4ng g\u1ec9 c\u1ea5p th\u1ef1c ph\u1ea9m \u0111\u1ec3 \u0111\u1ea3m b\u1ea3o an to\u00e0n v\u00e0 v\u1ec7 sinh.<\/li>    <li>D\u00e2y chuy\u1ec1n bao g\u1ed3m nhi\u1ec1u m\u00f4-\u0111un ch\u1ee9c n\u0103ng, cho ph\u00e9p s\u1ea3n xu\u1ea5t ch\u1ea3 \u0111a n\u0103ng v\u00e0 to\u00e0n di\u1ec7n.<\/li>    <li>Thi\u1ebft k\u1ebf \u0111\u01a1n gi\u1ea3n c\u1ee7a thi\u1ebft b\u1ecb cho ph\u00e9p d\u1ec5 d\u00e0ng v\u1ec7 sinh v\u00e0 b\u1ea3o tr\u00ec.<\/li> <\/ol> <\/div><figure class=\"wp-block-media-text__media\"><img loading=\"lazy\" decoding=\"async\" width=\"720\" height=\"540\" src=\"https:\/\/meat-machine.com\/wp-content\/uploads\/2024\/01\/burger-patty-production-line.webp\" alt=\"d\u00e2y chuy\u1ec1n s\u1ea3n xu\u1ea5t b\u00e1nh burger\" class=\"wp-image-519 size-full\" title=\"\" srcset=\"https:\/\/meat-machine.com\/wp-content\/uploads\/2024\/01\/burger-patty-production-line.webp 720w, https:\/\/meat-machine.com\/wp-content\/uploads\/2024\/01\/burger-patty-production-line-300x225.webp 300w\" sizes=\"auto, (max-width: 720px) 100vw, 720px\" \/><\/figure><\/div>    <h2 class=\"wp-block-heading\">\u1ee8ng d\u1ee5ng d\u00e2y chuy\u1ec1n s\u1ea3n xu\u1ea5t b\u00e1nh burger<\/h2>    <p class=\"wp-block-paragraph\">D\u00e2y chuy\u1ec1n s\u1ea3n xu\u1ea5t b\u00e1nh m\u00ec k\u1eb9p th\u1ecbt c\u00f3 th\u1ec3 t\u1ea1o ra c\u00e1c s\u1ea3n ph\u1ea9m c\u00f3 h\u00ecnh d\u1ea1ng kh\u00e1c nhau b\u1eb1ng c\u00e1ch thay \u0111\u1ed5i c\u00e1c khu\u00f4n kh\u00e1c nhau. B\u1ea1n c\u00f3 th\u1ec3 s\u1eed d\u1ee5ng nh\u1eefng chi\u1ebfc m\u00e1y l\u00e0m ch\u1ea3 burger n\u00e0y \u0111\u1ec3 s\u1ea3n xu\u1ea5t ch\u1ea3 burger, ch\u1ea3 g\u00e0, ch\u1ea3 c\u00e1, ch\u1ea3 chay, ch\u1ea3 khoai t\u00e2y, ch\u1ea3 rau, ch\u1ea3 b\u00ed ng\u00f4, ch\u1ea3 m\u1ef1c, c\u1ed1t l\u1ebft, v.v. v\u1edbi nhi\u1ec1u h\u00ecnh d\u1ea1ng kh\u00e1c nhau.<\/p>    <div class=\"wp-block-media-text is-stacked-on-mobile\"><figure class=\"wp-block-media-text__media\"><img loading=\"lazy\" decoding=\"async\" width=\"720\" height=\"540\" src=\"https:\/\/meat-machine.com\/wp-content\/uploads\/2024\/01\/finished-products.webp\" alt=\"th\u00e0nh ph\u1ea9m\" class=\"wp-image-521 size-full\" title=\"\" srcset=\"https:\/\/meat-machine.com\/wp-content\/uploads\/2024\/01\/finished-products.webp 720w, https:\/\/meat-machine.com\/wp-content\/uploads\/2024\/01\/finished-products-300x225.webp 300w\" sizes=\"auto, (max-width: 720px) 100vw, 720px\" \/><\/figure><div class=\"wp-block-media-text__content\"> <ul class=\"wp-block-list\"> <li>Th\u1ecbt: th\u1ecbt g\u00e0, <a href=\"https:\/\/en.wikipedia.org\/wiki\/Beef\" target=\"_blank\" rel=\"noopener\">th\u1ecbt b\u00f2<\/a>, th\u1ecbt c\u1eebu, th\u1ecbt l\u1ee3n, v.v.<\/li>    <li>Th\u1ee7y s\u1ea3n: c\u00e1, t\u00f4m, m\u1ef1c, c\u00e1 h\u1ed3i, c\u00e1 thu ng\u1ef1a,..<\/li>    <li>Rau: khoai t\u00e2y, khoai lang, b\u00ed ng\u00f4, c\u00e0 r\u1ed1t, \u0111\u1eadu xanh, \u0111\u1eadu \u0111\u1ecf, \u0111\u1eadu r\u1ed9ng, \u0111\u1eadu n\u00e0nh, h\u1ea1t \u0111i\u1ec1u, v.v.<\/li>    <li>Ngo\u00e0i ra, d\u00e2y chuy\u1ec1n s\u1ea3n xu\u1ea5t ch\u1ea3 th\u1ecbt c\u1ee7a ch\u00fang t\u00f4i c\u00f2n c\u00f3 th\u1ec3 s\u1ea3n xu\u1ea5t c\u00e1c lo\u1ea1i ch\u1ea3 th\u1ecbt kh\u00e1c.<\/li> <\/ul> <\/div><\/div>    <h2 class=\"wp-block-heading\">Th\u00f4ng s\u1ed1 thi\u1ebft b\u1ecb l\u00e0m burger<\/h2>    <figure class=\"wp-block-table\"><table><tbody><tr><td>T\u00ean m\u00e1y<\/td><td>Dung t\u00edch<\/td><td>Quy\u1ec1n l\u1ef1c<\/td><td>\u0110i\u1ec7n \u00e1p<\/td><td>V\u1eadt li\u1ec7u<\/td><\/tr><tr><td>M\u00e1y xay th\u1ecbt<\/td><td>20kg\/m\u1ebb<\/td><td>5,5kw<\/td><td>380V 50hz<\/td><td>304 gi\u00e2y<\/td><\/tr><tr><td>M\u00e1y l\u00e0m b\u00e1nh burger th\u01b0\u01a1ng m\u1ea1i<\/td><td>2100 chi\u1ebfc \/ gi\u1edd<\/td><td>0,55kw<\/td><td>220v,50hz<\/td><td>304 gi\u00e2y<\/td><\/tr><tr><td>M\u00e1y tinh b\u1ed9t<\/td><td>\/<\/td><td>0,62kw<\/td><td>380V,50hz<\/td><td>304 gi\u00e2y<\/td><\/tr><tr><td>M\u00e1y chi\u00ean b\u00e1nh patty<\/td><td>\/<\/td><td>36kw<\/td><td>480v 60hz<\/td><td>304 gi\u00e2y<\/td><\/tr><tr><td>B\u1ed9 l\u1ecdc d\u1ea7u rung<\/td><td>\/<\/td><td>\/<\/td><td>480v 60hz<\/td><td>304 gi\u00e2y<\/td><\/tr><tr><td>M\u00e1y \u0111\u00f3ng g\u00f3i ch\u00e2n kh\u00f4ng th\u1ecbt<\/td><td>\/<\/td><td>2,25kw<\/td><td>380V,50hz<\/td><td>304 gi\u00e2y<\/td><\/tr><\/tbody><\/table><figcaption class=\"wp-element-caption\">Th\u00f4ng s\u1ed1 d\u00e2y chuy\u1ec1n s\u1ea3n xu\u1ea5t ch\u1ea3 burger<\/figcaption><\/figure>    <p class=\"wp-block-paragraph\">M\u1ed7i thi\u1ebft b\u1ecb l\u00e0m b\u00e1nh m\u00ec k\u1eb9p th\u1ecbt \u0111\u1ec1u c\u00f3 c\u00e1c th\u00f4ng s\u1ed1 c\u1ee5 th\u1ec3 t\u01b0\u01a1ng \u1ee9ng. Theo b\u1ea3ng tr\u00ean, b\u1ea1n c\u00f3 th\u1ec3 bi\u1ebft \u0111\u01b0\u1ee3c m\u1ed9t s\u1ed1 th\u00f4ng tin v\u1ec1 d\u00e2y chuy\u1ec1n s\u1ea3n xu\u1ea5t b\u00e1nh m\u00ec k\u1eb9p th\u1ecbt n\u00e0y. N\u1ebfu b\u1ea1n mu\u1ed1n bi\u1ebft th\u00eam v\u1ec1 d\u00e2y chuy\u1ec1n s\u1ea3n xu\u1ea5t ch\u1ea3 th\u1ecbt, vui l\u00f2ng li\u00ean h\u1ec7 v\u1edbi ch\u00fang t\u00f4i qua c\u1eeda s\u1ed5 b\u1eadt l\u00ean \u1edf g\u00f3c d\u01b0\u1edbi b\u00ean ph\u1ea3i.<\/p>   <div class=\"wp-block-image\"> <figure class=\"aligncenter size-full\"><img loading=\"lazy\" decoding=\"async\" width=\"720\" height=\"540\" src=\"https:\/\/meat-machine.com\/wp-content\/uploads\/2022\/09\/the-machine-can-make-meat-patties-of-different-shapes.webp\" alt=\"m\u00e1y l\u00e0m b\u00e1nh hamburger\" class=\"wp-image-143\" title=\"\" srcset=\"https:\/\/meat-machine.com\/wp-content\/uploads\/2022\/09\/the-machine-can-make-meat-patties-of-different-shapes.webp 720w, https:\/\/meat-machine.com\/wp-content\/uploads\/2022\/09\/the-machine-can-make-meat-patties-of-different-shapes-300x225.webp 300w\" sizes=\"auto, (max-width: 720px) 100vw, 720px\" \/><figcaption class=\"wp-element-caption\">m\u00e1y l\u00e0m b\u00e1nh hamburger<\/figcaption><\/figure> <\/div>   <h2 class=\"wp-block-heading\">Gi\u00e1 c\u1ee7a d\u00e2y chuy\u1ec1n s\u1ea3n xu\u1ea5t b\u00e1nh burger patty l\u00e0 bao nhi\u00eau?<\/h2>    <p class=\"wp-block-paragraph\">Gi\u00e1 c\u1ee7a d\u00e2y chuy\u1ec1n s\u1ea3n xu\u1ea5t ch\u1ea3 burger ph\u1ee5 thu\u1ed9c v\u00e0o c\u00e1c y\u1ebfu t\u1ed1 nh\u01b0 k\u00edch th\u01b0\u1edbc, c\u1ea5u h\u00ecnh, c\u00f4ng ngh\u1ec7, v\u1eadt li\u1ec7u, kho\u1ea3ng c\u00e1ch v\u00e0 thu\u1ebf. Do c\u00e1c bi\u1ebfn s\u1ed1 n\u00e0y, ch\u00fang t\u00f4i kh\u00f4ng th\u1ec3 cung c\u1ea5p m\u1ed9t m\u1ee9c gi\u00e1 c\u1ee5 th\u1ec3 \u1edf \u0111\u00e2y. <\/p>    <p class=\"wp-block-paragraph\">\u0110\u1ec3 c\u00f3 b\u00e1o gi\u00e1 chi ti\u1ebft v\u00e0 k\u1ebf ho\u1ea1ch t\u00f9y ch\u1ec9nh, vui l\u00f2ng li\u00ean h\u1ec7 v\u1edbi ch\u00fang t\u00f4i b\u1eb1ng th\u00f4ng tin \u1edf g\u00f3c d\u01b0\u1edbi b\u00ean ph\u1ea3i. Ch\u00fang t\u00f4i s\u1ebd \u0111i\u1ec1u ch\u1ec9nh \u01b0u \u0111\u00e3i cho ph\u00f9 h\u1ee3p v\u1edbi nhu c\u1ea7u v\u00e0 quy m\u00f4 s\u1ea3n xu\u1ea5t c\u1ee7a b\u1ea1n.<\/p>   <div class=\"wp-block-image\"> <figure class=\"aligncenter size-full\"><img loading=\"lazy\" decoding=\"async\" width=\"720\" height=\"540\" src=\"https:\/\/meat-machine.com\/wp-content\/uploads\/2024\/01\/hamburger-patty.webp\" alt=\"b\u00e1nh hamburger\" class=\"wp-image-530\" title=\"\" srcset=\"https:\/\/meat-machine.com\/wp-content\/uploads\/2024\/01\/hamburger-patty.webp 720w, https:\/\/meat-machine.com\/wp-content\/uploads\/2024\/01\/hamburger-patty-300x225.webp 300w\" sizes=\"auto, (max-width: 720px) 100vw, 720px\" \/><figcaption class=\"wp-element-caption\">b\u00e1nh hamburger<\/figcaption><\/figure> <\/div>   <h2 class=\"wp-block-heading\">Ph\u1ea7n k\u1ebft lu\u1eadn<\/h2>    <p class=\"wp-block-paragraph\">D\u00e2y chuy\u1ec1n s\u1ea3n xu\u1ea5t ch\u1ea3 burger t\u00edch h\u1ee3p c\u00e1c m\u00e1y m\u00f3c ti\u00ean ti\u1ebfn\u2014t\u1eeb m\u00e1y c\u1eaft th\u1ecbt, t\u1ea1o h\u00ecnh ch\u1ea3 \u0111\u1ebfn m\u00e1y t\u1ea9m b\u1ed9t, t\u1ea9m v\u1ee5n b\u00e1nh m\u00ec, chi\u00ean v\u00e0 \u0111\u00f3ng g\u00f3i ch\u00e2n kh\u00f4ng\u2014\u0111\u1ea3m b\u1ea3o s\u1ea3n xu\u1ea5t hi\u1ec7u qu\u1ea3, nh\u1ea5t qu\u00e1n v\u00e0 ch\u1ea5t l\u01b0\u1ee3ng cao. <\/p>    <p class=\"wp-block-paragraph\">V\u1edbi c\u00e1c c\u00e0i \u0111\u1eb7t c\u00f3 th\u1ec3 t\u00f9y ch\u1ec9nh v\u00e0 quy tr\u00ecnh t\u1ef1 \u0111\u1ed9ng h\u00f3a, d\u00e2y chuy\u1ec1n s\u1ea3n xu\u1ea5t n\u00e0y \u0111\u00e1p \u1ee9ng nhu c\u1ea7u \u0111a d\u1ea1ng c\u1ee7a th\u1ecb tr\u01b0\u1eddng, gi\u00fap c\u00e1c nh\u00e0 s\u1ea3n xu\u1ea5t cung c\u1ea5p c\u00e1c lo\u1ea1i ch\u1ea3 burger th\u01a1m ngon v\u00e0 h\u1ea5p d\u1eabn v\u1ec1 m\u1eb7t th\u1ecb gi\u00e1c, \u0111\u00e1p \u1ee9ng ng\u01b0\u1eddi ti\u00eau d\u00f9ng v\u00e0 th\u00fac \u0111\u1ea9y th\u00e0nh c\u00f4ng kinh doanh.<\/p>","protected":false},"excerpt":{"rendered":"<p>D\u00e2y chuy\u1ec1n s\u1ea3n xu\u1ea5t b\u00e1nh burger l\u00e0 m\u1ed9t h\u1ec7 th\u1ed1ng s\u1ea3n xu\u1ea5t t\u1ef1 \u0111\u1ed9ng, hi\u1ec7u qu\u1ea3 cao, \u0111\u01b0\u1ee3c thi\u1ebft k\u1ebf cho s\u1ea3n xu\u1ea5t quy m\u00f4 l\u1edbn c\u00e1c lo\u1ea1i b\u00e1nh l\u00e0m t\u1eeb th\u1ecbt v\u00e0 th\u1ef1c v\u1eadt. <\/p>","protected":false},"author":1,"featured_media":519,"parent":0,"template":"","tags":[54],"product-type":[74],"class_list":["post-510","product","type-product","status-publish","has-post-thumbnail","hentry","tag-burger-patty-production-line","product-type-production-line"],"_links":{"self":[{"href":"https:\/\/meat-machine.com\/vi\/wp-json\/wp\/v2\/product\/510","targetHints":{"allow":["GET"]}}],"collection":[{"href":"https:\/\/meat-machine.com\/vi\/wp-json\/wp\/v2\/product"}],"about":[{"href":"https:\/\/meat-machine.com\/vi\/wp-json\/wp\/v2\/types\/product"}],"author":[{"embeddable":true,"href":"https:\/\/meat-machine.com\/vi\/wp-json\/wp\/v2\/users\/1"}],"wp:featuredmedia":[{"embeddable":true,"href":"https:\/\/meat-machine.com\/vi\/wp-json\/wp\/v2\/media\/519"}],"wp:attachment":[{"href":"https:\/\/meat-machine.com\/vi\/wp-json\/wp\/v2\/media?parent=510"}],"wp:term":[{"taxonomy":"post_tag","embeddable":true,"href":"https:\/\/meat-machine.com\/vi\/wp-json\/wp\/v2\/tags?post=510"},{"taxonomy":"product-type","embeddable":true,"href":"https:\/\/meat-machine.com\/vi\/wp-json\/wp\/v2\/product-type?post=510"}],"curies":[{"name":"wp","href":"https:\/\/api.w.org\/{rel}","templated":true}]}}