{"id":48,"date":"2022-09-07T05:54:14","date_gmt":"2022-09-07T05:54:14","guid":{"rendered":"https:\/\/meat-machine.com\/?post_type=product&#038;p=48"},"modified":"2026-01-07T15:46:38","modified_gmt":"2026-01-07T07:46:38","slug":"may-cat-thit-dong-lanh-thuong-mai","status":"publish","type":"product","link":"https:\/\/meat-machine.com\/vi\/product\/commercial-frozen-meat-slicer\/","title":{"rendered":"M\u00e1y c\u1eaft th\u1ecbt \u0111\u00f4ng l\u1ea1nh th\u01b0\u01a1ng m\u1ea1i"},"content":{"rendered":"<div class=\"kk-star-ratings kksr-auto kksr-align-left kksr-valign-top\"     data-payload='{&quot;align&quot;:&quot;left&quot;,&quot;id&quot;:&quot;48&quot;,&quot;slug&quot;:&quot;default&quot;,&quot;valign&quot;:&quot;top&quot;,&quot;ignore&quot;:&quot;&quot;,&quot;reference&quot;:&quot;auto&quot;,&quot;class&quot;:&quot;&quot;,&quot;count&quot;:&quot;7&quot;,&quot;legendonly&quot;:&quot;&quot;,&quot;readonly&quot;:&quot;&quot;,&quot;score&quot;:&quot;4.8&quot;,&quot;starsonly&quot;:&quot;&quot;,&quot;best&quot;:&quot;5&quot;,&quot;gap&quot;:&quot;5&quot;,&quot;greet&quot;:&quot;Rate this product&quot;,&quot;legend&quot;:&quot;4.8\\\/5 - (7 b\u00ecnh ch\u1ecdn)&quot;,&quot;size&quot;:&quot;24&quot;,&quot;title&quot;:&quot;Commercial frozen meat slicer&quot;,&quot;width&quot;:&quot;136.7&quot;,&quot;_legend&quot;:&quot;{score}\\\/{best} - ({count} {votes})&quot;,&quot;font_factor&quot;:&quot;1.25&quot;}'>              <div class=\"kksr-stars\">      <div class=\"kksr-stars-inactive\">             <div class=\"kksr-star\" data-star=\"1\" style=\"padding-right: 5px\">               <div class=\"kksr-icon\" style=\"width: 24px; height: 24px;\"><\/div>         <\/div>             <div class=\"kksr-star\" data-star=\"2\" style=\"padding-right: 5px\">               <div class=\"kksr-icon\" style=\"width: 24px; height: 24px;\"><\/div>         <\/div>             <div class=\"kksr-star\" data-star=\"3\" style=\"padding-right: 5px\">               <div class=\"kksr-icon\" style=\"width: 24px; height: 24px;\"><\/div>         <\/div>             <div class=\"kksr-star\" data-star=\"4\" style=\"padding-right: 5px\">               <div class=\"kksr-icon\" style=\"width: 24px; height: 24px;\"><\/div>         <\/div>             <div class=\"kksr-star\" data-star=\"5\" style=\"padding-right: 5px\">               <div class=\"kksr-icon\" style=\"width: 24px; height: 24px;\"><\/div>         <\/div>     <\/div>      <div class=\"kksr-stars-active\" style=\"width: 136.7px;\">             <div class=\"kksr-star\" style=\"padding-right: 5px\">               <div class=\"kksr-icon\" style=\"width: 24px; height: 24px;\"><\/div>         <\/div>             <div class=\"kksr-star\" style=\"padding-right: 5px\">               <div class=\"kksr-icon\" style=\"width: 24px; height: 24px;\"><\/div>         <\/div>             <div class=\"kksr-star\" style=\"padding-right: 5px\">               <div class=\"kksr-icon\" style=\"width: 24px; height: 24px;\"><\/div>         <\/div>             <div class=\"kksr-star\" style=\"padding-right: 5px\">               <div class=\"kksr-icon\" style=\"width: 24px; height: 24px;\"><\/div>         <\/div>             <div class=\"kksr-star\" style=\"padding-right: 5px\">               <div class=\"kksr-icon\" style=\"width: 24px; height: 24px;\"><\/div>         <\/div>     <\/div> <\/div>                   <div class=\"kksr-legend\" style=\"font-size: 19.2px;\">             4.8\/5 - (7 l\u01b0\u1ee3t b\u00ecnh ch\u1ecdn)    <\/div>     <\/div>  <p class=\"wp-block-paragraph\">M\u00e1y c\u1eaft th\u1ecbt \u0111\u00f4ng l\u1ea1nh th\u01b0\u01a1ng m\u1ea1i c\u00f3 th\u1ec3 c\u1eaft th\u1ecbt c\u1eebu \u0111\u00f4ng l\u1ea1nh, th\u1ecbt b\u00f2, th\u1ecbt l\u1ee3n v\u00e0 c\u00e1c lo\u1ea1i th\u1ecbt kh\u00f4ng x\u01b0\u01a1ng kh\u00e1c th\u00e0nh c\u00e1c l\u00e1t ho\u1eb7c cu\u1ed9n \u0111\u1ed3ng \u0111\u1ec1u m\u00e0 kh\u00f4ng c\u1ea7n tan b\u0103ng. V\u1edbi c\u00e1c m\u00f4 h\u00ecnh c\u00f3 s\u1eb5n \u0111\u1ec3 s\u1ea3n xu\u1ea5t m\u1ed9t, hai, b\u1ed1n ho\u1eb7c t\u00e1m cu\u1ed9n c\u00f9ng m\u1ed9t l\u00fac, thi\u1ebft b\u1ecb \u0111a n\u0103ng n\u00e0y \u0111\u00e1p \u1ee9ng nhu c\u1ea7u ch\u1ebf bi\u1ebfn \u0111a d\u1ea1ng c\u1ee7a c\u00e1c nh\u00e0 h\u00e0ng, chu\u1ed7i n\u1ed3i n\u00f3ng, si\u00eau th\u1ecb v\u00e0 nh\u00e0 m\u00e1y ch\u1ebf bi\u1ebfn th\u1ef1c ph\u1ea9m. <\/p>    <p class=\"wp-block-paragraph\">\u0110\u01b0\u1ee3c trang b\u1ecb m\u1ed9t h\u1ec7 th\u1ed1ng ki\u1ec3m so\u00e1t PLC th\u00f4ng minh, n\u00f3 cung c\u1ea5p ho\u1ea1t \u0111\u1ed9ng \u0111\u01a1n gi\u1ea3n, t\u1ef1 \u0111\u1ed9ng h\u00f3a cao v\u00e0 hi\u1ec7u su\u1ea5t ti\u1ebft ki\u1ec7m lao \u0111\u1ed9ng. M\u00e1y c\u1eaft cung c\u1ea5p \u0111\u1ed9 d\u00e0y c\u1eaft ph\u00f9 h\u1ee3p, hi\u1ec7u su\u1ea5t \u1ed5n \u0111\u1ecbnh v\u00e0 \u0111\u1ed9 b\u1ec1n tuy\u1ec7t v\u1eddi. <\/p>    <p class=\"wp-block-paragraph\">C\u00f3 kh\u1ea3 n\u0103ng x\u1eed l\u00fd th\u1ecbt \u1edf -8 \u00b0 C \u0111\u1ebfn 1 \u00b0 C, n\u00f3 \u0111\u1ea3m b\u1ea3o c\u00e1c cu\u1ed9n ho\u1eb7c l\u00e1t c\u1eaft ho\u00e0n to\u00e0n v\u00e0 g\u1ecdn g\u00e0ng. M\u00e1y t\u1ef1 h\u00e0o c\u00f3 dung l\u01b0\u1ee3ng x\u1eed l\u00fd r\u1ed9ng t\u1eeb 25 \u0111\u1ebfn 500 kg\/h, l\u00e0m cho n\u00f3 tr\u1edf n\u00ean l\u00fd t\u01b0\u1edfng cho c\u1ea3 ho\u1ea1t \u0111\u1ed9ng quy m\u00f4 nh\u1ecf v\u00e0 quy m\u00f4 l\u1edbn.<\/p>    <figure class=\"wp-block-embed is-type-video is-provider-youtube wp-block-embed-youtube wp-embed-aspect-16-9 wp-has-aspect-ratio\"><div class=\"wp-block-embed__wrapper\"> <iframe loading=\"lazy\" title=\"T\u1eeb kh\u1ed1i n\u00e0y sang kh\u1ed1i kh\u00e1c - c\u00e1ch th\u1ee9c ho\u1ea1t \u0111\u1ed9ng c\u1ee7a m\u00e1y c\u1eaft th\u1ecbt \u0111\u00f4ng l\u1ea1nh c\u1ee7a ch\u00fang t\u00f4i #MEAT\" width=\"422\" height=\"750\" src=\"https:\/\/www.youtube.com\/embed\/hPnMCka8QnM?feature=oembed\" frameborder=\"0\" allow=\"accelerometer; autoplay; clipboard-write; encrypted-media; gyroscope; picture-in-picture; web-share\" referrerpolicy=\"strict-origin-when-cross-origin\" allowfullscreen><\/iframe> <\/div><figcaption class=\"wp-element-caption\">Video l\u00e0m vi\u1ec7c c\u1ee7a m\u00e1y c\u1eaft th\u1ecbt \u0111\u00f4ng l\u1ea1nh th\u01b0\u01a1ng m\u1ea1i<\/figcaption><\/figure>    <h2 class=\"wp-block-heading\" id=\"h-what-are-the-models-of-taizy-commercial-frozen-meat-slicer\">C\u00e1c m\u1eabu m\u00e1y th\u00e1i th\u1ecbt \u0111\u00f4ng l\u1ea1nh th\u01b0\u01a1ng m\u1ea1i c\u1ee7a Taizy l\u00e0 g\u00ec?<\/h2>    <p class=\"wp-block-paragraph\">Trong tr\u1ea1m ch\u1ebf bi\u1ebfn th\u1ecbt Taizy, ch\u00fang t\u00f4i c\u00f3 b\u1ed1n lo\u1ea1i m\u00e1y c\u1eaft th\u1ecbt \u0111\u00f4ng l\u1ea1nh th\u01b0\u01a1ng m\u1ea1i kh\u00e1c nhau \u0111\u1ec3 b\u00e1n. B\u1ed1n m\u00e1y c\u00f3 \u0111\u1ea7u ra, k\u00edch th\u01b0\u1edbc v\u00e0 tr\u1ecdng l\u01b0\u1ee3ng kh\u00e1c nhau. \u0110\u1ea7u ra c\u1ee7a m\u1ed9t m\u00e1y c\u1eaft m\u1ed9t cu\u1ed9n \u0111\u01b0\u1ee3c \u0111i\u1ec1u khi\u1ec3n \u0111i\u1ec7n t\u1eed l\u00e0 25-50 kg \/ h.<\/p>    <p class=\"wp-block-paragraph\">N\u1ebfu b\u1ea1n c\u00f3 m\u1ed9t nh\u00e0 h\u00e0ng nh\u1ecf ho\u1eb7c nhu c\u1ea7u s\u1ea3n xu\u1ea5t kh\u00f4ng qu\u00e1 l\u1edbn, b\u1ea1n c\u00f3 th\u1ec3 ch\u1ecdn m\u00e1y n\u00e0y. N\u1ebfu b\u1ea1n c\u00f3 nhu c\u1ea7u l\u1edbn v\u1ec1 \u0111\u1ea7u ra c\u1ee7a m\u00e1y, ch\u00fang t\u00f4i khuy\u00ean b\u1ea1n n\u00ean ch\u1ecdn ba m\u00e1y kh\u00e1c.<\/p>    <p class=\"wp-block-paragraph translation-block\">S\u1ea3n l\u01b0\u1ee3ng c\u1ee7a ch\u00fang l\u00e0 50-300kg\/h, 250-300 kg\/h v\u00e0 450-500 kg\/h, t\u01b0\u01a1ng \u1ee9ng. Ngo\u00e0i m\u00e1y c\u1eaft th\u1ecbt \u0111\u00f4ng l\u1ea1nh t\u1ef1 \u0111\u1ed9ng, ch\u00fang t\u00f4i c\u0169ng c\u00f3 m\u1ed9t <a href=\"https:\/\/meat-machine.com\/vi\/san-pham\/may-cat-ga-tu-dong\/\">m\u00e1y c\u1eaft th\u1ecbt<\/a> v\u00e0 <a href=\"https:\/\/meat-machine.com\/vi\/san-pham\/may-thai-thit\/\">m\u00e1y c\u1eaft th\u1ecbt \u0111\u00f4ng l\u1ea1nh<\/a> \u0111\u1ec3 b\u00e1n.<\/p>   <div class=\"wp-block-image\"> <figure class=\"aligncenter size-full\"><img loading=\"lazy\" decoding=\"async\" width=\"720\" height=\"540\" src=\"https:\/\/meat-machine.com\/wp-content\/uploads\/2022\/09\/meat-slicing-machine-for-frozen-mutton.webp\" alt=\"m\u00e1y th\u00e1i th\u1ecbt c\u1eebu \u0111\u00f4ng l\u1ea1nh\" class=\"wp-image-56\" title=\"\" srcset=\"https:\/\/meat-machine.com\/wp-content\/uploads\/2022\/09\/meat-slicing-machine-for-frozen-mutton.webp 720w, https:\/\/meat-machine.com\/wp-content\/uploads\/2022\/09\/meat-slicing-machine-for-frozen-mutton-300x225.webp 300w\" sizes=\"auto, (max-width: 720px) 100vw, 720px\" \/><figcaption class=\"wp-element-caption\">m\u00e1y th\u00e1i th\u1ecbt c\u1eebu \u0111\u00f4ng l\u1ea1nh<\/figcaption><\/figure> <\/div>   <h2 class=\"wp-block-heading\" id=\"h-what-are-the-characteristics-of-the-best-commercial-frozen-meat-slicer\">C\u00e1c t\u00ednh n\u0103ng c\u1ee7a m\u00e1y c\u1eaft th\u1ecbt \u0111\u00f4ng l\u1ea1nh th\u01b0\u01a1ng m\u1ea1i<\/h2>    <div class=\"wp-block-media-text is-stacked-on-mobile\"><figure class=\"wp-block-media-text__media\"><img loading=\"lazy\" decoding=\"async\" width=\"720\" height=\"540\" src=\"https:\/\/meat-machine.com\/wp-content\/uploads\/2022\/09\/four-rolls-meat-slicer.webp\" alt=\"m\u00e1y th\u00e1i th\u1ecbt b\u1ed1n cu\u1ed9n\" class=\"wp-image-55 size-full\" title=\"\" srcset=\"https:\/\/meat-machine.com\/wp-content\/uploads\/2022\/09\/four-rolls-meat-slicer.webp 720w, https:\/\/meat-machine.com\/wp-content\/uploads\/2022\/09\/four-rolls-meat-slicer-300x225.webp 300w\" sizes=\"auto, (max-width: 720px) 100vw, 720px\" \/><\/figure><div class=\"wp-block-media-text__content\"> <ul class=\"wp-block-list\"> <li><strong>C\u1eaft l\u00e1t \u0111\u1ed3ng \u0111\u1ec1u<\/strong>\u0110\u1ea3m b\u1ea3o \u0111\u1ed9 d\u00e0y nh\u1ea5t qu\u00e1n cho l\u00e1t ho\u1eb7c cu\u1ed9n.<\/li>    <li><strong>V\u1eadn h\u00e0nh an to\u00e0n<\/strong>B\u1ea3ng \u0111i\u1ec1u khi\u1ec3n \u0111i\u1ec1u khi\u1ec3n b\u1eb1ng n\u00fat v\u1edbi l\u1edbp b\u1ea3o v\u1ec7 an to\u00e0n trong su\u1ed1t.<\/li>    <li><strong>Ch\u1ea5t li\u1ec7u \u0111\u1ea1t ti\u00eau chu\u1ea9n th\u1ef1c ph\u1ea9m<\/strong>: 304 <a href=\"https:\/\/en.wikipedia.org\/wiki\/Stainless_steel\" data-type=\"link\" data-id=\"https:\/\/en.wikipedia.org\/wiki\/Stainless_steel\" target=\"_blank\" rel=\"noopener\">th\u00e9p kh\u00f4ng g\u1ec9<\/a> \u0111\u1ed1i v\u1edbi c\u00e1c b\u1ed9 ph\u1eadn ti\u1ebfp x\u00fac th\u1ef1c ph\u1ea9m, th\u00e9p kh\u00f4ng g\u1ec9 201 cho th\u00e2n m\u00e1y.<\/li>    <li><strong>Nhi\u1ec1u m\u1eabu m\u00e3<\/strong>C\u00f3 s\u1eb5n b\u1ed1n m\u1eabu \u0111\u1ec3 \u0111\u00e1p \u1ee9ng c\u00e1c y\u00eau c\u1ea7u c\u00f4ng su\u1ea5t kh\u00e1c nhau.<\/li>    <li><strong>D\u1ec5 d\u00e0ng l\u00e0m s\u1ea1ch<\/strong>Thi\u1ebft k\u1ebf l\u01b0\u1ee1i dao ch\u1ed1ng d\u00ednh; l\u01b0\u1ee1i dao v\u00e0 b\u1ed9 c\u1eaft d\u1ec5 th\u00e1o r\u1eddi v\u00e0 l\u00e0m s\u1ea1ch.<\/li> <\/ul> <\/div><\/div>    <div class=\"wp-block-media-text has-media-on-the-right is-stacked-on-mobile\"><div class=\"wp-block-media-text__content\"> <ul class=\"wp-block-list\"> <li><strong>Quay tr\u00f2n hi\u1ec7u qu\u1ea3<\/strong>Quay tr\u00f2n t\u1ef1 \u0111\u1ed9ng, m\u01b0\u1ee3t m\u00e0 v\u1edbi l\u01b0\u1ee3ng ch\u1ea5t th\u1ea3i t\u1ed1i thi\u1ec3u.<\/li>    <li><strong>\u1ed2n \u00e0o th\u1ea5p &amp; \u1ed5n \u0111\u1ecbnh<\/strong>Ho\u1ea1t \u0111\u1ed9ng y\u00ean t\u0129nh v\u1edbi hi\u1ec7u su\u1ea5t m\u00e1y \u1ed5n \u0111\u1ecbnh.<\/li>    <li><strong>H\u1ec7 th\u1ed1ng \u0111\u00e1ng tin c\u1eady<\/strong>H\u1ec7 th\u1ed1ng truy\u1ec1n \u0111\u1ed9ng th\u1ee7y l\u1ef1c to\u00e0n ph\u1ea7n v\u1edbi t\u1ef7 l\u1ec7 l\u1ed7i th\u1ea5p v\u00e0 d\u1ec5 b\u1ea3o tr\u00ec.<\/li>    <li><strong>Khay th\u1ecbt an to\u00e0n<\/strong>Khay ch\u1ed1ng tr\u01b0\u1ee3t h\u00ecnh ch\u1eef U \u0111\u1ea3m b\u1ea3o \u0111\u1ecbnh v\u1ecb th\u1ecbt \u1ed5n \u0111\u1ecbnh.<\/li> <\/ul> <\/div><figure class=\"wp-block-media-text__media\"><img loading=\"lazy\" decoding=\"async\" width=\"750\" height=\"750\" src=\"https:\/\/meat-machine.com\/wp-content\/uploads\/2022\/09\/commercial-frozen-meat-slicer-for-sale.webp\" alt=\"m\u00e1y th\u00e1i th\u1ecbt \u0111\u00f4ng l\u1ea1nh th\u01b0\u01a1ng m\u1ea1i \u0111\u1ec3 b\u00e1n\" class=\"wp-image-53 size-full\" title=\"\" srcset=\"https:\/\/meat-machine.com\/wp-content\/uploads\/2022\/09\/commercial-frozen-meat-slicer-for-sale.webp 750w, https:\/\/meat-machine.com\/wp-content\/uploads\/2022\/09\/commercial-frozen-meat-slicer-for-sale-300x300.webp 300w, https:\/\/meat-machine.com\/wp-content\/uploads\/2022\/09\/commercial-frozen-meat-slicer-for-sale-150x150.webp 150w\" sizes=\"auto, (max-width: 750px) 100vw, 750px\" \/><\/figure><\/div>    <h2 class=\"wp-block-heading\">L\u00e0m th\u1ebf n\u00e0o \u0111\u1ec3 m\u00e1y slecer th\u1ecbt \u0111\u00f4ng l\u1ea1nh ho\u1ea1t \u0111\u1ed9ng?<\/h2>    <div class=\"wp-block-media-text is-stacked-on-mobile\"><figure class=\"wp-block-media-text__media\"><img loading=\"lazy\" decoding=\"async\" width=\"720\" height=\"540\" src=\"https:\/\/meat-machine.com\/wp-content\/uploads\/2025\/04\/Frozen-meat-slicing-machine-details.webp\" alt=\"Chi ti\u1ebft m\u00e1y c\u1eaft th\u1ecbt \u0111\u00f4ng l\u1ea1nh\" class=\"wp-image-788 size-full\" title=\"\" srcset=\"https:\/\/meat-machine.com\/wp-content\/uploads\/2025\/04\/Frozen-meat-slicing-machine-details.webp 720w, https:\/\/meat-machine.com\/wp-content\/uploads\/2025\/04\/Frozen-meat-slicing-machine-details-300x225.webp 300w, https:\/\/meat-machine.com\/wp-content\/uploads\/2025\/04\/Frozen-meat-slicing-machine-details-16x12.webp 16w\" sizes=\"auto, (max-width: 720px) 100vw, 720px\" \/><\/figure><div class=\"wp-block-media-text__content\"> <ul class=\"wp-block-list\"> <li><strong>H\u1ec7 th\u1ed1ng c\u1ea5p th\u1ecbt t\u1ef1 \u0111\u1ed9ng<\/strong>H\u1ec7 th\u1ed1ng d\u1eabn h\u01b0\u1edbng \u0111\u00f4i \u0111\u1ea9y v\u00e0 \u00e9p th\u1ecbt \u0111\u00f4ng l\u1ea1nh v\u1ec1 ph\u00eda tr\u01b0\u1edbc trong khi ki\u1ec3m so\u00e1t \u0111\u1ed9 d\u00e0y l\u00e1t.<\/li>    <li><strong>C\u1eaft l\u00e1t \u0111\u1ed3ng b\u1ed9<\/strong>L\u01b0\u1ee1i c\u1eaft v\u00e0 b\u0103ng chuy\u1ec1n ho\u1ea1t \u0111\u1ed9ng \u0111\u1ed3ng b\u1ed9 \u0111\u1ec3 \u0111\u1ea1t \u0111\u01b0\u1ee3c c\u1eaft li\u00ean t\u1ee5c, ch\u00ednh x\u00e1c.<\/li>    <li><strong>Ho\u00e0n th\u00e0nh t\u1ef1 \u0111\u1ed9ng<\/strong>Sau khi c\u1eaft l\u00e1t xong, l\u01b0\u1ee1i dao d\u1eebng l\u1ea1i v\u00e0 c\u01a1 ch\u1ebf \u0111\u1ea9y t\u1ef1 \u0111\u1ed9ng tr\u1edf v\u1ec1 v\u1ecb tr\u00ed ban \u0111\u1ea7u.<\/li> <\/ul> <\/div><\/div>    <h2 class=\"wp-block-heading\" id=\"h-how-to-use-an-industrial-frozen-meat-slicer-correctly\">S\u1eed d\u1ee5ng m\u00e1y th\u00e1i th\u1ecbt \u0111\u00f4ng l\u1ea1nh c\u00f4ng nghi\u1ec7p th\u1ebf n\u00e0o cho \u0111\u00fang?<\/h2>    <div class=\"wp-block-media-text has-media-on-the-right is-stacked-on-mobile\"><div class=\"wp-block-media-text__content\"> <ul class=\"wp-block-list\"> <li><strong>Ki\u1ec3m tra ngu\u1ed3n \u0111i\u1ec7n<\/strong>Ki\u1ec3m tra d\u00e2y ngu\u1ed3n, ph\u00edch c\u1eafm v\u00e0 \u1ed5 c\u1eafm \u0111\u1ea3m b\u1ea3o ch\u1eafc ch\u1eafn tr\u01b0\u1edbc khi kh\u1edfi \u0111\u1ed9ng m\u00e1y.<\/li>    <li><strong>K\u1ebft n\u1ed1i \u0111\u1ea5t<\/strong>\u0110\u1ea3m b\u1ea3o m\u00e1y \u0111\u01b0\u1ee3c n\u1ed1i \u0111\u1ea5t \u0111\u00fang c\u00e1ch \u0111\u1ec3 \u0111\u1ea3m b\u1ea3o ho\u1ea1t \u0111\u1ed9ng an to\u00e0n.<\/li>    <li><strong>\u0110i\u1ec1u ch\u1ec9nh \u0111\u1ed9 d\u00e0y<\/strong>\u0110\u1eb7t \u0111\u1ed9 d\u00e0y c\u1eaft mong mu\u1ed1n tr\u01b0\u1edbc theo nhu c\u1ea7u x\u1eed l\u00fd.<\/li>    <li><strong>Ch\u1ea5t l\u01b0\u1ee3ng th\u1ecbt ph\u00f9 h\u1ee3p<\/strong>\u0110\u1eb7t th\u1ecbt \u0111\u00f4ng l\u1ea1nh kh\u00f4ng x\u01b0\u01a1ng ph\u1eb3ng v\u00e0 ch\u1eafc ch\u1eafn l\u00ean b\u00e0n c\u1eaft.<\/li>    <li><strong>V\u1eadn h\u00e0nh an to\u00e0n<\/strong>Gi\u1eef tay kh\u1ecfi l\u01b0\u1ee1i dao trong su\u1ed1t qu\u00e1 tr\u00ecnh v\u1eadn h\u00e0nh.<\/li>    <li><strong>B\u1ea3o tr\u00ec l\u01b0\u1ee1i dao<\/strong>D\u1eebng m\u00e1y v\u00e0 m\u00e0i l\u01b0\u1ee1i dao khi hi\u1ec7u qu\u1ea3 c\u1eaft gi\u1ea3m.<\/li> <\/ul> <\/div><figure class=\"wp-block-media-text__media\"><img loading=\"lazy\" decoding=\"async\" width=\"720\" height=\"540\" src=\"https:\/\/meat-machine.com\/wp-content\/uploads\/2025\/04\/Frozen-meat-slicing-machine-price.webp\" alt=\"gi\u00e1 m\u00e1y c\u1eaft th\u1ecbt \u0111\u00f4ng l\u1ea1nh\" class=\"wp-image-791 size-full\" title=\"\" srcset=\"https:\/\/meat-machine.com\/wp-content\/uploads\/2025\/04\/Frozen-meat-slicing-machine-price.webp 720w, https:\/\/meat-machine.com\/wp-content\/uploads\/2025\/04\/Frozen-meat-slicing-machine-price-300x225.webp 300w, https:\/\/meat-machine.com\/wp-content\/uploads\/2025\/04\/Frozen-meat-slicing-machine-price-16x12.webp 16w\" sizes=\"auto, (max-width: 720px) 100vw, 720px\" \/><\/figure><\/div>    <h2 class=\"wp-block-heading\" id=\"h-machine-parameters\">Th\u00f4ng s\u1ed1 m\u00e1y d\u1ee5ng c\u1ee5 c\u1eaft th\u1ecbt \u0111\u00f4ng l\u1ea1nh th\u01b0\u01a1ng m\u1ea1i<\/h2>    <figure class=\"wp-block-table\"><table><tbody><tr><td>T\u00ean<\/td><td>C\u00f4ng su\u1ea5t (kW)<\/td><td>\u0110i\u1ec7n \u00e1p (V)<\/td><td>S\u1ea3n xu\u1ea5t (kg\/h)<\/td><td>\u0110\u1ed9 d\u00e0y l\u00e1t (mm)<\/td><td>Tr\u1ecdng l\u01b0\u1ee3ng m\u00e1y (kg)<\/td><td>K\u00edch th\u01b0\u1edbc m\u00e1y (mm)<\/td><\/tr><tr><td>M\u00e1y th\u00e1i m\u1ed9t cu\u1ed9n<\/td><td>0.45<\/td><td>220<\/td><td>25-50<\/td><td>0.2-5<\/td><td>50<\/td><td>650*350*400<\/td><\/tr><tr><td>Cnc hai l\u1ecd cu\u1ed9n<\/td><td>2.2<\/td><td>220<\/td><td>50-300<\/td><td>0.2-6<\/td><td>200<\/td><td>1200*560*1200<\/td><\/tr><tr><td>M\u00e1y c\u1eaft cu\u1ed9n CNC\u00a0b\u1ed1n\u00a0<\/td><td>1.5-3.5<\/td><td>220\/380<\/td><td>250-300<\/td><td>0.2-20<\/td><td>300<\/td><td>1450*660*1300<\/td><\/tr><tr><td>M\u00e1y c\u1eaft cu\u1ed9n t\u00e1m\u00a0CNC<\/td><td>3.5<\/td><td>380<\/td><td>450-500<\/td><td>0.2-20<\/td><td>400<\/td><td>1450*1010*1450<\/td><\/tr><\/tbody><\/table><\/figure>   <div class=\"wp-block-image\"> <figure class=\"aligncenter size-full\"><img loading=\"lazy\" decoding=\"async\" width=\"800\" height=\"600\" src=\"https:\/\/meat-machine.com\/wp-content\/uploads\/2022\/09\/picture-of-shipment.webp\" alt=\"h\u00ecnh \u1ea3nh l\u00f4 h\u00e0ng\" class=\"wp-image-57\" title=\"\" srcset=\"https:\/\/meat-machine.com\/wp-content\/uploads\/2022\/09\/picture-of-shipment.webp 800w, https:\/\/meat-machine.com\/wp-content\/uploads\/2022\/09\/picture-of-shipment-300x225.webp 300w, https:\/\/meat-machine.com\/wp-content\/uploads\/2022\/09\/picture-of-shipment-768x576.webp 768w\" sizes=\"auto, (max-width: 800px) 100vw, 800px\" \/><figcaption class=\"wp-element-caption\">h\u00ecnh \u1ea3nh l\u00f4 h\u00e0ng<\/figcaption><\/figure> <\/div>   <h2 class=\"wp-block-heading\" id=\"h-can-you-slice-frozen-meat-with-a-meat-slicer\">B\u1ea1n c\u00f3 th\u1ec3 c\u1eaft th\u1ecbt \u0111\u00f4ng l\u1ea1nh b\u1eb1ng m\u00e1y th\u00e1i th\u1ecbt kh\u00f4ng?<\/h2>    <p class=\"wp-block-paragraph\">M\u00e1y c\u1eaft th\u1ecbt gia \u0111\u00ecnh th\u00f4ng th\u01b0\u1eddng kh\u00f4ng ph\u00f9 h\u1ee3p \u0111\u1ec3 c\u1eaft th\u1ecbt \u0111\u00f4ng l\u1ea1nh v\u00ec th\u1ecbt \u0111\u00f4ng l\u1ea1nh qu\u00e1 c\u1ee9ng v\u00e0 d\u1ec5 l\u00e0m h\u1ecfng l\u01b0\u1ee1i dao. Ngo\u00e0i ra, c\u00e1c m\u00e1y c\u1eaft gia \u0111\u00ecnh ch\u1ee7 y\u1ebfu \u0111\u01b0\u1ee3c thi\u1ebft k\u1ebf cho th\u1ecbt t\u01b0\u01a1i ch\u1ee9 kh\u00f4ng ph\u1ea3i s\u1ea3n ph\u1ea9m \u0111\u00f4ng l\u1ea1nh. <\/p>    <p class=\"wp-block-paragraph\">\u0110\u1ec3 c\u1eaft th\u1ecbt \u0111\u00f4ng l\u1ea1nh an to\u00e0n v\u00e0 hi\u1ec7u qu\u1ea3, n\u00ean s\u1eed d\u1ee5ng m\u00e1y c\u1eaft th\u1ecbt \u0111\u00f4ng l\u1ea1nh th\u01b0\u01a1ng m\u1ea1i. Ngay c\u1ea3 v\u1edbi m\u00e1y c\u1eaft th\u1ecbt \u0111\u00f4ng l\u1ea1nh chuy\u00ean d\u1ee5ng, th\u1ecbt c\u1ea7n \u0111\u01b0\u1ee3c r\u00e3 \u0111\u00f4ng nh\u1eb9 tr\u00ean  \u20136 \u00b0C tr\u01b0\u1edbc khi c\u1eaft \u0111\u1ec3 \u0111\u1ea3m b\u1ea3o hi\u1ec7u su\u1ea5t c\u1eaft ph\u00f9 h\u1ee3p v\u00e0 b\u1ea3o v\u1ec7 m\u00e1y.<\/p>    <p class=\"wp-block-paragraph translation-block\">T\u1ed5ng th\u1ec3, n\u1ebfu b\u1ea1n \u0111ang t\u00ecm ki\u1ebfm m\u1ed9t m\u00e1y c\u1eaft th\u1ecbt \u0111\u00f4ng l\u1ea1nh c\u00f4ng nghi\u1ec7p, m\u00e1y c\u1eaft th\u1ecbt c\u1eebu ho\u1eb7c m\u00e1y c\u1eaft th\u1ecbt \u0111\u00f4ng l\u1ea1nh b\u00f2, vui l\u00f2ng li\u00ean h\u1ec7 v\u1edbi ch\u00fang t\u00f4i. V\u00e0o th\u00e1ng 7 n\u0103m nay, m\u1ed9t kh\u00e1ch h\u00e0ng ng\u01b0\u1eddi M\u1ef9 \u0111\u00e3 \u0111\u1eb7t mua <a href=\"https:\/\/meat-machine.com\/vi\/info\/khach-hang-my-da-mua-may-cat-thit-dong-lanh-thuong-mai\/\" data-type=\"link\" data-id=\"https:\/\/meat-machine.com\/Info\/american-customers-bought-commercial-frozen-meat-cutter\/\">m\u00e1y c\u1eaft th\u1ecbt<\/a> n\u00e0y \u0111\u1ec3 c\u1eaft c\u1eebu. M\u00e1y c\u1ee7a ch\u00fang t\u00f4i l\u00e0 m\u00e1y c\u1eaft th\u1ef1c ph\u1ea9m t\u1ed1t nh\u1ea5t cho th\u1ecbt \u0111\u00f4ng l\u1ea1nh. V\u00e0 ch\u00fang t\u00f4i s\u1ebd c\u1ed1 g\u1eafng h\u1ebft s\u1ee9c \u0111\u1ec3 gi\u00fap \u0111\u1ee1 b\u1ea1n.<\/p>   <div class=\"wp-block-image\"> <figure class=\"aligncenter size-full\"><img loading=\"lazy\" decoding=\"async\" width=\"750\" height=\"668\" src=\"https:\/\/meat-machine.com\/wp-content\/uploads\/2022\/09\/application-of-the-slicing-machine.webp\" alt=\"\u1ee9ng d\u1ee5ng c\u1ee7a m\u00e1y c\u1eaft l\u00e1t\" class=\"wp-image-52\" title=\"\" srcset=\"https:\/\/meat-machine.com\/wp-content\/uploads\/2022\/09\/application-of-the-slicing-machine.webp 750w, https:\/\/meat-machine.com\/wp-content\/uploads\/2022\/09\/application-of-the-slicing-machine-300x267.webp 300w\" sizes=\"auto, (max-width: 750px) 100vw, 750px\" \/><figcaption class=\"wp-element-caption\">\u1ee9ng d\u1ee5ng c\u1ee7a m\u00e1y c\u1eaft l\u00e1t<\/figcaption><\/figure> <\/div>   <h2 class=\"wp-block-heading\">Ph\u1ea7n k\u1ebft lu\u1eadn<\/h2>    <p class=\"wp-block-paragraph\">M\u00e1y c\u1eaft th\u1ecbt \u0111\u00f4ng l\u1ea1nh th\u01b0\u01a1ng m\u1ea1i k\u1ebft h\u1ee3p hi\u1ec7u qu\u1ea3, \u0111\u1ed9 ch\u00ednh x\u00e1c v\u00e0 an to\u00e0n, l\u00e0m cho n\u00f3 tr\u1edf th\u00e0nh m\u1ed9t l\u1ef1a ch\u1ecdn l\u00fd t\u01b0\u1edfng cho c\u00e1c nh\u00e0 h\u00e0ng n\u1ed3i n\u00f3ng, nh\u00e0 m\u00e1y ch\u1ebf bi\u1ebfn th\u1ef1c ph\u1ea9m, si\u00eau th\u1ecb, v.v. <\/p>    <p class=\"wp-block-paragraph\">N\u1ebfu b\u1ea1n \u0111ang t\u00ecm c\u00e1ch n\u00e2ng cao n\u0103ng su\u1ea5t v\u00e0 \u0111\u1ea3m b\u1ea3o ch\u1ea5t l\u01b0\u1ee3ng th\u00e1i \u0111\u1ed3ng nh\u1ea5t, h\u00e3y li\u00ean h\u1ec7 v\u1edbi ch\u00fang t\u00f4i h\u00f4m nay \u0111\u1ec3 bi\u1ebft th\u00eam chi ti\u1ebft v\u00e0 nh\u1eadn b\u00e1o gi\u00e1 c\u1ea1nh tranh!<\/p>    <figure class=\"wp-block-image size-full\"><img loading=\"lazy\" decoding=\"async\" width=\"720\" height=\"540\" src=\"https:\/\/meat-machine.com\/wp-content\/uploads\/2025\/04\/Frozen-meat-slicing-machine-for-sale.webp\" alt=\"M\u00e1y c\u1eaft th\u1ecbt \u0111\u00f4ng l\u1ea1nh th\u01b0\u01a1ng m\u1ea1i\" class=\"wp-image-790\" title=\"\" srcset=\"https:\/\/meat-machine.com\/wp-content\/uploads\/2025\/04\/Frozen-meat-slicing-machine-for-sale.webp 720w, https:\/\/meat-machine.com\/wp-content\/uploads\/2025\/04\/Frozen-meat-slicing-machine-for-sale-300x225.webp 300w, https:\/\/meat-machine.com\/wp-content\/uploads\/2025\/04\/Frozen-meat-slicing-machine-for-sale-16x12.webp 16w\" sizes=\"auto, (max-width: 720px) 100vw, 720px\" \/><figcaption class=\"wp-element-caption\">M\u00e1y th\u00e1i th\u1ecbt \u0111\u00f4ng l\u1ea1nh th\u01b0\u01a1ng m\u1ea1i<\/figcaption><\/figure>","protected":false},"excerpt":{"rendered":"<p>M\u00e1y c\u1eaft th\u1ecbt \u0111\u00f4ng l\u1ea1nh th\u01b0\u01a1ng m\u1ea1i c\u00f3 th\u1ec3 c\u1eaft th\u1ecbt c\u1eebu, th\u1ecbt b\u00f2, th\u1ecbt heo v\u00e0 c\u00e1c lo\u1ea1i th\u1ecbt kh\u00f4ng x\u01b0\u01a1ng kh\u00e1c th\u00e0nh nh\u1eefng l\u00e1t ho\u1eb7c cu\u1ed9n \u0111\u1ed3ng \u0111\u1ec1u m\u00e0 kh\u00f4ng c\u1ea7n r\u00e3 \u0111\u00f4ng.<\/p>","protected":false},"author":1,"featured_media":362,"parent":0,"template":"","tags":[16],"product-type":[2],"class_list":["post-48","product","type-product","status-publish","has-post-thumbnail","hentry","tag-frozen-meat-slicer","product-type-meat-cutting-machine"],"_links":{"self":[{"href":"https:\/\/meat-machine.com\/vi\/wp-json\/wp\/v2\/product\/48","targetHints":{"allow":["GET"]}}],"collection":[{"href":"https:\/\/meat-machine.com\/vi\/wp-json\/wp\/v2\/product"}],"about":[{"href":"https:\/\/meat-machine.com\/vi\/wp-json\/wp\/v2\/types\/product"}],"author":[{"embeddable":true,"href":"https:\/\/meat-machine.com\/vi\/wp-json\/wp\/v2\/users\/1"}],"wp:featuredmedia":[{"embeddable":true,"href":"https:\/\/meat-machine.com\/vi\/wp-json\/wp\/v2\/media\/362"}],"wp:attachment":[{"href":"https:\/\/meat-machine.com\/vi\/wp-json\/wp\/v2\/media?parent=48"}],"wp:term":[{"taxonomy":"post_tag","embeddable":true,"href":"https:\/\/meat-machine.com\/vi\/wp-json\/wp\/v2\/tags?post=48"},{"taxonomy":"product-type","embeddable":true,"href":"https:\/\/meat-machine.com\/vi\/wp-json\/wp\/v2\/product-type?post=48"}],"curies":[{"name":"wp","href":"https:\/\/api.w.org\/{rel}","templated":true}]}}