{"id":441,"date":"2023-07-05T15:51:05","date_gmt":"2023-07-05T07:51:05","guid":{"rendered":"https:\/\/meat-machine.com\/?post_type=product&#038;p=441"},"modified":"2023-07-05T15:51:07","modified_gmt":"2023-07-05T07:51:07","slug":"may-vat-long-ga","status":"publish","type":"product","link":"https:\/\/meat-machine.com\/vi\/product\/chicken-feather-removal-machine\/","title":{"rendered":"M\u00e1y nh\u1ed5 l\u00f4ng g\u00e0 | M\u00e1y v\u1eb7t l\u00f4ng g\u00e0 t\u1ef1 \u0111\u1ed9ng"},"content":{"rendered":"<div class=\"kk-star-ratings kksr-auto kksr-align-left kksr-valign-top\"     data-payload='{&quot;align&quot;:&quot;left&quot;,&quot;id&quot;:&quot;441&quot;,&quot;slug&quot;:&quot;default&quot;,&quot;valign&quot;:&quot;top&quot;,&quot;ignore&quot;:&quot;&quot;,&quot;reference&quot;:&quot;auto&quot;,&quot;class&quot;:&quot;&quot;,&quot;count&quot;:&quot;6&quot;,&quot;legendonly&quot;:&quot;&quot;,&quot;readonly&quot;:&quot;&quot;,&quot;score&quot;:&quot;4.7&quot;,&quot;starsonly&quot;:&quot;&quot;,&quot;best&quot;:&quot;5&quot;,&quot;gap&quot;:&quot;5&quot;,&quot;greet&quot;:&quot;Rate this product&quot;,&quot;legend&quot;:&quot;4.7\\\/5 - (6 b\u00ecnh ch\u1ecdn)&quot;,&quot;size&quot;:&quot;24&quot;,&quot;title&quot;:&quot;Chicken Feather Removal Machine | Automatic Chicken Plucker&quot;,&quot;width&quot;:&quot;133.8&quot;,&quot;_legend&quot;:&quot;{score}\\\/{best} - ({count} {votes})&quot;,&quot;font_factor&quot;:&quot;1.25&quot;}'>              <div class=\"kksr-stars\">      <div class=\"kksr-stars-inactive\">             <div class=\"kksr-star\" data-star=\"1\" style=\"padding-right: 5px\">               <div class=\"kksr-icon\" style=\"width: 24px; height: 24px;\"><\/div>         <\/div>             <div class=\"kksr-star\" data-star=\"2\" style=\"padding-right: 5px\">               <div class=\"kksr-icon\" style=\"width: 24px; height: 24px;\"><\/div>         <\/div>             <div class=\"kksr-star\" data-star=\"3\" style=\"padding-right: 5px\">               <div class=\"kksr-icon\" style=\"width: 24px; height: 24px;\"><\/div>         <\/div>             <div class=\"kksr-star\" data-star=\"4\" style=\"padding-right: 5px\">               <div class=\"kksr-icon\" style=\"width: 24px; height: 24px;\"><\/div>         <\/div>             <div class=\"kksr-star\" data-star=\"5\" style=\"padding-right: 5px\">               <div class=\"kksr-icon\" style=\"width: 24px; height: 24px;\"><\/div>         <\/div>     <\/div>      <div class=\"kksr-stars-active\" style=\"width: 133.8px;\">             <div class=\"kksr-star\" style=\"padding-right: 5px\">               <div class=\"kksr-icon\" style=\"width: 24px; height: 24px;\"><\/div>         <\/div>             <div class=\"kksr-star\" style=\"padding-right: 5px\">               <div class=\"kksr-icon\" style=\"width: 24px; height: 24px;\"><\/div>         <\/div>             <div class=\"kksr-star\" style=\"padding-right: 5px\">               <div class=\"kksr-icon\" style=\"width: 24px; height: 24px;\"><\/div>         <\/div>             <div class=\"kksr-star\" style=\"padding-right: 5px\">               <div class=\"kksr-icon\" style=\"width: 24px; height: 24px;\"><\/div>         <\/div>             <div class=\"kksr-star\" style=\"padding-right: 5px\">               <div class=\"kksr-icon\" style=\"width: 24px; height: 24px;\"><\/div>         <\/div>     <\/div> <\/div>                   <div class=\"kksr-legend\" style=\"font-size: 19.2px;\">             4.7\/5 - (6 l\u01b0\u1ee3t b\u00ecnh ch\u1ecdn)    <\/div>     <\/div>  <p class=\"wp-block-paragraph translation-block\">M\u00e1y nh\u1ed5 l\u00f4ng g\u00e0 l\u00e0 thi\u1ebft b\u1ecb d\u00f9ng \u0111\u1ec3 nh\u1ed5 l\u00f4ng g\u00e0, \u0111\u1eb7c bi\u1ec7t l\u00e0 g\u00e0 gia c\u1ea7m. N\u00f3 th\u01b0\u1eddng \u0111\u01b0\u1ee3c s\u1eed d\u1ee5ng trong ng\u00e0nh ch\u0103n nu\u00f4i gia c\u1ea7m v\u00e0 c\u00e1c ng\u00e0nh c\u00f4ng nghi\u1ec7p <a href=\"https:\/\/meat-machine.com\/vi\/\">ch\u1ebf bi\u1ebfn th\u1ecbt<\/a>.<\/p>    <h2 class=\"wp-block-heading\">M\u00e1y nh\u1ed5 l\u00f4ng g\u00e0 ho\u1ea1t \u0111\u1ed9ng nh\u01b0 th\u1ebf n\u00e0o?<\/h2>    <p class=\"wp-block-paragraph\">Nhi\u1ec1u ng\u01b0\u1eddi mu\u1ed1n bi\u1ebft l\u00f4ng g\u00e0 \u0111\u01b0\u1ee3c lo\u1ea1i b\u1ecf nh\u01b0 th\u1ebf n\u00e0o, sau \u0111\u00f3 ch\u00fang t\u00f4i s\u1ebd gi\u1ea3i th\u00edch cho b\u1ea1n.<br>M\u00e1y nh\u1ed5 l\u00f4ng g\u00e0 s\u1eed d\u1ee5ng c\u00e1c quy tr\u00ecnh c\u01a1 h\u1ecdc v\u00e0 c\u00f4ng ngh\u1ec7 ti\u00ean ti\u1ebfn \u0111\u1ec3 lo\u1ea1i b\u1ecf l\u00f4ng g\u00e0 m\u1ed9t c\u00e1ch nhanh ch\u00f3ng v\u00e0 hi\u1ec7u qu\u1ea3. N\u00f3 s\u1eed d\u1ee5ng c\u00e1c thi\u1ebft b\u1ecb chuy\u00ean d\u1ee5ng, ch\u1eb3ng h\u1ea1n nh\u01b0 tr\u1ed1ng quay ho\u1eb7c ng\u00f3n tay cao su, \u0111\u1ec3 nh\u1ed5 l\u00f4ng nh\u1eb9 nh\u00e0ng kh\u1ecfi gia c\u1ea7m, \u0111\u1ea3m b\u1ea3o gi\u1ea3m thi\u1ec3u t\u1ed5n th\u01b0\u01a1ng cho da. M\u00e1y n\u00e0y c\u00f3 th\u1ec3 x\u1eed l\u00fd m\u1ed9t kh\u1ed1i l\u01b0\u1ee3ng l\u1edbn g\u00e0, t\u1eeb \u0111\u00f3 n\u00e2ng cao hi\u1ec7u qu\u1ea3 x\u1eed l\u00fd.<\/p>   <div class=\"wp-block-image\"> <figure class=\"aligncenter size-full\"><img loading=\"lazy\" decoding=\"async\" width=\"720\" height=\"540\" src=\"https:\/\/meat-machine.com\/wp-content\/uploads\/2023\/07\/chicken-feather-removal-machine.webp\" alt=\"m\u00e1y v\u1eb7t l\u00f4ng g\u00e0\" class=\"wp-image-444\" title=\"\" srcset=\"https:\/\/meat-machine.com\/wp-content\/uploads\/2023\/07\/chicken-feather-removal-machine.webp 720w, https:\/\/meat-machine.com\/wp-content\/uploads\/2023\/07\/chicken-feather-removal-machine-300x225.webp 300w\" sizes=\"auto, (max-width: 720px) 100vw, 720px\" \/><figcaption class=\"wp-element-caption\">m\u00e1y v\u1eb7t l\u00f4ng g\u00e0<\/figcaption><\/figure> <\/div>   <h2 class=\"wp-block-heading\">C\u00e1c t\u00ednh n\u0103ng ch\u00ednh c\u1ee7a m\u00e1y nh\u1ed5 l\u00f4ng g\u00e0<\/h2>    <ol class=\"wp-block-list\"> <li>V\u1eadn h\u00e0nh t\u1ef1 \u0111\u1ed9ng: M\u00e1y \u0111\u01b0\u1ee3c thi\u1ebft k\u1ebf \u0111\u1ec3 v\u1eadn h\u00e0nh t\u1ef1 \u0111\u1ed9ng, gi\u1ea3m nhu c\u1ea7u can thi\u1ec7p th\u1ee7 c\u00f4ng v\u00e0 ti\u1ebft ki\u1ec7m chi ph\u00ed nh\u00e2n c\u00f4ng.<\/li>    <li>C\u00e0i \u0111\u1eb7t c\u00f3 th\u1ec3 \u0111i\u1ec1u ch\u1ec9nh: Ng\u01b0\u1eddi d\u00f9ng c\u00f3 th\u1ec3 t\u00f9y ch\u1ec9nh c\u00e0i \u0111\u1eb7t c\u1ee7a m\u00e1y \u0111\u1ec3 ph\u00f9 h\u1ee3p v\u1edbi k\u00edch th\u01b0\u1edbc g\u00e0 v\u00e0 lo\u1ea1i l\u00f4ng kh\u00e1c nhau, n\u00e2ng cao t\u00ednh linh ho\u1ea1t v\u00e0 \u0111a d\u1ea1ng.<\/li>    <li>B\u1ea3o tr\u00ec d\u1ec5 d\u00e0ng: Nh\u1eefng m\u00e1y n\u00e0y \u0111\u01b0\u1ee3c thi\u1ebft k\u1ebf v\u1edbi c\u00e1c t\u00ednh n\u0103ng th\u00e2n thi\u1ec7n v\u1edbi ng\u01b0\u1eddi d\u00f9ng \u0111\u1ec3 thu\u1eadn ti\u1ec7n cho vi\u1ec7c v\u1ec7 sinh, b\u1ea3o tr\u00ec v\u00e0 kh\u1eafc ph\u1ee5c s\u1ef1 c\u1ed1.<\/li>    <li>Ti\u00eau chu\u1ea9n v\u1ec7 sinh: M\u00e1y nh\u1ed5 l\u00f4ng g\u00e0 ch\u1ea5t l\u01b0\u1ee3ng cao \u0111\u01b0\u1ee3c l\u00e0m t\u1eeb ch\u1ea5t li\u1ec7u th\u1ef1c ph\u1ea9m v\u00e0 \u0111\u01b0\u1ee3c thi\u1ebft k\u1ebf \u0111\u00e1p \u1ee9ng c\u00e1c ti\u00eau chu\u1ea9n v\u1ec7 sinh nghi\u00eam ng\u1eb7t.<\/li>    <li>Hi\u1ec7u qu\u1ea3 v\u1ec1 chi ph\u00ed: \u0110\u1ea7u t\u01b0 v\u00e0o m\u00e1y nh\u1ed5 l\u00f4ng g\u00e0 c\u00f3 th\u1ec3 gi\u00fap ti\u1ebft ki\u1ec7m chi ph\u00ed l\u00e2u d\u00e0i b\u1eb1ng c\u00e1ch gi\u1ea3m y\u00eau c\u1ea7u lao \u0111\u1ed9ng v\u00e0 t\u0103ng hi\u1ec7u qu\u1ea3 t\u1ed5ng th\u1ec3.<\/li> <\/ol>   <div class=\"wp-block-image\"> <figure class=\"aligncenter size-full\"><img loading=\"lazy\" decoding=\"async\" width=\"720\" height=\"540\" src=\"https:\/\/meat-machine.com\/wp-content\/uploads\/2023\/07\/inner-structure-of-automatic-chicken-plucker.webp\" alt=\"c\u1ea5u t\u1ea1o b\u00ean trong c\u1ee7a m\u00e1y v\u1eb7t l\u00f4ng g\u00e0 t\u1ef1 \u0111\u1ed9ng\" class=\"wp-image-448\" title=\"\" srcset=\"https:\/\/meat-machine.com\/wp-content\/uploads\/2023\/07\/inner-structure-of-automatic-chicken-plucker.webp 720w, https:\/\/meat-machine.com\/wp-content\/uploads\/2023\/07\/inner-structure-of-automatic-chicken-plucker-300x225.webp 300w\" sizes=\"auto, (max-width: 720px) 100vw, 720px\" \/><figcaption class=\"wp-element-caption\">c\u1ea5u t\u1ea1o b\u00ean trong c\u1ee7a m\u00e1y v\u1eb7t l\u00f4ng g\u00e0 t\u1ef1 \u0111\u1ed9ng<\/figcaption><\/figure> <\/div>   <h2 class=\"wp-block-heading\">C\u1ea7n b\u00e1n m\u00e1y v\u1eb7t l\u00f4ng g\u00e0<\/h2>    <figure class=\"wp-block-table\"><table><tbody><tr><td>Ng\u01b0\u1eddi m\u1eabu<\/td><td>Dung t\u00edch<\/td><td>Quy\u1ec1n l\u1ef1c<\/td><td>K\u00edch c\u1ee1<\/td><td>C\u00e2n n\u1eb7ng<\/td><\/tr><tr><td>TZ-500<\/td><td>1-2 chi\u1ebfc\/m\u1ebb<\/td><td>0,75kw<\/td><td>700x620x850mm<\/td><td>80<\/td><\/tr><tr><td>TZ-600<\/td><td>2-3 c\u00e1i\/m\u1ebb<\/td><td>0,75kw<\/td><td>800x720x900mm<\/td><td>95<\/td><\/tr><\/tbody><\/table><\/figure>    <p class=\"wp-block-paragraph\">Ngo\u00e0i ra, ch\u00fang t\u00f4i c\u00f2n c\u00f3 m\u00e1y v\u1eb7t l\u00f4ng g\u00e0 lo\u1ea1i l\u1edbn, s\u1ea3n l\u01b0\u1ee3ng 10 chi\u1ebfc\/m\u1ebb. N\u1ebfu b\u1ea1n c\u1ea7n m\u00e1y n\u00e0y, xin vui l\u00f2ng li\u00ean h\u1ec7 v\u1edbi ch\u00fang t\u00f4i.<\/p>   <div class=\"wp-block-image\"> <figure class=\"aligncenter size-full\"><img loading=\"lazy\" decoding=\"async\" width=\"720\" height=\"540\" src=\"https:\/\/meat-machine.com\/wp-content\/uploads\/2023\/07\/chicken-plucking-machine-for-sale.webp\" alt=\"C\u1ea7n b\u00e1n m\u00e1y v\u1eb7t l\u00f4ng g\u00e0\" class=\"wp-image-446\" title=\"\" srcset=\"https:\/\/meat-machine.com\/wp-content\/uploads\/2023\/07\/chicken-plucking-machine-for-sale.webp 720w, https:\/\/meat-machine.com\/wp-content\/uploads\/2023\/07\/chicken-plucking-machine-for-sale-300x225.webp 300w\" sizes=\"auto, (max-width: 720px) 100vw, 720px\" \/><figcaption class=\"wp-element-caption\">C\u1ea7n b\u00e1n m\u00e1y v\u1eb7t l\u00f4ng g\u00e0<\/figcaption><\/figure> <\/div>   <h2 class=\"wp-block-heading\">C\u00e1c lo\u1ea1i m\u00e1y nh\u1ed5 l\u00f4ng g\u00e0<\/h2>    <p class=\"wp-block-paragraph\">Hi\u1ec7n c\u00f3 nhi\u1ec1u lo\u1ea1i m\u00e1y nh\u1ed5 l\u00f4ng g\u00e0 kh\u00e1c nhau, m\u1ed7i lo\u1ea1i c\u00f3 nh\u1eefng t\u00ednh n\u0103ng v\u00e0 \u1ee9ng d\u1ee5ng ri\u00eang. C\u00e1c lo\u1ea1i ph\u1ed5 bi\u1ebfn bao g\u1ed3m:<\/p>    <ul class=\"wp-block-list\"> <li>M\u00e1y l\u01b0\u1ee1i quay: S\u1eed d\u1ee5ng l\u01b0\u1ee1i quay \u0111\u1ec3 lo\u1ea1i b\u1ecf l\u00f4ng nhanh ch\u00f3ng.<\/li>    <li>M\u00e1y nh\u1ed5 l\u00f4ng ng\u00f3n tay: S\u1eed d\u1ee5ng ng\u00f3n tay cao su \u0111\u1ec3 nh\u1ed5 l\u00f4ng nh\u1eb9 nh\u00e0ng.<\/li>    <li>M\u00e1y c\u1ea1o l\u00f4ng v\u00e0 nh\u1ed5 l\u00f4ng: K\u1ebft h\u1ee3p ch\u1ea7n v\u00e0 nh\u1ed5 l\u00f4ng c\u01a1 h\u1ecdc \u0111\u1ec3 lo\u1ea1i b\u1ecf l\u00f4ng hi\u1ec7u qu\u1ea3.<\/li> <\/ul>    <p class=\"wp-block-paragraph\">M\u00e1y c\u1ee7a ch\u00fang t\u00f4i l\u00e0 m\u00e1y th\u1ee9 hai s\u1ebd kh\u00f4ng g\u00e2y h\u1ea1i cho g\u00e0 v\u00e0 s\u1ebd duy tr\u00ec t\u00ednh nguy\u00ean v\u1eb9n c\u1ee7a g\u00e0.<\/p>   <div class=\"wp-block-image\"> <figure class=\"aligncenter size-full\"><img loading=\"lazy\" decoding=\"async\" width=\"720\" height=\"540\" src=\"https:\/\/meat-machine.com\/wp-content\/uploads\/2023\/07\/automatic-chicken-plucker-machine.webp\" alt=\"m\u00e1y v\u1eb7t l\u00f4ng g\u00e0 t\u1ef1 \u0111\u1ed9ng\" class=\"wp-image-443\" title=\"\" srcset=\"https:\/\/meat-machine.com\/wp-content\/uploads\/2023\/07\/automatic-chicken-plucker-machine.webp 720w, https:\/\/meat-machine.com\/wp-content\/uploads\/2023\/07\/automatic-chicken-plucker-machine-300x225.webp 300w\" sizes=\"auto, (max-width: 720px) 100vw, 720px\" \/><figcaption class=\"wp-element-caption\">m\u00e1y v\u1eb7t l\u00f4ng g\u00e0 t\u1ef1 \u0111\u1ed9ng<\/figcaption><\/figure> <\/div>   <h2 class=\"wp-block-heading\">\u1ee8ng d\u1ee5ng c\u1ee7a m\u00e1y v\u1eb7t l\u00f4ng g\u00e0 t\u1ef1 \u0111\u1ed9ng<\/h2>    <p class=\"wp-block-paragraph\">M\u00e1y v\u1eb7t l\u00f4ng g\u00e0 t\u1ef1 \u0111\u1ed9ng c\u00f3 \u1ee9ng d\u1ee5ng r\u1ed9ng r\u00e3i trong ng\u00e0nh ch\u0103n nu\u00f4i gia c\u1ea7m. M\u1ed9t s\u1ed1 l\u0129nh v\u1ef1c ch\u00ednh m\u00e0 c\u00e1c m\u00e1y n\u00e0y \u0111\u01b0\u1ee3c s\u1eed d\u1ee5ng bao g\u1ed3m:<\/p>    <ul class=\"wp-block-list\"> <li>Nh\u00e0 m\u00e1y ch\u1ebf bi\u1ebfn gia c\u1ea7m: M\u00e1y nh\u1ed5 l\u00f4ng g\u00e0 t\u1ef1 \u0111\u1ed9ng \u0111\u01b0\u1ee3c s\u1eed d\u1ee5ng r\u1ed9ng r\u00e3i trong c\u00e1c nh\u00e0 m\u00e1y ch\u1ebf bi\u1ebfn gia c\u1ea7m \u0111\u1ec3 lo\u1ea1i b\u1ecf l\u00f4ng quy m\u00f4 l\u1edbn. Nh\u1eefng m\u00e1y n\u00e0y \u0111\u1ea3m b\u1ea3o ch\u1ebf bi\u1ebfn g\u00e0 hi\u1ec7u qu\u1ea3 v\u00e0 h\u1ee3p v\u1ec7 sinh, ti\u1ebft ki\u1ec7m th\u1eddi gian v\u00e0 nh\u00e2n c\u00f4ng so v\u1edbi ph\u01b0\u01a1ng ph\u00e1p v\u1eb7t l\u00f4ng th\u1ee7 c\u00f4ng.<\/li>    <li>L\u00f2 m\u1ed5 g\u00e0: Lo\u1ea1i b\u1ecf l\u00f4ng l\u00e0 m\u1ed9t ph\u1ea7n kh\u00f4ng th\u1ec3 thi\u1ebfu trong qu\u00e1 tr\u00ecnh gi\u1ebft m\u1ed5 g\u00e0. M\u00e1y lo\u1ea1i b\u1ecf l\u00f4ng cho ph\u00e9p nh\u1ed5 l\u00f4ng nhanh ch\u00f3ng v\u00e0 hi\u1ec7u qu\u1ea3, g\u00f3p ph\u1ea7n \u0111\u01a1n gi\u1ea3n h\u00f3a c\u00e1c ho\u1ea1t \u0111\u1ed9ng v\u00e0 \u0111\u00e1p \u1ee9ng nhu c\u1ea7u x\u1eed l\u00fd kh\u1ed1i l\u01b0\u1ee3ng l\u1edbn.<\/li>    <li>Trang tr\u1ea1i gia c\u1ea7m: M\u00e1y v\u1eb7t l\u00f4ng g\u00e0 t\u1ef1 \u0111\u1ed9ng ng\u00e0y c\u00e0ng \u0111\u01b0\u1ee3c \u00e1p d\u1ee5ng nhi\u1ec1u \u1edf c\u00e1c trang tr\u1ea1i gia c\u1ea7m, \u0111\u1eb7c bi\u1ec7t l\u00e0 nh\u1eefng trang tr\u1ea1i c\u00f3 s\u1ed1 l\u01b0\u1ee3ng g\u00e0 l\u1edbn. C\u00e1c trang tr\u1ea1i c\u00f3 th\u1ec3 ch\u1ebf bi\u1ebfn g\u00e0 t\u1ea1i ch\u1ed7, \u0111\u1ea3m b\u1ea3o \u0111\u1ed9 t\u01b0\u01a1i v\u00e0 gi\u1ea3m chi ph\u00ed v\u1eadn chuy\u1ec3n.<\/li>    <li>C\u01a1 s\u1edf ch\u1ebf bi\u1ebfn th\u1ef1c ph\u1ea9m: M\u00e1y v\u1eb7t l\u00f4ng g\u00e0 t\u1ef1 \u0111\u1ed9ng \u0111\u00f3ng vai tr\u00f2 quan tr\u1ecdng trong c\u00e1c c\u01a1 s\u1edf ch\u1ebf bi\u1ebfn th\u1ef1c ph\u1ea9m chuy\u00ean v\u1ec1 c\u00e1c s\u1ea3n ph\u1ea9m t\u1eeb g\u00e0. Nh\u1eefng m\u00e1y n\u00e0y gi\u00fap duy tr\u00ec ch\u1ea5t l\u01b0\u1ee3ng s\u1ea3n ph\u1ea9m b\u1eb1ng c\u00e1ch \u0111\u1ea3m b\u1ea3o lo\u1ea1i b\u1ecf l\u00f4ng tri\u1ec7t \u0111\u1ec3, mang l\u1ea1i th\u1ecbt gia c\u1ea7m s\u1ea1ch v\u00e0 \u0111\u1eb9p m\u1eaft.<\/li> <\/ul>   <div class=\"wp-block-image\"> <figure class=\"aligncenter size-full\"><img loading=\"lazy\" decoding=\"async\" width=\"720\" height=\"540\" src=\"https:\/\/meat-machine.com\/wp-content\/uploads\/2023\/07\/application-of-the-machine.webp\" alt=\"\u1ee9ng d\u1ee5ng c\u1ee7a m\u00e1y\" class=\"wp-image-442\" title=\"\" srcset=\"https:\/\/meat-machine.com\/wp-content\/uploads\/2023\/07\/application-of-the-machine.webp 720w, https:\/\/meat-machine.com\/wp-content\/uploads\/2023\/07\/application-of-the-machine-300x225.webp 300w\" sizes=\"auto, (max-width: 720px) 100vw, 720px\" \/><figcaption class=\"wp-element-caption\">\u1ee9ng d\u1ee5ng c\u1ee7a m\u00e1y<\/figcaption><\/figure> <\/div>   <h2 class=\"wp-block-heading\">T\u1ea1i sao n\u00ean d\u00f9ng m\u00e1y v\u1eb7t l\u00f4ng g\u00e0 \u0111\u1ec3 nh\u1ed5 l\u00f4ng g\u00e0?<\/h2>    <p class=\"wp-block-paragraph\">Trong ch\u1ebf bi\u1ebfn gia c\u1ea7m, th\u1eddi gian l\u00e0 \u0111i\u1ec1u c\u1ed1t y\u1ebfu. V\u1edbi m\u00e1y nh\u1ed5 l\u00f4ng g\u00e0, th\u1eddi gian x\u1eed l\u00fd gi\u1ea3m \u0111\u00e1ng k\u1ec3, cho n\u0103ng su\u1ea5t nhanh h\u01a1n v\u00e0 n\u00e2ng cao hi\u1ec7u qu\u1ea3. Ngo\u00e0i ra, t\u00ednh ch\u1ea5t t\u1ef1 \u0111\u1ed9ng c\u1ee7a m\u00e1y gi\u00fap lo\u1ea1i b\u1ecf s\u1ef1 bi\u1ebfn \u0111\u1ed5i li\u00ean quan \u0111\u1ebfn vi\u1ec7c lo\u1ea1i b\u1ecf l\u00f4ng th\u1ee7 c\u00f4ng, \u0111\u1ea3m b\u1ea3o k\u1ebft qu\u1ea3 nh\u1ea5t qu\u00e1n v\u00e0 ch\u1ea5t l\u01b0\u1ee3ng s\u1ea3n ph\u1ea9m \u0111\u1ed3ng nh\u1ea5t.<\/p>    <p class=\"wp-block-paragraph\">M\u00e1y nh\u1ed5 l\u00f4ng g\u00e0 \u01b0u ti\u00ean s\u1ef1 an to\u00e0n c\u1ee7a ng\u01b0\u1eddi v\u1eadn h\u00e0nh. Ch\u00fang c\u00f3 c\u00e1c c\u01a1 ch\u1ebf an to\u00e0n \u0111\u1ec3 ng\u0103n ng\u1eeba tai n\u1ea1n, ch\u1eb3ng h\u1ea1n nh\u01b0 n\u00fat d\u1eebng kh\u1ea9n c\u1ea5p v\u00e0 v\u1ecf b\u1ea3o v\u1ec7. H\u01a1n n\u1eefa, nh\u1eefng c\u00e2n nh\u1eafc v\u1ec1 thi\u1ebft k\u1ebf c\u00f4ng th\u00e1i h\u1ecdc gi\u00fap n\u00e2ng cao s\u1ef1 tho\u1ea3i m\u00e1i cho ng\u01b0\u1eddi v\u1eadn h\u00e0nh trong qu\u00e1 tr\u00ecnh v\u1eadn h\u00e0nh m\u00e1y k\u00e9o d\u00e0i.<\/p>   <div class=\"wp-block-image\"> <figure class=\"aligncenter size-full\"><img loading=\"lazy\" decoding=\"async\" width=\"720\" height=\"540\" src=\"https:\/\/meat-machine.com\/wp-content\/uploads\/2023\/07\/customized-chicken-feather-plucking-machine.webp\" alt=\"m\u00e1y nh\u1ed5 l\u00f4ng g\u00e0 chuy\u00ean d\u1ee5ng\" class=\"wp-image-447\" title=\"\" srcset=\"https:\/\/meat-machine.com\/wp-content\/uploads\/2023\/07\/customized-chicken-feather-plucking-machine.webp 720w, https:\/\/meat-machine.com\/wp-content\/uploads\/2023\/07\/customized-chicken-feather-plucking-machine-300x225.webp 300w\" sizes=\"auto, (max-width: 720px) 100vw, 720px\" \/><figcaption class=\"wp-element-caption\">m\u00e1y nh\u1ed5 l\u00f4ng g\u00e0 chuy\u00ean d\u1ee5ng<\/figcaption><\/figure> <\/div>   <h2 class=\"wp-block-heading\">Mua M\u00e1y v\u1eb7t l\u00f4ng g\u00e0 \u1edf \u0111\u00e2u?<\/h2>    <ul class=\"wp-block-list\"> <li>Nh\u00e0 s\u1ea3n xu\u1ea5t thi\u1ebft b\u1ecb gia c\u1ea7m: Nhi\u1ec1u nh\u00e0 s\u1ea3n xu\u1ea5t chuy\u00ean s\u1ea3n xu\u1ea5t thi\u1ebft b\u1ecb ch\u1ebf bi\u1ebfn gia c\u1ea7m, ch\u1eb3ng h\u1ea1n nh\u01b0 m\u00e1y ch\u1ebf bi\u1ebfn th\u1ecbt Taizy. Ch\u00fang t\u00f4i cung c\u1ea5p nhi\u1ec1u lo\u1ea1i thi\u1ebft b\u1ecb ch\u1ebf bi\u1ebfn th\u1ecbt g\u00e0, ch\u1eb3ng h\u1ea1n nh\u01b0 m\u00e1y <a href=\"https:\/\/meat-machine.com\/vi\/san-pham\/may-cat-ga-tu-dong\/\">M\u00e1y c\u1eaft th\u1ecbt g\u00e0<\/a>, <a href=\"https:\/\/meat-machine.com\/vi\/san-pham\/day-chuyen-che-bien-chan-ga\/\">M\u00e1y ch\u1ebf bi\u1ebfn ch\u00e2n g\u00e0<\/a>c\u00e1t <a href=\"https:\/\/meat-machine.com\/vi\/san-pham\/may-hun-khoi-thit\/\">M\u00e1y h\u00fat thu\u1ed1c cho g\u00e0<\/a>, v\u00e2n v\u00e2n.<\/li>    <li>Nh\u00e0 b\u00e1n l\u1ebb thi\u1ebft b\u1ecb c\u00f4ng nghi\u1ec7p tr\u1ef1c tuy\u1ebfn: Nhi\u1ec1u nh\u00e0 b\u00e1n l\u1ebb tr\u1ef1c tuy\u1ebfn chuy\u00ean b\u00e1n thi\u1ebft b\u1ecb v\u00e0 m\u00e1y m\u00f3c c\u00f4ng nghi\u1ec7p. C\u00e1c trang web nh\u01b0 <a href=\"https:\/\/en.wikipedia.org\/wiki\/Alibaba_Group\" target=\"_blank\" rel=\"noopener\">Alibaba<\/a>, Amazon v\u00e0 eBay th\u01b0\u1eddng c\u00f3 s\u1eb5n nhi\u1ec1u lo\u1ea1i m\u00e1y nh\u1ed5 l\u00f4ng g\u00e0 \u0111\u1ec3 b\u1ea1n mua. B\u1ea1n c\u00f3 th\u1ec3 duy\u1ec7t qua danh s\u00e1ch c\u1ee7a h\u1ecd, so s\u00e1nh gi\u00e1 c\u1ea3 v\u00e0 \u0111\u1ecdc \u0111\u00e1nh gi\u00e1 c\u1ee7a kh\u00e1ch h\u00e0ng \u0111\u1ec3 \u0111\u01b0a ra quy\u1ebft \u0111\u1ecbnh s\u00e1ng su\u1ed1t.<\/li>    <li>C\u00e1c c\u00f4ng ty cung \u1ee9ng n\u00f4ng nghi\u1ec7p: C\u00e1c c\u00f4ng ty cung \u1ee9ng n\u00f4ng nghi\u1ec7p \u0111\u1ecba ph\u01b0\u01a1ng ho\u1eb7c khu v\u1ef1c c\u00f3 th\u1ec3 cung c\u1ea5p thi\u1ebft b\u1ecb ch\u1ebf bi\u1ebfn gia c\u1ea7m, bao g\u1ed3m c\u1ea3 m\u00e1y lo\u1ea1i b\u1ecf l\u00f4ng g\u00e0. C\u00e1c c\u00f4ng ty n\u00e0y ph\u1ee5c v\u1ee5 nhu c\u1ea7u c\u1ee7a n\u00f4ng d\u00e2n, nh\u00e0 ch\u1ebf bi\u1ebfn gia c\u1ea7m v\u00e0 c\u01a1 s\u1edf ch\u1ebf bi\u1ebfn th\u1ef1c ph\u1ea9m. B\u1ea1n c\u00f3 th\u1ec3 t\u00ecm ki\u1ebfm nh\u1eefng c\u00f4ng ty nh\u01b0 v\u1eady trong khu v\u1ef1c c\u1ee7a m\u00ecnh v\u00e0 li\u00ean h\u1ec7 v\u1edbi h\u1ecd \u0111\u1ec3 h\u1ecfi v\u1ec1 s\u1ef1 s\u1eb5n c\u00f3 c\u1ee7a m\u00e1y lo\u1ea1i b\u1ecf l\u00f4ng g\u00e0.<\/li> <\/ul>","protected":false},"excerpt":{"rendered":"<p>A chicken feather removal machine is a device used to remove feathers from chickens, particularly poultry chickens. It is commonly used in poultry farming and meat processing industries. How Does a Chicken Feather Removal Machine Work? Many people want to know how are chicken feathers removed, and then we will explain to you.A chicken feather [&hellip;]<\/p>\n","protected":false},"author":1,"featured_media":445,"parent":0,"template":"","tags":[30],"product-type":[4],"class_list":["post-441","product","type-product","status-publish","has-post-thumbnail","hentry","tag-chicken-feather-removal-machine","product-type-meat-grinder"],"_links":{"self":[{"href":"https:\/\/meat-machine.com\/vi\/wp-json\/wp\/v2\/product\/441","targetHints":{"allow":["GET"]}}],"collection":[{"href":"https:\/\/meat-machine.com\/vi\/wp-json\/wp\/v2\/product"}],"about":[{"href":"https:\/\/meat-machine.com\/vi\/wp-json\/wp\/v2\/types\/product"}],"author":[{"embeddable":true,"href":"https:\/\/meat-machine.com\/vi\/wp-json\/wp\/v2\/users\/1"}],"wp:featuredmedia":[{"embeddable":true,"href":"https:\/\/meat-machine.com\/vi\/wp-json\/wp\/v2\/media\/445"}],"wp:attachment":[{"href":"https:\/\/meat-machine.com\/vi\/wp-json\/wp\/v2\/media?parent=441"}],"wp:term":[{"taxonomy":"post_tag","embeddable":true,"href":"https:\/\/meat-machine.com\/vi\/wp-json\/wp\/v2\/tags?post=441"},{"taxonomy":"product-type","embeddable":true,"href":"https:\/\/meat-machine.com\/vi\/wp-json\/wp\/v2\/product-type?post=441"}],"curies":[{"name":"wp","href":"https:\/\/api.w.org\/{rel}","templated":true}]}}