{"id":436,"date":"2023-06-30T14:43:54","date_gmt":"2023-06-30T06:43:54","guid":{"rendered":"https:\/\/meat-machine.com\/?post_type=product&#038;p=436"},"modified":"2023-06-30T14:43:55","modified_gmt":"2023-06-30T06:43:55","slug":"may-phi-le-ca-thuong-mai","status":"publish","type":"product","link":"https:\/\/meat-machine.com\/vi\/product\/commercial-fish-fillet-machine\/","title":{"rendered":"M\u00e1y phi l\u00ea c\u00e1 th\u01b0\u01a1ng m\u1ea1i"},"content":{"rendered":"<div class=\"kk-star-ratings kksr-auto kksr-align-left kksr-valign-top\"     data-payload='{&quot;align&quot;:&quot;left&quot;,&quot;id&quot;:&quot;436&quot;,&quot;slug&quot;:&quot;default&quot;,&quot;valign&quot;:&quot;top&quot;,&quot;ignore&quot;:&quot;&quot;,&quot;reference&quot;:&quot;auto&quot;,&quot;class&quot;:&quot;&quot;,&quot;count&quot;:&quot;30&quot;,&quot;legendonly&quot;:&quot;&quot;,&quot;readonly&quot;:&quot;&quot;,&quot;score&quot;:&quot;4.9&quot;,&quot;starsonly&quot;:&quot;&quot;,&quot;best&quot;:&quot;5&quot;,&quot;gap&quot;:&quot;5&quot;,&quot;greet&quot;:&quot;Rate this product&quot;,&quot;legend&quot;:&quot;4.9\\\/5 - (30 b\u00ecnh ch\u1ecdn)&quot;,&quot;size&quot;:&quot;24&quot;,&quot;title&quot;:&quot;Commercial Fish Fillet Machine&quot;,&quot;width&quot;:&quot;139.6&quot;,&quot;_legend&quot;:&quot;{score}\\\/{best} - ({count} {votes})&quot;,&quot;font_factor&quot;:&quot;1.25&quot;}'>              <div class=\"kksr-stars\">      <div class=\"kksr-stars-inactive\">             <div class=\"kksr-star\" data-star=\"1\" style=\"padding-right: 5px\">               <div class=\"kksr-icon\" style=\"width: 24px; height: 24px;\"><\/div>         <\/div>             <div class=\"kksr-star\" data-star=\"2\" style=\"padding-right: 5px\">               <div class=\"kksr-icon\" style=\"width: 24px; height: 24px;\"><\/div>         <\/div>             <div class=\"kksr-star\" data-star=\"3\" style=\"padding-right: 5px\">               <div class=\"kksr-icon\" style=\"width: 24px; height: 24px;\"><\/div>         <\/div>             <div class=\"kksr-star\" data-star=\"4\" style=\"padding-right: 5px\">               <div class=\"kksr-icon\" style=\"width: 24px; height: 24px;\"><\/div>         <\/div>             <div class=\"kksr-star\" data-star=\"5\" style=\"padding-right: 5px\">               <div class=\"kksr-icon\" style=\"width: 24px; height: 24px;\"><\/div>         <\/div>     <\/div>      <div class=\"kksr-stars-active\" style=\"width: 139.6px;\">             <div class=\"kksr-star\" style=\"padding-right: 5px\">               <div class=\"kksr-icon\" style=\"width: 24px; height: 24px;\"><\/div>         <\/div>             <div class=\"kksr-star\" style=\"padding-right: 5px\">               <div class=\"kksr-icon\" style=\"width: 24px; height: 24px;\"><\/div>         <\/div>             <div class=\"kksr-star\" style=\"padding-right: 5px\">               <div class=\"kksr-icon\" style=\"width: 24px; height: 24px;\"><\/div>         <\/div>             <div class=\"kksr-star\" style=\"padding-right: 5px\">               <div class=\"kksr-icon\" style=\"width: 24px; height: 24px;\"><\/div>         <\/div>             <div class=\"kksr-star\" style=\"padding-right: 5px\">               <div class=\"kksr-icon\" style=\"width: 24px; height: 24px;\"><\/div>         <\/div>     <\/div> <\/div>                   <div class=\"kksr-legend\" style=\"font-size: 19.2px;\">             4.9\/5 - (30 l\u01b0\u1ee3t b\u00ecnh ch\u1ecdn)    <\/div>     <\/div>  <p class=\"wp-block-paragraph\">V\u1edbi nhu c\u1ea7u h\u1ea3i s\u1ea3n t\u01b0\u01a1i s\u1ed1ng ng\u00e0y c\u00e0ng t\u0103ng, ng\u00e0nh ch\u1ebf bi\u1ebfn th\u1ee7y s\u1ea3n kh\u00f4ng ng\u1eebng t\u00ecm ki\u1ebfm c\u00e1c gi\u1ea3i ph\u00e1p s\u00e1ng t\u1ea1o \u0111\u1ec3 n\u00e2ng cao hi\u1ec7u qu\u1ea3 v\u00e0 \u0111\u1ed9 ch\u00ednh x\u00e1c. <\/p>    <p class=\"wp-block-paragraph\">M\u1ed9t gi\u1ea3i ph\u00e1p nh\u01b0 v\u1eady \u0111\u00e3 thu h\u00fat \u0111\u01b0\u1ee3c s\u1ef1 ch\u00fa \u00fd \u0111\u00e1ng k\u1ec3 l\u00e0 m\u00e1y phi l\u00ea c\u00e1 th\u01b0\u01a1ng m\u1ea1i. C\u00f4ng ngh\u1ec7 ti\u00ean ti\u1ebfn n\u00e0y c\u00e1ch m\u1ea1ng h\u00f3a c\u00e1ch th\u00e1i c\u00e1 v\u00e0 mang l\u1ea1i nhi\u1ec1u l\u1ee3i \u00edch cho c\u00e1c nh\u00e0 ch\u1ebf bi\u1ebfn h\u1ea3i s\u1ea3n.<\/p>   <div class=\"wp-block-image\"> <figure class=\"aligncenter size-full\"><img loading=\"lazy\" decoding=\"async\" width=\"720\" height=\"640\" src=\"https:\/\/meat-machine.com\/wp-content\/uploads\/2023\/06\/commercial-fish-fillet-machine.webp\" alt=\"m\u00e1y phi l\u00ea c\u00e1 th\u01b0\u01a1ng m\u1ea1i\" class=\"wp-image-438\" title=\"\" srcset=\"https:\/\/meat-machine.com\/wp-content\/uploads\/2023\/06\/commercial-fish-fillet-machine.webp 720w, https:\/\/meat-machine.com\/wp-content\/uploads\/2023\/06\/commercial-fish-fillet-machine-300x267.webp 300w\" sizes=\"auto, (max-width: 720px) 100vw, 720px\" \/><figcaption class=\"wp-element-caption\">m\u00e1y phi l\u00ea c\u00e1 th\u01b0\u01a1ng m\u1ea1i<\/figcaption><\/figure> <\/div>   <h2 class=\"wp-block-heading\">T\u1ea7m quan tr\u1ecdng c\u1ee7a m\u00e1y phi l\u00ea c\u00e1 th\u01b0\u01a1ng m\u1ea1i<\/h2>    <p class=\"wp-block-paragraph translation-block\">Khi n\u00f3i \u0111\u1ebfn <a href=\"https:\/\/meat-machine.com\/vi\/san-pham-2\/may-che-bien-ca\/\">ch\u1ebf bi\u1ebfn c\u00e1<\/a>, \u0111\u1ed9 ch\u00ednh x\u00e1c v\u00e0 t\u1ed1c \u0111\u1ed9 l\u00e0 nh\u1eefng y\u1ebfu t\u1ed1 quan tr\u1ecdng \u1ea3nh h\u01b0\u1edfng tr\u1ef1c ti\u1ebfp \u0111\u1ebfn ch\u1ea5t l\u01b0\u1ee3ng s\u1ea3n ph\u1ea9m v\u00e0 s\u1ea3n l\u01b0\u1ee3ng s\u1ea3n xu\u1ea5t. M\u1ed9t m\u00e1y fillet c\u00e1 th\u01b0\u01a1ng m\u1ea1i lo\u1ea1i b\u1ecf nhu c\u1ea7u c\u1eaft b\u1eb1ng tay, cung c\u1ea5p nh\u1eefng l\u00e1t c\u1eaft \u0111\u1ed3ng nh\u1ea5t v\u00e0 \u0111\u1ec1u \u0111\u1eb7n m\u1ed7i l\u1ea7n. Quy tr\u00ecnh t\u1ef1 \u0111\u1ed9ng n\u00e0y \u0111\u1ea3m b\u1ea3o r\u1eb1ng m\u1ed7i l\u00e1t c\u1eaft \u0111\u00e1p \u1ee9ng c\u00e1c th\u00f4ng s\u1ed1 k\u1ef9 thu\u1eadt y\u00eau c\u1ea7u, n\u00e2ng cao t\u1ed5ng th\u1ec3 s\u1ef1 tr\u00ecnh b\u00e0y v\u00e0 gi\u00e1 tr\u1ecb th\u1ecb tr\u01b0\u1eddng c\u1ee7a c\u00e1.<\/p>    <h2 class=\"wp-block-heading\">C\u1ea7n b\u00e1n m\u00e1y phi l\u00ea c\u00e1<\/h2>    <figure class=\"wp-block-table\"><table><tbody><tr><td>T\u00ean<\/td><td>M\u00e1y th\u00e1i c\u00e1<\/td><\/tr><tr><td>K\u00edch th\u01b0\u1edbc (mm)<\/td><td>1030*700*850<\/td><\/tr><tr><td>\u0110i\u1ec7n \u00e1p (v)<\/td><td>220<\/td><\/tr><tr><td>Tr\u1ecdng l\u01b0\u1ee3ng (kg)<\/td><td>160<\/td><\/tr><tr><td>Dung t\u00edch<\/td><td>200kg\/gi\u1edd<\/td><\/tr><\/tbody><\/table><\/figure>    <p class=\"wp-block-paragraph\">Ngo\u00e0i c\u00e1c lo\u1ea1i m\u00e1y tr\u00ean, ch\u00fang t\u00f4i c\u00f2n c\u00f3 b\u00e1n nhi\u1ec1u m\u1eabu m\u00e1y phi l\u00ea c\u00e1 kh\u00e1c. N\u1ebfu b\u1ea1n c\u1ea7n chi\u1ebfc m\u00e1y th\u00e1i c\u00e1 \u0111a n\u0103ng n\u00e0y, vui l\u00f2ng li\u00ean h\u1ec7 v\u1edbi ch\u00fang t\u00f4i.<\/p>    <figure class=\"wp-block-embed is-type-video is-provider-youtube wp-block-embed-youtube wp-embed-aspect-16-9 wp-has-aspect-ratio\"><div class=\"wp-block-embed__wrapper\"> <iframe loading=\"lazy\" title=\"M\u00e1y th\u00e1i c\u00e1 t\u1ed1t nh\u1ea5t | C\u1ea7n b\u00e1n m\u00e1y phi l\u00ea c\u00e1 | M\u00e1y c\u1eaft c\u00e1 #shorts\" width=\"500\" height=\"281\" src=\"https:\/\/www.youtube.com\/embed\/sXfbZ0-f8vc?feature=oembed\" frameborder=\"0\" allow=\"accelerometer; autoplay; clipboard-write; encrypted-media; gyroscope; picture-in-picture; web-share\" referrerpolicy=\"strict-origin-when-cross-origin\" allowfullscreen><\/iframe> <\/div><\/figure>    <h2 class=\"wp-block-heading\">C\u00e1c t\u00ednh n\u0103ng ch\u00ednh c\u1ee7a m\u00e1y phi l\u00ea c\u00e1 th\u01b0\u01a1ng m\u1ea1i<\/h2>    <p class=\"wp-block-paragraph\">M\u00e1y phi l\u00ea c\u00e1 th\u01b0\u01a1ng m\u1ea1i hi\u1ec7n \u0111\u1ea1i \u0111\u01b0\u1ee3c trang b\u1ecb nhi\u1ec1u t\u00ednh n\u0103ng ti\u00ean ti\u1ebfn gi\u00fap t\u1ed1i \u01b0u h\u00f3a hi\u1ec7u su\u1ea5t v\u00e0 n\u0103ng su\u1ea5t. Nh\u1eefng m\u00e1y n\u00e0y th\u01b0\u1eddng bao g\u1ed3m \u0111\u1ed9 d\u00e0y c\u1eaft c\u00f3 th\u1ec3 \u0111i\u1ec1u ch\u1ec9nh, cho ph\u00e9p c\u00e1c nh\u00e0 ch\u1ebf bi\u1ebfn h\u1ea3i s\u1ea3n ph\u1ee5c v\u1ee5 c\u00e1c s\u1edf th\u00edch c\u1ee5 th\u1ec3 c\u1ee7a kh\u00e1ch h\u00e0ng. Ngo\u00e0i ra, m\u1ed9t s\u1ed1 ki\u1ec3u m\u00e1y c\u00f2n cung c\u1ea5p kh\u1ea3 n\u0103ng c\u1eaft l\u00e1t t\u1ed1c \u0111\u1ed9 cao, \u0111\u1ea3m b\u1ea3o x\u1eed l\u00fd nhanh ch\u00f3ng s\u1ed1 l\u01b0\u1ee3ng l\u1edbn c\u00e1 m\u00e0 kh\u00f4ng \u1ea3nh h\u01b0\u1edfng \u0111\u1ebfn \u0111\u1ed9 ch\u00ednh x\u00e1c.<\/p>   <div class=\"wp-block-image\"> <figure class=\"aligncenter size-full\"><img loading=\"lazy\" decoding=\"async\" width=\"720\" height=\"540\" src=\"https:\/\/meat-machine.com\/wp-content\/uploads\/2022\/11\/slicing-effect-of-the-fish-filleter-machine.webp\" alt=\"t\u00e1c d\u1ee5ng c\u1eaft l\u00e1t c\u1ee7a m\u00e1y phi l\u00ea c\u00e1\" class=\"wp-image-224\" title=\"\" srcset=\"https:\/\/meat-machine.com\/wp-content\/uploads\/2022\/11\/slicing-effect-of-the-fish-filleter-machine.webp 720w, https:\/\/meat-machine.com\/wp-content\/uploads\/2022\/11\/slicing-effect-of-the-fish-filleter-machine-300x225.webp 300w\" sizes=\"auto, (max-width: 720px) 100vw, 720px\" \/><figcaption class=\"wp-element-caption\">t\u00e1c d\u1ee5ng c\u1eaft l\u00e1t c\u1ee7a m\u00e1y phi l\u00ea c\u00e1<\/figcaption><\/figure> <\/div>   <h2 class=\"wp-block-heading\">L\u1ee3i \u00edch c\u1ee7a vi\u1ec7c s\u1eed d\u1ee5ng m\u00e1y phi l\u00ea c\u00e1<\/h2>    <p class=\"wp-block-paragraph\">\u0110\u1ea7u t\u01b0 m\u00e1y phi l\u00ea c\u00e1 th\u01b0\u01a1ng m\u1ea1i mang l\u1ea1i nhi\u1ec1u l\u1ee3i th\u1ebf cho c\u00e1c doanh nghi\u1ec7p ch\u1ebf bi\u1ebfn th\u1ee7y s\u1ea3n.<\/p>    <ol class=\"wp-block-list\"> <li>Th\u1ee9 nh\u1ea5t, n\u00f3 l\u00e0m gi\u1ea3m \u0111\u00e1ng k\u1ec3 chi ph\u00ed lao \u0111\u1ed9ng b\u1eb1ng c\u00e1ch lo\u1ea1i b\u1ecf nhu c\u1ea7u c\u1eaft l\u00e1t th\u1ee7 c\u00f4ng, d\u1eabn \u0111\u1ebfn t\u0103ng hi\u1ec7u qu\u1ea3 ho\u1ea1t \u0111\u1ed9ng.<\/li>    <li>Th\u1ee9 hai, \u0111\u1ed9 ch\u00ednh x\u00e1c c\u1ee7a m\u00e1y \u0111\u1ea3m b\u1ea3o l\u00e3ng ph\u00ed t\u1ed1i thi\u1ec3u v\u00e0 \u0111\u1ed9 d\u00e0y l\u00e1t c\u1eaft \u0111\u1ed3ng nh\u1ea5t, d\u1eabn \u0111\u1ebfn n\u0103ng su\u1ea5t s\u1ea3n ph\u1ea9m cao h\u01a1n v\u00e0 s\u1ef1 h\u00e0i l\u00f2ng c\u1ee7a kh\u00e1ch h\u00e0ng \u0111\u01b0\u1ee3c c\u1ea3i thi\u1ec7n.<\/li>    <li>H\u01a1n n\u1eefa, m\u00e1y phi l\u00ea c\u00e1 th\u01b0\u01a1ng m\u1ea1i gi\u00fap t\u0103ng c\u01b0\u1eddng an to\u00e0n t\u1ea1i n\u01a1i l\u00e0m vi\u1ec7c b\u1eb1ng c\u00e1ch gi\u1ea3m nguy c\u01a1 tai n\u1ea1n li\u00ean quan \u0111\u1ebfn vi\u1ec7c th\u00e1i l\u00e1t th\u1ee7 c\u00f4ng. N\u00f3 c\u0169ng cho ph\u00e9p th\u1eddi gian x\u1eed l\u00fd nhanh h\u01a1n, cho ph\u00e9p doanh nghi\u1ec7p \u0111\u00e1p \u1ee9ng th\u1eddi h\u1ea1n ch\u1eb7t ch\u1ebd v\u00e0 \u0111\u00e1p \u1ee9ng th\u1eddi gian c\u00f3 nhu c\u1ea7u cao m\u1ed9t c\u00e1ch hi\u1ec7u qu\u1ea3 h\u01a1n. Nh\u1eefng l\u1ee3i \u00edch n\u00e0y g\u00f3p ph\u1ea7n n\u00e2ng cao l\u1ee3i nhu\u1eadn v\u00e0 kh\u1ea3 n\u0103ng c\u1ea1nh tranh chung c\u1ee7a ho\u1ea1t \u0111\u1ed9ng ch\u1ebf bi\u1ebfn th\u1ee7y s\u1ea3n.<\/li> <\/ol>    <h2 class=\"wp-block-heading\">L\u00e0m sao \u0111\u1ec3 ch\u1ecdn \u0111\u01b0\u1ee3c m\u00e1y th\u00e1i c\u00e1 t\u01b0\u01a1i t\u1ef1 \u0111\u1ed9ng ph\u00f9 h\u1ee3p?<\/h2>    <p class=\"wp-block-paragraph\">Khi l\u1ef1a ch\u1ecdn m\u00e1y th\u00e1i c\u00e1 t\u01b0\u01a1i t\u1ef1 \u0111\u1ed9ng, c\u1ea7n ph\u1ea3i xem x\u00e9t m\u1ed9t s\u1ed1 y\u1ebfu t\u1ed1.<\/p>    <ol class=\"wp-block-list\"> <li>Th\u1ee9 nh\u1ea5t, m\u00e1y ph\u1ea3i c\u00f3 kh\u1ea3 n\u0103ng x\u1eed l\u00fd nhi\u1ec1u lo\u1ea1i v\u00e0 k\u00edch c\u1ee1 kh\u00e1c nhau c\u1ee7a <a href=\"https:\/\/en.wikipedia.org\/wiki\/Fish\" target=\"_blank\" rel=\"noopener\">c\u00e1<\/a> \u0111\u1ec3 \u0111\u1ea3m b\u1ea3o t\u00ednh linh ho\u1ea1t trong ch\u1ebf bi\u1ebfn.<\/li>    <li>Ngo\u00e0i ra, vi\u1ec7c \u0111\u00e1nh gi\u00e1 \u0111\u1ed9 ch\u00ednh x\u00e1c v\u00e0 kh\u1ea3 n\u0103ng \u0111i\u1ec1u ch\u1ec9nh c\u1ee7a m\u00e1y c\u1eaft l\u00e0 r\u1ea5t quan tr\u1ecdng \u0111\u1ec3 \u0111\u00e1p \u1ee9ng c\u00e1c y\u00eau c\u1ea7u s\u1ea3n ph\u1ea9m c\u1ee5 th\u1ec3.<\/li>    <li>\u0110\u1ed9 b\u1ec1n v\u00e0 \u0111\u1ed9 tin c\u1eady c\u1ee7a m\u00e1y c\u0169ng l\u00e0 nh\u1eefng c\u00e2n nh\u1eafc quan tr\u1ecdng.<\/li>    <li>L\u1ef1a ch\u1ecdn m\u1ed9t th\u01b0\u01a1ng hi\u1ec7u uy t\u00edn c\u00f3 ch\u1ebf \u0111\u1ed9 b\u1ea3o h\u00e0nh v\u00e0 h\u1ed7 tr\u1ee3 kh\u00e1ch h\u00e0ng tuy\u1ec7t v\u1eddi s\u1ebd \u0111\u1ea3m b\u1ea3o gi\u00e1 tr\u1ecb l\u00e2u d\u00e0i v\u00e0 s\u1ef1 an t\u00e2m.<\/li>    <li>Cu\u1ed1i c\u00f9ng, vi\u1ec7c xem x\u00e9t y\u00eau c\u1ea7u b\u1ea3o tr\u00ec c\u1ee7a m\u00e1y v\u00e0 s\u1ef1 d\u1ec5 d\u00e0ng trong vi\u1ec7c v\u1ec7 sinh c\u00f3 th\u1ec3 g\u00f3p ph\u1ea7n v\u00e0o ho\u1ea1t \u0111\u1ed9ng su\u00f4n s\u1ebb v\u00e0 k\u00e9o d\u00e0i tu\u1ed5i th\u1ecd c\u1ee7a m\u00e1y.<\/li> <\/ol>   <div class=\"wp-block-image\"> <figure class=\"aligncenter size-full\"><img loading=\"lazy\" decoding=\"async\" width=\"750\" height=\"470\" src=\"https:\/\/meat-machine.com\/wp-content\/uploads\/2022\/11\/product-application.webp\" alt=\"\u1ee9ng d\u1ee5ng s\u1ea3n ph\u1ea9m\" class=\"wp-image-223\" title=\"\" srcset=\"https:\/\/meat-machine.com\/wp-content\/uploads\/2022\/11\/product-application.webp 750w, https:\/\/meat-machine.com\/wp-content\/uploads\/2022\/11\/product-application-300x188.webp 300w\" sizes=\"auto, (max-width: 750px) 100vw, 750px\" \/><figcaption class=\"wp-element-caption\">\u1ee9ng d\u1ee5ng s\u1ea3n ph\u1ea9m<\/figcaption><\/figure> <\/div>   <h2 class=\"wp-block-heading\">L\u1eddi khuy\u00ean b\u1ea3o tr\u00ec cho m\u00e1y phi l\u00ea c\u00e1 th\u01b0\u01a1ng m\u1ea1i c\u1ee7a b\u1ea1n<\/h2>    <ul class=\"wp-block-list\"> <li>\u0110\u1ec3 t\u1ed1i \u0111a h\u00f3a tu\u1ed5i th\u1ecd v\u00e0 hi\u1ec7u su\u1ea5t c\u1ee7a m\u00e1y phi l\u00ea c\u00e1 th\u01b0\u01a1ng m\u1ea1i c\u1ee7a b\u1ea1n, vi\u1ec7c b\u1ea3o tr\u00ec th\u01b0\u1eddng xuy\u00ean l\u00e0 \u0111i\u1ec1u c\u1ea7n thi\u1ebft. D\u01b0\u1edbi \u0111\u00e2y l\u00e0 m\u1ed9t s\u1ed1 m\u1eb9o ch\u00ednh c\u1ea7n ghi nh\u1edb:<\/li>    <li>L\u00e0m s\u1ea1ch m\u00e1y k\u1ef9 l\u01b0\u1ee1ng sau m\u1ed7i l\u1ea7n s\u1eed d\u1ee5ng \u0111\u1ec3 lo\u1ea1i b\u1ecf c\u1eb7n ho\u1eb7c m\u1ea3nh v\u1ee5n c\u00f3 th\u1ec3 \u1ea3nh h\u01b0\u1edfng \u0111\u1ebfn hi\u1ec7u su\u1ea5t ho\u1eb7c v\u1ec7 sinh c\u1ee7a m\u00e1y.<\/li>    <li>Th\u01b0\u1eddng xuy\u00ean ki\u1ec3m tra v\u00e0 thay th\u1ebf c\u00e1c b\u1ed9 ph\u1eadn b\u1ecb m\u00f2n ho\u1eb7c h\u01b0 h\u1ecfng \u0111\u1ec3 ng\u0103n ng\u1eeba s\u1ef1 c\u1ed1 kh\u00f4ng mong mu\u1ed1n v\u00e0 \u0111\u1ea3m b\u1ea3o ch\u1ea5t l\u01b0\u1ee3ng c\u1eaft \u1ed5n \u0111\u1ecbnh.<\/li>    <li>B\u00f4i tr\u01a1n c\u00e1c b\u1ed9 ph\u1eadn chuy\u1ec3n \u0111\u1ed9ng theo khuy\u1ebfn ngh\u1ecb c\u1ee7a nh\u00e0 s\u1ea3n xu\u1ea5t \u0111\u1ec3 gi\u1ea3m ma s\u00e1t v\u00e0 n\u00e2ng cao hi\u1ec7u su\u1ea5t c\u1ee7a m\u00e1y.<\/li>    <li>Tu\u00e2n theo h\u01b0\u1edbng d\u1eabn c\u1ee7a nh\u00e0 s\u1ea3n xu\u1ea5t v\u1ec1 b\u1ea3o tr\u00ec \u0111\u1ecbnh k\u1ef3, ch\u1eb3ng h\u1ea1n nh\u01b0 m\u00e0i l\u01b0\u1ee1i dao ho\u1eb7c thay th\u1ebf d\u00e2y \u0111ai, \u0111\u1ec3 t\u1ed1i \u01b0u h\u00f3a hi\u1ec7u su\u1ea5t.<\/li>    <li>\u0110\u00e0o t\u1ea1o nh\u00e2n vi\u00ean c\u1ee7a b\u1ea1n v\u1ec1 c\u00e1ch v\u1eadn h\u00e0nh v\u00e0 b\u1ea3o tr\u00ec m\u00e1y th\u00edch h\u1ee3p \u0111\u1ec3 gi\u1ea3m thi\u1ec3u nguy c\u01a1 tai n\u1ea1n v\u00e0 \u0111\u1ea3m b\u1ea3o s\u1eed d\u1ee5ng t\u1ed1i \u01b0u.<\/li> <\/ul>    <p class=\"wp-block-paragraph translation-block\">M\u1ed9t m\u00e1y fillet c\u00e1 th\u01b0\u01a1ng m\u1ea1i l\u00e0 m\u1ed9t b\u01b0\u1edbc \u0111\u1ed9t ph\u00e1 trong <a href=\"https:\/\/meat-machine.com\/vi\/\">ng\u00e0nh ch\u1ebf bi\u1ebfn th\u1ecbt<\/a>, mang l\u1ea1i hi\u1ec7u qu\u1ea3 v\u00e0 \u0111\u1ed9 ch\u00ednh x\u00e1c v\u00f4 song. \u00dd ngh\u0129a c\u1ee7a n\u00f3 n\u1eb1m \u1edf kh\u1ea3 n\u0103ng \u0111\u01a1n gi\u1ea3n h\u00f3a quy tr\u00ecnh, c\u1ea3i thi\u1ec7n ch\u1ea5t l\u01b0\u1ee3ng s\u1ea3n ph\u1ea9m v\u00e0 n\u00e2ng cao n\u0103ng su\u1ea5t t\u1ed5ng th\u1ec3. B\u1eb1ng c\u00e1ch \u0111\u1ea7u t\u01b0 v\u00e0o m\u00e1y fillet c\u00e1 th\u01b0\u01a1ng m\u1ea1i ph\u00f9 h\u1ee3p, c\u00e1c doanh nghi\u1ec7p c\u00f3 th\u1ec3 \u0111i tr\u01b0\u1edbc \u0111\u1ed1i th\u1ee7 c\u1ea1nh tranh v\u00e0 \u0111\u00e1p \u1ee9ng nhu c\u1ea7u ng\u00e0y c\u00e0ng t\u0103ng c\u1ee7a th\u1ecb tr\u01b0\u1eddng.<\/p>","protected":false},"excerpt":{"rendered":"<p>With the increasing demand for fresh seafood, the seafood processing industry is constantly seeking innovative solutions to improve efficiency and precision. One such solution that has gained significant attention is the commercial fish fillet machine. This cutting-edge technology revolutionizes the way fish is sliced and offers numerous benefits to seafood processors. The Significance of a [&hellip;]<\/p>\n","protected":false},"author":1,"featured_media":437,"parent":0,"template":"","tags":[20],"product-type":[25],"class_list":["post-436","product","type-product","status-publish","has-post-thumbnail","hentry","tag-fish-slicer-machine","product-type-fish-processing-machine"],"_links":{"self":[{"href":"https:\/\/meat-machine.com\/vi\/wp-json\/wp\/v2\/product\/436","targetHints":{"allow":["GET"]}}],"collection":[{"href":"https:\/\/meat-machine.com\/vi\/wp-json\/wp\/v2\/product"}],"about":[{"href":"https:\/\/meat-machine.com\/vi\/wp-json\/wp\/v2\/types\/product"}],"author":[{"embeddable":true,"href":"https:\/\/meat-machine.com\/vi\/wp-json\/wp\/v2\/users\/1"}],"wp:featuredmedia":[{"embeddable":true,"href":"https:\/\/meat-machine.com\/vi\/wp-json\/wp\/v2\/media\/437"}],"wp:attachment":[{"href":"https:\/\/meat-machine.com\/vi\/wp-json\/wp\/v2\/media?parent=436"}],"wp:term":[{"taxonomy":"post_tag","embeddable":true,"href":"https:\/\/meat-machine.com\/vi\/wp-json\/wp\/v2\/tags?post=436"},{"taxonomy":"product-type","embeddable":true,"href":"https:\/\/meat-machine.com\/vi\/wp-json\/wp\/v2\/product-type?post=436"}],"curies":[{"name":"wp","href":"https:\/\/api.w.org\/{rel}","templated":true}]}}