{"id":421,"date":"2023-06-16T15:06:48","date_gmt":"2023-06-16T07:06:48","guid":{"rendered":"https:\/\/meat-machine.com\/?post_type=product&#038;p=421"},"modified":"2023-06-16T15:06:51","modified_gmt":"2023-06-16T07:06:51","slug":"may-tron-thit","status":"publish","type":"product","link":"https:\/\/meat-machine.com\/vi\/product\/meat-tumbler-machine\/","title":{"rendered":"M\u00e1y xay th\u1ecbt | M\u00e1y h\u00fat ch\u00e2n kh\u00f4ng th\u01b0\u01a1ng m\u1ea1i"},"content":{"rendered":"<div class=\"kk-star-ratings kksr-auto kksr-align-left kksr-valign-top\"     data-payload='{&quot;align&quot;:&quot;left&quot;,&quot;id&quot;:&quot;421&quot;,&quot;slug&quot;:&quot;default&quot;,&quot;valign&quot;:&quot;top&quot;,&quot;ignore&quot;:&quot;&quot;,&quot;reference&quot;:&quot;auto&quot;,&quot;class&quot;:&quot;&quot;,&quot;count&quot;:&quot;29&quot;,&quot;legendonly&quot;:&quot;&quot;,&quot;readonly&quot;:&quot;&quot;,&quot;score&quot;:&quot;4.8&quot;,&quot;starsonly&quot;:&quot;&quot;,&quot;best&quot;:&quot;5&quot;,&quot;gap&quot;:&quot;5&quot;,&quot;greet&quot;:&quot;Rate this product&quot;,&quot;legend&quot;:&quot;4.8\\\/5 - (29 b\u00ecnh ch\u1ecdn)&quot;,&quot;size&quot;:&quot;24&quot;,&quot;title&quot;:&quot;Meat Tumbler Machine | Commercial Vacuum Tumbler Machine&quot;,&quot;width&quot;:&quot;136.7&quot;,&quot;_legend&quot;:&quot;{score}\\\/{best} - ({count} {votes})&quot;,&quot;font_factor&quot;:&quot;1.25&quot;}'>              <div class=\"kksr-stars\">      <div class=\"kksr-stars-inactive\">             <div class=\"kksr-star\" data-star=\"1\" style=\"padding-right: 5px\">               <div class=\"kksr-icon\" style=\"width: 24px; height: 24px;\"><\/div>         <\/div>             <div class=\"kksr-star\" data-star=\"2\" style=\"padding-right: 5px\">               <div class=\"kksr-icon\" style=\"width: 24px; height: 24px;\"><\/div>         <\/div>             <div class=\"kksr-star\" data-star=\"3\" style=\"padding-right: 5px\">               <div class=\"kksr-icon\" style=\"width: 24px; height: 24px;\"><\/div>         <\/div>             <div class=\"kksr-star\" data-star=\"4\" style=\"padding-right: 5px\">               <div class=\"kksr-icon\" style=\"width: 24px; height: 24px;\"><\/div>         <\/div>             <div class=\"kksr-star\" data-star=\"5\" style=\"padding-right: 5px\">               <div class=\"kksr-icon\" style=\"width: 24px; height: 24px;\"><\/div>         <\/div>     <\/div>      <div class=\"kksr-stars-active\" style=\"width: 136.7px;\">             <div class=\"kksr-star\" style=\"padding-right: 5px\">               <div class=\"kksr-icon\" style=\"width: 24px; height: 24px;\"><\/div>         <\/div>             <div class=\"kksr-star\" style=\"padding-right: 5px\">               <div class=\"kksr-icon\" style=\"width: 24px; height: 24px;\"><\/div>         <\/div>             <div class=\"kksr-star\" style=\"padding-right: 5px\">               <div class=\"kksr-icon\" style=\"width: 24px; height: 24px;\"><\/div>         <\/div>             <div class=\"kksr-star\" style=\"padding-right: 5px\">               <div class=\"kksr-icon\" style=\"width: 24px; height: 24px;\"><\/div>         <\/div>             <div class=\"kksr-star\" style=\"padding-right: 5px\">               <div class=\"kksr-icon\" style=\"width: 24px; height: 24px;\"><\/div>         <\/div>     <\/div> <\/div>                   <div class=\"kksr-legend\" style=\"font-size: 19.2px;\">             4.8\/5 - (29 l\u01b0\u1ee3t b\u00ecnh ch\u1ecdn)    <\/div>     <\/div>  <p class=\"wp-block-paragraph\">M\u00e1y xay th\u1ecbt hay c\u00f2n g\u1ecdi l\u00e0 m\u00e1y xay ch\u00e2n kh\u00f4ng ho\u1eb7c m\u00e1y \u01b0\u1edbp th\u1ecbt l\u00e0 m\u1ed9t thi\u1ebft b\u1ecb \u0111\u01b0\u1ee3c s\u1eed d\u1ee5ng trong ng\u00e0nh th\u1ef1c ph\u1ea9m \u0111\u1ec3 t\u0103ng h\u01b0\u01a1ng v\u1ecb, k\u1ebft c\u1ea5u v\u00e0 \u0111\u1ed9 m\u1ec1m c\u1ee7a th\u1ecbt. N\u00f3 th\u01b0\u1eddng \u0111\u01b0\u1ee3c s\u1eed d\u1ee5ng trong c\u00e1c c\u01a1 s\u1edf ch\u1ebf bi\u1ebfn th\u1ecbt, c\u1eeda h\u00e0ng b\u00e1n th\u1ecbt v\u00e0 nh\u00e0 h\u00e0ng.<\/p>    <p class=\"wp-block-paragraph\">M\u00e1y bao g\u1ed3m m\u1ed9t tr\u1ed1ng ho\u1eb7c th\u00f9ng quay l\u1edbn \u0111\u1ec3 \u0111\u1eb7t th\u1ecbt. Tr\u1ed1ng \u0111\u01b0\u1ee3c b\u1ecbt k\u00edn v\u00e0 b\u01a1m ch\u00e2n kh\u00f4ng t\u1ea1o ra ch\u00e2n kh\u00f4ng b\u00ean trong, lo\u1ea1i b\u1ecf kh\u00f4ng kh\u00ed. Ch\u00e2n kh\u00f4ng gi\u00fap t\u0103ng s\u1ef1 th\u1ea9m th\u1ea5u c\u1ee7a n\u01b0\u1edbc x\u1ed1t ho\u1eb7c gia v\u1ecb v\u00e0o th\u1ecbt, gi\u00fap c\u1ea3i thi\u1ec7n h\u01b0\u01a1ng v\u1ecb v\u00e0 \u0111\u1ed9 ngon ng\u1ecdt.<\/p>   <div class=\"wp-block-image\"> <figure class=\"aligncenter size-full\"><img loading=\"lazy\" decoding=\"async\" width=\"720\" height=\"540\" src=\"https:\/\/meat-machine.com\/wp-content\/uploads\/2023\/06\/vacuum-tumbler-machine.webp\" alt=\"m\u00e1y \u00e9p ch\u00e2n kh\u00f4ng\" class=\"wp-image-429\" title=\"\" srcset=\"https:\/\/meat-machine.com\/wp-content\/uploads\/2023\/06\/vacuum-tumbler-machine.webp 720w, https:\/\/meat-machine.com\/wp-content\/uploads\/2023\/06\/vacuum-tumbler-machine-300x225.webp 300w\" sizes=\"auto, (max-width: 720px) 100vw, 720px\" \/><figcaption class=\"wp-element-caption\">m\u00e1y \u00e9p ch\u00e2n kh\u00f4ng<\/figcaption><\/figure> <\/div>   <h2 class=\"wp-block-heading\">M\u00e1y xay th\u1ecbt ho\u1ea1t \u0111\u1ed9ng nh\u01b0 th\u1ebf n\u00e0o?<\/h2>    <p class=\"wp-block-paragraph translation-block\">M\u00e1y tr\u1ed9n th\u1ecbt, nh\u01b0 c\u00e1c m\u00e1y do <a href=\"https:\/\/meat-machine.com\/vi\/\">Taizy Meat Machinery<\/a> s\u1ea3n xu\u1ea5t, s\u1eed d\u1ee5ng quy tr\u00ecnh s\u00e1ng t\u1ea1o \u0111\u1ec3 \u01b0\u1edbp v\u00e0 l\u00e0m m\u1ec1m th\u1ecbt. M\u00e1y c\u00f3 m\u1ed9t tr\u1ed1ng quay l\u1edbn v\u1edbi c\u00e1c c\u00e1nh khu\u1ea5y b\u00ean trong nh\u1eb9 nh\u00e0ng xoa b\u00f3p th\u1ecbt trong \u0111i\u1ec1u ki\u1ec7n ch\u00e2n kh\u00f4ng. H\u00e0nh \u0111\u1ed9ng tr\u1ed9n n\u00e0y gi\u00fap n\u01b0\u1edbc s\u1ed1t th\u1ea5m s\u00e2u v\u00e0o c\u00e1c s\u1ee3i th\u1ecbt, mang l\u1ea1i h\u01b0\u01a1ng v\u1ecb \u0111\u1eadm \u0111\u00e0 h\u01a1n, \u0111\u1ed9 m\u1ec1m t\u1ed1t h\u01a1n v\u00e0 gi\u1ea3m th\u1eddi gian ch\u1ebf bi\u1ebfn.<\/p>   <div class=\"wp-block-image\"> <figure class=\"aligncenter size-full\"><img loading=\"lazy\" decoding=\"async\" width=\"720\" height=\"540\" src=\"https:\/\/meat-machine.com\/wp-content\/uploads\/2023\/06\/working-process-of-vacuum-tumber-machine.webp\" alt=\"quy tr\u00ecnh l\u00e0m vi\u1ec7c c\u1ee7a m\u00e1y h\u00fat ch\u00e2n kh\u00f4ng\" class=\"wp-image-430\" title=\"\" srcset=\"https:\/\/meat-machine.com\/wp-content\/uploads\/2023\/06\/working-process-of-vacuum-tumber-machine.webp 720w, https:\/\/meat-machine.com\/wp-content\/uploads\/2023\/06\/working-process-of-vacuum-tumber-machine-300x225.webp 300w\" sizes=\"auto, (max-width: 720px) 100vw, 720px\" \/><figcaption class=\"wp-element-caption\">quy tr\u00ecnh l\u00e0m vi\u1ec7c c\u1ee7a m\u00e1y h\u00fat ch\u00e2n kh\u00f4ng<\/figcaption><\/figure> <\/div>   <h2 class=\"wp-block-heading\">C\u00e1c th\u00f4ng s\u1ed1 c\u1ee7a m\u00e1y h\u00fat ch\u00e2n kh\u00f4ng th\u01b0\u01a1ng m\u1ea1i<\/h2>    <figure class=\"wp-block-table\"><table><tbody><tr><td>Ng\u01b0\u1eddi m\u1eabu<\/td><td>K\u00edch th\u01b0\u1edbc (mm)<\/td><td>Chi\u1ec1u d\u00e0i c\u01a1 th\u1ec3 (mm)<\/td><td>\u0110\u01b0\u1eddng k\u00ednh c\u01a1 th\u1ec3 (mm)<\/td><td>C\u00f4ng su\u1ea5t(kw)<\/td><\/tr><tr><td>TZ-100L<\/td><td>1130*712*1100<\/td><td>600<\/td><td>600<\/td><td>1.5<\/td><\/tr><tr><td>TZ-200L<\/td><td>1450*800*1450<\/td><td>620<\/td><td>900<\/td><td>2.25<\/td><\/tr><tr><td>TZ-500L<\/td><td>2000*1000*1550<\/td><td>1000<\/td><td>1000<\/td><td>2.95<\/td><\/tr><tr><td>TZ-800L<\/td><td>2600*1200*1800<\/td><td>1240<\/td><td>1200<\/td><td>4.5<\/td><\/tr><tr><td>TZ-1000L<\/td><td>3100*1350*1950<\/td><td>1500<\/td><td>1200<\/td><td>5.5<\/td><\/tr><\/tbody><\/table><\/figure>    <p class=\"wp-block-paragraph\">B\u00ean c\u1ea1nh c\u00e1c m\u1eabu m\u00e1y n\u00e0y, ch\u00fang t\u00f4i c\u00f2n c\u00f3 TZ-50, TZ-300, TZ-600 v\u00e0 TZ-1200. N\u1ebfu b\u1ea1n c\u1ea7n m\u00e1y n\u00e0y, xin vui l\u00f2ng li\u00ean h\u1ec7 v\u1edbi ch\u00fang t\u00f4i.<\/p>   <div class=\"wp-block-image\"> <figure class=\"aligncenter size-full\"><img loading=\"lazy\" decoding=\"async\" width=\"720\" height=\"540\" src=\"https:\/\/meat-machine.com\/wp-content\/uploads\/2023\/06\/meat-vacuum-tumbler-manufacturers.webp\" alt=\"nh\u00e0 s\u1ea3n xu\u1ea5t m\u00e1y h\u00fat ch\u00e2n kh\u00f4ng th\u1ecbt\" class=\"wp-image-427\" title=\"\" srcset=\"https:\/\/meat-machine.com\/wp-content\/uploads\/2023\/06\/meat-vacuum-tumbler-manufacturers.webp 720w, https:\/\/meat-machine.com\/wp-content\/uploads\/2023\/06\/meat-vacuum-tumbler-manufacturers-300x225.webp 300w\" sizes=\"auto, (max-width: 720px) 100vw, 720px\" \/><figcaption class=\"wp-element-caption\">nh\u00e0 s\u1ea3n xu\u1ea5t m\u00e1y h\u00fat ch\u00e2n kh\u00f4ng th\u1ecbt<\/figcaption><\/figure> <\/div>   <h2 class=\"wp-block-heading\">\u1ee8ng d\u1ee5ng c\u1ee7a m\u00e1y h\u00fat ch\u00e2n kh\u00f4ng th\u01b0\u01a1ng m\u1ea1i<\/h2>    <p class=\"wp-block-paragraph translation-block\">T\u00ednh linh ho\u1ea1t c\u1ee7a m\u00e1y tr\u1ed9n th\u1ecbt th\u01b0\u01a1ng m\u1ea1i l\u00e0m cho ch\u00fang tr\u1edf th\u00e0nh t\u00e0i s\u1ea3n c\u00f3 gi\u00e1 tr\u1ecb trong c\u00e1c l\u0129nh v\u1ef1c kh\u00e1c nhau c\u1ee7a ng\u00e0nh c\u00f4ng nghi\u1ec7p th\u1ecbt. Cho d\u00f9 b\u1ea1n l\u00e0 m\u1ed9t c\u1eeda h\u00e0ng th\u1ecbt nh\u1ecf, m\u1ed9t nh\u00e0 ch\u1ebf bi\u1ebfn th\u1ecbt quy m\u00f4 l\u1edbn hay ch\u1ee7 nh\u00e0 h\u00e0ng, nh\u1eefng m\u00e1y n\u00e0y c\u00f3 th\u1ec3 n\u00e2ng cao \u0111\u00e1ng k\u1ec3 ho\u1ea1t \u0111\u1ed9ng ch\u1ebf bi\u1ebfn th\u1ecbt c\u1ee7a b\u1ea1n. M\u00e1y tr\u1ed9n ch\u00e2n kh\u00f4ng th\u01b0\u01a1ng m\u1ea1i \u0111\u01b0\u1ee3c s\u1eed d\u1ee5ng r\u1ed9ng r\u00e3i \u0111\u1ec3 \u01b0\u1edbp c\u00e1c lo\u1ea1i th\u1ecbt kh\u00e1c nhau, bao g\u1ed3m th\u1ecbt b\u00f2, <a href=\"https:\/\/en.wikipedia.org\/wiki\/Pork\" target=\"_blank\" rel=\"noopener\">th\u1ecbt heo<\/a>, th\u1ecbt gia c\u1ea7m v\u00e0 h\u1ea3i s\u1ea3n. Ngo\u00e0i ra, ch\u00fang c\u00f2n \u0111\u00f3ng vai tr\u00f2 quan tr\u1ecdng trong vi\u1ec7c c\u1ea3i thi\u1ec7n k\u1ebft c\u1ea5u v\u00e0 h\u00ecnh th\u1ee9c c\u1ee7a c\u00e1c s\u1ea3n ph\u1ea9m th\u1ecbt ch\u1ebf bi\u1ebfn, ch\u1eb3ng h\u1ea1n nh\u01b0 x\u00fac x\u00edch, gi\u0103m b\u00f4ng v\u00e0 th\u1ecbt x\u00f4ng kh\u00f3i. <\/p>   <div class=\"wp-block-image\"> <figure class=\"aligncenter size-full\"><img loading=\"lazy\" decoding=\"async\" width=\"720\" height=\"540\" src=\"https:\/\/meat-machine.com\/wp-content\/uploads\/2023\/06\/finished-products.webp\" alt=\"th\u00e0nh ph\u1ea9m\" class=\"wp-image-424\" title=\"\" srcset=\"https:\/\/meat-machine.com\/wp-content\/uploads\/2023\/06\/finished-products.webp 720w, https:\/\/meat-machine.com\/wp-content\/uploads\/2023\/06\/finished-products-300x225.webp 300w\" sizes=\"auto, (max-width: 720px) 100vw, 720px\" \/><figcaption class=\"wp-element-caption\">th\u00e0nh ph\u1ea9m<\/figcaption><\/figure> <\/div>   <h2 class=\"wp-block-heading\">\u01afu \u0111i\u1ec3m c\u1ee7a m\u00e1y xay th\u1ecbt<\/h2>    <p class=\"wp-block-paragraph\">\u0110\u1ea7u t\u01b0 v\u00e0o m\u1ed9t m\u00e1y h\u00fat ch\u00e2n kh\u00f4ng th\u01b0\u01a1ng m\u1ea1i mang l\u1ea1i nhi\u1ec1u l\u1ee3i \u00edch cho c\u00e1c nh\u00e0 ch\u1ebf bi\u1ebfn th\u1ecbt.<\/p>    <ol class=\"wp-block-list\"> <li>Th\u1ee9 nh\u1ea5t, quy tr\u00ecnh nh\u00e0o l\u1ed9n gi\u00fap n\u00e2ng cao h\u01b0\u01a1ng v\u1ecb c\u1ee7a th\u1ecbt b\u1eb1ng c\u00e1ch \u0111\u1ea3m b\u1ea3o r\u1eb1ng n\u01b0\u1edbc x\u1ed1t \u0111\u01b0\u1ee3c ph\u00e2n b\u1ed5 \u0111\u1ec1u kh\u1eafp s\u1ea3n ph\u1ea9m. \u0110i\u1ec1u n\u00e0y mang l\u1ea1i h\u01b0\u01a1ng v\u1ecb \u0111\u1ed3ng nh\u1ea5t v\u00e0 d\u1ecbu d\u00e0ng, l\u00e0m h\u00e0i l\u00f2ng ngay c\u1ea3 nh\u1eefng kh\u1ea9u v\u1ecb kh\u00f3 t\u00ednh nh\u1ea5t.<\/li>    <li>Th\u1ee9 hai, m\u00f4i tr\u01b0\u1eddng ch\u00e2n kh\u00f4ng b\u00ean trong m\u00e1y khu\u1ea5y s\u1ebd \u0111\u1ea9y nhanh qu\u00e1 tr\u00ecnh \u01b0\u1edbp, gi\u1ea3m th\u1eddi gian x\u1eed l\u00fd t\u1ed5ng th\u1ec3 v\u00e0 t\u0103ng hi\u1ec7u qu\u1ea3 s\u1ea3n xu\u1ea5t.<\/li>    <li>H\u01a1n n\u1eefa, ho\u1ea1t \u0111\u1ed9ng c\u01a1 h\u1ecdc c\u1ee7a m\u00e1y xay th\u00fac \u0111\u1ea9y qu\u00e1 tr\u00ecnh chi\u1ebft xu\u1ea5t protein t\u1ed1t h\u01a1n, gi\u00fap c\u1ea3i thi\u1ec7n kh\u1ea3 n\u0103ng gi\u1eef n\u01b0\u1edbc v\u00e0 \u0111\u1ed9 ngon c\u1ee7a th\u1ecbt.<\/li>    <li>Cu\u1ed1i c\u00f9ng, vi\u1ec7c s\u1eed d\u1ee5ng m\u00e1y l\u1eafc th\u1ecbt th\u01b0\u01a1ng m\u1ea1i gi\u00fap gi\u1ea3m nhu c\u1ea7u v\u1ec1 c\u00e1c ph\u1ee5 gia qu\u00e1 m\u1ee9c, v\u00ec h\u00e0nh \u0111\u1ed9ng l\u1eafc t\u1ed1i \u0111a h\u00f3a hi\u1ec7u qu\u1ea3 c\u1ee7a n\u01b0\u1edbc \u01b0\u1edbp v\u1edbi m\u1ed9t l\u01b0\u1ee3ng gi\u1ea3m.<\/li> <\/ol>   <div class=\"wp-block-image\"> <figure class=\"aligncenter size-full\"><img loading=\"lazy\" decoding=\"async\" width=\"720\" height=\"540\" src=\"https:\/\/meat-machine.com\/wp-content\/uploads\/2023\/06\/meat-tumbler-marinator.webp\" alt=\"m\u00e1y \u01b0\u1edbp th\u1ecbt\" class=\"wp-image-426\" title=\"\" srcset=\"https:\/\/meat-machine.com\/wp-content\/uploads\/2023\/06\/meat-tumbler-marinator.webp 720w, https:\/\/meat-machine.com\/wp-content\/uploads\/2023\/06\/meat-tumbler-marinator-300x225.webp 300w\" sizes=\"auto, (max-width: 720px) 100vw, 720px\" \/><figcaption class=\"wp-element-caption\">m\u00e1y \u01b0\u1edbp th\u1ecbt<\/figcaption><\/figure> <\/div>   <h2 class=\"wp-block-heading\">Mua m\u00e1y xay th\u1ecbt ch\u00e2n kh\u00f4ng \u1edf \u0111\u00e2u<\/h2>    <p class=\"wp-block-paragraph\">Khi mua m\u00e1y h\u00fat ch\u00e2n kh\u00f4ng th\u01b0\u01a1ng m\u1ea1i, vi\u1ec7c l\u1ef1a ch\u1ecdn nh\u00e0 s\u1ea3n xu\u1ea5t \u0111\u00e1ng tin c\u1eady v\u00e0 uy t\u00edn l\u00e0 \u0111i\u1ec1u c\u1ea7n thi\u1ebft. Taizy Meat Machinery l\u00e0 nh\u00e0 s\u1ea3n xu\u1ea5t m\u00e1y ch\u1ebf bi\u1ebfn th\u1ecbt chuy\u00ean nghi\u1ec7p v\u00e0 n\u1ed5i ti\u1ebfng, c\u00f3 m\u1eb7t tr\u00ean to\u00e0n c\u1ea7u. V\u1edbi h\u01a1n 10 n\u0103m kinh nghi\u1ec7m, Taizy \u0111\u00e3 xu\u1ea5t kh\u1ea9u m\u00e1y m\u00f3c c\u1ee7a m\u00ecnh t\u1edbi h\u01a1n 20 qu\u1ed1c gia v\u00e0 khu v\u1ef1c tr\u00ean to\u00e0n th\u1ebf gi\u1edbi. <\/p>    <p class=\"wp-block-paragraph translation-block\">C\u00f4ng ty cung c\u1ea5p nhi\u1ec1u lo\u1ea1i m\u00e1y tr\u1ed9n th\u1ecbt ch\u00e2n kh\u00f4ng ch\u1ea5t l\u01b0\u1ee3ng cao, bao g\u1ed3m c\u00e1c m\u1eabu ph\u1ed5 bi\u1ebfn cho \u1ee9ng d\u1ee5ng th\u01b0\u01a1ng m\u1ea1i. Ngo\u00e0i ra, ch\u00fang t\u00f4i c\u00f2n c\u00f3 nhi\u1ec1u m\u00e1y ch\u1ebf bi\u1ebfn th\u1ecbt nh\u01b0 <a href=\"https:\/\/meat-machine.com\/vi\/san-pham\/may-hun-khoi-thit\/\">m\u00e1y hun kh\u00f3i th\u1ecbt<\/a>, <a href=\"https:\/\/meat-machine.com\/vi\/san-pham\/may-xay-thit-thuong-mai\/\">m\u00e1y xay th\u1ecbt th\u01b0\u01a1ng m\u1ea1i<\/a> v\u00e0 <a href=\"https:\/\/meat-machine.com\/vi\/san-pham\/may-cat-ga-tu-dong\/\">m\u00e1y c\u1eaft th\u1ecbt<\/a> \u0111\u1ec3 b\u00e1n.<\/p>    <div class=\"wp-block-columns is-layout-flex wp-container-core-columns-is-layout-8f761849 wp-block-columns-is-layout-flex\"> <div class=\"wp-block-column is-layout-flow wp-block-column-is-layout-flow\"> <figure class=\"wp-block-image size-full\"><img loading=\"lazy\" decoding=\"async\" width=\"720\" height=\"540\" src=\"https:\/\/meat-machine.com\/wp-content\/uploads\/2022\/09\/meat-cutting-equipment.webp\" alt=\"thi\u1ebft b\u1ecb c\u1eaft th\u1ecbt\" class=\"wp-image-44\" title=\"\" srcset=\"https:\/\/meat-machine.com\/wp-content\/uploads\/2022\/09\/meat-cutting-equipment.webp 720w, https:\/\/meat-machine.com\/wp-content\/uploads\/2022\/09\/meat-cutting-equipment-300x225.webp 300w\" sizes=\"auto, (max-width: 720px) 100vw, 720px\" \/><figcaption class=\"wp-element-caption\">Thi\u1ebft b\u1ecb c\u1eaft th\u1ecbt<\/figcaption><\/figure> <\/div>    <div class=\"wp-block-column is-layout-flow wp-block-column-is-layout-flow\"> <figure class=\"wp-block-image size-full\"><img loading=\"lazy\" decoding=\"async\" width=\"720\" height=\"540\" src=\"https:\/\/meat-machine.com\/wp-content\/uploads\/2023\/03\/meat-smoker-machine-for-sale.webp\" alt=\"C\u1ea7n b\u00e1n m\u00e1y h\u00fat th\u1ecbt\" class=\"wp-image-375\" title=\"\" srcset=\"https:\/\/meat-machine.com\/wp-content\/uploads\/2023\/03\/meat-smoker-machine-for-sale.webp 720w, https:\/\/meat-machine.com\/wp-content\/uploads\/2023\/03\/meat-smoker-machine-for-sale-300x225.webp 300w\" sizes=\"auto, (max-width: 720px) 100vw, 720px\" \/><figcaption class=\"wp-element-caption\">C\u1ea7n b\u00e1n m\u00e1y h\u00fat th\u1ecbt<\/figcaption><\/figure> <\/div> <\/div>    <p class=\"wp-block-paragraph\">M\u00e1y \u01b0\u1edbp th\u1ecbt th\u01b0\u01a1ng m\u1ea1i \u0111\u00f3ng vai tr\u00f2 quan tr\u1ecdng trong ng\u00e0nh ch\u1ebf bi\u1ebfn th\u1ecbt, cung c\u1ea5p gi\u1ea3i ph\u00e1p hi\u1ec7u qu\u1ea3 v\u00e0 hi\u1ec7u su\u1ea5t cho vi\u1ec7c \u01b0\u1edbp v\u00e0 l\u00e0m m\u1ec1m th\u1ecbt. Kh\u1ea3 n\u0103ng c\u1ee7a ch\u00fang trong vi\u1ec7c t\u0103ng c\u01b0\u1eddng h\u01b0\u01a1ng v\u1ecb, gi\u1ea3m th\u1eddi gian ch\u1ebf bi\u1ebfn v\u00e0 c\u1ea3i thi\u1ec7n ch\u1ea5t l\u01b0\u1ee3ng s\u1ea3n ph\u1ea9m t\u1ed5ng th\u1ec3 khi\u1ebfn ch\u00fang tr\u1edf n\u00ean kh\u00f4ng th\u1ec3 thi\u1ebfu \u0111\u1ed1i v\u1edbi c\u1ea3 c\u00e1c nh\u00e0 ch\u1ebf bi\u1ebfn th\u1ecbt quy m\u00f4 nh\u1ecf v\u00e0 l\u1edbn. N\u1ebfu b\u1ea1n \u0111ang t\u00ecm ki\u1ebfm \u0111\u1ec3 \u0111\u1ea7u t\u01b0 v\u00e0o m\u1ed9t m\u00e1y \u01b0\u1edbp th\u1ecbt, h\u00e3y xem x\u00e9t Taizy Meat Machinery nh\u01b0 m\u1ed9t \u0111\u1ed1i t\u00e1c \u0111\u00e1ng tin c\u1eady c\u1ee7a b\u1ea1n. Ch\u00fang t\u00f4i s\u1ebd c\u1ed1 g\u1eafng h\u1ebft s\u1ee9c \u0111\u1ec3 gi\u00fap b\u1ea1n.<\/p>","protected":false},"excerpt":{"rendered":"<p>A meat tumbler machine, also known as a vacuum tumbler machine or meat tumbler marinator, is a device used in the food industry to enhance the flavor, texture, and tenderness of the meat. It is commonly used in meat processing facilities, butcher shops, and restaurants. The machine consists of a large rotating drum or barrel [&hellip;]<\/p>\n","protected":false},"author":1,"featured_media":423,"parent":0,"template":"","tags":[29],"product-type":[4],"class_list":["post-421","product","type-product","status-publish","has-post-thumbnail","hentry","tag-meat-tumbler-machine","product-type-meat-grinder"],"_links":{"self":[{"href":"https:\/\/meat-machine.com\/vi\/wp-json\/wp\/v2\/product\/421","targetHints":{"allow":["GET"]}}],"collection":[{"href":"https:\/\/meat-machine.com\/vi\/wp-json\/wp\/v2\/product"}],"about":[{"href":"https:\/\/meat-machine.com\/vi\/wp-json\/wp\/v2\/types\/product"}],"author":[{"embeddable":true,"href":"https:\/\/meat-machine.com\/vi\/wp-json\/wp\/v2\/users\/1"}],"wp:featuredmedia":[{"embeddable":true,"href":"https:\/\/meat-machine.com\/vi\/wp-json\/wp\/v2\/media\/423"}],"wp:attachment":[{"href":"https:\/\/meat-machine.com\/vi\/wp-json\/wp\/v2\/media?parent=421"}],"wp:term":[{"taxonomy":"post_tag","embeddable":true,"href":"https:\/\/meat-machine.com\/vi\/wp-json\/wp\/v2\/tags?post=421"},{"taxonomy":"product-type","embeddable":true,"href":"https:\/\/meat-machine.com\/vi\/wp-json\/wp\/v2\/product-type?post=421"}],"curies":[{"name":"wp","href":"https:\/\/api.w.org\/{rel}","templated":true}]}}