{"id":415,"date":"2023-05-15T14:08:06","date_gmt":"2023-05-15T06:08:06","guid":{"rendered":"https:\/\/meat-machine.com\/?post_type=product&#038;p=415"},"modified":"2026-03-05T17:50:53","modified_gmt":"2026-03-05T09:50:53","slug":"may-rut-xuong-heo","status":"publish","type":"product","link":"https:\/\/meat-machine.com\/vi\/product\/pork-deboning-machine\/","title":{"rendered":"M\u00e1y l\u1ecdc x\u01b0\u01a1ng g\u00e0 hi\u1ec7u qu\u1ea3"},"content":{"rendered":"<div class=\"kk-star-ratings kksr-auto kksr-align-left kksr-valign-top\"     data-payload='{&quot;align&quot;:&quot;left&quot;,&quot;id&quot;:&quot;415&quot;,&quot;slug&quot;:&quot;default&quot;,&quot;valign&quot;:&quot;top&quot;,&quot;ignore&quot;:&quot;&quot;,&quot;reference&quot;:&quot;auto&quot;,&quot;class&quot;:&quot;&quot;,&quot;count&quot;:&quot;16&quot;,&quot;legendonly&quot;:&quot;&quot;,&quot;readonly&quot;:&quot;&quot;,&quot;score&quot;:&quot;4.9&quot;,&quot;starsonly&quot;:&quot;&quot;,&quot;best&quot;:&quot;5&quot;,&quot;gap&quot;:&quot;5&quot;,&quot;greet&quot;:&quot;Rate this product&quot;,&quot;legend&quot;:&quot;4.9\\\/5 - (16 b\u00ecnh ch\u1ecdn)&quot;,&quot;size&quot;:&quot;24&quot;,&quot;title&quot;:&quot;Efficient chicken deboning machine&quot;,&quot;width&quot;:&quot;139.6&quot;,&quot;_legend&quot;:&quot;{score}\\\/{best} - ({count} {votes})&quot;,&quot;font_factor&quot;:&quot;1.25&quot;}'>              <div class=\"kksr-stars\">      <div class=\"kksr-stars-inactive\">             <div class=\"kksr-star\" data-star=\"1\" style=\"padding-right: 5px\">               <div class=\"kksr-icon\" style=\"width: 24px; height: 24px;\"><\/div>         <\/div>             <div class=\"kksr-star\" data-star=\"2\" style=\"padding-right: 5px\">               <div class=\"kksr-icon\" style=\"width: 24px; height: 24px;\"><\/div>         <\/div>             <div class=\"kksr-star\" data-star=\"3\" style=\"padding-right: 5px\">               <div class=\"kksr-icon\" style=\"width: 24px; height: 24px;\"><\/div>         <\/div>             <div class=\"kksr-star\" data-star=\"4\" style=\"padding-right: 5px\">               <div class=\"kksr-icon\" style=\"width: 24px; height: 24px;\"><\/div>         <\/div>             <div class=\"kksr-star\" data-star=\"5\" style=\"padding-right: 5px\">               <div class=\"kksr-icon\" style=\"width: 24px; height: 24px;\"><\/div>         <\/div>     <\/div>      <div class=\"kksr-stars-active\" style=\"width: 139.6px;\">             <div class=\"kksr-star\" style=\"padding-right: 5px\">               <div class=\"kksr-icon\" style=\"width: 24px; height: 24px;\"><\/div>         <\/div>             <div class=\"kksr-star\" style=\"padding-right: 5px\">               <div class=\"kksr-icon\" style=\"width: 24px; height: 24px;\"><\/div>         <\/div>             <div class=\"kksr-star\" style=\"padding-right: 5px\">               <div class=\"kksr-icon\" style=\"width: 24px; height: 24px;\"><\/div>         <\/div>             <div class=\"kksr-star\" style=\"padding-right: 5px\">               <div class=\"kksr-icon\" style=\"width: 24px; height: 24px;\"><\/div>         <\/div>             <div class=\"kksr-star\" style=\"padding-right: 5px\">               <div class=\"kksr-icon\" style=\"width: 24px; height: 24px;\"><\/div>         <\/div>     <\/div> <\/div>                   <div class=\"kksr-legend\" style=\"font-size: 19.2px;\">             4.9\/5 - (16 l\u01b0\u1ee3t b\u00ecnh ch\u1ecdn)    <\/div>     <\/div>  <p class=\"wp-block-paragraph translation-block\"><strong>m\u00e1y t\u00e1ch th\u1ecbt g\u00e0 hi\u1ec7u qu\u1ea3<\/strong> c\u00f3 th\u1ec3 t\u00e1ch th\u1ecbt kh\u1ecfi x\u01b0\u01a1ng g\u00e0 nhanh ch\u00f3ng v\u00e0 ch\u00ednh x\u00e1c, t\u1ed1i \u0111a h\u00f3a s\u1eed d\u1ee5ng nguy\u00ean li\u1ec7u trong c\u00e1c nh\u00e0 m\u00e1y ch\u1ebf bi\u1ebfn th\u1ecbt. V\u1edbi c\u00f4ng su\u1ea5t t\u1eeb 300\u20131200 kg\/h v\u00e0 t\u1ef7 l\u1ec7 thu h\u1ed3i cao 70%\u201380%, n\u00f3 c\u1ea3i thi\u1ec7n \u0111\u00e1ng k\u1ec3 hi\u1ec7u qu\u1ea3 s\u1ea3n xu\u1ea5t \u0111\u1ed3ng th\u1eddi gi\u1ea3m thi\u1ec3u l\u00e3ng ph\u00ed. <\/p>    <p class=\"wp-block-paragraph\">Sau khi t\u00e1ch, ph\u1ea7n x\u01b0\u01a1ng c\u00f2n l\u1ea1i c\u00f3 th\u1ec3 \u0111\u01b0\u1ee3c ch\u1ebf bi\u1ebfn th\u00e0nh c\u00e1c s\u1ea3n ph\u1ea9m gi\u00e1 tr\u1ecb gia t\u0103ng nh\u01b0 b\u1ed9t x\u01b0\u01a1ng, n\u01b0\u1edbc d\u00f9ng ho\u1eb7c chondroitin. <\/p>    <figure class=\"wp-block-embed is-type-video is-provider-youtube wp-block-embed-youtube wp-embed-aspect-9-16 wp-has-aspect-ratio\"><div class=\"wp-block-embed__wrapper\"> <iframe loading=\"lazy\" title=\"C\u00e1ch m\u00e1y t\u00e1ch x\u01b0\u01a1ng g\u00e0 n\u00e2ng cao hi\u1ec7u qu\u1ea3 s\u1ea3n xu\u1ea5t #g\u00e0 #t\u00e1chx\u01b0\u01a1ng #x\u1eedl\u00fdth\u1ecbt\" width=\"422\" height=\"750\" src=\"https:\/\/www.youtube.com\/embed\/EWLVTb1ERsM?feature=oembed\" frameborder=\"0\" allow=\"accelerometer; autoplay; clipboard-write; encrypted-media; gyroscope; picture-in-picture; web-share\" referrerpolicy=\"strict-origin-when-cross-origin\" allowfullscreen><\/iframe> <\/div><figcaption class=\"wp-element-caption\">Video ho\u1ea1t \u0111\u1ed9ng c\u1ee7a m\u00e1y t\u00e1ch x\u01b0\u01a1ng g\u00e0 hi\u1ec7u qu\u1ea3<\/figcaption><\/figure>    <h2 class=\"wp-block-heading\">M\u00e1y t\u00e1ch th\u1ecbt g\u00e0 ho\u1ea1t \u0111\u1ed9ng nh\u01b0 th\u1ebf n\u00e0o?<\/h2>    <div class=\"wp-block-media-text is-stacked-on-mobile\"><figure class=\"wp-block-media-text__media\"><img loading=\"lazy\" decoding=\"async\" width=\"540\" height=\"720\" src=\"https:\/\/meat-machine.com\/wp-content\/uploads\/2023\/05\/bone-meat-separating-machine.webp\" alt=\"m\u00e1y t\u00e1ch th\u1ecbt x\u01b0\u01a1ng\" class=\"wp-image-1132 size-full\" title=\"\" srcset=\"https:\/\/meat-machine.com\/wp-content\/uploads\/2023\/05\/bone-meat-separating-machine.webp 540w, https:\/\/meat-machine.com\/wp-content\/uploads\/2023\/05\/bone-meat-separating-machine-225x300.webp 225w, https:\/\/meat-machine.com\/wp-content\/uploads\/2023\/05\/bone-meat-separating-machine-9x12.webp 9w\" sizes=\"auto, (max-width: 540px) 100vw, 540px\" \/><\/figure><div class=\"wp-block-media-text__content\"> <ul class=\"wp-block-list\"> <li><strong>C\u1ea5p li\u1ec7u nguy\u00ean li\u1ec7u<\/strong> \u2013 X\u01b0\u01a1ng g\u00e0 c\u00f3 th\u1ecbt d\u00ednh \u0111\u1ec1u \u0111\u01b0\u1ee3c \u0111\u01b0a v\u00e0o m\u00e1y qua ph\u1ec5u n\u1ea1p.<\/li>    <li><strong>\u00c9p c\u01a1 h\u1ecdc<\/strong> \u2013 H\u1ec7 th\u1ed1ng \u00e9p v\u00edt ho\u1eb7c piston \u00e1p d\u1ee5ng \u00e1p l\u1ef1c li\u00ean t\u1ee5c \u0111\u1ec3 v\u1eaft th\u1ecbt c\u00f2n l\u1ea1i ra kh\u1ecfi x\u01b0\u01a1ng.<\/li>    <li><strong>L\u1ecdc qua l\u01b0\u1edbi<\/strong> \u2013 Th\u1ecbt t\u00e1ch ra qua m\u00e0n h\u00ecnh ho\u1eb7c l\u01b0\u1edbi ch\u00ednh x\u00e1c, \u0111\u1ea3m b\u1ea3o k\u1ebft c\u1ea5u m\u01b0\u1ee3t m\u00e0 v\u00e0 lo\u1ea1i b\u1ecf c\u00e1c m\u1ea3nh x\u01b0\u01a1ng.<\/li>    <li><strong>Thu gom th\u1ecbt<\/strong> \u2013 Nh\u1ef1a th\u1ecbt t\u00e1ch ra \u0111\u01b0\u1ee3c x\u1ea3 qua l\u1ed1i ra v\u00e0 c\u00f3 th\u1ec3 s\u1eed d\u1ee5ng tr\u1ef1c ti\u1ebfp cho x\u00fac x\u00edch, vi\u00ean th\u1ecbt, g\u00e0 vi\u00ean ho\u1eb7c ch\u1ebf bi\u1ebfn ti\u1ebfp theo.<\/li>    <li><strong>X\u1ea3 x\u01b0\u01a1ng<\/strong> \u2013 C\u1eb7n x\u01b0\u01a1ng kh\u00f4 c\u00f2n l\u1ea1i t\u1ef1 \u0111\u1ed9ng \u0111\u01b0\u1ee3c \u0111\u1ea9y ra kh\u1ecfi m\u00e1y v\u00e0 c\u00f3 th\u1ec3 \u0111\u01b0\u1ee3c ch\u1ebf bi\u1ebfn th\u00e0nh b\u1ed9t x\u01b0\u01a1ng ho\u1eb7c th\u1ee9c \u0103n ch\u0103n nu\u00f4i.<\/li> <\/ul> <\/div><\/div>    <h2 class=\"wp-block-heading\">\u01afu \u0111i\u1ec3m c\u1ee7a m\u00e1y t\u00e1ch th\u1ecbt<\/h2>    <div class=\"wp-block-media-text has-media-on-the-right is-stacked-on-mobile\"><div class=\"wp-block-media-text__content\"> <ul class=\"wp-block-list\"> <li><strong>Kh\u1ea3 n\u0103ng thu h\u1ed3i th\u1ecbt cao<\/strong> \u2013 Hi\u1ec7u qu\u1ea3 tr\u00edch xu\u1ea5t 70%\u201380% th\u1ecbt c\u00f2n l\u1ea1i t\u1eeb x\u01b0\u01a1ng, t\u1ed1i \u0111a h\u00f3a s\u1eed d\u1ee5ng nguy\u00ean li\u1ec7u th\u00f4.<\/li>    <li><strong>\u1ee8ng d\u1ee5ng \u0111a d\u1ea1ng<\/strong> \u2013 Ph\u00f9 h\u1ee3p cho g\u00e0, v\u1ecbt, c\u00e1, th\u1ecf, v\u00e0 th\u1eadm ch\u00ed t\u00e1ch tr\u00e1i c\u00e2y v\u00e0 h\u1ea1t cho m\u1ee5c \u0111\u00edch th\u1ef1c ph\u1ea9m, h\u00f3a ch\u1ea5t, v\u00e0 d\u01b0\u1ee3c ph\u1ea9m.<\/li>    <li><strong>C\u1ea5u tr\u00fac b\u1ec1n b\u1ec9<\/strong> \u2013 \u0110\u01b0\u1ee3c l\u00e0m b\u1eb1ng th\u00e9p kh\u00f4ng g\u1ec9 cao c\u1ea5p \u0111\u1ec3 \u0111\u1ea3m b\u1ea3o hi\u1ec7u su\u1ea5t l\u00e2u d\u00e0i v\u00e0 ch\u1ed1ng \u0103n m\u00f2n.<\/li>    <li><strong>V\u1eadn h\u00e0nh m\u01b0\u1ee3t m\u00e0 &amp; \u1ed2n th\u1ea5p<\/strong> \u2013 \u0110\u1ea3m b\u1ea3o qu\u00e1 tr\u00ecnh x\u1eed l\u00fd \u1ed5n \u0111\u1ecbnh v\u1edbi ti\u1ebfng \u1ed3n v\u1eadn h\u00e0nh t\u1ed1i thi\u1ec3u.<\/li> <\/ul> <\/div><figure class=\"wp-block-media-text__media\"><img loading=\"lazy\" decoding=\"async\" width=\"540\" height=\"720\" src=\"https:\/\/meat-machine.com\/wp-content\/uploads\/2023\/05\/duck-deboning-machine.webp\" alt=\"m\u00e1y t\u00e1ch th\u1ecbt v\u1ecbt\" class=\"wp-image-1133 size-full\" title=\"\" srcset=\"https:\/\/meat-machine.com\/wp-content\/uploads\/2023\/05\/duck-deboning-machine.webp 540w, https:\/\/meat-machine.com\/wp-content\/uploads\/2023\/05\/duck-deboning-machine-225x300.webp 225w, https:\/\/meat-machine.com\/wp-content\/uploads\/2023\/05\/duck-deboning-machine-9x12.webp 9w\" sizes=\"auto, (max-width: 540px) 100vw, 540px\" \/><\/figure><\/div>    <div class=\"wp-block-media-text is-stacked-on-mobile\"><figure class=\"wp-block-media-text__media\"><img loading=\"lazy\" decoding=\"async\" width=\"540\" height=\"720\" src=\"https:\/\/meat-machine.com\/wp-content\/uploads\/2023\/05\/Efficient-chicken-deboning-machine-exported.webp\" alt=\"Xu\u1ea5t kh\u1ea9u m\u00e1y t\u00e1ch th\u1ecbt g\u00e0 hi\u1ec7u qu\u1ea3\" class=\"wp-image-1134 size-full\" title=\"\" srcset=\"https:\/\/meat-machine.com\/wp-content\/uploads\/2023\/05\/Efficient-chicken-deboning-machine-exported.webp 540w, https:\/\/meat-machine.com\/wp-content\/uploads\/2023\/05\/Efficient-chicken-deboning-machine-exported-225x300.webp 225w, https:\/\/meat-machine.com\/wp-content\/uploads\/2023\/05\/Efficient-chicken-deboning-machine-exported-9x12.webp 9w\" sizes=\"auto, (max-width: 540px) 100vw, 540px\" \/><\/figure><div class=\"wp-block-media-text__content\"> <ul class=\"wp-block-list\"> <li><strong>D\u1ec5 v\u1eadn h\u00e0nh &amp; v\u1ec7 sinh<\/strong> \u2013 Thi\u1ebft k\u1ebf th\u00e2n thi\u1ec7n ng\u01b0\u1eddi d\u00f9ng cho ph\u00e9p kh\u1edfi \u0111\u1ed9ng nhanh, v\u1eadn h\u00e0nh \u0111\u01a1n gi\u1ea3n v\u00e0 d\u1ec5 v\u1ec7 sinh.<\/li>    <li><strong>S\u1ea3n ph\u1ea9m ph\u1ee5 gi\u00e1 tr\u1ecb gia t\u0103ng<\/strong> \u2013 C\u1eb7n x\u01b0\u01a1ng c\u00f3 th\u1ec3 \u0111\u01b0\u1ee3c ch\u1ebf bi\u1ebfn th\u00e0nh b\u1ed9t x\u01b0\u01a1ng, n\u01b0\u1edbc d\u00f9ng ho\u1eb7c th\u1ee9c \u0103n ch\u0103n nu\u00f4i.<\/li>    <li><strong>Ch\u1ea5t l\u01b0\u1ee3ng th\u1ecbt \u1ed5n \u0111\u1ecbnh<\/strong> \u2013 S\u1ea3n xu\u1ea5t ra th\u1ecbt paste s\u1ea1ch, m\u1ecbn ph\u00f9 h\u1ee3p cho c\u00e1c s\u1ea3n ph\u1ea9m th\u1ecbt ch\u1ebf bi\u1ebfn kh\u00e1c nhau.<\/li>    <li><strong>Ti\u1ebft ki\u1ec7m n\u0103ng l\u01b0\u1ee3ng<\/strong> \u2013 Thi\u1ebft k\u1ebf c\u01a1 kh\u00ed t\u1ed1i \u01b0u gi\u1ea3m ti\u00eau th\u1ee5 n\u0103ng l\u01b0\u1ee3ng trong khi duy tr\u00ec n\u0103ng su\u1ea5t cao.<\/li> <\/ul> <\/div><\/div>    <h2 class=\"wp-block-heading\">Th\u00f4ng s\u1ed1 k\u1ef9 thu\u1eadt c\u1ee7a m\u00e1y t\u00e1ch x\u01b0\u01a1ng g\u00e0<\/h2>    <div class=\"wp-block-columns is-layout-flex wp-container-core-columns-is-layout-8f761849 wp-block-columns-is-layout-flex\"> <div class=\"wp-block-column is-layout-flow wp-block-column-is-layout-flow\"> <ul class=\"wp-block-list\"> <li><strong>M\u1eabu TZ-300<\/strong> <ul class=\"wp-block-list\"> <li>\u0110i\u1ec7n \u00e1p: 380V, 50Hz, 3 pha<\/li>    <li>C\u00f4ng su\u1ea5t: 7.5 kW<\/li>    <li>C\u00f4ng su\u1ea5t: 300\u2013500 kg\/h<\/li>    <li>K\u00edch th\u01b0\u1edbc: 1400 \u00d7 650 \u00d7 980 mm<\/li>    <li>Tr\u1ecdng l\u01b0\u1ee3ng m\u00e1y: 400 kg<\/li> <\/ul> <\/li> <\/ul> <\/div>    <div class=\"wp-block-column is-layout-flow wp-block-column-is-layout-flow\"> <ul class=\"wp-block-list\"> <li><strong>M\u1eabu TZ-500<\/strong> <ul class=\"wp-block-list\"> <li>\u0110i\u1ec7n \u00e1p: 380V, 50Hz, 3 pha<\/li>    <li>C\u00f4ng su\u1ea5t: 8 kW<\/li>    <li>C\u00f4ng su\u1ea5t: 600\u2013800 kg\/h<\/li>    <li>K\u00edch th\u01b0\u1edbc: 1500 \u00d7 660 \u00d7 980 mm<\/li>    <li>Tr\u1ecdng l\u01b0\u1ee3ng m\u00e1y: 600 kg<\/li> <\/ul> <\/li> <\/ul> <\/div>    <div class=\"wp-block-column is-layout-flow wp-block-column-is-layout-flow\"> <ul class=\"wp-block-list\"> <li><strong>M\u1eabu TZ-1000<\/strong> <ul class=\"wp-block-list\"> <li>\u0110i\u1ec7n \u00e1p: 380V, 50Hz<\/li>    <li>C\u00f4ng su\u1ea5t: 13\u201316 kW<\/li>    <li>C\u00f4ng su\u1ea5t: 1000\u20131200 kg\/h<\/li>    <li>K\u00edch th\u01b0\u1edbc: 2100 \u00d7 780 \u00d7 1430 mm<\/li>    <li>Tr\u1ecdng l\u01b0\u1ee3ng m\u00e1y: 1100 kg<\/li> <\/ul> <\/li> <\/ul> <\/div> <\/div>    <figure class=\"wp-block-image size-full\"><img loading=\"lazy\" decoding=\"async\" width=\"540\" height=\"720\" src=\"https:\/\/meat-machine.com\/wp-content\/uploads\/2023\/05\/Efficient-chicken-deboning-machine-price.webp\" alt=\"Gi\u00e1 m\u00e1y t\u00e1ch th\u1ecbt g\u00e0 hi\u1ec7u qu\u1ea3\" class=\"wp-image-1135\" title=\"\" srcset=\"https:\/\/meat-machine.com\/wp-content\/uploads\/2023\/05\/Efficient-chicken-deboning-machine-price.webp 540w, https:\/\/meat-machine.com\/wp-content\/uploads\/2023\/05\/Efficient-chicken-deboning-machine-price-225x300.webp 225w, https:\/\/meat-machine.com\/wp-content\/uploads\/2023\/05\/Efficient-chicken-deboning-machine-price-9x12.webp 9w\" sizes=\"auto, (max-width: 540px) 100vw, 540px\" \/><figcaption class=\"wp-element-caption\">Gi\u00e1 m\u00e1y t\u00e1ch th\u1ecbt g\u00e0 hi\u1ec7u qu\u1ea3<\/figcaption><\/figure>    <h2 class=\"wp-block-heading\">C\u00e1c c\u00e2u h\u1ecfi th\u01b0\u1eddng g\u1eb7p v\u1ec1 m\u00e1y t\u00e1ch th\u1ecbt g\u00e0<\/h2>   <div id=\"rank-math-faq\" class=\"rank-math-block\"> <div class=\"rank-math-list\"> <div id=\"faq-question-1772688590526\" class=\"rank-math-list-item\"> <h3 class=\"rank-math-question\">M\u00e1y c\u00f3 th\u1ec3 x\u1eed l\u00fd x\u01b0\u01a1ng \u0111\u00f4ng l\u1ea1nh kh\u00f4ng?<\/h3> <div class=\"rank-math-answer\">  <p class=\"translation-block\">G\u00e0 \u1edf <strong>-2\u00b0C \u0111\u1ebfn -8\u00b0C<\/strong> l\u00e0 l\u00fd t\u01b0\u1edfng, nh\u01b0ng m\u00e1y c\u0169ng c\u00f3 th\u1ec3 x\u1eed l\u00fd g\u00e0 t\u01b0\u01a1i.<\/p>  <\/div> <\/div> <div id=\"faq-question-1772688767624\" class=\"rank-math-list-item\"> <h3 class=\"rank-math-question\">M\u00e1y c\u00f3 \u1ed3n trong qu\u00e1 tr\u00ecnh ho\u1ea1t \u0111\u1ed9ng kh\u00f4ng?<\/h3> <div class=\"rank-math-answer\">  <p class=\"translation-block\">M\u00e1y ho\u1ea1t \u0111\u1ed9ng v\u1edbi <strong>m\u1ee9c \u0111\u1ed9 \u1ed3n th\u1ea5p<\/strong>, ph\u00f9 h\u1ee3p cho m\u00f4i tr\u01b0\u1eddng nh\u00e0 m\u00e1y trong nh\u00e0 m\u00e0 kh\u00f4ng g\u00e2y \u00f4 nhi\u1ec5m ti\u1ebfng \u1ed3n qu\u00e1 m\u1ee9c.<\/p>  <\/div> <\/div> <div id=\"faq-question-1772688875855\" class=\"rank-math-list-item\"> <h3 class=\"rank-math-question\">Tu\u1ed5i th\u1ecd d\u1ef1 ki\u1ebfn c\u1ee7a m\u00e1y l\u00e0 bao l\u00e2u?<\/h3> <div class=\"rank-math-answer\">  <p class=\"translation-block\">V\u1edbi b\u1ea3o tr\u00ec \u0111\u00fang c\u00e1ch, m\u00e1y c\u00f3 th\u1ec3 s\u1eed d\u1ee5ng l\u00e2u d\u00e0i <strong>5\u201310 n\u0103m<\/strong>, nh\u1edd v\u00e0o <strong>k\u1ebft c\u1ea5u b\u1eb1ng th\u00e9p kh\u00f4ng g\u1ec9 v\u00e0 c\u00e1c b\u1ed9 ph\u1eadn c\u01a1 kh\u00ed b\u1ec1n b\u1ec9<\/strong>.<\/p>  <\/div> <\/div> <div id=\"faq-question-1772688940899\" class=\"rank-math-list-item\"> <h3 class=\"rank-math-question\">V\u1ec1 kh\u1ea3 n\u0103ng cung c\u1ea5p ph\u1ee5 t\u00f9ng thay th\u1ebf th\u00ec sao?<\/h3> <div class=\"rank-math-answer\">  <p class=\"translation-block\">Ch\u00fang t\u00f4i cung c\u1ea5p <strong>ph\u1ee5 t\u00f9ng thay th\u1ebf s\u1eb5n c\u00f3 v\u00e0 b\u1ed9 ph\u1eadn thay th\u1ebf<\/strong>, \u0111\u1ea3m b\u1ea3o th\u1eddi gian ch\u1ebft t\u1ed1i thi\u1ec3u v\u00e0 s\u1ea3n xu\u1ea5t li\u00ean t\u1ee5c.<\/p>  <\/div> <\/div> <\/div> <\/div>   <figure class=\"wp-block-gallery has-nested-images columns-default is-cropped wp-block-gallery-2 is-layout-flex wp-block-gallery-is-layout-flex\"> <figure class=\"wp-block-image size-large\"><img loading=\"lazy\" decoding=\"async\" width=\"720\" height=\"540\" data-id=\"1130\" src=\"https:\/\/meat-machine.com\/wp-content\/uploads\/2023\/05\/chicken.webp\" alt=\"g\u00e0\" class=\"wp-image-1130\" title=\"\" srcset=\"https:\/\/meat-machine.com\/wp-content\/uploads\/2023\/05\/chicken.webp 720w, https:\/\/meat-machine.com\/wp-content\/uploads\/2023\/05\/chicken-300x225.webp 300w, https:\/\/meat-machine.com\/wp-content\/uploads\/2023\/05\/chicken-16x12.webp 16w\" sizes=\"auto, (max-width: 720px) 100vw, 720px\" \/><figcaption class=\"wp-element-caption\">Th\u1ecbt g\u00e0<\/figcaption><\/figure>    <figure class=\"wp-block-image size-large\"><img loading=\"lazy\" decoding=\"async\" width=\"720\" height=\"540\" data-id=\"1131\" src=\"https:\/\/meat-machine.com\/wp-content\/uploads\/2023\/05\/meat.webp\" alt=\"th\u1ecbt\" class=\"wp-image-1131\" title=\"\" srcset=\"https:\/\/meat-machine.com\/wp-content\/uploads\/2023\/05\/meat.webp 720w, https:\/\/meat-machine.com\/wp-content\/uploads\/2023\/05\/meat-300x225.webp 300w, https:\/\/meat-machine.com\/wp-content\/uploads\/2023\/05\/meat-16x12.webp 16w\" sizes=\"auto, (max-width: 720px) 100vw, 720px\" \/><figcaption class=\"wp-element-caption\">Th\u1ecbt<\/figcaption><\/figure> <\/figure>    <h2 class=\"wp-block-heading\">T\u1ea1i sao ch\u1ecdn mua m\u00e1y t\u00e1ch th\u1ecbt g\u00e0 t\u1eeb ch\u00fang t\u00f4i?<\/h2>    <div class=\"wp-block-media-text has-media-on-the-right is-stacked-on-mobile\"><div class=\"wp-block-media-text__content\"> <ul class=\"wp-block-list\"> <li><strong>C\u01a1 s\u1edf kh\u00e1ch h\u00e0ng to\u00e0n c\u1ea7u<\/strong> \u2013 C\u00e1c m\u00e1y c\u1ee7a Taizy \u0111\u01b0\u1ee3c kh\u00e1ch h\u00e0ng tr\u00ean h\u01a1n 50 qu\u1ed1c gia tin d\u00f9ng, ch\u1ee9ng t\u1ecf danh ti\u1ebfng to\u00e0n c\u1ea7u c\u1ee7a ch\u00fang t\u00f4i.<\/li>    <li><strong>V\u1eadn chuy\u1ec3n v\u00e0 giao h\u00e0ng hi\u1ec7u qu\u1ea3<\/strong> \u2013 Giao h\u00e0ng nhanh ch\u00f3ng v\u00e0 an to\u00e0n \u0111\u1ea3m b\u1ea3o m\u00e1y c\u1ee7a b\u1ea1n \u0111\u1ebfn n\u01a1i an to\u00e0n, s\u1eb5n s\u00e0ng \u0111\u1ec3 l\u1eafp \u0111\u1eb7t.<\/li>    <li><strong>D\u1ecbch v\u1ee5 h\u1eadu m\u00e3i chuy\u00ean nghi\u1ec7p<\/strong> \u2013 Taizy cung c\u1ea5p h\u1ed7 tr\u1ee3 k\u1ef9 thu\u1eadt ph\u1ea3n h\u1ed3i nhanh, h\u01b0\u1edbng d\u1eabn l\u1eafp \u0111\u1eb7t v\u00e0 d\u1ecbch v\u1ee5 b\u1ea3o tr\u00ec tr\u00ean to\u00e0n th\u1ebf gi\u1edbi.<\/li>    <li><strong>Chuy\u00ean m\u00f4n \u0111\u00e3 \u0111\u01b0\u1ee3c ch\u1ee9ng minh<\/strong> \u2013 Nhi\u1ec1u n\u0103m kinh nghi\u1ec7m trong l\u0129nh v\u1ef1c m\u00e1y m\u00f3c ch\u1ebf bi\u1ebfn th\u1ecbt cho ph\u00e9p ch\u00fang t\u00f4i cung c\u1ea5p c\u00e1c m\u00e1y c\u00f3 hi\u1ec7u su\u1ea5t cao, \u0111a d\u1ee5ng v\u00e0 d\u1ec5 v\u1eadn h\u00e0nh.<\/li> <\/ul> <\/div><figure class=\"wp-block-media-text__media\"><img loading=\"lazy\" decoding=\"async\" width=\"540\" height=\"720\" src=\"https:\/\/meat-machine.com\/wp-content\/uploads\/2023\/05\/industrial-Efficient-chicken-deboning-machine.webp\" alt=\"m\u00e1y t\u00e1ch th\u1ecbt g\u00e0 c\u00f4ng nghi\u1ec7p hi\u1ec7u qu\u1ea3\" class=\"wp-image-1136 size-full\" title=\"\" srcset=\"https:\/\/meat-machine.com\/wp-content\/uploads\/2023\/05\/industrial-Efficient-chicken-deboning-machine.webp 540w, https:\/\/meat-machine.com\/wp-content\/uploads\/2023\/05\/industrial-Efficient-chicken-deboning-machine-225x300.webp 225w, https:\/\/meat-machine.com\/wp-content\/uploads\/2023\/05\/industrial-Efficient-chicken-deboning-machine-9x12.webp 9w\" sizes=\"auto, (max-width: 540px) 100vw, 540px\" \/><\/figure><\/div>    <h2 class=\"wp-block-heading\">Tr\u01b0\u1eddng h\u1ee3p th\u00e0nh c\u00f4ng c\u1ee7a m\u00e1y t\u00e1ch th\u1ecbt<\/h2>    <p class=\"wp-block-paragraph translation-block\">M\u1ed9t c\u00f4ng ty ch\u1ebf bi\u1ebfn gia c\u1ea7m \u1edf  Vi\u1ec7t Nam  \u0111\u00e3 ch\u1ecdn m\u00e1y t\u00e1ch th\u1ecbt g\u00e0 c\u1ee7a ch\u00fang t\u00f4i \u0111\u1ec3 n\u00e2ng cao hi\u1ec7u qu\u1ea3 trong vi\u1ec7c tr\u00edch xu\u1ea5t th\u1ecbt. M\u00e1y gi\u00fap h\u1ecd  t\u1ed1i \u0111a h\u00f3a kh\u1ea3 n\u0103ng thu h\u1ed3i th\u1ecbt , s\u1ea3n xu\u1ea5t b paste ch\u1ea5t l\u01b0\u1ee3ng cao, v\u00e0 chuy\u1ec3n \u0111\u1ed5i x\u01b0\u01a1ng th\u1eeba th\u00e0nh  s\u1ea3n ph\u1ea9m gi\u00e1 tr\u1ecb gia t\u0103ng  nh\u01b0 b\u1ed9t x\u01b0\u01a1ng v\u00e0 n\u01b0\u1edbc d\u00f9ng. <\/p>    <p class=\"wp-block-paragraph translation-block\">K\u1ebft qu\u1ea3 l\u00e0, nh\u00e0 m\u00e1y <strong>gi\u1ea3m chi ph\u00ed lao \u0111\u1ed9ng, gi\u1ea3m thi\u1ec3u l\u00e3ng ph\u00ed, v\u00e0 n\u00e2ng cao l\u1ee3i nhu\u1eadn t\u1ed5ng th\u1ec3<\/strong>.<\/p>    <figure class=\"wp-block-image size-full\"><img loading=\"lazy\" decoding=\"async\" width=\"540\" height=\"720\" src=\"https:\/\/meat-machine.com\/wp-content\/uploads\/2023\/05\/meat-bone-separator.webp\" alt=\"m\u00e1y t\u00e1ch x\u01b0\u01a1ng th\u1ecbt\" class=\"wp-image-1137\" title=\"\" srcset=\"https:\/\/meat-machine.com\/wp-content\/uploads\/2023\/05\/meat-bone-separator.webp 540w, https:\/\/meat-machine.com\/wp-content\/uploads\/2023\/05\/meat-bone-separator-225x300.webp 225w, https:\/\/meat-machine.com\/wp-content\/uploads\/2023\/05\/meat-bone-separator-9x12.webp 9w\" sizes=\"auto, (max-width: 540px) 100vw, 540px\" \/><figcaption class=\"wp-element-caption\">M\u00e1y t\u00e1ch x\u01b0\u01a1ng th\u1ecbt<\/figcaption><\/figure>    <h2 class=\"wp-block-heading\">Ph\u1ea7n k\u1ebft lu\u1eadn<\/h2>    <p class=\"wp-block-paragraph translation-block\">N\u00e2ng cao hi\u1ec7u qu\u1ea3 ch\u1ebf bi\u1ebfn th\u1ecbt c\u1ee7a b\u1ea1n v\u1edbi <strong>M\u00e1y t\u00e1ch th\u1ecbt g\u00e0 hi\u1ec7u qu\u1ea3<\/strong>, \u0111\u01b0\u1ee3c thi\u1ebft k\u1ebf \u0111\u1ec3 mang l\u1ea1i kh\u1ea3 n\u0103ng thu h\u1ed3i th\u1ecbt cao, v\u1eadn h\u00e0nh m\u01b0\u1ee3t m\u00e0 v\u00e0 hi\u1ec7u su\u1ea5t l\u00e2u d\u00e0i. D\u00f9 b\u1ea1n \u0111ang s\u1ea3n xu\u1ea5t b paste, g\u00e0 vi\u00ean, hay s\u1ea3n ph\u1ea9m ph\u1ee5 gi\u00e1 tr\u1ecb gia t\u0103ng, m\u00e1y n\u00e0y l\u00e0 gi\u1ea3i ph\u00e1p ho\u00e0n h\u1ea3o cho d\u00e2y chuy\u1ec1n s\u1ea3n xu\u1ea5t c\u1ee7a b\u1ea1n. <strong>Li\u00ean h\u1ec7 v\u1edbi ch\u00fang t\u00f4i h\u00f4m nay \u0111\u1ec3 nh\u1eadn b\u00e1o gi\u00e1 v\u00e0 gi\u00fap b\u1ea1n n\u00e2ng c\u1ea5p ho\u1ea1t \u0111\u1ed9ng ch\u1ebf bi\u1ebfn th\u1ecbt c\u1ee7a m\u00ecnh.<\/strong><\/p>    <p class=\"wp-block-paragraph translation-block\">Ch\u00fang t\u00f4i c\u0169ng cung c\u1ea5p nhi\u1ec1u thi\u1ebft b\u1ecb b\u1ed5 sung, bao g\u1ed3m <strong><a href=\"https:\/\/meat-machine.com\/vi\/san-pham\/may-mai-xuong\/\" data-type=\"link\" data-id=\"https:\/\/meat-machine.com\/product\/bone-grinder\/\">m\u00e1y nghi\u1ec1n x\u01b0\u01a1ng<\/a>, <a href=\"https:\/\/meat-machine.com\/vi\/san-pham\/may-xay-thit-thuong-mai\/\" data-type=\"link\" data-id=\"https:\/\/meat-machine.com\/product\/commercial-meat-mincer-machine\/\">m\u00e1y xay th\u1ecbt<\/a>, v\u00e0 <a href=\"https:\/\/meat-machine.com\/vi\/san-pham\/\" data-type=\"link\" data-id=\"https:\/\/meat-machine.com\/product\/\">m\u00e1y ch\u1ebf bi\u1ebfn th\u1ecbt kh\u00e1c<\/a><\/strong>, t\u1ea5t c\u1ea3 \u0111\u1ec1u \u0111\u01b0\u1ee3c thi\u1ebft k\u1ebf \u0111\u1ec3 \u0111\u1ea1t hi\u1ec7u qu\u1ea3 cao v\u00e0 \u0111\u1ed9 tin c\u1eady\u2014ch\u00e0o m\u1eebng b\u1ea1n kh\u00e1m ph\u00e1 v\u00e0 ch\u1ecdn gi\u1ea3i ph\u00e1p t\u1ed1t nh\u1ea5t cho doanh nghi\u1ec7p c\u1ee7a b\u1ea1n.<\/p>","protected":false},"excerpt":{"rendered":"<p>M\u00e1y t\u00e1ch th\u1ecbt g\u00e0 hi\u1ec7u qu\u1ea3 c\u00f3 th\u1ec3 t\u00e1ch th\u1ecbt kh\u1ecfi x\u01b0\u01a1ng g\u00e0 nhanh ch\u00f3ng v\u00e0 ch\u00ednh x\u00e1c, t\u1ed1i \u0111a h\u00f3a s\u1eed d\u1ee5ng nguy\u00ean li\u1ec7u trong c\u00e1c nh\u00e0 m\u00e1y ch\u1ebf bi\u1ebfn th\u1ecbt.<\/p>","protected":false},"author":1,"featured_media":1128,"parent":0,"template":"","tags":[81],"product-type":[3],"class_list":["post-415","product","type-product","status-publish","has-post-thumbnail","hentry","tag-chicken-deboning-machine","product-type-bone-grinder"],"_links":{"self":[{"href":"https:\/\/meat-machine.com\/vi\/wp-json\/wp\/v2\/product\/415","targetHints":{"allow":["GET"]}}],"collection":[{"href":"https:\/\/meat-machine.com\/vi\/wp-json\/wp\/v2\/product"}],"about":[{"href":"https:\/\/meat-machine.com\/vi\/wp-json\/wp\/v2\/types\/product"}],"author":[{"embeddable":true,"href":"https:\/\/meat-machine.com\/vi\/wp-json\/wp\/v2\/users\/1"}],"wp:featuredmedia":[{"embeddable":true,"href":"https:\/\/meat-machine.com\/vi\/wp-json\/wp\/v2\/media\/1128"}],"wp:attachment":[{"href":"https:\/\/meat-machine.com\/vi\/wp-json\/wp\/v2\/media?parent=415"}],"wp:term":[{"taxonomy":"post_tag","embeddable":true,"href":"https:\/\/meat-machine.com\/vi\/wp-json\/wp\/v2\/tags?post=415"},{"taxonomy":"product-type","embeddable":true,"href":"https:\/\/meat-machine.com\/vi\/wp-json\/wp\/v2\/product-type?post=415"}],"curies":[{"name":"wp","href":"https:\/\/api.w.org\/{rel}","templated":true}]}}