{"id":389,"date":"2023-03-29T16:46:02","date_gmt":"2023-03-29T08:46:02","guid":{"rendered":"https:\/\/meat-machine.com\/?post_type=product&#038;p=389"},"modified":"2025-07-30T18:26:50","modified_gmt":"2025-07-30T10:26:50","slug":"may-dong-goi-chan-khong-thit","status":"publish","type":"product","link":"https:\/\/meat-machine.com\/vi\/product\/meat-vacuum-packaging-machine\/","title":{"rendered":"M\u00e1y \u0111\u00f3ng g\u00f3i ch\u00e2n kh\u00f4ng th\u1ecbt"},"content":{"rendered":"<div class=\"kk-star-ratings kksr-auto kksr-align-left kksr-valign-top\"     data-payload='{&quot;align&quot;:&quot;left&quot;,&quot;id&quot;:&quot;389&quot;,&quot;slug&quot;:&quot;default&quot;,&quot;valign&quot;:&quot;top&quot;,&quot;ignore&quot;:&quot;&quot;,&quot;reference&quot;:&quot;auto&quot;,&quot;class&quot;:&quot;&quot;,&quot;count&quot;:&quot;15&quot;,&quot;legendonly&quot;:&quot;&quot;,&quot;readonly&quot;:&quot;&quot;,&quot;score&quot;:&quot;4.8&quot;,&quot;starsonly&quot;:&quot;&quot;,&quot;best&quot;:&quot;5&quot;,&quot;gap&quot;:&quot;5&quot;,&quot;greet&quot;:&quot;Rate this product&quot;,&quot;legend&quot;:&quot;4.8\\\/5 - (15 b\u00ecnh ch\u1ecdn)&quot;,&quot;size&quot;:&quot;24&quot;,&quot;title&quot;:&quot;Meat Vacuum Packaging Machine&quot;,&quot;width&quot;:&quot;136.7&quot;,&quot;_legend&quot;:&quot;{score}\\\/{best} - ({count} {votes})&quot;,&quot;font_factor&quot;:&quot;1.25&quot;}'>              <div class=\"kksr-stars\">      <div class=\"kksr-stars-inactive\">             <div class=\"kksr-star\" data-star=\"1\" style=\"padding-right: 5px\">               <div class=\"kksr-icon\" style=\"width: 24px; height: 24px;\"><\/div>         <\/div>             <div class=\"kksr-star\" data-star=\"2\" style=\"padding-right: 5px\">               <div class=\"kksr-icon\" style=\"width: 24px; height: 24px;\"><\/div>         <\/div>             <div class=\"kksr-star\" data-star=\"3\" style=\"padding-right: 5px\">               <div class=\"kksr-icon\" style=\"width: 24px; height: 24px;\"><\/div>         <\/div>             <div class=\"kksr-star\" data-star=\"4\" style=\"padding-right: 5px\">               <div class=\"kksr-icon\" style=\"width: 24px; height: 24px;\"><\/div>         <\/div>             <div class=\"kksr-star\" data-star=\"5\" style=\"padding-right: 5px\">               <div class=\"kksr-icon\" style=\"width: 24px; height: 24px;\"><\/div>         <\/div>     <\/div>      <div class=\"kksr-stars-active\" style=\"width: 136.7px;\">             <div class=\"kksr-star\" style=\"padding-right: 5px\">               <div class=\"kksr-icon\" style=\"width: 24px; height: 24px;\"><\/div>         <\/div>             <div class=\"kksr-star\" style=\"padding-right: 5px\">               <div class=\"kksr-icon\" style=\"width: 24px; height: 24px;\"><\/div>         <\/div>             <div class=\"kksr-star\" style=\"padding-right: 5px\">               <div class=\"kksr-icon\" style=\"width: 24px; height: 24px;\"><\/div>         <\/div>             <div class=\"kksr-star\" style=\"padding-right: 5px\">               <div class=\"kksr-icon\" style=\"width: 24px; height: 24px;\"><\/div>         <\/div>             <div class=\"kksr-star\" style=\"padding-right: 5px\">               <div class=\"kksr-icon\" style=\"width: 24px; height: 24px;\"><\/div>         <\/div>     <\/div> <\/div>                   <div class=\"kksr-legend\" style=\"font-size: 19.2px;\">             4.8\/5 - (15 l\u01b0\u1ee3t b\u00ecnh ch\u1ecdn)    <\/div>     <\/div>  <p class=\"wp-block-paragraph\">M\u00e1y \u0111\u00f3ng g\u00f3i ch\u00e2n kh\u00f4ng th\u1ecbt \u0111\u01b0\u1ee3c thi\u1ebft k\u1ebf \u0111\u1ec3 \u0111\u00f3ng g\u00f3i hi\u1ec7u qu\u1ea3 c\u00e1c lo\u1ea1i s\u1ea3n ph\u1ea9m th\u1ecbt kh\u00e1c nhau trong t\u00fai ch\u00e2n kh\u00f4ng, k\u00e9o d\u00e0i th\u1eddi gian b\u1ea3o qu\u1ea3n trong khi v\u1eabn gi\u1eef \u0111\u01b0\u1ee3c \u0111\u1ed9 t\u01b0\u01a1i, h\u01b0\u01a1ng v\u1ecb v\u00e0 v\u1ec7 sinh. <\/p>    <p class=\"wp-block-paragraph\">L\u00fd t\u01b0\u1edfng cho c\u00e1c nh\u00e0 m\u00e1y ch\u1ebf bi\u1ebfn th\u1ecbt, c\u1eeda h\u00e0ng th\u1ecbt v\u00e0 c\u01a1 s\u1edf \u0111\u00f3ng g\u00f3i th\u1ef1c ph\u1ea9m, m\u00e1y n\u00e0y gi\u00fap ng\u0103n ng\u1eeba s\u1ef1 oxy h\u00f3a, h\u01b0 h\u1ecfng v\u00e0 \u00f4 nhi\u1ec5m. <\/p>    <p class=\"wp-block-paragraph translation-block\">V\u1edbi c\u00f4ng su\u1ea5t <strong>2\u20134 chu k\u1ef3 m\u1ed7i ph\u00fat<\/strong>, m\u00e1y \u0111\u1ea3m b\u1ea3o hi\u1ec7u su\u1ea5t ho\u1ea1t \u0111\u1ed9ng nhanh ch\u00f3ng v\u00e0 \u0111\u00e1ng tin c\u1eady cho c\u1ea3 \u1ee9ng d\u1ee5ng quy m\u00f4 nh\u1ecf v\u00e0 c\u00f4ng nghi\u1ec7p.<\/p>    <figure class=\"wp-block-embed is-type-video is-provider-youtube wp-block-embed-youtube wp-embed-aspect-16-9 wp-has-aspect-ratio\"><div class=\"wp-block-embed__wrapper\"> <iframe loading=\"lazy\" title=\"C\u00e1ch m\u1ed9t m\u00e1y \u0111\u00f3ng g\u00f3i ch\u00e2n kh\u00f4ng ho\u1ea1t \u0111\u1ed9ng \u2013 Tr\u00ecnh di\u1ec5n \u0111\u1ea7y \u0111\u1ee7! #ch\u00e2nkh\u00f4ng #\u0111\u00f3ngg\u00f3i #rau #th\u1ecbt #tr\u00e1i_c\u00e2y\" width=\"500\" height=\"281\" src=\"https:\/\/www.youtube.com\/embed\/Wl9ABLGhC2E?feature=oembed\" frameborder=\"0\" allow=\"accelerometer; autoplay; clipboard-write; encrypted-media; gyroscope; picture-in-picture; web-share\" referrerpolicy=\"strict-origin-when-cross-origin\" allowfullscreen><\/iframe> <\/div><figcaption class=\"wp-element-caption\">Video l\u00e0m vi\u1ec7c c\u1ee7a m\u00e1y \u0111\u00f3ng g\u00f3i ch\u00e2n kh\u00f4ng th\u1ecbt<\/figcaption><\/figure>    <h2 class=\"wp-block-heading\">H\u1ec7 th\u1ed1ng \u0111\u00f3ng g\u00f3i t\u1ed1t nh\u1ea5t cho th\u1ecbt l\u00e0 g\u00ec?<\/h2>    <p class=\"wp-block-paragraph translation-block\">Khi n\u00f3i \u0111\u1ebfn vi\u1ec7c b\u1ea3o qu\u1ea3n ch\u1ea5t l\u01b0\u1ee3ng th\u1ecbt v\u00e0 k\u00e9o d\u00e0i th\u1eddi h\u1ea1n s\u1eed d\u1ee5ng, <strong>\u0111\u00f3ng g\u00f3i ch\u00e2n kh\u00f4ng<\/strong> n\u1ed5i b\u1eadt nh\u01b0 m\u1ed9t ph\u01b0\u01a1ng ph\u00e1p hi\u1ec7u qu\u1ea3 nh\u1ea5t. \u0110\u00e2y l\u00e0 l\u00fd do t\u1ea1i sao:<\/p>    <div class=\"wp-block-media-text is-stacked-on-mobile\"><figure class=\"wp-block-media-text__media\"><img loading=\"lazy\" decoding=\"async\" width=\"720\" height=\"540\" src=\"https:\/\/meat-machine.com\/wp-content\/uploads\/2023\/03\/vacuum-packed-food.webp\" alt=\"th\u1ef1c ph\u1ea9m \u0111\u00f3ng g\u00f3i ch\u00e2n kh\u00f4ng\" class=\"wp-image-394 size-full\" title=\"\" srcset=\"https:\/\/meat-machine.com\/wp-content\/uploads\/2023\/03\/vacuum-packed-food.webp 720w, https:\/\/meat-machine.com\/wp-content\/uploads\/2023\/03\/vacuum-packed-food-300x225.webp 300w\" sizes=\"auto, (max-width: 720px) 100vw, 720px\" \/><\/figure><div class=\"wp-block-media-text__content\"> <ul class=\"wp-block-list\"> <li><strong>Hi\u1ec7u su\u1ea5t lo\u1ea1i b\u1ecf kh\u00f4ng kh\u00ed<\/strong>: \u0111\u00f3ng g\u00f3i ch\u00e2n kh\u00f4ng ho\u00e0n to\u00e0n lo\u1ea1i b\u1ecf kh\u00f4ng kh\u00ed kh\u1ecfi t\u00fai \u0111\u00f3ng g\u00f3i th\u1ecbt, ng\u0103n ng\u1eeba ti\u1ebfp x\u00fac v\u1edbi oxy.<\/li>    <li><strong>Ng\u0103n ch\u1eb7n qu\u00e1 tr\u00ecnh oxy h\u00f3a<\/strong>: b\u1eb1ng c\u00e1ch lo\u1ea1i b\u1ecf oxy, n\u00f3 gi\u1ea3m nguy c\u01a1 th\u1ecbt b\u1ecb \u0111\u1ed5i m\u00e0u v\u00e0 \u00f4i thiu.<\/li>    <li><strong>Ng\u0103n ch\u1eb7n s\u1ef1 ph\u00e1t tri\u1ec3n c\u1ee7a vi khu\u1ea9n<\/strong>: m\u00f4i tr\u01b0\u1eddng ch\u00e2n kh\u00f4ng l\u00e0m ch\u1eadm \u0111\u00e1ng k\u1ec3 s\u1ef1 ph\u00e1t tri\u1ec3n c\u1ee7a vi khu\u1ea9n g\u00e2y h\u01b0 h\u1ecfng.<\/li>    <li><strong>K\u00e9o d\u00e0i th\u1eddi gian s\u1eed d\u1ee5ng<\/strong>: th\u1ecbt gi\u1eef \u0111\u01b0\u1ee3c \u0111\u1ed9 t\u01b0\u01a1i l\u00e2u h\u01a1n so v\u1edbi c\u00e1c ph\u01b0\u01a1ng ph\u00e1p \u0111\u00f3ng g\u00f3i truy\u1ec1n th\u1ed1ng.<\/li>    <li><strong>C\u1ea3i thi\u1ec7n vi\u1ec7c l\u01b0u tr\u1eef v\u00e0 v\u1eadn chuy\u1ec3n<\/strong>: th\u1ecbt \u0111\u01b0\u1ee3c \u0111\u00f3ng g\u00f3i ch\u00e2n kh\u00f4ng chi\u1ebfm \u00edt kh\u00f4ng gian h\u01a1n v\u00e0 d\u1ec5 d\u00e0ng \u0111\u1ec3 l\u01b0u tr\u1eef ho\u1eb7c v\u1eadn chuy\u1ec3n.<\/li> <\/ul> <\/div><\/div>    <p class=\"wp-block-paragraph translation-block\">N\u1ebfu b\u1ea1n \u0111ang c\u00f3 k\u1ebf ho\u1ea1ch s\u1ea3n xu\u1ea5t th\u1ecbt \u0111\u00f3ng g\u00f3i h\u00fat ch\u00e2n kh\u00f4ng, ch\u00fang t\u00f4i \u0111\u1eb7c bi\u1ec7t khuy\u00ean b\u1ea1n n\u00ean s\u1eed d\u1ee5ng <strong>m\u00e1y \u0111\u00f3ng g\u00f3i h\u00fat ch\u00e2n kh\u00f4ng th\u1ecbt<\/strong>. Tr\u00ean th\u1ef1c t\u1ebf, ngay trong th\u00e1ng tr\u01b0\u1edbc, m\u1ed9t kh\u00e1ch h\u00e0ng t\u1eeb <strong>Malaysia<\/strong>, ng\u01b0\u1eddi s\u1ea3n xu\u1ea5t <a href=\"https:\/\/meat-machine.com\/vi\/san-pham\/may-cat-thit-dong-lanh-thuong-mai\/\" data-type=\"link\" data-id=\"https:\/\/meat-machine.com\/product\/commercial-frozen-meat-slicer\/\">m\u00e1y c\u1eaft th\u1ecbt<\/a> v\u00e0 <a href=\"https:\/\/meat-machine.com\/vi\/san-pham\/may-thai-thit\/\" data-type=\"link\" data-id=\"https:\/\/meat-machine.com\/product\/meat-dicing-machine\/\">th\u1ecbt th\u00e1i h\u1ea1t l\u1ef1u<\/a>, \u0111\u00e3 mua chi\u1ebfc m\u00e1y n\u00e0y \u0111\u1ec3 n\u00e2ng c\u1ea5p quy tr\u00ecnh \u0111\u00f3ng g\u00f3i c\u1ee7a h\u1ecd.<\/p>    <h2 class=\"wp-block-heading\">Th\u00f4ng s\u1ed1 k\u1ef9 thu\u1eadt m\u00e1y \u0111\u00f3ng g\u00f3i ch\u00e2n kh\u00f4ng th\u1ecbt<\/h2>    <figure class=\"wp-block-table\"><table><tbody><tr><td>Ng\u01b0\u1eddi m\u1eabu<\/td><td>M\u00e1y \u0111\u00f3ng g\u00f3i ch\u00e2n kh\u00f4ng bu\u1ed3ng \u0111\u01a1n<\/td><td>M\u00e1y \u0111\u00f3ng g\u00f3i ch\u00e2n kh\u00f4ng bu\u1ed3ng \u0111\u00f4i<\/td><\/tr><tr><td>C\u00f4ng su\u1ea5t b\u01a1m ch\u00e2n kh\u00f4ng<\/td><td>0,9kw<\/td><td>1,5kw<\/td><\/tr><tr><td>S\u1ee9c m\u1ea1nh ni\u00eam phong<\/td><td>0,6kw<\/td><td>1,17kw<\/td><\/tr><tr><td>\u0110i\u1ec7n \u00e1p<\/td><td>220v\/50hz<\/td><td>380v\/50hz<\/td><\/tr><tr><td>V\u1eadt li\u1ec7u<\/td><td>th\u00e9p kh\u00f4ng g\u1ec9 302<\/td><td>th\u00e9p kh\u00f4ng g\u1ec9 302<\/td><\/tr><tr><td>S\u1ed1 d\u1ea3i ni\u00eam phong<\/td><td>1<\/td><td>3<\/td><\/tr><tr><td>\u00c1p su\u1ea5t tuy\u1ec7t \u0111\u1ed1i<\/td><td>0,1 n\u0103m<\/td><td>0,1 n\u0103m<\/td><\/tr><tr><td>Ch\u1ea5t li\u1ec7u b\u00eca<\/td><td>Th\u1ee7y tinh h\u1eefu c\u01a1<\/td><td>Th\u1ee7y tinh h\u1eefu c\u01a1<\/td><\/tr><tr><td>K\u00edch th\u01b0\u1edbc m\u00e1y<\/td><td>650x580x960mm<\/td><td>1260x605x960mm<\/td><\/tr><tr><td>Tr\u1ecdng l\u01b0\u1ee3ng m\u00e1y<\/td><td>80kg<\/td><td>150kg<\/td><\/tr><\/tbody><\/table><figcaption class=\"wp-element-caption\">c\u00e1c th\u00f4ng s\u1ed1 m\u00e1y \u0111\u00f3ng g\u00f3i th\u1ecbt<\/figcaption><\/figure>    <p class=\"wp-block-paragraph translation-block\">Tr\u00ean \u0111\u00e2y l\u00e0 th\u00f4ng s\u1ed1 k\u1ef9 thu\u1eadt c\u1ee7a hai m\u00e1y h\u00fat ch\u00e2n kh\u00f4ng th\u1ecbt b\u00e1n ch\u1ea1y nh\u1ea5t t\u1ea1i Nh\u00e0 m\u00e1y M\u00e1y m\u00f3c Th\u1ecbt Taizy. M\u1ed9t l\u00e0 m\u00e1y h\u00fat ch\u00e2n kh\u00f4ng \u0111\u01a1n bu\u1ed3ng, m\u1ed9t l\u00e0 m\u00e1y h\u00fat ch\u00e2n kh\u00f4ng \u0111\u00f4i. <\/p>    <p class=\"wp-block-paragraph translation-block\">M\u00e1y \u0111\u01b0\u1ee3c l\u00e0m b\u1eb1ng <a href=\"https:\/\/en.wikipedia.org\/wiki\/SAE_304_stainless_steel\" target=\"_blank\" rel=\"noopener\">th\u00e9p kh\u00f4ng g\u1ec9 304<\/a>, d\u1ec5 d\u00e0ng v\u1ec7 sinh v\u00e0 c\u00f3 tu\u1ed5i th\u1ecd cao. Tr\u1ecdng l\u01b0\u1ee3ng c\u1ee7a m\u00e1y l\u1ea7n l\u01b0\u1ee3t l\u00e0 80kg v\u00e0 150kg. \u0110i\u1ec7n \u00e1p l\u1ea7n l\u01b0\u1ee3t l\u00e0 220V\/50HZ v\u00e0 380V\/50HZ.<\/p>   <div class=\"wp-block-image\"> <figure class=\"aligncenter size-full\"><img loading=\"lazy\" decoding=\"async\" width=\"720\" height=\"540\" src=\"https:\/\/meat-machine.com\/wp-content\/uploads\/2023\/03\/meat-packing-machine.webp\" alt=\"m\u00e1y \u0111\u00f3ng g\u00f3i th\u1ecbt\" class=\"wp-image-391\" title=\"\" srcset=\"https:\/\/meat-machine.com\/wp-content\/uploads\/2023\/03\/meat-packing-machine.webp 720w, https:\/\/meat-machine.com\/wp-content\/uploads\/2023\/03\/meat-packing-machine-300x225.webp 300w\" sizes=\"auto, (max-width: 720px) 100vw, 720px\" \/><figcaption class=\"wp-element-caption\">m\u00e1y \u0111\u00f3ng g\u00f3i th\u1ecbt<\/figcaption><\/figure> <\/div>   <h2 class=\"wp-block-heading\">Ch\u1ee9c n\u0103ng c\u1ee7a m\u00e1y \u0111\u00f3ng g\u00f3i th\u1ecbt<\/h2>    <p class=\"wp-block-paragraph translation-block\"><strong>M\u00e1y h\u00fat ch\u00e2n kh\u00f4ng th\u1ecbt<\/strong> \u0111\u01b0\u1ee3c thi\u1ebft k\u1ebf \u0111\u1ec3 lo\u1ea1i b\u1ecf kh\u00f4ng kh\u00ed kh\u1ecfi t\u00fai \u0111\u00f3ng g\u00f3i th\u1ecbt v\u00e0 ni\u00eam phong ch\u00fang m\u1ed9t c\u00e1ch ch\u1eafc ch\u1eafn. B\u1eb1ng c\u00e1ch t\u1ea1o ra m\u00f4i tr\u01b0\u1eddng ch\u00e2n kh\u00f4ng, m\u00e1y n\u00e0y gi\u00fap b\u1ea3o qu\u1ea3n \u0111\u1ed9 t\u01b0\u01a1i v\u00e0 ch\u1ea5t l\u01b0\u1ee3ng c\u1ee7a c\u00e1c s\u1ea3n ph\u1ea9m th\u1ecbt. N\u00f3 \u0111\u00f3ng vai tr\u00f2 quan tr\u1ecdng trong c\u00e1c d\u00e2y chuy\u1ec1n ch\u1ebf bi\u1ebfn v\u00e0 \u0111\u00f3ng g\u00f3i th\u1ecbt hi\u1ec7n \u0111\u1ea1i. M\u00e1y cung c\u1ea5p m\u1ed9t s\u1ed1 ch\u1ee9c n\u0103ng ch\u00ednh:<\/p>    <div class=\"wp-block-media-text has-media-on-the-right is-stacked-on-mobile\"><div class=\"wp-block-media-text__content\"> <ul class=\"wp-block-list\"> <li><strong>C\u1ea3i thi\u1ec7n an to\u00e0n th\u1ef1c ph\u1ea9m<\/strong>: vi\u1ec7c ni\u00eam phong k\u00edn gi\u00fap ng\u0103n ng\u1eeba \u00f4 nhi\u1ec5m t\u1eeb vi khu\u1ea9n v\u00e0 ch\u1ea5t \u00f4 nhi\u1ec5m b\u00ean ngo\u00e0i.<\/li>    <li><strong>Tr\u00ecnh b\u00e0y s\u1ea3n ph\u1ea9m \u0111\u01b0\u1ee3c c\u1ea3i thi\u1ec7n<\/strong>: vi\u1ec7c \u0111\u00f3ng g\u00f3i s\u1ea1ch s\u1ebd v\u00e0 \u0111\u1ed3ng nh\u1ea5t c\u1ea3i thi\u1ec7n di\u1ec7n m\u1ea1o v\u00e0 s\u1ee9c h\u1ea5p d\u1eabn c\u1ee7a s\u1ea3n ph\u1ea9m.<\/li>    <li><strong>Bao b\u00ec ti\u1ebft ki\u1ec7m chi ph\u00ed<\/strong>: gi\u1ea3m thi\u1ec3u l\u00e3ng ph\u00ed v\u00e0 gi\u1ea3m thi\u1ec3u h\u01b0 h\u1ecfng, cu\u1ed1i c\u00f9ng l\u00e0m gi\u1ea3m chi ph\u00ed t\u1ed5ng th\u1ec3.<\/li>    <li><strong>T\u00ednh linh ho\u1ea1t<\/strong>: ph\u00f9 h\u1ee3p cho nhi\u1ec1u lo\u1ea1i th\u1ecbt v\u00e0 c\u00e1c s\u1ea3n ph\u1ea9m th\u1ef1c ph\u1ea9m kh\u00e1c, c\u0169ng nh\u01b0 c\u00e1c s\u1ea3n ph\u1ea9m kh\u00f4ng ph\u1ea3i th\u1ef1c ph\u1ea9m.<\/li> <\/ul> <\/div><figure class=\"wp-block-media-text__media\"><img loading=\"lazy\" decoding=\"async\" width=\"720\" height=\"540\" src=\"https:\/\/meat-machine.com\/wp-content\/uploads\/2023\/03\/widely-application.webp\" alt=\"\u1ee9ng d\u1ee5ng r\u1ed9ng r\u00e3i\" class=\"wp-image-395 size-full\" title=\"\" srcset=\"https:\/\/meat-machine.com\/wp-content\/uploads\/2023\/03\/widely-application.webp 720w, https:\/\/meat-machine.com\/wp-content\/uploads\/2023\/03\/widely-application-300x225.webp 300w\" sizes=\"auto, (max-width: 720px) 100vw, 720px\" \/><\/figure><\/div>    <p class=\"wp-block-paragraph\">Thi\u1ebft b\u1ecb n\u00e0y l\u00fd t\u01b0\u1edfng cho c\u00e1c nh\u00e0 ch\u1ebf bi\u1ebfn th\u1ecbt \u0111ang t\u00ecm ki\u1ebfm c\u1ea3i thi\u1ec7n th\u1eddi gian b\u1ea3o qu\u1ea3n, v\u1ec7 sinh v\u00e0 hi\u1ec7u qu\u1ea3 logistics.<\/p>    <h2 class=\"wp-block-heading\">L\u00e0m th\u1ebf n\u00e0o \u0111\u1ec3 s\u1eed d\u1ee5ng m\u00e1y \u0111\u00f3ng g\u00f3i ch\u00e2n kh\u00f4ng th\u1ecbt?<\/h2>    <div class=\"wp-block-media-text is-stacked-on-mobile\"><figure class=\"wp-block-media-text__media\"><img loading=\"lazy\" decoding=\"async\" width=\"720\" height=\"540\" src=\"https:\/\/meat-machine.com\/wp-content\/uploads\/2023\/03\/meat-vacuum-packaging-machine.webp\" alt=\"m\u00e1y \u0111\u00f3ng g\u00f3i ch\u00e2n kh\u00f4ng th\u1ecbt\" class=\"wp-image-392 size-full\" title=\"\" srcset=\"https:\/\/meat-machine.com\/wp-content\/uploads\/2023\/03\/meat-vacuum-packaging-machine.webp 720w, https:\/\/meat-machine.com\/wp-content\/uploads\/2023\/03\/meat-vacuum-packaging-machine-300x225.webp 300w\" sizes=\"auto, (max-width: 720px) 100vw, 720px\" \/><\/figure><div class=\"wp-block-media-text__content\"> <ul class=\"wp-block-list\"> <li><strong>B\u1eadt ngu\u1ed3n<\/strong> <ul class=\"wp-block-list\"> <li>B\u1eaft \u0111\u1ea7u b\u1eb1ng c\u00e1ch b\u1eadt ngu\u1ed3n c\u1ee7a m\u00e1y \u0111\u00f3ng g\u00f3i ch\u00e2n kh\u00f4ng th\u1ecbt.<\/li> <\/ul> <\/li>    <li><strong>Chu\u1ea9n b\u1ecb th\u1ecbt<\/strong> <ul class=\"wp-block-list\"> <li>\u0110\u1eb7t c\u00e1c s\u1ea3n ph\u1ea9m th\u1ecbt v\u00e0o t\u00fai \u0111\u00f3ng g\u00f3i ch\u00e2n kh\u00f4ng \u0111\u01b0\u1ee3c ch\u1ec9 \u0111\u1ecbnh, \u0111\u1ea3m b\u1ea3o r\u1eb1ng mi\u1ec7ng t\u00fai s\u1ea1ch s\u1ebd v\u00e0 \u0111\u01b0\u1ee3c \u0111\u1ecbnh v\u1ecb \u0111\u00fang c\u00e1ch.<\/li> <\/ul> <\/li>    <li><strong>\u0110\u1eb7t t\u00fai v\u00e0o bu\u1ed3ng ch\u00e2n kh\u00f4ng<\/strong> <ul class=\"wp-block-list\"> <li>\u0110\u01b0a \u0111\u1ea7u m\u1edf c\u1ee7a t\u00fai \u0111\u00f3ng g\u00f3i v\u00e0o b\u00ean trong bu\u1ed3ng ch\u00e2n kh\u00f4ng, c\u0103n ch\u1ec9nh n\u00f3 v\u1edbi thanh ni\u00eam phong.<\/li> <\/ul> <\/li> <\/ul> <\/div><\/div>    <div class=\"wp-block-media-text has-media-on-the-right is-stacked-on-mobile\"><div class=\"wp-block-media-text__content\"> <ul class=\"wp-block-list\"> <li><strong>\u0110\u00f3ng n\u1eafp bu\u1ed3ng<\/strong> <ul class=\"wp-block-list\"> <li>K\u00e9o n\u1eafp c\u1ee7a bu\u1ed3ng ch\u00e2n kh\u00f4ng xu\u1ed1ng. Khi \u0111\u00e3 \u0111\u00f3ng l\u1ea1i, \u0111\u00e8n ch\u1ec9 th\u1ecb h\u00fat tr\u00ean b\u1ea3ng \u0111i\u1ec1u khi\u1ec3n s\u1ebd s\u00e1ng l\u00ean, cho bi\u1ebft qu\u00e1 tr\u00ecnh ch\u00e2n kh\u00f4ng \u0111\u00e3 b\u1eaft \u0111\u1ea7u.<\/li> <\/ul> <\/li>    <li><strong>Ch\u1edd t\u1ea1o ch\u00e2n kh\u00f4ng v\u00e0 ni\u00eam phong<\/strong> <ul class=\"wp-block-list\"> <li>Khi kh\u00f4ng kh\u00ed \u0111\u00e3 \u0111\u01b0\u1ee3c h\u00fat ho\u00e0n to\u00e0n, \u0111\u00e8n b\u00e1o h\u00fat s\u1ebd t\u1eaft v\u00e0 \u0111\u00e8n b\u00e1o h\u00e0n nhi\u1ec7t s\u1ebd t\u1ef1 \u0111\u1ed9ng b\u1eadt l\u00ean. M\u00e1y s\u1ebd sau \u0111\u00f3 h\u00e0n t\u00fai l\u1ea1i m\u1ed9t c\u00e1ch ch\u1eb7t ch\u1ebd.<\/li> <\/ul> <\/li>    <li><strong>\u0110\u00f3ng g\u00f3i ho\u00e0n t\u1ea5t<\/strong> <ul class=\"wp-block-list\"> <li>Sau khi qu\u00e1 tr\u00ecnh ni\u00eam phong ho\u00e0n t\u1ea5t, n\u1eafp s\u1ebd n\u00e2ng l\u00ean v\u00e0 qu\u00e1 tr\u00ecnh \u0111\u00f3ng g\u00f3i ch\u00e2n kh\u00f4ng \u0111\u00e3 ho\u00e0n th\u00e0nh. S\u1ea3n ph\u1ea9m th\u1ecbt c\u1ee7a b\u1ea1n gi\u1edd \u0111\u00e3 \u0111\u01b0\u1ee3c ni\u00eam phong an to\u00e0n v\u00e0 s\u1eb5n s\u00e0ng \u0111\u1ec3 l\u01b0u tr\u1eef ho\u1eb7c v\u1eadn chuy\u1ec3n.<\/li> <\/ul> <\/li> <\/ul> <\/div><figure class=\"wp-block-media-text__media\"><img loading=\"lazy\" decoding=\"async\" width=\"720\" height=\"540\" src=\"https:\/\/meat-machine.com\/wp-content\/uploads\/2023\/03\/control-panel.webp\" alt=\"b\u1ea3ng \u0111i\u1ec1u khi\u1ec3n\" class=\"wp-image-390 size-full\" title=\"\" srcset=\"https:\/\/meat-machine.com\/wp-content\/uploads\/2023\/03\/control-panel.webp 720w, https:\/\/meat-machine.com\/wp-content\/uploads\/2023\/03\/control-panel-300x225.webp 300w\" sizes=\"auto, (max-width: 720px) 100vw, 720px\" \/><\/figure><\/div>    <h2 class=\"wp-block-heading\">M\u00e1y \u0111\u00f3ng g\u00f3i th\u1ecbt t\u1ef1 \u0111\u1ed9ng gi\u00e1 bao nhi\u00eau?<\/h2>    <p class=\"wp-block-paragraph\">Gi\u00e1 c\u1ee7a m\u1ed9t m\u00e1y \u0111\u00f3ng g\u00f3i th\u1ecbt t\u1ef1 \u0111\u1ed9ng c\u00f3 th\u1ec3 dao \u0111\u1ed9ng r\u1ea5t l\u1edbn, th\u01b0\u1eddng t\u1eeb v\u00e0i tr\u0103m \u0111\u1ebfn v\u00e0i ngh\u00ecn \u0111\u00f4 la, theo d\u1eef li\u1ec7u th\u1ecb tr\u01b0\u1eddng. M\u00e1y \u0111\u00f3ng g\u00f3i ch\u00e2n kh\u00f4ng th\u1ecbt c\u1ee7a c\u00f4ng ty ch\u00fang t\u00f4i c\u0169ng kh\u00f4ng c\u00f3 gi\u00e1 c\u1ed1 \u0111\u1ecbnh, v\u00ec chi ph\u00ed cu\u1ed1i c\u00f9ng ph\u1ee5 thu\u1ed9c v\u00e0o m\u1ed9t s\u1ed1 y\u1ebfu t\u1ed1, bao g\u1ed3m:<\/p>    <div class=\"wp-block-media-text is-stacked-on-mobile\"><figure class=\"wp-block-media-text__media\"><img loading=\"lazy\" decoding=\"async\" width=\"720\" height=\"540\" src=\"https:\/\/meat-machine.com\/wp-content\/uploads\/2023\/03\/single-chamber-meat-vacuum-packing-machine.webp\" alt=\"C\u1ea7n b\u00e1n m\u00e1y \u0111\u00f3ng g\u00f3i ch\u00e2n kh\u00f4ng th\u1ecbt m\u1ed9t bu\u1ed3ng\" class=\"wp-image-393 size-full\" title=\"\" srcset=\"https:\/\/meat-machine.com\/wp-content\/uploads\/2023\/03\/single-chamber-meat-vacuum-packing-machine.webp 720w, https:\/\/meat-machine.com\/wp-content\/uploads\/2023\/03\/single-chamber-meat-vacuum-packing-machine-300x225.webp 300w\" sizes=\"auto, (max-width: 720px) 100vw, 720px\" \/><\/figure><div class=\"wp-block-media-text__content\"> <ul class=\"wp-block-list\"> <li>c\u00e1c <strong>lo\u1ea1i m\u00e1y<\/strong> (bu\u1ed3ng \u0111\u01a1n, bu\u1ed3ng \u0111\u00f4i, \u0111\u1ec3 b\u00e0n, v.v.).<\/li>    <li>c\u00e1c <strong>c\u00e1c y\u00eau c\u1ea7u v\u1ec1 c\u00f4ng su\u1ea5t v\u00e0 s\u1ea3n l\u01b0\u1ee3ng<\/strong>.<\/li>    <li><strong>C\u00e1c ch\u1ee9c n\u0103ng b\u1ed5 sung<\/strong> nh\u01b0 l\u00e0 h\u1ec7 th\u1ed1ng x\u1ea3 kh\u00ed ho\u1eb7c b\u0103ng t\u1ea3i t\u1ef1 \u0111\u1ed9ng.<\/li>    <li>c\u00e1c <strong>v\u1eadt li\u1ec7u s\u1eed d\u1ee5ng<\/strong> (v\u00ed d\u1ee5: th\u00e9p kh\u00f4ng g\u1ec9 lo\u1ea1i).<\/li>    <li>c\u00e1c <strong>qu\u1ed1c gia \u0111\u00edch<\/strong> v\u00e0 c\u00e1c nhu c\u1ea7u v\u1eadn chuy\u1ec3n ho\u1eb7c t\u00f9y ch\u1ec9nh li\u00ean quan.<\/li> <\/ul> <\/div><\/div>    <p class=\"wp-block-paragraph\">Do nh\u1eefng bi\u1ebfn s\u1ed1 n\u00e0y, ch\u00fang t\u00f4i khuy\u1ebfn kh\u00edch b\u1ea1n li\u00ean h\u1ec7 tr\u1ef1c ti\u1ebfp v\u1edbi ch\u00fang t\u00f4i v\u1ec1 c\u00e1c y\u00eau c\u1ea7u c\u1ee5 th\u1ec3 c\u1ee7a b\u1ea1n. \u0110\u1ed9i ng\u0169 c\u1ee7a ch\u00fang t\u00f4i s\u1ebd cung c\u1ea5p cho b\u1ea1n m\u1ed9t b\u00e1o gi\u00e1 \u0111\u01b0\u1ee3c \u0111i\u1ec1u ch\u1ec9nh v\u00e0 ph\u1ea3n h\u1ed3i nhanh ch\u00f3ng cho y\u00eau c\u1ea7u c\u1ee7a b\u1ea1n.<\/p>    <h2 class=\"wp-block-heading\">Ph\u1ea1m vi \u1ee9ng d\u1ee5ng c\u1ee7a m\u00e1y \u0111\u00f3ng g\u00f3i ch\u00e2n kh\u00f4ng th\u1ecbt<\/h2>    <p class=\"wp-block-paragraph\">M\u00e1y \u0111\u00f3ng g\u00f3i ch\u00e2n kh\u00f4ng th\u1ef1c ph\u1ea9m kh\u00f4ng ch\u1ec9 gi\u1edbi h\u1ea1n \u1edf c\u00e1c s\u1ea3n ph\u1ea9m th\u1ecbt. Ch\u00fang c\u0169ng ph\u00f9 h\u1ee3p cho tr\u00e1i c\u00e2y, rau c\u1ee7, th\u1ef1c ph\u1ea9m \u0111\u00e3 n\u1ea5u ch\u00edn, s\u1ea3n ph\u1ea9m t\u1eeb \u0111\u1eadu n\u00e0nh, d\u01b0a mu\u1ed1i, th\u1ea3o d\u01b0\u1ee3c, d\u01b0\u1ee3c ph\u1ea9m, h\u00f3a ch\u1ea5t, h\u1ea3i s\u1ea3n, tr\u00e1i c\u00e2y b\u1ea3o qu\u1ea3n, \u0111i\u1ec7n t\u1eed v\u00e0 c\u00e1c thi\u1ebft b\u1ecb ch\u00ednh x\u00e1c. <\/p>    <p class=\"wp-block-paragraph\">V\u1edbi nhi\u1ec1u \u1ee9ng d\u1ee5ng nh\u01b0 v\u1eady, m\u00e1y n\u00e0y r\u1ea5t l\u00fd t\u01b0\u1edfng cho nhi\u1ec1u ng\u00e0nh c\u00f4ng nghi\u1ec7p kh\u00e1c nhau. N\u1ebfu b\u1ea1n quan t\u00e2m \u0111\u1ebfn vi\u1ec7c b\u1eaft \u0111\u1ea7u m\u1ed9t doanh nghi\u1ec7p \u0111\u00f3ng g\u00f3i th\u1ecbt ho\u1eb7c th\u1ef1c ph\u1ea9m, h\u00e3y li\u00ean h\u1ec7 v\u1edbi ch\u00fang t\u00f4i.<\/p>    <figure class=\"wp-block-image size-full\"><img loading=\"lazy\" decoding=\"async\" width=\"720\" height=\"540\" src=\"https:\/\/meat-machine.com\/wp-content\/uploads\/2022\/09\/frozen-meat.webp\" alt=\"th\u1ecbt\" class=\"wp-image-722\" title=\"\" srcset=\"https:\/\/meat-machine.com\/wp-content\/uploads\/2022\/09\/frozen-meat.webp 720w, https:\/\/meat-machine.com\/wp-content\/uploads\/2022\/09\/frozen-meat-300x225.webp 300w, https:\/\/meat-machine.com\/wp-content\/uploads\/2022\/09\/frozen-meat-16x12.webp 16w\" sizes=\"auto, (max-width: 720px) 100vw, 720px\" \/><figcaption class=\"wp-element-caption\">Th\u1ecbt<\/figcaption><\/figure>    <h2 class=\"wp-block-heading\">Ph\u1ea7n k\u1ebft lu\u1eadn<\/h2>    <p class=\"wp-block-paragraph\">N\u1ebfu b\u1ea1n \u0111ang t\u00ecm ki\u1ebfm m\u1ed9t gi\u1ea3i ph\u00e1p \u0111\u00f3ng g\u00f3i ch\u00e2n kh\u00f4ng hi\u1ec7u qu\u1ea3, b\u1ec1n b\u1ec9 v\u00e0 \u0111a n\u0103ng, M\u00e1y \u0110\u00f3ng G\u00f3i Th\u1ecbt Ch\u00e2n Kh\u00f4ng c\u1ee7a ch\u00fang t\u00f4i l\u00e0 s\u1ef1 l\u1ef1a ch\u1ecdn ho\u00e0n h\u1ea3o. <\/p>    <p class=\"wp-block-paragraph\">\u0110\u1ec3 bi\u1ebft th\u00eam chi ti\u1ebft ho\u1eb7c nh\u1eadn b\u00e1o gi\u00e1, vui l\u00f2ng li\u00ean h\u1ec7 v\u1edbi ch\u00fang t\u00f4i. Ch\u00fang t\u00f4i \u1edf \u0111\u00e2y \u0111\u1ec3 cung c\u1ea5p cho b\u1ea1n d\u1ecbch v\u1ee5 chuy\u00ean nghi\u1ec7p v\u00e0 gi\u1ea3i ph\u00e1p t\u00f9y ch\u1ec9nh.<\/p>","protected":false},"excerpt":{"rendered":"<p>M\u00e1y \u0111\u00f3ng g\u00f3i ch\u00e2n kh\u00f4ng th\u1ecbt \u0111\u01b0\u1ee3c thi\u1ebft k\u1ebf \u0111\u1ec3 \u0111\u00f3ng g\u00f3i hi\u1ec7u qu\u1ea3 c\u00e1c lo\u1ea1i s\u1ea3n ph\u1ea9m th\u1ecbt kh\u00e1c nhau trong t\u00fai ch\u00e2n kh\u00f4ng, k\u00e9o d\u00e0i th\u1eddi gian b\u1ea3o qu\u1ea3n trong khi v\u1eabn gi\u1eef \u0111\u01b0\u1ee3c \u0111\u1ed9 t\u01b0\u01a1i, h\u01b0\u01a1ng v\u1ecb v\u00e0 v\u1ec7 sinh. <\/p>","protected":false},"author":1,"featured_media":391,"parent":0,"template":"","tags":[53],"product-type":[4],"class_list":["post-389","product","type-product","status-publish","has-post-thumbnail","hentry","tag-meat-vacuum-packaging-machine","product-type-meat-grinder"],"_links":{"self":[{"href":"https:\/\/meat-machine.com\/vi\/wp-json\/wp\/v2\/product\/389","targetHints":{"allow":["GET"]}}],"collection":[{"href":"https:\/\/meat-machine.com\/vi\/wp-json\/wp\/v2\/product"}],"about":[{"href":"https:\/\/meat-machine.com\/vi\/wp-json\/wp\/v2\/types\/product"}],"author":[{"embeddable":true,"href":"https:\/\/meat-machine.com\/vi\/wp-json\/wp\/v2\/users\/1"}],"wp:featuredmedia":[{"embeddable":true,"href":"https:\/\/meat-machine.com\/vi\/wp-json\/wp\/v2\/media\/391"}],"wp:attachment":[{"href":"https:\/\/meat-machine.com\/vi\/wp-json\/wp\/v2\/media?parent=389"}],"wp:term":[{"taxonomy":"post_tag","embeddable":true,"href":"https:\/\/meat-machine.com\/vi\/wp-json\/wp\/v2\/tags?post=389"},{"taxonomy":"product-type","embeddable":true,"href":"https:\/\/meat-machine.com\/vi\/wp-json\/wp\/v2\/product-type?post=389"}],"curies":[{"name":"wp","href":"https:\/\/api.w.org\/{rel}","templated":true}]}}