{"id":381,"date":"2023-03-22T13:36:28","date_gmt":"2023-03-22T05:36:28","guid":{"rendered":"https:\/\/meat-machine.com\/?post_type=product&#038;p=381"},"modified":"2023-03-22T13:36:30","modified_gmt":"2023-03-22T05:36:30","slug":"may-lot-da-chan-ga","status":"publish","type":"product","link":"https:\/\/meat-machine.com\/vi\/product\/chicken-feet-skin-peeling-machine\/","title":{"rendered":"M\u00e1y l\u1ed9t da ch\u00e2n g\u00e0 \u0111\u1ec3 l\u1ed9t da ch\u00e2n g\u00e0"},"content":{"rendered":"<div class=\"kk-star-ratings kksr-auto kksr-align-left kksr-valign-top\"     data-payload='{&quot;align&quot;:&quot;left&quot;,&quot;id&quot;:&quot;381&quot;,&quot;slug&quot;:&quot;default&quot;,&quot;valign&quot;:&quot;top&quot;,&quot;ignore&quot;:&quot;&quot;,&quot;reference&quot;:&quot;auto&quot;,&quot;class&quot;:&quot;&quot;,&quot;count&quot;:&quot;18&quot;,&quot;legendonly&quot;:&quot;&quot;,&quot;readonly&quot;:&quot;&quot;,&quot;score&quot;:&quot;4.7&quot;,&quot;starsonly&quot;:&quot;&quot;,&quot;best&quot;:&quot;5&quot;,&quot;gap&quot;:&quot;5&quot;,&quot;greet&quot;:&quot;Rate this product&quot;,&quot;legend&quot;:&quot;4.7\\\/5 - (18 b\u00ecnh ch\u1ecdn)&quot;,&quot;size&quot;:&quot;24&quot;,&quot;title&quot;:&quot;Chicken Feet Skin Peeling Machine for Peeling Chicken Feet&quot;,&quot;width&quot;:&quot;133.8&quot;,&quot;_legend&quot;:&quot;{score}\\\/{best} - ({count} {votes})&quot;,&quot;font_factor&quot;:&quot;1.25&quot;}'>              <div class=\"kksr-stars\">      <div class=\"kksr-stars-inactive\">             <div class=\"kksr-star\" data-star=\"1\" style=\"padding-right: 5px\">               <div class=\"kksr-icon\" style=\"width: 24px; height: 24px;\"><\/div>         <\/div>             <div class=\"kksr-star\" data-star=\"2\" style=\"padding-right: 5px\">               <div class=\"kksr-icon\" style=\"width: 24px; height: 24px;\"><\/div>         <\/div>             <div class=\"kksr-star\" data-star=\"3\" style=\"padding-right: 5px\">               <div class=\"kksr-icon\" style=\"width: 24px; height: 24px;\"><\/div>         <\/div>             <div class=\"kksr-star\" data-star=\"4\" style=\"padding-right: 5px\">               <div class=\"kksr-icon\" style=\"width: 24px; height: 24px;\"><\/div>         <\/div>             <div class=\"kksr-star\" data-star=\"5\" style=\"padding-right: 5px\">               <div class=\"kksr-icon\" style=\"width: 24px; height: 24px;\"><\/div>         <\/div>     <\/div>      <div class=\"kksr-stars-active\" style=\"width: 133.8px;\">             <div class=\"kksr-star\" style=\"padding-right: 5px\">               <div class=\"kksr-icon\" style=\"width: 24px; height: 24px;\"><\/div>         <\/div>             <div class=\"kksr-star\" style=\"padding-right: 5px\">               <div class=\"kksr-icon\" style=\"width: 24px; height: 24px;\"><\/div>         <\/div>             <div class=\"kksr-star\" style=\"padding-right: 5px\">               <div class=\"kksr-icon\" style=\"width: 24px; height: 24px;\"><\/div>         <\/div>             <div class=\"kksr-star\" style=\"padding-right: 5px\">               <div class=\"kksr-icon\" style=\"width: 24px; height: 24px;\"><\/div>         <\/div>             <div class=\"kksr-star\" style=\"padding-right: 5px\">               <div class=\"kksr-icon\" style=\"width: 24px; height: 24px;\"><\/div>         <\/div>     <\/div> <\/div>                   <div class=\"kksr-legend\" style=\"font-size: 19.2px;\">             4.7\/5 - (18 l\u01b0\u1ee3t b\u00ecnh ch\u1ecdn)    <\/div>     <\/div>  <p class=\"wp-block-paragraph\">Ch\u00e2n g\u00e0 l\u00e0 m\u00f3n ngon ph\u1ed5 bi\u1ebfn \u1edf nhi\u1ec1u n\u1ec1n v\u0103n h\u00f3a tr\u00ean th\u1ebf gi\u1edbi. Tuy nhi\u00ean, qu\u00e1 tr\u00ecnh l\u1ed9t da m\u00f3ng g\u00e0 v\u1eeba t\u1ed1n th\u1eddi gian v\u1eeba t\u1ebb nh\u1ea1t. <\/p>    <p class=\"wp-block-paragraph\">V\u00ec v\u1eady, m\u00e1y l\u1ed9t da ch\u00e2n g\u00e0 \u0111\u00e3 tr\u1edf th\u00e0nh m\u1ed9t lo\u1ea1i m\u00e1y m\u00f3c ch\u1ebf bi\u1ebfn th\u1ef1c ph\u1ea9m thi\u1ebft y\u1ebfu. N\u00f3 c\u00f3 th\u1ec3 gi\u00fap b\u1ea1n l\u1ed9t da m\u00f3ng g\u00e0 m\u1ed9t c\u00e1ch nhanh ch\u00f3ng, d\u1ec5 d\u00e0ng v\u00e0 hi\u1ec7u qu\u1ea3.<\/p>   <div class=\"wp-block-image\"> <figure class=\"aligncenter size-full\"><img loading=\"lazy\" decoding=\"async\" width=\"720\" height=\"540\" src=\"https:\/\/meat-machine.com\/wp-content\/uploads\/2023\/03\/chicken-feet-skin-peeling-machine.webp\" alt=\"m\u00e1y l\u1ed9t da ch\u00e2n g\u00e0\" class=\"wp-image-384\" title=\"\" srcset=\"https:\/\/meat-machine.com\/wp-content\/uploads\/2023\/03\/chicken-feet-skin-peeling-machine.webp 720w, https:\/\/meat-machine.com\/wp-content\/uploads\/2023\/03\/chicken-feet-skin-peeling-machine-300x225.webp 300w\" sizes=\"auto, (max-width: 720px) 100vw, 720px\" \/><figcaption class=\"wp-element-caption\">m\u00e1y l\u1ed9t da ch\u00e2n g\u00e0<\/figcaption><\/figure> <\/div>   <h2 class=\"wp-block-heading\">M\u00e1y l\u1ed9t ch\u00e2n g\u00e0 c\u00f3 t\u00e1c d\u1ee5ng g\u00ec?<\/h2>    <p class=\"wp-block-paragraph\">M\u00e1y l\u1ed9t da ch\u00e2n g\u00e0 l\u00e0 lo\u1ea1i thi\u1ebft b\u1ecb d\u00f9ng \u0111\u1ec3 l\u1ed9t da ch\u00e2n g\u00e0 m\u1ed9t c\u00e1ch nhanh ch\u00f3ng v\u00e0 hi\u1ec7u qu\u1ea3. Nguy\u00ean l\u00fd l\u00e0m vi\u1ec7c c\u1ee7a m\u00e1y l\u00e0 d\u1eabn \u0111\u1ed9ng quay c\u1ee7a \u0111\u0129a l\u1eafc ph\u00eda d\u01b0\u1edbi th\u00f4ng qua b\u1ed9 gi\u1ea3m t\u1ed1c sao cho ch\u00e2n g\u00e0 trong xi lanh quay tr\u1ee5c v\u00edt. Vi\u1ec7c s\u1eed d\u1ee5ng nguy\u00ean l\u00fd ma s\u00e1t l\u1eabn nhau cu\u1ed1i c\u00f9ng \u0111\u1ec3 ho\u00e0n th\u00e0nh c\u00f4ng vi\u1ec7c lo\u1ea1i b\u1ecf da ch\u00e2n g\u00e0. V\u1edbi m\u00e1y l\u1ed9t da ch\u00e2n g\u00e0 th\u01b0\u01a1ng m\u1ea1i c\u00f3 th\u1ec3 lo\u1ea1i b\u1ecf da g\u00e0 m\u1ed9t c\u00e1ch nhanh ch\u00f3ng m\u00e0 v\u1eabn gi\u1eef \u0111\u01b0\u1ee3c nguy\u00ean v\u1eb9n c\u1ee7a th\u1ecbt.<\/p>    <p class=\"wp-block-paragraph translation-block\">T\u1ed5ng th\u1ec3, m\u00e1y l\u1ed9t da ch\u00e2n g\u00e0 l\u00e0 m\u1ed9t thi\u1ebft b\u1ecb thi\u1ebft y\u1ebfu c\u00f3 th\u1ec3 c\u1ea3i thi\u1ec7n hi\u1ec7u qu\u1ea3 v\u00e0 ch\u1ea5t l\u01b0\u1ee3ng c\u1ee7a vi\u1ec7c ch\u1ebf bi\u1ebfn ch\u00e2n g\u00e0. N\u00f3 c\u0169ng l\u00e0 m\u00e1y ch\u00ednh trong <a href=\"https:\/\/meat-machine.com\/vi\/san-pham\/day-chuyen-che-bien-chan-ga\/\">d\u00e2y chuy\u1ec1n ch\u1ebf bi\u1ebfn ch\u00e2n g\u00e0<\/a>.<\/p>   <div class=\"wp-block-image\"> <figure class=\"aligncenter size-full\"><img loading=\"lazy\" decoding=\"async\" width=\"720\" height=\"540\" src=\"https:\/\/meat-machine.com\/wp-content\/uploads\/2023\/03\/chicken-feet.webp\" alt=\"ch\u00e2n g\u00e0\" class=\"wp-image-385\" title=\"\" srcset=\"https:\/\/meat-machine.com\/wp-content\/uploads\/2023\/03\/chicken-feet.webp 720w, https:\/\/meat-machine.com\/wp-content\/uploads\/2023\/03\/chicken-feet-300x225.webp 300w\" sizes=\"auto, (max-width: 720px) 100vw, 720px\" \/><figcaption class=\"wp-element-caption\">ch\u00e2n g\u00e0<\/figcaption><\/figure> <\/div>   <h2 class=\"wp-block-heading\">Th\u00f4ng s\u1ed1 m\u00e1y l\u1ed9t da ch\u00e2n g\u00e0 t\u1ef1 \u0111\u1ed9ng<\/h2>    <figure class=\"wp-block-table\"><table><tbody><tr><td>Ng\u01b0\u1eddi m\u1eabu<\/td><td>TZ-C7000<\/td><\/tr><tr><td>Dung t\u00edch<\/td><td>2t\/gi\u1edd<\/td><\/tr><tr><td>C\u00f4ng su\u1ea5t \u0111\u1ed9ng c\u01a1<\/td><td>2,2kw\/380v<\/td><\/tr><tr><td>Ti\u00eau th\u1ee5 n\u01b0\u1edbc<\/td><td>7-8t\/ng\u00e0y<\/td><\/tr><tr><td>C\u00e2n n\u1eb7ng<\/td><td>600kg<\/td><\/tr><tr><td>Chi\u1ec1u d\u00e0i<\/td><td>3,5m<\/td><\/tr><\/tbody><\/table><\/figure>    <h2 class=\"wp-block-heading\">\u01afu \u0111i\u1ec3m c\u1ee7a m\u00e1y b\u00f3c v\u1ecf ch\u00e2n g\u00e0 th\u01b0\u01a1ng m\u1ea1i<\/h2>    <ol class=\"wp-block-list\"> <li>D\u1ee5ng c\u1ee5 g\u1ecdt m\u00f3ng g\u00e0 l\u00e0 c\u00e1ch t\u1ed1t nh\u1ea5t \u0111\u1ec3 g\u1ecdt ch\u00e2n g\u00e0. N\u00f3 c\u00f3 th\u1ec3 gi\u00fap b\u1ea1n ti\u1ebft ki\u1ec7m th\u1eddi gian v\u00e0 cho ph\u00e9p ng\u01b0\u1eddi d\u00f9ng g\u1ecdt \u0111\u01b0\u1ee3c nhi\u1ec1u ch\u00e2n g\u00e0 h\u01a1n trong th\u1eddi gian ng\u1eafn h\u01a1n.<\/li>    <li>Trong qu\u00e1 tr\u00ecnh l\u1ed9t ch\u00e2n g\u00e0, m\u00e1y c\u00f3 th\u1ec3 \u0111\u1ea3m b\u1ea3o t\u00ednh nguy\u00ean v\u1eb9n c\u1ee7a ch\u00e2n g\u00e0 v\u00e0 kh\u00f4ng g\u00e2y h\u1ea1i cho ch\u00e2n g\u00e0.<\/li>    <li>D\u1ec5 d\u00e0ng ho\u1ea1t \u0111\u1ed9ng. M\u00e1y l\u1ed9t da ch\u00e2n g\u00e0 s\u1eed d\u1ee5ng r\u1ea5t \u0111\u01a1n gi\u1ea3n, m\u1ed9t ng\u01b0\u1eddi c\u0169ng c\u00f3 th\u1ec3 v\u1eadn h\u00e0nh chi\u1ebfc m\u00e1y n\u00e0y r\u1ea5t t\u1ed1t.<\/li>    <li><a href=\"https:\/\/en.wikipedia.org\/wiki\/Stainless_steel\" target=\"_blank\" rel=\"noopener\">Th\u00e9p kh\u00f4ng g\u1ec9<\/a> v\u1eadt li\u1ec7u.<\/li>    <li>M\u1ee9c \u0111\u1ed9 t\u1ef1 \u0111\u1ed9ng h\u00f3a cao.<\/li> <\/ol>   <div class=\"wp-block-image\"> <figure class=\"aligncenter size-full\"><img loading=\"lazy\" decoding=\"async\" width=\"720\" height=\"540\" src=\"https:\/\/meat-machine.com\/wp-content\/uploads\/2023\/03\/commercial-chicken-feet-peeling-machine.webp\" alt=\"m\u00e1y l\u1ed9t ch\u00e2n g\u00e0 th\u01b0\u01a1ng m\u1ea1i\" class=\"wp-image-386\" title=\"\" srcset=\"https:\/\/meat-machine.com\/wp-content\/uploads\/2023\/03\/commercial-chicken-feet-peeling-machine.webp 720w, https:\/\/meat-machine.com\/wp-content\/uploads\/2023\/03\/commercial-chicken-feet-peeling-machine-300x225.webp 300w\" sizes=\"auto, (max-width: 720px) 100vw, 720px\" \/><figcaption class=\"wp-element-caption\">m\u00e1y l\u1ed9t ch\u00e2n g\u00e0 th\u01b0\u01a1ng m\u1ea1i<\/figcaption><\/figure> <\/div>   <h2 class=\"wp-block-heading\">L\u00e0m th\u1ebf n\u00e0o \u0111\u1ec3 mua \u0111\u01b0\u1ee3c chi\u1ebfc m\u00e1y g\u1ecdt ch\u00e2n g\u00e0 ph\u00f9 h\u1ee3p?<\/h2>    <p class=\"wp-block-paragraph\">Tr\u01b0\u1edbc khi mua m\u00e1y g\u1ecdt ch\u00e2n g\u00e0, b\u1ea1n c\u1ea7n xem x\u00e9t s\u1ed1 l\u01b0\u1ee3ng ch\u00e2n g\u00e0 mu\u1ed1n ch\u1ebf bi\u1ebfn, m\u1ee9c \u0111\u1ed9 t\u1ef1 \u0111\u1ed9ng h\u00f3a m\u00e0 b\u1ea1n mu\u1ed1n v\u00e0 ng\u00e2n s\u00e1ch c\u1ee7a m\u00ecnh. Mi\u1ec5n l\u00e0 b\u1ea1n xem x\u00e9t r\u00f5 r\u00e0ng c\u00e1c y\u1ebfu t\u1ed1 n\u00e0y th\u00ec h\u00e3y mua m\u1ed9t chi\u1ebfc m\u00e1y \u0111\u00e1p \u1ee9ng \u0111\u01b0\u1ee3c y\u00eau c\u1ea7u c\u1ee7a b\u1ea1n.<\/p>   <div class=\"wp-block-image\"> <figure class=\"aligncenter size-full\"><img loading=\"lazy\" decoding=\"async\" width=\"720\" height=\"540\" src=\"https:\/\/meat-machine.com\/wp-content\/uploads\/2023\/03\/chicken-feet-processing.webp\" alt=\"ch\u1ebf bi\u1ebfn ch\u00e2n g\u00e0\" class=\"wp-image-383\" title=\"\" srcset=\"https:\/\/meat-machine.com\/wp-content\/uploads\/2023\/03\/chicken-feet-processing.webp 720w, https:\/\/meat-machine.com\/wp-content\/uploads\/2023\/03\/chicken-feet-processing-300x225.webp 300w\" sizes=\"auto, (max-width: 720px) 100vw, 720px\" \/><figcaption class=\"wp-element-caption\">ch\u1ebf bi\u1ebfn ch\u00e2n g\u00e0<\/figcaption><\/figure> <\/div>   <h2 class=\"wp-block-heading\">C\u00e1c lo\u1ea1i m\u00e1y l\u1ed9t da ch\u00e2n g\u00e0<\/h2>    <p class=\"wp-block-paragraph\">Hi\u1ec7n nay tr\u00ean th\u1ecb tr\u01b0\u1eddng c\u00f3 r\u1ea5t nhi\u1ec1u lo\u1ea1i m\u00e1y b\u00f3c v\u1ecf ch\u00e2n g\u00e0 kh\u00e1c nhau. M\u1ed9t s\u1ed1 m\u00e1y \u0111\u01b0\u1ee3c thi\u1ebft k\u1ebf \u0111\u1ec3 s\u1eed d\u1ee5ng trong gia \u0111\u00ecnh, trong khi m\u1ed9t lo\u1ea1i m\u00e1y kh\u00e1c \u0111\u01b0\u1ee3c thi\u1ebft k\u1ebf cho c\u00e1c c\u01a1 s\u1edf th\u01b0\u01a1ng m\u1ea1i nh\u01b0 nh\u00e0 m\u00e1y ch\u1ebf bi\u1ebfn th\u1ef1c ph\u1ea9m. T\u1ee9c l\u00e0 ch\u00fang ta c\u00f3 chi\u1ebfc m\u00e1y b\u00f3c v\u1ecf ch\u00e2n g\u00e0 th\u01b0\u01a1ng m\u1ea1i. N\u1ebfu b\u1ea1n c\u1ea7n m\u1ed9t chi\u1ebfc m\u00e1y l\u1ed9t da ch\u00e2n g\u00e0 th\u01b0\u01a1ng m\u1ea1i, vui l\u00f2ng li\u00ean h\u1ec7 v\u1edbi ch\u00fang t\u00f4i v\u00e0 ch\u00fang t\u00f4i s\u1ebd li\u00ean h\u1ec7 l\u1ea1i v\u1edbi b\u1ea1n trong th\u1eddi gian s\u1edbm nh\u1ea5t.<\/p>","protected":false},"excerpt":{"rendered":"<p>Chicken feet are a popular delicacy in many cultures around the world. However, the process of skinning chicken claws is both time-consuming and tedious. Therefore, the chicken feet skin peeling machine has become an essential food processing machinery. It can help you skin chicken claws quickly, easily, and efficiently. What does a chicken feet peeling [&hellip;]<\/p>\n","protected":false},"author":1,"featured_media":382,"parent":0,"template":"","tags":[26],"product-type":[4],"class_list":["post-381","product","type-product","status-publish","has-post-thumbnail","hentry","tag-chicken-feet-processing","product-type-meat-grinder"],"_links":{"self":[{"href":"https:\/\/meat-machine.com\/vi\/wp-json\/wp\/v2\/product\/381","targetHints":{"allow":["GET"]}}],"collection":[{"href":"https:\/\/meat-machine.com\/vi\/wp-json\/wp\/v2\/product"}],"about":[{"href":"https:\/\/meat-machine.com\/vi\/wp-json\/wp\/v2\/types\/product"}],"author":[{"embeddable":true,"href":"https:\/\/meat-machine.com\/vi\/wp-json\/wp\/v2\/users\/1"}],"wp:featuredmedia":[{"embeddable":true,"href":"https:\/\/meat-machine.com\/vi\/wp-json\/wp\/v2\/media\/382"}],"wp:attachment":[{"href":"https:\/\/meat-machine.com\/vi\/wp-json\/wp\/v2\/media?parent=381"}],"wp:term":[{"taxonomy":"post_tag","embeddable":true,"href":"https:\/\/meat-machine.com\/vi\/wp-json\/wp\/v2\/tags?post=381"},{"taxonomy":"product-type","embeddable":true,"href":"https:\/\/meat-machine.com\/vi\/wp-json\/wp\/v2\/product-type?post=381"}],"curies":[{"name":"wp","href":"https:\/\/api.w.org\/{rel}","templated":true}]}}