{"id":37,"date":"2022-09-07T02:05:42","date_gmt":"2022-09-07T02:05:42","guid":{"rendered":"https:\/\/meat-machine.com\/?post_type=product&#038;p=37"},"modified":"2026-03-11T17:56:40","modified_gmt":"2026-03-11T09:56:40","slug":"may-cat-ga-tu-dong","status":"publish","type":"product","link":"https:\/\/meat-machine.com\/vi\/product\/automatic-chicken-cutting-machine\/","title":{"rendered":"M\u00e1y c\u1eaft g\u00e0 t\u1ef1 \u0111\u1ed9ng"},"content":{"rendered":"<div class=\"kk-star-ratings kksr-auto kksr-align-left kksr-valign-top\"     data-payload='{&quot;align&quot;:&quot;left&quot;,&quot;id&quot;:&quot;37&quot;,&quot;slug&quot;:&quot;default&quot;,&quot;valign&quot;:&quot;top&quot;,&quot;ignore&quot;:&quot;&quot;,&quot;reference&quot;:&quot;auto&quot;,&quot;class&quot;:&quot;&quot;,&quot;count&quot;:&quot;14&quot;,&quot;legendonly&quot;:&quot;&quot;,&quot;readonly&quot;:&quot;&quot;,&quot;score&quot;:&quot;4.9&quot;,&quot;starsonly&quot;:&quot;&quot;,&quot;best&quot;:&quot;5&quot;,&quot;gap&quot;:&quot;5&quot;,&quot;greet&quot;:&quot;Rate this product&quot;,&quot;legend&quot;:&quot;4.9\\\/5 - (14 b\u00ecnh ch\u1ecdn)&quot;,&quot;size&quot;:&quot;24&quot;,&quot;title&quot;:&quot;Automatic Chicken Cutting Machine&quot;,&quot;width&quot;:&quot;139.6&quot;,&quot;_legend&quot;:&quot;{score}\\\/{best} - ({count} {votes})&quot;,&quot;font_factor&quot;:&quot;1.25&quot;}'>              <div class=\"kksr-stars\">      <div class=\"kksr-stars-inactive\">             <div class=\"kksr-star\" data-star=\"1\" style=\"padding-right: 5px\">               <div class=\"kksr-icon\" style=\"width: 24px; height: 24px;\"><\/div>         <\/div>             <div class=\"kksr-star\" data-star=\"2\" style=\"padding-right: 5px\">               <div class=\"kksr-icon\" style=\"width: 24px; height: 24px;\"><\/div>         <\/div>             <div class=\"kksr-star\" data-star=\"3\" style=\"padding-right: 5px\">               <div class=\"kksr-icon\" style=\"width: 24px; height: 24px;\"><\/div>         <\/div>             <div class=\"kksr-star\" data-star=\"4\" style=\"padding-right: 5px\">               <div class=\"kksr-icon\" style=\"width: 24px; height: 24px;\"><\/div>         <\/div>             <div class=\"kksr-star\" data-star=\"5\" style=\"padding-right: 5px\">               <div class=\"kksr-icon\" style=\"width: 24px; height: 24px;\"><\/div>         <\/div>     <\/div>      <div class=\"kksr-stars-active\" style=\"width: 139.6px;\">             <div class=\"kksr-star\" style=\"padding-right: 5px\">               <div class=\"kksr-icon\" style=\"width: 24px; height: 24px;\"><\/div>         <\/div>             <div class=\"kksr-star\" style=\"padding-right: 5px\">               <div class=\"kksr-icon\" style=\"width: 24px; height: 24px;\"><\/div>         <\/div>             <div class=\"kksr-star\" style=\"padding-right: 5px\">               <div class=\"kksr-icon\" style=\"width: 24px; height: 24px;\"><\/div>         <\/div>             <div class=\"kksr-star\" style=\"padding-right: 5px\">               <div class=\"kksr-icon\" style=\"width: 24px; height: 24px;\"><\/div>         <\/div>             <div class=\"kksr-star\" style=\"padding-right: 5px\">               <div class=\"kksr-icon\" style=\"width: 24px; height: 24px;\"><\/div>         <\/div>     <\/div> <\/div>                   <div class=\"kksr-legend\" style=\"font-size: 19.2px;\">             4.9\/5 - (14 l\u01b0\u1ee3t b\u00ecnh ch\u1ecdn)    <\/div>     <\/div>  <p class=\"wp-block-paragraph translation-block\"><strong>M\u00e1y c\u1eaft g\u00e0<\/strong> c\u00f3 th\u1ec3 x\u1eed l\u00fd hi\u1ec7u qu\u1ea3 nhi\u1ec1u lo\u1ea1i th\u1ecbt, nh\u01b0 g\u00e0, v\u1ecbt, c\u00e1, b\u00f2 v\u00e0 l\u1ee3n. B\u1eb1ng c\u00e1ch m\u00f4 ph\u1ecfng ph\u01b0\u01a1ng ph\u00e1p c\u1eaft th\u1ee7 c\u00f4ng, m\u00e1y t\u1ea1o ra c\u00e1c mi\u1ebfng g\u1ecdn g\u00e0ng, \u0111\u1ed3ng \u0111\u1ec1u m\u00e0 kh\u00f4ng nghi\u1ec1n n\u00e1t th\u1ecbt th\u00e0nh b\u1ed9t, \u0111\u1ea3m b\u1ea3o k\u1ebft qu\u1ea3 c\u1eaft ch\u1ea5t l\u01b0\u1ee3ng cao.<\/p>    <p class=\"wp-block-paragraph translation-block\">V\u1edbi  c\u00f4ng su\u1ea5t x\u1eed l\u00fd 600 kg\/h , m\u00e1y c\u1eaft g\u00e0 c\u00f3 th\u1ec3 x\u1eed l\u00fd hi\u1ec7u qu\u1ea3 c\u1ea3 th\u1ecbt t\u01b0\u01a1i v\u00e0 th\u1ecbt h\u01a1i \u0111\u00f4ng l\u1ea1nh. Chi\u1ec1u d\u00e0i c\u1eaft \u0111i\u1ec1u ch\u1ec9nh t\u1eeb  15 \u0111\u1ebfn 50 mm , cho ph\u00e9p ng\u01b0\u1eddi d\u00f9ng c\u00f3 th\u1ec3 l\u1ea5y c\u00e1c ph\u1ea7n th\u1ecbt kh\u00e1c nhau theo nhu c\u1ea7u ch\u1ebf bi\u1ebfn. <\/p>    <p class=\"wp-block-paragraph translation-block\">Nh\u1edd hi\u1ec7u qu\u1ea3 cao v\u00e0 linh ho\u1ea1t, m\u00e1y n\u00e0y \u0111\u01b0\u1ee3c s\u1eed d\u1ee5ng r\u1ed9ng r\u00e3i trong <strong>nh\u00e0 m\u00e1y ch\u1ebf bi\u1ebfn th\u1ef1c ph\u1ea9m, l\u00f2 m\u1ed5, c\u0103ng tin l\u1edbn, si\u00eau th\u1ecb v\u00e0 nh\u00e0 h\u00e0ng<\/strong>.<\/p>    <figure class=\"wp-block-embed is-type-video is-provider-youtube wp-block-embed-youtube wp-embed-aspect-4-3 wp-has-aspect-ratio\"><div class=\"wp-block-embed__wrapper\"> <iframe loading=\"lazy\" title=\"Thi\u1ebft b\u1ecb c\u1eaft g\u00e0 chuy\u00ean nghi\u1ec7p | \u0110\u00e1nh gi\u00e1 m\u00e1y c\u1eaft th\u1ecbt #g\u00e0 #th\u1ecbt #ch\u1ebfbi\u1ebfnth\u1ef1cph\u1ea9m #m\u00e1yc\u1eaft\" width=\"422\" height=\"750\" src=\"https:\/\/www.youtube.com\/embed\/yGESe0FLSCo?feature=oembed\" frameborder=\"0\" allow=\"accelerometer; autoplay; clipboard-write; encrypted-media; gyroscope; picture-in-picture; web-share\" referrerpolicy=\"strict-origin-when-cross-origin\" allowfullscreen><\/iframe> <\/div><figcaption class=\"wp-element-caption\">video m\u00e1y c\u1eaft g\u00e0 ho\u1ea1t \u0111\u1ed9ng<\/figcaption><\/figure>    <h2 id=\"h-video-of-automatic-chicken-cutting-machine\" class=\"wp-block-heading\">\u1ee8ng d\u1ee5ng c\u1ee7a m\u00e1y c\u1eaft g\u00e0 t\u1ef1 \u0111\u1ed9ng<\/h2>    <p class=\"wp-block-paragraph translation-block\"><strong>M\u00e1y c\u1eaft g\u00e0 t\u1ef1 \u0111\u1ed9ng<\/strong> ph\u00f9 h\u1ee3p \u0111\u1ec3 c\u1eaft nhi\u1ec1u lo\u1ea1i th\u1ecbt, bao g\u1ed3m g\u00e0 t\u01b0\u01a1i, g\u00e0 \u0111\u00f4ng l\u1ea1nh v\u00e0 g\u00e0 nguy\u00ean con. N\u00f3 c\u0169ng c\u00f3 th\u1ec3 x\u1eed l\u00fd c\u00e1c lo\u1ea1i th\u1ecbt \u0111\u00f4ng l\u1ea1nh kh\u00e1c, l\u00e0m cho n\u00f3 tr\u1edf th\u00e0nh m\u1ed9t gi\u1ea3i ph\u00e1p \u0111a n\u0103ng cho c\u00e1c ho\u1ea1t \u0111\u1ed9ng ch\u1ebf bi\u1ebfn th\u1ecbt.<\/p>    <p class=\"wp-block-paragraph translation-block\">Nh\u1edd hi\u1ec7u qu\u1ea3 cao v\u00e0 linh ho\u1ea1t, m\u00e1y n\u00e0y \u0111\u01b0\u1ee3c s\u1eed d\u1ee5ng r\u1ed9ng r\u00e3i trong <strong>nh\u00e0 m\u00e1y ch\u1ebf bi\u1ebfn th\u1ef1c ph\u1ea9m, x\u01b0\u1edfng ch\u1ebf bi\u1ebfn th\u1ecbt, nh\u00e0 h\u00e0ng v\u00e0 c\u0103ng tin t\u1eadp th\u1ec3 l\u1edbn<\/strong>. Ngo\u00e0i c\u00e1c m\u00e1y c\u1eaft g\u00e0, ch\u00fang t\u00f4i c\u00f2n cung c\u1ea5p <strong><a href=\"https:\/\/meat-machine.com\/vi\/san-pham\/may-thai-thit\/\" data-type=\"link\" data-id=\"https:\/\/meat-machine.com\/product\/meat-dicing-machine\/\">m\u00e1y c\u1eaft th\u1ecbt vi\u00ean<\/a><\/strong> \u0111\u1ec3 \u0111\u00e1p \u1ee9ng c\u00e1c nhu c\u1ea7u ch\u1ebf bi\u1ebfn th\u1ecbt kh\u00e1c nhau.<\/p>    <figure class=\"wp-block-image size-full\"><img loading=\"lazy\" decoding=\"async\" width=\"720\" height=\"540\" src=\"https:\/\/meat-machine.com\/wp-content\/uploads\/2022\/09\/Chicken-Cutting-Machine-1.webp\" alt=\"M\u00e1y c\u1eaft th\u1ecbt g\u00e0\" class=\"wp-image-1172\" title=\"\" srcset=\"https:\/\/meat-machine.com\/wp-content\/uploads\/2022\/09\/Chicken-Cutting-Machine-1.webp 720w, https:\/\/meat-machine.com\/wp-content\/uploads\/2022\/09\/Chicken-Cutting-Machine-1-300x225.webp 300w, https:\/\/meat-machine.com\/wp-content\/uploads\/2022\/09\/Chicken-Cutting-Machine-1-16x12.webp 16w\" sizes=\"auto, (max-width: 720px) 100vw, 720px\" \/><figcaption class=\"wp-element-caption\">M\u00e1y c\u1eaft th\u1ecbt g\u00e0<\/figcaption><\/figure>    <h2 class=\"wp-block-heading\">C\u1ea5u tr\u00fac m\u00e1y c\u1eaft th\u1ecbt<\/h2>    <p class=\"wp-block-paragraph translation-block\"><strong>M\u00e1y c\u1eaft th\u1ecbt<\/strong> \u0111\u01b0\u1ee3c thi\u1ebft k\u1ebf v\u1edbi c\u1ea5u tr\u00fac \u1ed5n \u0111\u1ecbnh v\u00e0 b\u1ec1n ch\u1eafc \u0111\u1ec3 \u0111\u1ea3m b\u1ea3o c\u1eaft ch\u00ednh x\u00e1c v\u00e0 hi\u1ec7u qu\u1ea3 trong qu\u00e1 tr\u00ecnh v\u1eadn h\u00e0nh. C\u00e1c th\u00e0nh ph\u1ea7n ch\u00ednh bao g\u1ed3m:<\/p>    <div class=\"wp-block-media-text is-stacked-on-mobile\"><figure class=\"wp-block-media-text__media\"><img loading=\"lazy\" decoding=\"async\" width=\"720\" height=\"540\" src=\"https:\/\/meat-machine.com\/wp-content\/uploads\/2022\/09\/Automatic-Chicken-Cutting-Machine-details.webp\" alt=\"chi ti\u1ebft m\u00e1y c\u1eaft g\u00e0 t\u1ef1 \u0111\u1ed9ng\" class=\"wp-image-805 size-full\" title=\"\" srcset=\"https:\/\/meat-machine.com\/wp-content\/uploads\/2022\/09\/Automatic-Chicken-Cutting-Machine-details.webp 720w, https:\/\/meat-machine.com\/wp-content\/uploads\/2022\/09\/Automatic-Chicken-Cutting-Machine-details-300x225.webp 300w, https:\/\/meat-machine.com\/wp-content\/uploads\/2022\/09\/Automatic-Chicken-Cutting-Machine-details-16x12.webp 16w\" sizes=\"auto, (max-width: 720px) 100vw, 720px\" \/><\/figure><div class=\"wp-block-media-text__content\"> <ul class=\"wp-block-list\"> <li><strong>Khung ch\u1eafc ch\u1eafn<\/strong> \u2013 Khung m\u00e1y ch\u1eafc ch\u1eafn h\u1ed7 tr\u1ee3 to\u00e0n b\u1ed9 c\u1ea5u tr\u00fac, cung c\u1ea5p \u0111\u1ed9 \u1ed5n \u0111\u1ecbnh v\u00e0 \u0111\u1ea3m b\u1ea3o ho\u1ea1t \u0111\u1ed9ng tr\u01a1n tru trong qu\u00e1 tr\u00ecnh c\u1eaft li\u00ean t\u1ee5c v\u1edbi t\u1ed1c \u0111\u1ed9 cao.<\/li>    <li><strong>H\u1ec7 th\u1ed1ng b\u0103ng chuy\u1ec1n<\/strong> \u2013 B\u0103ng chuy\u1ec1n v\u1eadn chuy\u1ec3n th\u1ecbt \u0111\u1ec1u v\u00e0o khu v\u1ef1c c\u1eaft, cho ph\u00e9p x\u1eed l\u00fd li\u00ean t\u1ee5c v\u00e0 hi\u1ec7u qu\u1ea3.<\/li>    <li><strong>B\u00e0n c\u1eaft ch\u1ed1ng m\u00e0i m\u00f2n<\/strong> \u2013 Th\u00e0nh ph\u1ea7n n\u00e0y ch\u1ecbu \u0111\u1ef1ng ti\u1ebfp x\u00fac li\u00ean t\u1ee5c v\u1edbi c\u00e1c l\u01b0\u1ee1i dao, ng\u0103n ng\u1eeba bi\u1ebfn d\u1ea1ng v\u00e0 \u0111\u1ea3m b\u1ea3o tu\u1ed5i th\u1ecd l\u00e2u d\u00e0i.<\/li>    <li><strong>C\u01a1 ch\u1ebf truy\u1ec1n \u0111\u1ed9ng b\u00e1nh r\u0103ng<\/strong> \u2013 H\u1ec7 th\u1ed1ng b\u00e1nh r\u0103ng truy\u1ec1n \u0111\u1ed9ng c\u00e1c l\u01b0\u1ee1i c\u1eaft v\u1edbi c\u00f4ng su\u1ea5t \u1ed5n \u0111\u1ecbnh v\u00e0 t\u1ed1c \u0111\u1ed9 nh\u1ea5t qu\u00e1n, \u0111\u1ea3m b\u1ea3o c\u1eaft ch\u00ednh x\u00e1c v\u00e0 \u0111\u1ed3ng \u0111\u1ec1u.<\/li>    <li><strong>H\u1ec7 th\u1ed1ng con l\u0103n c\u1ea5p li\u1ec7u<\/strong> \u2013 C\u00e1c con l\u0103n gi\u00fap \u0111\u01b0a th\u1ecbt \u0111\u1ec1u v\u00e0o ph\u1ea7n c\u1eaft, \u0111\u1ea3m b\u1ea3o ho\u1ea1t \u0111\u1ed9ng tr\u01a1n tru v\u00e0 k\u1ebft qu\u1ea3 c\u1eaft \u0111\u1ed3ng \u0111\u1ec1u.<\/li> <\/ul> <\/div><\/div>    <p class=\"wp-block-paragraph translation-block\">C\u00f9ng v\u1edbi c\u00e1c th\u00e0nh ph\u1ea7n n\u00e0y t\u1ea1o th\u00e0nh c\u1ea5u tr\u00fac <strong>m\u00e1y c\u1eaft th\u1ecbt \u0111\u00e1ng tin c\u1eady<\/strong>, mang l\u1ea1i hi\u1ec7u su\u1ea5t \u1ed5n \u0111\u1ecbnh v\u00e0 x\u1eed l\u00fd th\u1ecbt \u0111\u1ed3ng \u0111\u1ec1u.<\/p>    <h2 class=\"wp-block-heading\">M\u00e1y c\u1eaft g\u00e0 ho\u1ea1t \u0111\u1ed9ng nh\u01b0 th\u1ebf n\u00e0o?<\/h2>    <div class=\"wp-block-media-text has-media-on-the-right is-stacked-on-mobile\"><div class=\"wp-block-media-text__content\"> <ul class=\"wp-block-list\"> <li><strong>T\u1ea3i:<\/strong> \u0110\u1eb7t g\u00e0 nguy\u00ean con ho\u1eb7c \u0111\u00f4ng l\u1ea1nh l\u00ean khay c\u1ea5p li\u1ec7u ho\u1eb7c b\u0103ng chuy\u1ec1n c\u1ee7a m\u00e1y.<\/li>    <li><strong>V\u1ecb tr\u00ed:<\/strong> M\u00e1y t\u1ef1 c\u0103n ch\u1ec9nh g\u00e0 ch\u00ednh x\u00e1c \u0111\u1ec3 c\u1eaft.<\/li>    <li><strong>C\u1eaft:<\/strong> L\u01b0\u1ee1i dao ho\u1eb7c dao c\u1eaft s\u1eafc b\u00e9n chia g\u00e0 th\u00e0nh nhi\u1ec1u ph\u1ea7n.<\/li>    <li><strong>Ph\u00e2n lo\u1ea1i:<\/strong> C\u00e1c mi\u1ebfng c\u1eaft sau khi c\u1eaft \u0111\u01b0\u1ee3c thu gom tr\u00ean khay ho\u1eb7c b\u0103ng chuy\u1ec1n, s\u1eb5n s\u00e0ng \u0111\u00f3ng g\u00f3i ho\u1eb7c x\u1eed l\u00fd ti\u1ebfp theo.<\/li> <\/ul> <\/div><figure class=\"wp-block-media-text__media\"><img loading=\"lazy\" decoding=\"async\" width=\"540\" height=\"720\" src=\"https:\/\/meat-machine.com\/wp-content\/uploads\/2022\/09\/meat-cutter.webp\" alt=\"m\u00e1y c\u1eaft th\u1ecbt\" class=\"wp-image-1173 size-full\" title=\"\" srcset=\"https:\/\/meat-machine.com\/wp-content\/uploads\/2022\/09\/meat-cutter.webp 540w, https:\/\/meat-machine.com\/wp-content\/uploads\/2022\/09\/meat-cutter-225x300.webp 225w, https:\/\/meat-machine.com\/wp-content\/uploads\/2022\/09\/meat-cutter-9x12.webp 9w\" sizes=\"auto, (max-width: 540px) 100vw, 540px\" \/><\/figure><\/div>    <h2 id=\"h-what-are-the-characteristics-of-meat-cutting-equipment\" class=\"wp-block-heading\">\u01afu \u0111i\u1ec3m c\u1ee7a m\u00e1y c\u1eaft th\u1ecbt g\u00e0<\/h2>    <div class=\"wp-block-media-text is-stacked-on-mobile\"><figure class=\"wp-block-media-text__media\"><img loading=\"lazy\" decoding=\"async\" width=\"720\" height=\"540\" src=\"https:\/\/meat-machine.com\/wp-content\/uploads\/2022\/09\/commercial-chicken-cutter.webp\" alt=\"m\u00e1y c\u1eaft g\u00e0 th\u01b0\u01a1ng m\u1ea1i\" class=\"wp-image-1174 size-full\" title=\"\" srcset=\"https:\/\/meat-machine.com\/wp-content\/uploads\/2022\/09\/commercial-chicken-cutter.webp 720w, https:\/\/meat-machine.com\/wp-content\/uploads\/2022\/09\/commercial-chicken-cutter-300x225.webp 300w, https:\/\/meat-machine.com\/wp-content\/uploads\/2022\/09\/commercial-chicken-cutter-16x12.webp 16w\" sizes=\"auto, (max-width: 720px) 100vw, 720px\" \/><\/figure><div class=\"wp-block-media-text__content\"> <ul class=\"wp-block-list\"> <li><strong>Ho\u1ea1t \u0111\u1ed9ng ho\u00e0n to\u00e0n t\u1ef1 \u0111\u1ed9ng<\/strong> \u2013 M\u00e1y ho\u1ea1t \u0111\u1ed9ng t\u1ef1 \u0111\u1ed9ng, n\u00e2ng cao hi\u1ec7u qu\u1ea3 c\u1eaft v\u00e0 gi\u1ea3m lao \u0111\u1ed9ng th\u1ee7 c\u00f4ng.<\/li>    <li><strong>C\u1ea5u tr\u00fac b\u1eb1ng th\u00e9p kh\u00f4ng g\u1ec9 \u0111\u1ea1t ti\u00eau chu\u1ea9n th\u1ef1c ph\u1ea9m<\/strong> \u2013 L\u00e0m b\u1eb1ng th\u00e9p kh\u00f4ng g\u1ec9 ch\u1ea5t l\u01b0\u1ee3ng cao, \u0111\u1ea3m b\u1ea3o v\u1ec7 sinh, \u0111\u1ed9 b\u1ec1n v\u00e0 d\u1ec5 v\u1ec7 sinh.<\/li>    <li><strong>\u0110i\u1ec1u ch\u1ec9nh \u0111\u1ed9 d\u00e0y c\u1eaft<\/strong> \u2013 M\u00e1y \u0111\u01b0\u1ee3c trang b\u1ecb b\u00e0n c\u1eaft \u0111i\u1ec1u ch\u1ec9nh, cho ph\u00e9p ng\u01b0\u1eddi d\u00f9ng d\u1ec5 d\u00e0ng ki\u1ec3m so\u00e1t k\u00edch th\u01b0\u1edbc c\u1eaft theo nhu c\u1ea7u ch\u1ebf bi\u1ebfn.<\/li> <\/ul> <\/div><\/div>    <div class=\"wp-block-media-text has-media-on-the-right is-stacked-on-mobile\"><div class=\"wp-block-media-text__content\"> <ul class=\"wp-block-list\"> <li><strong>\u1ee8ng d\u1ee5ng r\u1ed9ng r\u00e3i cho gia c\u1ea7m<\/strong> \u2013 Ph\u00f9 h\u1ee3p \u0111\u1ec3 c\u1eaft g\u00e0, v\u1ecbt, ng\u1ed7ng v\u00e0 c\u00e1c lo\u1ea1i th\u1ecbt gia c\u1ea7m t\u01b0\u01a1i kh\u00e1c.<\/li>    <li><strong>H\u1ec7 th\u1ed1ng b\u0103ng chuy\u1ec1n b\u1ec1n ch\u1eafc<\/strong> \u2013 Thi\u1ebft k\u1ebf b\u0103ng chuy\u1ec1n \u0111\u1ea3m b\u1ea3o c\u1ea5p li\u1ec7u \u1ed5n \u0111\u1ecbnh v\u00e0 hi\u1ec7u su\u1ea5t l\u00e2u d\u00e0i.<\/li>    <li><strong>Thi\u1ebft k\u1ebf an to\u00e0n n\u00e2ng cao<\/strong> \u2013 Trang b\u1ecb c\u00e1c t\u00ednh n\u0103ng an to\u00e0n b\u1ea3o v\u1ec7 \u0111\u1ec3 \u0111\u1ea3m b\u1ea3o v\u1eadn h\u00e0nh an to\u00e0n h\u01a1n trong qu\u00e1 tr\u00ecnh c\u1eaft.<\/li> <\/ul> <\/div><figure class=\"wp-block-media-text__media\"><img loading=\"lazy\" decoding=\"async\" width=\"720\" height=\"540\" src=\"https:\/\/meat-machine.com\/wp-content\/uploads\/2022\/09\/Automatic-Chicken-Cutting-Machine-price.webp\" alt=\"gi\u00e1 m\u00e1y c\u1eaft g\u00e0 t\u1ef1 \u0111\u1ed9ng\" class=\"wp-image-807 size-full\" title=\"\" srcset=\"https:\/\/meat-machine.com\/wp-content\/uploads\/2022\/09\/Automatic-Chicken-Cutting-Machine-price.webp 720w, https:\/\/meat-machine.com\/wp-content\/uploads\/2022\/09\/Automatic-Chicken-Cutting-Machine-price-300x225.webp 300w, https:\/\/meat-machine.com\/wp-content\/uploads\/2022\/09\/Automatic-Chicken-Cutting-Machine-price-16x12.webp 16w\" sizes=\"auto, (max-width: 720px) 100vw, 720px\" \/><\/figure><\/div>    <h2 id=\"h-automatic-chicken-cutting-machine-price-in-china\" class=\"wp-block-heading\">Gi\u00e1 m\u00e1y c\u1eaft g\u00e0 t\u1ef1 \u0111\u1ed9ng l\u00e0 bao nhi\u00eau?<\/h2>    <p class=\"wp-block-paragraph\">Gi\u00e1 c\u1ee7a m\u00e1y c\u1eaft g\u00e0 t\u1ef1 \u0111\u1ed9ng thay \u0111\u1ed5i t\u00f9y theo m\u1eabu m\u00e3, c\u00f4ng su\u1ea5t v\u00e0 c\u00e1c t\u00ednh n\u0103ng t\u00f9y ch\u1ecdn. Th\u00f4ng th\u01b0\u1eddng, c\u00e1c m\u1eabu nh\u1ecf ho\u1eb7c c\u01a1 b\u1ea3n c\u00f3 gi\u00e1 ph\u1ea3i ch\u0103ng h\u01a1n, trong khi c\u00e1c m\u00e1y c\u00f4ng nghi\u1ec7p c\u00f4ng su\u1ea5t l\u1edbn c\u00f3 gi\u00e1 cao h\u01a1n. <\/p>    <p class=\"wp-block-paragraph\">\u0110\u1ec3 c\u00f3 gi\u00e1 ch\u00ednh x\u00e1c, n\u00ean y\u00eau c\u1ea7u b\u00e1o gi\u00e1 ph\u00f9 h\u1ee3p v\u1edbi y\u00eau c\u1ea7u c\u1ee5 th\u1ec3 c\u1ee7a b\u1ea1n, \u0111\u1ea3m b\u1ea3o b\u1ea1n nh\u1eadn \u0111\u01b0\u1ee3c gi\u00e1 tr\u1ecb t\u1ed1t nh\u1ea5t cho kho\u1ea3n \u0111\u1ea7u t\u01b0 c\u1ee7a m\u00ecnh.<\/p>    <figure class=\"wp-block-image size-full\"><img loading=\"lazy\" decoding=\"async\" width=\"540\" height=\"720\" src=\"https:\/\/meat-machine.com\/wp-content\/uploads\/2022\/09\/Chicken-Cutting-Machine-for-sale-1.webp\" alt=\"M\u00e1y c\u1eaft g\u00e0 \u0111\u1ec3 b\u00e1n\" class=\"wp-image-1175\" title=\"\" srcset=\"https:\/\/meat-machine.com\/wp-content\/uploads\/2022\/09\/Chicken-Cutting-Machine-for-sale-1.webp 540w, https:\/\/meat-machine.com\/wp-content\/uploads\/2022\/09\/Chicken-Cutting-Machine-for-sale-1-225x300.webp 225w, https:\/\/meat-machine.com\/wp-content\/uploads\/2022\/09\/Chicken-Cutting-Machine-for-sale-1-9x12.webp 9w\" sizes=\"auto, (max-width: 540px) 100vw, 540px\" \/><figcaption class=\"wp-element-caption\">M\u00e1y c\u1eaft g\u00e0 \u0111\u1ec3 b\u00e1n<\/figcaption><\/figure>    <h2 class=\"wp-block-heading\">Th\u00f4ng s\u1ed1 m\u00e1y c\u1eaft g\u00e0<\/h2>    <figure class=\"wp-block-table\"><table class=\"has-fixed-layout\"><thead><tr><th>tham s\u1ed1<\/th><th>Th\u00f4ng s\u1ed1 k\u1ef9 thu\u1eadt<\/th><\/tr><\/thead><tbody><tr><td>\u0110i\u1ec7n \u00e1p<\/td><td>220 V<\/td><\/tr><tr><td>Quy\u1ec1n l\u1ef1c<\/td><td>Ba pha 1.5 kW \/ Hai pha 3.5 kW<\/td><\/tr><tr><td>Dung t\u00edch<\/td><td>600 kg\/h<\/td><\/tr><tr><td>K\u00edch th\u01b0\u1edbc c\u1eaft<\/td><td>T\u00f9y ch\u1ec9nh \u0111\u01b0\u1ee3c<\/td><\/tr><tr><td>Tr\u1ecdng l\u01b0\u1ee3ng t\u1ecbnh<\/td><td>260 kg<\/td><\/tr><tr><td>K\u00edch th\u01b0\u1edbc m\u00e1y<\/td><td>1300 \u00d7 700 \u00d7 850 mm<\/td><\/tr><\/tbody><\/table><figcaption class=\"wp-element-caption\">Th\u00f4ng s\u1ed1 m\u00e1y c\u1eaft g\u00e0<\/figcaption><\/figure>    <h2 class=\"wp-block-heading\">Tr\u01b0\u1eddng h\u1ee3p kh\u00e1ch h\u00e0ng s\u1eed d\u1ee5ng m\u00e1y c\u1eaft th\u1ecbt<\/h2>    <p class=\"wp-block-paragraph translation-block\">M\u1ed9t c\u00f4ng ty ch\u1ebf bi\u1ebfn gia c\u1ea7m \u1edf <strong>Brazil<\/strong> g\u1ea7n \u0111\u00e2y \u0111\u00e3 mua M\u00e1y c\u1eaft g\u00e0 t\u1ef1 \u0111\u1ed9ng c\u1ee7a ch\u00fang t\u00f4i \u0111\u1ec3 t\u1ed1i \u01b0u h\u00f3a s\u1ea3n xu\u1ea5t g\u00e0 nguy\u00ean con h\u00e0ng ng\u00e0y. Tr\u01b0\u1edbc khi s\u1eed d\u1ee5ng m\u00e1y c\u1ee7a ch\u00fang t\u00f4i, c\u00f4ng ty d\u1ef1a v\u00e0o c\u1eaft th\u1ee7 c\u00f4ng, ch\u1eadm, t\u1ed1n nhi\u1ec1u c\u00f4ng s\u1ee9c v\u00e0 k\u1ebft qu\u1ea3 kh\u00f4ng \u0111\u1ed3ng \u0111\u1ec1u. <\/p>    <p class=\"wp-block-paragraph translation-block\">Sau khi l\u1eafp \u0111\u1eb7t m\u00e1y, h\u1ecd \u0111\u00e3 c\u00f3 th\u1ec3 x\u1eed l\u00fd t\u1edbi <strong>800\u20131.000 g\u00e0 m\u1ed7i gi\u1edd<\/strong>, bao g\u1ed3m c\u1ea3 g\u00e0 t\u01b0\u01a1i v\u00e0 \u0111\u00f4ng l\u1ea1nh, v\u1edbi c\u00e1c ph\u1ea7n c\u1eaft \u0111\u1ec1u \u0111\u1eb7n m\u1ed7i l\u1ea7n. T\u1ef1 \u0111\u1ed9ng h\u00f3a \u0111\u00e3 gi\u1ea3m \u0111\u00e1ng k\u1ec3 <strong>chi ph\u00ed lao \u0111\u1ed9ng<\/strong>, gi\u1ea3m thi\u1ec3u l\u00e3ng ph\u00ed s\u1ea3n ph\u1ea9m v\u00e0 n\u00e2ng cao hi\u1ec7u qu\u1ea3 t\u1ed5ng th\u1ec3. <\/p>    <p class=\"wp-block-paragraph translation-block\">Kh\u00e1ch h\u00e0ng c\u0169ng khen ng\u1ee3i \u0111\u1ed9i ng\u0169 c\u1ee7a ch\u00fang t\u00f4i \u0111\u00e3 cung c\u1ea5p <strong>h\u01b0\u1edbng d\u1eabn l\u1eafp \u0111\u1eb7t t\u1ea1i ch\u1ed7, \u0111\u00e0o t\u1ea1o v\u1eadn h\u00e0nh v\u00e0 h\u1ed7 tr\u1ee3 sau b\u00e1n h\u00e0ng ph\u1ea3n h\u1ed3i nhanh<\/strong>, gi\u00fap t\u00edch h\u1ee3p m\u01b0\u1ee3t m\u00e0 v\u00e0o d\u00e2y chuy\u1ec1n s\u1ea3n xu\u1ea5t c\u1ee7a h\u1ecd.<\/p>    <figure class=\"wp-block-image size-full\"><img loading=\"lazy\" decoding=\"async\" width=\"540\" height=\"720\" src=\"https:\/\/meat-machine.com\/wp-content\/uploads\/2022\/09\/meat-cutting-machine.webp\" alt=\"m\u00e1y c\u1eaft th\u1ecbt\" class=\"wp-image-1176\" title=\"\" srcset=\"https:\/\/meat-machine.com\/wp-content\/uploads\/2022\/09\/meat-cutting-machine.webp 540w, https:\/\/meat-machine.com\/wp-content\/uploads\/2022\/09\/meat-cutting-machine-225x300.webp 225w, https:\/\/meat-machine.com\/wp-content\/uploads\/2022\/09\/meat-cutting-machine-9x12.webp 9w\" sizes=\"auto, (max-width: 540px) 100vw, 540px\" \/><figcaption class=\"wp-element-caption\">M\u00e1y c\u1eaft th\u1ecbt<\/figcaption><\/figure>    <h2 class=\"wp-block-heading\">Ph\u1ea7n k\u1ebft lu\u1eadn<\/h2>    <p class=\"wp-block-paragraph translation-block\">\u0110\u1ea7u t\u01b0 v\u00e0o <strong>M\u00e1y c\u1eaft g\u00e0 t\u1ef1 \u0111\u1ed9ng<\/strong> c\u1ee7a ch\u00fang t\u00f4i c\u00f3 ngh\u0129a l\u00e0 ch\u1ecdn hi\u1ec7u qu\u1ea3, ch\u00ednh x\u00e1c v\u00e0 \u0111\u1ed9 tin c\u1eady cho ho\u1ea1t \u0111\u1ed9ng ch\u1ebf bi\u1ebfn gia c\u1ea7m c\u1ee7a b\u1ea1n. D\u00f9 b\u1ea1n mu\u1ed1n t\u0103ng s\u1ea3n l\u01b0\u1ee3ng, gi\u1ea3m chi ph\u00ed lao \u0111\u1ed9ng hay \u0111\u1ea3m b\u1ea3o c\u00e1c ph\u1ea7n c\u1eaft \u0111\u1ed3ng \u0111\u1ec1u, m\u00e1y n\u00e0y \u0111\u1ec1u mang l\u1ea1i hi\u1ec7u su\u1ea5t xu\u1ea5t s\u1eafc v\u00e0 gi\u00e1 tr\u1ecb l\u00e2u d\u00e0i.<\/p>    <p class=\"wp-block-paragraph translation-block\">Ngo\u00e0i m\u00e1y c\u1eaft g\u00e0, ch\u00fang t\u00f4i c\u00f2n cung c\u1ea5p m\u1ed9t <strong><a href=\"https:\/\/meat-machine.com\/vi\/san-pham\/may-cat-ca-da-chuc-nang\/\" data-type=\"link\" data-id=\"https:\/\/meat-machine.com\/product\/multifunctional-fish-cutting-machine\/\">m\u00e1y c\u1eaft c\u00e1<\/a><\/strong> thi\u1ebft k\u1ebf \u0111\u1ec3 ph\u00e2n chia c\u00e1 nhanh ch\u00f3ng v\u00e0 ch\u00ednh x\u00e1c, ph\u00f9 h\u1ee3p cho c\u00e1c nh\u00e0 m\u00e1y ch\u1ebf bi\u1ebfn h\u1ea3i s\u1ea3n v\u00e0 th\u1ef1c ph\u1ea9m. Kh\u00e1ch h\u00e0ng c\u00f3 th\u1ec3 ch\u1ecdn thi\u1ebft b\u1ecb ph\u00f9 h\u1ee3p nh\u1ea5t theo nhu c\u1ea7u ch\u1ebf bi\u1ebfn.<\/p>    <p class=\"wp-block-paragraph translation-block\"><strong>Li\u00ean h\u1ec7 v\u1edbi ch\u00fang t\u00f4i h\u00f4m nay \u0111\u1ec3 nh\u1eadn b\u00e1o gi\u00e1 c\u00e1 nh\u00e2n h\u00f3a v\u00e0 n\u00e2ng cao d\u00e2y chuy\u1ec1n s\u1ea3n xu\u1ea5t c\u1ee7a b\u1ea1n l\u00ean m\u1ed9t t\u1ea7m cao m\u1edbi.<\/strong><\/p>","protected":false},"excerpt":{"rendered":"<p>M\u00e1y c\u1eaft g\u00e0 c\u00f3 th\u1ec3 x\u1eed l\u00fd hi\u1ec7u qu\u1ea3 nhi\u1ec1u lo\u1ea1i th\u1ecbt, nh\u01b0 g\u00e0, v\u1ecbt, c\u00e1, b\u00f2 v\u00e0 l\u1ee3n.<\/p>","protected":false},"author":1,"featured_media":44,"parent":0,"template":"","tags":[10],"product-type":[2],"class_list":["post-37","product","type-product","status-publish","has-post-thumbnail","hentry","tag-meat-cutting-machine","product-type-meat-cutting-machine"],"_links":{"self":[{"href":"https:\/\/meat-machine.com\/vi\/wp-json\/wp\/v2\/product\/37","targetHints":{"allow":["GET"]}}],"collection":[{"href":"https:\/\/meat-machine.com\/vi\/wp-json\/wp\/v2\/product"}],"about":[{"href":"https:\/\/meat-machine.com\/vi\/wp-json\/wp\/v2\/types\/product"}],"author":[{"embeddable":true,"href":"https:\/\/meat-machine.com\/vi\/wp-json\/wp\/v2\/users\/1"}],"wp:featuredmedia":[{"embeddable":true,"href":"https:\/\/meat-machine.com\/vi\/wp-json\/wp\/v2\/media\/44"}],"wp:attachment":[{"href":"https:\/\/meat-machine.com\/vi\/wp-json\/wp\/v2\/media?parent=37"}],"wp:term":[{"taxonomy":"post_tag","embeddable":true,"href":"https:\/\/meat-machine.com\/vi\/wp-json\/wp\/v2\/tags?post=37"},{"taxonomy":"product-type","embeddable":true,"href":"https:\/\/meat-machine.com\/vi\/wp-json\/wp\/v2\/product-type?post=37"}],"curies":[{"name":"wp","href":"https:\/\/api.w.org\/{rel}","templated":true}]}}