{"id":363,"date":"2023-03-07T16:55:57","date_gmt":"2023-03-07T08:55:57","guid":{"rendered":"https:\/\/meat-machine.com\/?post_type=product&#038;p=363"},"modified":"2026-03-10T17:15:19","modified_gmt":"2026-03-10T09:15:19","slug":"may-hun-khoi-thit","status":"publish","type":"product","link":"https:\/\/meat-machine.com\/vi\/product\/meat-smoker-machine\/","title":{"rendered":"M\u00e1y x\u00f4ng kh\u00f3i th\u1ecbt \u0111\u1ec3 h\u00fat th\u1ecbt g\u00e0, c\u00e1 v\u00e0 x\u00fac x\u00edch"},"content":{"rendered":"<div class=\"kk-star-ratings kksr-auto kksr-align-left kksr-valign-top\"     data-payload='{&quot;align&quot;:&quot;left&quot;,&quot;id&quot;:&quot;363&quot;,&quot;slug&quot;:&quot;default&quot;,&quot;valign&quot;:&quot;top&quot;,&quot;ignore&quot;:&quot;&quot;,&quot;reference&quot;:&quot;auto&quot;,&quot;class&quot;:&quot;&quot;,&quot;count&quot;:&quot;12&quot;,&quot;legendonly&quot;:&quot;&quot;,&quot;readonly&quot;:&quot;&quot;,&quot;score&quot;:&quot;4.8&quot;,&quot;starsonly&quot;:&quot;&quot;,&quot;best&quot;:&quot;5&quot;,&quot;gap&quot;:&quot;5&quot;,&quot;greet&quot;:&quot;Rate this product&quot;,&quot;legend&quot;:&quot;4.8\\\/5 - (12 b\u00ecnh ch\u1ecdn)&quot;,&quot;size&quot;:&quot;24&quot;,&quot;title&quot;:&quot;Meat Smoker Machine for Smoking Chicken, Fish and Sausage&quot;,&quot;width&quot;:&quot;136.7&quot;,&quot;_legend&quot;:&quot;{score}\\\/{best} - ({count} {votes})&quot;,&quot;font_factor&quot;:&quot;1.25&quot;}'>              <div class=\"kksr-stars\">      <div class=\"kksr-stars-inactive\">             <div class=\"kksr-star\" data-star=\"1\" style=\"padding-right: 5px\">               <div class=\"kksr-icon\" style=\"width: 24px; height: 24px;\"><\/div>         <\/div>             <div class=\"kksr-star\" data-star=\"2\" style=\"padding-right: 5px\">               <div class=\"kksr-icon\" style=\"width: 24px; height: 24px;\"><\/div>         <\/div>             <div class=\"kksr-star\" data-star=\"3\" style=\"padding-right: 5px\">               <div class=\"kksr-icon\" style=\"width: 24px; height: 24px;\"><\/div>         <\/div>             <div class=\"kksr-star\" data-star=\"4\" style=\"padding-right: 5px\">               <div class=\"kksr-icon\" style=\"width: 24px; height: 24px;\"><\/div>         <\/div>             <div class=\"kksr-star\" data-star=\"5\" style=\"padding-right: 5px\">               <div class=\"kksr-icon\" style=\"width: 24px; height: 24px;\"><\/div>         <\/div>     <\/div>      <div class=\"kksr-stars-active\" style=\"width: 136.7px;\">             <div class=\"kksr-star\" style=\"padding-right: 5px\">               <div class=\"kksr-icon\" style=\"width: 24px; height: 24px;\"><\/div>         <\/div>             <div class=\"kksr-star\" style=\"padding-right: 5px\">               <div class=\"kksr-icon\" style=\"width: 24px; height: 24px;\"><\/div>         <\/div>             <div class=\"kksr-star\" style=\"padding-right: 5px\">               <div class=\"kksr-icon\" style=\"width: 24px; height: 24px;\"><\/div>         <\/div>             <div class=\"kksr-star\" style=\"padding-right: 5px\">               <div class=\"kksr-icon\" style=\"width: 24px; height: 24px;\"><\/div>         <\/div>             <div class=\"kksr-star\" style=\"padding-right: 5px\">               <div class=\"kksr-icon\" style=\"width: 24px; height: 24px;\"><\/div>         <\/div>     <\/div> <\/div>                   <div class=\"kksr-legend\" style=\"font-size: 19.2px;\">             4.8\/5 - (12 l\u01b0\u1ee3t b\u00ecnh ch\u1ecdn)    <\/div>     <\/div>  <p class=\"wp-block-paragraph translation-block\">M\u00e1y h\u00fat th\u1ecbt  \u0111\u01b0\u1ee3c s\u1eed d\u1ee5ng \u0111\u1ec3 hun kh\u00f3i x\u00fac x\u00edch, gi\u0103m b\u00f4ng, gia c\u1ea7m, c\u00e1 v\u00e0 c\u00e1c s\u1ea3n ph\u1ea9m th\u1ecbt kh\u00e1c, n\u00e2ng cao h\u01b0\u01a1ng v\u1ecb c\u1ee7a ch\u00fang v\u1edbi m\u00f9i kh\u00f3i \u0111\u1eadm \u0111\u00e0 trong qu\u00e1 tr\u00ecnh ch\u1ebf bi\u1ebfn.<\/p>    <p class=\"wp-block-paragraph translation-block\">M\u00e1y h\u00fat th\u1ecbt  ho\u00e0n to\u00e0n t\u1ef1 \u0111\u1ed9ng v\u00e0 t\u00edch h\u1ee3p c\u00e1c ch\u1ee9c n\u0103ng nh\u01b0 s\u1ea5y kh\u00f4, n\u01b0\u1edbng, hun kh\u00f3i, t\u1ea1o m\u00e0u v\u00e0 tho\u00e1t kh\u00ed. N\u00f3 \u0111\u01b0\u1ee3c s\u1eed d\u1ee5ng r\u1ed9ng r\u00e3i trong c\u00e1c nh\u00e0 m\u00e1y ch\u1ebf bi\u1ebfn th\u1ecbt v\u00e0 d\u00e2y chuy\u1ec1n s\u1ea3n xu\u1ea5t x\u00fac x\u00edch. Ngo\u00e0i th\u1ecbt hun kh\u00f3i, m\u00e1y c\u00f2n c\u00f3 th\u1ec3 x\u1eed l\u00fd th\u1ecbt hun kh\u00f3i x\u00f4ng kh\u00f3i, x\u00fac x\u00edch, c\u00e1 hun kh\u00f3i, v\u00e0 th\u1eadm ch\u00ed l\u00e0 ph\u00f4 mai hun kh\u00f3i.<\/p>    <p class=\"wp-block-paragraph translation-block\">M\u00e1y h\u00fat th\u1ecbt  h\u1ed7 tr\u1ee3 c\u1ea3 hun kh\u00f3i l\u1ea1nh v\u00e0 n\u00f3ng. Hun kh\u00f3i l\u1ea1nh th\u01b0\u1eddng th\u1ef1c hi\u1ec7n \u1edf  10\u201330\u00b0C , trong khi hun kh\u00f3i n\u00f3ng t\u1eeb  10\u2013100\u00b0C , t\u00f9y theo y\u00eau c\u1ea7u c\u1ee7a s\u1ea3n ph\u1ea9m. C\u00e1c lo\u1ea1i g\u1ed7 kh\u00e1c nhau, bao g\u1ed3m hickory, mesquite, t\u00e1o, v\u00e0 anh \u0111\u00e0o, c\u00f3 th\u1ec3 \u0111\u01b0\u1ee3c s\u1eed d\u1ee5ng \u0111\u1ec3 t\u1ea1o ra h\u01b0\u01a1ng kh\u00f3i \u0111\u1eb7c tr\u01b0ng.<\/p>    <figure class=\"wp-block-embed is-type-video is-provider-youtube wp-block-embed-youtube wp-embed-aspect-9-16 wp-has-aspect-ratio\"><div class=\"wp-block-embed__wrapper\"> <iframe loading=\"lazy\" title=\"L\u00f2 h\u00fat th\u1ecbt th\u01b0\u01a1ng m\u1ea1i | Ho\u00e0n h\u1ea3o cho x\u00fac x\u00edch v\u00e0 th\u1ecbt hun kh\u00f3i #th\u1ecbt #hunkh\u00f3i\" width=\"422\" height=\"750\" src=\"https:\/\/www.youtube.com\/embed\/nMbKB-s3k-E?feature=oembed\" frameborder=\"0\" allow=\"accelerometer; autoplay; clipboard-write; encrypted-media; gyroscope; picture-in-picture; web-share\" referrerpolicy=\"strict-origin-when-cross-origin\" allowfullscreen><\/iframe> <\/div><figcaption class=\"wp-element-caption\">Video ho\u1ea1t \u0111\u1ed9ng c\u1ee7a m\u00e1y h\u00fat th\u1ecbt<\/figcaption><\/figure>    <h2 class=\"wp-block-heading\">M\u00e1y hun g\u00e0 \u0111\u1ec3 b\u00e1n<\/h2>    <p class=\"wp-block-paragraph translation-block\">M\u00e1y h\u00fat th\u1ecbt <strong>c\u1ee7a ch\u00fang t\u00f4i \u0111\u1ec3 b\u00e1n<\/strong> d\u00f9ng \u0111\u1ec3 hun kh\u00f3i v\u00e0 h\u1ea5p nhi\u1ec1u lo\u1ea1i th\u1ef1c ph\u1ea9m nh\u01b0 g\u00e0, x\u00fac x\u00edch, gi\u0103m b\u00f4ng, x\u00fac x\u00edch kh\u00f4, BBQ, v\u00e0 c\u00e1. M\u00e1y d\u1ec5 v\u1eadn h\u00e0nh, hi\u1ec7u su\u1ea5t \u0111\u00e1ng tin c\u1eady, ph\u00f9 h\u1ee3p cho c\u00e1c nh\u00e0 m\u00e1y ch\u1ebf bi\u1ebfn th\u1ecbt v\u00e0 nh\u00e0 m\u00e1y th\u1ef1c ph\u1ea9m.<\/p>    <p class=\"wp-block-paragraph\">M\u00e1y hun g\u00e0 n\u00e0y s\u1eed d\u1ee5ng \u0111i\u1ec1u khi\u1ec3n \u0111i\u1ec7n th\u1ee7 c\u00f4ng v\u1edbi m\u1ee9c \u0111\u1ed9 t\u1ef1 \u0111\u1ed9ng h\u00f3a cao. N\u00f3 t\u00edch h\u1ee3p nhi\u1ec1u ch\u1ee9c n\u0103ng bao g\u1ed3m l\u00e0m n\u00f3ng \u0111i\u1ec7n ho\u1eb7c h\u01a1i n\u01b0\u1edbc (h\u01a1i), tu\u1ea7n ho\u00e0n kh\u00ed n\u00f3ng \u0111\u1ec3 s\u1ea5y ho\u1eb7c n\u01b0\u1edbng, hun kh\u00f3i, v\u00e0 tho\u00e1t kh\u00ed. C\u00e1c ch\u1ee9c n\u0103ng n\u00e0y c\u00f3 th\u1ec3 linh ho\u1ea1t k\u1ebft h\u1ee3p theo y\u00eau c\u1ea7u x\u1eed l\u00fd kh\u00e1c nhau. <\/p>    <p class=\"wp-block-paragraph\">M\u00e1y c\u00f3 c\u1ea5u tr\u00fac hai l\u1edbp b\u1eb1ng th\u00e9p kh\u00f4ng g\u1ec9 v\u1edbi v\u1eadt li\u1ec7u c\u00e1ch nhi\u1ec7t d\u00e0y \u0111\u1ec3 gi\u1ea3m ti\u00eau th\u1ee5 n\u0103ng l\u01b0\u1ee3ng. Ngo\u00e0i ra, c\u00e1c tham s\u1ed1 x\u1eed l\u00fd nh\u01b0 th\u1eddi gian v\u00e0 nhi\u1ec7t \u0111\u1ed9 c\u00f3 th\u1ec3 \u0111\u01b0\u1ee3c thi\u1ebft l\u1eadp t\u1ef1 do \u0111\u1ec3 \u0111\u1ea3m b\u1ea3o ki\u1ec3m so\u00e1t ch\u00ednh x\u00e1c. H\u1ec7 th\u1ed1ng c\u00f2n \u0111\u01b0\u1ee3c trang b\u1ecb hai ho\u1eb7c b\u1ed1n c\u1ea3m bi\u1ebfn nhi\u1ec7t v\u00e0 ch\u1ee9c n\u0103ng c\u1ea3nh b\u00e1o t\u1ef1 \u0111\u1ed9ng \u0111\u1ec3 \u0111\u1ea3m b\u1ea3o ho\u1ea1t \u0111\u1ed9ng an to\u00e0n v\u00e0 \u1ed5n \u0111\u1ecbnh trong qu\u00e1 tr\u00ecnh s\u1ea3n xu\u1ea5t.<\/p>    <figure class=\"wp-block-gallery has-nested-images columns-default is-cropped wp-block-gallery-2 is-layout-flex wp-block-gallery-is-layout-flex\"> <figure class=\"wp-block-image size-large\"><img loading=\"lazy\" decoding=\"async\" width=\"720\" height=\"540\" data-id=\"1157\" src=\"https:\/\/meat-machine.com\/wp-content\/uploads\/2023\/03\/cheese.webp\" alt=\"cheese\" class=\"wp-image-1157\" title=\"\" srcset=\"https:\/\/meat-machine.com\/wp-content\/uploads\/2023\/03\/cheese.webp 720w, https:\/\/meat-machine.com\/wp-content\/uploads\/2023\/03\/cheese-300x225.webp 300w, https:\/\/meat-machine.com\/wp-content\/uploads\/2023\/03\/cheese-16x12.webp 16w\" sizes=\"auto, (max-width: 720px) 100vw, 720px\" \/><figcaption class=\"wp-element-caption\">Ph\u00f4 mai<\/figcaption><\/figure>    <figure class=\"wp-block-image size-large\"><img loading=\"lazy\" decoding=\"async\" width=\"540\" height=\"720\" data-id=\"1158\" src=\"https:\/\/meat-machine.com\/wp-content\/uploads\/2023\/03\/food-smoking-machine.webp\" alt=\"m\u00e1y hun th\u1ef1c ph\u1ea9m\" class=\"wp-image-1158\" title=\"\" srcset=\"https:\/\/meat-machine.com\/wp-content\/uploads\/2023\/03\/food-smoking-machine.webp 540w, https:\/\/meat-machine.com\/wp-content\/uploads\/2023\/03\/food-smoking-machine-225x300.webp 225w, https:\/\/meat-machine.com\/wp-content\/uploads\/2023\/03\/food-smoking-machine-9x12.webp 9w\" sizes=\"auto, (max-width: 540px) 100vw, 540px\" \/><figcaption class=\"wp-element-caption\">M\u00e1y hun th\u1ef1c ph\u1ea9m<\/figcaption><\/figure> <\/figure>    <h2 class=\"wp-block-heading\">C\u1ea5u tr\u00fac m\u00e1y h\u00fat th\u1ecbt<\/h2>    <div class=\"wp-block-media-text is-stacked-on-mobile\"><figure class=\"wp-block-media-text__media\"><img loading=\"lazy\" decoding=\"async\" width=\"720\" height=\"540\" src=\"https:\/\/meat-machine.com\/wp-content\/uploads\/2023\/03\/Meat-Smoker-Machine-structure.webp\" alt=\"C\u1ea5u tr\u00fac m\u00e1y h\u00fat th\u1ecbt\" class=\"wp-image-1159 size-full\" title=\"\" srcset=\"https:\/\/meat-machine.com\/wp-content\/uploads\/2023\/03\/Meat-Smoker-Machine-structure.webp 720w, https:\/\/meat-machine.com\/wp-content\/uploads\/2023\/03\/Meat-Smoker-Machine-structure-300x225.webp 300w, https:\/\/meat-machine.com\/wp-content\/uploads\/2023\/03\/Meat-Smoker-Machine-structure-16x12.webp 16w\" sizes=\"auto, (max-width: 720px) 100vw, 720px\" \/><\/figure><div class=\"wp-block-media-text__content\"> <ul class=\"wp-block-list\"> <li><strong>\u0110\u1ed9ng c\u01a1<\/strong>: Cung c\u1ea5p ngu\u1ed3n \u0111i\u1ec7n cho m\u00e1y v\u00e0 \u0111\u1ea3m b\u1ea3o ho\u1ea1t \u0111\u1ed9ng \u1ed5n \u0111\u1ecbnh trong qu\u00e1 tr\u00ecnh hun kh\u00f3i.<\/li>    <li><strong>\u1ed0ng d\u1eabn kh\u00f3i<\/strong>: Chuy\u1ec3n kh\u00f3i t\u1eeb m\u00e1y t\u1ea1o kh\u00f3i \u0111\u1ebfn bu\u1ed3ng hun kh\u00f3i.<\/li>    <li><strong>H\u1ed9p \u0111i\u1ec1u khi\u1ec3n PLC<\/strong>: Cho ph\u00e9p \u0111i\u1ec1u khi\u1ec3n t\u1ef1 \u0111\u1ed9ng nhi\u1ec7t \u0111\u1ed9, th\u1eddi gian v\u00e0 ch\u1ee9c n\u0103ng hun kh\u00f3i \u0111\u1ec3 v\u1eadn h\u00e0nh thu\u1eadn ti\u1ec7n.<\/li>    <li><strong>M\u00e1y t\u1ea1o kh\u00f3i b\u00ean ngo\u00e0i<\/strong>: T\u1ea1o ra kh\u00f3i mang l\u1ea1i h\u01b0\u01a1ng v\u1ecb \u0111\u1eb7c tr\u01b0ng cho th\u1ecbt v\u00e0 c\u00e1c th\u1ef1c ph\u1ea9m kh\u00e1c.<\/li>    <li><strong>C\u1eeda s\u1ed5 xem<\/strong>: Cho ph\u00e9p ng\u01b0\u1eddi v\u1eadn h\u00e0nh quan s\u00e1t qu\u00e1 tr\u00ecnh hun kh\u00f3i b\u00ean trong bu\u1ed3ng.<\/li>    <li><strong>Tay c\u1ea7m<\/strong>: D\u1ec5 d\u00e0ng m\u1edf v\u00e0 \u0111\u00f3ng c\u1eeda bu\u1ed3ng hun kh\u00f3i.<\/li> <\/ul> <\/div><\/div>    <h2 class=\"wp-block-heading\">M\u00e1y h\u00fat kh\u00f3i th\u1ef1c ph\u1ea9m ho\u1ea1t \u0111\u1ed9ng nh\u01b0 th\u1ebf n\u00e0o?<\/h2>    <div class=\"wp-block-media-text has-media-on-the-right is-stacked-on-mobile\"><div class=\"wp-block-media-text__content\"> <ul class=\"wp-block-list\"> <li><strong>Cho m\u00f9n c\u01b0a v\u00e0o hopper c\u1ee7a bu\u1ed3ng kh\u00f3i b\u00ean ngo\u00e0i, t\u1ed1c \u0111\u1ed9 c\u1ea5p li\u1ec7u \u0111\u01b0\u1ee3c \u0111i\u1ec1u ch\u1ec9nh b\u1eb1ng \u0111\u1ed9ng c\u01a1 khu\u1ea5y.<\/strong>: M\u00f9n c\u01b0a \u0111\u01b0\u1ee3c c\u1ea5p v\u00e0o bu\u1ed3ng kh\u00f3i b\u00ean ngo\u00e0i qua hopper, t\u1ed1c \u0111\u1ed9 c\u1ea5p li\u1ec7u \u0111\u01b0\u1ee3c \u0111i\u1ec1u ch\u1ec9nh b\u1eb1ng \u0111\u1ed9ng c\u01a1 khu\u1ea5y.<\/li>    <li><strong>T\u1ea1o kh\u00f3i<\/strong>: \u1ed0ng nhi\u1ec7t \u0111i\u1ec7n h\u00ecnh ch\u1eef U l\u00e0m n\u00f3ng m\u00f9n c\u01b0a \u0111\u1ec3 t\u1ea1o kh\u00f3i cho qu\u00e1 tr\u00ecnh hun kh\u00f3i.<\/li>    <li><strong>Tu\u1ea7n ho\u00e0n kh\u00f3i<\/strong>: Kh\u00f3i t\u1ea1o ra \u0111i qua c\u00e1c l\u1ed7 nh\u1ecf v\u00e0 tu\u1ea7n ho\u00e0n trong m\u00e1y.<\/li>    <li><strong>Ph\u00e2n ph\u1ed1i qu\u1ea1t<\/strong>: Qu\u1ea1t ly t\u00e2m \u0111\u1ea9y kh\u00f3i t\u1eeb tr\u00ean xu\u1ed1ng d\u01b0\u1edbi, \u0111\u1ea3m b\u1ea3o th\u1ef1c ph\u1ea9m \u0111\u01b0\u1ee3c l\u00e0m n\u00f3ng v\u00e0 hun kh\u00f3i \u0111\u1ec1u.<\/li>    <li><strong>Gi\u00e1m s\u00e1t nhi\u1ec7t \u0111\u1ed9<\/strong>: C\u1ea3m bi\u1ebfn nhi\u1ec7t t\u00edch h\u1ee3p theo d\u00f5i nhi\u1ec7t \u0111\u1ed9 b\u00ean trong \u0111\u1ec3 duy tr\u00ec \u0111i\u1ec1u ki\u1ec7n hun kh\u00f3i \u1ed5n \u0111\u1ecbnh.<\/li> <\/ul> <\/div><figure class=\"wp-block-media-text__media\"><img loading=\"lazy\" decoding=\"async\" width=\"540\" height=\"720\" src=\"https:\/\/meat-machine.com\/wp-content\/uploads\/2023\/03\/commercial-meat-smoker.webp\" alt=\"M\u00e1y h\u00fat th\u1ecbt th\u01b0\u01a1ng m\u1ea1i\" class=\"wp-image-1160 size-full\" title=\"\" srcset=\"https:\/\/meat-machine.com\/wp-content\/uploads\/2023\/03\/commercial-meat-smoker.webp 540w, https:\/\/meat-machine.com\/wp-content\/uploads\/2023\/03\/commercial-meat-smoker-225x300.webp 225w, https:\/\/meat-machine.com\/wp-content\/uploads\/2023\/03\/commercial-meat-smoker-9x12.webp 9w\" sizes=\"auto, (max-width: 540px) 100vw, 540px\" \/><\/figure><\/div>    <h2 class=\"wp-block-heading\">Th\u00f4ng s\u1ed1 k\u1ef9 thu\u1eadt c\u1ee7a m\u00e1y hun kh\u00f3i th\u1ecbt<\/h2>    <figure class=\"wp-block-table\"><table class=\"has-fixed-layout\"><tbody><tr><td>Ng\u01b0\u1eddi m\u1eabu<\/td><td>C\u00f4ng su\u1ea5t(kg\/l\u1ea7n)<\/td><td>C\u00f4ng su\u1ea5t (kw)<\/td><td>Tr\u1ecdng l\u01b0\u1ee3ng (kg)<\/td><td>K\u00edch th\u01b0\u1edbc (mm)<\/td><\/tr><tr><td>TZ-30<\/td><td>30<\/td><td>16.5<\/td><td>350<\/td><td>2000*1100*1500<\/td><\/tr><tr><td>TZ-50<\/td><td>50<\/td><td>16.5<\/td><td>450<\/td><td>2100*1150*1715<\/td><\/tr><tr><td>TZ-100<\/td><td>100<\/td><td>18<\/td><td>500<\/td><td>2100*1200*2020<\/td><\/tr><tr><td>TZ-150<\/td><td>150<\/td><td>18<\/td><td>550<\/td><td>2320*1220*2510<\/td><\/tr><tr><td>TZ-200<\/td><td>200<\/td><td>19<\/td><td>600<\/td><td>2310*1370*2500<\/td><\/tr><tr><td>TZ-250<\/td><td>300<\/td><td>19<\/td><td>700<\/td><td>2350*1500*3000<\/td><\/tr><tr><td>TZ-500<\/td><td>500<\/td><td>35<\/td><td>1200<\/td><td>2420*2200*3000<\/td><\/tr><tr><td>TZ-1000<\/td><td>1000<\/td><td>67<\/td><td>2400<\/td><td>2500*4400*3000<\/td><\/tr><\/tbody><\/table><figcaption class=\"wp-element-caption\">Th\u00f4ng s\u1ed1 m\u00e1y h\u00fat th\u1ecbt<\/figcaption><\/figure>    <figure class=\"wp-block-gallery has-nested-images columns-default is-cropped wp-block-gallery-3 is-layout-flex wp-block-gallery-is-layout-flex\"> <figure class=\"wp-block-image size-large\"><img loading=\"lazy\" decoding=\"async\" width=\"540\" height=\"720\" data-id=\"1161\" src=\"https:\/\/meat-machine.com\/wp-content\/uploads\/2023\/03\/chicken-smoker.webp\" alt=\"M\u00e1y hun g\u00e0\" class=\"wp-image-1161\" title=\"\" srcset=\"https:\/\/meat-machine.com\/wp-content\/uploads\/2023\/03\/chicken-smoker.webp 540w, https:\/\/meat-machine.com\/wp-content\/uploads\/2023\/03\/chicken-smoker-225x300.webp 225w, https:\/\/meat-machine.com\/wp-content\/uploads\/2023\/03\/chicken-smoker-9x12.webp 9w\" sizes=\"auto, (max-width: 540px) 100vw, 540px\" \/><figcaption class=\"wp-element-caption\">M\u00e1y hun g\u00e0<\/figcaption><\/figure>    <figure class=\"wp-block-image size-large\"><img loading=\"lazy\" decoding=\"async\" width=\"540\" height=\"720\" data-id=\"1162\" src=\"https:\/\/meat-machine.com\/wp-content\/uploads\/2023\/03\/food-smoker.webp\" alt=\"m\u00e1y hun th\u1ef1c ph\u1ea9m\" class=\"wp-image-1162\" title=\"\" srcset=\"https:\/\/meat-machine.com\/wp-content\/uploads\/2023\/03\/food-smoker.webp 540w, https:\/\/meat-machine.com\/wp-content\/uploads\/2023\/03\/food-smoker-225x300.webp 225w, https:\/\/meat-machine.com\/wp-content\/uploads\/2023\/03\/food-smoker-9x12.webp 9w\" sizes=\"auto, (max-width: 540px) 100vw, 540px\" \/><figcaption class=\"wp-element-caption\">M\u00e1y hun th\u1ef1c ph\u1ea9m<\/figcaption><\/figure> <\/figure>    <h2 class=\"wp-block-heading\">\u01afu \u0111i\u1ec3m c\u1ee7a m\u00e1y h\u00fat th\u1ecbt<\/h2>    <ul class=\"wp-block-list\"> <li><strong>\u0110i\u1ec1u khi\u1ec3n nhi\u1ec7t \u0111\u1ed9 ch\u00ednh x\u00e1c<\/strong>: Van h\u01a1i pilot \u0111i\u1ec1u ch\u1ec9nh ch\u00ednh x\u00e1c lu\u1ed3ng h\u01a1i, \u0111\u1ea3m b\u1ea3o ho\u1ea1t \u0111\u1ed9ng \u1ed5n \u0111\u1ecbnh v\u00e0 gi\u1eef ch\u00eanh l\u1ec7ch nhi\u1ec7t \u0111\u1ed9 trong <strong>1\u00b0C<\/strong>.<\/li>    <li><strong>H\u1ec7 th\u1ed1ng l\u00e0m n\u00f3ng \u0111\u1ec1u<\/strong>: C\u00e1nh qu\u1ea1t c\u00e2n b\u1eb1ng \u0111\u1ed9ng ch\u1ea1y \u1edf <strong>3000 v\u00f2ng\/ph\u00fat<\/strong> cung c\u1ea5p lu\u1ed3ng kh\u00ed m\u1ea1nh v\u1edbi t\u1ed1c \u0111\u1ed9 gi\u00f3 l\u00ean \u0111\u1ebfn <strong>25 m\/s<\/strong>, \u0111\u1ea3m b\u1ea3o ph\u00e2n ph\u1ed1i nhi\u1ec7t \u0111\u1ec1u trong to\u00e0n b\u1ed9 bu\u1ed3ng.<\/li>    <li><strong>T\u1ea1o kh\u00f3i \u1ed5n \u0111\u1ecbnh<\/strong>: M\u00e1y s\u1eed d\u1ee5ng <strong>m\u00e1y t\u1ea1o kh\u00f3i h\u1ea1t g\u1ed7<\/strong>, t\u1ea1o ra kh\u00f3i \u1ed5n \u0111\u1ecbnh, gi\u00fap nhanh ch\u00f3ng l\u00e0m m\u00e0u th\u1ef1c ph\u1ea9m, v\u00e0 \u0111\u1ea3m b\u1ea3o kh\u00f3i s\u1ea1ch v\u00e0o trong bu\u1ed3ng.<\/li>    <li><strong>D\u1ec5 d\u00e0ng v\u1ec7 sinh v\u00e0 b\u1ea3o tr\u00ec<\/strong>: Trang b\u1ecb m\u1ed9t <strong>M\u00e1y b\u01a1m \u0111\u01b0\u1eddng \u1ed1ng \u00e1p l\u1ef1c cao<\/strong> v\u00e0 c\u00e1c v\u00f2i phun \u0111a g\u00f3c, h\u1ec7 th\u1ed1ng l\u00e0m s\u1ea1ch cu\u1ed9n v\u00e0 \u1ed1ng kh\u00f3i, duy tr\u00ec v\u1ec7 sinh v\u00e0 ho\u1ea1t \u0111\u1ed9ng hi\u1ec7u qu\u1ea3.<\/li> <\/ul>    <div class=\"wp-block-columns is-layout-flex wp-container-core-columns-is-layout-8f761849 wp-block-columns-is-layout-flex\"> <div class=\"wp-block-column is-layout-flow wp-block-column-is-layout-flow\"> <figure class=\"wp-block-image size-full\"><img loading=\"lazy\" decoding=\"async\" width=\"720\" height=\"540\" src=\"https:\/\/meat-machine.com\/wp-content\/uploads\/2023\/03\/sausage.webp\" alt=\"x\u00fac x\u00edch\" class=\"wp-image-371\" title=\"\" srcset=\"https:\/\/meat-machine.com\/wp-content\/uploads\/2023\/03\/sausage.webp 720w, https:\/\/meat-machine.com\/wp-content\/uploads\/2023\/03\/sausage-300x225.webp 300w\" sizes=\"auto, (max-width: 720px) 100vw, 720px\" \/><figcaption class=\"wp-element-caption\">x\u00fac x\u00edch<\/figcaption><\/figure> <\/div>    <div class=\"wp-block-column is-layout-flow wp-block-column-is-layout-flow\"> <figure class=\"wp-block-image size-full\"><img loading=\"lazy\" decoding=\"async\" width=\"720\" height=\"540\" src=\"https:\/\/meat-machine.com\/wp-content\/uploads\/2023\/03\/pork.webp\" alt=\"th\u1ecbt l\u1ee3n\" class=\"wp-image-370\" title=\"\" srcset=\"https:\/\/meat-machine.com\/wp-content\/uploads\/2023\/03\/pork.webp 720w, https:\/\/meat-machine.com\/wp-content\/uploads\/2023\/03\/pork-300x225.webp 300w\" sizes=\"auto, (max-width: 720px) 100vw, 720px\" \/><figcaption class=\"wp-element-caption\">Th\u1ecbt l\u1ee3n<\/figcaption><\/figure> <\/div> <\/div>    <h2 class=\"wp-block-heading\">L\u00e0m th\u1ebf n\u00e0o \u0111\u1ec3 l\u00e0m s\u1ea1ch m\u00e1y h\u00fat th\u1ecbt?<\/h2>    <div class=\"wp-block-media-text is-stacked-on-mobile\"><figure class=\"wp-block-media-text__media\"><img loading=\"lazy\" decoding=\"async\" width=\"540\" height=\"720\" src=\"https:\/\/meat-machine.com\/wp-content\/uploads\/2023\/03\/Meat-Smoker-Machine-price.webp\" alt=\"Gi\u00e1 m\u00e1y h\u00fat th\u1ecbt\" class=\"wp-image-1163 size-full\" title=\"\" srcset=\"https:\/\/meat-machine.com\/wp-content\/uploads\/2023\/03\/Meat-Smoker-Machine-price.webp 540w, https:\/\/meat-machine.com\/wp-content\/uploads\/2023\/03\/Meat-Smoker-Machine-price-225x300.webp 225w, https:\/\/meat-machine.com\/wp-content\/uploads\/2023\/03\/Meat-Smoker-Machine-price-9x12.webp 9w\" sizes=\"auto, (max-width: 540px) 100vw, 540px\" \/><\/figure><div class=\"wp-block-media-text__content\"> <ul class=\"wp-block-list\"> <li><strong>T\u1ea7n su\u1ea5t l\u00e0m s\u1ea1ch<\/strong> <ul class=\"wp-block-list\"> <li>V\u1ec7 sinh m\u00e1y h\u00fat kh\u00f3i sau m\u1ed7i l\u1ea7n s\u1eed d\u1ee5ng \u0111\u1ec3 duy tr\u00ec v\u1ec7 sinh v\u00e0 hi\u1ec7u su\u1ea5t.<\/li> <\/ul> <\/li>    <li><strong>Khu v\u1ef1c v\u1ec7 sinh<\/strong> <ul class=\"wp-block-list\"> <li>T\u1eadp trung v\u00e0o \u1ed1ng kh\u00f3i v\u00e0 b\u00ean trong bu\u1ed3ng hun kh\u00f3i. V\u1edbi \u00e1p l\u1ef1c b\u01a1m \u0111\u1ee7, t\u1ea5t c\u1ea3 c\u00e1c b\u1ed9 ph\u1eadn c\u00f3 th\u1ec3 m\u1edf c\u00f9ng l\u00fac. M\u1ed9t t\u1ea5m che tr\u00ean \u1ed1ng kh\u00f3i cho ph\u00e9p truy c\u1eadp th\u1ee7 c\u00f4ng \u0111\u1ec3 lo\u1ea1i b\u1ecf b\u1ee5i b\u1ea9n c\u1ee9ng \u0111\u1ea7u n\u1ebfu c\u1ea7n.<\/li> <\/ul> <\/li>    <li><strong>Dung d\u1ecbch l\u00e0m s\u1ea1ch<\/strong> <ul class=\"wp-block-list\"> <li>S\u1eed d\u1ee5ng dung d\u1ecbch soda caustic 3\u20135%. R\u1eeda s\u1ea1ch b\u1eb1ng n\u01b0\u1edbc \u0111\u1ec3 lo\u1ea1i b\u1ecf d\u01b0 l\u01b0\u1ee3ng ki\u1ec1m ho\u1eb7c b\u1ee5i b\u1ea9n.<\/li> <\/ul> <\/li> <\/ul> <\/div><\/div>    <ul class=\"wp-block-list\"> <li><strong>C\u00e1c b\u01b0\u1edbc l\u00e0m s\u1ea1ch<\/strong> <ul class=\"wp-block-list\"> <li>L\u00e0m n\u00f3ng m\u00e1y hun \u0111\u1ebfn 70\u201380\u00b0C. Phun dung d\u1ecbch l\u00e0m s\u1ea1ch b\u1eb1ng b\u01a1m n\u01b0\u1edbc v\u00e0 \u0111\u1ec3 ng\u00e2m trong 2\u20133 ph\u00fat.<\/li>    <li>\u0110\u1ed5 n\u01b0\u1edbc s\u1ea1ch v\u00e0o th\u00f9ng r\u1eeda v\u00e0 x\u1ea3 s\u1ea1ch m\u00e1y hun kh\u00f3i. L\u1eb7p l\u1ea1i qu\u00e1 tr\u00ecnh r\u1eeda khi c\u1ea7n.<\/li> <\/ul> <\/li>    <li><strong>C\u00e1c bi\u1ec7n ph\u00e1p an to\u00e0n<\/strong> <ul class=\"wp-block-list\"> <li>Tr\u00e1nh l\u00e0m v\u0103ng n\u01b0\u1edbc v\u00e0o h\u1ed9p \u0111i\u1ec1u khi\u1ec3n ho\u1eb7c m\u00e1y t\u00ednh.<\/li>    <li>Ng\u01b0\u1eddi v\u1eadn h\u00e0nh ph\u1ea3i \u0111eo thi\u1ebft b\u1ecb b\u1ea3o h\u1ed9 khi v\u1ec7 sinh.<\/li> <\/ul> <\/li> <\/ul>    <figure class=\"wp-block-gallery has-nested-images columns-default is-cropped wp-block-gallery-4 is-layout-flex wp-block-gallery-is-layout-flex\"> <figure class=\"wp-block-image size-full\"><img loading=\"lazy\" decoding=\"async\" width=\"540\" height=\"720\" data-id=\"1164\" src=\"https:\/\/meat-machine.com\/wp-content\/uploads\/2023\/03\/Meat-Smoker-Machine-1.webp\" alt=\"M\u00e1y h\u00fat th\u1ecbt\" class=\"wp-image-1164\" title=\"\" srcset=\"https:\/\/meat-machine.com\/wp-content\/uploads\/2023\/03\/Meat-Smoker-Machine-1.webp 540w, https:\/\/meat-machine.com\/wp-content\/uploads\/2023\/03\/Meat-Smoker-Machine-1-225x300.webp 225w, https:\/\/meat-machine.com\/wp-content\/uploads\/2023\/03\/Meat-Smoker-Machine-1-9x12.webp 9w\" sizes=\"auto, (max-width: 540px) 100vw, 540px\" \/><figcaption class=\"wp-element-caption\">M\u00e1y h\u00fat th\u1ecbt<\/figcaption><\/figure>    <figure class=\"wp-block-image size-full\"><img loading=\"lazy\" decoding=\"async\" width=\"540\" height=\"720\" data-id=\"1165\" src=\"https:\/\/meat-machine.com\/wp-content\/uploads\/2023\/03\/meat-smoking-machine.webp\" alt=\"m\u00e1y hun kh\u00f3i th\u1ecbt\" class=\"wp-image-1165\" title=\"\" srcset=\"https:\/\/meat-machine.com\/wp-content\/uploads\/2023\/03\/meat-smoking-machine.webp 540w, https:\/\/meat-machine.com\/wp-content\/uploads\/2023\/03\/meat-smoking-machine-225x300.webp 225w, https:\/\/meat-machine.com\/wp-content\/uploads\/2023\/03\/meat-smoking-machine-9x12.webp 9w\" sizes=\"auto, (max-width: 540px) 100vw, 540px\" \/><figcaption class=\"wp-element-caption\">M\u00e1y hun th\u1ecbt<\/figcaption><\/figure> <\/figure>    <h2 class=\"wp-block-heading\">Ph\u1ea7n k\u1ebft lu\u1eadn<\/h2>    <p class=\"wp-block-paragraph translation-block\">M\u00e1y h\u00fat th\u1ecbt <strong>c\u1ee7a ch\u00fang t\u00f4i<\/strong> mang l\u1ea1i k\u1ebft qu\u1ea3 hun kh\u00f3i \u1ed5n \u0111\u1ecbnh, d\u1ec5 v\u1ec7 sinh v\u00e0 hi\u1ec7u su\u1ea5t \u0111\u00e1ng tin c\u1eady. Li\u00ean h\u1ec7 v\u1edbi ch\u00fang t\u00f4i h\u00f4m nay \u0111\u1ec3 nh\u1eadn b\u00e1o gi\u00e1 v\u00e0 gi\u00fap b\u1ea1n ch\u1ecdn m\u00f4 h\u00ecnh ph\u00f9 h\u1ee3p. <\/p>    <p class=\"wp-block-paragraph translation-block\">Ch\u00fang t\u00f4i c\u0169ng cung c\u1ea5p nhi\u1ec1u lo\u1ea1i m\u00e1y ch\u1ebf bi\u1ebfn th\u1ef1c ph\u1ea9m kh\u00e1c, t\u1eeb <a href=\"https:\/\/meat-machine.com\/vi\/san-pham-2\/may-xay-thit\/\" data-type=\"link\" data-id=\"https:\/\/meat-machine.com\/products\/meat-grinder\/\">m\u00e1y xay th\u1ecbt<\/a> \u0111\u1ebfn <a href=\"https:\/\/meat-machine.com\/vi\/san-pham\/day-chuyen-che-bien-xuc-xich\/\" data-type=\"link\" data-id=\"https:\/\/meat-machine.com\/product\/sausage-processing-line\/\">m\u00e1y l\u00e0m x\u00fac x\u00edch<\/a>\u2014kh\u00e1m ph\u00e1 d\u00f2ng s\u1ea3n ph\u1ea9m \u0111\u1ea7y \u0111\u1ee7 c\u1ee7a ch\u00fang t\u00f4i v\u00e0 t\u00ecm gi\u1ea3i ph\u00e1p ph\u00f9 h\u1ee3p cho d\u00e2y chuy\u1ec1n s\u1ea3n xu\u1ea5t c\u1ee7a b\u1ea1n!<\/p>","protected":false},"excerpt":{"rendered":"<p>M\u00e1y h\u00fat th\u1ecbt d\u00f9ng \u0111\u1ec3 hun kh\u00f3i x\u00fac x\u00edch, gi\u0103m b\u00f4ng, gia c\u1ea7m, c\u00e1 v\u00e0 c\u00e1c s\u1ea3n ph\u1ea9m th\u1ecbt kh\u00e1c, n\u00e2ng cao h\u01b0\u01a1ng v\u1ecb c\u1ee7a ch\u00fang v\u1edbi m\u00f9i kh\u00f3i \u0111\u1eadm \u0111\u00e0 trong qu\u00e1 tr\u00ecnh ch\u1ebf bi\u1ebfn.<\/p>","protected":false},"author":1,"featured_media":375,"parent":0,"template":"","tags":[27],"product-type":[4],"class_list":["post-363","product","type-product","status-publish","has-post-thumbnail","hentry","tag-smoke-oven","product-type-meat-grinder"],"_links":{"self":[{"href":"https:\/\/meat-machine.com\/vi\/wp-json\/wp\/v2\/product\/363","targetHints":{"allow":["GET"]}}],"collection":[{"href":"https:\/\/meat-machine.com\/vi\/wp-json\/wp\/v2\/product"}],"about":[{"href":"https:\/\/meat-machine.com\/vi\/wp-json\/wp\/v2\/types\/product"}],"author":[{"embeddable":true,"href":"https:\/\/meat-machine.com\/vi\/wp-json\/wp\/v2\/users\/1"}],"wp:featuredmedia":[{"embeddable":true,"href":"https:\/\/meat-machine.com\/vi\/wp-json\/wp\/v2\/media\/375"}],"wp:attachment":[{"href":"https:\/\/meat-machine.com\/vi\/wp-json\/wp\/v2\/media?parent=363"}],"wp:term":[{"taxonomy":"post_tag","embeddable":true,"href":"https:\/\/meat-machine.com\/vi\/wp-json\/wp\/v2\/tags?post=363"},{"taxonomy":"product-type","embeddable":true,"href":"https:\/\/meat-machine.com\/vi\/wp-json\/wp\/v2\/product-type?post=363"}],"curies":[{"name":"wp","href":"https:\/\/api.w.org\/{rel}","templated":true}]}}