{"id":283,"date":"2023-01-16T17:55:26","date_gmt":"2023-01-16T09:55:26","guid":{"rendered":"https:\/\/meat-machine.com\/?post_type=product&#038;p=283"},"modified":"2026-03-04T16:48:42","modified_gmt":"2026-03-04T08:48:42","slug":"may-cua-xuong-thuong-mai","status":"publish","type":"product","link":"https:\/\/meat-machine.com\/vi\/product\/commercial-bone-saw-machine\/","title":{"rendered":"M\u00e1y c\u01b0a x\u01b0\u01a1ng th\u01b0\u01a1ng m\u1ea1i | M\u00e1y c\u01b0a v\u00f2ng th\u1ecbt th\u01b0\u01a1ng m\u1ea1i"},"content":{"rendered":"<div class=\"kk-star-ratings kksr-auto kksr-align-left kksr-valign-top\"     data-payload='{&quot;align&quot;:&quot;left&quot;,&quot;id&quot;:&quot;283&quot;,&quot;slug&quot;:&quot;default&quot;,&quot;valign&quot;:&quot;top&quot;,&quot;ignore&quot;:&quot;&quot;,&quot;reference&quot;:&quot;auto&quot;,&quot;class&quot;:&quot;&quot;,&quot;count&quot;:&quot;15&quot;,&quot;legendonly&quot;:&quot;&quot;,&quot;readonly&quot;:&quot;&quot;,&quot;score&quot;:&quot;4.7&quot;,&quot;starsonly&quot;:&quot;&quot;,&quot;best&quot;:&quot;5&quot;,&quot;gap&quot;:&quot;5&quot;,&quot;greet&quot;:&quot;Rate this product&quot;,&quot;legend&quot;:&quot;4.7\\\/5 - (15 b\u00ecnh ch\u1ecdn)&quot;,&quot;size&quot;:&quot;24&quot;,&quot;title&quot;:&quot;Commercial Bone Saw Machine | Commercial Meat Band Saw&quot;,&quot;width&quot;:&quot;133.8&quot;,&quot;_legend&quot;:&quot;{score}\\\/{best} - ({count} {votes})&quot;,&quot;font_factor&quot;:&quot;1.25&quot;}'>              <div class=\"kksr-stars\">      <div class=\"kksr-stars-inactive\">             <div class=\"kksr-star\" data-star=\"1\" style=\"padding-right: 5px\">               <div class=\"kksr-icon\" style=\"width: 24px; height: 24px;\"><\/div>         <\/div>             <div class=\"kksr-star\" data-star=\"2\" style=\"padding-right: 5px\">               <div class=\"kksr-icon\" style=\"width: 24px; height: 24px;\"><\/div>         <\/div>             <div class=\"kksr-star\" data-star=\"3\" style=\"padding-right: 5px\">               <div class=\"kksr-icon\" style=\"width: 24px; height: 24px;\"><\/div>         <\/div>             <div class=\"kksr-star\" data-star=\"4\" style=\"padding-right: 5px\">               <div class=\"kksr-icon\" style=\"width: 24px; height: 24px;\"><\/div>         <\/div>             <div class=\"kksr-star\" data-star=\"5\" style=\"padding-right: 5px\">               <div class=\"kksr-icon\" style=\"width: 24px; height: 24px;\"><\/div>         <\/div>     <\/div>      <div class=\"kksr-stars-active\" style=\"width: 133.8px;\">             <div class=\"kksr-star\" style=\"padding-right: 5px\">               <div class=\"kksr-icon\" style=\"width: 24px; height: 24px;\"><\/div>         <\/div>             <div class=\"kksr-star\" style=\"padding-right: 5px\">               <div class=\"kksr-icon\" style=\"width: 24px; height: 24px;\"><\/div>         <\/div>             <div class=\"kksr-star\" style=\"padding-right: 5px\">               <div class=\"kksr-icon\" style=\"width: 24px; height: 24px;\"><\/div>         <\/div>             <div class=\"kksr-star\" style=\"padding-right: 5px\">               <div class=\"kksr-icon\" style=\"width: 24px; height: 24px;\"><\/div>         <\/div>             <div class=\"kksr-star\" style=\"padding-right: 5px\">               <div class=\"kksr-icon\" style=\"width: 24px; height: 24px;\"><\/div>         <\/div>     <\/div> <\/div>                   <div class=\"kksr-legend\" style=\"font-size: 19.2px;\">             4.7\/5 - (15 phi\u1ebfu b\u1ea7u)    <\/div>     <\/div>  <p class=\"wp-block-paragraph\">M\u00e1y c\u01b0a x\u01b0\u01a1ng th\u01b0\u01a1ng m\u1ea1i c\u00f3 kh\u1ea3 n\u0103ng c\u1eaft nhanh v\u00e0 ch\u00ednh x\u00e1c c\u00e1c lo\u1ea1i th\u1ecbt c\u00f3 x\u01b0\u01a1ng v\u00e0 s\u1ea3n ph\u1ea9m th\u1ecbt \u0111\u00f4ng l\u1ea1nh. <\/p>    <p class=\"wp-block-paragraph\">Trang b\u1ecb h\u1ec7 th\u1ed1ng l\u01b0\u1ee1i c\u01b0a d\u00e2y t\u1ed1c \u0111\u1ed9 cao, m\u00e1y v\u1eadn h\u00e0nh tr\u01a1n tru v\u00e0 t\u1ea1o ra c\u00e1c b\u1ec1 m\u1eb7t c\u1eaft s\u1ea1ch, \u0111\u1ec1u, n\u00e2ng cao hi\u1ec7u qu\u1ea3 ch\u1ebf bi\u1ebfn \u0111\u1ed3ng th\u1eddi gi\u1ea3m chi ph\u00ed nh\u00e2n c\u00f4ng. <\/p>    <p class=\"wp-block-paragraph\">V\u1edbi ph\u1ea1m vi \u0111i\u1ec1u ch\u1ec9nh chi\u1ec1u r\u1ed9ng c\u1eaft t\u1eeb 0\u2013580 mm, n\u00f3 c\u00f3 th\u1ec3 \u0111\u00e1p \u1ee9ng c\u00e1c y\u00eau c\u1ea7u k\u00edch th\u01b0\u1edbc kh\u00e1c nhau v\u00e0 \u0111\u01b0\u1ee3c s\u1eed d\u1ee5ng r\u1ed9ng r\u00e3i trong c\u00e1c nh\u00e0 m\u00e1y ch\u1ebf bi\u1ebfn th\u1ef1c ph\u1ea9m, b\u1ebfp trung t\u00e2m v\u00e0 x\u01b0\u1edfng c\u1eaft th\u1ecbt.<\/p>    <figure class=\"wp-block-embed is-type-video is-provider-youtube wp-block-embed-youtube wp-embed-aspect-9-16 wp-has-aspect-ratio\"><div class=\"wp-block-embed__wrapper\"> <iframe loading=\"lazy\" title=\"M\u00e1y c\u01b0a x\u01b0\u01a1ng c\u00f4ng nghi\u1ec7p cho nh\u00e0 m\u00e1y ch\u1ebf bi\u1ebfn th\u1ecbt #x\u01b0\u01a1ng #ch\u1ebf bi\u1ebfn th\u1ef1c ph\u1ea9m #m\u00e1y m\u00f3c th\u1ef1c ph\u1ea9m\" width=\"422\" height=\"750\" src=\"https:\/\/www.youtube.com\/embed\/LKkPTC52Qh4?feature=oembed\" frameborder=\"0\" allow=\"accelerometer; autoplay; clipboard-write; encrypted-media; gyroscope; picture-in-picture; web-share\" referrerpolicy=\"strict-origin-when-cross-origin\" allowfullscreen><\/iframe> <\/div><figcaption class=\"wp-element-caption\">Video ho\u1ea1t \u0111\u1ed9ng c\u1ee7a m\u00e1y c\u01b0a x\u01b0\u01a1ng th\u01b0\u01a1ng m\u1ea1i<\/figcaption><\/figure>    <h2 class=\"wp-block-heading\">\u1ee8ng d\u1ee5ng m\u00e1y c\u01b0a x\u01b0\u01a1ng \u0111i\u1ec7n<\/h2>    <p class=\"wp-block-paragraph\">M\u00e1y c\u01b0a x\u01b0\u01a1ng \u0111i\u1ec7n r\u1ea5t linh ho\u1ea1t v\u00e0 ph\u00f9 h\u1ee3p cho nhi\u1ec1u nhi\u1ec7m v\u1ee5 ch\u1ebf bi\u1ebfn th\u1ecbt. N\u00f3 c\u00f3 th\u1ec3 c\u1eaft hi\u1ec7u qu\u1ea3 x\u01b0\u01a1ng \u0111\u1ed9ng v\u1eadt nh\u1ecf \u0111\u1ebfn trung b\u00ecnh, s\u01b0\u1eddn, th\u1ecbt t\u01b0\u01a1i, th\u1ecbt \u0111\u00f4ng l\u1ea1nh v\u00e0 c\u00e1 \u0111\u00f4ng l\u1ea1nh. <\/p>    <p class=\"wp-block-paragraph\">T\u00ednh linh ho\u1ea1t n\u00e0y l\u00e0m cho n\u00f3 l\u00fd t\u01b0\u1edfng \u0111\u1ec3 s\u1eed d\u1ee5ng trong c\u00e1c nh\u00e0 m\u00e1y ch\u1ebf bi\u1ebfn th\u1ecbt, l\u00f2 m\u1ed5, nh\u00e0 m\u00e1y th\u1ef1c ph\u1ea9m v\u00e0 c\u00e1c nh\u00e0 b\u1ebfp ho\u1eb7c nh\u00e0 h\u00e0ng quy m\u00f4 l\u1edbn. <\/p>    <p class=\"wp-block-paragraph translation-block\">Ngo\u00e0i m\u00e1y c\u01b0a x\u01b0\u01a1ng, ch\u00fang t\u00f4i c\u00f2n cung c\u1ea5p <a href=\"https:\/\/meat-machine.com\/vi\/san-pham\/may-thai-thit\/\" data-type=\"link\" data-id=\"https:\/\/meat-machine.com\/product\/meat-dicing-machine\/\">m\u00e1y c\u1eaft th\u1ecbt<\/a> v\u00e0 <a href=\"https:\/\/meat-machine.com\/vi\/san-pham\/may-mai-xuong\/\" data-type=\"link\" data-id=\"https:\/\/meat-machine.com\/product\/bone-grinder\/\">m\u00e1y nghi\u1ec1n x\u01b0\u01a1ng<\/a> \u0111\u1ec3 h\u1ed7 tr\u1ee3 c\u00e1c gi\u1ea3i ph\u00e1p ch\u1ebf bi\u1ebfn th\u1ecbt ho\u00e0n ch\u1ec9nh.<\/p>   <div class=\"wp-block-image\"> <figure class=\"aligncenter size-full\"><img loading=\"lazy\" decoding=\"async\" width=\"720\" height=\"540\" src=\"https:\/\/meat-machine.com\/wp-content\/uploads\/2023\/01\/application.webp\" alt=\"\u1ee9ng d\u1ee5ng\" class=\"wp-image-284\" title=\"\" srcset=\"https:\/\/meat-machine.com\/wp-content\/uploads\/2023\/01\/application.webp 720w, https:\/\/meat-machine.com\/wp-content\/uploads\/2023\/01\/application-300x225.webp 300w\" sizes=\"auto, (max-width: 720px) 100vw, 720px\" \/><figcaption class=\"wp-element-caption\">\u1ee9ng d\u1ee5ng<\/figcaption><\/figure> <\/div>   <h2 class=\"wp-block-heading\">C\u1ea5u tr\u00fac m\u00e1y c\u01b0a x\u01b0\u01a1ng<\/h2>    <div class=\"wp-block-media-text is-stacked-on-mobile\"><figure class=\"wp-block-media-text__media\"><img loading=\"lazy\" decoding=\"async\" width=\"720\" height=\"540\" src=\"https:\/\/meat-machine.com\/wp-content\/uploads\/2023\/01\/bone-saw-machine.webp\" alt=\"m\u00e1y c\u01b0a x\u01b0\u01a1ng\" class=\"wp-image-285 size-full\" title=\"\" srcset=\"https:\/\/meat-machine.com\/wp-content\/uploads\/2023\/01\/bone-saw-machine.webp 720w, https:\/\/meat-machine.com\/wp-content\/uploads\/2023\/01\/bone-saw-machine-300x225.webp 300w\" sizes=\"auto, (max-width: 720px) 100vw, 720px\" \/><\/figure><div class=\"wp-block-media-text__content\"> <p class=\"wp-block-paragraph\">M\u00e1y c\u01b0a x\u01b0\u01a1ng c\u00f3 thi\u1ebft k\u1ebf c\u1ea5u tr\u00fac nh\u1ecf g\u1ecdn v\u00e0 th\u1ef1c d\u1ee5ng, ch\u1ee7 y\u1ebfu g\u1ed3m \u0111\u1ed9ng c\u01a1 m\u1ea1nh m\u1ebd, l\u01b0\u1ee1i c\u01b0a s\u1eafc b\u00e9n, b\u00e0n l\u00e0m vi\u1ec7c \u0111i\u1ec1u khi\u1ec3n \u0111i\u1ec7n, b\u1ec1 m\u1eb7t v\u1eadn h\u00e0nh ph\u1eb3ng v\u00e0 khung h\u1ed7 tr\u1ee3 ch\u1eafc ch\u1eafn. <\/p>    <p class=\"wp-block-paragraph\">\u0110\u1ed9ng c\u01a1 cung c\u1ea5p ngu\u1ed3n \u1ed5n \u0111\u1ecbnh \u0111\u1ec3 v\u1eadn h\u00e0nh l\u01b0\u1ee1i c\u01b0a hi\u1ec7u qu\u1ea3, trong khi b\u00e0n l\u00e0m vi\u1ec7c \u0111i\u1ec1u ch\u1ec9nh \u0111\u1ea3m b\u1ea3o \u0111\u1ecbnh v\u1ecb ch\u00ednh x\u00e1c v\u1eadt li\u1ec7u. Khung gia c\u1ed1 t\u0103ng c\u01b0\u1eddng n\u00e2ng cao \u0111\u1ed9 \u1ed5n \u0111\u1ecbnh t\u1ed5ng th\u1ec3 trong qu\u00e1 tr\u00ecnh v\u1eadn h\u00e0nh. <\/p> <\/div><\/div>    <h2 class=\"wp-block-heading\">C\u00e1ch s\u1eed d\u1ee5ng m\u00e1y c\u01b0a x\u01b0\u01a1ng?<\/h2>    <ul class=\"wp-block-list\"> <li><strong>\u0110i\u1ec1u ch\u1ec9nh v\u1ecb tr\u00ed b\u00e1nh xe truy\u1ec1n \u0111\u1ed9ng<\/strong> \u2013 N\u1edbi l\u1ecfng \u1ed1c c\u1ed1 \u0111\u1ecbnh tr\u00ean tr\u1ee5c pin v\u00e0 di chuy\u1ec3n ch\u1ed1t \u0111\u1ecbnh v\u1ecb tr\u01b0\u1ee3t \u0111\u1ec3 c\u0103n ch\u1ec9nh b\u00e1nh xe truy\u1ec1n \u0111\u1ed9ng \u0111\u00fang c\u00e1ch.<\/li>    <li><strong>\u0110i\u1ec1u ch\u1ec9nh g\u00f3c nghi\u00eang c\u1ee7a tr\u1ee5c truy\u1ec1n \u0111\u1ed9ng<\/strong> \u2013 \u0110i\u1ec1u ch\u1ec9nh \u1ed1c b\u00ean ngo\u00e0i tr\u00ean n\u1eafp \u0111\u1ec3 \u0111\u1ea1t g\u00f3c nghi\u00eang ch\u00ednh x\u00e1c cho ho\u1ea1t \u0111\u1ed9ng tr\u01a1n tru.<\/li>    <li><strong>Ki\u1ec3m tra \u0111\u1ed9 c\u0103ng c\u1ee7a l\u01b0\u1ee1i c\u01b0a<\/strong> \u2013 \u0110\u1ea3m b\u1ea3o l\u01b0\u1ee1i c\u01b0a \u0111\u01b0\u1ee3c si\u1ebft ch\u1eb7t \u0111\u00fang c\u00e1ch \u0111\u1ec3 tr\u00e1nh tr\u01b0\u1ee3t trong qu\u00e1 tr\u00ecnh c\u1eaft.<\/li>    <li><strong>Kh\u1edfi \u0111\u1ed9ng \u0111\u1ed9ng c\u01a1<\/strong> \u2013 B\u1eadt ngu\u1ed3n m\u00e1y \u0111\u1ec3 b\u1eaft \u0111\u1ea7u v\u1eadn h\u00e0nh.<\/li>    <li><strong>\u0110\u1eb7t v\u1eadt li\u1ec7u l\u00ean b\u00e0n l\u00e0m vi\u1ec7c<\/strong> \u2013 \u0110\u1eb7t x\u01b0\u01a1ng ho\u1eb7c nguy\u00ean li\u1ec7u kh\u00e1c l\u00ean k\u1ec7 c\u00f3 th\u1ec3 th\u00e1o r\u1eddi.<\/li>    <li><strong>\u0110\u01b0a v\u1eadt li\u1ec7u qua l\u01b0\u1ee1i c\u01b0a<\/strong> \u2013 T\u1eeb t\u1eeb \u0111\u1ea9y v\u1eadt li\u1ec7u v\u1ec1 ph\u00eda tr\u01b0\u1edbc cho \u0111\u1ebfn khi qua l\u01b0\u1ee1i c\u01b0a.<\/li>    <li><strong>Thu th\u1eadp c\u00e1c m\u1ea3nh c\u1eaft<\/strong> \u2013 X\u01b0\u01a1ng v\u00e0 th\u1ecbt \u0111\u01b0\u1ee3c c\u1eaft th\u00e0nh k\u00edch th\u01b0\u1edbc mong mu\u1ed1n v\u00e0 s\u1eb5n s\u00e0ng cho c\u00e1c b\u01b0\u1edbc x\u1eed l\u00fd ti\u1ebfp theo.<\/li> <\/ul>   <div class=\"wp-block-image\"> <figure class=\"aligncenter size-full\"><img loading=\"lazy\" decoding=\"async\" width=\"720\" height=\"540\" src=\"https:\/\/meat-machine.com\/wp-content\/uploads\/2023\/01\/commercial-meat-band-saw.webp\" alt=\"M\u00e1y c\u01b0a x\u01b0\u01a1ng th\u01b0\u01a1ng m\u1ea1i\" class=\"wp-image-286\" title=\"\" srcset=\"https:\/\/meat-machine.com\/wp-content\/uploads\/2023\/01\/commercial-meat-band-saw.webp 720w, https:\/\/meat-machine.com\/wp-content\/uploads\/2023\/01\/commercial-meat-band-saw-300x225.webp 300w\" sizes=\"auto, (max-width: 720px) 100vw, 720px\" \/><figcaption class=\"wp-element-caption\">M\u00e1y c\u01b0a x\u01b0\u01a1ng th\u01b0\u01a1ng m\u1ea1i<\/figcaption><\/figure> <\/div>   <h2 class=\"wp-block-heading\">\u01afu \u0111i\u1ec3m c\u1ee7a m\u00e1y c\u01b0a x\u01b0\u01a1ng th\u01b0\u01a1ng m\u1ea1i<\/h2>    <div class=\"wp-block-media-text has-media-on-the-right is-stacked-on-mobile\"><div class=\"wp-block-media-text__content\"> <ul class=\"wp-block-list\"> <li><strong>Ch\u1ea5t li\u1ec7u th\u00e9p kh\u00f4ng g\u1ec9 \u0111\u1ea1t ti\u00eau chu\u1ea9n th\u1ef1c ph\u1ea9m<\/strong> \u2013 T\u1ea5t c\u1ea3 c\u00e1c b\u1ed9 ph\u1eadn ti\u1ebfp x\u00fac v\u1edbi nguy\u00ean li\u1ec7u \u0111\u1ec1u l\u00e0m b\u1eb1ng th\u00e9p kh\u00f4ng g\u1ec9, \u0111\u00e1p \u1ee9ng ti\u00eau chu\u1ea9n v\u1ec7 sinh th\u1ef1c ph\u1ea9m v\u00e0 \u0111\u1ea3m b\u1ea3o \u0111\u1ed9 b\u1ec1n.<\/li>    <li><strong>\u0110\u1ed9 \u1ed5n \u0111\u1ecbnh cao v\u00e0 ch\u00ednh x\u00e1c<\/strong> \u2013 B\u00e0n l\u00e0m vi\u1ec7c ph\u1eb3ng d\u00e0y v\u00e0 khung ch\u1eafc ch\u1eafn ng\u0103n ch\u1eb7n chuy\u1ec3n \u0111\u1ed9ng trong qu\u00e1 tr\u00ecnh c\u1eaft, ngay c\u1ea3 khi x\u1eed l\u00fd x\u01b0\u01a1ng l\u1edbn, \u0111\u1ea3m b\u1ea3o k\u1ebft qu\u1ea3 ch\u00ednh x\u00e1c.<\/li> <\/ul> <\/div><figure class=\"wp-block-media-text__media\"><img loading=\"lazy\" decoding=\"async\" width=\"720\" height=\"540\" src=\"https:\/\/meat-machine.com\/wp-content\/uploads\/2023\/01\/bone-saw-machine-for-sale.webp\" alt=\"b\u00e1n m\u00e1y c\u01b0a x\u01b0\u01a1ng\" class=\"wp-image-290 size-full\" title=\"\" srcset=\"https:\/\/meat-machine.com\/wp-content\/uploads\/2023\/01\/bone-saw-machine-for-sale.webp 720w, https:\/\/meat-machine.com\/wp-content\/uploads\/2023\/01\/bone-saw-machine-for-sale-300x225.webp 300w\" sizes=\"auto, (max-width: 720px) 100vw, 720px\" \/><\/figure><\/div>    <div class=\"wp-block-media-text is-stacked-on-mobile\"><figure class=\"wp-block-media-text__media\"><img loading=\"lazy\" decoding=\"async\" width=\"540\" height=\"720\" src=\"https:\/\/meat-machine.com\/wp-content\/uploads\/2023\/01\/Bone-Saw-Machine-price.webp\" alt=\"Gi\u00e1 m\u00e1y c\u01b0a x\u01b0\u01a1ng\" class=\"wp-image-1118 size-full\" title=\"\" srcset=\"https:\/\/meat-machine.com\/wp-content\/uploads\/2023\/01\/Bone-Saw-Machine-price.webp 540w, https:\/\/meat-machine.com\/wp-content\/uploads\/2023\/01\/Bone-Saw-Machine-price-225x300.webp 225w, https:\/\/meat-machine.com\/wp-content\/uploads\/2023\/01\/Bone-Saw-Machine-price-9x12.webp 9w\" sizes=\"auto, (max-width: 540px) 100vw, 540px\" \/><\/figure><div class=\"wp-block-media-text__content\"> <ul class=\"wp-block-list\"> <li><strong>Thi\u1ebft k\u1ebf an to\u00e0n n\u00e2ng cao<\/strong> \u2013 C\u1ea7n g\u1ea1t an to\u00e0n t\u00edch h\u1ee3p v\u00e0 thi\u1ebft b\u1ecb b\u1ea3o v\u1ec7 cung c\u1ea5p ho\u1ea1t \u0111\u1ed9ng an to\u00e0n v\u00e0 \u0111\u00e1ng tin c\u1eady h\u01a1n.<\/li>    <li><strong>H\u1ec7 th\u1ed1ng d\u00e2y \u0111eo c\u01b0a \u0111i\u1ec1u ch\u1ec9nh<\/strong> \u2013 Thi\u1ebft b\u1ecb c\u0103ng d\u00e2y \u0111eo c\u01b0a cho ph\u00e9p l\u1eafp \u0111\u1eb7t d\u1ec5 d\u00e0ng v\u00e0 \u0111i\u1ec1u ch\u1ec9nh ch\u00ednh x\u00e1c d\u00e2y \u0111eo \u0111\u1ec3 \u0111\u1ea1t hi\u1ec7u su\u1ea5t t\u1ed1i \u01b0u.<\/li>    <li><strong>D\u1ec5 d\u00e0ng v\u1ec7 sinh v\u00e0 b\u1ea3o tr\u00ec<\/strong> \u2013 C\u1ea5u tr\u00fac \u0111\u01a1n gi\u1ea3n v\u00e0 thi\u1ebft k\u1ebf b\u1ec1 m\u1eb7t m\u1ecbn gi\u00fap m\u00e1y d\u1ec5 v\u1ec7 sinh v\u00e0 b\u1ea3o tr\u00ec.<\/li> <\/ul> <\/div><\/div>    <h2 class=\"wp-block-heading\">H\u01b0\u1edbng d\u1eabn an to\u00e0n v\u1ec1 c\u01b0a v\u00f2ng th\u1ecbt th\u01b0\u01a1ng m\u1ea1i<\/h2>    <ul class=\"wp-block-list\"> <li><strong>Mang \u0111\u1ed3 b\u1ea3o h\u1ed9<\/strong> \u2013 Ng\u01b0\u1eddi v\u1eadn h\u00e0nh lu\u00f4n \u0111eo g\u0103ng b\u1ea3o h\u1ed9 \u0111\u1ec3 tr\u00e1nh b\u1ecb th\u01b0\u01a1ng do l\u01b0\u1ee1i c\u01b0a trong qu\u00e1 tr\u00ecnh x\u1eed l\u00fd.<\/li>    <li><strong>S\u1eed d\u1ee5ng b\u1ed9 \u0111\u1ea9y th\u1ecbt<\/strong> \u2013 Lu\u00f4n s\u1eed d\u1ee5ng thanh \u0111\u1ea9y th\u1ecbt \u0111i k\u00e8m \u0111\u1ec3 \u0111\u01b0a th\u1ecbt v\u00e0o l\u01b0\u1ee1i c\u01b0a; kh\u00f4ng \u0111\u1ea9y th\u1ecbt b\u1eb1ng tay \u0111\u1ec3 tr\u00e1nh tai n\u1ea1n.<\/li>    <li><strong>T\u1eaft ngu\u1ed3n trong qu\u00e1 tr\u00ecnh b\u1ea3o tr\u00ec<\/strong> \u2013 N\u1ebfu m\u00e1y b\u1ecb k\u1eb9t ho\u1eb7c xu\u1ea5t hi\u1ec7n b\u1ea5t th\u01b0\u1eddng, l\u1eadp t\u1ee9c r\u00fat ph\u00edch c\u1eafm tr\u01b0\u1edbc khi th\u1ef1c hi\u1ec7n b\u1ea3o tr\u00ec. Kh\u00f4ng bao gi\u1edd c\u1ed1 s\u1eeda ch\u1eefa khi m\u00e1y \u0111ang ho\u1ea1t \u0111\u1ed9ng \u0111\u1ec3 tr\u00e1nh b\u1ecb th\u01b0\u01a1ng.<\/li>    <li><strong>Duy tr\u00ec c\u00e1c th\u1ef1c h\u00e0nh v\u1eadn h\u00e0nh an to\u00e0n<\/strong> \u2013 Gi\u1eef kho\u1ea3ng c\u00e1ch an to\u00e0n, t\u1eadp trung khi v\u1eadn h\u00e0nh, v\u00e0 kh\u00f4ng bao gi\u1edd c\u1eaft th\u1ecbt s\u1ed1ng v\u00e0 ch\u00edn c\u00f9ng l\u00fac \u0111\u1ec3 tr\u00e1nh nhi\u1ec5m ch\u00e9o v\u00e0 r\u1ee7i ro vi khu\u1ea9n.<\/li> <\/ul>    <figure class=\"wp-block-image size-full\"><img loading=\"lazy\" decoding=\"async\" width=\"540\" height=\"720\" src=\"https:\/\/meat-machine.com\/wp-content\/uploads\/2023\/01\/industrial-Bone-Saw-Machine.webp\" alt=\"m\u00e1y c\u01b0a x\u01b0\u01a1ng c\u00f4ng nghi\u1ec7p\" class=\"wp-image-1119\" title=\"\" srcset=\"https:\/\/meat-machine.com\/wp-content\/uploads\/2023\/01\/industrial-Bone-Saw-Machine.webp 540w, https:\/\/meat-machine.com\/wp-content\/uploads\/2023\/01\/industrial-Bone-Saw-Machine-225x300.webp 225w, https:\/\/meat-machine.com\/wp-content\/uploads\/2023\/01\/industrial-Bone-Saw-Machine-9x12.webp 9w\" sizes=\"auto, (max-width: 540px) 100vw, 540px\" \/><figcaption class=\"wp-element-caption\">M\u00e1y c\u01b0a x\u01b0\u01a1ng c\u00f4ng nghi\u1ec7p<\/figcaption><\/figure>    <h2 class=\"wp-block-heading\">Th\u00f4ng s\u1ed1 k\u1ef9 thu\u1eadt c\u1ee7a m\u00e1y c\u01b0a x\u01b0\u01a1ng th\u01b0\u01a1ng m\u1ea1i<\/h2>    <figure class=\"wp-block-table\"><table class=\"has-fixed-layout\"><thead><tr><th>Ng\u01b0\u1eddi m\u1eabu<\/th><th>TZ-210<\/th><th>TZ-320<\/th><th>TZ-350<\/th><th>TZ-430<\/th><th>TZ-500<\/th><th>TZ-600<\/th><\/tr><\/thead><tbody><tr><td>\u0110i\u1ec7n \u00e1p<\/td><td>220V 50Hz M\u1ed9t pha<\/td><td>220\/380V<\/td><td>220\/380V 50Hz<\/td><td>220V\/380V 50\/60Hz<\/td><td>380V<\/td><td>380V<\/td><\/tr><tr><td>Quy\u1ec1n l\u1ef1c<\/td><td>1.1kW<\/td><td>1.1kW<\/td><td>1.5kW<\/td><td>3kW<\/td><td>2.2kW<\/td><td>3kW<\/td><\/tr><tr><td>\u0110\u01b0\u1eddng k\u00ednh pulley<\/td><td>\u2014<\/td><td>250mm<\/td><td>350mm<\/td><td>400mm<\/td><td>400mm<\/td><td>260mm (b\u1ed1n b\u00e1nh xe)<\/td><\/tr><tr><td>Chi\u1ec1u d\u00e0i l\u01b0\u1ee1i c\u01b0a<\/td><td>1650mm<\/td><td>2040mm<\/td><td>2420mm<\/td><td>3150mm<\/td><td>3370mm<\/td><td>3400mm<\/td><\/tr><tr><td>K\u00edch th\u01b0\u1edbc b\u00e0n l\u00e0m vi\u1ec7c<\/td><td>600\u00d7415mm<\/td><td>590\u00d7480\u00d7300mm<\/td><td>760\u00d7640mm<\/td><td>840\u00d7750mm<\/td><td>880\u00d7760mm<\/td><td>1000\u00d71056mm<\/td><\/tr><tr><td>Chi\u1ec1u cao c\u1eaft<\/td><td>225mm<\/td><td>10\u2013200mm<\/td><td>350mm<\/td><td>430mm<\/td><td>565mm<\/td><td>0\u2013600mm<\/td><\/tr><tr><td>Chi\u1ec1u r\u1ed9ng c\u1eaft<\/td><td>189mm<\/td><td>\u2014<\/td><td>265mm<\/td><td>\u0110i\u1ec1u ch\u1ec9nh 0\u2013360mm<\/td><td>370mm<\/td><td>0\u2013580mm<\/td><\/tr><tr><td>K\u00edch th\u01b0\u1edbc m\u00e1y<\/td><td>620\u00d7505\u00d7945mm<\/td><td>600\u00d7675\u00d71170mm<\/td><td>850\u00d7670\u00d71660mm<\/td><td>900\u00d7980\u00d71850mm<\/td><td>1080\u00d7970\u00d71935mm<\/td><td>985\u00d71215\u00d71745mm<\/td><\/tr><tr><td>Tr\u1ecdng l\u01b0\u1ee3ng t\u1ecbnh<\/td><td>52kg<\/td><td>85kg<\/td><td>98kg<\/td><td>161kg<\/td><td>186kg<\/td><td>200kg<\/td><\/tr><tr><td>K\u00edch th\u01b0\u1edbc \u0111\u00f3ng g\u00f3i<\/td><td>700\u00d7570\u00d71080mm<\/td><td>680\u00d7620\u00d71180mm<\/td><td>960\u00d7960\u00d71860mm<\/td><td>\u2014<\/td><td>1140\u00d71002\u00d72000mm<\/td><td>1025\u00d71255\u00d71900mm<\/td><\/tr><\/tbody><\/table><figcaption class=\"wp-element-caption\">Th\u00f4ng s\u1ed1 m\u00e1y c\u01b0a x\u01b0\u01a1ng<\/figcaption><\/figure>    <figure class=\"wp-block-image size-full\"><img loading=\"lazy\" decoding=\"async\" width=\"720\" height=\"540\" src=\"https:\/\/meat-machine.com\/wp-content\/uploads\/2023\/01\/Bone-Saw-Machine-1.webp\" alt=\"M\u00e1y c\u01b0a x\u01b0\u01a1ng\" class=\"wp-image-1120\" title=\"\" srcset=\"https:\/\/meat-machine.com\/wp-content\/uploads\/2023\/01\/Bone-Saw-Machine-1.webp 720w, https:\/\/meat-machine.com\/wp-content\/uploads\/2023\/01\/Bone-Saw-Machine-1-300x225.webp 300w, https:\/\/meat-machine.com\/wp-content\/uploads\/2023\/01\/Bone-Saw-Machine-1-16x12.webp 16w\" sizes=\"auto, (max-width: 720px) 100vw, 720px\" \/><figcaption class=\"wp-element-caption\">M\u00e1y c\u01b0a x\u01b0\u01a1ng<\/figcaption><\/figure>    <h2 class=\"wp-block-heading\">Ph\u1ea7n k\u1ebft lu\u1eadn<\/h2>    <p class=\"wp-block-paragraph\">T\u00f3m l\u1ea1i, M\u00e1y c\u01b0a x\u01b0\u01a1ng th\u01b0\u01a1ng m\u1ea1i c\u00f3 th\u1ec3 c\u1eaft th\u1ecbt c\u00f3 x\u01b0\u01a1ng, th\u1ecbt \u0111\u00f4ng l\u1ea1nh v\u00e0 c\u00e1 m\u1ed9t c\u00e1ch ch\u00ednh x\u00e1c v\u00e0 an to\u00e0n. V\u1eadt li\u1ec7u b\u1eb1ng th\u00e9p kh\u00f4ng g\u1ec9 b\u1ec1n, \u0111i\u1ec1u ch\u1ec9nh chi\u1ec1u r\u1ed9ng c\u1eaft v\u00e0 thi\u1ebft k\u1ebf th\u00e2n thi\u1ec7n ng\u01b0\u1eddi d\u00f9ng khi\u1ebfn n\u00f3 l\u00fd t\u01b0\u1edfng cho c\u00e1c nh\u00e0 m\u00e1y ch\u1ebf bi\u1ebfn th\u1ecbt, l\u00f2 m\u1ed5, nh\u00e0 m\u00e1y th\u1ef1c ph\u1ea9m v\u00e0 c\u00e1c b\u1ebfp l\u1edbn. <\/p>    <p class=\"wp-block-paragraph\">Li\u00ean h\u1ec7 v\u1edbi ch\u00fang t\u00f4i h\u00f4m nay \u0111\u1ec3 bi\u1ebft th\u00eam th\u00f4ng tin v\u00e0 y\u00eau c\u1ea7u b\u00e1o gi\u00e1 cho nhu c\u1ea7u ch\u1ebf bi\u1ebfn th\u1ecbt c\u1ee7a b\u1ea1n.<\/p>","protected":false},"excerpt":{"rendered":"<p>M\u00e1y c\u01b0a x\u01b0\u01a1ng th\u01b0\u01a1ng m\u1ea1i c\u00f3 kh\u1ea3 n\u0103ng c\u1eaft nhanh v\u00e0 ch\u00ednh x\u00e1c c\u00e1c lo\u1ea1i th\u1ecbt c\u00f3 x\u01b0\u01a1ng v\u00e0 s\u1ea3n ph\u1ea9m th\u1ecbt \u0111\u00f4ng l\u1ea1nh. <\/p>","protected":false},"author":1,"featured_media":288,"parent":0,"template":"","tags":[80],"product-type":[3],"class_list":["post-283","product","type-product","status-publish","has-post-thumbnail","hentry","tag-commercial-bone-saw-machine","product-type-bone-grinder"],"_links":{"self":[{"href":"https:\/\/meat-machine.com\/vi\/wp-json\/wp\/v2\/product\/283","targetHints":{"allow":["GET"]}}],"collection":[{"href":"https:\/\/meat-machine.com\/vi\/wp-json\/wp\/v2\/product"}],"about":[{"href":"https:\/\/meat-machine.com\/vi\/wp-json\/wp\/v2\/types\/product"}],"author":[{"embeddable":true,"href":"https:\/\/meat-machine.com\/vi\/wp-json\/wp\/v2\/users\/1"}],"wp:featuredmedia":[{"embeddable":true,"href":"https:\/\/meat-machine.com\/vi\/wp-json\/wp\/v2\/media\/288"}],"wp:attachment":[{"href":"https:\/\/meat-machine.com\/vi\/wp-json\/wp\/v2\/media?parent=283"}],"wp:term":[{"taxonomy":"post_tag","embeddable":true,"href":"https:\/\/meat-machine.com\/vi\/wp-json\/wp\/v2\/tags?post=283"},{"taxonomy":"product-type","embeddable":true,"href":"https:\/\/meat-machine.com\/vi\/wp-json\/wp\/v2\/product-type?post=283"}],"curies":[{"name":"wp","href":"https:\/\/api.w.org\/{rel}","templated":true}]}}