{"id":271,"date":"2023-01-05T15:23:39","date_gmt":"2023-01-05T07:23:39","guid":{"rendered":"https:\/\/meat-machine.com\/?post_type=product&#038;p=271"},"modified":"2026-03-03T18:00:31","modified_gmt":"2026-03-03T10:00:31","slug":"may-xay-xuong-ga","status":"publish","type":"product","link":"https:\/\/meat-machine.com\/vi\/product\/chicken-bone-grinder\/","title":{"rendered":"M\u00e1y Xay X\u01b0\u01a1ng G\u00e0 | M\u00e1y m\u00e0i x\u01b0\u01a1ng"},"content":{"rendered":"<div class=\"kk-star-ratings kksr-auto kksr-align-left kksr-valign-top\"     data-payload='{&quot;align&quot;:&quot;left&quot;,&quot;id&quot;:&quot;271&quot;,&quot;slug&quot;:&quot;default&quot;,&quot;valign&quot;:&quot;top&quot;,&quot;ignore&quot;:&quot;&quot;,&quot;reference&quot;:&quot;auto&quot;,&quot;class&quot;:&quot;&quot;,&quot;count&quot;:&quot;18&quot;,&quot;legendonly&quot;:&quot;&quot;,&quot;readonly&quot;:&quot;&quot;,&quot;score&quot;:&quot;4.7&quot;,&quot;starsonly&quot;:&quot;&quot;,&quot;best&quot;:&quot;5&quot;,&quot;gap&quot;:&quot;5&quot;,&quot;greet&quot;:&quot;Rate this product&quot;,&quot;legend&quot;:&quot;4.7\\\/5 - (18 b\u00ecnh ch\u1ecdn)&quot;,&quot;size&quot;:&quot;24&quot;,&quot;title&quot;:&quot;Chicken Bone Grinder | Bone Grinding Machine&quot;,&quot;width&quot;:&quot;133.8&quot;,&quot;_legend&quot;:&quot;{score}\\\/{best} - ({count} {votes})&quot;,&quot;font_factor&quot;:&quot;1.25&quot;}'>              <div class=\"kksr-stars\">      <div class=\"kksr-stars-inactive\">             <div class=\"kksr-star\" data-star=\"1\" style=\"padding-right: 5px\">               <div class=\"kksr-icon\" style=\"width: 24px; height: 24px;\"><\/div>         <\/div>             <div class=\"kksr-star\" data-star=\"2\" style=\"padding-right: 5px\">               <div class=\"kksr-icon\" style=\"width: 24px; height: 24px;\"><\/div>         <\/div>             <div class=\"kksr-star\" data-star=\"3\" style=\"padding-right: 5px\">               <div class=\"kksr-icon\" style=\"width: 24px; height: 24px;\"><\/div>         <\/div>             <div class=\"kksr-star\" data-star=\"4\" style=\"padding-right: 5px\">               <div class=\"kksr-icon\" style=\"width: 24px; height: 24px;\"><\/div>         <\/div>             <div class=\"kksr-star\" data-star=\"5\" style=\"padding-right: 5px\">               <div class=\"kksr-icon\" style=\"width: 24px; height: 24px;\"><\/div>         <\/div>     <\/div>      <div class=\"kksr-stars-active\" style=\"width: 133.8px;\">             <div class=\"kksr-star\" style=\"padding-right: 5px\">               <div class=\"kksr-icon\" style=\"width: 24px; height: 24px;\"><\/div>         <\/div>             <div class=\"kksr-star\" style=\"padding-right: 5px\">               <div class=\"kksr-icon\" style=\"width: 24px; height: 24px;\"><\/div>         <\/div>             <div class=\"kksr-star\" style=\"padding-right: 5px\">               <div class=\"kksr-icon\" style=\"width: 24px; height: 24px;\"><\/div>         <\/div>             <div class=\"kksr-star\" style=\"padding-right: 5px\">               <div class=\"kksr-icon\" style=\"width: 24px; height: 24px;\"><\/div>         <\/div>             <div class=\"kksr-star\" style=\"padding-right: 5px\">               <div class=\"kksr-icon\" style=\"width: 24px; height: 24px;\"><\/div>         <\/div>     <\/div> <\/div>                   <div class=\"kksr-legend\" style=\"font-size: 19.2px;\">             4.7\/5 - (18 l\u01b0\u1ee3t b\u00ecnh ch\u1ecdn)    <\/div>     <\/div>  <p class=\"wp-block-paragraph translation-block\"><strong>M\u00e1y xay x\u01b0\u01a1ng g\u00e0<\/strong> d\u00f9ng \u0111\u1ec3 x\u1eed l\u00fd x\u01b0\u01a1ng gia c\u1ea7m v\u00e0 c\u00e1c lo\u1ea1i x\u01b0\u01a1ng \u0111\u1ed9ng v\u1eadt kh\u00e1c. N\u00f3 \u0111\u01b0\u1ee3c \u1ee9ng d\u1ee5ng r\u1ed9ng r\u00e3i trong c\u00e1c nh\u00e0 m\u00e1y ch\u1ebf bi\u1ebfn th\u1ecbt, d\u00e2y chuy\u1ec1n s\u1ea3n xu\u1ea5t b\u1ed9t x\u01b0\u01a1ng, c\u01a1 s\u1edf s\u1ea3n xu\u1ea5t th\u1ee9c \u0103n cho th\u00fa c\u01b0ng v\u00e0 ng\u00e0nh c\u00f4ng nghi\u1ec7p ch\u1ebf bi\u1ebfn th\u1ee9c \u0103n ch\u0103n nu\u00f4i, n\u01a1i gi\u1ea3m k\u00edch th\u01b0\u1edbc x\u01b0\u01a1ng hi\u1ec7u qu\u1ea3 l\u00e0 \u0111i\u1ec1u c\u1ea7n thi\u1ebft.<\/p>    <p class=\"wp-block-paragraph\">M\u1ee5c \u0111\u00edch ch\u00ednh c\u1ee7a n\u00f3 l\u00e0 t\u1ed1i \u0111a h\u00f3a vi\u1ec7c s\u1eed d\u1ee5ng ngu\u1ed3n t\u00e0i nguy\u00ean x\u01b0\u01a1ng trong khi gi\u1ea3m thi\u1ec3u kh\u00f3 kh\u0103n trong x\u1eed l\u00fd ch\u1ea5t th\u1ea3i. B\u1eb1ng c\u00e1ch nghi\u1ec1n x\u01b0\u01a1ng th\u00e0nh c\u00e1c h\u1ea1t nh\u1ecf, \u0111\u1ed3ng \u0111\u1ec1u, m\u00e1y m\u00f3c c\u1ea3i thi\u1ec7n \u0111\u00e1ng k\u1ec3 hi\u1ec7u qu\u1ea3 x\u1eed l\u00fd sau \u0111\u00f3. C\u00e1c v\u1eadt li\u1ec7u \u0111\u00e3 qua x\u1eed l\u00fd tr\u1edf n\u00ean d\u1ec5 d\u00e0ng h\u01a1n \u0111\u1ec3 x\u1eed l\u00fd trong c\u00e1c giai \u0111o\u1ea1n nghi\u1ec1n, tr\u1ed9n ho\u1eb7c \u00e9p ti\u1ebfp theo, gi\u00fap r\u00fat ng\u1eafn th\u1eddi gian s\u1ea3n xu\u1ea5t t\u1ed5ng th\u1ec3, gi\u1ea3m chi ph\u00ed lao \u0111\u1ed9ng v\u00e0 h\u1ed7 tr\u1ee3 ho\u1ea1t \u0111\u1ed9ng quy m\u00f4 l\u1edbn li\u00ean t\u1ee5c.<\/p>    <p class=\"wp-block-paragraph translation-block\">M\u00e1y ph\u00f9 h\u1ee3p v\u1edbi nhi\u1ec1u lo\u1ea1i nguy\u00ean li\u1ec7u th\u00f4, bao g\u1ed3m x\u01b0\u01a1ng g\u00e0, x\u01b0\u01a1ng v\u1ecbt, x\u01b0\u01a1ng ng\u1ed7ng, khung x\u01b0\u01a1ng g\u00e0, ch\u00e2n g\u00e0, v\u00e0 x\u01b0\u01a1ng ch\u00e2n g\u00e0. V\u1edbi ph\u1ea1m vi c\u00f4ng su\u1ea5t t\u1eeb <strong>30\u201320,000 kg\/h<\/strong>, M\u00e1y xay x\u01b0\u01a1ng g\u00e0 c\u00f3 th\u1ec3 \u0111\u00e1p \u1ee9ng nhu c\u1ea7u c\u1ee7a c\u00e1c x\u01b0\u1edfng nh\u1ecf c\u0169ng nh\u01b0 d\u00e2y chuy\u1ec1n s\u1ea3n xu\u1ea5t c\u00f4ng nghi\u1ec7p l\u1edbn.<\/p>    <figure class=\"wp-block-embed is-type-video is-provider-youtube wp-block-embed-youtube wp-embed-aspect-9-16 wp-has-aspect-ratio\"><div class=\"wp-block-embed__wrapper\"> <iframe loading=\"lazy\" title=\"M\u00e1y nghi\u1ec1n paste x\u01b0\u01a1ng c\u00f4ng nghi\u1ec7p cho nh\u00e0 m\u00e1y ch\u1ebf bi\u1ebfn th\u1ecbt #x\u01b0\u01a1ng #m\u00e1y nghi\u1ec1n #x\u1eed l\u00fd th\u1ef1c ph\u1ea9m #th\u1ecbt\" width=\"422\" height=\"750\" src=\"https:\/\/www.youtube.com\/embed\/PkMWdw9DV10?feature=oembed\" frameborder=\"0\" allow=\"accelerometer; autoplay; clipboard-write; encrypted-media; gyroscope; picture-in-picture; web-share\" referrerpolicy=\"strict-origin-when-cross-origin\" allowfullscreen><\/iframe> <\/div><figcaption class=\"wp-element-caption\">Video ho\u1ea1t \u0111\u1ed9ng c\u1ee7a m\u00e1y xay x\u01b0\u01a1ng g\u00e0<\/figcaption><\/figure>    <h2 class=\"wp-block-heading\">Ph\u1ea1m vi \u1ee9ng d\u1ee5ng c\u1ee7a m\u00e1y nghi\u1ec1n paste x\u01b0\u01a1ng<\/h2>    <div class=\"wp-block-media-text is-stacked-on-mobile\"><figure class=\"wp-block-media-text__media\"><img loading=\"lazy\" decoding=\"async\" width=\"720\" height=\"540\" src=\"https:\/\/meat-machine.com\/wp-content\/uploads\/2023\/01\/poultry-bones-and-livestock-bones.webp\" alt=\"x\u01b0\u01a1ng gia c\u1ea7m v\u00e0 x\u01b0\u01a1ng gia s\u00fac\" class=\"wp-image-277 size-full\" title=\"\" srcset=\"https:\/\/meat-machine.com\/wp-content\/uploads\/2023\/01\/poultry-bones-and-livestock-bones.webp 720w, https:\/\/meat-machine.com\/wp-content\/uploads\/2023\/01\/poultry-bones-and-livestock-bones-300x225.webp 300w\" sizes=\"auto, (max-width: 720px) 100vw, 720px\" \/><\/figure><div class=\"wp-block-media-text__content\"> <p class=\"wp-block-paragraph translation-block\"><strong>M\u00e1y xay x\u01b0\u01a1ng g\u00e0<\/strong> c\u00f3 th\u1ec3 x\u1eed l\u00fd x\u01b0\u01a1ng gia c\u1ea7m (g\u00e0, v\u1ecbt) v\u00e0 x\u01b0\u01a1ng gia s\u00fac (l\u1ee3n, b\u00f2, c\u1eebu), c\u0169ng nh\u01b0 nghi\u1ec1n th\u1ecbt. <\/p>    <p class=\"wp-block-paragraph\">\u0110\u01b0\u1ee3c s\u1eed d\u1ee5ng r\u1ed9ng r\u00e3i trong x\u00fac x\u00edch, gi\u0103m b\u00f4ng, th\u1ecbt ngu\u1ed9i, vi\u00ean th\u1ecbt, th\u1ee9c \u0103n cho th\u00fa c\u01b0ng, th\u1ef1c ph\u1ea9m \u0111\u00f4ng l\u1ea1nh, nguy\u00ean li\u1ec7u nh\u00e0 h\u00e0ng, n\u01b0\u1edbc d\u00f9ng x\u01b0\u01a1ng, chondroitin, keo x\u01b0\u01a1ng, b\u1ed9t x\u01b0\u01a1ng, th\u1ef1c ph\u1ea9m gi\u00e0u canxi, s\u1ea3n ph\u1ea9m s\u1ee9c kh\u1ecfe v\u00e0 d\u01b0\u1ee3c ph\u1ea9m sinh h\u1ecdc, l\u00e0m cho n\u00f3 tr\u1edf th\u00e0nh m\u00e1y nghi\u1ec1n \u0111a n\u0103ng, \u0111a ch\u1ee9c n\u0103ng.<\/p> <\/div><\/div>    <h2 class=\"wp-block-heading\">C\u1ea5u tr\u00fac m\u00e1y xay x\u01b0\u01a1ng g\u00e0<\/h2>    <div class=\"wp-block-media-text has-media-on-the-right is-stacked-on-mobile\"><div class=\"wp-block-media-text__content\"> <p class=\"wp-block-paragraph translation-block\"><strong>M\u00e1y xay x\u01b0\u01a1ng g\u00e0<\/strong> c\u00f3 c\u1ea5u tr\u00fac nh\u1ecf g\u1ecdn v\u00e0 b\u1ec1n, bao g\u1ed3m c\u1eeda c\u1ea5p li\u1ec7u, stator, rotor, tay c\u1ea7m \u0111i\u1ec1u ch\u1ec9nh, h\u1ec7 th\u1ed1ng l\u00e0m m\u00e1t, c\u1ed5ng phun n\u01b0\u1edbc, motor, c\u1eeda x\u1ea3 v\u00e0 b\u1ea3o v\u1ec7 an to\u00e0n.<\/p> <\/div><figure class=\"wp-block-media-text__media\"><img loading=\"lazy\" decoding=\"async\" width=\"720\" height=\"540\" src=\"https:\/\/meat-machine.com\/wp-content\/uploads\/2023\/01\/chicken-bone-grinding-machine-structure.webp\" alt=\"c\u1ea5u t\u1ea1o m\u00e1y nghi\u1ec1n x\u01b0\u01a1ng g\u00e0\" class=\"wp-image-275 size-full\" title=\"\" srcset=\"https:\/\/meat-machine.com\/wp-content\/uploads\/2023\/01\/chicken-bone-grinding-machine-structure.webp 720w, https:\/\/meat-machine.com\/wp-content\/uploads\/2023\/01\/chicken-bone-grinding-machine-structure-300x225.webp 300w\" sizes=\"auto, (max-width: 720px) 100vw, 720px\" \/><\/figure><\/div>    <p class=\"wp-block-paragraph\">Ch\u1ea5t li\u1ec7u \u0111i qua c\u1eeda v\u00e0o v\u00e0 b\u1ecb nghi\u1ec1n n\u00e1t b\u1edfi rotor v\u00e0 stator t\u1ed1c \u0111\u1ed9 cao. Tay c\u1ea7m \u0111i\u1ec1u ch\u1ec9nh ki\u1ec3m so\u00e1t k\u00edch th\u01b0\u1edbc h\u1ea1t, trong khi h\u1ec7 th\u1ed1ng l\u00e0m m\u00e1t v\u00e0 c\u1ed5ng phun n\u01b0\u1edbc gi\u00fap tr\u00e1nh qu\u00e1 nhi\u1ec7t trong qu\u00e1 tr\u00ecnh v\u1eadn h\u00e0nh li\u00ean t\u1ee5c.<\/p>    <p class=\"wp-block-paragraph\">T\u1ea5t c\u1ea3 c\u00e1c th\u00e0nh ph\u1ea7n ch\u00ednh \u0111\u1ec1u l\u00e0m b\u1eb1ng th\u00e9p kh\u00f4ng g\u1ec9, \u0111\u1ea3m b\u1ea3o kh\u1ea3 n\u0103ng ch\u1ed1ng m\u00e0i m\u00f2n, ch\u1ed1ng \u0103n m\u00f2n v\u00e0 tu\u1ed5i th\u1ecd d\u00e0i.<\/p>    <figure class=\"wp-block-image size-full\"><img loading=\"lazy\" decoding=\"async\" width=\"720\" height=\"540\" src=\"https:\/\/meat-machine.com\/wp-content\/uploads\/2023\/01\/bone-paste-grinding-machine.webp\" alt=\"m\u00e1y nghi\u1ec1n nhuy\u1ec5n paste x\u01b0\u01a1ng\" class=\"wp-image-1107\" title=\"\" srcset=\"https:\/\/meat-machine.com\/wp-content\/uploads\/2023\/01\/bone-paste-grinding-machine.webp 720w, https:\/\/meat-machine.com\/wp-content\/uploads\/2023\/01\/bone-paste-grinding-machine-300x225.webp 300w, https:\/\/meat-machine.com\/wp-content\/uploads\/2023\/01\/bone-paste-grinding-machine-16x12.webp 16w\" sizes=\"auto, (max-width: 720px) 100vw, 720px\" \/><figcaption class=\"wp-element-caption\">M\u00e1y nghi\u1ec1n paste x\u01b0\u01a1ng<\/figcaption><\/figure>    <h2 class=\"wp-block-heading\">M\u00e1y nghi\u1ec1n x\u01b0\u01a1ng g\u00e0 ho\u1ea1t \u0111\u1ed9ng nh\u01b0 th\u1ebf n\u00e0o?<\/h2>    <div class=\"wp-block-media-text has-media-on-the-right is-stacked-on-mobile\"><div class=\"wp-block-media-text__content\"> <ul class=\"wp-block-list\"> <li>X\u01b0\u01a1ng g\u00e0 s\u1ed1ng \u0111i v\u00e0o bu\u1ed3ng nghi\u1ec1n qua c\u1eeda c\u1ea5p li\u1ec7u.<\/li>    <li>Rotor quay v\u1edbi t\u1ed1c \u0111\u1ed9 cao trong khi t\u01b0\u01a1ng t\u00e1c v\u1edbi stator c\u00f3 h\u00ecnh d\u1ea1ng kh\u00e1c nhau.<\/li>    <li>Ch\u1ea5t li\u1ec7u \u0111i qua khe h\u1edf h\u00ecnh v\u00f2ng gi\u1eefa rotor v\u00e0 stator c\u00f3 th\u1ec3 \u0111i\u1ec1u ch\u1ec9nh.<\/li>    <li>L\u1ef1c c\u1eaft, ma s\u00e1t, va \u0111\u1eadp v\u00e0 rung \u0111\u1ed9ng t\u1ea7n s\u1ed1 cao nghi\u1ec1n, nh\u0169 h\u00f3a v\u00e0 tr\u1ed9n v\u1eadt li\u1ec7u.<\/li>    <li>L\u1ef1c ly t\u00e2m v\u00e0 \u00e1p l\u1ef1c kh\u00f4ng kh\u00ed gi\u00fap di chuy\u1ec3n v\u1eadt li\u1ec7u qua v\u00f9ng nghi\u1ec1n.<\/li>    <li>Ch\u1ea5t li\u1ec7u \u0111\u00e3 qua x\u1eed l\u00fd m\u1ecbn \u0111\u01b0\u1ee3c x\u1ea3 ra qua c\u1eeda ra v\u1edbi k\u00edch th\u01b0\u1edbc h\u1ea1t \u0111\u1ed3ng \u0111\u1ec1u.<\/li> <\/ul> <\/div><figure class=\"wp-block-media-text__media\"><img loading=\"lazy\" decoding=\"async\" width=\"720\" height=\"540\" src=\"https:\/\/meat-machine.com\/wp-content\/uploads\/2023\/01\/Chicken-Bone-Grinder.webp\" alt=\"M\u00e1y xay x\u01b0\u01a1ng g\u00e0\" class=\"wp-image-1105 size-full\" title=\"\" srcset=\"https:\/\/meat-machine.com\/wp-content\/uploads\/2023\/01\/Chicken-Bone-Grinder.webp 720w, https:\/\/meat-machine.com\/wp-content\/uploads\/2023\/01\/Chicken-Bone-Grinder-300x225.webp 300w, https:\/\/meat-machine.com\/wp-content\/uploads\/2023\/01\/Chicken-Bone-Grinder-16x12.webp 16w\" sizes=\"auto, (max-width: 720px) 100vw, 720px\" \/><\/figure><\/div>    <h2 class=\"wp-block-heading\">Th\u00f4ng s\u1ed1 k\u1ef9 thu\u1eadt c\u1ee7a m\u00e1y nghi\u1ec1n paste x\u01b0\u01a1ng<\/h2>    <figure class=\"wp-block-table\"><table class=\"has-fixed-layout\"><tbody><tr><td>Ng\u01b0\u1eddi m\u1eabu<\/td><td>\u0110\u1ed9 m\u1ecbn x\u1eed l\u00fd (l\u01b0\u1edbi)<\/td><td>C\u00f4ng su\u1ea5t (kg \/ gi\u1edd)<\/td><td>C\u00f4ng su\u1ea5t (kw)<\/td><td>Tr\u1ecdng l\u01b0\u1ee3ng (kg)<\/td><td>K\u00edch th\u01b0\u1edbc (mm)<\/td><\/tr><tr><td>TZ-50<\/td><td>30-50<\/td><td>30-50<\/td><td>1.5<\/td><td>50<\/td><td>530*260*580<\/td><\/tr><tr><td>TZ-80<\/td><td>50-100<\/td><td>50-100<\/td><td>4<\/td><td>150<\/td><td>600*410*930<\/td><\/tr><tr><td>TZ-110<\/td><td>100-200<\/td><td>100-300<\/td><td>7.5<\/td><td>175<\/td><td>700*430*1000<\/td><\/tr><tr><td>TZ-130<\/td><td>100-200<\/td><td>300-500<\/td><td>11<\/td><td>285<\/td><td>990*440*1000<\/td><\/tr><tr><td>TZ-160<\/td><td>100-200<\/td><td>500-800<\/td><td>15<\/td><td>300<\/td><td>1000*460*1050<\/td><\/tr><tr><td>TZ-180<\/td><td>100-200<\/td><td>800-1000<\/td><td>18.5<\/td><td>375<\/td><td>1000*490*1100<\/td><\/tr><tr><td>TZ-210<\/td><td>100-200<\/td><td>1000-8000<\/td><td>30<\/td><td>700<\/td><td>1260*600*1230<\/td><\/tr><tr><td>TZ-240<\/td><td>100-200<\/td><td>2000-15000<\/td><td>45<\/td><td>920<\/td><td>1330*630*1280<\/td><\/tr><tr><td>TZ-300<\/td><td>60-200<\/td><td>6000-20000<\/td><td>75<\/td><td>1300<\/td><td>1440*680*1420<\/td><\/tr><\/tbody><\/table><figcaption class=\"wp-element-caption\">Video ho\u1ea1t \u0111\u1ed9ng c\u1ee7a m\u00e1y xay x\u01b0\u01a1ng g\u00e0<\/figcaption><\/figure>    <h2 class=\"wp-block-heading\">\u01afu \u0111i\u1ec3m c\u1ee7a m\u00e1y xay x\u01b0\u01a1ng g\u00e0 l\u00e0 g\u00ec?<\/h2>    <div class=\"wp-block-media-text is-stacked-on-mobile\"><figure class=\"wp-block-media-text__media\"><img loading=\"lazy\" decoding=\"async\" width=\"720\" height=\"540\" src=\"https:\/\/meat-machine.com\/wp-content\/uploads\/2023\/01\/Chicken-Bone-Grinder-details.webp\" alt=\"Chi ti\u1ebft m\u00e1y xay x\u01b0\u01a1ng g\u00e0\" class=\"wp-image-1106 size-full\" title=\"\" srcset=\"https:\/\/meat-machine.com\/wp-content\/uploads\/2023\/01\/Chicken-Bone-Grinder-details.webp 720w, https:\/\/meat-machine.com\/wp-content\/uploads\/2023\/01\/Chicken-Bone-Grinder-details-300x225.webp 300w, https:\/\/meat-machine.com\/wp-content\/uploads\/2023\/01\/Chicken-Bone-Grinder-details-16x12.webp 16w\" sizes=\"auto, (max-width: 720px) 100vw, 720px\" \/><\/figure><div class=\"wp-block-media-text__content\"> <ul class=\"wp-block-list\"> <li><strong>B\u1ec1n b\u1ec9 v\u00e0 An to\u00e0n<\/strong> \u2013 L\u00e0m b\u1eb1ng th\u00e9p kh\u00f4ng g\u1ec9 ch\u1ed1ng \u0103n m\u00f2n, kh\u00f4ng \u0111\u1ed9c, \u0111\u1ea3m b\u1ea3o tu\u1ed5i th\u1ecd l\u00e2u d\u00e0i v\u00e0 v\u1eadn h\u00e0nh v\u1ec7 sinh.<\/li>    <li><strong>Nghi\u1ec1n ch\u00ednh x\u00e1c<\/strong> \u2013 Stator v\u00e0 rotor \u0111\u01b0\u1ee3c gia c\u00f4ng t\u1ed1t, v\u1edbi khe h\u1edf \u0111i\u1ec1u ch\u1ec9nh b\u1eb1ng n\u00fam v\u1eb7n \u0111\u1ec3 \u0111\u1ea3m b\u1ea3o ch\u1ea5t l\u01b0\u1ee3ng s\u1ea3n ph\u1ea9m \u1ed5n \u0111\u1ecbnh.<\/li>    <li><strong>Kh\u1ea3 n\u0103ng th\u00edch \u1ee9ng r\u1ed9ng<\/strong> \u2013 H\u1ed7 tr\u1ee3 c\u00e1c lo\u1ea1i motor v\u00e0 \u0111i\u1ec1u ch\u1ec9nh t\u1ed1c \u0111\u1ed9 kh\u00e1c nhau \u0111\u1ec3 x\u1eed l\u00fd c\u00e1c v\u1eadt li\u1ec7u v\u00e0 y\u00eau c\u1ea7u x\u1eed l\u00fd kh\u00e1c nhau.<\/li> <\/ul> <\/div><\/div>    <div class=\"wp-block-media-text has-media-on-the-right is-stacked-on-mobile\"><div class=\"wp-block-media-text__content\"> <ul class=\"wp-block-list\"> <li><strong>\u1ee8ng d\u1ee5ng \u0111a d\u1ea1ng<\/strong> \u2013 Ph\u00f9 h\u1ee3p cho th\u1ef1c ph\u1ea9m, d\u01b0\u1ee3c ph\u1ea9m, h\u00f3a ch\u1ea5t, m\u1ef9 ph\u1ea9m v\u00e0 nh\u1ef1a c\u00f4ng nghi\u1ec7p nh\u1eb9.<\/li>    <li><strong>V\u1eadn h\u00e0nh d\u1ec5 d\u00e0ng v\u00e0 an to\u00e0n<\/strong> \u2013 Ch\u1ec9 thi\u1ebft k\u1ebf \u0111\u1ec3 x\u1eed l\u00fd \u01b0\u1edbt; c\u00f3 c\u00e1c bi\u1ec7n ph\u00e1p b\u1ea3o v\u1ec7 nh\u01b0 ki\u1ec3m tra t\u1ea1p ch\u1ea5t, k\u00edch th\u01b0\u1edbc v\u1eadt li\u1ec7u ph\u00f9 h\u1ee3p v\u00e0 \u0111i\u1ec1u khi\u1ec3n rotor \u0111\u1ec3 tr\u00e1nh h\u01b0 h\u1ecfng.<\/li> <\/ul> <\/div><figure class=\"wp-block-media-text__media\"><img loading=\"lazy\" decoding=\"async\" width=\"720\" height=\"540\" src=\"https:\/\/meat-machine.com\/wp-content\/uploads\/2023\/01\/bone-grinder-machine.webp\" alt=\"m\u00e1y m\u00e0i x\u01b0\u01a1ng\" class=\"wp-image-272 size-full\" title=\"\" srcset=\"https:\/\/meat-machine.com\/wp-content\/uploads\/2023\/01\/bone-grinder-machine.webp 720w, https:\/\/meat-machine.com\/wp-content\/uploads\/2023\/01\/bone-grinder-machine-300x225.webp 300w\" sizes=\"auto, (max-width: 720px) 100vw, 720px\" \/><\/figure><\/div>    <h2 class=\"wp-block-heading\">Ph\u1ea7n k\u1ebft lu\u1eadn<\/h2>    <p class=\"wp-block-paragraph\">L\u00e0 nh\u00e0 s\u1ea3n xu\u1ea5t m\u00e1y m\u00f3c th\u1ecbt chuy\u00ean nghi\u1ec7p, ch\u00fang t\u00f4i c\u00f3 kinh nghi\u1ec7m phong ph\u00fa trong s\u1ea3n xu\u1ea5t v\u00e0 xu\u1ea5t kh\u1ea9u, ph\u1ee5c v\u1ee5 kh\u00e1ch h\u00e0ng t\u1ea1i h\u01a1n 20 qu\u1ed1c gia.<\/p>    <p class=\"wp-block-paragraph translation-block\">Ngo\u00e0i m\u00e1y xay x\u01b0\u01a1ng g\u00e0, ch\u00fang t\u00f4i c\u00f2n cung c\u1ea5p nhi\u1ec1u <a href=\"https:\/\/meat-machine.com\/vi\/san-pham\/\" data-type=\"link\" data-id=\"https:\/\/meat-machine.com\/product\/\">m\u00e1y ch\u1ebf bi\u1ebfn th\u1ecbt<\/a> kh\u00e1c, t\u1ea5t c\u1ea3 \u0111\u1ec1u \u0111\u01b0\u1ee3c thi\u1ebft k\u1ebf \u0111\u1ec3 n\u00e2ng cao hi\u1ec7u qu\u1ea3 v\u00e0 ch\u1ea5t l\u01b0\u1ee3ng s\u1ea3n ph\u1ea9m. N\u1ebfu b\u1ea1n \u0111ang t\u00ecm ki\u1ebfm thi\u1ebft b\u1ecb \u0111\u00e1ng tin c\u1eady v\u00e0 ch\u1ea5t l\u01b0\u1ee3ng cao, ch\u00fang t\u00f4i s\u1eb5n s\u00e0ng cung c\u1ea5p h\u1ed7 tr\u1ee3 chuy\u00ean nghi\u1ec7p v\u00e0 gi\u1ea3i ph\u00e1p, v\u00e0 hoan ngh\u00eanh b\u1ea1n kh\u00e1m ph\u00e1 to\u00e0n b\u1ed9 d\u00f2ng s\u1ea3n ph\u1ea9m c\u1ee7a ch\u00fang t\u00f4i.<\/p>    <figure class=\"wp-block-image size-full\"><img loading=\"lazy\" decoding=\"async\" width=\"720\" height=\"540\" src=\"https:\/\/meat-machine.com\/wp-content\/uploads\/2023\/01\/Chicken-Bone-Grinder-factory.webp\" alt=\"Nh\u00e0 m\u00e1y s\u1ea3n xu\u1ea5t m\u00e1y xay x\u01b0\u01a1ng g\u00e0\" class=\"wp-image-1108\" title=\"\" srcset=\"https:\/\/meat-machine.com\/wp-content\/uploads\/2023\/01\/Chicken-Bone-Grinder-factory.webp 720w, https:\/\/meat-machine.com\/wp-content\/uploads\/2023\/01\/Chicken-Bone-Grinder-factory-300x225.webp 300w, https:\/\/meat-machine.com\/wp-content\/uploads\/2023\/01\/Chicken-Bone-Grinder-factory-16x12.webp 16w\" sizes=\"auto, (max-width: 720px) 100vw, 720px\" \/><figcaption class=\"wp-element-caption\">Nh\u00e0 m\u00e1y s\u1ea3n xu\u1ea5t m\u00e1y xay x\u01b0\u01a1ng g\u00e0<\/figcaption><\/figure>","protected":false},"excerpt":{"rendered":"<p>M\u00e1y xay x\u01b0\u01a1ng g\u00e0 d\u00f9ng \u0111\u1ec3 x\u1eed l\u00fd x\u01b0\u01a1ng gia c\u1ea7m v\u00e0 c\u00e1c lo\u1ea1i x\u01b0\u01a1ng \u0111\u1ed9ng v\u1eadt kh\u00e1c. <\/p>","protected":false},"author":1,"featured_media":279,"parent":0,"template":"","tags":[14],"product-type":[3],"class_list":["post-271","product","type-product","status-publish","has-post-thumbnail","hentry","tag-bone-grinding-machine","product-type-bone-grinder"],"_links":{"self":[{"href":"https:\/\/meat-machine.com\/vi\/wp-json\/wp\/v2\/product\/271","targetHints":{"allow":["GET"]}}],"collection":[{"href":"https:\/\/meat-machine.com\/vi\/wp-json\/wp\/v2\/product"}],"about":[{"href":"https:\/\/meat-machine.com\/vi\/wp-json\/wp\/v2\/types\/product"}],"author":[{"embeddable":true,"href":"https:\/\/meat-machine.com\/vi\/wp-json\/wp\/v2\/users\/1"}],"wp:featuredmedia":[{"embeddable":true,"href":"https:\/\/meat-machine.com\/vi\/wp-json\/wp\/v2\/media\/279"}],"wp:attachment":[{"href":"https:\/\/meat-machine.com\/vi\/wp-json\/wp\/v2\/media?parent=271"}],"wp:term":[{"taxonomy":"post_tag","embeddable":true,"href":"https:\/\/meat-machine.com\/vi\/wp-json\/wp\/v2\/tags?post=271"},{"taxonomy":"product-type","embeddable":true,"href":"https:\/\/meat-machine.com\/vi\/wp-json\/wp\/v2\/product-type?post=271"}],"curies":[{"name":"wp","href":"https:\/\/api.w.org\/{rel}","templated":true}]}}