{"id":254,"date":"2022-12-14T14:34:09","date_gmt":"2022-12-14T06:34:09","guid":{"rendered":"https:\/\/meat-machine.com\/?post_type=product&#038;p=254"},"modified":"2025-07-14T17:42:04","modified_gmt":"2025-07-14T09:42:04","slug":"may-cat-ca-da-chuc-nang","status":"publish","type":"product","link":"https:\/\/meat-machine.com\/vi\/product\/multifunctional-fish-cutting-machine\/","title":{"rendered":"M\u00e1y c\u1eaft c\u00e1 \u0111a ch\u1ee9c n\u0103ng"},"content":{"rendered":"<div class=\"kk-star-ratings kksr-auto kksr-align-left kksr-valign-top\"     data-payload='{&quot;align&quot;:&quot;left&quot;,&quot;id&quot;:&quot;254&quot;,&quot;slug&quot;:&quot;default&quot;,&quot;valign&quot;:&quot;top&quot;,&quot;ignore&quot;:&quot;&quot;,&quot;reference&quot;:&quot;auto&quot;,&quot;class&quot;:&quot;&quot;,&quot;count&quot;:&quot;19&quot;,&quot;legendonly&quot;:&quot;&quot;,&quot;readonly&quot;:&quot;&quot;,&quot;score&quot;:&quot;4.8&quot;,&quot;starsonly&quot;:&quot;&quot;,&quot;best&quot;:&quot;5&quot;,&quot;gap&quot;:&quot;5&quot;,&quot;greet&quot;:&quot;Rate this product&quot;,&quot;legend&quot;:&quot;4.8\\\/5 - (19 b\u00ecnh ch\u1ecdn)&quot;,&quot;size&quot;:&quot;24&quot;,&quot;title&quot;:&quot;Multifunctional Fish Cutting Machine&quot;,&quot;width&quot;:&quot;136.7&quot;,&quot;_legend&quot;:&quot;{score}\\\/{best} - ({count} {votes})&quot;,&quot;font_factor&quot;:&quot;1.25&quot;}'>              <div class=\"kksr-stars\">      <div class=\"kksr-stars-inactive\">             <div class=\"kksr-star\" data-star=\"1\" style=\"padding-right: 5px\">               <div class=\"kksr-icon\" style=\"width: 24px; height: 24px;\"><\/div>         <\/div>             <div class=\"kksr-star\" data-star=\"2\" style=\"padding-right: 5px\">               <div class=\"kksr-icon\" style=\"width: 24px; height: 24px;\"><\/div>         <\/div>             <div class=\"kksr-star\" data-star=\"3\" style=\"padding-right: 5px\">               <div class=\"kksr-icon\" style=\"width: 24px; height: 24px;\"><\/div>         <\/div>             <div class=\"kksr-star\" data-star=\"4\" style=\"padding-right: 5px\">               <div class=\"kksr-icon\" style=\"width: 24px; height: 24px;\"><\/div>         <\/div>             <div class=\"kksr-star\" data-star=\"5\" style=\"padding-right: 5px\">               <div class=\"kksr-icon\" style=\"width: 24px; height: 24px;\"><\/div>         <\/div>     <\/div>      <div class=\"kksr-stars-active\" style=\"width: 136.7px;\">             <div class=\"kksr-star\" style=\"padding-right: 5px\">               <div class=\"kksr-icon\" style=\"width: 24px; height: 24px;\"><\/div>         <\/div>             <div class=\"kksr-star\" style=\"padding-right: 5px\">               <div class=\"kksr-icon\" style=\"width: 24px; height: 24px;\"><\/div>         <\/div>             <div class=\"kksr-star\" style=\"padding-right: 5px\">               <div class=\"kksr-icon\" style=\"width: 24px; height: 24px;\"><\/div>         <\/div>             <div class=\"kksr-star\" style=\"padding-right: 5px\">               <div class=\"kksr-icon\" style=\"width: 24px; height: 24px;\"><\/div>         <\/div>             <div class=\"kksr-star\" style=\"padding-right: 5px\">               <div class=\"kksr-icon\" style=\"width: 24px; height: 24px;\"><\/div>         <\/div>     <\/div> <\/div>                   <div class=\"kksr-legend\" style=\"font-size: 19.2px;\">             4.8\/5 - (19 l\u01b0\u1ee3t b\u00ecnh ch\u1ecdn)    <\/div>     <\/div>  <p class=\"wp-block-paragraph translation-block\">M\u00e1y <strong>c\u1eaft c\u00e1<\/strong> c\u00f3 th\u1ec3 <strong>c\u1eaft l\u00e1t v\u00e0 ph\u00e2n \u0111o\u1ea1n ch\u00ednh x\u00e1c c\u00e1c lo\u1ea1i c\u00e1 kh\u00e1c nhau<\/strong>. N\u00f3 cung c\u1ea5p <strong>c\u00e1c \u0111\u01b0\u1eddng c\u1eaft \u0111\u1ed3ng \u0111\u1ec1u v\u00e0 s\u1ea1ch s\u1ebd<\/strong> v\u1edbi c\u00e1c c\u00e0i \u0111\u1eb7t \u0111\u1ed9 d\u00e0y c\u00f3 th\u1ec3 \u0111i\u1ec1u ch\u1ec9nh, l\u00e0m cho n\u00f3 tr\u1edf th\u00e0nh gi\u1ea3i ph\u00e1p ho\u00e0n h\u1ea3o cho vi\u1ec7c s\u1eed d\u1ee5ng trong <strong>c\u00e1c ch\u1ee3 h\u1ea3i s\u1ea3n, b\u1ebfp th\u01b0\u01a1ng m\u1ea1i v\u00e0 c\u00e1c c\u01a1 s\u1edf ch\u1ebf bi\u1ebfn c\u00e1<\/strong>.<\/p>    <p class=\"wp-block-paragraph translation-block\">C\u00f3 s\u1eb5n trong hai m\u1eabu, <strong>TZ-400<\/strong> v\u00e0 <strong>TZ-600<\/strong>, m\u00e1y c\u00f3 kh\u1ea3 n\u0103ng x\u1eed l\u00fd <strong>200\u2013400 kg\/h<\/strong> v\u00e0 <strong>400\u2013600 kg\/h<\/strong> t\u01b0\u01a1ng \u1ee9ng. N\u00f3 c\u00f3 l\u01b0\u1ee1i dao b\u1eb1ng th\u00e9p kh\u00f4ng g\u1ec9 s\u1eafc b\u00e9n, hi\u1ec7u su\u1ea5t \u1ed5n \u0111\u1ecbnh v\u00e0 thi\u1ebft k\u1ebf d\u1ec5 v\u1ec7 sinh. <\/p>    <p class=\"wp-block-paragraph\">M\u00e1y c\u1eaft c\u00e1 n\u00e0y l\u00e0 m\u1ed9t gi\u1ea3i ph\u00e1p \u0111\u00e1ng tin c\u1eady \u0111\u1ec3 n\u00e2ng cao t\u1ed1c \u0111\u1ed9 ch\u1ebf bi\u1ebfn, \u0111\u1ea3m b\u1ea3o t\u00ednh \u0111\u1ed3ng nh\u1ea5t c\u1ee7a s\u1ea3n ph\u1ea9m v\u00e0 gi\u1ea3m chi ph\u00ed lao \u0111\u1ed9ng trong m\u00f4i tr\u01b0\u1eddng ch\u1ebf bi\u1ebfn c\u00e1 hi\u1ec7n \u0111\u1ea1i.<\/p>    <figure class=\"wp-block-embed is-type-video is-provider-youtube wp-block-embed-youtube wp-embed-aspect-4-3 wp-has-aspect-ratio\"><div class=\"wp-block-embed__wrapper\"> <iframe loading=\"lazy\" title=\"M\u00e1y c\u1eaft th\u1ecbt th\u01b0\u01a1ng m\u1ea1i \u0111ang ho\u1ea1t \u0111\u1ed9ng | C\u1eaft l\u00e1t \u0111\u1ed3ng \u0111\u1ec1u m\u1ed7i l\u1ea7n #th\u1ecbt #m\u00e1yc\u1eaft #ch\u1ebfbi\u1ebfnth\u1ef1cph\u1ea9m #c\u00e1\" width=\"500\" height=\"375\" src=\"https:\/\/www.youtube.com\/embed\/MzMWaI8GUvk?feature=oembed\" frameborder=\"0\" allow=\"accelerometer; autoplay; clipboard-write; encrypted-media; gyroscope; picture-in-picture; web-share\" referrerpolicy=\"strict-origin-when-cross-origin\" allowfullscreen><\/iframe> <\/div><figcaption class=\"wp-element-caption\">Video l\u00e0m vi\u1ec7c c\u1ee7a m\u00e1y c\u1eaft c\u00e1<\/figcaption><\/figure>    <h2 class=\"wp-block-heading\">C\u1ea5u tr\u00fac m\u00e1y c\u1eaft c\u00e1<\/h2>    <p class=\"wp-block-paragraph translation-block\">M\u00e1y c\u1eaft c\u00e1 ch\u1ee7 y\u1ebfu bao g\u1ed3m m\u1ed9t <strong>khung ch\u00ednh<\/strong>, <strong>motor \u0111i\u1ec7n<\/strong>, <strong>b\u0103ng t\u1ea3i<\/strong>, v\u00e0 <strong>l\u01b0\u1ee1i c\u1eaft<\/strong>. <\/p>    <p class=\"wp-block-paragraph translation-block\">L\u01b0\u1ee1i c\u1eaft \u0111\u01b0\u1ee3c l\u00e0m b\u1eb1ng <strong>th\u00e9p h\u1ee3p kim c\u00f3 \u0111\u1ed9 b\u1ec1n cao<\/strong>, n\u1ed5i ti\u1ebfng v\u1edbi <strong>\u0111\u1ed9 an to\u00e0n, \u0111\u1ed9 b\u1ec1n, v\u00e0 kh\u1ea3 n\u0103ng ch\u1ed1ng m\u00e0i m\u00f2n tuy\u1ec7t v\u1eddi<\/strong>. V\u1eadt li\u1ec7u n\u00e0y \u0111\u1ea3m b\u1ea3o l\u01b0\u1ee1i c\u1eaft lu\u00f4n s\u1eafc b\u00e9n v\u00e0 <strong>kh\u00f4ng g\u1ec9 ngay c\u1ea3 sau th\u1eddi gian s\u1eed d\u1ee5ng l\u00e2u d\u00e0i<\/strong>. <\/p>    <p class=\"wp-block-paragraph translation-block\">Ngo\u00e0i ra, m\u00e1y h\u1ed7 tr\u1ee3 <strong>hai lo\u1ea1i b\u0103ng t\u1ea3i<\/strong>, cho ph\u00e9p ng\u01b0\u1eddi d\u00f9ng ch\u1ecdn c\u1ea5u h\u00ecnh t\u1ed1t nh\u1ea5t cho nhu c\u1ea7u ch\u1ebf bi\u1ebfn c\u1ee7a h\u1ecd.<\/p>   <div class=\"wp-block-image\"> <figure class=\"aligncenter size-full\"><img loading=\"lazy\" decoding=\"async\" width=\"720\" height=\"540\" src=\"https:\/\/meat-machine.com\/wp-content\/uploads\/2022\/12\/automatic-fish-cutting-machine-1.webp\" alt=\"m\u00e1y c\u1eaft c\u00e1 t\u1ef1 \u0111\u1ed9ng\" class=\"wp-image-358\" title=\"\" srcset=\"https:\/\/meat-machine.com\/wp-content\/uploads\/2022\/12\/automatic-fish-cutting-machine-1.webp 720w, https:\/\/meat-machine.com\/wp-content\/uploads\/2022\/12\/automatic-fish-cutting-machine-1-300x225.webp 300w\" sizes=\"auto, (max-width: 720px) 100vw, 720px\" \/><figcaption class=\"wp-element-caption\">m\u00e1y c\u1eaft c\u00e1 t\u1ef1 \u0111\u1ed9ng<\/figcaption><\/figure> <\/div>   <h2 class=\"wp-block-heading\">M\u00e1y c\u1eaft c\u00e1 t\u1ef1 \u0111\u1ed9ng ho\u1ea1t \u0111\u1ed9ng nh\u01b0 th\u1ebf n\u00e0o?<\/h2>    <p class=\"wp-block-paragraph\">M\u00e1y c\u1eaft c\u00e1 t\u1ef1 \u0111\u1ed9ng ho\u1ea1t \u0111\u1ed9ng b\u1eb1ng c\u00e1ch s\u1eed d\u1ee5ng l\u01b0\u1ee1i dao quay t\u1ed1c \u0111\u1ed9 cao \u0111\u01b0\u1ee3c l\u1eafp \u0111\u1eb7t b\u00ean trong th\u00e2n m\u00e1y. Khi c\u00e1 \u0111\u01b0\u1ee3c cho v\u00e0o c\u1eeda n\u1ea1p, l\u01b0\u1ee1i dao nhanh ch\u00f3ng c\u1eaft ch\u00fang th\u00e0nh nh\u1eefng mi\u1ebfng \u0111\u1ed3ng \u0111\u1ec1u v\u1edbi c\u00e1c c\u1ea1nh s\u1ea1ch v\u00e0 \u00edt d\u01b0 th\u1eeba. <\/p>    <p class=\"wp-block-paragraph\">M\u00e1y \u0111\u1ea3m b\u1ea3o c\u1eaft ch\u00ednh x\u00e1c v\u00e0 \u0111\u1ed3ng nh\u1ea5t, c\u1ea3i thi\u1ec7n \u0111\u00e1ng k\u1ec3 t\u1ed1c \u0111\u1ed9 x\u1eed l\u00fd v\u00e0 gi\u1ea3m lao \u0111\u1ed9ng th\u1ee7 c\u00f4ng. Khi qu\u00e1 tr\u00ecnh c\u1eaft ho\u00e0n t\u1ea5t, c\u00e1c mi\u1ebfng c\u00e1 \u0111\u00e3 \u0111\u01b0\u1ee3c x\u1eed l\u00fd s\u1ebd \u0111\u01b0\u1ee3c th\u1ea3i ra qua l\u1ed1i ra. <\/p>    <p class=\"wp-block-paragraph translation-block\">Nguy\u00ean l\u00fd ho\u1ea1t \u0111\u1ed9ng t\u01b0\u01a1ng t\u1ef1 nh\u01b0 c\u1ee7a m\u1ed9t <a href=\"https:\/\/meat-machine.com\/vi\/san-pham\/may-cat-ga-tu-dong\/\" data-type=\"link\" data-id=\"https:\/\/meat-machine.com\/product\/automatic-chicken-cutting-machine\/\">m\u00e1y c\u1eaft g\u00e0 t\u1ef1 \u0111\u1ed9ng<\/a>, d\u1ef1a v\u00e0o chuy\u1ec3n \u0111\u1ed9ng li\u00ean t\u1ee5c c\u1ee7a l\u01b0\u1ee1i v\u00e0 d\u00f2ng ch\u1ea3y v\u1eadt li\u1ec7u \u0111\u01b0\u1ee3c h\u01b0\u1edbng d\u1eabn \u0111\u1ec3 \u0111\u1ea1t \u0111\u01b0\u1ee3c k\u1ebft qu\u1ea3 c\u1eaft hi\u1ec7u qu\u1ea3 v\u00e0 v\u1ec7 sinh.<\/p>    <figure class=\"wp-block-image\"><img loading=\"lazy\" decoding=\"async\" width=\"720\" height=\"540\" src=\"https:\/\/meat-machine.com\/wp-content\/uploads\/2022\/12\/cutter-of-the-machine.webp\" alt=\"m\u00e1y c\u1eaft c\u1ee7a m\u00e1y\" class=\"wp-image-354\" title=\"\" srcset=\"https:\/\/meat-machine.com\/wp-content\/uploads\/2022\/12\/cutter-of-the-machine.webp 720w, https:\/\/meat-machine.com\/wp-content\/uploads\/2022\/12\/cutter-of-the-machine-300x225.webp 300w\" sizes=\"auto, (max-width: 720px) 100vw, 720px\" \/><figcaption class=\"wp-element-caption\">L\u01b0\u1ee1i c\u1eaft c\u1ee7a m\u00e1y<\/figcaption><\/figure>    <h2 class=\"wp-block-heading\"> Th\u00f4ng s\u1ed1 k\u1ef9 thu\u1eadt m\u00e1y c\u1eaft th\u1ecbt c\u00e1<\/h2>    <figure class=\"wp-block-table\"><table><tbody><tr><td>Ng\u01b0\u1eddi m\u1eabu<\/td><td>TZ-400<\/td><td>TZ-600<\/td><\/tr><tr><td>Dung t\u00edch<\/td><td>200-400kg\/gi\u1edd<\/td><td>400-600kg\/gi\u1edd<\/td><\/tr><tr><td>K\u00edch th\u01b0\u1edbc<\/td><td>520*350*800mm<\/td><td>710*660*1010mm<\/td><\/tr><tr><td>Quy\u1ec1n l\u1ef1c<\/td><td>1,5kw<\/td><td>2,2kw<\/td><\/tr><tr><td>C\u00e2n n\u1eb7ng<\/td><td>70kg<\/td><td>100kg<\/td><\/tr><tr><td>\u0110i\u1ec7n \u00e1p<\/td><td>220v<\/td><td>380v<\/td><\/tr><\/tbody><\/table><figcaption class=\"wp-element-caption\">Th\u00f4ng s\u1ed1 k\u1ef9 thu\u1eadt c\u1ee7a m\u00e1y c\u1eaft c\u00e1<\/figcaption><\/figure>    <p class=\"wp-block-paragraph\">Hi\u1ec7n t\u1ea1i, nh\u00e0 m\u00e1y c\u1ee7a ch\u00fang t\u00f4i c\u00f3 hai thi\u1ebft b\u1ecb c\u1eaft c\u00e1 ph\u1ed5 bi\u1ebfn \u0111\u01b0\u1ee3c b\u00e1n. C\u00f4ng su\u1ea5t 200-400 kg\/h v\u00e0 400-600 kg\/h. C\u00f4ng su\u1ea5t l\u1ea7n l\u01b0\u1ee3t l\u00e0 1,5kw v\u00e0 2,2kw. N\u1ebfu b\u1ea1n c\u1ea7n m\u00e1y c\u1eaft c\u00e1 v\u00e0 th\u1ecbt n\u00e0y, vui l\u00f2ng li\u00ean h\u1ec7 v\u1edbi ch\u00fang t\u00f4i.<\/p>   <div class=\"wp-block-image\"> <figure class=\"aligncenter size-full\"><img loading=\"lazy\" decoding=\"async\" width=\"720\" height=\"540\" src=\"https:\/\/meat-machine.com\/wp-content\/uploads\/2022\/12\/commercial-fish-cutter.webp\" alt=\"m\u00e1y c\u1eaft c\u00e1 th\u01b0\u01a1ng m\u1ea1i\" class=\"wp-image-353\" title=\"\" srcset=\"https:\/\/meat-machine.com\/wp-content\/uploads\/2022\/12\/commercial-fish-cutter.webp 720w, https:\/\/meat-machine.com\/wp-content\/uploads\/2022\/12\/commercial-fish-cutter-300x225.webp 300w\" sizes=\"auto, (max-width: 720px) 100vw, 720px\" \/><figcaption class=\"wp-element-caption\">m\u00e1y c\u1eaft c\u00e1 th\u01b0\u01a1ng m\u1ea1i<\/figcaption><\/figure> <\/div>   <h2 class=\"wp-block-heading\">\u01afu \u0111i\u1ec3m c\u1ee7a m\u00e1y c\u1eaft c\u00e1 t\u1ef1 \u0111\u1ed9ng Taizy<\/h2>    <div class=\"wp-block-media-text is-stacked-on-mobile\"><figure class=\"wp-block-media-text__media\"><img loading=\"lazy\" decoding=\"async\" width=\"720\" height=\"540\" src=\"https:\/\/meat-machine.com\/wp-content\/uploads\/2022\/12\/fish-cutting-equipment-for-sale-1.webp\" alt=\"b\u00e1n thi\u1ebft b\u1ecb c\u1eaft c\u00e1-1\" class=\"wp-image-359 size-full\" title=\"\" srcset=\"https:\/\/meat-machine.com\/wp-content\/uploads\/2022\/12\/fish-cutting-equipment-for-sale-1.webp 720w, https:\/\/meat-machine.com\/wp-content\/uploads\/2022\/12\/fish-cutting-equipment-for-sale-1-300x225.webp 300w\" sizes=\"auto, (max-width: 720px) 100vw, 720px\" \/><\/figure><div class=\"wp-block-media-text__content\"> <ul class=\"wp-block-list\"> <li>C\u1eaft c\u00e1 th\u00e0nh l\u00e1t, phi l\u00ea ho\u1eb7c d\u1ea3i v\u1edbi \u0111\u1ed9 ch\u00ednh x\u00e1c cao.<\/li>    <li>\u0110\u01b0\u1ee3c l\u00e0m t\u1eeb th\u00e9p kh\u00f4ng g\u1ec9 304 ch\u1ea5t l\u01b0\u1ee3ng cao, b\u1ec1n b\u1ec9 v\u00e0 ch\u1ed1ng m\u00e0i m\u00f2n.<\/li>    <li>C\u1ea5u tr\u00fac \u0111\u01a1n gi\u1ea3n v\u00e0 d\u1ec5 v\u1eadn h\u00e0nh, ph\u00f9 h\u1ee3p cho t\u1ea5t c\u1ea3 ng\u01b0\u1eddi d\u00f9ng.<\/li>    <li>Ti\u1ebfng \u1ed3n v\u1eadn h\u00e0nh th\u1ea5p, t\u1ea1o ra m\u00f4i tr\u01b0\u1eddng l\u00e0m vi\u1ec7c y\u00ean t\u0129nh h\u01a1n.<\/li>    <li>C\u00f3 kh\u1ea3 n\u0103ng c\u1eaft nhi\u1ec1u lo\u1ea1i c\u00e1, bao g\u1ed3m c\u00e1 kh\u00f4, c\u00e1 t\u01b0\u01a1i v\u00e0 c\u00e1 h\u01a1i \u0111\u00f4ng l\u1ea1nh.<\/li>    <li>T\u1ea1o ra nh\u1eefng \u0111\u01b0\u1eddng c\u1eaft m\u1ecbn m\u00e0 kh\u00f4ng c\u00f3 v\u1ee5n, \u0111\u1ea3m b\u1ea3o k\u1ebft qu\u1ea3 ch\u1ebf bi\u1ebfn s\u1ea1ch s\u1ebd.<\/li>    <li>\u0110a n\u0103ng cho vi\u1ec7c s\u1eed d\u1ee5ng trong c\u00e1c nh\u00e0 m\u00e1y ch\u1ebf bi\u1ebfn h\u1ea3i s\u1ea3n, nh\u00e0 h\u00e0ng v\u00e0 nh\u00e0 m\u00e1y ch\u1ebf bi\u1ebfn th\u1ef1c ph\u1ea9m.<\/li> <\/ul> <\/div><\/div>    <h2 class=\"wp-block-heading\">Nguy\u00ean li\u1ec7u th\u00f4 n\u00e0o ph\u00f9 h\u1ee3p cho m\u00e1y c\u1eaft c\u00e1?<\/h2>    <div class=\"wp-block-media-text has-media-on-the-right is-stacked-on-mobile\"><div class=\"wp-block-media-text__content\"> <ul class=\"wp-block-list\"> <li><strong>Nhi\u1ec1u lo\u1ea1i c\u00e1<\/strong>: Ph\u00f9 h\u1ee3p \u0111\u1ec3 c\u1eaft c\u00e1 ch\u00e9p, c\u00e1 h\u1ed3i, c\u00e1 tuy\u1ebft, m\u1ef1c, <a href=\"https:\/\/en.wikipedia.org\/wiki\/Catfish\" data-type=\"link\" data-id=\"https:\/\/en.wikipedia.org\/wiki\/Catfish\" target=\"_blank\" rel=\"noopener\">c\u00e1 da tr\u01a1n<\/a>, c\u00e1 tr\u1eafng, v\u00e0 nhi\u1ec1u h\u01a1n n\u1eefa.<\/li>    <li><strong>C\u00e1c tr\u1ea1ng th\u00e1i c\u00e1 kh\u00e1c nhau<\/strong>: C\u00f3 th\u1ec3 ch\u1ebf bi\u1ebfn c\u00e1 t\u01b0\u01a1i, c\u00e1 kh\u00f4 v\u00e0 c\u00e1 h\u01a1i \u0111\u00f4ng l\u1ea1nh m\u1ed9t c\u00e1ch hi\u1ec7u qu\u1ea3.<\/li>    <li><strong>Nhi\u1ec1u lo\u1ea1i th\u1ecbt kh\u00e1c nhau<\/strong>: C\u0169ng c\u00f3 th\u1ec3 \u00e1p d\u1ee5ng \u0111\u1ec3 c\u1eaft th\u1ecbt heo, th\u1ecbt b\u00f2, th\u1ecbt c\u1eebu v\u00e0 c\u00e1c lo\u1ea1i th\u1ecbt t\u01b0\u01a1ng t\u1ef1.<\/li> <\/ul> <\/div><figure class=\"wp-block-media-text__media\"><img loading=\"lazy\" decoding=\"async\" width=\"720\" height=\"540\" src=\"https:\/\/meat-machine.com\/wp-content\/uploads\/2022\/12\/fish-cubes.webp\" alt=\"kh\u1ed1i c\u00e1\" class=\"wp-image-355 size-full\" title=\"\" srcset=\"https:\/\/meat-machine.com\/wp-content\/uploads\/2022\/12\/fish-cubes.webp 720w, https:\/\/meat-machine.com\/wp-content\/uploads\/2022\/12\/fish-cubes-300x225.webp 300w\" sizes=\"auto, (max-width: 720px) 100vw, 720px\" \/><\/figure><\/div>    <h2 class=\"wp-block-heading\">C\u00e2u h\u1ecfi th\u01b0\u1eddng g\u1eb7p v\u1ec1 m\u00e1y c\u1eaft c\u00e1<\/h2>   <div id=\"rank-math-faq\" class=\"rank-math-block\"> <div class=\"rank-math-list\"> <div id=\"faq-question-1752481432320\" class=\"rank-math-list-item\"> <h3 class=\"rank-math-question\">C\u00f3 nh\u1eefng lo\u1ea1i c\u1ea5u tr\u00fac m\u00e1y c\u1eaft c\u00e1 n\u00e0o c\u00f3 s\u1eb5n?<\/h3> <div class=\"rank-math-answer\">  <p class=\"translation-block\">Ch\u00fang t\u00f4i cung c\u1ea5p <strong>hai lo\u1ea1i<\/strong>: <strong>lo\u1ea1i b\u0103ng t\u1ea3i<\/strong> v\u00e0 <strong>lo\u1ea1i t\u1ea5m x\u00edch<\/strong>, ph\u00f9 h\u1ee3p v\u1edbi c\u00e1c nhu c\u1ea7u ch\u1ebf bi\u1ebfn kh\u00e1c nhau.<\/p>  <\/div> <\/div> <div id=\"faq-question-1752481448643\" class=\"rank-math-list-item\"> <h3 class=\"rank-math-question\">L\u01b0\u1ee1i dao \u0111\u01b0\u1ee3c l\u00e0m b\u1eb1ng v\u1eadt li\u1ec7u g\u00ec?<\/h3> <div class=\"rank-math-answer\">  <p class=\"translation-block\">L\u01b0\u1ee1i c\u1eaft \u0111\u01b0\u1ee3c l\u00e0m b\u1eb1ng <strong>th\u00e9p mangan cao<\/strong>, n\u1ed5i ti\u1ebfng v\u1edbi \u0111\u1ed9 b\u1ec1n v\u00e0 kh\u1ea3 n\u0103ng ch\u1ed1ng m\u00e0i m\u00f2n.<\/p>  <\/div> <\/div> <div id=\"faq-question-1752481477500\" class=\"rank-math-list-item\"> <h3 class=\"rank-math-question\">Chi\u1ec1u r\u1ed9ng c\u1ee7a b\u0103ng t\u1ea3i l\u00e0 bao nhi\u00eau?<\/h3> <div class=\"rank-math-answer\">  <p class=\"translation-block\">B\u0103ng t\u1ea3i c\u00f3 chi\u1ec1u r\u1ed9ng kho\u1ea3ng <strong>30 cm<\/strong>.<\/p>  <\/div> <\/div> <div id=\"faq-question-1752481497771\" class=\"rank-math-list-item\"> <h3 class=\"rank-math-question\">\u0110\u1ed9 d\u00e0y c\u1ee7a b\u0103ng t\u1ea3i l\u00e0 bao nhi\u00eau?<\/h3> <div class=\"rank-math-answer\">  <p class=\"translation-block\">\u0110\u1ed9 d\u00e0y kho\u1ea3ng <strong>2 cm<\/strong>, \u0111\u01b0\u1ee3c thi\u1ebft k\u1ebf \u0111\u1ec3 b\u1ec1n v\u00e0 l\u00e2u d\u00e0i.<\/p>  <\/div> <\/div> <div id=\"faq-question-1752481510466\" class=\"rank-math-list-item\"> <h3 class=\"rank-math-question\">K\u00edch th\u01b0\u1edbc c\u1eaft c\u00f3 th\u1ec3 \u0111i\u1ec1u ch\u1ec9nh \u0111\u01b0\u1ee3c kh\u00f4ng?<\/h3> <div class=\"rank-math-answer\">  <p class=\"translation-block\">C\u00f3, <strong>\u0111\u1ed9 d\u00e0i c\u1eaft c\u00f3 th\u1ec3 \u0111i\u1ec1u ch\u1ec9nh<\/strong> (gi\u1eefa <strong>20\u201350 mm<\/strong>), nh\u01b0ng <strong>\u0111\u1ed9 r\u1ed9ng c\u1eaft l\u00e0 c\u1ed1 \u0111\u1ecbnh<\/strong>.<\/p>  <\/div> <\/div> <\/div> <\/div>   <figure class=\"wp-block-image size-full\"><img loading=\"lazy\" decoding=\"async\" width=\"720\" height=\"540\" src=\"https:\/\/meat-machine.com\/wp-content\/uploads\/2023\/10\/cutted-fish.webp\" alt=\"c\u00e1 c\u1eaft\" class=\"wp-image-477\" title=\"\" srcset=\"https:\/\/meat-machine.com\/wp-content\/uploads\/2023\/10\/cutted-fish.webp 720w, https:\/\/meat-machine.com\/wp-content\/uploads\/2023\/10\/cutted-fish-300x225.webp 300w\" sizes=\"auto, (max-width: 720px) 100vw, 720px\" \/><figcaption class=\"wp-element-caption\">C\u00e1 c\u1eaft kh\u00fac<\/figcaption><\/figure>    <h2 class=\"wp-block-heading\">Ph\u1ea7n k\u1ebft lu\u1eadn<\/h2>    <p class=\"wp-block-paragraph\">V\u1edbi hi\u1ec7u su\u1ea5t cao, kh\u1ea3 n\u0103ng c\u1eaft ch\u00ednh x\u00e1c v\u00e0 thi\u1ebft k\u1ebf th\u00e2n thi\u1ec7n v\u1edbi ng\u01b0\u1eddi d\u00f9ng, m\u00e1y c\u1eaft c\u00e1 l\u00e0 m\u1ed9t c\u00f4ng c\u1ee5 thi\u1ebft y\u1ebfu cho ch\u1ebf bi\u1ebfn h\u1ea3i s\u1ea3n hi\u1ec7n \u0111\u1ea1i. <\/p>    <p class=\"wp-block-paragraph\">D\u00f9 b\u1ea1n \u0111i\u1ec1u h\u00e0nh m\u1ed9t ch\u1ee3 c\u00e1, m\u1ed9t nh\u00e0 h\u00e0ng hay m\u1ed9t nh\u00e0 m\u00e1y ch\u1ebf bi\u1ebfn quy m\u00f4 l\u1edbn, m\u00e1y n\u00e0y c\u00f3 th\u1ec3 c\u1ea3i thi\u1ec7n \u0111\u00e1ng k\u1ec3 n\u0103ng su\u1ea5t v\u00e0 \u0111\u1ea3m b\u1ea3o ch\u1ea5t l\u01b0\u1ee3ng c\u1eaft \u0111\u1ed3ng nh\u1ea5t. <\/p>    <p class=\"wp-block-paragraph translation-block\">N\u1ebfu b\u1ea1n \u0111ang t\u00ecm ki\u1ebfm \u0111\u1ec3 n\u00e2ng c\u1ea5p c\u00e1c ho\u1ea1t \u0111\u1ed9ng ch\u1ebf bi\u1ebfn c\u00e1 c\u1ee7a m\u00ecnh, m\u00e1y n\u00e0y l\u00e0 m\u1ed9t l\u1ef1a ch\u1ecdn \u0111\u00e1ng tin c\u1eady v\u00e0 hi\u1ec7u qu\u1ea3 v\u1ec1 chi ph\u00ed. <strong>Li\u00ean h\u1ec7 v\u1edbi ch\u00fang t\u00f4i h\u00f4m nay \u0111\u1ec3 bi\u1ebft th\u00eam chi ti\u1ebft ho\u1eb7c gi\u1ea3i ph\u00e1p t\u00f9y ch\u1ec9nh.<\/strong><\/p>","protected":false},"excerpt":{"rendered":"<p>M\u00e1y c\u1eaft c\u00e1 c\u00f3 th\u1ec3 c\u1eaft v\u00e0 ph\u00e2n \u0111o\u1ea1n ch\u00ednh x\u00e1c c\u00e1c lo\u1ea1i c\u00e1 kh\u00e1c nhau.<\/p>","protected":false},"author":1,"featured_media":360,"parent":0,"template":"","tags":[24],"product-type":[2],"class_list":["post-254","product","type-product","status-publish","has-post-thumbnail","hentry","tag-fish-cutting-machine","product-type-meat-cutting-machine"],"_links":{"self":[{"href":"https:\/\/meat-machine.com\/vi\/wp-json\/wp\/v2\/product\/254","targetHints":{"allow":["GET"]}}],"collection":[{"href":"https:\/\/meat-machine.com\/vi\/wp-json\/wp\/v2\/product"}],"about":[{"href":"https:\/\/meat-machine.com\/vi\/wp-json\/wp\/v2\/types\/product"}],"author":[{"embeddable":true,"href":"https:\/\/meat-machine.com\/vi\/wp-json\/wp\/v2\/users\/1"}],"wp:featuredmedia":[{"embeddable":true,"href":"https:\/\/meat-machine.com\/vi\/wp-json\/wp\/v2\/media\/360"}],"wp:attachment":[{"href":"https:\/\/meat-machine.com\/vi\/wp-json\/wp\/v2\/media?parent=254"}],"wp:term":[{"taxonomy":"post_tag","embeddable":true,"href":"https:\/\/meat-machine.com\/vi\/wp-json\/wp\/v2\/tags?post=254"},{"taxonomy":"product-type","embeddable":true,"href":"https:\/\/meat-machine.com\/vi\/wp-json\/wp\/v2\/product-type?post=254"}],"curies":[{"name":"wp","href":"https:\/\/api.w.org\/{rel}","templated":true}]}}