{"id":241,"date":"2022-12-08T15:24:09","date_gmt":"2022-12-08T07:24:09","guid":{"rendered":"https:\/\/meat-machine.com\/?post_type=product&#038;p=241"},"modified":"2023-02-07T15:13:05","modified_gmt":"2023-02-07T07:13:05","slug":"may-tay-can-ca-tu-dong","status":"publish","type":"product","link":"https:\/\/meat-machine.com\/vi\/product\/automatic-fish-descaling-machine\/","title":{"rendered":"M\u00e1y t\u1ea9y c\u1eb7n c\u00e1 t\u1ef1 \u0111\u1ed9ng"},"content":{"rendered":"<div class=\"kk-star-ratings kksr-auto kksr-align-left kksr-valign-top\"     data-payload='{&quot;align&quot;:&quot;left&quot;,&quot;id&quot;:&quot;241&quot;,&quot;slug&quot;:&quot;default&quot;,&quot;valign&quot;:&quot;top&quot;,&quot;ignore&quot;:&quot;&quot;,&quot;reference&quot;:&quot;auto&quot;,&quot;class&quot;:&quot;&quot;,&quot;count&quot;:&quot;10&quot;,&quot;legendonly&quot;:&quot;&quot;,&quot;readonly&quot;:&quot;&quot;,&quot;score&quot;:&quot;4.5&quot;,&quot;starsonly&quot;:&quot;&quot;,&quot;best&quot;:&quot;5&quot;,&quot;gap&quot;:&quot;5&quot;,&quot;greet&quot;:&quot;Rate this product&quot;,&quot;legend&quot;:&quot;4.5\\\/5 - (10 b\u00ecnh ch\u1ecdn)&quot;,&quot;size&quot;:&quot;24&quot;,&quot;title&quot;:&quot;Automatic Fish Descaling Machine&quot;,&quot;width&quot;:&quot;128&quot;,&quot;_legend&quot;:&quot;{score}\\\/{best} - ({count} {votes})&quot;,&quot;font_factor&quot;:&quot;1.25&quot;}'>              <div class=\"kksr-stars\">      <div class=\"kksr-stars-inactive\">             <div class=\"kksr-star\" data-star=\"1\" style=\"padding-right: 5px\">               <div class=\"kksr-icon\" style=\"width: 24px; height: 24px;\"><\/div>         <\/div>             <div class=\"kksr-star\" data-star=\"2\" style=\"padding-right: 5px\">               <div class=\"kksr-icon\" style=\"width: 24px; height: 24px;\"><\/div>         <\/div>             <div class=\"kksr-star\" data-star=\"3\" style=\"padding-right: 5px\">               <div class=\"kksr-icon\" style=\"width: 24px; height: 24px;\"><\/div>         <\/div>             <div class=\"kksr-star\" data-star=\"4\" style=\"padding-right: 5px\">               <div class=\"kksr-icon\" style=\"width: 24px; height: 24px;\"><\/div>         <\/div>             <div class=\"kksr-star\" data-star=\"5\" style=\"padding-right: 5px\">               <div class=\"kksr-icon\" style=\"width: 24px; height: 24px;\"><\/div>         <\/div>     <\/div>      <div class=\"kksr-stars-active\" style=\"width: 128px;\">             <div class=\"kksr-star\" style=\"padding-right: 5px\">               <div class=\"kksr-icon\" style=\"width: 24px; height: 24px;\"><\/div>         <\/div>             <div class=\"kksr-star\" style=\"padding-right: 5px\">               <div class=\"kksr-icon\" style=\"width: 24px; height: 24px;\"><\/div>         <\/div>             <div class=\"kksr-star\" style=\"padding-right: 5px\">               <div class=\"kksr-icon\" style=\"width: 24px; height: 24px;\"><\/div>         <\/div>             <div class=\"kksr-star\" style=\"padding-right: 5px\">               <div class=\"kksr-icon\" style=\"width: 24px; height: 24px;\"><\/div>         <\/div>             <div class=\"kksr-star\" style=\"padding-right: 5px\">               <div class=\"kksr-icon\" style=\"width: 24px; height: 24px;\"><\/div>         <\/div>     <\/div> <\/div>                   <div class=\"kksr-legend\" style=\"font-size: 19.2px;\">             4.5\/5 - (10 l\u01b0\u1ee3t b\u00ecnh ch\u1ecdn)    <\/div>     <\/div>  <p class=\"wp-block-paragraph translation-block\">M\u00e1y l\u00e0m s\u1ea1ch v\u1ea3y c\u00e1 t\u1ef1 \u0111\u1ed9ng l\u00e0 m\u00e1y lo\u1ea1i b\u1ecf v\u1ea3y c\u00e1 m\u1ed9t c\u00e1ch t\u1ef1 \u0111\u1ed9ng. T\u1ea1i <a href=\"https:\/\/meat-machine.com\/vi\/\">Nh\u00e0 m\u00e1y M\u00e1y ch\u1ebf bi\u1ebfn th\u1ecbt Taizy<\/a>, ch\u00fang t\u00f4i cung c\u1ea5p 4 lo\u1ea1i m\u00e1y l\u00e0m s\u1ea1ch v\u1ea3y c\u00e1 kh\u00e1c nhau. \u0110\u00f3 l\u00e0 m\u00e1y l\u00e0m s\u1ea1ch v\u1ea3y c\u00e1 quy m\u00f4 nh\u1ecf, m\u00e1y l\u00e0m s\u1ea1ch v\u1ea3y c\u00e1 quy m\u00f4 l\u1edbn, m\u00e1y l\u00e0m s\u1ea1ch v\u1ea3y c\u00e1 b\u00e1n ch\u1ea1y c\u1ee7a Taizy v\u00e0 m\u00e1y lo\u1ea1i b\u1ecf v\u1ea3y c\u00e1 \u0111a ch\u1ee9c n\u0103ng. 4 lo\u1ea1i m\u00e1y n\u00e0y c\u00f3 c\u00f4ng su\u1ea5t v\u00e0 ch\u1ee9c n\u0103ng kh\u00e1c nhau. Ti\u1ebfp theo, ch\u00fang t\u00f4i s\u1ebd gi\u1edbi thi\u1ec7u chi ti\u1ebft b\u1ed1n lo\u1ea1i m\u00e1y n\u00e0y. <\/p>   <div class=\"wp-block-image\"> <figure class=\"aligncenter size-full\"><img loading=\"lazy\" decoding=\"async\" width=\"720\" height=\"540\" src=\"https:\/\/meat-machine.com\/wp-content\/uploads\/2022\/12\/commercial-fish-scaler-machine.webp\" alt=\"m\u00e1y \u0111\u00e1nh v\u1ea3y c\u00e1 th\u01b0\u01a1ng m\u1ea1i\" class=\"wp-image-242\" title=\"\" srcset=\"https:\/\/meat-machine.com\/wp-content\/uploads\/2022\/12\/commercial-fish-scaler-machine.webp 720w, https:\/\/meat-machine.com\/wp-content\/uploads\/2022\/12\/commercial-fish-scaler-machine-300x225.webp 300w\" sizes=\"auto, (max-width: 720px) 100vw, 720px\" \/><figcaption class=\"wp-element-caption\">m\u00e1y \u0111\u00e1nh v\u1ea3y c\u00e1 th\u01b0\u01a1ng m\u1ea1i<\/figcaption><\/figure> <\/div>   <h2 class=\"wp-block-heading\">M\u00e1y t\u1ea9y c\u1eb7n c\u00e1 t\u1ef1 \u0111\u1ed9ng quy m\u00f4 nh\u1ecf<\/h2>    <p class=\"wp-block-paragraph\">M\u00e1y \u0111\u00e1nh v\u1ea3y c\u00e1 quy m\u00f4 nh\u1ecf c\u00f3 th\u1ec3 l\u00e0m s\u1ea1ch c\u00e1 nh\u1ecf. Nhi\u1ec1u kh\u00e1ch h\u00e0ng l\u1ef1a ch\u1ecdn m\u00e1y n\u00e0y \u0111\u1ec3 b\u00e1n l\u1ebb. M\u00e1y d\u00f9ng \u0111\u00e1 nh\u00e1m b\u00ean trong ch\u00e0 x\u00e1t li\u00ean t\u1ee5c l\u00ean c\u00e1 \u0111\u1ec3 lo\u1ea1i b\u1ecf v\u1ea3y.<\/p>   <div class=\"wp-block-image\"> <figure class=\"aligncenter size-full\"><img loading=\"lazy\" decoding=\"async\" width=\"720\" height=\"540\" src=\"https:\/\/meat-machine.com\/wp-content\/uploads\/2022\/12\/small-scale-fish-scaler-machine.webp\" alt=\"m\u00e1y \u0111\u00e1nh v\u1ea3y c\u00e1 quy m\u00f4 nh\u1ecf\" class=\"wp-image-243\" title=\"\" srcset=\"https:\/\/meat-machine.com\/wp-content\/uploads\/2022\/12\/small-scale-fish-scaler-machine.webp 720w, https:\/\/meat-machine.com\/wp-content\/uploads\/2022\/12\/small-scale-fish-scaler-machine-300x225.webp 300w\" sizes=\"auto, (max-width: 720px) 100vw, 720px\" \/><figcaption class=\"wp-element-caption\">m\u00e1y \u0111\u00e1nh v\u1ea3y c\u00e1 quy m\u00f4 nh\u1ecf<\/figcaption><\/figure> <\/div>   <h3 class=\"wp-block-heading\">Th\u00f4ng s\u1ed1 m\u00e1y<\/h3>    <figure class=\"wp-block-table\"><table><tbody><tr><td>Ng\u01b0\u1eddi m\u1eabu<\/td><td>TZ-J2<\/td><\/tr><tr><td>Dung t\u00edch<\/td><td>3-8kgm\u1ebb<\/td><\/tr><tr><td>T\u1ed1c \u0111\u1ed9 x\u1eed l\u00fd<\/td><td>15 gi\u00e2y\/\u0111\u1ee3t<\/td><\/tr><tr><td>Quy\u1ec1n l\u1ef1c<\/td><td>1,1kw<\/td><\/tr><tr><td>C\u00e2n n\u1eb7ng<\/td><td>52kg<\/td><\/tr><tr><td>K\u00edch th\u01b0\u1edbc<\/td><td>53*53*73cm<\/td><\/tr><\/tbody><\/table><\/figure>    <h3 class=\"wp-block-heading\">\u01afu \u0111i\u1ec3m c\u1ee7a m\u00e1y \u0111\u00e1nh v\u1ea3y c\u00e1 quy m\u00f4 nh\u1ecf<\/h3>    <ol class=\"wp-block-list\"> <li>Th\u00e2n v\u00e0 n\u1ed9i th\u1ea5t \u0111\u01b0\u1ee3c l\u00e0m b\u1eb1ng <a href=\"https:\/\/en.wikipedia.org\/wiki\/Stainless_steel\" target=\"_blank\" rel=\"noopener\">th\u00e9p kh\u00f4ng g\u1ec9<\/a>. N\u00f3 c\u00f3 \u01b0u \u0111i\u1ec3m l\u00e0 \u0111\u1ed9 b\u1ec1n v\u00e0 v\u1ec7 sinh.<\/li>    <li>So v\u1edbi c\u00e1c lo\u1ea1i m\u00e1y t\u1ea9y c\u1eb7n c\u00e1 kh\u00e1c, m\u00e1y t\u1ea9y c\u1eb7n c\u00e1 t\u1ef1 \u0111\u1ed9ng c\u1ee1 nh\u1ecf n\u00e0y c\u00f3 \u01b0u \u0111i\u1ec3m v\u1ec1 gi\u00e1 th\u00e0nh.<\/li>    <li>Hi\u1ec7u qu\u1ea3 lo\u1ea1i b\u1ecf ph\u1ed1t pho c\u1ee7a m\u00e1y l\u00e0 t\u1ed1t. M\u1ed9t x\u00f4 v\u1ea3y c\u00e1 c\u00f3 th\u1ec3 \u0111\u01b0\u1ee3c lo\u1ea1i b\u1ecf trong 15 gi\u00e2y.<\/li>    <li>Di\u1ec7n t\u00edch s\u00e0n nh\u1ecf.<\/li>    <li>Th\u00edch h\u1ee3p cho gia \u0111\u00ecnh v\u00e0 qu\u00e1n c\u00e1 nh\u1ecf.<\/li> <\/ol>   <div class=\"wp-block-image\"> <figure class=\"aligncenter size-full\"><img loading=\"lazy\" decoding=\"async\" width=\"720\" height=\"540\" src=\"https:\/\/meat-machine.com\/wp-content\/uploads\/2022\/12\/small-fish-scaler-machine-for-sale.webp\" alt=\"C\u1ea7n b\u00e1n m\u00e1y \u0111\u00e1nh v\u1ea3y c\u00e1 nh\u1ecf\" class=\"wp-image-244\" title=\"\" srcset=\"https:\/\/meat-machine.com\/wp-content\/uploads\/2022\/12\/small-fish-scaler-machine-for-sale.webp 720w, https:\/\/meat-machine.com\/wp-content\/uploads\/2022\/12\/small-fish-scaler-machine-for-sale-300x225.webp 300w\" sizes=\"auto, (max-width: 720px) 100vw, 720px\" \/><figcaption class=\"wp-element-caption\">C\u1ea7n b\u00e1n m\u00e1y \u0111\u00e1nh v\u1ea3y c\u00e1 nh\u1ecf<\/figcaption><\/figure> <\/div>   <h2 class=\"wp-block-heading\">M\u00e1y lo\u1ea1i b\u1ecf v\u1ea3y c\u00e1 quy m\u00f4 l\u1edbn<\/h2>    <p class=\"wp-block-paragraph\">M\u00e1y \u0111\u00e1nh v\u1ea3y c\u00e1 th\u01b0\u01a1ng m\u1ea1i l\u1edbn lo\u1ea1i b\u1ecf v\u1ea3y t\u1eeb nhi\u1ec1u lo\u1ea1i c\u00e1 kh\u00e1c nhau. S\u1ea3n l\u01b0\u1ee3ng l\u00e0 t\u1eeb 700-3000kg. C\u00f3 nhi\u1ec1u m\u1eabu m\u00e3 cho kh\u00e1ch h\u00e0ng l\u1ef1a ch\u1ecdn. M\u00e1y t\u1ea9y c\u1eb7n c\u00e1 t\u1ef1 \u0111\u1ed9ng c\u00f4ng su\u1ea5t l\u1edbn n\u00e0y s\u1eed d\u1ee5ng nguy\u00ean l\u00fd ma s\u00e1t c\u1ee7a con l\u0103n l\u00f4ng \u0111\u1ec3 lo\u1ea1i b\u1ecf v\u1ea3y c\u00e1. Kh\u00e1ch h\u00e0ng c\u00f3 th\u1ec3 thay th\u1ebf con l\u0103n len th\u00edch h\u1ee3p t\u00f9y theo t\u1eebng lo\u1ea1i c\u00e1 kh\u00e1c nhau. \u0110\u1ed3ng th\u1eddi, ch\u00fang t\u00f4i c\u0169ng c\u00f3 th\u1ec3 cung c\u1ea5p c\u00e1c d\u1ecbch v\u1ee5 t\u00f9y ch\u1ec9nh.<\/p>   <div class=\"wp-block-image\"> <figure class=\"aligncenter size-full\"><img loading=\"lazy\" decoding=\"async\" width=\"720\" height=\"540\" src=\"https:\/\/meat-machine.com\/wp-content\/uploads\/2022\/12\/large-fish-descaling-machine.webp\" alt=\"m\u00e1y t\u1ea9y c\u1eb7n c\u00e1 l\u1edbn\" class=\"wp-image-245\" title=\"\" srcset=\"https:\/\/meat-machine.com\/wp-content\/uploads\/2022\/12\/large-fish-descaling-machine.webp 720w, https:\/\/meat-machine.com\/wp-content\/uploads\/2022\/12\/large-fish-descaling-machine-300x225.webp 300w\" sizes=\"auto, (max-width: 720px) 100vw, 720px\" \/><figcaption class=\"wp-element-caption\">m\u00e1y t\u1ea9y c\u1eb7n c\u00e1 l\u1edbn<\/figcaption><\/figure> <\/div>   <h3 class=\"wp-block-heading\">Th\u00f4ng s\u1ed1 k\u1ef9 thu\u1eadt<\/h3>    <figure class=\"wp-block-table\"><table><tbody><tr><td>Ng\u01b0\u1eddi m\u1eabu<\/td><td>Dung t\u00edch<\/td><td>C\u00f4ng su\u1ea5t \u0111\u1ed9ng c\u01a1<\/td><\/tr><tr><td>TZ-800<\/td><td>700kg\/gi\u1edd<\/td><td>1,1kw<\/td><\/tr><tr><td>TZ-1000<\/td><td>1000kg\/gi\u1edd<\/td><td>1,5kw<\/td><\/tr><tr><td>TZ-1200<\/td><td>1200kg\/gi\u1edd<\/td><td>1,5kw<\/td><\/tr><tr><td>TZ-1500<\/td><td>1500kg\/gi\u1edd<\/td><td>2,2kw<\/td><\/tr><tr><td>TZ-1800<\/td><td>1800kg\/gi\u1edd<\/td><td>2,2kw<\/td><\/tr><tr><td>TZ-2000<\/td><td>2000kg\/gi\u1edd<\/td><td>3kw<\/td><\/tr><tr><td>TZ-2600<\/td><td>3000kg\/gi\u1edd<\/td><td>4kw<\/td><\/tr><\/tbody><\/table><\/figure>    <h3 class=\"wp-block-heading\">\u01afu \u0111i\u1ec3m c\u1ee7a m\u00e1y t\u1ea9y c\u1eb7n c\u00e1 ho\u00e0n to\u00e0n t\u1ef1 \u0111\u1ed9ng th\u01b0\u01a1ng m\u1ea1i<\/h3>    <ol class=\"wp-block-list\"> <li>M\u00e1y t\u1ea9y c\u1eb7n c\u00e1 t\u1ef1 \u0111\u1ed9ng n\u00e0y c\u00f3 c\u00f4ng su\u1ea5t s\u1ea3n xu\u1ea5t l\u1edbn.<\/li>    <li>Ph\u1ea1m vi \u1ee9ng d\u1ee5ng r\u1ed9ng r\u00e3i. N\u00f3 ph\u00f9 h\u1ee3p cho c\u00e1c si\u00eau th\u1ecb l\u1edbn, nh\u00e0 h\u00e0ng v\u00e0 nh\u00e0 m\u00e1y ch\u1ebf bi\u1ebfn c\u00e1.<\/li>    <li>V\u1edbi nhi\u1ec1u m\u1eabu m\u00e3 \u0111a d\u1ea1ng, kh\u00e1ch h\u00e0ng c\u00f3 th\u1ec3 l\u1ef1a ch\u1ecdn cho m\u00ecnh chi\u1ebfc m\u00e1y lo\u1ea1i b\u1ecf v\u1ea3y c\u00e1 quy m\u00f4 l\u1edbn t\u00f9y theo nhu c\u1ea7u.<\/li>    <li>C\u01a1 ch\u1ebf ch\u1ea3i kh\u00f4ng g\u00e2y h\u1ea1i cho c\u01a1 th\u1ec3 c\u00e1, c\u01a1 th\u1ec3 c\u00e1 \u0111\u01b0\u1ee3c x\u1eed l\u00fd ho\u00e0n to\u00e0n.<\/li>    <li>M\u00e1y \u0111\u00e1nh v\u1ea3y c\u00e1 th\u01b0\u01a1ng m\u1ea1i \u0111\u01b0\u1ee3c trang b\u1ecb thi\u1ebft b\u1ecb b\u1ea3o v\u1ec7 \u0111\u1ec3 tr\u00e1nh hi\u1ec7n t\u01b0\u1ee3ng qu\u00e1 nhi\u1ec7t ho\u1eb7c r\u00f2 r\u1ec9 \u0111i\u1ec7n c\u1ee7a \u0111\u1ed9ng c\u01a1.<\/li> <\/ol>   <div class=\"wp-block-image\"> <figure class=\"aligncenter size-full\"><img loading=\"lazy\" decoding=\"async\" width=\"750\" height=\"750\" src=\"https:\/\/meat-machine.com\/wp-content\/uploads\/2022\/12\/large-commercial-fish-scaler-machine.webp\" alt=\"m\u00e1y \u0111\u00e1nh v\u1ea3y c\u00e1 th\u01b0\u01a1ng m\u1ea1i l\u1edbn\" class=\"wp-image-246\" title=\"\" srcset=\"https:\/\/meat-machine.com\/wp-content\/uploads\/2022\/12\/large-commercial-fish-scaler-machine.webp 750w, https:\/\/meat-machine.com\/wp-content\/uploads\/2022\/12\/large-commercial-fish-scaler-machine-300x300.webp 300w, https:\/\/meat-machine.com\/wp-content\/uploads\/2022\/12\/large-commercial-fish-scaler-machine-150x150.webp 150w\" sizes=\"auto, (max-width: 750px) 100vw, 750px\" \/><figcaption class=\"wp-element-caption\">m\u00e1y \u0111\u00e1nh v\u1ea3y c\u00e1 th\u01b0\u01a1ng m\u1ea1i l\u1edbn<\/figcaption><\/figure> <\/div>   <h2 class=\"wp-block-heading\">M\u00e1y t\u1ea9y c\u1eb7n t\u1ef1 \u0111\u1ed9ng Taizy Hot Sale<\/h2>    <p class=\"wp-block-paragraph\">Nguy\u00ean l\u00fd ho\u1ea1t \u0111\u1ed9ng c\u1ee7a m\u00e1y t\u1ea9y c\u1eb7n c\u00e1 Taizy hot sale c\u0169ng t\u01b0\u01a1ng t\u1ef1 nh\u01b0 m\u00e1y lo\u1ea1i l\u1edbn. V\u1ea3y c\u00e1 \u0111\u01b0\u1ee3c lo\u1ea1i b\u1ecf b\u1eb1ng b\u00e0n ch\u1ea3i xoay li\u00ean t\u1ee5c b\u00ean trong m\u00e1y. \u0110i\u1ec3m kh\u00e1c bi\u1ec7t l\u00e0 m\u00e1y t\u1ea9y c\u1eb7n c\u00e1 t\u1ef1 \u0111\u1ed9ng n\u00e0y c\u1ea7n phun n\u01b0\u1edbc li\u00ean t\u1ee5c trong qu\u00e1 tr\u00ecnh l\u00e0m vi\u1ec7c. Ch\u1ee9c n\u0103ng phun n\u01b0\u1edbc l\u00e0 r\u1eeda s\u1ea1ch v\u1ea3y c\u00e1 b\u1ecb c\u1ea1o. Sau khi l\u00e0m vi\u1ec7c, c\u00e1 s\u1ea1ch s\u1ebd \u0111\u01b0\u1ee3c th\u1ea3i ra kh\u1ecfi \u1ed5 c\u1eafm.<\/p>   <div class=\"wp-block-image\"> <figure class=\"aligncenter size-full\"><img loading=\"lazy\" decoding=\"async\" width=\"720\" height=\"540\" src=\"https:\/\/meat-machine.com\/wp-content\/uploads\/2022\/12\/automatic-fish-descaling-machine.webp\" alt=\"m\u00e1y t\u1ea9y c\u1eb7n c\u00e1 t\u1ef1 \u0111\u1ed9ng\" class=\"wp-image-247\" title=\"\" srcset=\"https:\/\/meat-machine.com\/wp-content\/uploads\/2022\/12\/automatic-fish-descaling-machine.webp 720w, https:\/\/meat-machine.com\/wp-content\/uploads\/2022\/12\/automatic-fish-descaling-machine-300x225.webp 300w\" sizes=\"auto, (max-width: 720px) 100vw, 720px\" \/><figcaption class=\"wp-element-caption\">m\u00e1y t\u1ea9y c\u1eb7n c\u00e1 t\u1ef1 \u0111\u1ed9ng<\/figcaption><\/figure> <\/div>   <h3 class=\"wp-block-heading\">B\u1ea3ng th\u00f4ng s\u1ed1<\/h3>    <figure class=\"wp-block-table\"><table><tbody><tr><td>Ng\u01b0\u1eddi m\u1eabu<\/td><td>HA-500<\/td><td>HA-700<\/td><td>HA-1000<\/td><\/tr><tr><td>\u0110i\u1ec7n \u00e1p danh \u0111\u1ecbnh<\/td><td>220V\/380<\/td><td>220V\/380<\/td><td>220V\/380<\/td><\/tr><tr><td>Quy\u1ec1n l\u1ef1c<\/td><td>2,2kw<\/td><td>2,2kw<\/td><td>2,2kw<\/td><\/tr><tr><td>K\u00edch th\u01b0\u1edbc b\u00ean ngo\u00e0i (mm)<\/td><td>1050*550*700<\/td><td>1250*550*700mm<\/td><td>1250*650*700mm<\/td><\/tr><tr><td>C\u00f4ng su\u1ea5t (kg)<\/td><td>15kg\/m\u1ebb<\/td><td>25kg\/m\u1ebb<\/td><td>40kg\/m\u1ebb<\/td><\/tr><tr><td>Tr\u1ecdng l\u01b0\u1ee3ng (kg)<\/td><td>120<\/td><td>160<\/td><td>210kg<\/td><\/tr><\/tbody><\/table><\/figure>    <h3 class=\"wp-block-heading\">\u01afu \u0111i\u1ec3m c\u1ee7a m\u00e1y<\/h3>    <ol class=\"wp-block-list\"> <li>M\u1ed7i m\u1ebb c\u00e1 c\u00f3 th\u1ec3 \u0111\u01b0\u1ee3c ch\u1ebf bi\u1ebfn trong kho\u1ea3ng 35 gi\u00e2y.<\/li>    <li>M\u00e1y \u0111\u00e1nh v\u1ea3y c\u00e1 t\u1ef1 \u0111\u1ed9ng n\u00e0y c\u00f3 th\u1ec3 l\u00e0m s\u1ea1ch v\u1ea3y c\u00e1 \u0111\u1ed3ng th\u1eddi lo\u1ea1i b\u1ecf v\u1ea3y.<\/li>    <li>N\u00f3 \u0111\u01b0\u1ee3c l\u00e0m b\u1eb1ng th\u00e9p kh\u00f4ng g\u1ec9.<\/li>    <li>Kh\u00e1ch h\u00e0ng c\u00f3 th\u1ec3 c\u00e0i \u0111\u1eb7t th\u1eddi gian t\u1ea9y c\u1eb7n t\u00f9y theo t\u1eebng lo\u1ea1i c\u00e1 kh\u00e1c nhau.<\/li> <\/ol>    <h2 class=\"wp-block-heading\">M\u00e1y t\u1ea9y c\u1eb7n c\u00e1 \u0111a n\u0103ng<\/h2>    <p class=\"wp-block-paragraph\">M\u00e1y t\u1ea9y c\u1eb7n c\u00e1 \u0111a ch\u1ee9c n\u0103ng l\u00e0 m\u00e1y t\u1ea9y c\u1eb7n ho\u00e0n to\u00e0n t\u1ef1 \u0111\u1ed9ng \u0111a ch\u1ee9c n\u0103ng, v\u1eeba c\u00f3 th\u1ec3 t\u1ea9y c\u1eb7n v\u1eeba lo\u1ea1i b\u1ecf n\u1ed9i t\u1ea1ng c\u00e1. So v\u1edbi c\u00e1c m\u00e1y t\u1ea9y c\u1eb7n t\u1ef1 \u0111\u1ed9ng kh\u00e1c, m\u00e1y n\u00e0y ch\u1ec9 c\u00f3 th\u1ec3 x\u1eed l\u00fd m\u1ed9t con c\u00e1 m\u1ed7i l\u1ea7n.<\/p>   <div class=\"wp-block-image\"> <figure class=\"aligncenter size-full\"><img loading=\"lazy\" decoding=\"async\" width=\"720\" height=\"540\" src=\"https:\/\/meat-machine.com\/wp-content\/uploads\/2022\/12\/taizy-descaling-fish-machine.webp\" alt=\"m\u00e1y t\u1ea9y c\u1eb7n c\u00e1 taizy\" class=\"wp-image-248\" title=\"\" srcset=\"https:\/\/meat-machine.com\/wp-content\/uploads\/2022\/12\/taizy-descaling-fish-machine.webp 720w, https:\/\/meat-machine.com\/wp-content\/uploads\/2022\/12\/taizy-descaling-fish-machine-300x225.webp 300w\" sizes=\"auto, (max-width: 720px) 100vw, 720px\" \/><figcaption class=\"wp-element-caption\">m\u00e1y t\u1ea9y c\u1eb7n c\u00e1 taizy<\/figcaption><\/figure> <\/div>   <h3 class=\"wp-block-heading\">Th\u00f4ng s\u1ed1 m\u00e1y<\/h3>    <figure class=\"wp-block-table\"><table><tbody><tr><td>T\u00ean<\/td><td>Dung t\u00edch<\/td><td>C\u00e2n n\u1eb7ng<\/td><td>K\u00edch c\u1ee1<\/td><\/tr><tr><td>M\u00e1y \u0111\u00e1nh v\u1ea3y c\u00e1 \u0111a n\u0103ng<\/td><td>400-500kg\/gi\u1edd<\/td><td>140kg<\/td><td>1000*500*700mm<\/td><\/tr><\/tbody><\/table><\/figure>    <h3 class=\"wp-block-heading\">\u01afu \u0111i\u1ec3m c\u1ee7a m\u00e1y<\/h3>    <ol class=\"wp-block-list\"> <li>\u0110a ch\u1ee9c n\u0103ng. M\u00e1y t\u1ea9y c\u1eb7n \u0111a ch\u1ee9c n\u0103ng n\u00e0y kh\u00f4ng ch\u1ec9 c\u00f3 th\u1ec3 t\u1ea9y c\u1eb7n m\u00e0 c\u00f2n c\u00f3 th\u1ec3 m\u1edf b\u1ee5ng, lo\u1ea1i b\u1ecf n\u1ed9i t\u1ea1ng v\u00e0 l\u00e0m s\u1ea1ch.<\/li>    <li>Hi\u1ec7u qu\u1ea3 x\u1eed l\u00fd t\u1ed1t. M\u00e1y kh\u00f4ng l\u00e0m t\u1ed5n th\u01b0\u01a1ng c\u00e1.<\/li>    <li>Ch\u1ea5t li\u1ec7u inox \u0111\u1ea1t ti\u00eau chu\u1ea9n v\u1ec7 sinh th\u1ef1c ph\u1ea9m.<\/li>    <li>H\u1ec7 th\u1ed1ng \u0111i\u1ec1u khi\u1ec3n th\u00f4ng minh c\u00f3 \u01b0u \u0111i\u1ec3m l\u00e0 v\u1eadn h\u00e0nh \u0111\u01a1n gi\u1ea3n.<\/li> <\/ol>   <div class=\"wp-block-image\"> <figure class=\"aligncenter size-full\"><img loading=\"lazy\" decoding=\"async\" width=\"720\" height=\"540\" src=\"https:\/\/meat-machine.com\/wp-content\/uploads\/2022\/12\/descaling-fish-machine.webp\" alt=\"m\u00e1y t\u1ea9y c\u1eb7n c\u00e1\" class=\"wp-image-249\" title=\"\" srcset=\"https:\/\/meat-machine.com\/wp-content\/uploads\/2022\/12\/descaling-fish-machine.webp 720w, https:\/\/meat-machine.com\/wp-content\/uploads\/2022\/12\/descaling-fish-machine-300x225.webp 300w\" sizes=\"auto, (max-width: 720px) 100vw, 720px\" \/><figcaption class=\"wp-element-caption\">m\u00e1y t\u1ea9y c\u1eb7n c\u00e1<\/figcaption><\/figure> <\/div>   <h2 class=\"wp-block-heading\">C\u1ea7n b\u00e1n m\u00e1y t\u1ea9y c\u1eb7n c\u00e1<\/h2>    <p class=\"wp-block-paragraph\">T\u1ea1i Nh\u00e0 m\u00e1y M\u00e1y ch\u1ebf bi\u1ebfn th\u1ecbt Taizy, ch\u00fang t\u00f4i c\u00f3 b\u00e1n 4 m\u00e1y \u0111\u00e1nh v\u1ea3y c\u00e1 t\u1ef1 \u0111\u1ed9ng. M\u1ed7i m\u00e1y c\u00f3 nh\u1eefng \u01b0u \u0111i\u1ec3m, c\u00f4ng su\u1ea5t v\u00e0 ph\u01b0\u01a1ng ph\u00e1p l\u00e0m vi\u1ec7c kh\u00e1c nhau. Ch\u00fang t\u00f4i cung c\u1ea5p m\u00e1y kh\u1eed c\u1eb7n th\u01b0\u01a1ng m\u1ea1i l\u1edbn v\u00e0 m\u00e1y kh\u1eed c\u1eb7n nh\u1ecf. N\u1ebfu b\u1ea1n c\u1ea7n m\u1ed9t m\u00e1y t\u1ea9y c\u1eb7n t\u1ef1 \u0111\u1ed9ng, vui l\u00f2ng li\u00ean h\u1ec7 v\u1edbi ch\u00fang t\u00f4i.<\/p>    <h2 class=\"wp-block-heading\">Video m\u00e1y lo\u1ea1i b\u1ecf v\u1ea3y c\u00e1<\/h2>    <figure class=\"wp-block-embed is-type-video is-provider-youtube wp-block-embed-youtube wp-embed-aspect-16-9 wp-has-aspect-ratio\"><div class=\"wp-block-embed__wrapper\"> <iframe loading=\"lazy\" title=\"L\u00e0m th\u1ebf n\u00e0o \u0111\u1ec3 b\u1ea1n nhanh ch\u00f3ng t\u1ea9y c\u1eb7n c\u00e1? | M\u00e1y lo\u1ea1i b\u1ecf v\u1ea3y c\u00e1\" width=\"500\" height=\"281\" src=\"https:\/\/www.youtube.com\/embed\/3vg3LTY5RzA?feature=oembed\" frameborder=\"0\" allow=\"accelerometer; autoplay; clipboard-write; encrypted-media; gyroscope; picture-in-picture; web-share\" referrerpolicy=\"strict-origin-when-cross-origin\" allowfullscreen><\/iframe> <\/div><\/figure>    <h2 class=\"wp-block-heading\">5 l\u00fd do kh\u00e1ch h\u00e0ng ch\u1ecdn ch\u00fang t\u00f4i<\/h2>    <ol class=\"wp-block-list\"> <li>C\u00f3 nhi\u1ec1u lo\u1ea1i m\u00e1y t\u1ea9y c\u1eb7n t\u1ef1 \u0111\u1ed9ng cho kh\u00e1ch h\u00e0ng l\u1ef1a ch\u1ecdn. Ch\u00fang t\u00f4i lu\u00f4n c\u00f3 m\u00e1y m\u00f3c \u0111\u00e1p \u1ee9ng nhu c\u1ea7u c\u1ee7a kh\u00e1ch h\u00e0ng. Ngo\u00e0i ra, ch\u00fang t\u00f4i c\u00f2n c\u00f3 m\u1ed9t <a href=\"https:\/\/meat-machine.com\/vi\/san-pham\/may-thai-ca\/\">m\u00e1y phi l\u00ea c\u00e1<\/a> v\u00e0 m\u1ed9t <a href=\"https:\/\/meat-machine.com\/vi\/san-pham\/may-tach-xuong-ca\/\">m\u00e1y t\u00e1ch x\u01b0\u01a1ng c\u00e1<\/a>.<\/li>    <li>M\u00e1y c\u00f3 ch\u1ea5t l\u01b0\u1ee3ng cao. H\u01a1n 10 n\u0103m kinh nghi\u1ec7m trong l\u0129nh v\u1ef1c s\u1ea3n xu\u1ea5t m\u00e1y ch\u1ebf bi\u1ebfn th\u1ecbt cho ph\u00e9p ch\u00fang t\u00f4i t\u1ea1o ra nh\u1eefng lo\u1ea1i m\u00e1y ch\u1ea5t l\u01b0\u1ee3ng cao v\u00e0 gi\u00e1 c\u1ea3 ph\u1ea3i ch\u0103ng.<\/li> <\/ol>    <ol class=\"wp-block-list\" start=\"3\"> <li>Kinh nghi\u1ec7m xu\u1ea5t kh\u1ea9u phong ph\u00fa. Ng\u00e0y nay, m\u00e1y m\u00f3c c\u1ee7a ch\u00fang t\u00f4i \u0111\u00e3 \u0111\u01b0\u1ee3c xu\u1ea5t kh\u1ea9u sang h\u01a1n 20 qu\u1ed1c gia v\u00e0 khu v\u1ef1c tr\u00ean th\u1ebf gi\u1edbi.<\/li>    <li>D\u1ecbch v\u1ee5 b\u1ec7nh nh\u00e2n. Nh\u00e2n vi\u00ean b\u00e1n h\u00e0ng \u0111\u01b0\u1ee3c \u0111\u00e0o t\u1ea1o \u0111\u1ea7y \u0111\u1ee7 c\u00f3 th\u1ec3 gi\u1ea3i quy\u1ebft c\u00e1c v\u1ea5n \u0111\u1ec1 cho kh\u00e1ch h\u00e0ng tr\u01b0\u1edbc v\u00e0 sau b\u00e1n h\u00e0ng.<\/li>    <li>Giao h\u00e0ng nhanh. Nh\u00e0 m\u00e1y ngu\u1ed3n c\u00f3 \u0111\u1eb7c \u0111i\u1ec3m giao h\u00e0ng nhanh.<\/li> <\/ol>","protected":false},"excerpt":{"rendered":"<p>Automatic fish descaling machine is the machine that automatically removes fish scales. In Taizy Meat Machinery Factory, we provide 4 different types of fish descaling machines. They are small scale fish scaler machines, large scale fish scaler machines, Taizy hot sale descaling fish machines, and multi-function fish scale removers. The 4 machines have different capacities [&hellip;]<\/p>\n","protected":false},"author":1,"featured_media":242,"parent":0,"template":"","tags":[11],"product-type":[25],"class_list":["post-241","product","type-product","status-publish","has-post-thumbnail","hentry","tag-fish-descaling-machine","product-type-fish-processing-machine"],"_links":{"self":[{"href":"https:\/\/meat-machine.com\/vi\/wp-json\/wp\/v2\/product\/241","targetHints":{"allow":["GET"]}}],"collection":[{"href":"https:\/\/meat-machine.com\/vi\/wp-json\/wp\/v2\/product"}],"about":[{"href":"https:\/\/meat-machine.com\/vi\/wp-json\/wp\/v2\/types\/product"}],"author":[{"embeddable":true,"href":"https:\/\/meat-machine.com\/vi\/wp-json\/wp\/v2\/users\/1"}],"wp:featuredmedia":[{"embeddable":true,"href":"https:\/\/meat-machine.com\/vi\/wp-json\/wp\/v2\/media\/242"}],"wp:attachment":[{"href":"https:\/\/meat-machine.com\/vi\/wp-json\/wp\/v2\/media?parent=241"}],"wp:term":[{"taxonomy":"post_tag","embeddable":true,"href":"https:\/\/meat-machine.com\/vi\/wp-json\/wp\/v2\/tags?post=241"},{"taxonomy":"product-type","embeddable":true,"href":"https:\/\/meat-machine.com\/vi\/wp-json\/wp\/v2\/product-type?post=241"}],"curies":[{"name":"wp","href":"https:\/\/api.w.org\/{rel}","templated":true}]}}