{"id":226,"date":"2022-12-01T16:44:31","date_gmt":"2022-12-01T08:44:31","guid":{"rendered":"https:\/\/meat-machine.com\/?post_type=product&#038;p=226"},"modified":"2026-04-02T16:51:56","modified_gmt":"2026-04-02T08:51:56","slug":"may-kebab-shish-tu-dong","status":"publish","type":"product","link":"https:\/\/meat-machine.com\/vi\/product\/automatic-shish-kebab-machine\/","title":{"rendered":"M\u00e1y Shish Kebab t\u1ef1 \u0111\u1ed9ng | M\u00e1y l\u00e0m th\u1ecbt kebab b\u1eb1ng \u0111i\u1ec7n"},"content":{"rendered":"<div class=\"kk-star-ratings kksr-auto kksr-align-left kksr-valign-top\"     data-payload='{&quot;align&quot;:&quot;left&quot;,&quot;id&quot;:&quot;226&quot;,&quot;slug&quot;:&quot;default&quot;,&quot;valign&quot;:&quot;top&quot;,&quot;ignore&quot;:&quot;&quot;,&quot;reference&quot;:&quot;auto&quot;,&quot;class&quot;:&quot;&quot;,&quot;count&quot;:&quot;9&quot;,&quot;legendonly&quot;:&quot;&quot;,&quot;readonly&quot;:&quot;&quot;,&quot;score&quot;:&quot;4.6&quot;,&quot;starsonly&quot;:&quot;&quot;,&quot;best&quot;:&quot;5&quot;,&quot;gap&quot;:&quot;5&quot;,&quot;greet&quot;:&quot;Rate this product&quot;,&quot;legend&quot;:&quot;4.6\\\/5 - (9 b\u00ecnh ch\u1ecdn)&quot;,&quot;size&quot;:&quot;24&quot;,&quot;title&quot;:&quot;Automatic Shish Kebab Machine | Electric Meat Kebab Maker&quot;,&quot;width&quot;:&quot;130.9&quot;,&quot;_legend&quot;:&quot;{score}\\\/{best} - ({count} {votes})&quot;,&quot;font_factor&quot;:&quot;1.25&quot;}'>              <div class=\"kksr-stars\">      <div class=\"kksr-stars-inactive\">             <div class=\"kksr-star\" data-star=\"1\" style=\"padding-right: 5px\">               <div class=\"kksr-icon\" style=\"width: 24px; height: 24px;\"><\/div>         <\/div>             <div class=\"kksr-star\" data-star=\"2\" style=\"padding-right: 5px\">               <div class=\"kksr-icon\" style=\"width: 24px; height: 24px;\"><\/div>         <\/div>             <div class=\"kksr-star\" data-star=\"3\" style=\"padding-right: 5px\">               <div class=\"kksr-icon\" style=\"width: 24px; height: 24px;\"><\/div>         <\/div>             <div class=\"kksr-star\" data-star=\"4\" style=\"padding-right: 5px\">               <div class=\"kksr-icon\" style=\"width: 24px; height: 24px;\"><\/div>         <\/div>             <div class=\"kksr-star\" data-star=\"5\" style=\"padding-right: 5px\">               <div class=\"kksr-icon\" style=\"width: 24px; height: 24px;\"><\/div>         <\/div>     <\/div>      <div class=\"kksr-stars-active\" style=\"width: 130.9px;\">             <div class=\"kksr-star\" style=\"padding-right: 5px\">               <div class=\"kksr-icon\" style=\"width: 24px; height: 24px;\"><\/div>         <\/div>             <div class=\"kksr-star\" style=\"padding-right: 5px\">               <div class=\"kksr-icon\" style=\"width: 24px; height: 24px;\"><\/div>         <\/div>             <div class=\"kksr-star\" style=\"padding-right: 5px\">               <div class=\"kksr-icon\" style=\"width: 24px; height: 24px;\"><\/div>         <\/div>             <div class=\"kksr-star\" style=\"padding-right: 5px\">               <div class=\"kksr-icon\" style=\"width: 24px; height: 24px;\"><\/div>         <\/div>             <div class=\"kksr-star\" style=\"padding-right: 5px\">               <div class=\"kksr-icon\" style=\"width: 24px; height: 24px;\"><\/div>         <\/div>     <\/div> <\/div>                   <div class=\"kksr-legend\" style=\"font-size: 19.2px;\">             4.6\/5 - (9 l\u01b0\u1ee3t b\u00ecnh ch\u1ecdn)    <\/div>     <\/div>  <p class=\"wp-block-paragraph translation-block\">M\u00e1y <strong>T\u1ef1 \u0111\u1ed9ng xi\u00ean kebab<\/strong> c\u00f3 th\u1ec3 t\u1ef1 \u0111\u1ed9ng h\u00f3a qu\u00e1 tr\u00ecnh xi\u00ean th\u1ecbt v\u00e0 c\u00e1c th\u00e0nh ph\u1ea7n kh\u00e1c. N\u00f3 \u0111\u1ea3m b\u1ea3o k\u00edch th\u01b0\u1edbc, tr\u1ecdng l\u01b0\u1ee3ng v\u00e0 h\u00ecnh d\u1ea1ng nh\u1ea5t qu\u00e1n cho m\u1ed7i xi\u00ean. V\u1edbi <strong>c\u00f4ng su\u1ea5t 1800\u20133500 xi\u00ean m\u1ed7i gi\u1edd<\/strong> v\u00e0 <strong>hi\u1ec7u qu\u1ea3 l\u00e0m vi\u1ec7c 1,5\u20132,0 gi\u00e2y m\u1ed7i xi\u00ean<\/strong>, m\u00e1y n\u00e2ng cao t\u1ed1c \u0111\u1ed9 s\u1ea3n xu\u1ea5t \u0111\u1ed3ng th\u1eddi gi\u1ea3m chi ph\u00ed nh\u00e2n c\u00f4ng. <\/p>    <p class=\"wp-block-paragraph\">M\u00e1y n\u00e0y ph\u00f9 h\u1ee3p v\u1edbi nhi\u1ec1u lo\u1ea1i nguy\u00ean li\u1ec7u th\u00f4, bao g\u1ed3m g\u00e0, b\u00f2, c\u1eebu, h\u1ea3i s\u1ea3n v\u00e0 rau tr\u1ed9n. N\u00f3 \u0111\u01b0\u1ee3c s\u1eed d\u1ee5ng r\u1ed9ng r\u00e3i \u0111\u1ec3 s\u1ea3n xu\u1ea5t kebab, xi\u00ean BBQ v\u00e0 satay v\u1edbi ch\u1ea5t l\u01b0\u1ee3ng \u0111\u1ed3ng \u0111\u1ec1u v\u00e0 v\u1ebb ngo\u00e0i chuy\u00ean nghi\u1ec7p. <\/p>    <p class=\"wp-block-paragraph\">B\u1eb1ng c\u00e1ch n\u00e2ng cao \u0111\u1ed9 ch\u00ednh x\u00e1c v\u00e0 hi\u1ec7u qu\u1ea3 xi\u00ean, m\u00e1y gi\u00fap c\u00e1c doanh nghi\u1ec7p duy tr\u00ec ti\u00eau chu\u1ea9n s\u1ea3n ph\u1ea9m nh\u1ea5t qu\u00e1n, l\u00e0 l\u1ef1a ch\u1ecdn l\u00fd t\u01b0\u1edfng cho nh\u00e0 h\u00e0ng, d\u1ecbch v\u1ee5 catering, nh\u00e0 m\u00e1y th\u1ef1c ph\u1ea9m \u0111\u00f4ng l\u1ea1nh v\u00e0 b\u1ebfp trung t\u00e2m mu\u1ed1n m\u1edf r\u1ed9ng quy m\u00f4 s\u1ea3n xu\u1ea5t.<\/p>    <figure class=\"wp-block-embed is-type-video is-provider-youtube wp-block-embed-youtube wp-embed-aspect-9-16 wp-has-aspect-ratio\"><div class=\"wp-block-embed__wrapper\"> <iframe loading=\"lazy\" title=\"Meat Skewer Machine Working Process | Fast &amp; Uniform Skewering #meat #food #skewers\" width=\"422\" height=\"750\" src=\"https:\/\/www.youtube.com\/embed\/j-KMBSLvi-k?feature=oembed\" frameborder=\"0\" allow=\"accelerometer; autoplay; clipboard-write; encrypted-media; gyroscope; picture-in-picture; web-share\" referrerpolicy=\"strict-origin-when-cross-origin\" allowfullscreen><\/iframe> <\/div><figcaption class=\"wp-element-caption\">Video ho\u1ea1t \u0111\u1ed9ng c\u1ee7a m\u00e1y Shish Kebab t\u1ef1 \u0111\u1ed9ng<\/figcaption><\/figure>    <h2 class=\"wp-block-heading\">C\u1ea5u tr\u00fac c\u1ee7a m\u00e1y kebab shish t\u1ef1 \u0111\u1ed9ng l\u00e0 g\u00ec?<\/h2>    <div class=\"wp-block-media-text is-stacked-on-mobile\"><figure class=\"wp-block-media-text__media\"><img loading=\"lazy\" decoding=\"async\" width=\"720\" height=\"540\" src=\"https:\/\/meat-machine.com\/wp-content\/uploads\/2022\/12\/machine-structure.webp\" alt=\"k\u1ebft c\u1ea5u m\u00e1y\" class=\"wp-image-231 size-full\" title=\"\" srcset=\"https:\/\/meat-machine.com\/wp-content\/uploads\/2022\/12\/machine-structure.webp 720w, https:\/\/meat-machine.com\/wp-content\/uploads\/2022\/12\/machine-structure-300x225.webp 300w\" sizes=\"auto, (max-width: 720px) 100vw, 720px\" \/><\/figure><div class=\"wp-block-media-text__content\"> <ul class=\"wp-block-list\"> <li>Ch\u1ec9 th\u1ecb ngu\u1ed3n \u0111i\u1ec7n: Hi\u1ec3n th\u1ecb tr\u1ea1ng th\u00e1i ho\u1ea1t \u0111\u1ed9ng c\u1ee7a m\u00e1y \u0111\u1ec3 s\u1eed d\u1ee5ng an to\u00e0n v\u00e0 thu\u1eadn ti\u1ec7n.<\/li>    <li>B\u0103ng chuy\u1ec1n: V\u1eadn chuy\u1ec3n nguy\u00ean li\u1ec7u th\u00f4 m\u1ed9t c\u00e1ch tr\u01a1n tru \u0111\u1ec3 \u0111\u1ea3m b\u1ea3o s\u1ea3n xu\u1ea5t li\u00ean t\u1ee5c. <\/li>    <li>Khu\u00f4n: \u0110\u1ecbnh h\u00ecnh v\u00e0 \u0111\u1ecbnh v\u1ecb th\u1ecbt \u0111\u1ec1u \u0111\u1ec3 xi\u00ean ch\u00ednh x\u00e1c. <\/li>    <li>C\u1ea3m bi\u1ebfn ph\u00e1t hi\u1ec7n xi\u00ean: Ph\u00e1t hi\u1ec7n v\u1ecb tr\u00ed xi\u00ean \u0111\u1ec3 \u0111\u1ea3m b\u1ea3o \u0111\u01b0a v\u00e0o ch\u00ednh x\u00e1c v\u00e0 nh\u1ea5t qu\u00e1n. <\/li>    <li>Thi\u1ebft b\u1ecb xi\u00ean: T\u1ef1 \u0111\u1ed9ng \u0111\u01b0a xi\u00ean v\u00e0o th\u1ecbt v\u1edbi \u0111\u1ed9 ch\u00ednh x\u00e1c cao. <\/li> <\/ul> <\/div><\/div>    <div class=\"wp-block-media-text has-media-on-the-right is-stacked-on-mobile\"><div class=\"wp-block-media-text__content\"> <ul class=\"wp-block-list\"> <li>Thi\u1ebft b\u1ecb ch\u1ed1ng xi\u00ean \u0111\u00f4i: Ng\u0103n ch\u1eb7n nhi\u1ec1u xi\u00ean c\u00f9ng l\u00fac, n\u00e2ng cao hi\u1ec7u qu\u1ea3. <\/li>    <li>G\u1ea7u xi\u00ean: L\u01b0u tr\u1eef v\u00e0 cung c\u1ea5p xi\u00ean \u0111\u1ec3 v\u1eadn h\u00e0nh li\u00ean t\u1ee5c. <\/li>    <li>B\u1ed9 t\u00e1ch d\u1ea7u n\u01b0\u1edbc: Gi\u1eef cho m\u00e1y s\u1ea1ch s\u1ebd v\u00e0 duy tr\u00ec ti\u00eau chu\u1ea9n v\u1ec7 sinh th\u1ef1c ph\u1ea9m. <\/li>    <li>\u0110\u1ed9ng c\u01a1 b\u0103ng chuy\u1ec1n: Cung c\u1ea5p ngu\u1ed3n \u0111i\u1ec7n \u1ed5n \u0111\u1ecbnh cho vi\u1ec7c v\u1eadn chuy\u1ec3n tr\u01a1n tru v\u00e0 hi\u1ec7u qu\u1ea3. <\/li>    <li>V\u1ecf sau: B\u1ea3o v\u1ec7 c\u00e1c th\u00e0nh ph\u1ea7n b\u00ean trong v\u00e0 \u0111\u1ea3m b\u1ea3o ho\u1ea1t \u0111\u1ed9ng an to\u00e0n c\u1ee7a m\u00e1y.<\/li> <\/ul> <\/div><figure class=\"wp-block-media-text__media\"><img loading=\"lazy\" decoding=\"async\" width=\"720\" height=\"540\" src=\"https:\/\/meat-machine.com\/wp-content\/uploads\/2022\/12\/automatic-shish-kebab-machine-1.webp\" alt=\"m\u00e1y kebab shish t\u1ef1 \u0111\u1ed9ng\" class=\"wp-image-714 size-full\" title=\"\" srcset=\"https:\/\/meat-machine.com\/wp-content\/uploads\/2022\/12\/automatic-shish-kebab-machine-1.webp 720w, https:\/\/meat-machine.com\/wp-content\/uploads\/2022\/12\/automatic-shish-kebab-machine-1-300x225.webp 300w, https:\/\/meat-machine.com\/wp-content\/uploads\/2022\/12\/automatic-shish-kebab-machine-1-16x12.webp 16w\" sizes=\"auto, (max-width: 720px) 100vw, 720px\" \/><\/figure><\/div>    <h2 class=\"wp-block-heading\">C\u1ea7n b\u00e1n m\u00e1y Shish kebab<\/h2>    <figure class=\"wp-block-table\"><table class=\"has-fixed-layout\"><thead><tr><th>tham s\u1ed1<\/th><th>Th\u00f4ng s\u1ed1 k\u1ef9 thu\u1eadt<\/th><\/tr><\/thead><tbody><tr><td>\u0110i\u1ec7n \u00e1p<\/td><td>415V \/ 50Hz, Ba pha<\/td><\/tr><tr><td>C\u00f4ng su\u1ea5t m\u00f4 h\u00ecnh<\/td><td>1800\u20133500 xi\u00ean m\u1ed7i gi\u1edd<\/td><\/tr><tr><td>Chi\u1ec1u d\u00e0i xi\u00ean tre tr\u00fac<\/td><td>250 mm<\/td><\/tr><tr><td>\u0110\u01b0\u1eddng k\u00ednh xi\u00ean tre tr\u00fac<\/td><td>5 mm<\/td><\/tr><tr><td>Chi\u1ec1u d\u00e0i th\u1ecbt<\/td><td>210 mm<\/td><\/tr><tr><td>Tr\u1ecdng l\u01b0\u1ee3ng m\u1ed7i xi\u00ean<\/td><td>120 g<\/td><\/tr><tr><td>L\u1ed9 xi\u00ean<\/td><td>5 mm<\/td><\/tr><tr><td>V\u1eadt li\u1ec7u<\/td><td>Th\u00e9p kh\u00f4ng g\u1ec9 304 (th\u00e2n m\u00e1y, b\u1ea1c \u0111\u1ea1n, x\u00edch, v.v.)<\/td><\/tr><tr><td>K\u00edch th\u01b0\u1edbc m\u00e1y<\/td><td>2000 \u00d7 2000 \u00d7 1100 mm<\/td><\/tr><tr><td>C\u00e2n n\u1eb7ng<\/td><td>160 kg<\/td><\/tr><\/tbody><\/table><figcaption class=\"wp-element-caption\">Th\u00f4ng s\u1ed1 k\u1ef9 thu\u1eadt c\u1ee7a m\u00e1y xi\u00ean BBQ<\/figcaption><\/figure>    <h2 class=\"wp-block-heading\">Nguy\u00ean l\u00fd l\u00e0m vi\u1ec7c c\u1ee7a m\u00e1y kebab shish t\u1ef1 \u0111\u1ed9ng<\/h2>    <p class=\"wp-block-paragraph translation-block\"><strong>M\u00e1y Xi\u00ean Kebab T\u1ef1 \u0110\u1ed9ng<\/strong> ho\u1ea1t \u0111\u1ed9ng d\u1ef1a tr\u00ean s\u1ef1 k\u1ebft h\u1ee3p c\u1ee7a c\u00e1c nguy\u00ean l\u00fd kh\u00ed n\u00e9n v\u00e0 \u0111i\u1ec7n \u0111\u1ec3 xi\u00ean th\u1ecbt c\u1eebu:<\/p>    <ol class=\"wp-block-list\"> <li>X\u1ebfp th\u1ecbt v\u00e0o khu\u00f4n.<\/li>    <li>Kh\u1edfi \u0111\u1ed9ng m\u00e1y, b\u0103ng t\u1ea3i \u0111\u1ea9y khu\u00f4n v\u1ec1 ph\u00eda tr\u01b0\u1edbc.<\/li>    <li>M\u1ed9t c\u1ea3m bi\u1ebfn b\u00ean trong m\u00e1y s\u1ebd ph\u00e1t hi\u1ec7n chuy\u1ec3n \u0111\u1ed9ng v\u00e0 g\u1eedi l\u1ec7nh.<\/li>    <li>M\u00e1y b\u01a1m kh\u00f4ng kh\u00ed k\u00edch ho\u1ea1t, \u0111i\u1ec1u khi\u1ec3n thi\u1ebft b\u1ecb xi\u00ean \u0111\u1ec3 xi\u00ean th\u1ecbt.<\/li>    <li>Tr\u01b0\u1edbc khi s\u1eed d\u1ee5ng m\u00e1y, h\u00e3y th\u00e1i th\u1ecbt th\u00e0nh t\u1eebng mi\u1ebfng b\u1eb1ng dao <a href=\"https:\/\/meat-machine.com\/vi\/san-pham\/may-thai-thit\/\" data-type=\"link\" data-id=\"https:\/\/meat-machine.com\/product\/meat-dicing-machine\/\">m\u00e1y th\u00e1i th\u1ecbt<\/a> \u0111\u1ec3 c\u00f3 k\u1ebft qu\u1ea3 t\u1ed1i \u01b0u.<\/li> <\/ol>    <figure class=\"wp-block-gallery aligncenter has-nested-images columns-default is-cropped wp-block-gallery-2 is-layout-flex wp-block-gallery-is-layout-flex\"> <figure class=\"wp-block-image size-full\"><img loading=\"lazy\" decoding=\"async\" width=\"720\" height=\"540\" data-id=\"232\" src=\"https:\/\/meat-machine.com\/wp-content\/uploads\/2022\/12\/meat-skewer-machine.webp\" alt=\"m\u00e1y xi\u00ean th\u1ecbt\" class=\"wp-image-232\" title=\"\" srcset=\"https:\/\/meat-machine.com\/wp-content\/uploads\/2022\/12\/meat-skewer-machine.webp 720w, https:\/\/meat-machine.com\/wp-content\/uploads\/2022\/12\/meat-skewer-machine-300x225.webp 300w\" sizes=\"auto, (max-width: 720px) 100vw, 720px\" \/><figcaption class=\"wp-element-caption\">M\u00e1y xi\u00ean th\u1ecbt<\/figcaption><\/figure>    <figure class=\"wp-block-image size-full\"><img loading=\"lazy\" decoding=\"async\" width=\"720\" height=\"540\" data-id=\"713\" src=\"https:\/\/meat-machine.com\/wp-content\/uploads\/2022\/12\/bbq-meat-kebab-machine.webp\" alt=\"m\u00e1y l\u00e0m kebab th\u1ecbt n\u01b0\u1edbng\" class=\"wp-image-713\" title=\"\" srcset=\"https:\/\/meat-machine.com\/wp-content\/uploads\/2022\/12\/bbq-meat-kebab-machine.webp 720w, https:\/\/meat-machine.com\/wp-content\/uploads\/2022\/12\/bbq-meat-kebab-machine-300x225.webp 300w, https:\/\/meat-machine.com\/wp-content\/uploads\/2022\/12\/bbq-meat-kebab-machine-16x12.webp 16w\" sizes=\"auto, (max-width: 720px) 100vw, 720px\" \/><figcaption class=\"wp-element-caption\">M\u00e1y l\u00e0m th\u1ecbt n\u01b0\u1edbng BBQ<\/figcaption><\/figure> <\/figure>    <h2 class=\"wp-block-heading\">\u01afu \u0111i\u1ec3m c\u1ee7a m\u00e1y xi\u00ean BBQ<\/h2>    <p class=\"wp-block-paragraph translation-block\"><strong>M\u00e1y L\u00e0m Kebab \u0110i\u1ec7n<\/strong> cung c\u1ea5p ho\u1ea1t \u0111\u1ed9ng ch\u00ednh x\u00e1c v\u00e0 hi\u1ec7u qu\u1ea3, l\u00e0m cho n\u00f3 tr\u1edf th\u00e0nh m\u1ed9t c\u00f4ng c\u1ee5 \u0111\u00e1ng tin c\u1eady cho nhi\u1ec1u \u1ee9ng d\u1ee5ng:<\/p>    <div class=\"wp-block-media-text is-stacked-on-mobile\"><figure class=\"wp-block-media-text__media\"><img loading=\"lazy\" decoding=\"async\" width=\"720\" height=\"540\" src=\"https:\/\/meat-machine.com\/wp-content\/uploads\/2022\/12\/shish-kebab-machine-for-sale.webp\" alt=\"b\u00e1n m\u00e1y kebab shish\" class=\"wp-image-233 size-full\" title=\"\" srcset=\"https:\/\/meat-machine.com\/wp-content\/uploads\/2022\/12\/shish-kebab-machine-for-sale.webp 720w, https:\/\/meat-machine.com\/wp-content\/uploads\/2022\/12\/shish-kebab-machine-for-sale-300x225.webp 300w\" sizes=\"auto, (max-width: 720px) 100vw, 720px\" \/><\/figure><div class=\"wp-block-media-text__content\"> <ul class=\"wp-block-list\"> <li>Thi\u1ebft b\u1ecb ch\u1ed1ng xi\u00ean \u0111\u00f4i. Ng\u0103n ch\u1eb7n s\u1ef1 th\u00e2m nh\u1eadp k\u00e9p, \u0111\u1ea3m b\u1ea3o xi\u00ean m\u1ecbn v\u00e0 hi\u1ec7u qu\u1ea3.<\/li>    <li>\u1ee8ng d\u1ee5ng \u0111a n\u0103ng. C\u00f3 kh\u1ea3 n\u0103ng xi\u00ean th\u1ecbt c\u1eebu, c\u00e1c lo\u1ea1i th\u1ecbt kh\u00e1c, b\u1ea7u \u0111\u01b0\u1eddng v\u00e0 nhi\u1ec1u lo\u1ea1i nguy\u00ean li\u1ec7u kh\u00e1c.<\/li>    <li>V\u1eadt li\u1ec7u cao c\u1ea5p. \u0110\u01b0\u1ee3c ch\u1ebf t\u1ea1o t\u1eeb th\u00e9p kh\u00f4ng g\u1ec9 ch\u1ea5t l\u01b0\u1ee3ng cao, v\u1edbi khu\u00f4n l\u00e0m t\u1eeb th\u1ef1c ph\u1ea9m <a href=\"https:\/\/en.wikipedia.org\/wiki\/PE\" data-type=\"link\" data-id=\"https:\/\/en.wikipedia.org\/wiki\/PE\" target=\"_blank\" rel=\"noopener\">Th\u1ec3 d\u1ee5c<\/a> ch\u1ea5t li\u1ec7u, \u0111\u1ea3m b\u1ea3o an to\u00e0n v\u1ec7 sinh.<\/li>    <li>Hi\u1ec7u qu\u1ea3 cao. S\u1ea3n xu\u1ea5t g\u1ea7n 3500 xi\u00ean m\u1ed7i gi\u1edd, v\u01b0\u1ee3t h\u01a1n 10 l\u1ea7n t\u1ed1c \u0111\u1ed9 xi\u00ean th\u1ee7 c\u00f4ng.<\/li> <\/ul> <\/div><\/div>    <h2 class=\"wp-block-heading\">Ph\u1ea1m vi \u1ee9ng d\u1ee5ng c\u1ee7a m\u00e1y kebab shish t\u1ef1 \u0111\u1ed9ng<\/h2>    <p class=\"wp-block-paragraph\">M\u00e1y xi\u00ean que t\u1ef1 \u0111\u1ed9ng c\u00f3 ph\u1ea1m vi \u1ee9ng d\u1ee5ng r\u1ed9ng r\u00e3i, ph\u00f9 h\u1ee3p \u0111\u1ec3 s\u1ea3n xu\u1ea5t nhi\u1ec1u s\u1ea3n ph\u1ea9m xi\u00ean kh\u00e1c nhau. <\/p>    <p class=\"wp-block-paragraph\">Ch\u00fang bao g\u1ed3m xi\u00ean g\u00e0, xi\u00ean s\u01b0\u1eddn th\u1ecbt, xi\u00ean tim g\u00e0, xi\u00ean m\u1ec1 g\u00e0, xi\u00ean n\u00f3ng cay, xi\u00ean rau, xi\u00ean th\u1ecbt b\u00f2, xi\u00ean m\u1ef1c, xi\u00ean rong bi\u1ec3n, xi\u00ean b\u00e1nh m\u00ec n\u01b0\u1edbng, xi\u00ean t\u00e1o gai, xi\u00ean khoai m\u1ee1 v\u00e0 xi\u00ean tr\u00e1i c\u00e2y. <\/p>    <p class=\"wp-block-paragraph\">T\u00ednh linh ho\u1ea1t c\u1ee7a n\u00f3 cho ph\u00e9p n\u00f3 \u0111\u00e1p \u1ee9ng c\u00e1c nhu c\u1ea7u \u1ea9m th\u1ef1c \u0111a d\u1ea1ng, t\u1eeb th\u1ecbt v\u00e0 h\u1ea3i s\u1ea3n \u0111\u1ebfn rau v\u00e0 m\u00f3n tr\u00e1ng mi\u1ec7ng.<\/p>    <figure class=\"wp-block-gallery aligncenter has-nested-images columns-default is-cropped wp-block-gallery-3 is-layout-flex wp-block-gallery-is-layout-flex\"> <figure class=\"wp-block-image size-full\"><img loading=\"lazy\" decoding=\"async\" width=\"720\" height=\"540\" data-id=\"230\" src=\"https:\/\/meat-machine.com\/wp-content\/uploads\/2022\/12\/automatic-shish-kebab-machine.webp\" alt=\"m\u00e1y kebab shish t\u1ef1 \u0111\u1ed9ng\" class=\"wp-image-230\" title=\"\" srcset=\"https:\/\/meat-machine.com\/wp-content\/uploads\/2022\/12\/automatic-shish-kebab-machine.webp 720w, https:\/\/meat-machine.com\/wp-content\/uploads\/2022\/12\/automatic-shish-kebab-machine-300x225.webp 300w\" sizes=\"auto, (max-width: 720px) 100vw, 720px\" \/><figcaption class=\"wp-element-caption\">M\u00e1y Shish Kebab t\u1ef1 \u0111\u1ed9ng<\/figcaption><\/figure>    <figure class=\"wp-block-image size-full\"><img loading=\"lazy\" decoding=\"async\" width=\"720\" height=\"540\" data-id=\"229\" src=\"https:\/\/meat-machine.com\/wp-content\/uploads\/2022\/12\/Application-scope-of-the-shish-kebab-making-machine.webp\" alt=\"Ph\u1ea1m vi \u1ee9ng d\u1ee5ng c\u1ee7a m\u00e1y l\u00e0m shish kebab\" class=\"wp-image-229\" title=\"\" srcset=\"https:\/\/meat-machine.com\/wp-content\/uploads\/2022\/12\/Application-scope-of-the-shish-kebab-making-machine.webp 720w, https:\/\/meat-machine.com\/wp-content\/uploads\/2022\/12\/Application-scope-of-the-shish-kebab-making-machine-300x225.webp 300w\" sizes=\"auto, (max-width: 720px) 100vw, 720px\" \/><figcaption class=\"wp-element-caption\">Ph\u1ea1m vi \u1ee9ng d\u1ee5ng c\u1ee7a m\u00e1y l\u00e0m kebab<\/figcaption><\/figure> <\/figure>    <h2 class=\"wp-block-heading\">L\u00e0m th\u1ebf n\u00e0o \u0111\u1ec3 ch\u1ecdn \u0111\u01b0\u1ee3c nh\u00e0 s\u1ea3n xu\u1ea5t m\u00e1y xi\u00ean th\u1ecbt \u0111\u00e1ng tin c\u1eady?<\/h2>    <p class=\"wp-block-paragraph translation-block\">T\u1ea1i <strong>M\u00e1y M\u00f3c Taizy<\/strong>, ch\u00fang t\u00f4i t\u1ef1 h\u00e0o l\u00e0 nh\u00e0 s\u1ea3n xu\u1ea5t m\u00e1y m\u00f3c ch\u1ea5t l\u01b0\u1ee3ng cao \u0111\u00e1ng tin c\u1eady. D\u01b0\u1edbi \u0111\u00e2y l\u00e0 l\u00fd do b\u1ea1n c\u00f3 th\u1ec3 tin t\u01b0\u1edfng ch\u00fang t\u00f4i:<\/p>    <div class=\"wp-block-media-text is-stacked-on-mobile\"><figure class=\"wp-block-media-text__media\"><img loading=\"lazy\" decoding=\"async\" width=\"720\" height=\"540\" src=\"https:\/\/meat-machine.com\/wp-content\/uploads\/2022\/12\/meat-kebab-machine.webp\" alt=\"M\u00e1y l\u00e0m kebab th\u1ecbt\" class=\"wp-image-711 size-full\" title=\"\" srcset=\"https:\/\/meat-machine.com\/wp-content\/uploads\/2022\/12\/meat-kebab-machine.webp 720w, https:\/\/meat-machine.com\/wp-content\/uploads\/2022\/12\/meat-kebab-machine-300x225.webp 300w, https:\/\/meat-machine.com\/wp-content\/uploads\/2022\/12\/meat-kebab-machine-16x12.webp 16w\" sizes=\"auto, (max-width: 720px) 100vw, 720px\" \/><\/figure><div class=\"wp-block-media-text__content\"> <ul class=\"wp-block-list\"> <li><strong>Ch\u1ee9ng nh\u1eadn c\u1ee7a c\u00f4ng ty:<\/strong> Taizy Machinery \u0111\u1ea1t ch\u1ee9ng nh\u1eadn CE, \u0111\u1ea3m b\u1ea3o ti\u00eau chu\u1ea9n ch\u1ea5t l\u01b0\u1ee3ng v\u00e0 an to\u00e0n cao. <\/li>    <li><strong>Ch\u1ea5t l\u01b0\u1ee3ng m\u00e1y:<\/strong> Ch\u00fang t\u00f4i cung c\u1ea5p h\u00ecnh \u1ea3nh v\u00e0 video chi ti\u1ebft \u0111\u1ec3 \u0111\u1ea3m b\u1ea3o t\u00ednh minh b\u1ea1ch v\u00e0 \u0111\u1ed9 tin c\u1eady c\u1ee7a s\u1ea3n ph\u1ea9m. <\/li>    <li><strong>D\u1ecbch v\u1ee5 h\u1eadu m\u00e3i:<\/strong> H\u1ed7 tr\u1ee3 to\u00e0n di\u1ec7n bao g\u1ed3m b\u1ea3o h\u00e0nh v\u00e0 h\u1ed7 tr\u1ee3 k\u1ef9 thu\u1eadt \u0111\u1ec3 v\u1eadn h\u00e0nh tr\u01a1n tru. <\/li>    <li><strong>Kinh nghi\u1ec7m xu\u1ea5t kh\u1ea9u:<\/strong> Kinh nghi\u1ec7m xu\u1ea5t kh\u1ea9u to\u00e0n c\u1ea7u phong ph\u00fa v\u1edbi gi\u1ea3i ph\u00e1p logistics chuy\u00ean nghi\u1ec7p v\u00e0 giao h\u00e0ng \u0111\u00fang h\u1ea1n.<\/li> <\/ul> <\/div><\/div>    <p class=\"wp-block-paragraph translation-block\">Ch\u1ecdn <strong>M\u00e1y M\u00f3c Taizy<\/strong> cho c\u00e1c gi\u1ea3i ph\u00e1p \u0111\u00e1ng tin c\u1eady v\u00e0 d\u1ecbch v\u1ee5 v\u00f4 song. H\u00e3y \u0111\u1ec3 ch\u00fang t\u00f4i gi\u00fap b\u1ea1n \u0111\u1ea1t \u0111\u01b0\u1ee3c m\u1ee5c ti\u00eau kinh doanh v\u1edbi s\u1ef1 t\u1ef1 tin!<\/p>    <h2 class=\"wp-block-heading\">Ph\u1ea7n k\u1ebft lu\u1eadn<\/h2>    <p class=\"wp-block-paragraph translation-block\">T\u00f3m l\u1ea1i, c\u00e1c t\u00ednh n\u0103ng ti\u00ean ti\u1ebfn, ch\u1ea5t li\u1ec7u ch\u1ea5t l\u01b0\u1ee3ng cao v\u00e0 s\u1ef1 d\u1ec5 d\u00e0ng trong v\u1eadn h\u00e0nh c\u1ee7a <strong>M\u00e1y Xi\u00ean Kebab T\u1ef1 \u0110\u1ed9ng<\/strong> l\u00e0m cho n\u00f3 tr\u1edf th\u00e0nh s\u1ef1 l\u1ef1a ch\u1ecdn l\u00fd t\u01b0\u1edfng cho c\u00e1c nh\u00e0 m\u00e1y xi\u00ean th\u1ecbt, nh\u00e0 h\u00e0ng n\u01b0\u1edbng th\u1ecbt v\u00e0 c\u00e1c doanh nghi\u1ec7p ch\u1ebf bi\u1ebfn th\u1ef1c ph\u1ea9m. <\/p>    <p class=\"wp-block-paragraph\">V\u1edbi chi\u1ebfc m\u00e1y n\u00e0y, b\u1ea1n c\u00f3 th\u1ec3 c\u1ea3i thi\u1ec7n \u0111\u00e1ng k\u1ec3 n\u0103ng su\u1ea5t trong khi v\u1eabn duy tr\u00ec c\u00e1c ti\u00eau chu\u1ea9n an to\u00e0n v\u00e0 v\u1ec7 sinh. H\u00e3y li\u00ean h\u1ec7 v\u1edbi ch\u00fang t\u00f4i ngay h\u00f4m nay \u0111\u1ec3 t\u00ecm hi\u1ec3u th\u00eam v\u1ec1 c\u00e1ch chi\u1ebfc m\u00e1y c\u1ea3i ti\u1ebfn n\u00e0y c\u00f3 th\u1ec3 mang l\u1ea1i l\u1ee3i \u00edch cho ho\u1ea1t \u0111\u1ed9ng c\u1ee7a b\u1ea1n!<\/p>","protected":false},"excerpt":{"rendered":"<p>M\u00e1y l\u00e0m Shish Kebab t\u1ef1 \u0111\u1ed9ng c\u00f3 th\u1ec3 t\u1ef1 \u0111\u1ed9ng h\u00f3a qu\u00e1 tr\u00ecnh xi\u00ean th\u1ecbt v\u00e0 c\u00e1c th\u00e0nh ph\u1ea7n kh\u00e1c. <\/p>","protected":false},"author":1,"featured_media":228,"parent":0,"template":"","tags":[12],"product-type":[4],"class_list":["post-226","product","type-product","status-publish","has-post-thumbnail","hentry","tag-shish-kebab-machine","product-type-meat-grinder"],"_links":{"self":[{"href":"https:\/\/meat-machine.com\/vi\/wp-json\/wp\/v2\/product\/226","targetHints":{"allow":["GET"]}}],"collection":[{"href":"https:\/\/meat-machine.com\/vi\/wp-json\/wp\/v2\/product"}],"about":[{"href":"https:\/\/meat-machine.com\/vi\/wp-json\/wp\/v2\/types\/product"}],"author":[{"embeddable":true,"href":"https:\/\/meat-machine.com\/vi\/wp-json\/wp\/v2\/users\/1"}],"wp:featuredmedia":[{"embeddable":true,"href":"https:\/\/meat-machine.com\/vi\/wp-json\/wp\/v2\/media\/228"}],"wp:attachment":[{"href":"https:\/\/meat-machine.com\/vi\/wp-json\/wp\/v2\/media?parent=226"}],"wp:term":[{"taxonomy":"post_tag","embeddable":true,"href":"https:\/\/meat-machine.com\/vi\/wp-json\/wp\/v2\/tags?post=226"},{"taxonomy":"product-type","embeddable":true,"href":"https:\/\/meat-machine.com\/vi\/wp-json\/wp\/v2\/product-type?post=226"}],"curies":[{"name":"wp","href":"https:\/\/api.w.org\/{rel}","templated":true}]}}