{"id":217,"date":"2022-11-25T15:14:54","date_gmt":"2022-11-25T07:14:54","guid":{"rendered":"https:\/\/meat-machine.com\/?post_type=product&#038;p=217"},"modified":"2023-02-07T15:12:59","modified_gmt":"2023-02-07T07:12:59","slug":"may-thai-ca","status":"publish","type":"product","link":"https:\/\/meat-machine.com\/vi\/product\/fish-slicer-machine\/","title":{"rendered":"M\u00e1y C\u1eaft C\u00e1 | M\u00e1y phi l\u00ea c\u00e1"},"content":{"rendered":"<div class=\"kk-star-ratings kksr-auto kksr-align-left kksr-valign-top\"     data-payload='{&quot;align&quot;:&quot;left&quot;,&quot;id&quot;:&quot;217&quot;,&quot;slug&quot;:&quot;default&quot;,&quot;valign&quot;:&quot;top&quot;,&quot;ignore&quot;:&quot;&quot;,&quot;reference&quot;:&quot;auto&quot;,&quot;class&quot;:&quot;&quot;,&quot;count&quot;:&quot;11&quot;,&quot;legendonly&quot;:&quot;&quot;,&quot;readonly&quot;:&quot;&quot;,&quot;score&quot;:&quot;4.7&quot;,&quot;starsonly&quot;:&quot;&quot;,&quot;best&quot;:&quot;5&quot;,&quot;gap&quot;:&quot;5&quot;,&quot;greet&quot;:&quot;Rate this product&quot;,&quot;legend&quot;:&quot;4.7\\\/5 - (11 b\u00ecnh ch\u1ecdn)&quot;,&quot;size&quot;:&quot;24&quot;,&quot;title&quot;:&quot;Fish Slicer Machine | Fish Fillet Machine&quot;,&quot;width&quot;:&quot;133.8&quot;,&quot;_legend&quot;:&quot;{score}\\\/{best} - ({count} {votes})&quot;,&quot;font_factor&quot;:&quot;1.25&quot;}'>              <div class=\"kksr-stars\">      <div class=\"kksr-stars-inactive\">             <div class=\"kksr-star\" data-star=\"1\" style=\"padding-right: 5px\">               <div class=\"kksr-icon\" style=\"width: 24px; height: 24px;\"><\/div>         <\/div>             <div class=\"kksr-star\" data-star=\"2\" style=\"padding-right: 5px\">               <div class=\"kksr-icon\" style=\"width: 24px; height: 24px;\"><\/div>         <\/div>             <div class=\"kksr-star\" data-star=\"3\" style=\"padding-right: 5px\">               <div class=\"kksr-icon\" style=\"width: 24px; height: 24px;\"><\/div>         <\/div>             <div class=\"kksr-star\" data-star=\"4\" style=\"padding-right: 5px\">               <div class=\"kksr-icon\" style=\"width: 24px; height: 24px;\"><\/div>         <\/div>             <div class=\"kksr-star\" data-star=\"5\" style=\"padding-right: 5px\">               <div class=\"kksr-icon\" style=\"width: 24px; height: 24px;\"><\/div>         <\/div>     <\/div>      <div class=\"kksr-stars-active\" style=\"width: 133.8px;\">             <div class=\"kksr-star\" style=\"padding-right: 5px\">               <div class=\"kksr-icon\" style=\"width: 24px; height: 24px;\"><\/div>         <\/div>             <div class=\"kksr-star\" style=\"padding-right: 5px\">               <div class=\"kksr-icon\" style=\"width: 24px; height: 24px;\"><\/div>         <\/div>             <div class=\"kksr-star\" style=\"padding-right: 5px\">               <div class=\"kksr-icon\" style=\"width: 24px; height: 24px;\"><\/div>         <\/div>             <div class=\"kksr-star\" style=\"padding-right: 5px\">               <div class=\"kksr-icon\" style=\"width: 24px; height: 24px;\"><\/div>         <\/div>             <div class=\"kksr-star\" style=\"padding-right: 5px\">               <div class=\"kksr-icon\" style=\"width: 24px; height: 24px;\"><\/div>         <\/div>     <\/div> <\/div>                   <div class=\"kksr-legend\" style=\"font-size: 19.2px;\">             4.7\/5 - (11 l\u01b0\u1ee3t b\u00ecnh ch\u1ecdn)    <\/div>     <\/div>  <p class=\"wp-block-paragraph translation-block\">M\u00e1y c\u1eaft c\u00e1 l\u00e0 m\u1ed9t m\u00e1y ch\u1ebf bi\u1ebfn c\u00e1 ph\u1ed5 bi\u1ebfn t\u1ea1i Taizy meat machinery. M\u00e1y n\u00e0y c\u00f3 th\u1ec3 m\u00f4 ph\u1ecfng c\u00e1ch c\u1eaft b\u1eb1ng tay \u0111\u1ec3 c\u1eaft mi\u1ebfng c\u00e1 nguy\u00ean v\u1eb9n th\u00e0nh l\u00e1t c\u00f3 \u0111\u1ed9 d\u00e0y \u0111\u1ed3ng \u0111\u1ec1u. \u0110\u1ed9 d\u00e0y l\u00e1t c\u00e1 c\u00f3 th\u1ec3 \u0111i\u1ec1u ch\u1ec9nh. \u0110\u1ed9 d\u00e0y fillet c\u00f3 th\u1ec3 dao \u0111\u1ed9ng t\u1eeb 1mm \u0111\u1ebfn 40mm. Ch\u00fang t\u00f4i c\u00f3 th\u1ec3 tu\u1ef3 ch\u1ec9nh g\u00f3c c\u1eaft c\u1ee7a m\u00e1y theo nhu c\u1ea7u c\u1ee7a kh\u00e1ch h\u00e0ng (15-45 \u0111\u1ed9). Ngo\u00e0i ra, m\u00e1y c\u1eaft c\u00e1 Taizy c\u00f3 th\u1ec3 c\u1eaft b\u1ea5t k\u1ef3 lo\u1ea1i c\u00e1 n\u00e0o. Tu\u1ea7n tr\u01b0\u1edbc, kh\u00e1ch h\u00e0ng c\u1ee7a ch\u00fang t\u00f4i \u0111\u00e3 mua m\u1ed9t m\u00e1y l\u00e0m fillet \u0111\u1ec3 c\u1eaft c\u00e1 h\u1ed3i. V\u00ec v\u1eady, n\u1ebfu b\u1ea1n mu\u1ed1n mua m\u00e1y filleting c\u00e1 h\u1ed3i, m\u00e1y n\u00e0y l\u00e0 m\u1ed9t l\u1ef1a ch\u1ecdn t\u1ed1t.<\/p>   <div class=\"wp-block-image\"> <figure class=\"aligncenter size-full\"><img loading=\"lazy\" decoding=\"async\" width=\"720\" height=\"640\" src=\"https:\/\/meat-machine.com\/wp-content\/uploads\/2022\/11\/fish-slicer-machine.webp\" alt=\"m\u00e1y th\u00e1i c\u00e1\" class=\"wp-image-221\" title=\"\" srcset=\"https:\/\/meat-machine.com\/wp-content\/uploads\/2022\/11\/fish-slicer-machine.webp 720w, https:\/\/meat-machine.com\/wp-content\/uploads\/2022\/11\/fish-slicer-machine-300x267.webp 300w\" sizes=\"auto, (max-width: 720px) 100vw, 720px\" \/><figcaption class=\"wp-element-caption\">m\u00e1y th\u00e1i c\u00e1<\/figcaption><\/figure> <\/div>   <h2 class=\"wp-block-heading\">Video ho\u1ea1t \u0111\u1ed9ng c\u1ee7a m\u00e1y th\u00e1i c\u00e1<\/h2>    <figure class=\"wp-block-embed is-type-video is-provider-youtube wp-block-embed-youtube wp-embed-aspect-16-9 wp-has-aspect-ratio\"><div class=\"wp-block-embed__wrapper\"> <iframe loading=\"lazy\" title=\"M\u00e1y th\u00e1i c\u00e1 t\u1ed1t nh\u1ea5t | C\u1ea7n b\u00e1n m\u00e1y phi l\u00ea c\u00e1 | M\u00e1y c\u1eaft c\u00e1 #shorts\" width=\"500\" height=\"281\" src=\"https:\/\/www.youtube.com\/embed\/sXfbZ0-f8vc?feature=oembed\" frameborder=\"0\" allow=\"accelerometer; autoplay; clipboard-write; encrypted-media; gyroscope; picture-in-picture; web-share\" referrerpolicy=\"strict-origin-when-cross-origin\" allowfullscreen><\/iframe> <\/div><\/figure>    <h2 class=\"wp-block-heading\">Nguy\u00ean l\u00fd l\u00e0m vi\u1ec7c c\u1ee7a m\u00e1y phi l\u00ea c\u00e1 l\u00e0 g\u00ec?<\/h2>    <p class=\"wp-block-paragraph\">M\u00e1y phi l\u00ea c\u00e1 th\u01b0\u01a1ng m\u1ea1i m\u00f4 ph\u1ecfng nguy\u00ean l\u00fd c\u1eaft l\u00e1t th\u1ee7 c\u00f4ng v\u00e0 \u0111i\u1ec1u khi\u1ec3n thi\u1ebft b\u1ecb cho \u0103n v\u00e0 b\u1ed9 m\u00e1y c\u1eaft d\u01b0\u1edbi t\u00e1c \u0111\u1ed9ng c\u1ee7a \u0111\u1ed9ng c\u01a1 v\u00e0 h\u1ed9p s\u1ed1. Nh\u00f3m dao c\u1eaft g\u1ed3m 50-80 con dao \u0111\u01b0\u1ee3c s\u1eafp x\u1ebfp \u0111\u1ec1u nhau. Sau khi cho c\u00e1 v\u00e0o m\u00e1y, nh\u1ea5n n\u00fat n\u00e2ng l\u00ean, thi\u1ebft b\u1ecb cho c\u00e1 \u0103n s\u1ebd di chuy\u1ec3n v\u1ec1 ph\u00eda l\u01b0\u1ee1i dao. Sau \u0111\u00f3, c\u00e1 s\u1ebd \u0111\u01b0\u1ee3c c\u1eaft theo chi\u1ec1u ngang b\u1eb1ng l\u01b0\u1ee1i dao c\u1ea1o. \u0110\u00e2y l\u00e0 l\u00fd do t\u1ea1i sao m\u00e1y phi l\u00ea c\u00e1 ho\u00e0n to\u00e0n t\u1ef1 \u0111\u1ed9ng c\u1eaft th\u1ecbt c\u00e1 th\u00e0nh t\u1eebng l\u00e1t xi\u00ean.<\/p>   <div class=\"wp-block-image\"> <figure class=\"aligncenter size-full\"><img loading=\"lazy\" decoding=\"async\" width=\"720\" height=\"540\" src=\"https:\/\/meat-machine.com\/wp-content\/uploads\/2022\/11\/fillets-of-different-thicknesses.webp\" alt=\"phil\u00ea c\u00f3 \u0111\u1ed9 d\u00e0y kh\u00e1c nhau\" class=\"wp-image-219\" title=\"\" srcset=\"https:\/\/meat-machine.com\/wp-content\/uploads\/2022\/11\/fillets-of-different-thicknesses.webp 720w, https:\/\/meat-machine.com\/wp-content\/uploads\/2022\/11\/fillets-of-different-thicknesses-300x225.webp 300w\" sizes=\"auto, (max-width: 720px) 100vw, 720px\" \/><figcaption class=\"wp-element-caption\">phil\u00ea c\u00f3 \u0111\u1ed9 d\u00e0y kh\u00e1c nhau<\/figcaption><\/figure> <\/div>   <h2 class=\"wp-block-heading\">Th\u00f4ng s\u1ed1 k\u1ef9 thu\u1eadt<\/h2>    <figure class=\"wp-block-table\"><table><tbody><tr><td>T\u00ean<\/td><td>M\u00e1y th\u00e1i c\u00e1<\/td><\/tr><tr><td>K\u00edch th\u01b0\u1edbc (mm)<\/td><td>1030*700*850<\/td><\/tr><tr><td>\u0110i\u1ec7n \u00e1p (v)<\/td><td>220<\/td><\/tr><tr><td>C\u00f4ng su\u1ea5t (kW)<\/td><td>1.62<\/td><\/tr><tr><td>Tr\u1ecdng l\u01b0\u1ee3ng (kg)<\/td><td>160<\/td><\/tr><tr><td>C\u00f4ng su\u1ea5t (kg \/ gi\u1edd)<\/td><td>200kg\/gi\u1edd<\/td><\/tr><\/tbody><\/table><\/figure>    <p class=\"wp-block-paragraph translation-block\">Tr\u00ean \u0111\u00e2y ch\u1ec9 l\u00e0 th\u00f4ng s\u1ed1 k\u1ef9 thu\u1eadt c\u1ee7a m\u1ed9t trong c\u00e1c m\u00e1y c\u1eaft c\u00e1 c\u1ee7a ch\u00fang t\u00f4i. T\u1ea1i Taizy Meat Machinery, ch\u00fang t\u00f4i c\u00f3 nhi\u1ec1u lo\u1ea1i m\u00e1y c\u1eaft c\u00e1 cho kh\u00e1ch h\u00e0ng l\u1ef1a ch\u1ecdn. \u0110\u1ed9 d\u00e0y l\u00e1t c\u00e1 c\u00f3 th\u1ec3 c\u1eaft t\u1eeb 1mm \u0111\u1ebfn 40mm. N\u1ebfu kh\u00e1ch h\u00e0ng c\u00f3 y\u00eau c\u1ea7u \u0111\u1ed9 d\u00e0y kh\u00e1c, ch\u00fang t\u00f4i c\u0169ng c\u00f3 th\u1ec3 cung c\u1ea5p d\u1ecbch v\u1ee5 t\u00f9y ch\u1ec9nh. B\u00ean c\u1ea1nh \u0111\u00f3, c\u00f4ng ty ch\u00fang t\u00f4i c\u00f2n c\u00f3 m\u1ed9t <a href=\"https:\/\/meat-machine.com\/vi\/san-pham\/may-tach-xuong-ca\/\">m\u00e1y lo\u1ea1i b\u1ecf x\u01b0\u01a1ng c\u00e1<\/a> \u0111\u1ec3 b\u1ea1n lo\u1ea1i b\u1ecf x\u01b0\u01a1ng c\u00e1.<\/p>    <h2 class=\"wp-block-heading\">\u01afu \u0111i\u1ec3m c\u1ee7a m\u00e1y th\u00e1i c\u00e1<\/h2>    <ol class=\"wp-block-list\"> <li>D\u1ec5 d\u00e0ng di chuy\u1ec3n. D\u01b0\u1edbi \u0111\u00e1y m\u00e1y th\u00e1i c\u00e1 t\u01b0\u01a1i t\u1ef1 \u0111\u1ed9ng c\u00f3 c\u00e1c con l\u0103n gi\u00fap d\u1ec5 d\u00e0ng di chuy\u1ec3n.<\/li>    <li>Th\u1ed1ng nh\u1ea5t v\u00e0 hi\u1ec7u qu\u1ea3 cao. M\u00e1y c\u00f3 th\u1ec3 ch\u1ebf bi\u1ebfn c\u00e1c lo\u1ea1i c\u00e1 \u0103n \u0111\u01b0\u1ee3c th\u00f4ng th\u01b0\u1eddng, hi\u1ec7u su\u1ea5t t\u01b0\u01a1ng \u0111\u01b0\u01a1ng v\u1edbi 20 ng\u01b0\u1eddi. H\u01a1n n\u1eefa, m\u00e1y s\u1ebd kh\u00f4ng l\u00e0m h\u1ecfng c\u00e1, c\u00e1 \u0111\u01b0\u1ee3c th\u00e1i l\u00e1t s\u1ebd gi\u1eef nguy\u00ean h\u00ecnh d\u1ea1ng ban \u0111\u1ea7u.<\/li>    <li>\u0110\u1ed9 d\u00e0y c\u1ee7a phi l\u00ea c\u00e1 c\u00f3 th\u1ec3 \u0111i\u1ec1u ch\u1ec9nh \u0111\u01b0\u1ee3c. M\u00e1y n\u00e0y c\u00f3 th\u1ec3 \u0111i\u1ec1u ch\u1ec9nh \u0111\u1ed9 d\u00e0y l\u00e1t c\u1eaft, t\u1ed1c \u0111\u1ed9 c\u1eaft l\u00e1t v\u00e0 g\u00f3c c\u1eaft. T\u1ed1c \u0111\u1ed9 di chuy\u1ec3n c\u1ee7a m\u00e1y c\u1eaft c\u00f3 th\u1ec3 \u0111\u01b0\u1ee3c \u0111i\u1ec1u ch\u1ec9nh l\u00ean 64-280 l\u1ea7n m\u1ed7i ph\u00fat.<\/li>    <li>Mi\u1ebfng c\u00e1 th\u00e1i m\u1ecfng \u0111\u1ec1u.<\/li>    <li>M\u00e1y th\u00e1i th\u1ecbt \u0111\u01b0\u1ee3c l\u00e0m b\u1eb1ng th\u00e9p kh\u00f4ng g\u1ec9 c\u1ea5p th\u1ef1c ph\u1ea9m. N\u00f3 c\u00f3 \u0111\u1eb7c \u0111i\u1ec3m l\u00e0 kh\u00f4ng d\u1ec5 r\u01a1i x\u1ec9 v\u00e0 h\u1ee3p v\u1ec7 sinh.<\/li>    <li>D\u1ec5 d\u00e0ng \u0111\u1ec3 l\u00e0m s\u1ea1ch. M\u00e1y th\u00e1i c\u00e1 c\u00f3 c\u1ea5u t\u1ea1o \u0111\u01a1n gi\u1ea3n n\u00ean d\u1ec5 d\u00e0ng v\u1ec7 sinh.<\/li> <\/ol>   <div class=\"wp-block-image\"> <figure class=\"aligncenter size-full\"><img loading=\"lazy\" decoding=\"async\" width=\"720\" height=\"540\" src=\"https:\/\/meat-machine.com\/wp-content\/uploads\/2022\/11\/slicing-effect-of-the-fish-filleter-machine.webp\" alt=\"t\u00e1c d\u1ee5ng c\u1eaft l\u00e1t c\u1ee7a m\u00e1y phi l\u00ea c\u00e1\" class=\"wp-image-224\" title=\"\" srcset=\"https:\/\/meat-machine.com\/wp-content\/uploads\/2022\/11\/slicing-effect-of-the-fish-filleter-machine.webp 720w, https:\/\/meat-machine.com\/wp-content\/uploads\/2022\/11\/slicing-effect-of-the-fish-filleter-machine-300x225.webp 300w\" sizes=\"auto, (max-width: 720px) 100vw, 720px\" \/><figcaption class=\"wp-element-caption\">t\u00e1c d\u1ee5ng c\u1eaft l\u00e1t c\u1ee7a m\u00e1y phi l\u00ea c\u00e1<\/figcaption><\/figure> <\/div>   <h2 class=\"wp-block-heading\">Ph\u1ea1m vi \u1ee9ng d\u1ee5ng c\u1ee7a m\u00e1y th\u00e1i c\u00e1<\/h2>    <p class=\"wp-block-paragraph translation-block\">M\u00e1y filleting c\u00e1 c\u00f3 th\u1ec3 fillet nhi\u1ec1u lo\u1ea1i c\u00e1 t\u01b0\u01a1i, kh\u00f4 v\u00e0 si\u00eau c\u1ea5p \u0111\u00f4ng nh\u01b0 c\u00e1 h\u1ed3i, c\u00e1 da tr\u01a1n, c\u00e1 tr\u00edch \u0111en, c\u00e1 thu, c\u00e1 ch\u00e9p, c\u00e1 h\u1ed3i, <a href=\"https:\/\/en.wikipedia.org\/wiki\/Guppy\" target=\"_blank\" rel=\"noopener\">guppy<\/a>, c\u00e1 h\u1ed3, c\u00e1 v\u01b0\u1ee3c bi\u1ec3n, barramundi, v.v. M\u00e1y c\u0169ng ph\u00f9 h\u1ee3p \u0111\u1ec3 l\u00e1t pancetta, pancetta b\u00f2, gan b\u00f2, gan heo, b\u1ea1ch tu\u1ed9c v\u00e0 c\u00e1c nguy\u00ean li\u1ec7u th\u1ecbt m\u1ec1m kh\u00e1c. Th\u00edch h\u1ee3p cho kh\u00e1ch s\u1ea1n, nh\u00e0 h\u00e0ng, ch\u1ebf bi\u1ebfn th\u1ee7y s\u1ea3n v\u00e0 c\u00e1c ng\u00e0nh \u0103n u\u1ed1ng kh\u00e1c. \u0110\u1ed3ng th\u1eddi, m\u00e1y c\u1eaft l\u00e1t c\u00e1 c\u0169ng \u0111\u01b0\u1ee3c s\u1eed d\u1ee5ng ph\u1ed5 bi\u1ebfn trong c\u00e1c nh\u00e0 h\u00e0ng l\u1ea9u, c\u00e1 ng\u00e2m, c\u1eeda h\u00e0ng c\u00e1 lu\u1ed9c, c\u0103ng tin, kh\u00e1ch s\u1ea1n v\u00e0 c\u00e1c lo\u1ea1i c\u00f4ng ty catering kh\u00e1c.<\/p>   <div class=\"wp-block-image\"> <figure class=\"aligncenter size-full\"><img loading=\"lazy\" decoding=\"async\" width=\"750\" height=\"470\" src=\"https:\/\/meat-machine.com\/wp-content\/uploads\/2022\/11\/product-application.webp\" alt=\"\u1ee9ng d\u1ee5ng s\u1ea3n ph\u1ea9m\" class=\"wp-image-223\" title=\"\" srcset=\"https:\/\/meat-machine.com\/wp-content\/uploads\/2022\/11\/product-application.webp 750w, https:\/\/meat-machine.com\/wp-content\/uploads\/2022\/11\/product-application-300x188.webp 300w\" sizes=\"auto, (max-width: 750px) 100vw, 750px\" \/><figcaption class=\"wp-element-caption\">\u1ee9ng d\u1ee5ng s\u1ea3n ph\u1ea9m<\/figcaption><\/figure> <\/div>   <h2 class=\"wp-block-heading\">L\u00e0m th\u1ebf n\u00e0o \u0111\u1ec3 l\u00e0m s\u1ea1ch m\u00e1y phi l\u00ea c\u00e1?<\/h2>    <p class=\"wp-block-paragraph\">M\u00e1y c\u1ea7n \u0111\u01b0\u1ee3c l\u00e0m s\u1ea1ch sau m\u1ed7i l\u1ea7n s\u1eed d\u1ee5ng. C\u00e1c khu v\u1ef1c c\u1ea7n \u0111\u01b0\u1ee3c l\u00e0m s\u1ea1ch l\u00e0 khay c\u00e1 v\u00e0 khe c\u1ee7a l\u01b0\u1ee1i dao. Khi l\u00e0m s\u1ea1ch, b\u1ea1n ch\u1ec9 c\u1ea7n r\u1eeda s\u1ea1ch c\u00e1c k\u1ebd h\u1edf v\u00e0 b\u1ec1 m\u1eb7t c\u1ee7a \u0111\u0129a v\u00e0 l\u01b0\u1ee1i dao b\u1eb1ng n\u01b0\u1edbc. Nh\u01b0ng h\u00e3y c\u1ea9n th\u1eadn kh\u00f4ng s\u1eed d\u1ee5ng c\u00e1c v\u1eadt c\u1ee9ng \u0111\u1ec3 g\u00f5 v\u00e0o m\u00e1y phi l\u00ea c\u00e1, \u0111\u1ec3 kh\u00f4ng l\u00e0m h\u1ecfng c\u00e1c b\u1ed9 ph\u1eadn c\u1ee7a m\u00e1y. Trong khi s\u1eed d\u1ee5ng m\u00e1y, b\u1ea1n c\u1ea7n th\u01b0\u1eddng xuy\u00ean \u0111\u1ed5 d\u1ea7u v\u00e0o l\u1ed7 \u0111\u1ed5 d\u1ea7u \u0111\u01b0\u1ee3c ghi nh\u00e3n b\u1eb1ng t\u1eeb \"d\u1ea7u\" \u0111\u1ec3 m\u00e1y c\u00f3 \u0111\u1ee7 \u0111\u1ed9 b\u00f4i tr\u01a1n. B\u1ec1 m\u1eb7t c\u1ee7a gi\u00e1 \u0111\u1ee1 dao c\u1eaft c\u00e1 v\u00e0 m\u00e1y c\u00f3 th\u1ec3 \u0111\u01b0\u1ee3c lau b\u1eb1ng d\u1ea7u \u0103n pha lo\u00e3ng. N\u1ebfu m\u00e1y c\u1eaft c\u00e1 kh\u00f4ng \u0111\u01b0\u1ee3c s\u1eed d\u1ee5ng trong th\u1eddi gian d\u00e0i, n\u00f3 n\u00ean \u0111\u01b0\u1ee3c che b\u1eb1ng m\u1ed9t mi\u1ebfng v\u1ea3i sau khi l\u00e0m s\u1ea1ch \u0111\u1ec3 thu\u1eadn ti\u1ec7n cho l\u1ea7n s\u1eed d\u1ee5ng ti\u1ebfp theo.<\/p>","protected":false},"excerpt":{"rendered":"<p>Fish slicer machine is a common fish processing machine in Taizy meat machinery. This machine can imitate the way of artificial slicing to cut the whole piece of fish into slices with uniform thickness. The thickness of the fish slice can be adjusted. The thickness of the fillets can vary from 1mm to 40mm. We [&hellip;]<\/p>\n","protected":false},"author":1,"featured_media":220,"parent":0,"template":"","tags":[20],"product-type":[25],"class_list":["post-217","product","type-product","status-publish","has-post-thumbnail","hentry","tag-fish-slicer-machine","product-type-fish-processing-machine"],"_links":{"self":[{"href":"https:\/\/meat-machine.com\/vi\/wp-json\/wp\/v2\/product\/217","targetHints":{"allow":["GET"]}}],"collection":[{"href":"https:\/\/meat-machine.com\/vi\/wp-json\/wp\/v2\/product"}],"about":[{"href":"https:\/\/meat-machine.com\/vi\/wp-json\/wp\/v2\/types\/product"}],"author":[{"embeddable":true,"href":"https:\/\/meat-machine.com\/vi\/wp-json\/wp\/v2\/users\/1"}],"wp:featuredmedia":[{"embeddable":true,"href":"https:\/\/meat-machine.com\/vi\/wp-json\/wp\/v2\/media\/220"}],"wp:attachment":[{"href":"https:\/\/meat-machine.com\/vi\/wp-json\/wp\/v2\/media?parent=217"}],"wp:term":[{"taxonomy":"post_tag","embeddable":true,"href":"https:\/\/meat-machine.com\/vi\/wp-json\/wp\/v2\/tags?post=217"},{"taxonomy":"product-type","embeddable":true,"href":"https:\/\/meat-machine.com\/vi\/wp-json\/wp\/v2\/product-type?post=217"}],"curies":[{"name":"wp","href":"https:\/\/api.w.org\/{rel}","templated":true}]}}