{"id":1231,"date":"2026-04-27T16:09:49","date_gmt":"2026-04-27T08:09:49","guid":{"rendered":"https:\/\/meat-machine.com\/?post_type=product&#038;p=1231"},"modified":"2026-04-27T16:20:06","modified_gmt":"2026-04-27T08:20:06","slug":"meat-mixing-machine","status":"publish","type":"product","link":"https:\/\/meat-machine.com\/vi\/product\/meat-mixing-machine\/","title":{"rendered":"M\u00e1y tr\u1ed9n th\u1ecbt"},"content":{"rendered":"<div class=\"kk-star-ratings kksr-auto kksr-align-left kksr-valign-top\"     data-payload='{&quot;align&quot;:&quot;left&quot;,&quot;id&quot;:&quot;1231&quot;,&quot;slug&quot;:&quot;default&quot;,&quot;valign&quot;:&quot;top&quot;,&quot;ignore&quot;:&quot;&quot;,&quot;reference&quot;:&quot;auto&quot;,&quot;class&quot;:&quot;&quot;,&quot;count&quot;:&quot;30&quot;,&quot;legendonly&quot;:&quot;&quot;,&quot;readonly&quot;:&quot;&quot;,&quot;score&quot;:&quot;4.5&quot;,&quot;starsonly&quot;:&quot;&quot;,&quot;best&quot;:&quot;5&quot;,&quot;gap&quot;:&quot;5&quot;,&quot;greet&quot;:&quot;Rate this product&quot;,&quot;legend&quot;:&quot;4.5\\\/5 - (30 b\u00ecnh ch\u1ecdn)&quot;,&quot;size&quot;:&quot;24&quot;,&quot;title&quot;:&quot;Meat mixing machine&quot;,&quot;width&quot;:&quot;128&quot;,&quot;_legend&quot;:&quot;{score}\\\/{best} - ({count} {votes})&quot;,&quot;font_factor&quot;:&quot;1.25&quot;}'>              <div class=\"kksr-stars\">      <div class=\"kksr-stars-inactive\">             <div class=\"kksr-star\" data-star=\"1\" style=\"padding-right: 5px\">               <div class=\"kksr-icon\" style=\"width: 24px; height: 24px;\"><\/div>         <\/div>             <div class=\"kksr-star\" data-star=\"2\" style=\"padding-right: 5px\">               <div class=\"kksr-icon\" style=\"width: 24px; height: 24px;\"><\/div>         <\/div>             <div class=\"kksr-star\" data-star=\"3\" style=\"padding-right: 5px\">               <div class=\"kksr-icon\" style=\"width: 24px; height: 24px;\"><\/div>         <\/div>             <div class=\"kksr-star\" data-star=\"4\" style=\"padding-right: 5px\">               <div class=\"kksr-icon\" style=\"width: 24px; height: 24px;\"><\/div>         <\/div>             <div class=\"kksr-star\" data-star=\"5\" style=\"padding-right: 5px\">               <div class=\"kksr-icon\" style=\"width: 24px; height: 24px;\"><\/div>         <\/div>     <\/div>      <div class=\"kksr-stars-active\" style=\"width: 128px;\">             <div class=\"kksr-star\" style=\"padding-right: 5px\">               <div class=\"kksr-icon\" style=\"width: 24px; height: 24px;\"><\/div>         <\/div>             <div class=\"kksr-star\" style=\"padding-right: 5px\">               <div class=\"kksr-icon\" style=\"width: 24px; height: 24px;\"><\/div>         <\/div>             <div class=\"kksr-star\" style=\"padding-right: 5px\">               <div class=\"kksr-icon\" style=\"width: 24px; height: 24px;\"><\/div>         <\/div>             <div class=\"kksr-star\" style=\"padding-right: 5px\">               <div class=\"kksr-icon\" style=\"width: 24px; height: 24px;\"><\/div>         <\/div>             <div class=\"kksr-star\" style=\"padding-right: 5px\">               <div class=\"kksr-icon\" style=\"width: 24px; height: 24px;\"><\/div>         <\/div>     <\/div> <\/div>                   <div class=\"kksr-legend\" style=\"font-size: 19.2px;\">             4.5\/5 - (30 l\u01b0\u1ee3t b\u00ecnh ch\u1ecdn)    <\/div>     <\/div>  <p class=\"wp-block-paragraph translation-block\"><strong>M\u00e1y Tr\u1ed9n Th\u1ecbt<\/strong> l\u00e0 m\u1ed9t m\u00e1y ch\u1ebf bi\u1ebfn th\u1ef1c ph\u1ea9m th\u1ef1c t\u1ebf \u0111\u1ec3 tr\u1ed9n \u0111\u1ec1u v\u00e0 hi\u1ec7u qu\u1ea3 th\u1ecbt xay v\u00e0 nguy\u00ean li\u1ec7u \u0111\u00e3 c\u1eaft nh\u1ecf. N\u00f3 \u0111\u01b0\u1ee3c s\u1eed d\u1ee5ng r\u1ed9ng r\u00e3i trong c\u00e1c nh\u00e0 m\u00e1y ch\u1ebf bi\u1ebfn th\u1ecbt, nh\u00e0 h\u00e0ng, nh\u00e0 m\u00e1y s\u1ea3n xu\u1ea5t x\u00fac x\u00edch v\u00e0 d\u00e2y chuy\u1ec1n s\u1ea3n xu\u1ea5t th\u1ef1c ph\u1ea9m \u0111\u00f4ng l\u1ea1nh. V\u1edbi <strong>ph\u1ea1m vi c\u00f4ng su\u1ea5t 15-90kg\/l\u1ea7n<\/strong>, n\u00f3 c\u00f3 th\u1ec3 \u0111\u00e1p \u1ee9ng nhu c\u1ea7u s\u1ea3n xu\u1ea5t c\u1ee7a c\u00e1c x\u01b0\u1edfng nh\u1ecf c\u0169ng nh\u01b0 c\u00e1c ho\u1ea1t \u0111\u1ed9ng th\u01b0\u01a1ng m\u1ea1i trung b\u00ecnh.<\/p>    <p class=\"wp-block-paragraph\">Trang b\u1ecb c\u00e1c c\u00e1nh tr\u1ed9n m\u1ea1nh m\u1ebd v\u00e0 c\u1ea5u tr\u00fac th\u00e9p kh\u00f4ng g\u1ec9, m\u00e1y c\u00f3 th\u1ec3 tr\u1ed9n nhanh th\u1ecbt v\u1edbi gia v\u1ecb, tinh b\u1ed9t, s\u1ed1t v\u00e0 c\u00e1c ph\u1ee5 gia kh\u00e1c, \u0111\u1ea3m b\u1ea3o k\u1ebft c\u1ea5u, h\u1ea5p th\u1ee5 h\u01b0\u01a1ng v\u1ecb v\u00e0 \u0111\u1ed9 \u0111\u1ed3ng nh\u1ea5t c\u1ee7a s\u1ea3n ph\u1ea9m t\u1ed1t h\u01a1n. D\u1ec5 v\u1eadn h\u00e0nh, v\u1ec7 sinh v\u00e0 ph\u00f9 h\u1ee3p cho ho\u1ea1t \u0111\u1ed9ng th\u01b0\u01a1ng m\u1ea1i li\u00ean t\u1ee5c.<\/p>    <p class=\"wp-block-paragraph\">M\u00e1y n\u00e0y ch\u1ee7 y\u1ebfu d\u00f9ng \u0111\u1ec3 x\u1eed l\u00fd th\u1ecbt l\u1ee3n, b\u00f2, g\u00e0, c\u00e1, c\u1eebu, v\u00e0 c\u00e1c lo\u1ea1i th\u1ecbt xay nhuy\u1ec5n kh\u00e1c. N\u00f3 l\u00fd t\u01b0\u1edfng \u0111\u1ec3 l\u00e0m x\u00fac x\u00edch, vi\u00ean th\u1ecbt, b\u00e1nh m\u00ec k\u1eb9p th\u1ecbt, nh\u00e2n b\u00e1nh dumpling, b\u00e1nh th\u1ecbt, v\u00e0 c\u00e1c s\u1ea3n ph\u1ea9m th\u1ecbt ch\u1ebf bi\u1ebfn kh\u00e1c. B\u1eb1ng c\u00e1ch n\u00e2ng cao hi\u1ec7u qu\u1ea3 tr\u1ed9n v\u00e0 gi\u1ea3m lao \u0111\u1ed9ng th\u1ee7 c\u00f4ng, m\u00e1y tr\u1ed9n th\u1ecbt gi\u00fap doanh nghi\u1ec7p t\u0103ng n\u0103ng su\u1ea5t trong khi duy tr\u00ec ch\u1ea5t l\u01b0\u1ee3ng s\u1ea3n ph\u1ea9m \u1ed5n \u0111\u1ecbnh.<\/p>    <figure class=\"wp-block-embed is-type-video is-provider-youtube wp-block-embed-youtube wp-embed-aspect-9-16 wp-has-aspect-ratio\"><div class=\"wp-block-embed__wrapper\"> <iframe loading=\"lazy\" title=\"M\u00e1y Tr\u1ed9n Th\u1ecbt \u0111\u1ec3 B\u00e1n | Thi\u1ebft b\u1ecb Tr\u1ed9n Th\u1ecbt Hi\u1ec7u Qu\u1ea3 Cao #th\u1ecbt #tr\u1ed9n #x\u1eedl\u00fdth\u1ef1c ph\u1ea9m\" width=\"422\" height=\"750\" src=\"https:\/\/www.youtube.com\/embed\/2ciKKQqU20M?feature=oembed\" frameborder=\"0\" allow=\"accelerometer; autoplay; clipboard-write; encrypted-media; gyroscope; picture-in-picture; web-share\" referrerpolicy=\"strict-origin-when-cross-origin\" allowfullscreen><\/iframe> <\/div><figcaption class=\"wp-element-caption\">Video ho\u1ea1t \u0111\u1ed9ng c\u1ee7a m\u00e1y tr\u1ed9n th\u1ecbt<\/figcaption><\/figure>    <h2 class=\"wp-block-heading\">M\u00e1y tr\u1ed9n b\u00e1t th\u1ecbt ho\u1ea1t \u0111\u1ed9ng nh\u01b0 th\u1ebf n\u00e0o?<\/h2>    <p class=\"wp-block-paragraph translation-block\"><strong>M\u00e1y tr\u1ed9n th\u1ecbt<\/strong> c\u00f3 th\u1ec3 k\u1ebft h\u1ee3p th\u1ecbt xay v\u1edbi c\u00e1c th\u00e0nh ph\u1ea7n kh\u00e1c th\u00f4ng qua qu\u00e1 tr\u00ecnh l\u1eafc v\u00e0 khu\u1ea5y ki\u1ec3m so\u00e1t trong m\u1ed9t chi\u1ebfc b\u00e1t tr\u1ed9n. Khi ho\u1ea1t \u0111\u1ed9ng, c\u00e1c l\u01b0\u1ee1i dao tr\u1ed9n b\u00ean trong quay v\u00e0 n\u00e2ng v\u1eadt li\u1ec7u l\u1eb7p \u0111i l\u1eb7p l\u1ea1i, cho ph\u00e9p th\u1ecbt v\u00e0 ph\u1ee5 gia \u0111\u01b0\u1ee3c g\u1eadp, \u00e9p v\u00e0 tr\u1ed9n \u0111\u1ec1u t\u1eeb c\u00e1c g\u00f3c kh\u00e1c nhau. Chuy\u1ec3n \u0111\u1ed9ng li\u00ean t\u1ee5c n\u00e0y \u0111\u1ea3m b\u1ea3o ph\u00e2n ph\u1ed1i \u0111\u1ec1u m\u1ee1, gia v\u1ecb v\u00e0 \u0111\u1ed9 \u1ea9m trong to\u00e0n b\u1ed9 h\u1ed7n h\u1ee3p.<\/p>    <p class=\"wp-block-paragraph translation-block\">Th\u01b0\u1eddng \u0111\u01b0\u1ee3c s\u1eed d\u1ee5ng sau khi xay th\u1ecbt, \u0111\u1ec3 chu\u1ea9n b\u1ecb nguy\u00ean li\u1ec7u cho c\u00e1c s\u1ea3n ph\u1ea9m nh\u01b0 <a href=\"https:\/\/meat-machine.com\/vi\/san-pham\/day-chuyen-che-bien-xuc-xich\/\" data-type=\"link\" data-id=\"https:\/\/meat-machine.com\/product\/sausage-processing-line\/\">x\u00fac x\u00edch<\/a>, nh\u00e2n th\u1ecbt, <a href=\"https:\/\/meat-machine.com\/vi\/san-pham\/meat-patty-making-machine-production-line\/\" data-type=\"link\" data-id=\"https:\/\/meat-machine.com\/product\/meat-patty-making-machine-production-line\/\">b\u00e1nh patties<\/a>, v\u00e0 th\u1ef1c ph\u1ea9m \u0111\u00f4ng l\u1ea1nh \u0111\u00e3 qua ch\u1ebf bi\u1ebfn. K\u1ebft qu\u1ea3 l\u00e0 m\u1ed9t h\u1ed7n h\u1ee3p th\u1ecbt \u1ed5n \u0111\u1ecbnh, \u0111\u00e0n h\u1ed3i v\u00e0 \u0111\u1ed3ng nh\u1ea5t h\u01a1n, c\u1ea3i thi\u1ec7n hi\u1ec7u qu\u1ea3 ch\u1ebf bi\u1ebfn v\u00e0 ch\u1ea5t l\u01b0\u1ee3ng s\u1ea3n ph\u1ea9m cu\u1ed1i c\u00f9ng.<\/p>    <figure class=\"wp-block-gallery has-nested-images columns-default is-cropped wp-block-gallery-2 is-layout-flex wp-block-gallery-is-layout-flex\"> <figure class=\"wp-block-image size-full\"><img loading=\"lazy\" decoding=\"async\" width=\"720\" height=\"540\" data-id=\"1244\" src=\"https:\/\/meat-machine.com\/wp-content\/uploads\/2026\/04\/commercial-meat-mixer-1.webp\" alt=\"m\u00e1y tr\u1ed9n th\u1ecbt hi\u1ec7u qu\u1ea3\" class=\"wp-image-1244\" title=\"\" srcset=\"https:\/\/meat-machine.com\/wp-content\/uploads\/2026\/04\/commercial-meat-mixer-1.webp 720w, https:\/\/meat-machine.com\/wp-content\/uploads\/2026\/04\/commercial-meat-mixer-1-300x225.webp 300w, https:\/\/meat-machine.com\/wp-content\/uploads\/2026\/04\/commercial-meat-mixer-1-16x12.webp 16w\" sizes=\"auto, (max-width: 720px) 100vw, 720px\" \/><figcaption class=\"wp-element-caption\">M\u00e1y Tr\u1ed9n Th\u1ecbt Th\u01b0\u01a1ng M\u1ea1i<\/figcaption><\/figure>    <figure class=\"wp-block-image size-large\"><img loading=\"lazy\" decoding=\"async\" width=\"720\" height=\"540\" data-id=\"1238\" src=\"https:\/\/meat-machine.com\/wp-content\/uploads\/2026\/04\/meat-1.webp\" alt=\"th\u1ecbt\" class=\"wp-image-1238\" title=\"\" srcset=\"https:\/\/meat-machine.com\/wp-content\/uploads\/2026\/04\/meat-1.webp 720w, https:\/\/meat-machine.com\/wp-content\/uploads\/2026\/04\/meat-1-300x225.webp 300w, https:\/\/meat-machine.com\/wp-content\/uploads\/2026\/04\/meat-1-16x12.webp 16w\" sizes=\"auto, (max-width: 720px) 100vw, 720px\" \/><figcaption class=\"wp-element-caption\">Th\u1ecbt<\/figcaption><\/figure> <\/figure>    <h2 class=\"wp-block-heading\">\u01afu \u0111i\u1ec3m c\u1ee7a m\u00e1y tr\u1ed9n th\u1ecbt<\/h2>    <div class=\"wp-block-media-text is-stacked-on-mobile\"><figure class=\"wp-block-media-text__media\"><img loading=\"lazy\" decoding=\"async\" width=\"540\" height=\"720\" src=\"https:\/\/meat-machine.com\/wp-content\/uploads\/2026\/04\/Meat-mixing-machine-for-sale.webp\" alt=\"Hi\u1ec7u qu\u1ea3 m\u00e1y tr\u1ed9n th\u1ecbt\" class=\"wp-image-1241 size-full\" title=\"\" srcset=\"https:\/\/meat-machine.com\/wp-content\/uploads\/2026\/04\/Meat-mixing-machine-for-sale.webp 540w, https:\/\/meat-machine.com\/wp-content\/uploads\/2026\/04\/Meat-mixing-machine-for-sale-225x300.webp 225w, https:\/\/meat-machine.com\/wp-content\/uploads\/2026\/04\/Meat-mixing-machine-for-sale-9x12.webp 9w\" sizes=\"auto, (max-width: 540px) 100vw, 540px\" \/><\/figure><div class=\"wp-block-media-text__content\"> <ul class=\"wp-block-list\"> <li>\u0110\u1ea1t \u0111\u01b0\u1ee3c tr\u1ed9n \u0111\u1ec1u v\u00e0 \u0111\u1ed3ng nh\u1ea5t th\u1ecbt, m\u1ee1, gia v\u1ecb v\u00e0 v\u1eadt li\u1ec7u ph\u1ee5 m\u00e0 kh\u00f4ng b\u1ecb v\u00f3n c\u1ee5c kh\u00f4ng \u0111\u1ec1u. <\/li>    <li>C\u1ea3i thi\u1ec7n \u0111\u00e1ng k\u1ec3 hi\u1ec7u qu\u1ea3 s\u1ea3n xu\u1ea5t v\u00e0 gi\u1ea3m lao \u0111\u1ed9ng tr\u1ed9n th\u1ee7 c\u00f4ng c\u00f9ng th\u1eddi gian. <\/li>    <li>C\u1ea5u tr\u00fac tr\u1ed9n nh\u1eb9 nh\u00e0ng gi\u1eef nguy\u00ean s\u1ee3i th\u1ecbt, duy tr\u00ec k\u1ebft c\u1ea5u v\u00e0 h\u01b0\u01a1ng v\u1ecb th\u1ecbt ban \u0111\u1ea7u. <\/li>    <li>Trang b\u1ecb th\u00e2n b\u1eb1ng th\u00e9p kh\u00f4ng g\u1ec9 \u0111\u1ea1t ti\u00eau chu\u1ea9n th\u1ef1c ph\u1ea9m, ch\u1ed1ng \u0103n m\u00f2n, d\u1ec5 v\u1ec7 sinh v\u00e0 \u0111\u00e1p \u1ee9ng ti\u00eau chu\u1ea9n v\u1ec7 sinh th\u1ef1c ph\u1ea9m. <\/li> <\/ul> <\/div><\/div>    <div class=\"wp-block-media-text has-media-on-the-right is-stacked-on-mobile\"><div class=\"wp-block-media-text__content\"> <ul class=\"wp-block-list\"> <li>V\u1eadn h\u00e0nh \u1ed5n \u0111\u1ecbnh v\u1edbi t\u1ed1c \u0111\u1ed9 tr\u1ed9n v\u00e0 th\u1eddi gian \u0111i\u1ec1u ch\u1ec9nh, ph\u00f9 h\u1ee3p cho c\u00e1c c\u00f4ng th\u1ee9c th\u1ecbt kh\u00e1c nhau. <\/li>    <li>Hi\u1ec7u su\u1ea5t tr\u1ed9n m\u1ea1nh m\u1ebd gi\u00fap th\u1ea5m \u0111\u1ec1u nguy\u00ean li\u1ec7u, n\u00e2ng cao \u0111\u1ed9 \u0111\u1ed3ng nh\u1ea5t c\u1ee7a h\u01b0\u01a1ng v\u1ecb s\u1ea3n ph\u1ea9m. <\/li>    <li>Ti\u00eau th\u1ee5 n\u0103ng l\u01b0\u1ee3ng th\u1ea5p v\u00e0 ti\u1ebfng \u1ed3n th\u1ea5p, ph\u00f9 h\u1ee3p cho ho\u1ea1t \u0111\u1ed9ng li\u00ean t\u1ee5c d\u00e0i h\u1ea1n th\u01b0\u01a1ng m\u1ea1i. <\/li>    <li>C\u1ea5u tr\u00fac nh\u1ecf g\u1ecdn, h\u1ee3p l\u00fd, d\u1ec5 di chuy\u1ec3n v\u00e0 l\u1eafp \u0111\u1eb7t, ti\u1ebft ki\u1ec7m kh\u00f4ng gian x\u01b0\u1edfng. <\/li>    <li>Ph\u00f9 h\u1ee3p r\u1ed9ng r\u00e3i \u0111\u1ec3 l\u00e0m vi\u00ean th\u1ecbt, x\u00fac x\u00edch, nh\u00e2n b\u00e1nh dumpling v\u00e0 c\u00e1c s\u1ea3n ph\u1ea9m th\u1ecbt ch\u1ebf bi\u1ebfn kh\u00e1c.<\/li> <\/ul> <\/div><figure class=\"wp-block-media-text__media\"><img loading=\"lazy\" decoding=\"async\" width=\"540\" height=\"720\" src=\"https:\/\/meat-machine.com\/wp-content\/uploads\/2026\/04\/meat-bowl-mixer.webp\" alt=\"Gi\u00e1 m\u00e1y tr\u1ed9n th\u1ecbt\" class=\"wp-image-1240 size-full\" title=\"\" srcset=\"https:\/\/meat-machine.com\/wp-content\/uploads\/2026\/04\/meat-bowl-mixer.webp 540w, https:\/\/meat-machine.com\/wp-content\/uploads\/2026\/04\/meat-bowl-mixer-225x300.webp 225w, https:\/\/meat-machine.com\/wp-content\/uploads\/2026\/04\/meat-bowl-mixer-9x12.webp 9w\" sizes=\"auto, (max-width: 540px) 100vw, 540px\" \/><\/figure><\/div>    <h2 class=\"wp-block-heading\">Th\u00f4ng s\u1ed1 k\u1ef9 thu\u1eadt m\u00e1y tr\u1ed9n th\u1ecbt<\/h2>    <figure class=\"wp-block-table\"><table class=\"has-fixed-layout\"><thead><tr><th>Ng\u01b0\u1eddi m\u1eabu<\/th><th>ZB20<\/th><th>ZB40<\/th><th>ZB80<\/th><th>ZB125<\/th><\/tr><\/thead><tbody><tr><td>Dung t\u00edch tr\u00ean l\u00f4 (kg)<\/td><td>15<\/td><td>30<\/td><td>60<\/td><td>90<\/td><\/tr><tr><td>C\u00f4ng su\u1ea5t (kW)<\/td><td>4.1<\/td><td>5.5<\/td><td>14<\/td><td>13.98<\/td><\/tr><tr><td>S\u1ed1 l\u01b0\u1ee3ng dao<\/td><td>3 (\u0111\u01b0\u1eddng k\u00ednh b\u00e1t 550mm)<\/td><td>3 (\u0111\u01b0\u1eddng k\u00ednh b\u00e1t 760mm, chi\u1ec1u s\u00e2u 117mm)<\/td><td>6 (\u0111\u01b0\u1eddng k\u00ednh b\u00e1t 960mm, chi\u1ec1u s\u00e2u 160mm)<\/td><td>6<\/td><\/tr><tr><td>T\u1ed1c \u0111\u1ed9 l\u01b0\u1ee1i dao (rpm)<\/td><td>1480 \/ 2960<\/td><td>1480 \/ 2960<\/td><td>1480 \/ 2960<\/td><td>1480 \/ 2960<\/td><\/tr><tr><td>T\u1ed1c \u0111\u1ed9 b\u00e1t (rpm)<\/td><td>9<\/td><td>7<\/td><td>7 \/ 16<\/td><td>7 \/ 16<\/td><\/tr><tr><td>K\u00edch th\u01b0\u1edbc m\u00e1y (mm)<\/td><td>780\u00d7600\u00d7850<\/td><td>1110\u00d7880\u00d71080<\/td><td>1820\u00d71380\u00d71260<\/td><td>2150\u00d71200\u00d71350<\/td><\/tr><tr><td>Tr\u1ecdng l\u01b0\u1ee3ng T\u1ed5ng (kg)<\/td><td>200<\/td><td>385<\/td><td>720<\/td><td>980<\/td><\/tr><tr><td>Lo\u1ea1i Truy\u1ec1n \u0110\u1ed9ng<\/td><td>\u0110\u1ed3ng t\u1ed1c \u0111\u1ed9 (\u0111\u1ed9 d\u00e0y b\u00e1t 6mm)<\/td><td>\u0110\u1ed3ng t\u1ed1c \u0111\u1ed9<\/td><td>\u0110\u1ed3ng t\u1ed1c \u0111\u1ed9<\/td><td>\u0110\u1ed3ng t\u1ed1c \u0111\u1ed9<\/td><\/tr><\/tbody><\/table><figcaption class=\"wp-element-caption\">Th\u00f4ng s\u1ed1 k\u1ef9 thu\u1eadt m\u00e1y c\u1eaft th\u1ecbt<\/figcaption><\/figure>    <figure class=\"wp-block-image size-full\"><img loading=\"lazy\" decoding=\"async\" width=\"720\" height=\"540\" src=\"https:\/\/meat-machine.com\/wp-content\/uploads\/2026\/04\/effective-meat-mixing-machine-1.webp\" alt=\"Th\u1ecbt \u0111\u00e3 ch\u1ebf bi\u1ebfn\" class=\"wp-image-1245\" title=\"\" srcset=\"https:\/\/meat-machine.com\/wp-content\/uploads\/2026\/04\/effective-meat-mixing-machine-1.webp 720w, https:\/\/meat-machine.com\/wp-content\/uploads\/2026\/04\/effective-meat-mixing-machine-1-300x225.webp 300w, https:\/\/meat-machine.com\/wp-content\/uploads\/2026\/04\/effective-meat-mixing-machine-1-16x12.webp 16w\" sizes=\"auto, (max-width: 720px) 100vw, 720px\" \/><figcaption class=\"wp-element-caption\">Effective Meat Mixing Machine<\/figcaption><\/figure>    <h2 class=\"wp-block-heading\">Xu\u1ea5t kh\u1ea9u m\u00e1y tr\u1ed9n th\u1ecbt c\u00f4ng nghi\u1ec7p<\/h2>    <p class=\"wp-block-paragraph translation-block\">M\u1ed9t nh\u00e0 m\u00e1y ch\u1ebf bi\u1ebfn th\u1ecbt \u1edf <strong>Serbia<\/strong> \u0111\u00e3 mua m\u00e1y tr\u1ed9n th\u1ecbt c\u00f4ng nghi\u1ec7p c\u1ee7a ch\u00fang t\u00f4i. Tr\u01b0\u1edbc \u0111\u00f3, h\u1ecd d\u1ef1a v\u00e0o thi\u1ebft b\u1ecb nh\u1ecf th\u1ee7 c\u00f4ng v\u00e0 c\u0169 k\u1ef9, hi\u1ec7u qu\u1ea3 th\u1ea5p, tr\u1ed9n nguy\u00ean li\u1ec7u kh\u00f4ng \u0111\u1ec1u v\u00e0 chi ph\u00ed lao \u0111\u1ed9ng cao. Sau khi s\u1eed d\u1ee5ng m\u00e1y tr\u1ed9n th\u1ecbt xu\u1ea5t kh\u1ea9u c\u1ee7a ch\u00fang t\u00f4i, nguy\u00ean li\u1ec7u \u0111\u01b0\u1ee3c tr\u1ed9n \u0111\u1ec1u trong th\u1eddi gian ng\u1eafn, \u0111\u1ea3m b\u1ea3o h\u01b0\u01a1ng v\u1ecb v\u00e0 ch\u1ea5t l\u01b0\u1ee3ng s\u1ea3n ph\u1ea9m nh\u1ea5t qu\u00e1n. <\/p>    <p class=\"wp-block-paragraph\">C\u1ea5u tr\u00fac b\u1eb1ng th\u00e9p kh\u00f4ng g\u1ec9 \u0111\u1ea1t ti\u00eau chu\u1ea9n th\u1ef1c ph\u1ea9m d\u1ec5 v\u1ec7 sinh v\u00e0 \u0111\u00e1p \u1ee9ng ti\u00eau chu\u1ea9n an to\u00e0n th\u1ef1c ph\u1ea9m. N\u00f3 gi\u1ea3m thi\u1ec3u lao \u0111\u1ed9ng, t\u0103ng n\u0103ng su\u1ea5t h\u00e0ng ng\u00e0y v\u00e0 mang l\u1ea1i l\u1ee3i \u00edch kinh t\u1ebf cao h\u01a1n. Kh\u00e1ch h\u00e0ng \u0111\u00e1nh gi\u00e1 cao v\u1ec1 hi\u1ec7u su\u1ea5t \u1ed5n \u0111\u1ecbnh v\u00e0 gi\u00e1 tr\u1ecb ti\u1ebft ki\u1ec7m chi ph\u00ed c\u1ee7a m\u00e1y.<\/p>    <figure class=\"wp-block-gallery has-nested-images columns-default is-cropped wp-block-gallery-3 is-layout-flex wp-block-gallery-is-layout-flex\"> <figure class=\"wp-block-image size-large\"><img loading=\"lazy\" decoding=\"async\" width=\"540\" height=\"720\" data-id=\"1242\" src=\"https:\/\/meat-machine.com\/wp-content\/uploads\/2026\/04\/meat-mixing-machine-price.webp\" alt=\"M\u00e1y tr\u1ed9n b\u00e1t th\u1ecbt\" class=\"wp-image-1242\" title=\"\" srcset=\"https:\/\/meat-machine.com\/wp-content\/uploads\/2026\/04\/meat-mixing-machine-price.webp 540w, https:\/\/meat-machine.com\/wp-content\/uploads\/2026\/04\/meat-mixing-machine-price-225x300.webp 225w, https:\/\/meat-machine.com\/wp-content\/uploads\/2026\/04\/meat-mixing-machine-price-9x12.webp 9w\" sizes=\"auto, (max-width: 540px) 100vw, 540px\" \/><figcaption class=\"wp-element-caption\">Gi\u00e1 M\u00e1y Tr\u1ed9n Th\u1ecbt<\/figcaption><\/figure>    <figure class=\"wp-block-image size-large\"><img loading=\"lazy\" decoding=\"async\" width=\"720\" height=\"540\" data-id=\"1243\" src=\"https:\/\/meat-machine.com\/wp-content\/uploads\/2026\/04\/produced-meat.webp\" alt=\"M\u00e1y tr\u1ed9n th\u1ecbt th\u01b0\u01a1ng m\u1ea1i\" class=\"wp-image-1243\" title=\"\" srcset=\"https:\/\/meat-machine.com\/wp-content\/uploads\/2026\/04\/produced-meat.webp 720w, https:\/\/meat-machine.com\/wp-content\/uploads\/2026\/04\/produced-meat-300x225.webp 300w, https:\/\/meat-machine.com\/wp-content\/uploads\/2026\/04\/produced-meat-16x12.webp 16w\" sizes=\"auto, (max-width: 720px) 100vw, 720px\" \/><figcaption class=\"wp-element-caption\">Th\u1ecbt \u0111\u00e3 ch\u1ebf bi\u1ebfn<\/figcaption><\/figure> <\/figure>    <h2 class=\"wp-block-heading\">Ph\u1ea7n k\u1ebft lu\u1eadn<\/h2>    <p class=\"wp-block-paragraph\">L\u00fd t\u01b0\u1edfng cho c\u00e1c nh\u00e0 m\u00e1y nh\u1ecf v\u00e0 c\u00e1c nh\u00e0 m\u00e1y ch\u1ebf bi\u1ebfn th\u1ecbt quy m\u00f4 l\u1edbn, m\u00e1y tr\u1ed9n th\u1ecbt c\u1ee7a ch\u00fang t\u00f4i c\u00f3 hi\u1ec7u su\u1ea5t \u1ed5n \u0111\u1ecbnh, tr\u1ed9n \u0111\u1ec1u, d\u1ec5 v\u1ec7 sinh v\u00e0 ti\u1ebft ki\u1ec7m n\u0103ng l\u01b0\u1ee3ng. N\u00f3 gi\u00fap b\u1ea1n n\u00e2ng cao hi\u1ec7u qu\u1ea3 s\u1ea3n xu\u1ea5t, \u1ed5n \u0111\u1ecbnh ch\u1ea5t l\u01b0\u1ee3ng s\u1ea3n ph\u1ea9m v\u00e0 gi\u1ea3m chi ph\u00ed v\u1eadn h\u00e0nh. <\/p>    <p class=\"wp-block-paragraph\">D\u00f9 b\u1ea1n c\u1ea7n c\u00e1c m\u1eabu ti\u00eau chu\u1ea9n hay gi\u1ea3i ph\u00e1p t\u00f9y ch\u1ec9nh, ch\u00fang t\u00f4i \u0111\u1ec1u c\u00f3 th\u1ec3 \u0111\u00e1p \u1ee9ng y\u00eau c\u1ea7u c\u1ee7a b\u1ea1n. Xin g\u1eedi y\u00eau c\u1ea7u c\u1ee7a b\u1ea1n \u0111\u1ec3 nh\u1eadn th\u00f4ng s\u1ed1 k\u1ef9 thu\u1eadt chi ti\u1ebft, b\u00e1o gi\u00e1 v\u00e0 gi\u1ea3i ph\u00e1p nh\u00e0 m\u00e1y.<\/p>","protected":false},"excerpt":{"rendered":"<p>The Meat Mixing Machine is a practical food processing machine for mixing minced meat and finely chopped ingredients evenly and efficiently.<\/p>","protected":false},"author":1,"featured_media":1236,"parent":0,"template":"","tags":[83],"product-type":[2],"class_list":["post-1231","product","type-product","status-publish","has-post-thumbnail","hentry","tag-meat-mixing-machine","product-type-meat-cutting-machine"],"_links":{"self":[{"href":"https:\/\/meat-machine.com\/vi\/wp-json\/wp\/v2\/product\/1231","targetHints":{"allow":["GET"]}}],"collection":[{"href":"https:\/\/meat-machine.com\/vi\/wp-json\/wp\/v2\/product"}],"about":[{"href":"https:\/\/meat-machine.com\/vi\/wp-json\/wp\/v2\/types\/product"}],"author":[{"embeddable":true,"href":"https:\/\/meat-machine.com\/vi\/wp-json\/wp\/v2\/users\/1"}],"wp:featuredmedia":[{"embeddable":true,"href":"https:\/\/meat-machine.com\/vi\/wp-json\/wp\/v2\/media\/1236"}],"wp:attachment":[{"href":"https:\/\/meat-machine.com\/vi\/wp-json\/wp\/v2\/media?parent=1231"}],"wp:term":[{"taxonomy":"post_tag","embeddable":true,"href":"https:\/\/meat-machine.com\/vi\/wp-json\/wp\/v2\/tags?post=1231"},{"taxonomy":"product-type","embeddable":true,"href":"https:\/\/meat-machine.com\/vi\/wp-json\/wp\/v2\/product-type?post=1231"}],"curies":[{"name":"wp","href":"https:\/\/api.w.org\/{rel}","templated":true}]}}