{"id":1209,"date":"2026-04-02T16:12:36","date_gmt":"2026-04-02T08:12:36","guid":{"rendered":"https:\/\/meat-machine.com\/?post_type=product&#038;p=1209"},"modified":"2026-04-02T17:04:48","modified_gmt":"2026-04-02T09:04:48","slug":"frozen-meat-crusher-machine","status":"publish","type":"product","link":"https:\/\/meat-machine.com\/vi\/product\/frozen-meat-crusher-machine\/","title":{"rendered":"M\u00e1y nghi\u1ec1n th\u1ecbt \u0111\u00f4ng l\u1ea1nh"},"content":{"rendered":"<div class=\"kk-star-ratings kksr-auto kksr-align-left kksr-valign-top\"     data-payload='{&quot;align&quot;:&quot;left&quot;,&quot;id&quot;:&quot;1209&quot;,&quot;slug&quot;:&quot;default&quot;,&quot;valign&quot;:&quot;top&quot;,&quot;ignore&quot;:&quot;&quot;,&quot;reference&quot;:&quot;auto&quot;,&quot;class&quot;:&quot;&quot;,&quot;count&quot;:&quot;0&quot;,&quot;legendonly&quot;:&quot;&quot;,&quot;readonly&quot;:&quot;&quot;,&quot;score&quot;:&quot;0&quot;,&quot;starsonly&quot;:&quot;&quot;,&quot;best&quot;:&quot;5&quot;,&quot;gap&quot;:&quot;5&quot;,&quot;greet&quot;:&quot;Rate this product&quot;,&quot;legend&quot;:&quot;0\\\/5 - (0 b\u00ecnh ch\u1ecdn)&quot;,&quot;size&quot;:&quot;24&quot;,&quot;title&quot;:&quot;Frozen meat crusher machine&quot;,&quot;width&quot;:&quot;0&quot;,&quot;_legend&quot;:&quot;{score}\\\/{best} - ({count} {votes})&quot;,&quot;font_factor&quot;:&quot;1.25&quot;}'>              <div class=\"kksr-stars\">      <div class=\"kksr-stars-inactive\">             <div class=\"kksr-star\" data-star=\"1\" style=\"padding-right: 5px\">               <div class=\"kksr-icon\" style=\"width: 24px; height: 24px;\"><\/div>         <\/div>             <div class=\"kksr-star\" data-star=\"2\" style=\"padding-right: 5px\">               <div class=\"kksr-icon\" style=\"width: 24px; height: 24px;\"><\/div>         <\/div>             <div class=\"kksr-star\" data-star=\"3\" style=\"padding-right: 5px\">               <div class=\"kksr-icon\" style=\"width: 24px; height: 24px;\"><\/div>         <\/div>             <div class=\"kksr-star\" data-star=\"4\" style=\"padding-right: 5px\">               <div class=\"kksr-icon\" style=\"width: 24px; height: 24px;\"><\/div>         <\/div>             <div class=\"kksr-star\" data-star=\"5\" style=\"padding-right: 5px\">               <div class=\"kksr-icon\" style=\"width: 24px; height: 24px;\"><\/div>         <\/div>     <\/div>      <div class=\"kksr-stars-active\" style=\"width: 0px;\">             <div class=\"kksr-star\" style=\"padding-right: 5px\">               <div class=\"kksr-icon\" style=\"width: 24px; height: 24px;\"><\/div>         <\/div>             <div class=\"kksr-star\" style=\"padding-right: 5px\">               <div class=\"kksr-icon\" style=\"width: 24px; height: 24px;\"><\/div>         <\/div>             <div class=\"kksr-star\" style=\"padding-right: 5px\">               <div class=\"kksr-icon\" style=\"width: 24px; height: 24px;\"><\/div>         <\/div>             <div class=\"kksr-star\" style=\"padding-right: 5px\">               <div class=\"kksr-icon\" style=\"width: 24px; height: 24px;\"><\/div>         <\/div>             <div class=\"kksr-star\" style=\"padding-right: 5px\">               <div class=\"kksr-icon\" style=\"width: 24px; height: 24px;\"><\/div>         <\/div>     <\/div> <\/div>                   <div class=\"kksr-legend\" style=\"font-size: 19.2px;\">             <span class=\"kksr-muted\">\u0110\u00e1nh gi\u00e1 s\u1ea3n ph\u1ea9m<\/span>     <\/div>     <\/div>  <p class=\"wp-block-paragraph translation-block\"><strong>M\u00e1y nghi\u1ec1n th\u1ecbt \u0111\u00f4ng l\u1ea1nh<\/strong> c\u00f3 th\u1ec3 x\u1eed l\u00fd <strong>th\u1ecbt \u0111\u00f4ng l\u1ea1nh kh\u00f4ng x\u01b0\u01a1ng \u1edf -18\u00b0C \u0111\u1ebfn -24\u00b0C<\/strong>, b\u1eb1ng c\u00e1ch nghi\u1ec1n ho\u1eb7c c\u1eaft tr\u1ef1c ti\u1ebfp th\u00e0nh kh\u1ed1i ho\u1eb7c l\u00e1t, v\u1edbi c\u00f4ng su\u1ea5t <strong>3\u20135 t\u1ea5n m\u1ed7i gi\u1edd<\/strong>. N\u00f3 c\u00f3 th\u1ec3 x\u1eed l\u00fd c\u00e1c kh\u1ed1i th\u1ecbt \u0111\u00f4ng l\u1edbn nh\u01b0 th\u1ecbt b\u00f2, l\u1ee3n, c\u1eebu, g\u00e0, c\u00e1 v\u00e0 c\u00e1c s\u1ea3n ph\u1ea9m th\u1ecbt \u0111\u00f4ng l\u1ea1nh kh\u00e1c, ph\u00e2n nh\u1ecf th\u00e0nh c\u00e1c m\u1ea3nh ph\u00f9 h\u1ee3p cho x\u1eed l\u00fd ti\u1ebfp theo. <\/p>    <p class=\"wp-block-paragraph\">\u0110\u01b0\u1ee3c l\u00e0m t\u1eeb th\u00e9p kh\u00f4ng g\u1ec9 \u0111\u1ea1t ti\u00eau chu\u1ea9n th\u1ef1c ph\u1ea9m, m\u00e1y \u0111\u1ea3m b\u1ea3o \u0111\u1ed9 b\u1ec1n, v\u1ec7 sinh v\u00e0 d\u1ec5 d\u00e0ng l\u00e0m s\u1ea1ch. C\u00e1c c\u00e0i \u0111\u1eb7t \u0111i\u1ec1u ch\u1ec9nh cho ph\u00e9p ng\u01b0\u1eddi v\u1eadn h\u00e0nh ki\u1ec3m so\u00e1t \u0111\u1ed9 d\u00e0y v\u00e0 k\u00edch th\u01b0\u1edbc c\u1ee7a th\u1ecbt \u0111\u00e3 nghi\u1ec1n, l\u00e0m cho n\u00f3 tr\u1edf th\u00e0nh m\u1ed9t c\u00f4ng c\u1ee5 \u0111a n\u0103ng cho c\u00e1c y\u00eau c\u1ea7u x\u1eed l\u00fd th\u1ecbt kh\u00e1c nhau.<\/p>    <p class=\"wp-block-paragraph\">M\u00e1y n\u00e0y th\u01b0\u1eddng \u0111\u01b0\u1ee3c s\u1eed d\u1ee5ng trong c\u00e1c nh\u00e0 m\u00e1y ch\u1ebf bi\u1ebfn th\u1ecbt, l\u00f2 m\u1ed5, nh\u00e0 m\u00e1y th\u1ef1c ph\u1ea9m \u0111\u00f4ng l\u1ea1nh v\u00e0 nh\u00e0 h\u00e0ng. N\u00f3 ho\u00e0n h\u1ea3o \u0111\u1ec3 s\u1ea3n xu\u1ea5t x\u00fac x\u00edch, th\u1ecbt vi\u00ean, b\u00e1nh m\u00ec k\u1eb9p th\u1ecbt ho\u1eb7c x\u1eed l\u00fd th\u1ecbt \u0111\u00f4ng l\u1ea1nh n\u00f3i chung, duy tr\u00ec ch\u1ea5t l\u01b0\u1ee3ng, t\u1ed1i \u01b0u h\u00f3a ho\u1ea1t \u0111\u1ed9ng v\u00e0 n\u00e2ng cao hi\u1ec7u qu\u1ea3 s\u1ea3n xu\u1ea5t t\u1ed5ng th\u1ec3.<\/p>    <figure class=\"wp-block-embed is-type-video is-provider-youtube wp-block-embed-youtube wp-embed-aspect-9-16 wp-has-aspect-ratio\"><div class=\"wp-block-embed__wrapper\"> <iframe loading=\"lazy\" title=\"Industrial Meat Crusher Machine | For Restaurants &amp; Meat Factories #meat #frozen #crusher #crushing\" width=\"422\" height=\"750\" src=\"https:\/\/www.youtube.com\/embed\/ylLOTxtzlt4?feature=oembed\" frameborder=\"0\" allow=\"accelerometer; autoplay; clipboard-write; encrypted-media; gyroscope; picture-in-picture; web-share\" referrerpolicy=\"strict-origin-when-cross-origin\" allowfullscreen><\/iframe> <\/div><figcaption class=\"wp-element-caption\">Video ho\u1ea1t \u0111\u1ed9ng c\u1ee7a m\u00e1y nghi\u1ec1n th\u1ecbt \u0111\u00f4ng l\u1ea1nh<\/figcaption><\/figure>    <h2 class=\"wp-block-heading\">T\u1ea1i sao n\u00ean c\u1eaft th\u1ecbt khi c\u00f2n \u0111\u00f4ng l\u1ea1nh?<\/h2>    <p class=\"wp-block-paragraph translation-block\">C\u1eaft th\u1ecbt khi c\u00f2n \u0111\u00f4ng l\u1ea1nh mang l\u1ea1i nhi\u1ec1u l\u1ee3i \u00edch ch\u00ednh cho qu\u00e1 tr\u00ecnh s\u1ea3n xu\u1ea5t c\u00f4ng nghi\u1ec7p. Khi th\u1ecbt \u0111\u00f4ng l\u1ea1nh, n\u00f3 tr\u1edf n\u00ean c\u1ee9ng h\u01a1n v\u00e0 d\u1ec5 x\u1eed l\u00fd h\u01a1n, cho ph\u00e9p m\u00e1y c\u1eaft th\u00e0nh c\u00e1c kh\u1ed1i ho\u1eb7c l\u00e1t \u0111\u1ed3ng \u0111\u1ec1u ch\u00ednh x\u00e1c m\u00e0 kh\u00f4ng bi\u1ebfn d\u1ea1ng. \u0110i\u1ec1u n\u00e0y gi\u00fap duy tr\u00ec <strong>k\u1ebft c\u1ea5u, c\u1ea5u tr\u00fac v\u00e0 ch\u1ea5t l\u01b0\u1ee3ng g\u1ed1c<\/strong> c\u1ee7a th\u1ecbt. <\/p>    <p class=\"wp-block-paragraph translation-block\">Ngo\u00e0i ra, x\u1eed l\u00fd th\u1ecbt khi c\u00f2n \u0111\u00f4ng l\u1ea1nh <strong>gi\u1ea3m s\u1ef1 ph\u00e1t tri\u1ec3n c\u1ee7a vi khu\u1ea9n<\/strong>, n\u00e2ng cao an to\u00e0n th\u1ef1c ph\u1ea9m, v\u00e0 gi\u1ea3m thi\u1ec3u m\u1ea5t n\u01b0\u1edbc do r\u00e3 \u0111\u00f4ng. <\/p>    <figure class=\"wp-block-image size-full\"><img loading=\"lazy\" decoding=\"async\" width=\"720\" height=\"540\" src=\"https:\/\/meat-machine.com\/wp-content\/uploads\/2026\/04\/meat.webp\" alt=\"th\u1ecbt\" class=\"wp-image-1223\" title=\"\" srcset=\"https:\/\/meat-machine.com\/wp-content\/uploads\/2026\/04\/meat.webp 720w, https:\/\/meat-machine.com\/wp-content\/uploads\/2026\/04\/meat-300x225.webp 300w, https:\/\/meat-machine.com\/wp-content\/uploads\/2026\/04\/meat-16x12.webp 16w\" sizes=\"auto, (max-width: 720px) 100vw, 720px\" \/><figcaption class=\"wp-element-caption\">Th\u1ecbt<\/figcaption><\/figure>    <h2 class=\"wp-block-heading\">M\u00e1y c\u1eaft th\u1ecbt \u0111\u00f4ng l\u1ea1nh ho\u1ea1t \u0111\u1ed9ng nh\u01b0 th\u1ebf n\u00e0o?<\/h2>    <p class=\"wp-block-paragraph translation-block\">M\u00e1y nghi\u1ec1n th\u1ecbt \u0111\u00f4ng l\u1ea1nh ho\u1ea1t \u0111\u1ed9ng b\u1eb1ng c\u00e1ch k\u1ebft h\u1ee3p <strong>c\u00f4ng su\u1ea5t kh\u00ed n\u00e9n v\u00e0 c\u00f4ng ngh\u1ec7 c\u1eaft t\u1ed1c \u0111\u1ed9 cao<\/strong> \u0111\u1ec3 x\u1eed l\u00fd hi\u1ec7u qu\u1ea3 c\u00e1c kh\u1ed1i th\u1ecbt \u0111\u00f4ng c\u1ee9ng. \u00c1p l\u1ef1c h\u01a1i \u0111\u1ea9y h\u1ec7 th\u1ed1ng xi lanh li\u00ean t\u1ee5c \u0111\u1ea9y th\u1ecbt \u0111\u00f4ng l\u1ea1nh v\u00e0o bu\u1ed3ng nghi\u1ec1n. <\/p>    <p class=\"wp-block-paragraph\">Khi v\u1eadt li\u1ec7u ti\u1ebfn l\u00ean, m\u1ed9t b\u1ed9 dao quay v\u1edbi t\u1ed1c \u0111\u1ed9 cao s\u1ebd li\u00ean t\u1ee5c c\u1eaft v\u00e0 t\u00e1c \u0111\u1ed9ng \u0111\u1ec3 ph\u00e1 v\u1ee1 th\u1ecbt th\u00e0nh c\u00e1c m\u1ea3nh nh\u1ecf h\u01a1n, \u0111\u1ed3ng \u0111\u1ec1u. Qu\u00e1 tr\u00ecnh c\u1ea5p li\u1ec7u v\u00e0 c\u1eaft \u0111\u1ed3ng b\u1ed9 n\u00e0y \u0111\u1ea3m b\u1ea3o ho\u1ea1t \u0111\u1ed9ng tr\u01a1n tru v\u00e0 \u0111\u1ea7u ra nh\u1ea5t qu\u00e1n m\u00e0 kh\u00f4ng c\u1ea7n r\u00e3 \u0111\u00f4ng.<\/p>    <figure class=\"wp-block-image size-full\"><img loading=\"lazy\" decoding=\"async\" width=\"720\" height=\"540\" src=\"https:\/\/meat-machine.com\/wp-content\/uploads\/2026\/04\/frozen-meat-cutter.webp\" alt=\"M\u00e1y c\u1eaft th\u1ecbt \u0111\u00f4ng l\u1ea1nh\" class=\"wp-image-1216\" title=\"\" srcset=\"https:\/\/meat-machine.com\/wp-content\/uploads\/2026\/04\/frozen-meat-cutter.webp 720w, https:\/\/meat-machine.com\/wp-content\/uploads\/2026\/04\/frozen-meat-cutter-300x225.webp 300w, https:\/\/meat-machine.com\/wp-content\/uploads\/2026\/04\/frozen-meat-cutter-16x12.webp 16w\" sizes=\"auto, (max-width: 720px) 100vw, 720px\" \/><figcaption class=\"wp-element-caption\">M\u00e1y c\u1eaft th\u1ecbt \u0111\u00f4ng l\u1ea1nh<\/figcaption><\/figure>    <p class=\"wp-block-paragraph\">C\u1ea5u tr\u00fac c\u1ee7a m\u00e1y \u0111\u01b0\u1ee3c h\u00e0n to\u00e0n b\u1ed9 \u0111\u1ec3 t\u0103ng c\u01b0\u1eddng \u0111\u1ed9 b\u1ec1n t\u1ed5ng th\u1ec3 v\u00e0 gi\u1ea3m rung \u0111\u1ed9ng trong qu\u00e1 tr\u00ecnh v\u1eadn h\u00e0nh. Thi\u1ebft k\u1ebf ch\u1eafc ch\u1eafn n\u00e0y kh\u00f4ng ch\u1ec9 c\u1ea3i thi\u1ec7n \u0111\u1ed9 \u1ed5n \u0111\u1ecbnh m\u00e0 c\u00f2n gi\u1ea3m m\u00e0i m\u00f2n v\u00e0 \u00e1p l\u1ef1c c\u01a1 h\u1ecdc, d\u1eabn \u0111\u1ebfn t\u1ef7 l\u1ec7 h\u1ecfng h\u00f3c th\u1ea5p h\u01a1n v\u00e0 tu\u1ed5i th\u1ecd d\u00e0i h\u01a1n. <\/p>    <p class=\"wp-block-paragraph\">V\u1edbi hi\u1ec7u su\u1ea5t \u1ed5n \u0111\u1ecbnh v\u00e0 c\u01a1 ch\u1ebf nghi\u1ec1n hi\u1ec7u qu\u1ea3, m\u00e1y nghi\u1ec1n th\u1ecbt \u0111\u00f4ng l\u1ea1nh l\u00fd t\u01b0\u1edfng cho qu\u00e1 tr\u00ecnh ch\u1ebf bi\u1ebfn th\u1ecbt c\u00f4ng nghi\u1ec7p li\u00ean t\u1ee5c.<\/p>    <figure class=\"wp-block-image size-full\"><img loading=\"lazy\" decoding=\"async\" width=\"720\" height=\"540\" src=\"https:\/\/meat-machine.com\/wp-content\/uploads\/2026\/04\/Frozen-meat-crusher-machine-for-sale.webp\" alt=\"M\u00e1y c\u1eaft th\u1ecbt \u0111\u00f4ng l\u1ea1nh\" class=\"wp-image-1217\" title=\"\" srcset=\"https:\/\/meat-machine.com\/wp-content\/uploads\/2026\/04\/Frozen-meat-crusher-machine-for-sale.webp 720w, https:\/\/meat-machine.com\/wp-content\/uploads\/2026\/04\/Frozen-meat-crusher-machine-for-sale-300x225.webp 300w, https:\/\/meat-machine.com\/wp-content\/uploads\/2026\/04\/Frozen-meat-crusher-machine-for-sale-16x12.webp 16w\" sizes=\"auto, (max-width: 720px) 100vw, 720px\" \/><figcaption class=\"wp-element-caption\">M\u00e1y nghi\u1ec1n th\u1ecbt \u0111\u00f4ng l\u1ea1nh \u0111\u1ec3 b\u00e1n<\/figcaption><\/figure>    <h2 class=\"wp-block-heading\">\u01afu \u0111i\u1ec3m c\u1ee7a m\u00e1y c\u1eaft th\u1ecbt \u0111\u00f4ng l\u1ea1nh<\/h2>    <div class=\"wp-block-media-text is-stacked-on-mobile\"><figure class=\"wp-block-media-text__media\"><img loading=\"lazy\" decoding=\"async\" width=\"720\" height=\"540\" src=\"https:\/\/meat-machine.com\/wp-content\/uploads\/2026\/04\/meat-chopper.webp\" alt=\"D\u00e2y chuy\u1ec1n s\u1ea3n xu\u1ea5t m\u00e1y l\u00e0m patty th\u1ecbt l\u00e0 m\u1ed9t h\u1ec7 th\u1ed1ng t\u1ef1 \u0111\u1ed9ng cho x\u1eed l\u00fd patty th\u1ecbt quy m\u00f4 l\u1edbn.\" class=\"wp-image-1218 size-full\" title=\"\" srcset=\"https:\/\/meat-machine.com\/wp-content\/uploads\/2026\/04\/meat-chopper.webp 720w, https:\/\/meat-machine.com\/wp-content\/uploads\/2026\/04\/meat-chopper-300x225.webp 300w, https:\/\/meat-machine.com\/wp-content\/uploads\/2026\/04\/meat-chopper-16x12.webp 16w\" sizes=\"auto, (max-width: 720px) 100vw, 720px\" \/><\/figure><div class=\"wp-block-media-text__content\"> <ul class=\"wp-block-list\"> <li><strong>X\u1eed l\u00fd hi\u1ec7u qu\u1ea3 cao:<\/strong> C\u1eaft nhanh c\u00e1c kh\u1ed1i th\u1ecbt \u0111\u00f4ng l\u1ea1nh, n\u00e2ng cao \u0111\u00e1ng k\u1ec3 t\u1ed1c \u0111\u1ed9 v\u00e0 s\u1ea3n l\u01b0\u1ee3ng s\u1ea3n xu\u1ea5t. <\/li>    <li><strong>Kh\u00f4ng c\u1ea7n r\u00e3 \u0111\u00f4ng:<\/strong> X\u1eed l\u00fd tr\u1ef1c ti\u1ebfp th\u1ecbt \u1edf nhi\u1ec7t \u0111\u1ed9 -18\u00b0C \u0111\u1ebfn -24\u00b0C, gi\u1eef \u0111\u1ed9 t\u01b0\u01a1i v\u00e0 gi\u1ea3m s\u1ef1 ph\u00e1t tri\u1ec3n c\u1ee7a vi khu\u1ea9n. <\/li>    <li><strong>K\u1ebft qu\u1ea3 c\u1eaft \u0111\u1ec1u:<\/strong> S\u1ea3n xu\u1ea5t l\u00e1t, kh\u1ed1i ho\u1eb7c m\u1ea3nh \u0111\u1ed3ng \u0111\u1ec1u, \u0111\u1ea3m b\u1ea3o ch\u1ea5t l\u01b0\u1ee3ng t\u1ed1t h\u01a1n cho x\u1eed l\u00fd ti\u1ebfp theo. <\/li> <\/ul> <\/div><\/div>    <div class=\"wp-block-media-text has-media-on-the-right is-stacked-on-mobile\"><div class=\"wp-block-media-text__content\"> <ul class=\"wp-block-list\"> <li><strong>C\u1ea5u tr\u00fac b\u1ec1n b\u1ec9:<\/strong> L\u00e0m b\u1eb1ng th\u00e9p kh\u00f4ng g\u1ec9 \u0111\u1ea1t ti\u00eau chu\u1ea9n th\u1ef1c ph\u1ea9m, \u0111\u1ea3m b\u1ea3o v\u1ec7 sinh, ch\u1ed1ng \u0103n m\u00f2n v\u00e0 tu\u1ed5i th\u1ecd cao. <\/li>    <li><strong>Hi\u1ec7u su\u1ea5t \u1ed5n \u0111\u1ecbnh:<\/strong> C\u1ea5u tr\u00fac ch\u1eafc ch\u1eafn v\u1edbi \u0111\u1ed9 rung th\u1ea5p \u0111\u1ea3m b\u1ea3o ho\u1ea1t \u0111\u1ed9ng li\u00ean t\u1ee5c v\u00e0 \u0111\u00e1ng tin c\u1eady. <\/li>    <li><strong>\u1ee8ng d\u1ee5ng r\u1ed9ng r\u00e3i:<\/strong> Ph\u00f9 h\u1ee3p v\u1edbi th\u1ecbt b\u00f2, th\u1ecbt l\u1ee3n, g\u00e0, c\u00e1 v\u00e0 c\u00e1c s\u1ea3n ph\u1ea9m th\u1ecbt \u0111\u00f4ng l\u1ea1nh kh\u00e1c. <\/li> <\/ul> <\/div><figure class=\"wp-block-media-text__media\"><img loading=\"lazy\" decoding=\"async\" width=\"720\" height=\"540\" src=\"https:\/\/meat-machine.com\/wp-content\/uploads\/2026\/04\/meat-chopping-machine.webp\" alt=\"M\u00e1y nghi\u1ec1n th\u1ecbt \u0111\u00f4ng l\u1ea1nh \u0111\u1ec3 b\u00e1n\" class=\"wp-image-1219 size-full\" title=\"\" srcset=\"https:\/\/meat-machine.com\/wp-content\/uploads\/2026\/04\/meat-chopping-machine.webp 720w, https:\/\/meat-machine.com\/wp-content\/uploads\/2026\/04\/meat-chopping-machine-300x225.webp 300w, https:\/\/meat-machine.com\/wp-content\/uploads\/2026\/04\/meat-chopping-machine-16x12.webp 16w\" sizes=\"auto, (max-width: 720px) 100vw, 720px\" \/><\/figure><\/div>    <h2 class=\"wp-block-heading\">Thi\u1ebft b\u1ecb h\u1ed7 tr\u1ee3 m\u00e1y nghi\u1ec1n th\u1ecbt \u0111\u00f4ng l\u1ea1nh<\/h2>    <p class=\"wp-block-paragraph translation-block\"><strong>M\u00e1y nghi\u1ec1n th\u1ecbt \u0111\u00f4ng l\u1ea1nh<\/strong> th\u01b0\u1eddng \u0111\u01b0\u1ee3c l\u1eafp \u0111\u1eb7t \u1edf <strong>\u0111\u1ea7u tr\u01b0\u1edbc c\u1ee7a d\u00e2y chuy\u1ec1n ch\u1ebf bi\u1ebfn th\u1ecbt<\/strong>, nh\u01b0 <a href=\"https:\/\/meat-machine.com\/vi\/san-pham\/meat-patty-making-machine-production-line\/\" data-type=\"link\" data-id=\"https:\/\/meat-machine.com\/product\/meat-patty-making-machine-production-line\/\">d\u00e2y chuy\u1ec1n b\u00e1nh m\u00ec k\u1eb9p th\u1ecbt<\/a> v\u00e0 <a href=\"https:\/\/meat-machine.com\/vi\/san-pham\/meatball-making-machine-processing-line\/\" data-type=\"link\" data-id=\"https:\/\/meat-machine.com\/product\/meatball-making-machine-processing-line\/\">d\u00e2y chuy\u1ec1n l\u00e0m th\u1ecbt vi\u00ean<\/a>, \u0111\u1ec3 chu\u1ea9n b\u1ecb nguy\u00ean li\u1ec7u cho qu\u00e1 tr\u00ecnh ti\u1ebfp theo. Sau khi nghi\u1ec1n c\u00e1c kh\u1ed1i th\u1ecbt \u0111\u00f4ng l\u1ea1nh th\u00e0nh c\u00e1c m\u1ea3nh nh\u1ecf, v\u1eadt li\u1ec7u c\u00f3 th\u1ec3 d\u1ec5 d\u00e0ng chuy\u1ec3n sang c\u00e1c thi\u1ebft b\u1ecb ti\u1ebfp theo nh\u01b0 m\u00e1y xay th\u1ecbt, m\u00e1y c\u1eaft b\u00e1t, m\u00e1y tr\u1ed9n v\u00e0 m\u00e1y \u0111\u1ecbnh h\u00ecnh. <\/p>    <p class=\"wp-block-paragraph\">Trong d\u00e2y chuy\u1ec1n l\u00e0m b\u00e1nh m\u00ec k\u1eb9p th\u1ecbt, th\u1ecbt \u0111\u00e3 nghi\u1ec1n th\u01b0\u1eddng \u0111\u01b0\u1ee3c chuy\u1ec3n \u0111\u1ebfn m\u00e1y xay r\u1ed3i tr\u1ed9n v\u1edbi gia v\u1ecb tr\u01b0\u1edbc khi t\u1ea1o th\u00e0nh b\u00e1nh. Trong d\u00e2y chuy\u1ec1n s\u1ea3n xu\u1ea5t th\u1ecbt vi\u00ean, n\u00f3 \u0111\u01b0\u1ee3c tinh ch\u1ebf, tr\u1ed9n v\u00e0 \u0111\u1ecbnh h\u00ecnh th\u00e0nh c\u00e1c vi\u00ean \u0111\u1ec1u nhau.<\/p>    <figure class=\"wp-block-gallery has-nested-images columns-default is-cropped wp-block-gallery-2 is-layout-flex wp-block-gallery-is-layout-flex\"> <figure class=\"wp-block-image size-large\"><img loading=\"lazy\" decoding=\"async\" width=\"720\" height=\"540\" data-id=\"1026\" src=\"https:\/\/meat-machine.com\/wp-content\/uploads\/2026\/02\/industrial-Meat-patty-making-machine-production-line.webp\" alt=\"m\u00e1y \u0111\u00f3ng g\u00f3i\" class=\"wp-image-1026\" title=\"\" srcset=\"https:\/\/meat-machine.com\/wp-content\/uploads\/2026\/02\/industrial-Meat-patty-making-machine-production-line.webp 720w, https:\/\/meat-machine.com\/wp-content\/uploads\/2026\/02\/industrial-Meat-patty-making-machine-production-line-300x225.webp 300w, https:\/\/meat-machine.com\/wp-content\/uploads\/2026\/02\/industrial-Meat-patty-making-machine-production-line-16x12.webp 16w\" sizes=\"auto, (max-width: 720px) 100vw, 720px\" \/><figcaption class=\"wp-element-caption\">D\u00f2ng S\u1ea3n xu\u1ea5t M\u00e1y L\u00e0m X\u00fac X\u00edch Th\u1ecbt C\u00f4ng Nghi\u1ec7p<\/figcaption><\/figure>    <figure class=\"wp-block-image size-large\"><img loading=\"lazy\" decoding=\"async\" width=\"720\" height=\"540\" data-id=\"1038\" src=\"https:\/\/meat-machine.com\/wp-content\/uploads\/2026\/02\/Meatball-making-machine-processing-line.webp\" alt=\"D\u00e2y chuy\u1ec1n ch\u1ebf bi\u1ebfn m\u00e1y l\u00e0m vi\u00ean th\u1ecbt\" class=\"wp-image-1038\" title=\"\" srcset=\"https:\/\/meat-machine.com\/wp-content\/uploads\/2026\/02\/Meatball-making-machine-processing-line.webp 720w, https:\/\/meat-machine.com\/wp-content\/uploads\/2026\/02\/Meatball-making-machine-processing-line-300x225.webp 300w, https:\/\/meat-machine.com\/wp-content\/uploads\/2026\/02\/Meatball-making-machine-processing-line-16x12.webp 16w\" sizes=\"auto, (max-width: 720px) 100vw, 720px\" \/><figcaption class=\"wp-element-caption\">D\u00f2ng s\u1ea3n xu\u1ea5t m\u00e1y l\u00e0m th\u1ecbt vi\u00ean<\/figcaption><\/figure> <\/figure>    <h2 class=\"wp-block-heading\">Th\u00f4ng s\u1ed1 m\u00e1y nghi\u1ec1n th\u1ecbt c\u1ea5p \u0111\u00f4ng<\/h2>    <figure class=\"wp-block-table\"><table class=\"has-fixed-layout\"><thead><tr><th>Th\u00f4ng s\u1ed1 k\u1ef9 thu\u1eadt<\/th><th>Chi ti\u1ebft<\/th><\/tr><\/thead><tbody><tr><td>\u0110i\u1ec7n \u00e1p<\/td><td>380V<\/td><\/tr><tr><td>Quy\u1ec1n l\u1ef1c<\/td><td>5.5 kW<\/td><\/tr><tr><td>Dung t\u00edch<\/td><td>3\u20135 t\u1ea5n m\u1ed7i gi\u1edd<\/td><\/tr><tr><td>C\u00e2n n\u1eb7ng<\/td><td>600 kg<\/td><\/tr><tr><td>K\u00edch th\u01b0\u1edbc m\u00e1y<\/td><td>1750 \u00d7 945 \u00d7 1220 mm<\/td><\/tr><tr><td>V\u1eadt li\u1ec7u<\/td><td>T\u1ea5t c\u1ea3 th\u00e9p kh\u00f4ng g\u1ec9 304 tr\u1eeb \u0111\u1ed9ng c\u01a1 v\u00e0 l\u01b0\u1ee1i dao<\/td><\/tr><\/tbody><\/table><figcaption class=\"wp-element-caption\">Th\u00f4ng s\u1ed1 k\u1ef9 thu\u1eadt m\u00e1y xay th\u1ecbt<\/figcaption><\/figure>    <figure class=\"wp-block-image size-full\"><img loading=\"lazy\" decoding=\"async\" width=\"720\" height=\"540\" src=\"https:\/\/meat-machine.com\/wp-content\/uploads\/2026\/04\/frozen-meat-cutter-machine.webp\" alt=\"m\u00e1y xay th\u1ecbt\" class=\"wp-image-1220\" title=\"\" srcset=\"https:\/\/meat-machine.com\/wp-content\/uploads\/2026\/04\/frozen-meat-cutter-machine.webp 720w, https:\/\/meat-machine.com\/wp-content\/uploads\/2026\/04\/frozen-meat-cutter-machine-300x225.webp 300w, https:\/\/meat-machine.com\/wp-content\/uploads\/2026\/04\/frozen-meat-cutter-machine-16x12.webp 16w\" sizes=\"auto, (max-width: 720px) 100vw, 720px\" \/><figcaption class=\"wp-element-caption\">M\u00e1y c\u1eaft th\u1ecbt \u0111\u00f4ng l\u1ea1nh<\/figcaption><\/figure>    <h2 class=\"wp-block-heading\">Ph\u1ea7n k\u1ebft lu\u1eadn<\/h2>    <p class=\"wp-block-paragraph\"><br>T\u1ed5ng th\u1ec3, M\u00e1y nghi\u1ec1n th\u1ecbt \u0111\u00f4ng l\u1ea1nh n\u1ed5i b\u1eadt v\u1edbi kh\u1ea3 n\u0103ng nghi\u1ec1n ch\u00ednh x\u00e1c v\u00e0 th\u00edch \u1ee9ng v\u1edbi c\u00e1c nhu c\u1ea7u x\u1eed l\u00fd th\u1ecbt kh\u00e1c nhau. Thi\u1ebft k\u1ebf ch\u1eafc ch\u1eafn c\u1ee7a n\u00f3 \u0111\u1ea3m b\u1ea3o ho\u1ea1t \u0111\u1ed9ng tr\u01a1n tru, kh\u00f4ng rung l\u1eafc, trong khi h\u1ec7 th\u1ed1ng c\u1eaft ti\u00ean ti\u1ebfn cho ph\u00e9p \u0111\u1ea7u ra \u0111\u1ed3ng \u0111\u1ec1u, ph\u00f9 h\u1ee3p cho s\u1ea3n xu\u1ea5t downstream. <\/p>    <p class=\"wp-block-paragraph\">B\u1eb1ng c\u00e1ch chu\u1ea9n b\u1ecb hi\u1ec7u qu\u1ea3 th\u1ecbt \u0111\u00f4ng l\u1ea1nh cho qu\u00e1 tr\u00ecnh x\u1eed l\u00fd ti\u1ebfp theo, n\u00f3 n\u00e2ng cao hi\u1ec7u qu\u1ea3 c\u00f4ng vi\u1ec7c, gi\u1ea3m thao t\u00e1c th\u1ee7 c\u00f4ng v\u00e0 h\u1ed7 tr\u1ee3 ho\u1ea1t \u0111\u1ed9ng quy m\u00f4 c\u00f4ng nghi\u1ec7p, tr\u1edf th\u00e0nh n\u1ec1n t\u1ea3ng \u0111\u00e1ng tin c\u1eady cho b\u1ea5t k\u1ef3 d\u00e2y chuy\u1ec1n s\u1ea3n xu\u1ea5t th\u1ecbt hi\u1ec7n \u0111\u1ea1i n\u00e0o.<\/p>","protected":false},"excerpt":{"rendered":"<p>M\u00e1y nghi\u1ec1n th\u1ecbt \u0111\u00f4ng l\u1ea1nh l\u00e0 thi\u1ebft b\u1ecb c\u00f4ng nghi\u1ec7p hi\u1ec7u qu\u1ea3 cao c\u00f3 th\u1ec3 x\u1eed l\u00fd th\u1ecbt \u0111\u00f4ng l\u1ea1nh kh\u00f4ng x\u01b0\u01a1ng \u1edf nhi\u1ec7t \u0111\u1ed9 -18\u00b0C \u0111\u1ebfn -24\u00b0C.<\/p>","protected":false},"author":1,"featured_media":1215,"parent":0,"template":"","tags":[82],"product-type":[2],"class_list":["post-1209","product","type-product","status-publish","has-post-thumbnail","hentry","tag-frozen-meat-crusher-machine","product-type-meat-cutting-machine"],"_links":{"self":[{"href":"https:\/\/meat-machine.com\/vi\/wp-json\/wp\/v2\/product\/1209","targetHints":{"allow":["GET"]}}],"collection":[{"href":"https:\/\/meat-machine.com\/vi\/wp-json\/wp\/v2\/product"}],"about":[{"href":"https:\/\/meat-machine.com\/vi\/wp-json\/wp\/v2\/types\/product"}],"author":[{"embeddable":true,"href":"https:\/\/meat-machine.com\/vi\/wp-json\/wp\/v2\/users\/1"}],"wp:featuredmedia":[{"embeddable":true,"href":"https:\/\/meat-machine.com\/vi\/wp-json\/wp\/v2\/media\/1215"}],"wp:attachment":[{"href":"https:\/\/meat-machine.com\/vi\/wp-json\/wp\/v2\/media?parent=1209"}],"wp:term":[{"taxonomy":"post_tag","embeddable":true,"href":"https:\/\/meat-machine.com\/vi\/wp-json\/wp\/v2\/tags?post=1209"},{"taxonomy":"product-type","embeddable":true,"href":"https:\/\/meat-machine.com\/vi\/wp-json\/wp\/v2\/product-type?post=1209"}],"curies":[{"name":"wp","href":"https:\/\/api.w.org\/{rel}","templated":true}]}}