{"id":1052,"date":"2026-02-26T15:53:58","date_gmt":"2026-02-26T07:53:58","guid":{"rendered":"https:\/\/meat-machine.com\/?post_type=product&#038;p=1052"},"modified":"2026-02-26T15:53:59","modified_gmt":"2026-02-26T07:53:59","slug":"meat-bowl-chopper-and-mixer-machine","status":"publish","type":"product","link":"https:\/\/meat-machine.com\/vi\/product\/meat-bowl-chopper-and-mixer-machine\/","title":{"rendered":"M\u00e1y xay v\u00e0 tr\u1ed9n b\u00e1t th\u1ecbt"},"content":{"rendered":"<div class=\"kk-star-ratings kksr-auto kksr-align-left kksr-valign-top\"     data-payload='{&quot;align&quot;:&quot;left&quot;,&quot;id&quot;:&quot;1052&quot;,&quot;slug&quot;:&quot;default&quot;,&quot;valign&quot;:&quot;top&quot;,&quot;ignore&quot;:&quot;&quot;,&quot;reference&quot;:&quot;auto&quot;,&quot;class&quot;:&quot;&quot;,&quot;count&quot;:&quot;0&quot;,&quot;legendonly&quot;:&quot;&quot;,&quot;readonly&quot;:&quot;&quot;,&quot;score&quot;:&quot;0&quot;,&quot;starsonly&quot;:&quot;&quot;,&quot;best&quot;:&quot;5&quot;,&quot;gap&quot;:&quot;5&quot;,&quot;greet&quot;:&quot;Rate this product&quot;,&quot;legend&quot;:&quot;0\\\/5 - (0 b\u00ecnh ch\u1ecdn)&quot;,&quot;size&quot;:&quot;24&quot;,&quot;title&quot;:&quot;Meat bowl chopper and mixer machine&quot;,&quot;width&quot;:&quot;0&quot;,&quot;_legend&quot;:&quot;{score}\\\/{best} - ({count} {votes})&quot;,&quot;font_factor&quot;:&quot;1.25&quot;}'>              <div class=\"kksr-stars\">      <div class=\"kksr-stars-inactive\">             <div class=\"kksr-star\" data-star=\"1\" style=\"padding-right: 5px\">               <div class=\"kksr-icon\" style=\"width: 24px; height: 24px;\"><\/div>         <\/div>             <div class=\"kksr-star\" data-star=\"2\" style=\"padding-right: 5px\">               <div class=\"kksr-icon\" style=\"width: 24px; height: 24px;\"><\/div>         <\/div>             <div class=\"kksr-star\" data-star=\"3\" style=\"padding-right: 5px\">               <div class=\"kksr-icon\" style=\"width: 24px; height: 24px;\"><\/div>         <\/div>             <div class=\"kksr-star\" data-star=\"4\" style=\"padding-right: 5px\">               <div class=\"kksr-icon\" style=\"width: 24px; height: 24px;\"><\/div>         <\/div>             <div class=\"kksr-star\" data-star=\"5\" style=\"padding-right: 5px\">               <div class=\"kksr-icon\" style=\"width: 24px; height: 24px;\"><\/div>         <\/div>     <\/div>      <div class=\"kksr-stars-active\" style=\"width: 0px;\">             <div class=\"kksr-star\" style=\"padding-right: 5px\">               <div class=\"kksr-icon\" style=\"width: 24px; height: 24px;\"><\/div>         <\/div>             <div class=\"kksr-star\" style=\"padding-right: 5px\">               <div class=\"kksr-icon\" style=\"width: 24px; height: 24px;\"><\/div>         <\/div>             <div class=\"kksr-star\" style=\"padding-right: 5px\">               <div class=\"kksr-icon\" style=\"width: 24px; height: 24px;\"><\/div>         <\/div>             <div class=\"kksr-star\" style=\"padding-right: 5px\">               <div class=\"kksr-icon\" style=\"width: 24px; height: 24px;\"><\/div>         <\/div>             <div class=\"kksr-star\" style=\"padding-right: 5px\">               <div class=\"kksr-icon\" style=\"width: 24px; height: 24px;\"><\/div>         <\/div>     <\/div> <\/div>                   <div class=\"kksr-legend\" style=\"font-size: 19.2px;\">             <span class=\"kksr-muted\">\u0110\u00e1nh gi\u00e1 s\u1ea3n ph\u1ea9m<\/span>     <\/div>     <\/div>  <p class=\"wp-block-paragraph translation-block\">Meat Bowl Chopper and Mixer Machine  l\u00e0 m\u1ed9t m\u00e1y ch\u1ebf bi\u1ebfn th\u1ef1c ph\u1ea9m t\u00edch h\u1ee3p xay \u1edf t\u1ed1c \u0111\u1ed9 cao v\u00e0 tr\u1ed9n \u0111\u1ec1u th\u00e0nh m\u1ed9t \u0111\u01a1n v\u1ecb. Ch\u1ee7 y\u1ebfu d\u00f9ng \u0111\u1ec3 x\u1eed l\u00fd th\u1ecbt v\u00e0 gia v\u1ecb th\u00e0nh th\u1ecbt n\u00e1t ho\u1eb7c pasta m\u1ecbn v\u00e0 \u0111\u1ed3ng nh\u1ea5t. <\/p>    <p class=\"wp-block-paragraph\">B\u1eb1ng c\u00e1ch k\u1ebft h\u1ee3p m\u1ed9t b\u00e1t quay v\u1edbi l\u01b0\u1ee1i dao t\u1ed1c \u0111\u1ed9 cao, m\u00e1y ho\u00e0n th\u00e0nh vi\u1ec7c c\u1eaft, tr\u1ed9n v\u00e0 emulsifying trong th\u1eddi gian ng\u1eafn. N\u00f3 \u0111\u01b0\u1ee3c s\u1eed d\u1ee5ng r\u1ed9ng r\u00e3i trong s\u1ea3n xu\u1ea5t c\u00f4ng nghi\u1ec7p c\u00e1c lo\u1ea1i x\u00fac x\u00edch, vi\u00ean th\u1ecbt, patty th\u1ecbt v\u00e0 c\u00e1c s\u1ea3n ph\u1ea9m th\u1ecbt kh\u00e1c, l\u00e0 m\u1ed9t thi\u1ebft b\u1ecb then ch\u1ed1t \u0111\u1ec3 c\u1ea3i thi\u1ec7n hi\u1ec7u qu\u1ea3 v\u00e0 ch\u1ea5t l\u01b0\u1ee3ng s\u1ea3n ph\u1ea9m.<\/p>    <figure class=\"wp-block-embed is-type-video is-provider-youtube wp-block-embed-youtube wp-embed-aspect-9-16 wp-has-aspect-ratio\"><div class=\"wp-block-embed__wrapper\"> <iframe loading=\"lazy\" title=\"Meat Bowl Mixer Machine | Efficient Mixing for Sausage &amp; Meat Processing #meat #mixer #foodmachine\" width=\"422\" height=\"750\" src=\"https:\/\/www.youtube.com\/embed\/vVYxtUePktA?feature=oembed\" frameborder=\"0\" allow=\"accelerometer; autoplay; clipboard-write; encrypted-media; gyroscope; picture-in-picture; web-share\" referrerpolicy=\"strict-origin-when-cross-origin\" allowfullscreen><\/iframe> <\/div><figcaption class=\"wp-element-caption\">Video ho\u1ea1t \u0111\u1ed9ng c\u1ee7a m\u00e1y x\u00e1o nghi\u1ec1n v\u00e0 tr\u1ed9n b\u1ed9t th\u1ecbt<\/figcaption><\/figure>    <h2 class=\"wp-block-heading\">M\u00e1y xay th\u1ecbt trong bowl v\u00e0 m\u00e1y tr\u1ed9n \u0111\u1ec3 x\u1eed l\u00fd th\u1ef1c ph\u1ea9m hi\u1ec7u qu\u1ea3 cao<\/h2>    <p class=\"wp-block-paragraph translation-block\"><strong>Meat Bowl Chopper and Mixer Machine<\/strong> c\u00f3 h\u1ec7 th\u1ed1ng tua-bin v\u00e0 truy\u1ec1n b\u00e1nh r\u0103ng \u1ed1c \u0111\u1ec3 v\u1eadn h\u00e0nh tr\u01a1n tru, \u0111\u00e1ng tin c\u1eady. B\u00e1t v\u00e0 t\u1ea5t c\u1ea3 c\u00e1c th\u00e0nh ph\u1ea7n ti\u1ebfp x\u00fac v\u1edbi th\u1ef1c ph\u1ea9m \u0111\u01b0\u1ee3c l\u00e0m b\u1eb1ng th\u00e9p kh\u00f4ng g\u1ec9, \u0111\u1ea3m b\u1ea3o s\u1eed d\u1ee5ng l\u00e2u d\u00e0i v\u00e0 d\u1ec5 l\u00e0m s\u1ea1ch. H\u1ec7 th\u1ed1ng h\u1ed9p s\u1ed1 ch\u00ednh x\u00e1c, \u0111\u01b0\u1ee3c ch\u1ebf t\u00e1c t\u1eeb h\u1ee3p kim nh\u00f4m cao c\u1ea5p v\u00e0 r\u0103ng \u0111\u1ed3ng, \u0111\u1ea3m b\u1ea3o hi\u1ec7u su\u1ea5t \u1ed5n \u0111\u1ecbnh.<\/p>    <p class=\"wp-block-paragraph\">M\u00e1y n\u00e0y n\u1ed5i b\u1eadt \u1edf kh\u1ea3 n\u0103ng xay nhuy\u1ec5n v\u00e0 tr\u1ed9n th\u1ecbt, th\u1ecbt xay, rau c\u1ee7 v\u00e0 c\u00e1c nguy\u00ean li\u1ec7u ch\u00ednh kh\u00e1c trong khi b\u1ed5 sung n\u01b0\u1edbc, \u0111\u00e1, gia v\u1ecb v\u00e0 c\u00e1c ph\u1ee5 gia kh\u00e1c. Kh\u1ea3 n\u0103ng emulsifying t\u1ea1o m\u1ed9t h\u1ed7n h\u1ee3p \u0111\u1ed3ng nh\u1ea5t, m\u1ecbn, c\u1ea3i thi\u1ec7n k\u1ebft c\u1ea5u, \u0111\u1ed9 \u0111\u1eb7c v\u00e0 \u0111\u1ed9 \u0111\u00e0n h\u1ed3i c\u1ee7a c\u00e1c s\u1ea3n ph\u1ea9m nh\u01b0 x\u00fac x\u00edch. <\/p>    <p class=\"wp-block-paragraph\">\u0110i\u1ec1u ch\u1ec9nh t\u1ed1c \u0111\u1ed9 dao \u1edf cao v\u00e0 th\u1ea5p k\u1ebft h\u1ee3p v\u1edbi \u0111i\u1ec1u khi\u1ec3n quay b\u00e1t v\u00f4 c\u1ea5p cho ph\u00e9p ho\u00e0n t\u1ea5t xay, tr\u1ed9n v\u00e0 emulsifying ch\u1ec9 trong m\u1ed9t qu\u00e1 tr\u00ecnh, l\u00fd t\u01b0\u1edfng cho s\u1ea3n xu\u1ea5t th\u1ecbt v\u00e0 th\u1ef1c ph\u1ea9m c\u00f4ng nghi\u1ec7p.<\/p>    <figure class=\"wp-block-gallery has-nested-images columns-default is-cropped wp-block-gallery-2 is-layout-flex wp-block-gallery-is-layout-flex\"> <figure class=\"wp-block-image size-large\"><img loading=\"lazy\" decoding=\"async\" width=\"720\" height=\"540\" data-id=\"1056\" src=\"https:\/\/meat-machine.com\/wp-content\/uploads\/2026\/02\/Meat-bowl-chopper-and-mixer-machine-blades.webp\" alt=\"m\u00e1y tr\u1ed9n th\u1ecbt\" class=\"wp-image-1056\" title=\"\" srcset=\"https:\/\/meat-machine.com\/wp-content\/uploads\/2026\/02\/Meat-bowl-chopper-and-mixer-machine-blades.webp 720w, https:\/\/meat-machine.com\/wp-content\/uploads\/2026\/02\/Meat-bowl-chopper-and-mixer-machine-blades-300x225.webp 300w, https:\/\/meat-machine.com\/wp-content\/uploads\/2026\/02\/Meat-bowl-chopper-and-mixer-machine-blades-16x12.webp 16w\" sizes=\"auto, (max-width: 720px) 100vw, 720px\" \/><figcaption class=\"wp-element-caption\">L\u01b0\u1ee1i dao c\u1ee7a M\u00e1y xay th\u1ecbt Bowl v\u00e0 M\u00e1y tr\u1ed9n<\/figcaption><\/figure>    <figure class=\"wp-block-image size-large\"><img loading=\"lazy\" decoding=\"async\" width=\"720\" height=\"540\" data-id=\"1057\" src=\"https:\/\/meat-machine.com\/wp-content\/uploads\/2026\/02\/meat-chopping-machine-details.webp\" alt=\"chi ti\u1ebft m\u00e1y xay th\u1ecbt\" class=\"wp-image-1057\" title=\"\" srcset=\"https:\/\/meat-machine.com\/wp-content\/uploads\/2026\/02\/meat-chopping-machine-details.webp 720w, https:\/\/meat-machine.com\/wp-content\/uploads\/2026\/02\/meat-chopping-machine-details-300x225.webp 300w, https:\/\/meat-machine.com\/wp-content\/uploads\/2026\/02\/meat-chopping-machine-details-16x12.webp 16w\" sizes=\"auto, (max-width: 720px) 100vw, 720px\" \/><figcaption class=\"wp-element-caption\">Chi ti\u1ebft M\u00e1y Xay Th\u1ecbt<\/figcaption><\/figure> <\/figure>    <h2 class=\"wp-block-heading\">C\u1ea5u tr\u00fac m\u00e1y xay th\u1ecbt v\u00e0 quy tr\u00ecnh l\u00e0m vi\u1ec7c<\/h2>    <p class=\"wp-block-paragraph translation-block\"><br><strong>Meat Bowl Mixer<\/strong> ho\u1ea1t \u0111\u1ed9ng b\u1eb1ng s\u1ef1 k\u1ebft h\u1ee3p c\u1ee7a b\u00e1t quay, tr\u1ee5c dao xoay v\u1edbi t\u1ed1c \u0111\u1ed9 cao, khung v\u1eefng ch\u1eafc v\u00e0 h\u1ec7 th\u1ed1ng \u0111i\u1ec1u khi\u1ec3n \u0111i\u1ec7n t\u1eed \u0111\u1ed3ng b\u1ed9 h\u00f3a to\u00e0n b\u1ed9 qu\u00e1 tr\u00ecnh. <\/p>    <p class=\"wp-block-paragraph\">B\u00e1t quay \u1edf t\u1ed1c \u0111\u1ed9 th\u1ea5p \u0111\u01b0\u1ee3c \u0111i\u1ec1u khi\u1ec3n b\u1edfi b\u1ed9 gi\u1ea3m t\u1ed1c, t\u1ea1o ra \u0111\u1ed9ng l\u1ef1c xo\u1eafn \u1ed1c li\u00ean t\u1ee5c \u0111\u01b0a nguy\u00ean li\u1ec7u \u0111\u1ebfn b\u1ed9 dao. Trong khi \u0111\u00f3, tr\u1ee5c c\u1eaft, \u0111\u01b0\u1ee3c c\u1ea5p ngu\u1ed3n b\u1edfi \u0111\u1ed9ng c\u01a1 hai t\u1ed1c \u0111\u1ed9 ho\u1eb7c \u0111\u1ed9ng c\u01a1 bi\u1ebfn \u0111\u1ed5i t\u1ea7n s\u1ed1, quay l\u01b0\u1ee1i dao \u1edf t\u1ed1c \u0111\u1ed9 cao, c\u1eaft v\u00e0 tr\u1ed9n nguy\u00ean li\u1ec7u m\u1ed9t c\u00e1ch hi\u1ec7u qu\u1ea3. <\/p>    <figure class=\"wp-block-image size-full\"><img loading=\"lazy\" decoding=\"async\" width=\"720\" height=\"540\" src=\"https:\/\/meat-machine.com\/wp-content\/uploads\/2026\/02\/Meat-bowl-chopper-and-mixer-machine-exported.webp\" alt=\"chi ti\u1ebft m\u00e1y xay th\u1ecbt\" class=\"wp-image-1058\" title=\"\" srcset=\"https:\/\/meat-machine.com\/wp-content\/uploads\/2026\/02\/Meat-bowl-chopper-and-mixer-machine-exported.webp 720w, https:\/\/meat-machine.com\/wp-content\/uploads\/2026\/02\/Meat-bowl-chopper-and-mixer-machine-exported-300x225.webp 300w, https:\/\/meat-machine.com\/wp-content\/uploads\/2026\/02\/Meat-bowl-chopper-and-mixer-machine-exported-16x12.webp 16w\" sizes=\"auto, (max-width: 720px) 100vw, 720px\" \/><figcaption class=\"wp-element-caption\">M\u00e1y xay th\u1ecbt Bowl v\u00e0 M\u00e1y tr\u1ed9n xu\u1ea5t kh\u1ea9u<\/figcaption><\/figure>    <p class=\"wp-block-paragraph\">Qu\u00e1 tr\u00ecnh n\u00e0y kh\u00f4ng ch\u1ec9 gi\u00fap \u0111\u1ed3ng nh\u1ea5t k\u1ebft c\u1ea5u m\u00e0 c\u00f2n lo\u1ea1i b\u1ecf kh\u00ed b\u1ecb m\u1eafc trong h\u1ed7n h\u1ee3p, c\u1ea3i thi\u1ec7n \u0111\u1ed9 \u0111\u1eb7c. Xay \u1edf t\u1ed1c \u0111\u1ed9 cao l\u00e0m gi\u1ea3m ph\u00e2n t\u00e1ch ch\u1ea5t l\u1ecfng, gi\u1eef \u1ea9m v\u00e0 t\u0103ng \u0111\u1ed9 \u0111\u00e0n h\u1ed3i v\u00e0 \u0111\u1ed9 m\u1ecbn c\u1ee7a th\u1ecbt v\u00e0 c\u00e1c th\u00e0nh ph\u1ea7n kh\u00e1c. <\/p>    <p class=\"wp-block-paragraph\">M\u00e1y c\u00f3 th\u1ec3 x\u1eed l\u00fd th\u1ecbt, rau c\u1ee7 v\u00e0 nhi\u1ec1u ph\u1ee5 gia kh\u00e1c, cho ra s\u1ea3n ph\u1ea9m x\u1eaft nh\u1ecf v\u00e0 tr\u1ed9n \u0111\u1ec1u ph\u00f9 h\u1ee3p cho x\u00fac x\u00edch, vi\u00ean th\u1ecbt v\u00e0 c\u00e1c th\u1ef1c ph\u1ea9m \u0111\u00e3 qua ch\u1ebf bi\u1ebfn kh\u00e1c.<\/p>    <figure class=\"wp-block-image size-full\"><img loading=\"lazy\" decoding=\"async\" width=\"720\" height=\"540\" src=\"https:\/\/meat-machine.com\/wp-content\/uploads\/2026\/02\/Meat-bowl-chopper-and-mixer-machine-price.webp\" alt=\"M\u00e1y xay th\u1ecbt v\u00e0 m\u00e1y xay th\u1ecbt ch\u1ed3ng xu\u1ea5t kh\u1ea9u\" class=\"wp-image-1059\" title=\"\" srcset=\"https:\/\/meat-machine.com\/wp-content\/uploads\/2026\/02\/Meat-bowl-chopper-and-mixer-machine-price.webp 720w, https:\/\/meat-machine.com\/wp-content\/uploads\/2026\/02\/Meat-bowl-chopper-and-mixer-machine-price-300x225.webp 300w, https:\/\/meat-machine.com\/wp-content\/uploads\/2026\/02\/Meat-bowl-chopper-and-mixer-machine-price-16x12.webp 16w\" sizes=\"auto, (max-width: 720px) 100vw, 720px\" \/><figcaption class=\"wp-element-caption\">Gi\u00e1 M\u00e1y Xay Th\u1ecbt Bowl V\u00e0 M\u00e1y Tr\u1ed9n<\/figcaption><\/figure>    <h2 class=\"wp-block-heading\">\u01afu \u0111i\u1ec3m c\u1ee7a m\u00e1y xay th\u1ecbt trong bowl<\/h2>    <div class=\"wp-block-media-text is-stacked-on-mobile\"><figure class=\"wp-block-media-text__media\"><img loading=\"lazy\" decoding=\"async\" width=\"720\" height=\"540\" src=\"https:\/\/meat-machine.com\/wp-content\/uploads\/2026\/02\/meat-bowl-mixing-machine.webp\" alt=\"Gi\u00e1 m\u00e1y xay th\u1ecbt trong bowl v\u00e0 m\u00e1y tr\u1ed9n\" class=\"wp-image-1060 size-full\" title=\"\" srcset=\"https:\/\/meat-machine.com\/wp-content\/uploads\/2026\/02\/meat-bowl-mixing-machine.webp 720w, https:\/\/meat-machine.com\/wp-content\/uploads\/2026\/02\/meat-bowl-mixing-machine-300x225.webp 300w, https:\/\/meat-machine.com\/wp-content\/uploads\/2026\/02\/meat-bowl-mixing-machine-16x12.webp 16w\" sizes=\"auto, (max-width: 720px) 100vw, 720px\" \/><\/figure><div class=\"wp-block-media-text__content\"> <ul class=\"wp-block-list\"> <li><strong>\u0110i\u1ec1u ch\u1ec9nh t\u1ed1c \u0111\u1ed9 l\u01b0\u1ee1i dao:<\/strong> \u0110\u1ed9ng c\u01a1 \u0111i\u1ec1u khi\u1ec3n b\u1eb1ng t\u1ea7n cho t\u1ed1c \u0111\u1ed9 l\u01b0\u1ee1i dao t\u1eeb 126 \u0111\u1ebfn 3800 rpm \u0111\u1ec3 c\u1eaft ch\u00ednh x\u00e1c, \u1ed5n \u0111\u1ecbnh v\u00e0 hi\u1ec7u qu\u1ea3.<\/li>    <li><strong>C\u1ea5u tr\u00fac ch\u1ea5t l\u01b0\u1ee3ng cao:<\/strong> L\u00e0m t\u1eeb v\u1eadt li\u1ec7u nh\u1eadp kh\u1ea9u cao c\u1ea5p, t\u1ea5t c\u1ea3 c\u00e1c b\u1ed9 ph\u1eadn b\u1eb1ng th\u00e9p kh\u00f4ng g\u1ec9 v\u1edbi m\u00e9p b\u00e1t c\u00f3 mi\u1ec7ng \u0111\u1ec3 ng\u0103n tr\u00e0n.<\/li>    <li><strong>Bowl x chopped hai t\u1ed1c \u0111\u1ed9:<\/strong> C\u00f3 th\u1ec3 gh\u00e9p v\u1edbi dao \u0111\u1ec3 t\u1ed1i \u01b0u h\u00f3a qu\u00e1 tr\u00ecnh xay v\u00e0 tr\u1ed9n, gi\u1ea3m th\u1eddi gian x\u1eed l\u00fd v\u00e0 gi\u1eef nhi\u1ec7t \u0111\u1ed9 v\u1eadt li\u1ec7u \u1edf m\u1ee9c th\u1ea5p.<\/li> <\/ul> <\/div><\/div>    <div class=\"wp-block-media-text has-media-on-the-right is-stacked-on-mobile\"><div class=\"wp-block-media-text__content\"> <ul class=\"wp-block-list\"> <li><strong>C\u1eaft ch\u00ednh x\u00e1c:<\/strong> Kho\u1ea3ng c\u00e1ch l\u01b0\u1ee1i dao d\u01b0\u1edbi 1,5 mm \u0111\u1ec3 \u0111\u1ea3m b\u1ea3o xay \u0111\u1ec1u v\u00e0 nh\u1ea5t qu\u00e1n ngay c\u1ea3 \u1edf t\u1ed1c \u0111\u1ed9 cao.<\/li>    <li><strong>\u1ed2n th\u1ea5p &amp; V\u1eadn h\u00e0nh \u1ed5n \u0111\u1ecbnh:<\/strong> Thi\u1ebft k\u1ebf cho hi\u1ec7u su\u1ea5t \u00eam \u00e1i, y\u00ean t\u0129nh khi x\u1eed l\u00fd \u1edf t\u1ed1c \u0111\u1ed9 cao.<\/li>    <li><strong>Ph\u1ec5u x\u1ea3 ti\u1ec7n l\u1ee3i:<\/strong> \u0110\u01b0\u1ee3c trang b\u1ecb h\u1ec7 th\u1ed1ng x\u1ea3 d\u1ec5 d\u00e0ng v\u00e0 s\u1ea1ch s\u1ebd cho v\u1eadt li\u1ec7u \u0111\u00e3 x\u1ea3.<\/li>    <li><strong>\u1ee8ng d\u1ee5ng \u0111a n\u0103ng:<\/strong> Ph\u00f9 h\u1ee3p v\u1edbi qu\u00e1 tr\u00ecnh ch\u1ebf bi\u1ebfn s\u00e2u th\u1ecbt, h\u1ea3i s\u1ea3n, rau c\u1ee7, tr\u00e1i c\u00e2y v\u00e0 gia v\u1ecb trong khi gi\u1eef \u0111\u01b0\u1ee3c m\u00e0u s\u1eafc v\u00e0 ch\u1ea5t l\u01b0\u1ee3ng t\u1ef1 nhi\u00ean.<\/li> <\/ul> <\/div><figure class=\"wp-block-media-text__media\"><img loading=\"lazy\" decoding=\"async\" width=\"720\" height=\"540\" src=\"https:\/\/meat-machine.com\/wp-content\/uploads\/2026\/02\/meat-chopper-1.webp\" alt=\"D\u00e2y chuy\u1ec1n s\u1ea3n xu\u1ea5t m\u00e1y l\u00e0m patty th\u1ecbt l\u00e0 m\u1ed9t h\u1ec7 th\u1ed1ng t\u1ef1 \u0111\u1ed9ng cho x\u1eed l\u00fd patty th\u1ecbt quy m\u00f4 l\u1edbn.\" class=\"wp-image-1061 size-full\" title=\"\" srcset=\"https:\/\/meat-machine.com\/wp-content\/uploads\/2026\/02\/meat-chopper-1.webp 720w, https:\/\/meat-machine.com\/wp-content\/uploads\/2026\/02\/meat-chopper-1-300x225.webp 300w, https:\/\/meat-machine.com\/wp-content\/uploads\/2026\/02\/meat-chopper-1-16x12.webp 16w\" sizes=\"auto, (max-width: 720px) 100vw, 720px\" \/><\/figure><\/div>    <h2 class=\"wp-block-heading\">Th\u00f4ng s\u1ed1 m\u00e1y xay th\u1ecbt trong bowl<\/h2>    <figure class=\"wp-block-table\"><table class=\"has-fixed-layout\"><thead><tr><th>Ng\u01b0\u1eddi m\u1eabu<\/th><th>SL-20<\/th><th>SL-40<\/th><th>SL-80<\/th><th>SL-125<\/th><th>SL-200<\/th><\/tr><\/thead><tbody><tr><td><strong>Dung t\u00edch x\u1eed l\u00fd theo l\u00f4 (kg\/lo\u1ea1i)<\/strong><\/td><td>10\u201315<\/td><td>20\u201330<\/td><td>40\u201350<\/td><td>70\u201380<\/td><td>100\u2013140<\/td><\/tr><tr><td><strong>Th\u1ec3 t\u00edch b\u00e1t (L)<\/strong><\/td><td>20<\/td><td>40<\/td><td>80<\/td><td>125<\/td><td>200<\/td><\/tr><tr><td><strong>C\u00f4ng su\u1ea5t l\u1eafp \u0111\u1eb7t (kW)<\/strong><\/td><td>2.55<\/td><td>6.25<\/td><td>23<\/td><td>27<\/td><td>63<\/td><\/tr><tr><td><strong>S\u1ed1 l\u01b0\u1ee3ng l\u01b0\u1ee1i dao c\u1eaft<\/strong><\/td><td>3<\/td><td>3<\/td><td>6<\/td><td>6<\/td><td>6<\/td><\/tr><tr><td><strong>T\u1ed1c \u0111\u1ed9 quay b\u00e1t (rpm)<\/strong><\/td><td>16<\/td><td>12<\/td><td>8 \/ 12<\/td><td>8 \/ 12<\/td><td>8 \/ 12 \/ 16<\/td><\/tr><tr><td><strong>T\u1ed1c \u0111\u1ed9 l\u01b0\u1ee1i dao (rpm)<\/strong><\/td><td>1650 \/ 3300<\/td><td>1800 \/ 3600<\/td><td>126 \/ 1800 \/ 3600<\/td><td>126 \/ 1800 \/ 3600<\/td><td>200 \/ 1900 \/ 3800<\/td><\/tr><tr><td><strong>K\u00edch th\u01b0\u1edbc t\u1ed5ng th\u1ec3 (mm)<\/strong><\/td><td>770 \u00d7 650 \u00d7 980<\/td><td>1245 \u00d7 810 \u00d7 1094<\/td><td>2300 \u00d7 1020 \u00d7 1195<\/td><td>2400 \u00d7 1420 \u00d7 1300<\/td><td>2580 \u00d7 2400 \u00d7 1960<\/td><\/tr><tr><td><strong>Tr\u1ecdng l\u01b0\u1ee3ng m\u00e1y (kg)<\/strong><\/td><td>215<\/td><td>480<\/td><td>1100<\/td><td>1300<\/td><td>3800<\/td><\/tr><tr><td><strong>Ngu\u1ed3n c\u1ea5p<\/strong><\/td><td>380V<\/td><td>380V<\/td><td>380V<\/td><td>380V<\/td><td>380V<\/td><\/tr><\/tbody><\/table><figcaption class=\"wp-element-caption\">Th\u00f4ng s\u1ed1 m\u00e1y xay th\u1ecbt trong bowl<\/figcaption><\/figure>    <figure class=\"wp-block-gallery has-nested-images columns-default is-cropped wp-block-gallery-3 is-layout-flex wp-block-gallery-is-layout-flex\"> <figure class=\"wp-block-image size-large\"><img loading=\"lazy\" decoding=\"async\" width=\"720\" height=\"540\" data-id=\"1062\" src=\"https:\/\/meat-machine.com\/wp-content\/uploads\/2026\/02\/final-products.webp\" alt=\"M\u00e1y tr\u1ed9n bowl th\u1ecbt\" class=\"wp-image-1062\" title=\"\" srcset=\"https:\/\/meat-machine.com\/wp-content\/uploads\/2026\/02\/final-products.webp 720w, https:\/\/meat-machine.com\/wp-content\/uploads\/2026\/02\/final-products-300x225.webp 300w, https:\/\/meat-machine.com\/wp-content\/uploads\/2026\/02\/final-products-16x12.webp 16w\" sizes=\"auto, (max-width: 720px) 100vw, 720px\" \/><figcaption class=\"wp-element-caption\">S\u1ea3n ph\u1ea9m cu\u1ed1i c\u00f9ng<\/figcaption><\/figure>    <figure class=\"wp-block-image size-large\"><img loading=\"lazy\" decoding=\"async\" width=\"720\" height=\"540\" data-id=\"1063\" src=\"https:\/\/meat-machine.com\/wp-content\/uploads\/2026\/02\/meat-mixer.webp\" alt=\"s\u1ea3n ph\u1ea9m cu\u1ed1i c\u00f9ng\" class=\"wp-image-1063\" title=\"\" srcset=\"https:\/\/meat-machine.com\/wp-content\/uploads\/2026\/02\/meat-mixer.webp 720w, https:\/\/meat-machine.com\/wp-content\/uploads\/2026\/02\/meat-mixer-300x225.webp 300w, https:\/\/meat-machine.com\/wp-content\/uploads\/2026\/02\/meat-mixer-16x12.webp 16w\" sizes=\"auto, (max-width: 720px) 100vw, 720px\" \/><figcaption class=\"wp-element-caption\">M\u00e1y tr\u1ed9n th\u1ecbt<\/figcaption><\/figure>    <figure class=\"wp-block-image size-large\"><img loading=\"lazy\" decoding=\"async\" width=\"720\" height=\"540\" data-id=\"1064\" src=\"https:\/\/meat-machine.com\/wp-content\/uploads\/2026\/02\/meat.webp\" alt=\"th\u1ecbt\" class=\"wp-image-1064\" title=\"\" srcset=\"https:\/\/meat-machine.com\/wp-content\/uploads\/2026\/02\/meat.webp 720w, https:\/\/meat-machine.com\/wp-content\/uploads\/2026\/02\/meat-300x225.webp 300w, https:\/\/meat-machine.com\/wp-content\/uploads\/2026\/02\/meat-16x12.webp 16w\" sizes=\"auto, (max-width: 720px) 100vw, 720px\" \/><figcaption class=\"wp-element-caption\">Th\u1ecbt<\/figcaption><\/figure> <\/figure>    <h2 class=\"wp-block-heading\">Ph\u1ea7n k\u1ebft lu\u1eadn<\/h2>    <p class=\"wp-block-paragraph translation-block\">M\u00e1y xay tr\u1ed9n v\u00e0 xay th\u1ecbt <strong>Meat Bowl Chopper and Mixer Machine<\/strong> r\u1ea5t ph\u00f9 h\u1ee3p cho s\u1ea3n xu\u1ea5t c\u00f4ng nghi\u1ec7p c\u00e1c lo\u1ea1i <a href=\"https:\/\/meat-machine.com\/vi\/san-pham\/day-chuyen-che-bien-xuc-xich\/\" data-type=\"link\" data-id=\"https:\/\/meat-machine.com\/product\/sausage-processing-line\/\">sausages<\/a>, <a href=\"https:\/\/meat-machine.com\/vi\/san-pham\/meatball-making-machine-processing-line\/\" data-type=\"link\" data-id=\"https:\/\/meat-machine.com\/product\/meatball-making-machine-processing-line\/\">meatballs<\/a>, <a href=\"https:\/\/meat-machine.com\/vi\/san-pham\/meat-patty-making-machine-production-line\/\" data-type=\"link\" data-id=\"https:\/\/meat-machine.com\/product\/meat-patty-making-machine-production-line\/\">patties<\/a> v\u00e0 c\u00e1c th\u1ef1c ph\u1ea9m \u0111\u00e3 qua ch\u1ebf bi\u1ebfn kh\u00e1c, m\u00e1y n\u00e0y gi\u1ea3m th\u1eddi gian x\u1eed l\u00fd, b\u1ea3o to\u00e0n ch\u1ea5t l\u01b0\u1ee3ng th\u00e0nh ph\u1ea7n v\u00e0 \u0111\u01a1n gi\u1ea3n h\u00f3a v\u1eadn h\u00e0nh. <\/p>    <figure class=\"wp-block-gallery has-nested-images columns-default is-cropped wp-block-gallery-4 is-layout-flex wp-block-gallery-is-layout-flex\"> <figure class=\"wp-block-image size-large\"><img loading=\"lazy\" decoding=\"async\" width=\"720\" height=\"540\" data-id=\"1038\" src=\"https:\/\/meat-machine.com\/wp-content\/uploads\/2026\/02\/Meatball-making-machine-processing-line.webp\" alt=\"D\u00e2y chuy\u1ec1n ch\u1ebf bi\u1ebfn m\u00e1y l\u00e0m vi\u00ean th\u1ecbt\" class=\"wp-image-1038\" title=\"\" srcset=\"https:\/\/meat-machine.com\/wp-content\/uploads\/2026\/02\/Meatball-making-machine-processing-line.webp 720w, https:\/\/meat-machine.com\/wp-content\/uploads\/2026\/02\/Meatball-making-machine-processing-line-300x225.webp 300w, https:\/\/meat-machine.com\/wp-content\/uploads\/2026\/02\/Meatball-making-machine-processing-line-16x12.webp 16w\" sizes=\"auto, (max-width: 720px) 100vw, 720px\" \/><figcaption class=\"wp-element-caption\">D\u00f2ng s\u1ea3n xu\u1ea5t m\u00e1y l\u00e0m th\u1ecbt vi\u00ean<\/figcaption><\/figure>    <figure class=\"wp-block-image size-large\"><img loading=\"lazy\" decoding=\"async\" width=\"720\" height=\"540\" data-id=\"1026\" src=\"https:\/\/meat-machine.com\/wp-content\/uploads\/2026\/02\/industrial-Meat-patty-making-machine-production-line.webp\" alt=\"m\u00e1y \u0111\u00f3ng g\u00f3i\" class=\"wp-image-1026\" title=\"\" srcset=\"https:\/\/meat-machine.com\/wp-content\/uploads\/2026\/02\/industrial-Meat-patty-making-machine-production-line.webp 720w, https:\/\/meat-machine.com\/wp-content\/uploads\/2026\/02\/industrial-Meat-patty-making-machine-production-line-300x225.webp 300w, https:\/\/meat-machine.com\/wp-content\/uploads\/2026\/02\/industrial-Meat-patty-making-machine-production-line-16x12.webp 16w\" sizes=\"auto, (max-width: 720px) 100vw, 720px\" \/><figcaption class=\"wp-element-caption\">D\u00f2ng S\u1ea3n xu\u1ea5t M\u00e1y L\u00e0m X\u00fac X\u00edch Th\u1ecbt C\u00f4ng Nghi\u1ec7p<\/figcaption><\/figure>    <figure class=\"wp-block-image size-large\"><img loading=\"lazy\" decoding=\"async\" width=\"720\" height=\"540\" data-id=\"459\" src=\"https:\/\/meat-machine.com\/wp-content\/uploads\/2023\/08\/sausage-production-line.webp\" alt=\"thi\u1ebft b\u1ecb l\u00e0m x\u00fac x\u00edch\" class=\"wp-image-459\" title=\"\" srcset=\"https:\/\/meat-machine.com\/wp-content\/uploads\/2023\/08\/sausage-production-line.webp 720w, https:\/\/meat-machine.com\/wp-content\/uploads\/2023\/08\/sausage-production-line-300x225.webp 300w\" sizes=\"auto, (max-width: 720px) 100vw, 720px\" \/><figcaption class=\"wp-element-caption\">Thi\u1ebft b\u1ecb l\u00e0m x\u00fac x\u00edch<\/figcaption><\/figure> <\/figure>    <p class=\"wp-block-paragraph translation-block\"><strong>H\u00e3y li\u00ean h\u1ec7 v\u1edbi ch\u00fang t\u00f4i ngay h\u00f4m nay \u0111\u1ec3 nh\u1eadn b\u00e1o gi\u00e1 v\u00e0 xem m\u00e1y n\u00e0y c\u00f3 th\u1ec3 n\u00e2ng cao d\u00e2y chuy\u1ec1n s\u1ea3n xu\u1ea5t c\u1ee7a b\u1ea1n nh\u01b0 th\u1ebf n\u00e0o.<\/strong><br><br><\/p>","protected":false},"excerpt":{"rendered":"<p>M\u00e1y xay v\u00e0 tr\u1ed9n b\u00e1t th\u1ecbt l\u00e0 m\u1ed9t m\u00e1y ch\u1ebf bi\u1ebfn th\u1ef1c ph\u1ea9m t\u00edch h\u1ee3p xay nhanh v\u00e0 tr\u1ed9n \u0111\u1ec1u v\u00e0o m\u1ed9t thi\u1ebft b\u1ecb.<\/p>","protected":false},"author":1,"featured_media":1055,"parent":0,"template":"","tags":[79],"product-type":[4],"class_list":["post-1052","product","type-product","status-publish","has-post-thumbnail","hentry","tag-meat-bowl-chopper-and-mixer-machine","product-type-meat-grinder"],"_links":{"self":[{"href":"https:\/\/meat-machine.com\/vi\/wp-json\/wp\/v2\/product\/1052","targetHints":{"allow":["GET"]}}],"collection":[{"href":"https:\/\/meat-machine.com\/vi\/wp-json\/wp\/v2\/product"}],"about":[{"href":"https:\/\/meat-machine.com\/vi\/wp-json\/wp\/v2\/types\/product"}],"author":[{"embeddable":true,"href":"https:\/\/meat-machine.com\/vi\/wp-json\/wp\/v2\/users\/1"}],"wp:featuredmedia":[{"embeddable":true,"href":"https:\/\/meat-machine.com\/vi\/wp-json\/wp\/v2\/media\/1055"}],"wp:attachment":[{"href":"https:\/\/meat-machine.com\/vi\/wp-json\/wp\/v2\/media?parent=1052"}],"wp:term":[{"taxonomy":"post_tag","embeddable":true,"href":"https:\/\/meat-machine.com\/vi\/wp-json\/wp\/v2\/tags?post=1052"},{"taxonomy":"product-type","embeddable":true,"href":"https:\/\/meat-machine.com\/vi\/wp-json\/wp\/v2\/product-type?post=1052"}],"curies":[{"name":"wp","href":"https:\/\/api.w.org\/{rel}","templated":true}]}}