{"id":101,"date":"2022-09-08T09:03:47","date_gmt":"2022-09-08T09:03:47","guid":{"rendered":"https:\/\/meat-machine.com\/?post_type=product&#038;p=101"},"modified":"2024-12-16T16:44:22","modified_gmt":"2024-12-16T08:44:22","slug":"may-tach-xuong-ca","status":"publish","type":"product","link":"https:\/\/meat-machine.com\/vi\/product\/fish-deboner-machine\/","title":{"rendered":"M\u00e1y l\u1ecdc x\u01b0\u01a1ng c\u00e1 | M\u00e1y t\u00e1ch x\u01b0\u01a1ng th\u1ecbt c\u00e1"},"content":{"rendered":"<div class=\"kk-star-ratings kksr-auto kksr-align-left kksr-valign-top\"     data-payload='{&quot;align&quot;:&quot;left&quot;,&quot;id&quot;:&quot;101&quot;,&quot;slug&quot;:&quot;default&quot;,&quot;valign&quot;:&quot;top&quot;,&quot;ignore&quot;:&quot;&quot;,&quot;reference&quot;:&quot;auto&quot;,&quot;class&quot;:&quot;&quot;,&quot;count&quot;:&quot;7&quot;,&quot;legendonly&quot;:&quot;&quot;,&quot;readonly&quot;:&quot;&quot;,&quot;score&quot;:&quot;4.7&quot;,&quot;starsonly&quot;:&quot;&quot;,&quot;best&quot;:&quot;5&quot;,&quot;gap&quot;:&quot;5&quot;,&quot;greet&quot;:&quot;Rate this product&quot;,&quot;legend&quot;:&quot;4.7\\\/5 - (7 b\u00ecnh ch\u1ecdn)&quot;,&quot;size&quot;:&quot;24&quot;,&quot;title&quot;:&quot;Fish Deboner Machine | Fish Meat Bone Separator Machine&quot;,&quot;width&quot;:&quot;133.8&quot;,&quot;_legend&quot;:&quot;{score}\\\/{best} - ({count} {votes})&quot;,&quot;font_factor&quot;:&quot;1.25&quot;}'>              <div class=\"kksr-stars\">      <div class=\"kksr-stars-inactive\">             <div class=\"kksr-star\" data-star=\"1\" style=\"padding-right: 5px\">               <div class=\"kksr-icon\" style=\"width: 24px; height: 24px;\"><\/div>         <\/div>             <div class=\"kksr-star\" data-star=\"2\" style=\"padding-right: 5px\">               <div class=\"kksr-icon\" style=\"width: 24px; height: 24px;\"><\/div>         <\/div>             <div class=\"kksr-star\" data-star=\"3\" style=\"padding-right: 5px\">               <div class=\"kksr-icon\" style=\"width: 24px; height: 24px;\"><\/div>         <\/div>             <div class=\"kksr-star\" data-star=\"4\" style=\"padding-right: 5px\">               <div class=\"kksr-icon\" style=\"width: 24px; height: 24px;\"><\/div>         <\/div>             <div class=\"kksr-star\" data-star=\"5\" style=\"padding-right: 5px\">               <div class=\"kksr-icon\" style=\"width: 24px; height: 24px;\"><\/div>         <\/div>     <\/div>      <div class=\"kksr-stars-active\" style=\"width: 133.8px;\">             <div class=\"kksr-star\" style=\"padding-right: 5px\">               <div class=\"kksr-icon\" style=\"width: 24px; height: 24px;\"><\/div>         <\/div>             <div class=\"kksr-star\" style=\"padding-right: 5px\">               <div class=\"kksr-icon\" style=\"width: 24px; height: 24px;\"><\/div>         <\/div>             <div class=\"kksr-star\" style=\"padding-right: 5px\">               <div class=\"kksr-icon\" style=\"width: 24px; height: 24px;\"><\/div>         <\/div>             <div class=\"kksr-star\" style=\"padding-right: 5px\">               <div class=\"kksr-icon\" style=\"width: 24px; height: 24px;\"><\/div>         <\/div>             <div class=\"kksr-star\" style=\"padding-right: 5px\">               <div class=\"kksr-icon\" style=\"width: 24px; height: 24px;\"><\/div>         <\/div>     <\/div> <\/div>                   <div class=\"kksr-legend\" style=\"font-size: 19.2px;\">             4.7\/5 - (7 l\u01b0\u1ee3t b\u00ecnh ch\u1ecdn)    <\/div>     <\/div>  <p class=\"wp-block-paragraph\">M\u00e1y t\u00e1ch x\u01b0\u01a1ng c\u00e1 c\u00f3 th\u1ec3 t\u00e1ch th\u1ecbt c\u00e1 ra kh\u1ecfi x\u01b0\u01a1ng v\u00e0 da m\u1ed9t c\u00e1ch hi\u1ec7u qu\u1ea3. Chi\u1ebfc m\u00e1y \u0111a n\u0103ng n\u00e0y \u0111\u00f3ng vai tr\u00f2 v\u1eeba l\u00e0 m\u00e1y t\u00e1ch th\u1ecbt v\u1eeba l\u00e0 m\u00e1y xay, cho ph\u00e9p chi\u1ebft th\u1ecbt c\u00e1 s\u1ea1ch. M\u00e1y c\u00f3 th\u1ec3 x\u1eed l\u00fd t\u1ea5t c\u1ea3 c\u00e1c lo\u1ea1i c\u00e1, l\u00fd t\u01b0\u1edfng \u0111\u1ec3 s\u1ea3n xu\u1ea5t c\u00e1c s\u1ea3n ph\u1ea9m nh\u01b0 c\u00e1 vi\u00ean v\u00e0 c\u00e1c m\u1eb7t h\u00e0ng l\u00e0m t\u1eeb c\u00e1 kh\u00e1c.<\/p>    <p class=\"wp-block-paragraph\">V\u1edbi c\u00f4ng su\u1ea5t t\u1eeb \u200b\u200b180 kg\/h \u0111\u1ebfn 1500 kg\/h, M\u00e1y l\u1ecdc x\u01b0\u01a1ng c\u00e1 ph\u00f9 h\u1ee3p cho c\u1ea3 nhu c\u1ea7u s\u1ea3n xu\u1ea5t quy m\u00f4 nh\u1ecf v\u00e0 quy m\u00f4 l\u1edbn. N\u00f3 \u0111\u01b0\u1ee3c s\u1eed d\u1ee5ng r\u1ed9ng r\u00e3i trong c\u00e1c nh\u00e0 m\u00e1y ch\u1ebf bi\u1ebfn th\u1ef1c ph\u1ea9m, nh\u00e0 h\u00e0ng, kh\u00e1ch s\u1ea1n v\u00e0 c\u00e1c ng\u00e0nh c\u00f4ng nghi\u1ec7p th\u1ef1c ph\u1ea9m kh\u00e1c, n\u01a1i c\u1ea7n c\u00f3 th\u1ecbt c\u00e1 ch\u1ea5t l\u01b0\u1ee3ng cao. <\/p>    <figure class=\"wp-block-embed is-type-video is-provider-youtube wp-block-embed-youtube wp-embed-aspect-16-9 wp-has-aspect-ratio\"><div class=\"wp-block-embed__wrapper\"> <iframe loading=\"lazy\" title=\"M\u00e1y T\u00e1ch X\u01b0\u01a1ng Th\u1ecbt C\u00e1 | M\u00e1y t\u00e1ch x\u01b0\u01a1ng c\u00e1 ho\u1ea1t \u0111\u1ed9ng nh\u01b0 th\u1ebf n\u00e0o?\" width=\"500\" height=\"281\" src=\"https:\/\/www.youtube.com\/embed\/1CjSzOEuwnU?feature=oembed\" frameborder=\"0\" allow=\"accelerometer; autoplay; clipboard-write; encrypted-media; gyroscope; picture-in-picture; web-share\" referrerpolicy=\"strict-origin-when-cross-origin\" allowfullscreen><\/iframe> <\/div><figcaption class=\"wp-element-caption\">Video ho\u1ea1t \u0111\u1ed9ng c\u1ee7a m\u00e1y t\u00e1ch x\u01b0\u01a1ng c\u00e1<\/figcaption><\/figure>    <h2 class=\"wp-block-heading\" id=\"h-characteristics-of-automatic-fish-deboner-machine\">\u0110\u1eb7c \u0111i\u1ec3m c\u1ee7a m\u00e1y t\u00e1ch x\u01b0\u01a1ng c\u00e1 t\u1ef1 \u0111\u1ed9ng<\/h2>    <ul class=\"wp-block-list\"> <li>\u0110\u01b0\u1ee3c ch\u1ebf t\u1ea1o b\u1eb1ng th\u00e9p kh\u00f4ng g\u1ec9 304 c\u1ea5p th\u1ef1c ph\u1ea9m cho \u0111\u1ed9 b\u1ec1n v\u00e0 an to\u00e0n.<\/li>    <li>\u0110\u1ea1t \u0111\u01b0\u1ee3c b\u1ed9 s\u01b0u t\u1eadp th\u1ecbt c\u00e1 l\u00ean t\u1edbi 95% b\u1eb1ng c\u00e1ch t\u00e1ch x\u01b0\u01a1ng, da v\u00e0 x\u01b0\u01a1ng s\u01b0\u1eddn m\u1ed9t c\u00e1ch hi\u1ec7u qu\u1ea3.<\/li>    <li>Th\u00edch h\u1ee3p cho c\u00e1 n\u01b0\u1edbc ng\u1ecdt v\u00e0 c\u00e1 bi\u1ec3n, x\u1eed l\u00fd tr\u1ef1c ti\u1ebfp c\u00e1 nh\u1ecf v\u00e0 c\u00e1 l\u1edbn h\u01a1n sau khi ph\u00e2n kh\u00fac.<\/li>    <li>H\u1ed7 tr\u1ee3 s\u1ea3n xu\u1ea5t c\u00e1 vi\u00ean, b\u00e1nh bao, \u0111\u1eadu ph\u1ee5 v\u00e0 c\u00e1c s\u1ea3n ph\u1ea9m t\u1eeb c\u00e1 kh\u00e1c.<\/li>    <li>Nh\u1ecf g\u1ecdn, hi\u1ec7u qu\u1ea3 v\u00e0 ti\u1ebft ki\u1ec7m chi ph\u00ed, n\u00e2ng cao gi\u00e1 tr\u1ecb c\u1ee7a c\u00e1 gi\u00e1 r\u1ebb \u0111\u1ed3ng th\u1eddi ti\u1ebft ki\u1ec7m nh\u00e2n c\u00f4ng.<\/li> <\/ul>   <div class=\"wp-block-image\"> <figure class=\"aligncenter size-full\"><img loading=\"lazy\" decoding=\"async\" width=\"800\" height=\"500\" src=\"https:\/\/meat-machine.com\/wp-content\/uploads\/2022\/09\/application-scope-of-fish-deboning-machine.webp\" alt=\"ph\u1ea1m vi \u1ee9ng d\u1ee5ng c\u1ee7a m\u00e1y t\u00e1ch x\u01b0\u01a1ng c\u00e1\" class=\"wp-image-103\" title=\"\" srcset=\"https:\/\/meat-machine.com\/wp-content\/uploads\/2022\/09\/application-scope-of-fish-deboning-machine.webp 800w, https:\/\/meat-machine.com\/wp-content\/uploads\/2022\/09\/application-scope-of-fish-deboning-machine-300x188.webp 300w, https:\/\/meat-machine.com\/wp-content\/uploads\/2022\/09\/application-scope-of-fish-deboning-machine-768x480.webp 768w\" sizes=\"auto, (max-width: 800px) 100vw, 800px\" \/><figcaption class=\"wp-element-caption\">ph\u1ea1m vi \u1ee9ng d\u1ee5ng c\u1ee7a m\u00e1y t\u00e1ch x\u01b0\u01a1ng c\u00e1<\/figcaption><\/figure> <\/div>   <h2 class=\"wp-block-heading\">C\u1ea5u tr\u00fac m\u00e1y t\u00e1ch x\u01b0\u01a1ng c\u00e1<\/h2>    <p class=\"wp-block-paragraph translation-block\"><strong>M\u00e1y t\u00e1ch x\u01b0\u01a1ng c\u00e1<\/strong> c\u00f3 c\u1ea5u tr\u00fac m\u1ea1nh m\u1ebd v\u00e0 hi\u1ec7u qu\u1ea3 \u0111\u01b0\u1ee3c thi\u1ebft k\u1ebf \u0111\u1ec3 h\u1ee3p l\u00fd h\u00f3a vi\u1ec7c t\u00e1ch th\u1ecbt v\u00e0 x\u01b0\u01a1ng c\u00e1. C\u00e1c b\u1ed9 ph\u1eadn ch\u00ednh c\u1ee7a n\u00f3 bao g\u1ed3m:<\/p>    <div class=\"wp-block-media-text is-stacked-on-mobile\"><figure class=\"wp-block-media-text__media\"><img loading=\"lazy\" decoding=\"async\" width=\"720\" height=\"540\" src=\"https:\/\/meat-machine.com\/wp-content\/uploads\/2022\/09\/automatic-fish-deboner-machine.webp\" alt=\"M\u00e1y t\u00e1ch x\u01b0\u01a1ng c\u00e1 t\u1ef1 \u0111\u1ed9ng\" class=\"wp-image-700 size-full\" title=\"\" srcset=\"https:\/\/meat-machine.com\/wp-content\/uploads\/2022\/09\/automatic-fish-deboner-machine.webp 720w, https:\/\/meat-machine.com\/wp-content\/uploads\/2022\/09\/automatic-fish-deboner-machine-300x225.webp 300w, https:\/\/meat-machine.com\/wp-content\/uploads\/2022\/09\/automatic-fish-deboner-machine-16x12.webp 16w\" sizes=\"auto, (max-width: 720px) 100vw, 720px\" \/><\/figure><div class=\"wp-block-media-text__content\"> <ul class=\"wp-block-list\"> <li><strong>\u0110\u1ed9ng c\u01a1 v\u00e0 thi\u1ebft b\u1ecb truy\u1ec1n \u0111\u1ed9ng<\/strong>. Nh\u1eefng b\u1ed9 ph\u1eadn n\u00e0y cung c\u1ea5p n\u0103ng l\u01b0\u1ee3ng v\u00e0 \u0111i\u1ec1u khi\u1ec3n ho\u1ea1t \u0111\u1ed9ng c\u1ee7a m\u00e1y, \u0111\u1ea3m b\u1ea3o hi\u1ec7u su\u1ea5t m\u01b0\u1ee3t m\u00e0.<\/li>    <li><strong>Con l\u0103n c\u00f3 c\u1ea1p b\u00ean trong<\/strong>. Con l\u0103n l\u00e0 thi\u1ebft b\u1ecb kh\u00f4ng th\u1ec3 thi\u1ebfu \u0111\u1ec3 t\u00e1ch x\u01b0\u01a1ng c\u00e1 ra kh\u1ecfi th\u1ecbt. C\u00e1c l\u1ed7 s\u00e0ng ph\u00e2n b\u1ed1 \u0111\u1ec1u tr\u00ean tr\u1ed1ng cho ph\u00e9p th\u1ecbt c\u00e1 l\u1ecdt qua trong khi x\u01b0\u01a1ng v\u1eabn \u1edf b\u00ean ngo\u00e0i. D\u1ee5ng c\u1ee5 c\u1ea1o b\u00ean trong t\u00e1ch th\u1ecbt ra kh\u1ecfi th\u00e0nh trong c\u1ee7a con l\u0103n \u0111\u1ec3 thu gom hi\u1ec7u qu\u1ea3.<\/li> <\/ul> <\/div><\/div>    <div class=\"wp-block-media-text has-media-on-the-right is-stacked-on-mobile\"><div class=\"wp-block-media-text__content\"> <ul class=\"wp-block-list\"> <li><strong>\u0110ai thu gom th\u1ecbt<\/strong>. Ho\u1ea1t \u0111\u1ed9ng c\u00f9ng v\u1edbi con l\u0103n \u0111\u1ec3 t\u1ea1o \u00e1p l\u1ef1c, \u00e9p c\u00e1 v\u00e0 gi\u00fap t\u00e1ch th\u1ecbt v\u00e0 x\u01b0\u01a1ng.<\/li>    <li><strong>Thi\u1ebft b\u1ecb tinh ch\u1ec9nh t\u1ef1 \u0111\u1ed9ng<\/strong>. T\u1ef1 \u0111\u1ed9ng \u0111i\u1ec1u ch\u1ec9nh \u00e1p su\u1ea5t v\u00e0 \u0111\u1eb7t l\u1ea1i khe h\u1edf trong qu\u00e1 tr\u00ecnh v\u1eadn h\u00e0nh, \u0111\u1ea3m b\u1ea3o ch\u1ea5t l\u01b0\u1ee3ng t\u00e1ch \u1ed5n \u0111\u1ecbnh.<\/li>    <li><strong>D\u1ee5ng c\u1ee5 c\u1ea1o (b\u00ean trong v\u00e0 b\u00ean ngo\u00e0i)<\/strong>. D\u1ee5ng c\u1ee5 c\u1ea1o b\u00ean trong lo\u1ea1i b\u1ecf th\u1ecbt kh\u1ecfi tr\u1ed1ng, trong khi d\u1ee5ng c\u1ee5 c\u1ea1o b\u00ean ngo\u00e0i l\u00e0m s\u1ea1ch x\u01b0\u01a1ng v\u00e0 da kh\u1ecfi b\u1ec1 m\u1eb7t con l\u0103n.<\/li> <\/ul> <\/div><figure class=\"wp-block-media-text__media\"><img loading=\"lazy\" decoding=\"async\" width=\"720\" height=\"540\" src=\"https:\/\/meat-machine.com\/wp-content\/uploads\/2022\/09\/fish-deboner-machine-for-sale.webp\" alt=\"m\u00e1y t\u00e1ch x\u01b0\u01a1ng c\u00e1 b\u00e1n\" class=\"wp-image-701 size-full\" title=\"\" srcset=\"https:\/\/meat-machine.com\/wp-content\/uploads\/2022\/09\/fish-deboner-machine-for-sale.webp 720w, https:\/\/meat-machine.com\/wp-content\/uploads\/2022\/09\/fish-deboner-machine-for-sale-300x225.webp 300w, https:\/\/meat-machine.com\/wp-content\/uploads\/2022\/09\/fish-deboner-machine-for-sale-16x12.webp 16w\" sizes=\"auto, (max-width: 720px) 100vw, 720px\" \/><\/figure><\/div>    <div class=\"wp-block-media-text is-stacked-on-mobile\"><figure class=\"wp-block-media-text__media\"><img loading=\"lazy\" decoding=\"async\" width=\"720\" height=\"540\" src=\"https:\/\/meat-machine.com\/wp-content\/uploads\/2022\/09\/fish-deboner-machine-1.webp\" alt=\"m\u00e1y t\u00e1ch x\u01b0\u01a1ng c\u00e1\" class=\"wp-image-702 size-full\" title=\"\" srcset=\"https:\/\/meat-machine.com\/wp-content\/uploads\/2022\/09\/fish-deboner-machine-1.webp 720w, https:\/\/meat-machine.com\/wp-content\/uploads\/2022\/09\/fish-deboner-machine-1-300x225.webp 300w, https:\/\/meat-machine.com\/wp-content\/uploads\/2022\/09\/fish-deboner-machine-1-16x12.webp 16w\" sizes=\"auto, (max-width: 720px) 100vw, 720px\" \/><\/figure><div class=\"wp-block-media-text__content\"> <ul class=\"wp-block-list\"> <li><strong>Tay c\u1ea7m \u0111i\u1ec1u ch\u1ec9nh khe h\u1edf v\u00e0 d\u00e2y \u0111ai<\/strong>. Nh\u1eefng b\u1ed9 ph\u1eadn n\u00e0y cho ph\u00e9p \u0111i\u1ec1u ch\u1ec9nh ch\u00ednh x\u00e1c kho\u1ea3ng c\u00e1ch gi\u1eefa con l\u0103n v\u00e0 b\u0103ng t\u1ea3i v\u00e0 \u0111i\u1ec1u ch\u1ec9nh \u0111\u1ed9 ch\u1eb7t c\u1ee7a b\u0103ng t\u1ea3i \u0111\u1ec3 \u0111\u1ea1t hi\u1ec7u su\u1ea5t t\u1ed1i \u01b0u.<\/li>    <li><strong>\u0110\u1ea7u v\u00e0o v\u00e0 \u0111\u1ea7u ra<\/strong>. \u0110\u1ea7u v\u00e0o d\u1eabn c\u00e1 v\u00e0o m\u00e1y, trong khi c\u00e1c \u0111\u1ea7u ra ri\u00eang bi\u1ec7t x\u1eed l\u00fd th\u1ecbt b\u0103m v\u00e0 x\u01b0\u01a1ng c\u00e1.<\/li>    <li><strong>Th\u1ecbt tr\u1ed1ng<\/strong>. Thu gom v\u00e0 x\u1eed l\u00fd th\u1ecbt c\u00e1 t\u00e1ch bi\u1ec7t hi\u1ec7u qu\u1ea3.<\/li> <\/ul> <\/div><\/div>    <p class=\"wp-block-paragraph\">C\u1ea5u tr\u00fac to\u00e0n di\u1ec7n n\u00e0y cho ph\u00e9p m\u00e1y t\u00e1ch x\u01b0\u01a1ng c\u00e1 mang l\u1ea1i hi\u1ec7u su\u1ea5t v\u00e0 \u0111\u1ed9 ch\u00ednh x\u00e1c cao, khi\u1ebfn n\u00f3 kh\u00f4ng th\u1ec3 thi\u1ebfu trong c\u00e1c ho\u1ea1t \u0111\u1ed9ng ch\u1ebf bi\u1ebfn c\u00e1.<\/p>    <h2 class=\"wp-block-heading\" id=\"h-what-is-the-working-principle-of-the-fish-meat-bone-separator-machine\">Nguy\u00ean l\u00fd l\u00e0m vi\u1ec7c c\u1ee7a m\u00e1y t\u00e1ch x\u01b0\u01a1ng th\u1ecbt c\u00e1 l\u00e0 g\u00ec?<\/h2>    <div class=\"wp-block-media-text is-stacked-on-mobile\"><figure class=\"wp-block-media-text__media\"><img loading=\"lazy\" decoding=\"async\" width=\"720\" height=\"540\" src=\"https:\/\/meat-machine.com\/wp-content\/uploads\/2022\/09\/fish-bones-and-skins-come-out-of-the-machine.webp\" alt=\"x\u01b0\u01a1ng v\u00e0 da c\u00e1 ra kh\u1ecfi m\u00e1y\" class=\"wp-image-104 size-full\" title=\"\" srcset=\"https:\/\/meat-machine.com\/wp-content\/uploads\/2022\/09\/fish-bones-and-skins-come-out-of-the-machine.webp 720w, https:\/\/meat-machine.com\/wp-content\/uploads\/2022\/09\/fish-bones-and-skins-come-out-of-the-machine-300x225.webp 300w\" sizes=\"auto, (max-width: 720px) 100vw, 720px\" \/><\/figure><div class=\"wp-block-media-text__content\"> <ul class=\"wp-block-list\"> <li>c\u00e1c <strong>m\u00e1y t\u00e1ch x\u01b0\u01a1ng th\u1ecbt c\u00e1<\/strong> c\u00f3 th\u00f9ng th\u1ecbt v\u00e0 \u0111ai cao su \u0111\u1ec3 \u00e9p.<\/li>    <li>Trong qu\u00e1 tr\u00ecnh v\u1eadn h\u00e0nh, th\u00f9ng cu\u1ed1n th\u1ecbt v\u00e0 \u0111ai cao su \u00e9p c\u00e1 \u0111\u1ec3 l\u1ea5y th\u1ecbt v\u00e0o th\u00f9ng.<\/li>    <li>Da v\u00e0 x\u01b0\u01a1ng c\u00e1 v\u1eabn c\u00f2n b\u00ean ngo\u00e0i th\u00f9ng th\u1ecbt v\u00e0 \u0111\u01b0\u1ee3c lo\u1ea1i b\u1ecf b\u1eb1ng d\u1ee5ng c\u1ee5 c\u1ea1o.<\/li>    <li>Th\u1ecbt c\u00e1 \u0111\u00e3 qua ch\u1ebf bi\u1ebfn \u0111\u01b0\u1ee3c x\u1ea3 qua m\u1ed9t c\u1eeda x\u1ea3 ri\u00eang.<\/li> <\/ul> <\/div><\/div>    <h2 class=\"wp-block-heading\" id=\"h-how-to-use-the-fish-deboner-machine-correctly\">S\u1eed d\u1ee5ng m\u00e1y t\u00e1ch x\u01b0\u01a1ng c\u00e1 nh\u01b0 th\u1ebf n\u00e0o cho \u0111\u00fang?<\/h2>    <ul class=\"wp-block-list\"> <li>\u0110\u1ed1i v\u1edbi c\u00e1 nh\u1ecf, b\u1ea1n c\u00f3 th\u1ec3 cho ch\u00fang \u0103n tr\u1ef1c ti\u1ebfp v\u00e0o b\u1ec3. <strong>m\u00e1y t\u00e1ch x\u01b0\u01a1ng c\u00e1<\/strong> kh\u00f4ng c\u00f3 s\u1ef1 chu\u1ea9n b\u1ecb.<\/li>    <li>\u0110\u1ed1i v\u1edbi c\u00e1 l\u1edbn, lo\u1ea1i b\u1ecf n\u1ed9i t\u1ea1ng v\u00e0 v\u1ea3y tr\u01b0\u1edbc khi ch\u1ebf bi\u1ebfn; n\u00ean s\u1eed d\u1ee5ng m\u00e1y c\u1ea1o v\u1ea3y v\u00e0 m\u00e1y c\u1eaft th\u1ecbt.<\/li>    <li>Tr\u01b0\u1edbc khi v\u1eadn h\u00e0nh, h\u00e3y ki\u1ec3m tra m\u00e1y xem c\u00f3 v\u1ea5n \u0111\u1ec1 g\u00ec kh\u00f4ng v\u00e0 \u0111\u1ec3 m\u00e1y ch\u1ea1y kh\u00f4ng t\u1ea3i trong 30 gi\u00e2y \u0111\u1ec3 \u0111\u1ea3m b\u1ea3o m\u00e1y ho\u1ea1t \u0111\u1ed9ng tr\u01a1n tru.<\/li>    <li>Tr\u00e1nh \u0111\u1eb7t tay ho\u1eb7c v\u1eadt c\u1ee9ng v\u00e0o l\u1ed7 n\u1ea1p trong khi v\u1eadn h\u00e0nh.<\/li>    <li>Sau khi k\u1ebft th\u00fac c\u00f4ng vi\u1ec7c, h\u00e3y t\u1eaft ngu\u1ed3n ngay v\u00e0 l\u00e0m s\u1ea1ch c\u1eb7n c\u00e1 c\u00f2n s\u00f3t l\u1ea1i b\u00ean trong m\u00e1y.<\/li> <\/ul>   <div class=\"wp-block-image\"> <figure class=\"aligncenter size-full\"><img loading=\"lazy\" decoding=\"async\" width=\"720\" height=\"540\" src=\"https:\/\/meat-machine.com\/wp-content\/uploads\/2022\/09\/fish-meat-bone-separator.webp\" alt=\"m\u00e1y t\u00e1ch x\u01b0\u01a1ng th\u1ecbt c\u00e1\" class=\"wp-image-108\" title=\"\" srcset=\"https:\/\/meat-machine.com\/wp-content\/uploads\/2022\/09\/fish-meat-bone-separator.webp 720w, https:\/\/meat-machine.com\/wp-content\/uploads\/2022\/09\/fish-meat-bone-separator-300x225.webp 300w\" sizes=\"auto, (max-width: 720px) 100vw, 720px\" \/><figcaption class=\"wp-element-caption\">m\u00e1y t\u00e1ch x\u01b0\u01a1ng th\u1ecbt c\u00e1<\/figcaption><\/figure> <\/div>   <h2 class=\"wp-block-heading\">Th\u00f4ng s\u1ed1 m\u00e1y t\u00e1ch x\u01b0\u01a1ng th\u1ecbt c\u00e1<\/h2>    <figure class=\"wp-block-table\"><table class=\"has-fixed-layout\"><tbody><tr><td>Ng\u01b0\u1eddi m\u1eabu<\/td><td>K\u00edch th\u01b0\u1edbc (mm)<\/td><td>C\u00f4ng su\u1ea5t (kg\/h)<\/td><td>C\u00f4ng su\u1ea5t (kW)<\/td><td>\u0110\u1ed9 d\u00e0y \u0111ai (mm)<\/td><td>Chi\u1ec1u d\u00e0i \u0111ai (mm)<\/td><td>\u0110\u01b0\u1eddng k\u00ednh th\u00f9ng (mm)<\/td><td>\u0110\u1ed9 d\u00e0y th\u00f9ng (mm)<\/td><td>\u0110\u1ed9 d\u00e0y l\u1ed7 (mm)<\/td><td>Tr\u1ecdng l\u01b0\u1ee3ng (kg)<\/td><\/tr><tr><td>TZ-F150<\/td><td>850*680*900<\/td><td>180<\/td><td>2.2<\/td><td>20<\/td><td>1195<\/td><td>162<\/td><td>8<\/td><td>2.7<\/td><td>220<\/td><\/tr><tr><td>TZ-F200<\/td><td>900*880*950<\/td><td>280<\/td><td>2.2<\/td><td>20<\/td><td>1450<\/td><td>219<\/td><td>8<\/td><td>2.7<\/td><td>260<\/td><\/tr><tr><td>TZ-F300<\/td><td>1150*870*1060<\/td><td>360<\/td><td>2.2<\/td><td>20<\/td><td>1450<\/td><td>219<\/td><td>8<\/td><td>2.7<\/td><td>320<\/td><\/tr><tr><td>TZ-F350<\/td><td>1300*1000*1050<\/td><td>1500<\/td><td>2.2<\/td><td>20<\/td><td>2500<\/td><td>300<\/td><td>12<\/td><td>4\/4.5\/5\/6<\/td><td>750<\/td><\/tr><\/tbody><\/table><\/figure>   <div class=\"wp-block-image\"> <figure class=\"aligncenter size-full\"><img loading=\"lazy\" decoding=\"async\" width=\"720\" height=\"540\" src=\"https:\/\/meat-machine.com\/wp-content\/uploads\/2022\/09\/fish-deboner-machine.webp\" alt=\"m\u00e1y t\u00e1ch x\u01b0\u01a1ng c\u00e1\" class=\"wp-image-106\" title=\"\" srcset=\"https:\/\/meat-machine.com\/wp-content\/uploads\/2022\/09\/fish-deboner-machine.webp 720w, https:\/\/meat-machine.com\/wp-content\/uploads\/2022\/09\/fish-deboner-machine-300x225.webp 300w\" sizes=\"auto, (max-width: 720px) 100vw, 720px\" \/><figcaption class=\"wp-element-caption\">m\u00e1y t\u00e1ch x\u01b0\u01a1ng c\u00e1<\/figcaption><\/figure> <\/div>   <h2 class=\"wp-block-heading\" id=\"h-faq\">C\u00e2u h\u1ecfi th\u01b0\u1eddng g\u1eb7p v\u1ec1 m\u00e1y t\u00e1ch x\u01b0\u01a1ng th\u1ecbt c\u00e1<\/h2>   <div id=\"rank-math-faq\" class=\"rank-math-block\"> <div class=\"rank-math-list\"> <div id=\"faq-question-1734332979439\" class=\"rank-math-list-item\"> <h3 class=\"rank-math-question\">M\u00e1y c\u00f3 g\u1ee1 \u0111\u01b0\u1ee3c x\u01b0\u01a1ng c\u00e1 kh\u00f4ng?<\/h3> <div class=\"rank-math-answer\">  <p>C\u00f3, \u0111\u01b0\u1eddng k\u00ednh m\u1eaft l\u01b0\u1edbi c\u00f3 th\u1ec3 nh\u1ecf t\u1edbi 3 mm, lo\u1ea1i b\u1ecf x\u01b0\u01a1ng c\u00e1 m\u1ed9t c\u00e1ch hi\u1ec7u qu\u1ea3.<\/p>  <\/div> <\/div> <div id=\"faq-question-1734332997476\" class=\"rank-math-list-item\"> <h3 class=\"rank-math-question\">M\u00e1y c\u00f3 \u0111\u01b0\u1ee3c l\u00e0m ho\u00e0n to\u00e0n b\u1eb1ng th\u00e9p kh\u00f4ng g\u1ec9 kh\u00f4ng?<\/h3> <div class=\"rank-math-answer\">  <p>H\u1ea7u h\u1ebft c\u00e1c b\u1ed9 ph\u1eadn \u0111\u1ec1u l\u00e0 th\u00e9p kh\u00f4ng g\u1ec9, ngo\u1ea1i tr\u1eeb khung v\u00e0 b\u00e1nh r\u0103ng trong \u0111\u1ed9ng c\u01a1 \u0111\u01b0\u1ee3c l\u00e0m b\u1eb1ng gang.<\/p>  <\/div> <\/div> <div id=\"faq-question-1734333042417\" class=\"rank-math-list-item\"> <h3 class=\"rank-math-question\">K\u00edch th\u01b0\u1edbc m\u1eaft l\u01b0\u1edbi c\u00f3 th\u1ec3 \u0111i\u1ec1u ch\u1ec9nh \u0111\u01b0\u1ee3c kh\u00f4ng?<\/h3> <div class=\"rank-math-answer\">  <p>K\u00edch th\u01b0\u1edbc m\u1eaft l\u01b0\u1edbi c\u00f3 th\u1ec3 \u0111i\u1ec1u ch\u1ec9nh t\u1ed1i \u0111a l\u00e0 5 mm.<\/p>  <\/div> <\/div> <div id=\"faq-question-1734333056183\" class=\"rank-math-list-item\"> <h3 class=\"rank-math-question\">C\u00e1 l\u1edbn c\u00f3 c\u1ea7n ph\u1ea3i s\u01a1 ch\u1ebf tr\u01b0\u1edbc khi ch\u1ebf bi\u1ebfn kh\u00f4ng?<\/h3> <div class=\"rank-math-answer\">  <p>C\u00f3, c\u00e1 l\u1edbn ph\u1ea3i \u0111\u01b0\u1ee3c moi ru\u1ed9t v\u00e0 \u0111\u00e1nh v\u1ea3y. Tuy nhi\u00ean, c\u00e1 nh\u1ecf c\u00f3 th\u1ec3 \u0111\u01b0\u1ee3c ch\u1ebf bi\u1ebfn tr\u1ef1c ti\u1ebfp m\u00e0 kh\u00f4ng c\u1ea7n s\u01a1 ch\u1ebf.<\/p>  <\/div> <\/div> <div id=\"faq-question-1734333087423\" class=\"rank-math-list-item\"> <h3 class=\"rank-math-question\">M\u00e1y c\u00f3 th\u1ec3 ch\u1ebf bi\u1ebfn c\u00e1 mi\u1ebfng thay th\u1ecbt b\u0103m \u0111\u01b0\u1ee3c kh\u00f4ng?<\/h3> <div class=\"rank-math-answer\">  <p>Kh\u00f4ng, \u0111\u01b0\u1eddng k\u00ednh m\u1eaft l\u01b0\u1edbi t\u1ed1i \u0111a l\u00e0 5mm, \u0111\u01b0\u1ee3c thi\u1ebft k\u1ebf cho th\u1ecbt c\u00e1 b\u0103m, kh\u00f4ng ph\u1ea3i mi\u1ebfng l\u1edbn h\u01a1n.<\/p>  <\/div> <\/div> <\/div> <\/div>  <div class=\"wp-block-image\"> <figure class=\"aligncenter size-full\"><img loading=\"lazy\" decoding=\"async\" width=\"720\" height=\"540\" src=\"https:\/\/meat-machine.com\/wp-content\/uploads\/2022\/09\/brand-new-fish-deboner-machine-shipped-to-India.webp\" alt=\"m\u00e1y t\u00e1ch x\u01b0\u01a1ng c\u00e1 ho\u00e0n to\u00e0n m\u1edbi \u0111\u01b0\u1ee3c v\u1eadn chuy\u1ec3n \u0111\u1ebfn \u1ea4n \u0110\u1ed9\" class=\"wp-image-301\" title=\"\" srcset=\"https:\/\/meat-machine.com\/wp-content\/uploads\/2022\/09\/brand-new-fish-deboner-machine-shipped-to-India.webp 720w, https:\/\/meat-machine.com\/wp-content\/uploads\/2022\/09\/brand-new-fish-deboner-machine-shipped-to-India-300x225.webp 300w\" sizes=\"auto, (max-width: 720px) 100vw, 720px\" \/><figcaption class=\"wp-element-caption\">m\u00e1y t\u00e1ch x\u01b0\u01a1ng c\u00e1 ho\u00e0n to\u00e0n m\u1edbi \u0111\u01b0\u1ee3c v\u1eadn chuy\u1ec3n \u0111\u1ebfn \u1ea4n \u0110\u1ed9<\/figcaption><\/figure> <\/div>   <h2 class=\"wp-block-heading\">Ph\u1ea7n k\u1ebft lu\u1eadn<\/h2>    <p class=\"wp-block-paragraph translation-block\">Cho d\u00f9 b\u1ea1n \u0111ang s\u1ea3n xu\u1ea5t <a href=\"https:\/\/en.wikipedia.org\/wiki\/Fish\" data-type=\"link\" data-id=\"https:\/\/en.wikipedia.org\/wiki\/Fish\" target=\"_blank\" rel=\"noopener\">c\u00e1<\/a> vi\u00ean, ch\u1ea3 c\u00e1 hay c\u00e1c s\u1ea3n ph\u1ea9m kh\u00e1c t\u1eeb c\u00e1, chi\u1ebfc m\u00e1y n\u00e0y l\u00e0 m\u1ed9t b\u1ed5 sung tuy\u1ec7t v\u1eddi cho d\u00e2y chuy\u1ec1n ch\u1ebf bi\u1ebfn c\u1ee7a b\u1ea1n.<\/p>    <p class=\"wp-block-paragraph translation-block\">Ngo\u00e0i M\u00e1y t\u00e1ch x\u01b0\u01a1ng c\u00e1, ch\u00fang t\u00f4i c\u00f2n cung c\u1ea5p m\u1ed9t lo\u1ea1t <a href=\"https:\/\/meat-machine.com\/vi\/san-pham-2\/may-xay-thit\/\" data-type=\"link\" data-id=\"https:\/\/meat-machine.com\/products\/meat-grinder\/\">thi\u1ebft b\u1ecb ch\u1ebf bi\u1ebfn c\u00e1<\/a> kh\u00e1c. \u0110\u1ec3 bi\u1ebft th\u00eam chi ti\u1ebft ho\u1eb7c y\u00eau c\u1ea7u b\u00e1o gi\u00e1, vui l\u00f2ng li\u00ean h\u1ec7 v\u1edbi ch\u00fang t\u00f4i ngay h\u00f4m nay!<\/p>","protected":false},"excerpt":{"rendered":"<p>M\u00e1y t\u00e1ch x\u01b0\u01a1ng c\u00e1 c\u00f3 th\u1ec3 t\u00e1ch th\u1ecbt c\u00e1 ra kh\u1ecfi x\u01b0\u01a1ng v\u00e0 da m\u1ed9t c\u00e1ch hi\u1ec7u qu\u1ea3. <\/p>","protected":false},"author":1,"featured_media":107,"parent":0,"template":"","tags":[34,18],"product-type":[25],"class_list":["post-101","product","type-product","status-publish","has-post-thumbnail","hentry","tag-fish","tag-fish-deboner-machine","product-type-fish-processing-machine"],"_links":{"self":[{"href":"https:\/\/meat-machine.com\/vi\/wp-json\/wp\/v2\/product\/101","targetHints":{"allow":["GET"]}}],"collection":[{"href":"https:\/\/meat-machine.com\/vi\/wp-json\/wp\/v2\/product"}],"about":[{"href":"https:\/\/meat-machine.com\/vi\/wp-json\/wp\/v2\/types\/product"}],"author":[{"embeddable":true,"href":"https:\/\/meat-machine.com\/vi\/wp-json\/wp\/v2\/users\/1"}],"wp:featuredmedia":[{"embeddable":true,"href":"https:\/\/meat-machine.com\/vi\/wp-json\/wp\/v2\/media\/107"}],"wp:attachment":[{"href":"https:\/\/meat-machine.com\/vi\/wp-json\/wp\/v2\/media?parent=101"}],"wp:term":[{"taxonomy":"post_tag","embeddable":true,"href":"https:\/\/meat-machine.com\/vi\/wp-json\/wp\/v2\/tags?post=101"},{"taxonomy":"product-type","embeddable":true,"href":"https:\/\/meat-machine.com\/vi\/wp-json\/wp\/v2\/product-type?post=101"}],"curies":[{"name":"wp","href":"https:\/\/api.w.org\/{rel}","templated":true}]}}