{"id":33,"date":"2022-09-06T10:32:08","date_gmt":"2022-09-06T10:32:08","guid":{"rendered":"https:\/\/meat-machine.com\/?page_id=33"},"modified":"2022-09-13T02:57:11","modified_gmt":"2022-09-13T02:57:11","slug":"ve-chung-toi","status":"publish","type":"page","link":"https:\/\/meat-machine.com\/vi\/about-us\/","title":{"rendered":"V\u1ec1 ch\u00fang t\u00f4i"},"content":{"rendered":"<p class=\"wp-block-paragraph\">Ch\u00fang t\u00f4i l\u00e0 c\u00f4ng ty chuy\u00ean s\u1ea3n xu\u1ea5t v\u00e0 ch\u1ebf t\u1ea1o m\u00e1y ch\u1ebf bi\u1ebfn th\u1ecbt. H\u01a1n 10 n\u0103m kinh nghi\u1ec7m s\u1ea3n xu\u1ea5t m\u00e1y m\u00f3c th\u1ef1c ph\u1ea9m cho ph\u00e9p ch\u00fang t\u00f4i s\u1ea3n xu\u1ea5t m\u00e1y s\u1ea3n xu\u1ea5t th\u1ef1c ph\u1ea9m ch\u1ea5t l\u01b0\u1ee3ng cao cho kh\u00e1ch h\u00e0ng v\u00e0 cung c\u1ea5p cho kh\u00e1ch h\u00e0ng c\u00e1c d\u1ecbch v\u1ee5 t\u00f9y ch\u1ec9nh \u0111\u1ed9c \u0111\u00e1o.<\/p>    <h2 class=\"wp-block-heading\" id=\"h-what-machines-do-we-have\">Ch\u00fang ta c\u00f3 nh\u1eefng lo\u1ea1i m\u00e1y n\u00e0o?<\/h2>    <p class=\"wp-block-paragraph translation-block\">T\u1ea1i <a href=\"https:\/\/meat-machine.com\/vi\/\">Taizy Machinery<\/a>, m\u00e1y m\u00f3c ch\u1ebf bi\u1ebfn th\u1ecbt c\u1ee7a ch\u00fang t\u00f4i bao g\u1ed3m <a href=\"https:\/\/meat-machine.com\/vi\/san-pham\/may-cat-ga-tu-dong\/\">m\u00e1y c\u1eaft th\u1ecbt t\u1ef1 \u0111\u1ed9ng<\/a>, <a href=\"https:\/\/meat-machine.com\/vi\/san-pham\/may-cat-thit-dong-lanh-thuong-mai\/\">m\u00e1y c\u1eaft l\u00e1t th\u1ecbt \u0111\u00f4ng l\u1ea1nh<\/a>, <a href=\"https:\/\/meat-machine.com\/vi\/san-pham\/may-thai-thit\/\">m\u00e1y c\u1eaft th\u1ecbt \u0111\u00f4ng l\u1ea1nh<\/a>, <a href=\"https:\/\/meat-machine.com\/vi\/san-pham\/may-mai-xuong\/\">m\u00e1y xay x\u01b0\u01a1ng<\/a>, <a href=\"https:\/\/meat-machine.com\/vi\/san-pham\/may-tach-xuong-thit\/\">m\u00e1y t\u00e1ch th\u1ecbt x\u01b0\u01a1ng<\/a>, <a href=\"https:\/\/meat-machine.com\/vi\/san-pham\/may-tach-xuong-ca\/\">m\u00e1y l\u1ecdc x\u01b0\u01a1ng c\u00e1<\/a>, <a href=\"https:\/\/meat-machine.com\/vi\/san-pham\/may-lam-thit-vien\/\">m\u00e1y l\u00e0m th\u1ecbt vi\u00ean<\/a>, <a href=\"https:\/\/meat-machine.com\/vi\/san-pham\/nha-san-xuat-banh-burger-thuong-mai\/\">m\u00e1y l\u00e0m b\u00e1nh quy th\u1ecbt<\/a>, <a href=\"https:\/\/meat-machine.com\/vi\/san-pham\/may-xay-thit-thuong-mai\/\">m\u00e1y xay th\u1ecbt c\u00f4ng nghi\u1ec7p<\/a>, v.v. B\u00ean c\u1ea1nh \u0111\u00f3, ch\u00fang t\u00f4i c\u0169ng c\u00f3 m\u00e1y h\u00fat kh\u00f3i c\u00f4ng nghi\u1ec7p, m\u00e1y nh\u00e0o tr\u1ed9n b\u1ed9t \u0111\u1ec3 b\u00e1n. Do \u0111\u00f3, c\u00f4ng ty ch\u00fang t\u00f4i c\u00f3 nhi\u1ec1u lo\u1ea1i thi\u1ebft b\u1ecb s\u1ea3n xu\u1ea5t th\u1ecbt. N\u1ebfu b\u1ea1n c\u00f3 b\u1ea5t k\u1ef3 nhu c\u1ea7u v\u1ec1 m\u00e1y m\u00f3c th\u1ecbt n\u00e0o, xin vui l\u00f2ng li\u00ean h\u1ec7 v\u1edbi ch\u00fang t\u00f4i.<\/p>    <h2 class=\"wp-block-heading\" id=\"h-rich-experience-in-machinery-export\">Kinh nghi\u1ec7m phong ph\u00fa trong xu\u1ea5t kh\u1ea9u m\u00e1y m\u00f3c<\/h2>    <p class=\"wp-block-paragraph\">M\u00e1y m\u00f3c c\u1ee7a ch\u00fang t\u00f4i \u0111\u00e3 \u0111\u01b0\u1ee3c xu\u1ea5t kh\u1ea9u sang Hoa K\u1ef3, Canada, Ph\u00e1p, Nigeria, Tanzania, \u1ea2 R\u1eadp Saudi, Malaysia, H\u00e0n Qu\u1ed1c, Brazil, Peru, Mexico, Th\u1ee5y S\u0129 v\u00e0 nhi\u1ec1u qu\u1ed1c gia kh\u00e1c. V\u00ec v\u1eady ch\u00fang t\u00f4i c\u00f3 kinh nghi\u1ec7m phong ph\u00fa trong xu\u1ea5t kh\u1ea9u m\u00e1y m\u00f3c.<\/p>    <figure class=\"wp-block-image size-full\"><img loading=\"lazy\" decoding=\"async\" width=\"1024\" height=\"620\" src=\"https:\/\/meat-machine.com\/wp-content\/uploads\/2022\/09\/people-from-many-countries-have-chosen-us.webp\" alt=\"Ng\u01b0\u1eddi d\u00e2n t\u1eeb nhi\u1ec1u qu\u1ed1c gia \u0111\u00e3 ch\u1ecdn ch\u00fang t\u00f4i\" class=\"wp-image-153\" title=\"\" srcset=\"https:\/\/meat-machine.com\/wp-content\/uploads\/2022\/09\/people-from-many-countries-have-chosen-us.webp 1024w, https:\/\/meat-machine.com\/wp-content\/uploads\/2022\/09\/people-from-many-countries-have-chosen-us-300x182.webp 300w, https:\/\/meat-machine.com\/wp-content\/uploads\/2022\/09\/people-from-many-countries-have-chosen-us-768x465.webp 768w\" sizes=\"auto, (max-width: 1024px) 100vw, 1024px\" \/><figcaption>M\u1ecdi ng\u01b0\u1eddi t\u1eeb nhi\u1ec1u qu\u1ed1c gia \u0111\u00e3 ch\u1ecdn ch\u00fang t\u00f4i<\/figcaption><\/figure>","protected":false},"excerpt":{"rendered":"<p>We are a company specializing in the production and manufacture of meat machinery. More than 10 years of food machinery production experience allows us to produce high-quality food production machines for customers and provide customers with unique customized services. What machines do we have? At Taizy Machinery, our meat processing machinery includes automatic meat cutters, [&hellip;]<\/p>\n","protected":false},"author":1,"featured_media":0,"parent":0,"menu_order":0,"comment_status":"closed","ping_status":"closed","template":"","meta":{"_crdt_document":"","footnotes":""},"class_list":["post-33","page","type-page","status-publish","hentry"],"_links":{"self":[{"href":"https:\/\/meat-machine.com\/vi\/wp-json\/wp\/v2\/pages\/33","targetHints":{"allow":["GET"]}}],"collection":[{"href":"https:\/\/meat-machine.com\/vi\/wp-json\/wp\/v2\/pages"}],"about":[{"href":"https:\/\/meat-machine.com\/vi\/wp-json\/wp\/v2\/types\/page"}],"author":[{"embeddable":true,"href":"https:\/\/meat-machine.com\/vi\/wp-json\/wp\/v2\/users\/1"}],"replies":[{"embeddable":true,"href":"https:\/\/meat-machine.com\/vi\/wp-json\/wp\/v2\/comments?post=33"}],"version-history":[{"count":0,"href":"https:\/\/meat-machine.com\/vi\/wp-json\/wp\/v2\/pages\/33\/revisions"}],"wp:attachment":[{"href":"https:\/\/meat-machine.com\/vi\/wp-json\/wp\/v2\/media?parent=33"}],"curies":[{"name":"wp","href":"https:\/\/api.w.org\/{rel}","templated":true}]}}