{"id":88,"date":"2022-09-08T07:20:45","date_gmt":"2022-09-08T07:20:45","guid":{"rendered":"https:\/\/meat-machine.com\/?post_type=product&#038;p=88"},"modified":"2026-04-02T16:52:26","modified_gmt":"2026-04-02T08:52:26","slug":"maquina-picadora-de-carne-comercial","status":"publish","type":"product","link":"https:\/\/meat-machine.com\/pt\/product\/commercial-meat-mincer-machine\/","title":{"rendered":"M\u00e1quina picadora de carne comercial"},"content":{"rendered":"<div class=\"kk-star-ratings kksr-auto kksr-align-left kksr-valign-top\"     data-payload='{&quot;align&quot;:&quot;left&quot;,&quot;id&quot;:&quot;88&quot;,&quot;slug&quot;:&quot;default&quot;,&quot;valign&quot;:&quot;top&quot;,&quot;ignore&quot;:&quot;&quot;,&quot;reference&quot;:&quot;auto&quot;,&quot;class&quot;:&quot;&quot;,&quot;count&quot;:&quot;14&quot;,&quot;legendonly&quot;:&quot;&quot;,&quot;readonly&quot;:&quot;&quot;,&quot;score&quot;:&quot;4.5&quot;,&quot;starsonly&quot;:&quot;&quot;,&quot;best&quot;:&quot;5&quot;,&quot;gap&quot;:&quot;5&quot;,&quot;greet&quot;:&quot;Rate this product&quot;,&quot;legend&quot;:&quot;4.5\\\/5 - (14 votes)&quot;,&quot;size&quot;:&quot;24&quot;,&quot;title&quot;:&quot;Commercial Meat Mincer Machine&quot;,&quot;width&quot;:&quot;128&quot;,&quot;_legend&quot;:&quot;{score}\\\/{best} - ({count} {votes})&quot;,&quot;font_factor&quot;:&quot;1.25&quot;}'>              <div class=\"kksr-stars\">      <div class=\"kksr-stars-inactive\">             <div class=\"kksr-star\" data-star=\"1\" style=\"padding-right: 5px\">               <div class=\"kksr-icon\" style=\"width: 24px; height: 24px;\"><\/div>         <\/div>             <div class=\"kksr-star\" data-star=\"2\" style=\"padding-right: 5px\">               <div class=\"kksr-icon\" style=\"width: 24px; height: 24px;\"><\/div>         <\/div>             <div class=\"kksr-star\" data-star=\"3\" style=\"padding-right: 5px\">               <div class=\"kksr-icon\" style=\"width: 24px; height: 24px;\"><\/div>         <\/div>             <div class=\"kksr-star\" data-star=\"4\" style=\"padding-right: 5px\">               <div class=\"kksr-icon\" style=\"width: 24px; height: 24px;\"><\/div>         <\/div>             <div class=\"kksr-star\" data-star=\"5\" style=\"padding-right: 5px\">               <div class=\"kksr-icon\" style=\"width: 24px; height: 24px;\"><\/div>         <\/div>     <\/div>      <div class=\"kksr-stars-active\" style=\"width: 128px;\">             <div class=\"kksr-star\" style=\"padding-right: 5px\">               <div class=\"kksr-icon\" style=\"width: 24px; height: 24px;\"><\/div>         <\/div>             <div class=\"kksr-star\" style=\"padding-right: 5px\">               <div class=\"kksr-icon\" style=\"width: 24px; height: 24px;\"><\/div>         <\/div>             <div class=\"kksr-star\" style=\"padding-right: 5px\">               <div class=\"kksr-icon\" style=\"width: 24px; height: 24px;\"><\/div>         <\/div>             <div class=\"kksr-star\" style=\"padding-right: 5px\">               <div class=\"kksr-icon\" style=\"width: 24px; height: 24px;\"><\/div>         <\/div>             <div class=\"kksr-star\" style=\"padding-right: 5px\">               <div class=\"kksr-icon\" style=\"width: 24px; height: 24px;\"><\/div>         <\/div>     <\/div> <\/div>                   <div class=\"kksr-legend\" style=\"font-size: 19.2px;\">             4,5\/5 - (14 votos)    <\/div>     <\/div>  <p class=\"wp-block-paragraph\">A m\u00e1quina de moer carne comercial pode moer grandes quantidades de carne de forma eficiente para aplica\u00e7\u00f5es de processamento de alimentos. Pode processar carne congelada em carne mo\u00edda uniforme, que pode ser usada para a produ\u00e7\u00e3o de produtos como salsichas, alm\u00f4ndegas, hamb\u00fargueres, recheios de dumplings e outros alimentos processados.<\/p>    <p class=\"wp-block-paragraph\">A m\u00e1quina de moer carne comercial \u00e9 adequada para uma variedade de mat\u00e9rias-primas, incluindo porco, vaca, frango, cordeiro, peixe e outras carnes sem osso. Diferentes placas de orif\u00edcio podem ser instaladas para produzir v\u00e1rios tamanhos de moagem, dependendo dos requisitos do produto final. <\/p>    <p class=\"wp-block-paragraph translation-block\">A capacidade da m\u00e1quina geralmente varia de <strong>500 kg\/h a 50.000 kg\/h<\/strong>. \u00c9 amplamente utilizada em talhos, f\u00e1bricas de processamento de carne, f\u00e1bricas de alimentos e cozinhas centrais onde se exige textura de carne consistente e alta produtividade.<\/p>    <figure class=\"wp-block-embed is-type-video is-provider-youtube wp-block-embed-youtube wp-embed-aspect-9-16 wp-has-aspect-ratio\"><div class=\"wp-block-embed__wrapper\"> <iframe loading=\"lazy\" title=\"V\u00eddeo de Trabalho da M\u00e1quina de Moer Carne Autom\u00e1tica | Moedor de Carne Potente #carne #processamentodealimentos #moedor\" width=\"422\" height=\"750\" src=\"https:\/\/www.youtube.com\/embed\/PiKyUP9N3R0?feature=oembed\" frameborder=\"0\" allow=\"accelerometer; autoplay; clipboard-write; encrypted-media; gyroscope; picture-in-picture; web-share\" referrerpolicy=\"strict-origin-when-cross-origin\" allowfullscreen><\/iframe> <\/div><figcaption class=\"wp-element-caption\">V\u00eddeo de Trabalho da M\u00e1quina de Moer Carne Comercial<\/figcaption><\/figure>    <h2 id=\"h-working-principle-of-commercial-meat-mincer-machine\" class=\"wp-block-heading\">Como funciona a m\u00e1quina picadora de carne comercial?<\/h2>    <ul class=\"wp-block-list\"> <li>A m\u00e1quina come\u00e7a a operar quando o motor \u00e9 ligado, acionando os componentes internos para iniciar o processo de moagem.<\/li>    <li>A carne congelada \u00e9 colocada na entrada de alimenta\u00e7\u00e3o para entrar no sistema de moagem.<\/li>    <li>Um transportador de parafuso rotativo empurra continuamente a carne para a frente em dire\u00e7\u00e3o \u00e0 unidade de corte.<\/li>    <li>O pitch vari\u00e1vel do parafuso comprime a carne e gera press\u00e3o durante o processo de alimenta\u00e7\u00e3o.<\/li>    <li>A carne comprimida \u00e9 cortada em pequenos peda\u00e7os pela faca rotativa.<\/li>    <li>A carne picada \u00e9 for\u00e7ada atrav\u00e9s da placa perfurada para formar carne mo\u00edda de forma uniforme.<\/li>    <li>A carne mo\u00edda final \u00e9 descarregada pela sa\u00edda e coletada para processamento adicional, como <a href=\"https:\/\/meat-machine.com\/pt\/produto\/maquina-de-fazer-almondegas\/\" data-type=\"link\" data-id=\"https:\/\/meat-machine.com\/product\/meatball-making-machine\/\">alm\u00f4ndegas<\/a> ou <a href=\"https:\/\/meat-machine.com\/pt\/produto\/fabricante-de-hamburguer-comercial\/\" data-type=\"link\" data-id=\"https:\/\/meat-machine.com\/product\/commercial-burger-patty-maker\/\">hamb\u00fargueres<\/a>.<\/li> <\/ul>    <figure class=\"wp-block-gallery has-nested-images columns-default is-cropped wp-block-gallery-2 is-layout-flex wp-block-gallery-is-layout-flex\"> <figure class=\"wp-block-image size-full\"><img loading=\"lazy\" decoding=\"async\" width=\"720\" height=\"540\" data-id=\"1146\" src=\"https:\/\/meat-machine.com\/wp-content\/uploads\/2022\/09\/Commercial-Meat-Mincer-Machine-Structure.webp\" alt=\"Estrutura da M\u00e1quina de Moer Carne Comercial\" class=\"wp-image-1146\" title=\"\" srcset=\"https:\/\/meat-machine.com\/wp-content\/uploads\/2022\/09\/Commercial-Meat-Mincer-Machine-Structure.webp 720w, https:\/\/meat-machine.com\/wp-content\/uploads\/2022\/09\/Commercial-Meat-Mincer-Machine-Structure-300x225.webp 300w, https:\/\/meat-machine.com\/wp-content\/uploads\/2022\/09\/Commercial-Meat-Mincer-Machine-Structure-16x12.webp 16w\" sizes=\"auto, (max-width: 720px) 100vw, 720px\" \/><figcaption class=\"wp-element-caption\">Estrutura da M\u00e1quina de Moer Carne Comercial<\/figcaption><\/figure>    <figure class=\"wp-block-image size-full\"><img loading=\"lazy\" decoding=\"async\" width=\"720\" height=\"540\" data-id=\"1145\" src=\"https:\/\/meat-machine.com\/wp-content\/uploads\/2022\/09\/Commercial-Meat-Mincer-Machine-1.webp\" alt=\"M\u00e1quina picadora de carne comercial\" class=\"wp-image-1145\" title=\"\" srcset=\"https:\/\/meat-machine.com\/wp-content\/uploads\/2022\/09\/Commercial-Meat-Mincer-Machine-1.webp 720w, https:\/\/meat-machine.com\/wp-content\/uploads\/2022\/09\/Commercial-Meat-Mincer-Machine-1-300x225.webp 300w, https:\/\/meat-machine.com\/wp-content\/uploads\/2022\/09\/Commercial-Meat-Mincer-Machine-1-16x12.webp 16w\" sizes=\"auto, (max-width: 720px) 100vw, 720px\" \/><figcaption class=\"wp-element-caption\">M\u00e1quina picadora de carne comercial<\/figcaption><\/figure> <\/figure>    <h2 id=\"h-characteristics-of-industrial-meat-grinder-machine\" class=\"wp-block-heading\">Caracter\u00edsticas da m\u00e1quina de moer carne congelada<\/h2>    <div class=\"wp-block-media-text has-media-on-the-right is-stacked-on-mobile\"><div class=\"wp-block-media-text__content\"> <ul class=\"wp-block-list\"> <li>Equipado com um <strong>motor de baixa velocidade e alto torque (cerca de 80 r\/min)<\/strong> que permite \u00e0 m\u00e1quina moer carne congelada de forma suave sem sobreaquecer as fibras de carne.<\/li>    <li>O <strong>Grandes funis de alimenta\u00e7\u00e3o em a\u00e7o inoxid\u00e1vel<\/strong> \u00e9 projetado para acomodar blocos de carne congelada pr\u00e9-quebrados e direcionar o material diretamente para o transportador de parafuso.<\/li>    <li>Utiliza uma <strong>parafuso espiral de alta resist\u00eancia (auger)<\/strong> com pitch que muda gradualmente para comprimir e empurrar a carne congelada de forma eficiente.<\/li>    <li>O <strong>o sistema de corte combina uma faca rotativa e uma placa perfurada<\/strong>, permitindo que a carne seja fatiada e extrudada simultaneamente.<\/li> <\/ul> <\/div><figure class=\"wp-block-media-text__media\"><img loading=\"lazy\" decoding=\"async\" width=\"720\" height=\"540\" src=\"https:\/\/meat-machine.com\/wp-content\/uploads\/2022\/09\/finished-product.webp\" alt=\"produto final\" class=\"wp-image-96 size-full\" title=\"\" srcset=\"https:\/\/meat-machine.com\/wp-content\/uploads\/2022\/09\/finished-product.webp 720w, https:\/\/meat-machine.com\/wp-content\/uploads\/2022\/09\/finished-product-300x225.webp 300w\" sizes=\"auto, (max-width: 720px) 100vw, 720px\" \/><\/figure><\/div>    <div class=\"wp-block-media-text is-stacked-on-mobile\"><figure class=\"wp-block-media-text__media\"><img loading=\"lazy\" decoding=\"async\" width=\"720\" height=\"540\" src=\"https:\/\/meat-machine.com\/wp-content\/uploads\/2022\/09\/Commercial-Meat-Mincer-Machine-details.webp\" alt=\"Detalhes da M\u00e1quina de Moer Carne Comercial\" class=\"wp-image-1147 size-full\" title=\"\" srcset=\"https:\/\/meat-machine.com\/wp-content\/uploads\/2022\/09\/Commercial-Meat-Mincer-Machine-details.webp 720w, https:\/\/meat-machine.com\/wp-content\/uploads\/2022\/09\/Commercial-Meat-Mincer-Machine-details-300x225.webp 300w, https:\/\/meat-machine.com\/wp-content\/uploads\/2022\/09\/Commercial-Meat-Mincer-Machine-details-16x12.webp 16w\" sizes=\"auto, (max-width: 720px) 100vw, 720px\" \/><\/figure><div class=\"wp-block-media-text__content\"> <ul class=\"wp-block-list\"> <li><strong>V\u00e1rios tamanhos de placas de orif\u00edcio (4\u201315 mm personaliz\u00e1veis)<\/strong> pode ser instalada para produzir diferentes tamanhos de part\u00edculas de carne mo\u00edda.<\/li>    <li>O <strong>toda a estrutura de contacto com alimentos \u00e9 feita de a\u00e7o inoxid\u00e1vel<\/strong>, garantindo resist\u00eancia \u00e0 corros\u00e3o e f\u00e1cil limpeza em ambientes de processamento de carne.<\/li>    <li>O <strong>caixa de engrenagens refor\u00e7ada e sistema de transmiss\u00e3o<\/strong> s\u00e3o projetados para resistir \u00e0 resist\u00eancia gerada durante a moagem de carne congelada.<\/li>    <li>A m\u00e1quina suporta <strong>opera\u00e7\u00e3o industrial cont\u00ednua<\/strong>, tornando-a adequada para linhas de processamento de carne em grande escala.<\/li> <\/ul> <\/div><\/div>    <h2 class=\"wp-block-heading\">Par\u00e2metros da m\u00e1quina de moer carne<\/h2>    <figure class=\"wp-block-table\"><table class=\"has-fixed-layout\"><thead><tr><th>Modelo<\/th><th>100<\/th><th>120<\/th><th>130<\/th><th>160<\/th><th>200<\/th><th>250<\/th><\/tr><\/thead><tbody><tr><td>Poder<\/td><td>5,5 kW<\/td><td>7,5 kW<\/td><td>11 kW<\/td><td>14 kW<\/td><td>30 kW<\/td><td>37 kW<\/td><\/tr><tr><td>Tens\u00e3o<\/td><td>380 V<\/td><td>380 V<\/td><td>380 V<\/td><td>380 V<\/td><td>380 V<\/td><td>380 V<\/td><\/tr><tr><td>Capacidade<\/td><td>500 kg\/h<\/td><td>1000 kg\/h<\/td><td>1500 kg\/h<\/td><td>2\u20133 t\/h<\/td><td>3\u20134 t\/h<\/td><td>4\u20135 t\/h<\/td><\/tr><tr><td>Tamanho da M\u00e1quina<\/td><td>900 \u00d7 570 \u00d7 1030 mm<\/td><td>1150 \u00d7 630 \u00d7 1180 mm<\/td><td>1220 \u00d7 770 \u00d7 1200 mm<\/td><td>1220 \u00d7 770 \u00d7 1200 mm<\/td><td>1560 \u00d7 850 \u00d7 1400 mm<\/td><td>1720 \u00d7 1200 \u00d7 1580 mm<\/td><\/tr><tr><td>Tamanho da entrada de alimenta\u00e7\u00e3o<\/td><td>460 \u00d7 440 \u00d7 400 mm<\/td><td>630 \u00d7 520 \u00d7 430 mm<\/td><td>\u2014<\/td><td>710 \u00d7 660 \u00d7 480 mm<\/td><td>\u2014<\/td><td>\u2014<\/td><\/tr><tr><td>Placa de orif\u00edcio<\/td><td>6 \/ 8 \/ 10 mm<\/td><td>6 \/ 8 \/ 10 mm<\/td><td>6 \/ 8 \/ 10 mm<\/td><td>6 \/ 8 \/ 10 mm<\/td><td>6 \/ 8 \/ 10 mm<\/td><td>\u2014<\/td><\/tr><\/tbody><\/table><figcaption class=\"wp-element-caption\">par\u00e2metros do moedor de carne<\/figcaption><\/figure>    <figure class=\"wp-block-gallery has-nested-images columns-default is-cropped wp-block-gallery-3 is-layout-flex wp-block-gallery-is-layout-flex\"> <figure class=\"wp-block-image size-large\"><img loading=\"lazy\" decoding=\"async\" width=\"720\" height=\"540\" data-id=\"722\" src=\"https:\/\/meat-machine.com\/wp-content\/uploads\/2022\/09\/frozen-meat.webp\" alt=\"carne congelada\" class=\"wp-image-722\" title=\"\" srcset=\"https:\/\/meat-machine.com\/wp-content\/uploads\/2022\/09\/frozen-meat.webp 720w, https:\/\/meat-machine.com\/wp-content\/uploads\/2022\/09\/frozen-meat-300x225.webp 300w, https:\/\/meat-machine.com\/wp-content\/uploads\/2022\/09\/frozen-meat-16x12.webp 16w\" sizes=\"auto, (max-width: 720px) 100vw, 720px\" \/><figcaption class=\"wp-element-caption\">Carne<\/figcaption><\/figure>    <figure class=\"wp-block-image size-large\"><img loading=\"lazy\" decoding=\"async\" width=\"540\" height=\"720\" data-id=\"1150\" src=\"https:\/\/meat-machine.com\/wp-content\/uploads\/2022\/09\/meat-grinding-machine-1.webp\" alt=\"m\u00e1quina de moer carne\" class=\"wp-image-1150\" title=\"\" srcset=\"https:\/\/meat-machine.com\/wp-content\/uploads\/2022\/09\/meat-grinding-machine-1.webp 540w, https:\/\/meat-machine.com\/wp-content\/uploads\/2022\/09\/meat-grinding-machine-1-225x300.webp 225w, https:\/\/meat-machine.com\/wp-content\/uploads\/2022\/09\/meat-grinding-machine-1-9x12.webp 9w\" sizes=\"auto, (max-width: 540px) 100vw, 540px\" \/><figcaption class=\"wp-element-caption\">M\u00e1quina de Moagem de Carne<\/figcaption><\/figure> <\/figure>    <h2 id=\"h-how-to-use-a-meat-mincer-machine\" class=\"wp-block-heading\">Como limpar uma m\u00e1quina picadora de carne comercial?<\/h2>    <div class=\"wp-block-media-text is-stacked-on-mobile\"><figure class=\"wp-block-media-text__media\"><img loading=\"lazy\" decoding=\"async\" width=\"540\" height=\"720\" src=\"https:\/\/meat-machine.com\/wp-content\/uploads\/2022\/09\/meat-grinder-effective.webp\" alt=\"moedor de carne eficaz\" class=\"wp-image-1148 size-full\" title=\"\" srcset=\"https:\/\/meat-machine.com\/wp-content\/uploads\/2022\/09\/meat-grinder-effective.webp 540w, https:\/\/meat-machine.com\/wp-content\/uploads\/2022\/09\/meat-grinder-effective-225x300.webp 225w, https:\/\/meat-machine.com\/wp-content\/uploads\/2022\/09\/meat-grinder-effective-9x12.webp 9w\" sizes=\"auto, (max-width: 540px) 100vw, 540px\" \/><\/figure><div class=\"wp-block-media-text__content\"> <ul class=\"wp-block-list\"> <li><strong>Remova o moedor.<\/strong> Retire o picador de carne da m\u00e1quina, certificando-se de trabalhar na dire\u00e7\u00e3o oposta.<\/li>    <li><strong>Limpe a cavidade.<\/strong> Remova a espuma da carne e os restos de carne da cavidade da m\u00e1quina.<\/li>    <li><strong>Mergulhe em detergente.<\/strong> Mergulhe as pe\u00e7as da m\u00e1quina em \u00e1gua morna com detergente para remover quaisquer res\u00edduos restantes.<\/li> <\/ul> <\/div><\/div>    <div class=\"wp-block-media-text has-media-on-the-right is-stacked-on-mobile\"><div class=\"wp-block-media-text__content\"> <ul class=\"wp-block-list\"> <li><strong>Esfregue as pe\u00e7as.<\/strong> Use uma escova para limpar completamente todos os componentes.<\/li>    <li><strong>Enx\u00e1g\u00fce com \u00e1gua.<\/strong> Enx\u00e1gue as pe\u00e7as duas vezes com \u00e1gua da torneira para remover qualquer detergente e res\u00edduos.<\/li>    <li><strong>Seque as pe\u00e7as.<\/strong> Coloque os componentes limpos em uma \u00e1rea fresca e ventilada para secar completamente.<\/li> <\/ul> <\/div><figure class=\"wp-block-media-text__media\"><img loading=\"lazy\" decoding=\"async\" width=\"540\" height=\"720\" src=\"https:\/\/meat-machine.com\/wp-content\/uploads\/2022\/09\/meat-grinder-2.webp\" alt=\"moedor de carne\" class=\"wp-image-1149 size-full\" title=\"\" srcset=\"https:\/\/meat-machine.com\/wp-content\/uploads\/2022\/09\/meat-grinder-2.webp 540w, https:\/\/meat-machine.com\/wp-content\/uploads\/2022\/09\/meat-grinder-2-225x300.webp 225w, https:\/\/meat-machine.com\/wp-content\/uploads\/2022\/09\/meat-grinder-2-9x12.webp 9w\" sizes=\"auto, (max-width: 540px) 100vw, 540px\" \/><\/figure><\/div>    <h2 class=\"wp-block-heading\">Dicas para usar m\u00e1quina picadora de carne<\/h2>    <div class=\"wp-block-media-text is-stacked-on-mobile\"><figure class=\"wp-block-media-text__media\"><img loading=\"lazy\" decoding=\"async\" width=\"720\" height=\"540\" src=\"https:\/\/meat-machine.com\/wp-content\/uploads\/2022\/09\/Commercial-Meat-Mincer-Machine-sale.webp\" alt=\"Venda de M\u00e1quina de Moer Carne Comercial\" class=\"wp-image-1144 size-full\" title=\"\" srcset=\"https:\/\/meat-machine.com\/wp-content\/uploads\/2022\/09\/Commercial-Meat-Mincer-Machine-sale.webp 720w, https:\/\/meat-machine.com\/wp-content\/uploads\/2022\/09\/Commercial-Meat-Mincer-Machine-sale-300x225.webp 300w, https:\/\/meat-machine.com\/wp-content\/uploads\/2022\/09\/Commercial-Meat-Mincer-Machine-sale-16x12.webp 16w\" sizes=\"auto, (max-width: 720px) 100vw, 720px\" \/><\/figure><div class=\"wp-block-media-text__content\"> <ul class=\"wp-block-list\"> <li><strong>Congelar corretamente<\/strong> no compartimento do congelador para um congelamento uniforme.<\/li>    <li><strong>Use carne a -5\u00b0C a -18\u00b0C<\/strong> para melhores resultados de moagem e para evitar que a carne grude.<\/li>    <li><strong>Pr\u00e9-esmague grandes peda\u00e7os<\/strong> com um triturador de carne, se necess\u00e1rio.<\/li>    <li><strong>Congele a carne em pequenos peda\u00e7os<\/strong> para um processamento mais suave.<\/li> <\/ul> <\/div><\/div>    <h2 class=\"wp-block-heading\">Equipamento suplementar para a mo\u00ednha de carne<\/h2>    <p class=\"wp-block-paragraph\">Para alcan\u00e7ar uma maior efici\u00eancia e melhor aproveitamento da mat\u00e9ria-prima, a mo\u00ednha de carne pode ser usada em combina\u00e7\u00e3o com o nosso separador de carne de osso e a m\u00e1quina de tritura\u00e7\u00e3o de ossos. <\/p>    <p class=\"wp-block-paragraph translation-block\">O <a href=\"https:\/\/meat-machine.com\/pt\/produto\/separador-de-osso-de-carne\/\" data-type=\"link\" data-id=\"https:\/\/meat-machine.com\/product\/meat-bone-separator\/\">separador de carne de osso<\/a> primeiro separa a carne residual dos ossos de animais, maximizando a recupera\u00e7\u00e3o de carne, enquanto a <a href=\"https:\/\/meat-machine.com\/pt\/produto\/maquina-de-esmagamento-de-ossos\/\" data-type=\"link\" data-id=\"https:\/\/meat-machine.com\/product\/bone-crushing-machine\/\">m\u00e1quina de tritura\u00e7\u00e3o de ossos<\/a> processa ossos duros em part\u00edculas menores, adequadas para uso posterior. <\/p>    <p class=\"wp-block-paragraph\">Quando integrada com a mo\u00ednha de carne, este equipamento suplementar forma uma linha de processamento completa e eficiente, reduzindo desperd\u00edcios, melhorando a qualidade do produto final e expandindo as possibilidades de aplica\u00e7\u00e3o no processamento de carne e subprodutos.<\/p>    <figure class=\"wp-block-gallery has-nested-images columns-default is-cropped wp-block-gallery-4 is-layout-flex wp-block-gallery-is-layout-flex\"> <figure class=\"wp-block-image size-full\"><img loading=\"lazy\" decoding=\"async\" width=\"720\" height=\"540\" data-id=\"764\" src=\"https:\/\/meat-machine.com\/wp-content\/uploads\/2022\/09\/bone-crusher-machine.webp\" alt=\"m\u00e1quina trituradora de ossos\" class=\"wp-image-764\" title=\"\" srcset=\"https:\/\/meat-machine.com\/wp-content\/uploads\/2022\/09\/bone-crusher-machine.webp 720w, https:\/\/meat-machine.com\/wp-content\/uploads\/2022\/09\/bone-crusher-machine-300x225.webp 300w, https:\/\/meat-machine.com\/wp-content\/uploads\/2022\/09\/bone-crusher-machine-16x12.webp 16w\" sizes=\"auto, (max-width: 720px) 100vw, 720px\" \/><figcaption class=\"wp-element-caption\">M\u00e1quina de triturador de ossos<\/figcaption><\/figure>    <figure class=\"wp-block-image size-full\"><img loading=\"lazy\" decoding=\"async\" width=\"540\" height=\"720\" data-id=\"1132\" src=\"https:\/\/meat-machine.com\/wp-content\/uploads\/2023\/05\/bone-meat-separating-machine.webp\" alt=\"m\u00e1quina de separa\u00e7\u00e3o de carne e osso\" class=\"wp-image-1132\" title=\"\" srcset=\"https:\/\/meat-machine.com\/wp-content\/uploads\/2023\/05\/bone-meat-separating-machine.webp 540w, https:\/\/meat-machine.com\/wp-content\/uploads\/2023\/05\/bone-meat-separating-machine-225x300.webp 225w, https:\/\/meat-machine.com\/wp-content\/uploads\/2023\/05\/bone-meat-separating-machine-9x12.webp 9w\" sizes=\"auto, (max-width: 540px) 100vw, 540px\" \/><figcaption class=\"wp-element-caption\">M\u00e1quina de Separa\u00e7\u00e3o de Osso e Carne<\/figcaption><\/figure> <\/figure>    <p class=\"wp-block-paragraph translation-block\">A <strong>m\u00e1quina de moer carne comercial<\/strong> tamb\u00e9m pode ser integrada em v\u00e1rias linhas de processamento de carne, como <strong><a href=\"https:\/\/meat-machine.com\/pt\/produto\/linha-de-processamento-de-salsicha\/\" data-type=\"link\" data-id=\"https:\/\/meat-machine.com\/product\/sausage-processing-line\/\">linhas de produ\u00e7\u00e3o de salsichas<\/a> e <a href=\"https:\/\/meat-machine.com\/pt\/produto\/meat-patty-making-machine-production-line\/\" data-type=\"link\" data-id=\"https:\/\/meat-machine.com\/product\/meat-patty-making-machine-production-line\/\">linhas de processamento de hamb\u00fargueres<\/a><\/strong>. Nestes sistemas, a m\u00e1quina \u00e9 usada para moer carne congelada em carne mo\u00edda uniforme antes da pr\u00f3xima etapa de processamento. <\/p>    <p class=\"wp-block-paragraph\">A carne processada pode ent\u00e3o ser transferida automaticamente para equipamentos como misturadores, enchimentos ou m\u00e1quinas de modelar para processamento adicional. <\/p>    <p class=\"wp-block-paragraph\">Ao trabalhar como parte de uma linha de processamento completa, a m\u00e1quina de moer carne ajuda a melhorar a efici\u00eancia da produ\u00e7\u00e3o, manter uma textura de carne consistente e apoiar a fabrica\u00e7\u00e3o cont\u00ednua de grandes volumes de produtos de carne.<\/p>    <figure class=\"wp-block-gallery has-nested-images columns-default is-cropped wp-block-gallery-5 is-layout-flex wp-block-gallery-is-layout-flex\"> <figure class=\"wp-block-image size-large\"><img loading=\"lazy\" decoding=\"async\" width=\"720\" height=\"540\" data-id=\"459\" src=\"https:\/\/meat-machine.com\/wp-content\/uploads\/2023\/08\/sausage-production-line.webp\" alt=\"equipamento para fazer salsichas\" class=\"wp-image-459\" title=\"\" srcset=\"https:\/\/meat-machine.com\/wp-content\/uploads\/2023\/08\/sausage-production-line.webp 720w, https:\/\/meat-machine.com\/wp-content\/uploads\/2023\/08\/sausage-production-line-300x225.webp 300w\" sizes=\"auto, (max-width: 720px) 100vw, 720px\" \/><figcaption class=\"wp-element-caption\">Equipamento para fazer salsichas<\/figcaption><\/figure>    <figure class=\"wp-block-image size-large\"><img loading=\"lazy\" decoding=\"async\" width=\"720\" height=\"540\" data-id=\"1017\" src=\"https:\/\/meat-machine.com\/wp-content\/uploads\/2026\/02\/Meat-patty-making-machine-production-line.webp\" alt=\"Linha de produ\u00e7\u00e3o de m\u00e1quinas de fazer hamb\u00fargueres\" class=\"wp-image-1017\" title=\"\" srcset=\"https:\/\/meat-machine.com\/wp-content\/uploads\/2026\/02\/Meat-patty-making-machine-production-line.webp 720w, https:\/\/meat-machine.com\/wp-content\/uploads\/2026\/02\/Meat-patty-making-machine-production-line-300x225.webp 300w, https:\/\/meat-machine.com\/wp-content\/uploads\/2026\/02\/Meat-patty-making-machine-production-line-16x12.webp 16w\" sizes=\"auto, (max-width: 720px) 100vw, 720px\" \/><figcaption><\/figcaption><\/figure> <\/figure>    <h2 class=\"wp-block-heading\">Conclus\u00e3o<\/h2>    <p class=\"wp-block-paragraph\">Se voc\u00ea est\u00e1 procurando uma solu\u00e7\u00e3o de alto desempenho e custo-efetiva para suas necessidades de moagem de carne, convidamos voc\u00ea a entrar em contato conosco para um or\u00e7amento personalizado. Deixe-nos ajud\u00e1-lo a aprimorar sua produ\u00e7\u00e3o com nossas m\u00e1quinas de moer carne de alta qualidade!<\/p>","protected":false},"excerpt":{"rendered":"<p>A m\u00e1quina de moer carne comercial pode moer grandes quantidades de carne de forma eficiente para aplica\u00e7\u00f5es de processamento de alimentos. <\/p>","protected":false},"author":1,"featured_media":1155,"parent":0,"template":"","tags":[17],"product-type":[2],"class_list":["post-88","product","type-product","status-publish","has-post-thumbnail","hentry","tag-meat-mincer-machine","product-type-meat-cutting-machine"],"_links":{"self":[{"href":"https:\/\/meat-machine.com\/pt\/wp-json\/wp\/v2\/product\/88","targetHints":{"allow":["GET"]}}],"collection":[{"href":"https:\/\/meat-machine.com\/pt\/wp-json\/wp\/v2\/product"}],"about":[{"href":"https:\/\/meat-machine.com\/pt\/wp-json\/wp\/v2\/types\/product"}],"author":[{"embeddable":true,"href":"https:\/\/meat-machine.com\/pt\/wp-json\/wp\/v2\/users\/1"}],"wp:featuredmedia":[{"embeddable":true,"href":"https:\/\/meat-machine.com\/pt\/wp-json\/wp\/v2\/media\/1155"}],"wp:attachment":[{"href":"https:\/\/meat-machine.com\/pt\/wp-json\/wp\/v2\/media?parent=88"}],"wp:term":[{"taxonomy":"post_tag","embeddable":true,"href":"https:\/\/meat-machine.com\/pt\/wp-json\/wp\/v2\/tags?post=88"},{"taxonomy":"product-type","embeddable":true,"href":"https:\/\/meat-machine.com\/pt\/wp-json\/wp\/v2\/product-type?post=88"}],"curies":[{"name":"wp","href":"https:\/\/api.w.org\/{rel}","templated":true}]}}