{"id":77,"date":"2022-09-07T10:41:37","date_gmt":"2022-09-07T10:41:37","guid":{"rendered":"https:\/\/meat-machine.com\/?post_type=product&#038;p=77"},"modified":"2026-03-02T17:57:09","modified_gmt":"2026-03-02T09:57:09","slug":"separador-de-osso-de-carne","status":"publish","type":"product","link":"https:\/\/meat-machine.com\/pt\/product\/meat-bone-separator\/","title":{"rendered":"Separador de Ossos de Carne"},"content":{"rendered":"<div class=\"kk-star-ratings kksr-auto kksr-align-left kksr-valign-top\"     data-payload='{&quot;align&quot;:&quot;left&quot;,&quot;id&quot;:&quot;77&quot;,&quot;slug&quot;:&quot;default&quot;,&quot;valign&quot;:&quot;top&quot;,&quot;ignore&quot;:&quot;&quot;,&quot;reference&quot;:&quot;auto&quot;,&quot;class&quot;:&quot;&quot;,&quot;count&quot;:&quot;28&quot;,&quot;legendonly&quot;:&quot;&quot;,&quot;readonly&quot;:&quot;&quot;,&quot;score&quot;:&quot;4.7&quot;,&quot;starsonly&quot;:&quot;&quot;,&quot;best&quot;:&quot;5&quot;,&quot;gap&quot;:&quot;5&quot;,&quot;greet&quot;:&quot;Rate this product&quot;,&quot;legend&quot;:&quot;4.7\\\/5 - (28 votes)&quot;,&quot;size&quot;:&quot;24&quot;,&quot;title&quot;:&quot;Meat Bone Separator&quot;,&quot;width&quot;:&quot;133.8&quot;,&quot;_legend&quot;:&quot;{score}\\\/{best} - ({count} {votes})&quot;,&quot;font_factor&quot;:&quot;1.25&quot;}'>              <div class=\"kksr-stars\">      <div class=\"kksr-stars-inactive\">             <div class=\"kksr-star\" data-star=\"1\" style=\"padding-right: 5px\">               <div class=\"kksr-icon\" style=\"width: 24px; height: 24px;\"><\/div>         <\/div>             <div class=\"kksr-star\" data-star=\"2\" style=\"padding-right: 5px\">               <div class=\"kksr-icon\" style=\"width: 24px; height: 24px;\"><\/div>         <\/div>             <div class=\"kksr-star\" data-star=\"3\" style=\"padding-right: 5px\">               <div class=\"kksr-icon\" style=\"width: 24px; height: 24px;\"><\/div>         <\/div>             <div class=\"kksr-star\" data-star=\"4\" style=\"padding-right: 5px\">               <div class=\"kksr-icon\" style=\"width: 24px; height: 24px;\"><\/div>         <\/div>             <div class=\"kksr-star\" data-star=\"5\" style=\"padding-right: 5px\">               <div class=\"kksr-icon\" style=\"width: 24px; height: 24px;\"><\/div>         <\/div>     <\/div>      <div class=\"kksr-stars-active\" style=\"width: 133.8px;\">             <div class=\"kksr-star\" style=\"padding-right: 5px\">               <div class=\"kksr-icon\" style=\"width: 24px; height: 24px;\"><\/div>         <\/div>             <div class=\"kksr-star\" style=\"padding-right: 5px\">               <div class=\"kksr-icon\" style=\"width: 24px; height: 24px;\"><\/div>         <\/div>             <div class=\"kksr-star\" style=\"padding-right: 5px\">               <div class=\"kksr-icon\" style=\"width: 24px; height: 24px;\"><\/div>         <\/div>             <div class=\"kksr-star\" style=\"padding-right: 5px\">               <div class=\"kksr-icon\" style=\"width: 24px; height: 24px;\"><\/div>         <\/div>             <div class=\"kksr-star\" style=\"padding-right: 5px\">               <div class=\"kksr-icon\" style=\"width: 24px; height: 24px;\"><\/div>         <\/div>     <\/div> <\/div>                   <div class=\"kksr-legend\" style=\"font-size: 19.2px;\">             4,7\/5 - (28 votos)    <\/div>     <\/div>  <p class=\"wp-block-paragraph translation-block\">O <strong>Separador de Carne e Osso<\/strong> pode <strong>separar carne residual de ossos<\/strong>, melhorando a utiliza\u00e7\u00e3o da mat\u00e9ria-prima e reduzindo custos de produ\u00e7\u00e3o. Utiliza extrus\u00e3o mec\u00e2nica para separar eficazmente <strong>pasta de carne e res\u00edduos de osso<\/strong>. <\/p>    <p class=\"wp-block-paragraph translation-block\">Esta m\u00e1quina \u00e9 <strong>especialmente projetada para mat\u00e9rias-primas de aves (frango e pato) e peixe<\/strong>, incluindo quadros de frango, pesco\u00e7os de frango, cartilagem de frango, quadros de pato, ossos de peixe e materiais similares. <\/p>    <p class=\"wp-block-paragraph\">A pasta de carne separada \u00e9 adequada para processamento adicional em salsichas, alm\u00f4ndegas, hamb\u00fargueres, produtos de surimi e outros alimentos processados, enquanto os res\u00edduos de osso podem ser reutilizados para ra\u00e7\u00e3o ou processamento adicional. <\/p>    <p class=\"wp-block-paragraph translation-block\">O Separador de Carne e Osso est\u00e1 dispon\u00edvel em <strong>tr\u00eas modelos<\/strong>, com uma <strong>faixa de capacidade de 300\u20131200 kg\/h<\/strong>, tornando-o adequado para f\u00e1bricas de processamento de carne de pequena e m\u00e9dia escala.<\/p>    <figure class=\"wp-block-embed is-type-video is-provider-youtube wp-block-embed-youtube wp-embed-aspect-9-16 wp-has-aspect-ratio\"><div class=\"wp-block-embed__wrapper\"> <iframe loading=\"lazy\" title=\"V\u00eddeo de funcionamento da m\u00e1quina de separa\u00e7\u00e3o de osso e carne | Processamento de f\u00e1brica #ossos #carne #processamentodealimentos\" width=\"422\" height=\"750\" src=\"https:\/\/www.youtube.com\/embed\/f45DGjWDgkM?feature=oembed\" frameborder=\"0\" allow=\"accelerometer; autoplay; clipboard-write; encrypted-media; gyroscope; picture-in-picture; web-share\" referrerpolicy=\"strict-origin-when-cross-origin\" allowfullscreen><\/iframe> <\/div><figcaption class=\"wp-element-caption\">V\u00eddeo de funcionamento do Separador de Carne e Osso<\/figcaption><\/figure>    <h2 class=\"wp-block-heading\">Materiais adequados para m\u00e1quina de separa\u00e7\u00e3o de carne e osso<\/h2>    <p class=\"wp-block-paragraph translation-block\">A  m\u00e1quina de separa\u00e7\u00e3o de carne e osso  \u00e9 principalmente projetada para  mat\u00e9rias-primas de aves e pequenos animais , incluindo  frango, pato, ganso, peixe e coelho . N\u00e3o \u00e9 adequada para ossos duros como ossos de gado ou ovelha . <\/p>    <p class=\"wp-block-paragraph translation-block\">Para efici\u00eancia de separa\u00e7\u00e3o ideal e recupera\u00e7\u00e3o de carne, a temperatura de processamento recomendada para mat\u00e9rias-primas de aves \u00e9 <strong>\u20132\u00b0C a \u20138\u00b0C<\/strong>, pois materiais semi-congelados garantem melhor textura e separa\u00e7\u00e3o mais limpa. Mat\u00e9rias-primas frescas tamb\u00e9m podem ser processadas, mas aves semi-congeladas oferecem desempenho mais est\u00e1vel e produ\u00e7\u00e3o de carne picada de maior qualidade.<\/p>    <figure class=\"wp-block-gallery has-nested-images columns-default is-cropped wp-block-gallery-2 is-layout-flex wp-block-gallery-is-layout-flex\"> <figure class=\"wp-block-image size-large\"><img loading=\"lazy\" decoding=\"async\" width=\"720\" height=\"540\" data-id=\"1095\" src=\"https:\/\/meat-machine.com\/wp-content\/uploads\/2022\/09\/chicken.webp\" alt=\"frango\" class=\"wp-image-1095\" title=\"\" srcset=\"https:\/\/meat-machine.com\/wp-content\/uploads\/2022\/09\/chicken.webp 720w, https:\/\/meat-machine.com\/wp-content\/uploads\/2022\/09\/chicken-300x225.webp 300w, https:\/\/meat-machine.com\/wp-content\/uploads\/2022\/09\/chicken-16x12.webp 16w\" sizes=\"auto, (max-width: 720px) 100vw, 720px\" \/><figcaption class=\"wp-element-caption\">Frango<\/figcaption><\/figure>    <figure class=\"wp-block-image size-large\"><img loading=\"lazy\" decoding=\"async\" width=\"720\" height=\"540\" data-id=\"1096\" src=\"https:\/\/meat-machine.com\/wp-content\/uploads\/2022\/09\/duck.webp\" alt=\"duck\" class=\"wp-image-1096\" title=\"\" srcset=\"https:\/\/meat-machine.com\/wp-content\/uploads\/2022\/09\/duck.webp 720w, https:\/\/meat-machine.com\/wp-content\/uploads\/2022\/09\/duck-300x225.webp 300w, https:\/\/meat-machine.com\/wp-content\/uploads\/2022\/09\/duck-16x12.webp 16w\" sizes=\"auto, (max-width: 720px) 100vw, 720px\" \/><figcaption class=\"wp-element-caption\">Pato<\/figcaption><\/figure> <\/figure>    <h2 id=\"h-working-principle-of-meat-bone-separator\" class=\"wp-block-heading\">Como funciona o separador de carne e osso?<\/h2>    <div class=\"wp-block-media-text is-stacked-on-mobile\"><figure class=\"wp-block-media-text__media\"><img loading=\"lazy\" decoding=\"async\" width=\"540\" height=\"720\" src=\"https:\/\/meat-machine.com\/wp-content\/uploads\/2022\/09\/Meat-Bone-Separator-sale.webp\" alt=\"Venda de separador de carne e osso\" class=\"wp-image-1081 size-full\" title=\"\" srcset=\"https:\/\/meat-machine.com\/wp-content\/uploads\/2022\/09\/Meat-Bone-Separator-sale.webp 540w, https:\/\/meat-machine.com\/wp-content\/uploads\/2022\/09\/Meat-Bone-Separator-sale-225x300.webp 225w, https:\/\/meat-machine.com\/wp-content\/uploads\/2022\/09\/Meat-Bone-Separator-sale-9x12.webp 9w\" sizes=\"auto, (max-width: 540px) 100vw, 540px\" \/><\/figure><div class=\"wp-block-media-text__content\"> <ul class=\"wp-block-list\"> <li><strong>Alimenta\u00e7\u00e3o de material<\/strong> <ul class=\"wp-block-list\"> <li>Carne crua de aves ou peixe com ossos \u00e9 alimentada na m\u00e1quina atrav\u00e9s da entrada de alimenta\u00e7\u00e3o.<\/li> <\/ul> <\/li>    <li><strong>Transporte por rosca<\/strong> <ul class=\"wp-block-list\"> <li>A rosca rotativa empurra continuamente o material para a c\u00e2mara de separa\u00e7\u00e3o de osso e carne.<\/li> <\/ul> <\/li>    <li><strong>Prensagem mec\u00e2nica &amp; Tritura\u00e7\u00e3o<\/strong> <ul class=\"wp-block-list\"> <li>Movida pelo motor, a rosca de prensagem gera forte press\u00e3o, triturando a carne e os ossos em peda\u00e7os menores.<\/li> <\/ul> <\/li> <\/ul> <\/div><\/div>    <div class=\"wp-block-media-text has-media-on-the-right is-stacked-on-mobile\"><div class=\"wp-block-media-text__content\"> <ul class=\"wp-block-list\"> <li><strong>Triagem &amp; Separa\u00e7\u00e3o<\/strong> <ul class=\"wp-block-list\"> <li>A carne picada \u00e9 espremida atrav\u00e9s das pequenas aberturas da tela de filtro, enquanto as part\u00edculas de osso s\u00e3o retidas.<\/li> <\/ul> <\/li>    <li><strong>Descarga de carne<\/strong> <ul class=\"wp-block-list\"> <li>A carne picada separada \u00e9 descarregada suavemente da sa\u00edda de carne picada.<\/li> <\/ul> <\/li>    <li><strong>Descarga de res\u00edduos de osso<\/strong> <ul class=\"wp-block-list\"> <li>Os res\u00edduos de osso s\u00e3o expelidos atrav\u00e9s de uma sa\u00edda separada, completando o processo de separa\u00e7\u00e3o de carne e osso.<\/li> <\/ul> <\/li> <\/ul> <\/div><figure class=\"wp-block-media-text__media\"><img loading=\"lazy\" decoding=\"async\" width=\"540\" height=\"720\" src=\"https:\/\/meat-machine.com\/wp-content\/uploads\/2022\/09\/Meat-Bone-Separator-price.webp\" alt=\"Pre\u00e7o do separador de carne e osso\" class=\"wp-image-1082 size-full\" title=\"\" srcset=\"https:\/\/meat-machine.com\/wp-content\/uploads\/2022\/09\/Meat-Bone-Separator-price.webp 540w, https:\/\/meat-machine.com\/wp-content\/uploads\/2022\/09\/Meat-Bone-Separator-price-225x300.webp 225w, https:\/\/meat-machine.com\/wp-content\/uploads\/2022\/09\/Meat-Bone-Separator-price-9x12.webp 9w\" sizes=\"auto, (max-width: 540px) 100vw, 540px\" \/><\/figure><\/div>    <h2 id=\"h-working-video-of-poultry-deboning-machine\" class=\"wp-block-heading\">Benef\u00edcios da m\u00e1quina de separa\u00e7\u00e3o de carne e osso<\/h2>    <div class=\"wp-block-media-text is-stacked-on-mobile\"><figure class=\"wp-block-media-text__media\"><img loading=\"lazy\" decoding=\"async\" width=\"540\" height=\"720\" src=\"https:\/\/meat-machine.com\/wp-content\/uploads\/2022\/09\/bone-and-meat-separator-factory.webp\" alt=\"f\u00e1brica de separadores de osso e carne\" class=\"wp-image-1087 size-full\" title=\"\" srcset=\"https:\/\/meat-machine.com\/wp-content\/uploads\/2022\/09\/bone-and-meat-separator-factory.webp 540w, https:\/\/meat-machine.com\/wp-content\/uploads\/2022\/09\/bone-and-meat-separator-factory-225x300.webp 225w, https:\/\/meat-machine.com\/wp-content\/uploads\/2022\/09\/bone-and-meat-separator-factory-9x12.webp 9w\" sizes=\"auto, (max-width: 540px) 100vw, 540px\" \/><\/figure><div class=\"wp-block-media-text__content\"> <ul class=\"wp-block-list\"> <li><strong>Alta efici\u00eancia &amp; Economia de energia<\/strong> \u2013 Design compacto com baixo consumo de energia, capaz de processar at\u00e9 1200 kg\/h mantendo uma produ\u00e7\u00e3o est\u00e1vel.<\/li>    <li><strong>Estrutura de a\u00e7o inoxid\u00e1vel dur\u00e1vel<\/strong> \u2013 Todas as partes em contacto com alimentos e o corpo principal s\u00e3o feitas de a\u00e7o inoxid\u00e1vel de alta qualidade, cumprindo os padr\u00f5es de higiene alimentar e garantindo longa vida \u00fatil.<\/li>    <li><strong>Opera\u00e7\u00e3o Est\u00e1vel &amp; Confi\u00e1vel<\/strong> \u2013 Transmiss\u00e3o de engrenagem totalmente fechada proporciona funcionamento suave, redu\u00e7\u00e3o de ru\u00eddo e desempenho fi\u00e1vel.<\/li> <\/ul> <\/div><\/div>    <div class=\"wp-block-media-text has-media-on-the-right is-stacked-on-mobile\"><div class=\"wp-block-media-text__content\"> <ul class=\"wp-block-list\"> <li><strong>Qualidade superior da carne<\/strong> \u2013 Produz carne mo\u00edda fina com dano m\u00ednimo de fibras e sem res\u00edduos de osso, melhorando a textura do produto final.<\/li>    <li><strong>Opera\u00e7\u00e3o e Manuten\u00e7\u00e3o F\u00e1ceis<\/strong> \u2013 Estrutura simples, opera\u00e7\u00e3o f\u00e1cil e limpeza conveniente reduzem o tempo de inatividade e custos de m\u00e3o-de-obra.<\/li>    <li><strong>Design Seguro &amp; Higi\u00e9nico<\/strong> \u2013 Superf\u00edcies lisas sem cantos mortos, prevenindo acumula\u00e7\u00e3o de sujidade e garantindo seguran\u00e7a ao operador.<\/li>    <li><strong>Ampla Faixa de Aplica\u00e7\u00e3o<\/strong> \u2013 Adequado para uso como m\u00e1quina de desossa de aves, separador de carne de peixe e outras aplica\u00e7\u00f5es de separa\u00e7\u00e3o de carne de ossos macios.<\/li> <\/ul> <\/div><figure class=\"wp-block-media-text__media\"><img loading=\"lazy\" decoding=\"async\" width=\"540\" height=\"720\" src=\"https:\/\/meat-machine.com\/wp-content\/uploads\/2022\/09\/chicken-deboning-machine-sale.webp\" alt=\"Venda de m\u00e1quina de desossa de frango\" class=\"wp-image-1088 size-full\" title=\"\" srcset=\"https:\/\/meat-machine.com\/wp-content\/uploads\/2022\/09\/chicken-deboning-machine-sale.webp 540w, https:\/\/meat-machine.com\/wp-content\/uploads\/2022\/09\/chicken-deboning-machine-sale-225x300.webp 225w, https:\/\/meat-machine.com\/wp-content\/uploads\/2022\/09\/chicken-deboning-machine-sale-9x12.webp 9w\" sizes=\"auto, (max-width: 540px) 100vw, 540px\" \/><\/figure><\/div>    <h2 id=\"h-machine-parameters\" class=\"wp-block-heading\">Par\u00e2metros da m\u00e1quina de desossa de frango<\/h2>    <figure class=\"wp-block-table\"><table class=\"has-fixed-layout\"><thead><tr><th>Modelo<\/th><th>Tens\u00e3o<\/th><th>Poder<\/th><th>Capacidade<\/th><th>Dimens\u00f5es (mm)<\/th><th>Peso da M\u00e1quina<\/th><\/tr><\/thead><tbody><tr><td>TZ-300<\/td><td>380V 50Hz 3 fases<\/td><td>7,5 kW<\/td><td>300\u2013500 kg\/h<\/td><td>1400 \u00d7 650 \u00d7 980<\/td><td>400 kg<\/td><\/tr><tr><td>TZ-500<\/td><td>380V 50Hz 3 fases<\/td><td>8 kW<\/td><td>600\u2013800 kg\/h<\/td><td>1500 \u00d7 660 \u00d7 980<\/td><td>600 kg<\/td><\/tr><tr><td>TZ-1000<\/td><td>380V 50Hz<\/td><td>13\u201316 kW<\/td><td>1000\u20131200 kg\/h<\/td><td>2100 \u00d7 780 \u00d7 1430<\/td><td>1100 kg<\/td><\/tr><\/tbody><\/table><figcaption class=\"wp-element-caption\">Par\u00e2metros do Separador de Carne e Osso<\/figcaption><\/figure>    <h2 class=\"wp-block-heading\">Componentes principais e configura\u00e7\u00e3o de materiais do separador de carne e osso<\/h2>    <div class=\"wp-block-media-text is-stacked-on-mobile\"><figure class=\"wp-block-media-text__media\"><img loading=\"lazy\" decoding=\"async\" width=\"540\" height=\"720\" src=\"https:\/\/meat-machine.com\/wp-content\/uploads\/2022\/09\/bone-meat-separating-machine-supplier.webp\" alt=\"fornecedor de m\u00e1quinas de separa\u00e7\u00e3o de carne e osso\" class=\"wp-image-1091 size-full\" title=\"\" srcset=\"https:\/\/meat-machine.com\/wp-content\/uploads\/2022\/09\/bone-meat-separating-machine-supplier.webp 540w, https:\/\/meat-machine.com\/wp-content\/uploads\/2022\/09\/bone-meat-separating-machine-supplier-225x300.webp 225w, https:\/\/meat-machine.com\/wp-content\/uploads\/2022\/09\/bone-meat-separating-machine-supplier-9x12.webp 9w\" sizes=\"auto, (max-width: 540px) 100vw, 540px\" \/><\/figure><div class=\"wp-block-media-text__content\"> <ul class=\"wp-block-list\"> <li><strong>Motor<\/strong>: Motor de n\u00facleo de cobre puro dom\u00e9stico, sem necessidade de inspe\u00e7\u00e3o, desempenho est\u00e1vel e longa vida \u00fatil.<\/li>    <li><strong>Redutor<\/strong>: Redutor de superf\u00edcie dura de dentes pesados, desenvolvido internamente, adequado para opera\u00e7\u00e3o cont\u00ednua de alta carga.<\/li>    <li><strong>Controlo El\u00e9ctrico<\/strong>: Sistema de controlo el\u00e9ctrico fi\u00e1vel para opera\u00e7\u00e3o segura e est\u00e1vel da m\u00e1quina.<\/li>    <li><strong>Rolamentos<\/strong>: Rolamentos de alta qualidade garantindo funcionamento suave e durabilidade prolongada.<\/li>    <li><strong>M\u00e9todo de descarga<\/strong>: Descarga de tubo totalmente fechado, higi\u00e9nico e sem fugas.<\/li>    <li><strong>Material<\/strong>: Todas as partes em contacto com mat\u00e9rias-primas, bem como a estrutura exterior e a carca\u00e7a, s\u00e3o feitas de a\u00e7o inoxid\u00e1vel para resist\u00eancia \u00e0 corros\u00e3o e f\u00e1cil limpeza.<\/li> <\/ul> <\/div><\/div>    <h2 id=\"h-application-scope-of-poultry-deboning-machine\" class=\"wp-block-heading\">\u00c2mbito de aplica\u00e7\u00e3o da m\u00e1quina de separa\u00e7\u00e3o de carne e osso<\/h2>    <p class=\"wp-block-paragraph translation-block\">A m\u00e1quina de separa\u00e7\u00e3o de carne e osso \u00e9 amplamente utilizada em <strong>f\u00e1bricas de processamento de carne<\/strong>, incluindo <strong>produ\u00e7\u00e3o de alm\u00f4ndegas e salsichas<\/strong>, como salsicha de presunto de porco, salsicha assada de Taiwan, fiambre e salsichas. <\/p>    <p class=\"wp-block-paragraph translation-block\">O material de osso residual pode ser processado adicionalmente em <strong>sopa de osso, ra\u00e7\u00e3o animal, p\u00f3 de osso ou base de sopa<\/strong>, eliminando a necessidade de equipamento separado de moagem de ossos.<\/p>    <figure class=\"wp-block-image size-full\"><img loading=\"lazy\" decoding=\"async\" width=\"720\" height=\"540\" src=\"https:\/\/meat-machine.com\/wp-content\/uploads\/2022\/09\/meat-1.webp\" alt=\"carne\" class=\"wp-image-1090\" title=\"\" srcset=\"https:\/\/meat-machine.com\/wp-content\/uploads\/2022\/09\/meat-1.webp 720w, https:\/\/meat-machine.com\/wp-content\/uploads\/2022\/09\/meat-1-300x225.webp 300w, https:\/\/meat-machine.com\/wp-content\/uploads\/2022\/09\/meat-1-16x12.webp 16w\" sizes=\"auto, (max-width: 720px) 100vw, 720px\" \/><figcaption class=\"wp-element-caption\">Carne<\/figcaption><\/figure>    <h2 class=\"wp-block-heading\">Conclus\u00e3o<\/h2>    <p class=\"wp-block-paragraph translation-block\">O <strong>Separador de Carne e Osso<\/strong> \u00e9 uma solu\u00e7\u00e3o ideal para processadores que procuram <strong>aumentar o rendimento de carne, melhorar a qualidade do produto e reduzir o desperd\u00edcio de mat\u00e9ria-prima<\/strong> com desempenho est\u00e1vel e higi\u00e9nico. <\/p>    <p class=\"wp-block-paragraph translation-block\">Se procura um separador de carne e osso econ\u00f3mico e duradouro, <strong>n\u00e3o hesite em <a href=\"https:\/\/meat-machine.com\/pt\/contacte-nos\/\" data-type=\"link\" data-id=\"https:\/\/meat-machine.com\/contact-us\/\">contactar-nos<\/a> para especifica\u00e7\u00f5es detalhadas, pre\u00e7os e solu\u00e7\u00f5es personalizadas<\/strong>. <\/p>","protected":false},"excerpt":{"rendered":"<p>O Separador de Carne e Osso pode separar carne residual de ossos, melhorando a utiliza\u00e7\u00e3o da mat\u00e9ria-prima e reduzindo custos de produ\u00e7\u00e3o. Utiliza extrus\u00e3o mec\u00e2nica para separar eficazmente pasta de carne e res\u00edduos de osso. <\/p>","protected":false},"author":1,"featured_media":1080,"parent":0,"template":"","tags":[21],"product-type":[3],"class_list":["post-77","product","type-product","status-publish","has-post-thumbnail","hentry","tag-meat-bone-separator","product-type-bone-grinder"],"_links":{"self":[{"href":"https:\/\/meat-machine.com\/pt\/wp-json\/wp\/v2\/product\/77","targetHints":{"allow":["GET"]}}],"collection":[{"href":"https:\/\/meat-machine.com\/pt\/wp-json\/wp\/v2\/product"}],"about":[{"href":"https:\/\/meat-machine.com\/pt\/wp-json\/wp\/v2\/types\/product"}],"author":[{"embeddable":true,"href":"https:\/\/meat-machine.com\/pt\/wp-json\/wp\/v2\/users\/1"}],"wp:featuredmedia":[{"embeddable":true,"href":"https:\/\/meat-machine.com\/pt\/wp-json\/wp\/v2\/media\/1080"}],"wp:attachment":[{"href":"https:\/\/meat-machine.com\/pt\/wp-json\/wp\/v2\/media?parent=77"}],"wp:term":[{"taxonomy":"post_tag","embeddable":true,"href":"https:\/\/meat-machine.com\/pt\/wp-json\/wp\/v2\/tags?post=77"},{"taxonomy":"product-type","embeddable":true,"href":"https:\/\/meat-machine.com\/pt\/wp-json\/wp\/v2\/product-type?post=77"}],"curies":[{"name":"wp","href":"https:\/\/api.w.org\/{rel}","templated":true}]}}