{"id":631,"date":"2024-07-24T15:05:18","date_gmt":"2024-07-24T07:05:18","guid":{"rendered":"https:\/\/meat-machine.com\/?post_type=product&#038;p=631"},"modified":"2026-02-28T14:36:24","modified_gmt":"2026-02-28T06:36:24","slug":"maquina-de-esmagamento-de-ossos","status":"publish","type":"product","link":"https:\/\/meat-machine.com\/pt\/product\/bone-crushing-machine\/","title":{"rendered":"M\u00e1quina trituradora e trituradora de ossos"},"content":{"rendered":"<div class=\"kk-star-ratings kksr-auto kksr-align-left kksr-valign-top\"     data-payload='{&quot;align&quot;:&quot;left&quot;,&quot;id&quot;:&quot;631&quot;,&quot;slug&quot;:&quot;default&quot;,&quot;valign&quot;:&quot;top&quot;,&quot;ignore&quot;:&quot;&quot;,&quot;reference&quot;:&quot;auto&quot;,&quot;class&quot;:&quot;&quot;,&quot;count&quot;:&quot;30&quot;,&quot;legendonly&quot;:&quot;&quot;,&quot;readonly&quot;:&quot;&quot;,&quot;score&quot;:&quot;4.6&quot;,&quot;starsonly&quot;:&quot;&quot;,&quot;best&quot;:&quot;5&quot;,&quot;gap&quot;:&quot;5&quot;,&quot;greet&quot;:&quot;Rate this product&quot;,&quot;legend&quot;:&quot;4.6\\\/5 - (30 votes)&quot;,&quot;size&quot;:&quot;24&quot;,&quot;title&quot;:&quot;Bone crusher and grinder machine&quot;,&quot;width&quot;:&quot;130.9&quot;,&quot;_legend&quot;:&quot;{score}\\\/{best} - ({count} {votes})&quot;,&quot;font_factor&quot;:&quot;1.25&quot;}'>              <div class=\"kksr-stars\">      <div class=\"kksr-stars-inactive\">             <div class=\"kksr-star\" data-star=\"1\" style=\"padding-right: 5px\">               <div class=\"kksr-icon\" style=\"width: 24px; height: 24px;\"><\/div>         <\/div>             <div class=\"kksr-star\" data-star=\"2\" style=\"padding-right: 5px\">               <div class=\"kksr-icon\" style=\"width: 24px; height: 24px;\"><\/div>         <\/div>             <div class=\"kksr-star\" data-star=\"3\" style=\"padding-right: 5px\">               <div class=\"kksr-icon\" style=\"width: 24px; height: 24px;\"><\/div>         <\/div>             <div class=\"kksr-star\" data-star=\"4\" style=\"padding-right: 5px\">               <div class=\"kksr-icon\" style=\"width: 24px; height: 24px;\"><\/div>         <\/div>             <div class=\"kksr-star\" data-star=\"5\" style=\"padding-right: 5px\">               <div class=\"kksr-icon\" style=\"width: 24px; height: 24px;\"><\/div>         <\/div>     <\/div>      <div class=\"kksr-stars-active\" style=\"width: 130.9px;\">             <div class=\"kksr-star\" style=\"padding-right: 5px\">               <div class=\"kksr-icon\" style=\"width: 24px; height: 24px;\"><\/div>         <\/div>             <div class=\"kksr-star\" style=\"padding-right: 5px\">               <div class=\"kksr-icon\" style=\"width: 24px; height: 24px;\"><\/div>         <\/div>             <div class=\"kksr-star\" style=\"padding-right: 5px\">               <div class=\"kksr-icon\" style=\"width: 24px; height: 24px;\"><\/div>         <\/div>             <div class=\"kksr-star\" style=\"padding-right: 5px\">               <div class=\"kksr-icon\" style=\"width: 24px; height: 24px;\"><\/div>         <\/div>             <div class=\"kksr-star\" style=\"padding-right: 5px\">               <div class=\"kksr-icon\" style=\"width: 24px; height: 24px;\"><\/div>         <\/div>     <\/div> <\/div>                   <div class=\"kksr-legend\" style=\"font-size: 19.2px;\">             4,6\/5 - (30 votos)    <\/div>     <\/div>  <p class=\"wp-block-paragraph translation-block\">A <strong>m\u00e1quina de triturador e moedor de ossos<\/strong> com uma capacidade de <strong>200\u2013400 kg\/h<\/strong> pode triturar e moer eficientemente ossos de animais em <strong>pequenas part\u00edculas<\/strong>, tornando-a adequada para processamento de ossos frescos. Quando processa <strong>ossos frescos (\u00famidos)<\/strong>, o tamanho final das part\u00edculas \u00e9 tipicamente <strong>3\u20134 mm<\/strong>, com resultados uniformes e est\u00e1veis.<\/p>    <p class=\"wp-block-paragraph\">Esta m\u00e1quina integra fun\u00e7\u00f5es de tritura\u00e7\u00e3o e moagem em uma \u00fanica unidade, garantindo alta efici\u00eancia, produ\u00e7\u00e3o consistente e redu\u00e7\u00e3o da intensidade de trabalho. Opera de forma suave e suporta produ\u00e7\u00e3o cont\u00ednua para necessidades de processamento de pequeno a m\u00e9dio porte.<\/p>    <p class=\"wp-block-paragraph\">A m\u00e1quina \u00e9 amplamente utilizada na ind\u00fastria de processamento de alimentos, produ\u00e7\u00e3o de ra\u00e7\u00e3o para animais de estima\u00e7\u00e3o, fabrica\u00e7\u00e3o de ra\u00e7\u00e3o animal, processamento de fertilizantes e reciclagem de ossos. Materiais adequados incluem ossos de porco, vaca, frango, peixe e outros ossos de animais. Constru\u00edda em a\u00e7o inoxid\u00e1vel, atende aos padr\u00f5es de higiene, \u00e9 f\u00e1cil de limpar e oferece desempenho confi\u00e1vel a longo prazo.<\/p>    <figure class=\"wp-block-embed is-type-video is-provider-youtube wp-block-embed-youtube wp-embed-aspect-9-16 wp-has-aspect-ratio\"><div class=\"wp-block-embed__wrapper\"> <iframe loading=\"lazy\" title=\"Processo de funcionamento da m\u00e1quina de triturador e moedor de ossos | Poderoso triturador de ossos #ossos #triturador #moedor\" width=\"422\" height=\"750\" src=\"https:\/\/www.youtube.com\/embed\/FAYbi7X99Ls?feature=oembed\" frameborder=\"0\" allow=\"accelerometer; autoplay; clipboard-write; encrypted-media; gyroscope; picture-in-picture; web-share\" referrerpolicy=\"strict-origin-when-cross-origin\" allowfullscreen><\/iframe> <\/div><figcaption class=\"wp-element-caption\">V\u00eddeo de funcionamento da m\u00e1quina trituradora e moedor de ossos<\/figcaption><\/figure>    <h2 class=\"wp-block-heading\">Vantagens da m\u00e1quina trituradora e moedor de ossos<\/h2>    <ol class=\"wp-block-list\"> <li><strong>Constru\u00e7\u00e3o em a\u00e7o inoxid\u00e1vel<\/strong>. Feito de a\u00e7o inoxid\u00e1vel 304 de qualidade alimentar para resist\u00eancia e durabilidade.<\/li>    <li><strong>Tela substitu\u00edvel<\/strong>. Permite m\u00faltiplos tamanhos de part\u00edculas, com tamanho m\u00ednimo de britagem de 3mm.<\/li>    <li><strong>L\u00e2minas de alta qualidade<\/strong>. As l\u00e2minas SKD-11 oferecem resist\u00eancia ao desgaste e longa vida \u00fatil.<\/li>    <li><strong>Transportador helicoidal<\/strong>. Evita o encravamento do material para um funcionamento suave.<\/li>    <li><strong>Prote\u00e7\u00e3o contra sobrecarga<\/strong>. Equipado com um dispositivo de prote\u00e7\u00e3o contra sobrecarga para uma opera\u00e7\u00e3o segura da m\u00e1quina.<\/li>    <li><strong>Ampla gama de aplica\u00e7\u00f5es<\/strong>. Capaz de moer v\u00e1rios ossos de aves e animais.<\/li> <\/ol>    <figure class=\"wp-block-gallery has-nested-images columns-default is-cropped wp-block-gallery-2 is-layout-flex wp-block-gallery-is-layout-flex\"> <figure class=\"wp-block-image size-large\"><img loading=\"lazy\" decoding=\"async\" width=\"540\" height=\"720\" data-id=\"643\" src=\"https:\/\/meat-machine.com\/wp-content\/uploads\/2024\/07\/screen.webp\" alt=\"tela\" class=\"wp-image-643\" title=\"\" srcset=\"https:\/\/meat-machine.com\/wp-content\/uploads\/2024\/07\/screen.webp 540w, https:\/\/meat-machine.com\/wp-content\/uploads\/2024\/07\/screen-225x300.webp 225w, https:\/\/meat-machine.com\/wp-content\/uploads\/2024\/07\/screen-9x12.webp 9w\" sizes=\"auto, (max-width: 540px) 100vw, 540px\" \/><figcaption class=\"wp-element-caption\">Tela<\/figcaption><\/figure>    <figure class=\"wp-block-image size-large\"><img loading=\"lazy\" decoding=\"async\" width=\"540\" height=\"720\" data-id=\"644\" src=\"https:\/\/meat-machine.com\/wp-content\/uploads\/2024\/07\/screw-conveyor-shaft.webp\" alt=\"eixo do transportador de parafuso\" class=\"wp-image-644\" title=\"\" srcset=\"https:\/\/meat-machine.com\/wp-content\/uploads\/2024\/07\/screw-conveyor-shaft.webp 540w, https:\/\/meat-machine.com\/wp-content\/uploads\/2024\/07\/screw-conveyor-shaft-225x300.webp 225w, https:\/\/meat-machine.com\/wp-content\/uploads\/2024\/07\/screw-conveyor-shaft-9x12.webp 9w\" sizes=\"auto, (max-width: 540px) 100vw, 540px\" \/><figcaption class=\"wp-element-caption\">Eixo transportador de parafuso<\/figcaption><\/figure>    <figure class=\"wp-block-image size-large\"><img loading=\"lazy\" decoding=\"async\" width=\"540\" height=\"720\" data-id=\"633\" src=\"https:\/\/meat-machine.com\/wp-content\/uploads\/2024\/07\/blades.webp\" alt=\"l\u00e2minas\" class=\"wp-image-633\" title=\"\" srcset=\"https:\/\/meat-machine.com\/wp-content\/uploads\/2024\/07\/blades.webp 540w, https:\/\/meat-machine.com\/wp-content\/uploads\/2024\/07\/blades-225x300.webp 225w, https:\/\/meat-machine.com\/wp-content\/uploads\/2024\/07\/blades-9x12.webp 9w\" sizes=\"auto, (max-width: 540px) 100vw, 540px\" \/><figcaption class=\"wp-element-caption\">L\u00e2minas<\/figcaption><\/figure> <\/figure>    <h2 class=\"wp-block-heading\">Aplica\u00e7\u00f5es da m\u00e1quina trituradora e trituradora de ossos de animais<\/h2>    <p class=\"wp-block-paragraph translation-block\">A <strong>m\u00e1quina trituradora e moedora de ossos de animais Taizy<\/strong> foi concebida para processar uma vasta gama de ossos de animais e aves. \u00c9 uma ferramenta vers\u00e1til que pode processar os seguintes <a href=\"https:\/\/en.wikipedia.org\/wiki\/Bone\" data-type=\"link\" data-id=\"https:\/\/en.wikipedia.org\/wiki\/Bone\" target=\"_blank\" rel=\"noopener\">ossos<\/a>:<\/p>    <ul class=\"wp-block-list\"> <li>Ossos de frango, Ossos de pato, Ossos de vaca, Ossos de peixe, Ossos de ovelha, Ossos de porco, Ossos de peru, Ossos de coelho, Ossos de veado, Outros ossos de animais e aves<\/li> <\/ul>    <p class=\"wp-block-paragraph\">Esta m\u00e1quina \u00e9 amplamente utilizada em v\u00e1rios setores, gra\u00e7as \u00e0 sua capacidade de moer com efici\u00eancia diferentes tipos de ossos. As principais aplica\u00e7\u00f5es incluem:<\/p>    <div class=\"wp-block-media-text is-stacked-on-mobile\"><figure class=\"wp-block-media-text__media\"><img loading=\"lazy\" decoding=\"async\" width=\"720\" height=\"540\" src=\"https:\/\/meat-machine.com\/wp-content\/uploads\/2023\/01\/poultry-bones-and-livestock-bones.webp\" alt=\"ossos de aves e ossos de gado\" class=\"wp-image-277 size-full\" title=\"\" srcset=\"https:\/\/meat-machine.com\/wp-content\/uploads\/2023\/01\/poultry-bones-and-livestock-bones.webp 720w, https:\/\/meat-machine.com\/wp-content\/uploads\/2023\/01\/poultry-bones-and-livestock-bones-300x225.webp 300w\" sizes=\"auto, (max-width: 720px) 100vw, 720px\" \/><\/figure><div class=\"wp-block-media-text__content\"> <ul class=\"wp-block-list\"> <li><strong>Plantas de processamento de carne<\/strong>. A m\u00e1quina \u00e9 essencial para processar sobras de ossos da produ\u00e7\u00e3o de carne.<\/li>    <li><strong>F\u00e1bricas de alimentos para animais de estima\u00e7\u00e3o<\/strong>. Usado para produzir farinha de ossos para produ\u00e7\u00e3o de alimentos para animais de estima\u00e7\u00e3o.<\/li>    <li><strong>F\u00e1bricas de farinha de ossos<\/strong>. Ideal para criar p\u00f3 fino de osso usado em fertilizantes.<\/li> <\/ul> <\/div><\/div>    <p class=\"wp-block-paragraph\">Se voc\u00ea n\u00e3o tiver certeza se suas mat\u00e9rias-primas s\u00e3o compat\u00edveis com a m\u00e1quina trituradora e trituradora de ossos de animais Taizy, n\u00e3o hesite em entrar em contato conosco atrav\u00e9s do formul\u00e1rio de contato no canto inferior direito. Estamos felizes em ajud\u00e1-lo!<\/p>    <h2 class=\"wp-block-heading\">Como funciona a m\u00e1quina trituradora e trituradora de ossos de animais?<\/h2>    <p class=\"wp-block-paragraph translation-block\">A <strong>m\u00e1quina trituradora e moedora de ossos<\/strong> foi concebida para processar ossos de forma eficiente em part\u00edculas finas. Abaixo est\u00e1 uma descri\u00e7\u00e3o passo a passo da sua opera\u00e7\u00e3o:<\/p>    <div class=\"wp-block-media-text has-media-on-the-right is-stacked-on-mobile\"><div class=\"wp-block-media-text__content\"> <ul class=\"wp-block-list\"> <li>Os ossos s\u00e3o alimentados na m\u00e1quina atrav\u00e9s de um bico de alimenta\u00e7\u00e3o designado.<\/li>    <li>Dentro do sistema de britagem prim\u00e1ria, l\u00e2minas de alta velocidade trituram ossos grandes em peda\u00e7os menores.<\/li>    <li>Os peda\u00e7os pequenos entram ent\u00e3o no sistema de moagem fina para serem triturados em part\u00edculas de 3\u20134mm.<\/li>    <li>As part\u00edculas de osso que atendem ao requisito de tamanho s\u00e3o descarregadas atrav\u00e9s da sa\u00edda.<\/li>    <li>Part\u00edculas grandes s\u00e3o automaticamente devolvidas ao triturador fino e reprocessadas at\u00e9 atingirem o tamanho desejado.<\/li> <\/ul> <\/div><figure class=\"wp-block-media-text__media\"><img loading=\"lazy\" decoding=\"async\" width=\"720\" height=\"540\" src=\"https:\/\/meat-machine.com\/wp-content\/uploads\/2024\/07\/working-process.webp\" alt=\"processo de trabalho da m\u00e1quina trituradora de ossos de animais\" class=\"wp-image-645 size-full\" title=\"\" srcset=\"https:\/\/meat-machine.com\/wp-content\/uploads\/2024\/07\/working-process.webp 720w, https:\/\/meat-machine.com\/wp-content\/uploads\/2024\/07\/working-process-300x225.webp 300w, https:\/\/meat-machine.com\/wp-content\/uploads\/2024\/07\/working-process-16x12.webp 16w\" sizes=\"auto, (max-width: 720px) 100vw, 720px\" \/><\/figure><\/div>    <p class=\"wp-block-paragraph\">Este sistema garante o controle preciso do tamanho das part\u00edculas, tornando a m\u00e1quina trituradora e trituradora de ossos uma ferramenta confi\u00e1vel para ind\u00fastrias que exigem part\u00edculas \u00f3sseas finamente mo\u00eddas.<\/p>    <h2 class=\"wp-block-heading\">A estrutura da m\u00e1quina trituradora e trituradora de ossos<\/h2>    <p class=\"wp-block-paragraph\">As m\u00e1quinas trituradoras de ossos consistem principalmente em uma entrada, faca trituradora, espiral de moagem, malha de peneira, motor, tampa e sa\u00edda.<\/p>   <div class=\"wp-block-image\"> <figure class=\"aligncenter size-full\"><img loading=\"lazy\" decoding=\"async\" width=\"720\" height=\"540\" src=\"https:\/\/meat-machine.com\/wp-content\/uploads\/2024\/07\/machine-structure.webp\" alt=\"estrutura da m\u00e1quina\" class=\"wp-image-641\" title=\"\" srcset=\"https:\/\/meat-machine.com\/wp-content\/uploads\/2024\/07\/machine-structure.webp 720w, https:\/\/meat-machine.com\/wp-content\/uploads\/2024\/07\/machine-structure-300x225.webp 300w, https:\/\/meat-machine.com\/wp-content\/uploads\/2024\/07\/machine-structure-16x12.webp 16w\" sizes=\"auto, (max-width: 720px) 100vw, 720px\" \/><figcaption class=\"wp-element-caption\">estrutura da m\u00e1quina<\/figcaption><\/figure> <\/div>   <h2 class=\"wp-block-heading\">Dados t\u00e9cnicos da m\u00e1quina trituradora e trituradora de ossos<\/h2>    <figure class=\"wp-block-table\"><table class=\"has-fixed-layout\"><thead><tr><th>Item<\/th><th>Especifica\u00e7\u00e3o<\/th><\/tr><\/thead><tbody><tr><td>Dimens\u00f5es Gerais<\/td><td>1200 \u00d7 1000 \u00d7 1470 mm<\/td><\/tr><tr><td>Poder de Tritura<\/td><td>5,5 kW<\/td><\/tr><tr><td>Poder de Tritura\u00e7\u00e3o<\/td><td>7,5 kW<\/td><\/tr><tr><td>Capacidade<\/td><td>200\u2013400 kg\/h<\/td><\/tr><tr><td>Material<\/td><td>A\u00e7o Inoxid\u00e1vel 304<\/td><\/tr><tr><td>Peso<\/td><td>540 kg<\/td><\/tr><\/tbody><\/table><figcaption class=\"wp-element-caption\">Par\u00e2metros da m\u00e1quina trituradora e trituradora de ossos<\/figcaption><\/figure>    <div class=\"wp-block-media-text is-stacked-on-mobile\"><figure class=\"wp-block-media-text__media\"><img loading=\"lazy\" decoding=\"async\" width=\"720\" height=\"540\" src=\"https:\/\/meat-machine.com\/wp-content\/uploads\/2022\/09\/commercial-bone-grinder-for-sale.webp\" alt=\"M\u00e1quina trituradora e moedora de ossos para venda\" class=\"wp-image-74 size-full\" title=\"\" srcset=\"https:\/\/meat-machine.com\/wp-content\/uploads\/2022\/09\/commercial-bone-grinder-for-sale.webp 720w, https:\/\/meat-machine.com\/wp-content\/uploads\/2022\/09\/commercial-bone-grinder-for-sale-300x225.webp 300w\" sizes=\"auto, (max-width: 720px) 100vw, 720px\" \/><\/figure><div class=\"wp-block-media-text__content\"> <p class=\"wp-block-paragraph\">Nossa m\u00e1quina de triturador de ossos pode processar de 200 a 400 kg de mat\u00e9ria-prima por hora. Seja uma pequena ou grande f\u00e1brica de processamento de carne, esta m\u00e1quina pode atender muito bem \u00e0 demanda de produ\u00e7\u00e3o.<\/p>    <p class=\"wp-block-paragraph translation-block\">Para al\u00e9m deste novo modelo de m\u00e1quina, tamb\u00e9m temos um modelo antigo de <a href=\"https:\/\/meat-machine.com\/pt\/produto\/moedor-de-ossos\/\">m\u00e1quina trituradora de ossos<\/a> \u00e0 venda. O modelo antigo da m\u00e1quina pode moer ossos em part\u00edculas de osso de 10 mm.<\/p> <\/div><\/div>    <h2 class=\"wp-block-heading\">Pre\u00e7o da m\u00e1quina trituradora e moedora de ossos<\/h2>    <p class=\"wp-block-paragraph\">O pre\u00e7o de uma m\u00e1quina trituradora e moedora de ossos varia amplamente, geralmente variando de alguns milhares a dezenas de milhares de d\u00f3lares, dependendo de fatores como tipo de modelo, capacidade e materiais de constru\u00e7\u00e3o. <\/p>    <p class=\"wp-block-paragraph\">Modelos b\u00e1sicos s\u00e3o mais acess\u00edveis e adequados para opera\u00e7\u00f5es em pequena escala, como o processamento de ra\u00e7\u00e3o para animais de estima\u00e7\u00e3o, enquanto m\u00e1quinas de alta gama s\u00e3o projetadas para uso em escala industrial, com maior durabilidade e produ\u00e7\u00e3o. <\/p>    <p class=\"wp-block-paragraph\">Ao selecionar uma m\u00e1quina, \u00e9 importante considerar a sua escala de produ\u00e7\u00e3o, or\u00e7amento e requisitos de desempenho. Para pre\u00e7os precisos e solu\u00e7\u00f5es personalizadas, sinta-se \u00e0 vontade para nos contactar para um or\u00e7amento personalizado.<\/p>    <figure class=\"wp-block-gallery has-nested-images columns-default is-cropped wp-block-gallery-3 is-layout-flex wp-block-gallery-is-layout-flex\"> <figure class=\"wp-block-image size-large\"><img loading=\"lazy\" decoding=\"async\" width=\"720\" height=\"540\" data-id=\"637\" src=\"https:\/\/meat-machine.com\/wp-content\/uploads\/2024\/07\/bone-crushing-machine.webp\" alt=\"m\u00e1quina trituradora de ossos industrial para venda\" class=\"wp-image-637\" title=\"\" srcset=\"https:\/\/meat-machine.com\/wp-content\/uploads\/2024\/07\/bone-crushing-machine.webp 720w, https:\/\/meat-machine.com\/wp-content\/uploads\/2024\/07\/bone-crushing-machine-300x225.webp 300w, https:\/\/meat-machine.com\/wp-content\/uploads\/2024\/07\/bone-crushing-machine-16x12.webp 16w\" sizes=\"auto, (max-width: 720px) 100vw, 720px\" \/><figcaption class=\"wp-element-caption\">M\u00e1quina industrial de tritura\u00e7\u00e3o de ossos \u00e0 venda<\/figcaption><\/figure>    <figure class=\"wp-block-image size-large\"><img loading=\"lazy\" decoding=\"async\" width=\"720\" height=\"540\" data-id=\"639\" src=\"https:\/\/meat-machine.com\/wp-content\/uploads\/2024\/07\/discharge-port.webp\" alt=\"porta de descarga\" class=\"wp-image-639\" title=\"\" srcset=\"https:\/\/meat-machine.com\/wp-content\/uploads\/2024\/07\/discharge-port.webp 720w, https:\/\/meat-machine.com\/wp-content\/uploads\/2024\/07\/discharge-port-300x225.webp 300w, https:\/\/meat-machine.com\/wp-content\/uploads\/2024\/07\/discharge-port-16x12.webp 16w\" sizes=\"auto, (max-width: 720px) 100vw, 720px\" \/><figcaption><\/figcaption><\/figure> <\/figure>    <h2 class=\"wp-block-heading\">M\u00e1quina trituradora de ossos Taizy vendida para a Austr\u00e1lia<\/h2>    <p class=\"wp-block-paragraph\">Em mar\u00e7o de 2024, entregamos com sucesso uma m\u00e1quina trituradora de ossos para uma empresa fabricante de alimentos para animais de estima\u00e7\u00e3o na Austr\u00e1lia. Esta empresa \u00e9 especializada na produ\u00e7\u00e3o de alimentos para animais de estima\u00e7\u00e3o de alta qualidade, especialmente alimentos nutritivos ricos em farinha de ossos e c\u00e1lcio.<\/p>    <p class=\"wp-block-paragraph\">Eles compraram nossa m\u00e1quina trituradora de ossos principalmente para moer ossos de porco, vaca e galinha. O cliente espera que o produto acabado tenha um tamanho final de 3 mil\u00edmetros. Isto \u00e9 usado como um ingrediente importante para alimentos para animais de estima\u00e7\u00e3o.<\/p>    <p class=\"wp-block-paragraph\">O material, o pre\u00e7o e o efeito de funcionamento da nossa m\u00e1quina atendem muito bem \u00e0s necessidades do cliente. A m\u00e1quina agora est\u00e1 funcionando na f\u00e1brica do cliente.<\/p>    <figure class=\"wp-block-gallery has-nested-images columns-default is-cropped wp-block-gallery-4 is-layout-flex wp-block-gallery-is-layout-flex\"> <figure class=\"wp-block-image size-large\"><img loading=\"lazy\" decoding=\"async\" width=\"720\" height=\"540\" data-id=\"642\" src=\"https:\/\/meat-machine.com\/wp-content\/uploads\/2024\/07\/packing-picture.webp\" alt=\"imagem da embalagem\" class=\"wp-image-642\" title=\"\" srcset=\"https:\/\/meat-machine.com\/wp-content\/uploads\/2024\/07\/packing-picture.webp 720w, https:\/\/meat-machine.com\/wp-content\/uploads\/2024\/07\/packing-picture-300x225.webp 300w, https:\/\/meat-machine.com\/wp-content\/uploads\/2024\/07\/packing-picture-16x12.webp 16w\" sizes=\"auto, (max-width: 720px) 100vw, 720px\" \/><figcaption class=\"wp-element-caption\">Imagem da embalagem<\/figcaption><\/figure>    <figure class=\"wp-block-image size-large\"><img loading=\"lazy\" decoding=\"async\" width=\"720\" height=\"540\" data-id=\"635\" src=\"https:\/\/meat-machine.com\/wp-content\/uploads\/2024\/07\/bone-crusher-shipped-to-Australia.webp\" alt=\"triturador de ossos enviado para a Austr\u00e1lia\" class=\"wp-image-635\" title=\"\" srcset=\"https:\/\/meat-machine.com\/wp-content\/uploads\/2024\/07\/bone-crusher-shipped-to-Australia.webp 720w, https:\/\/meat-machine.com\/wp-content\/uploads\/2024\/07\/bone-crusher-shipped-to-Australia-300x225.webp 300w, https:\/\/meat-machine.com\/wp-content\/uploads\/2024\/07\/bone-crusher-shipped-to-Australia-16x12.webp 16w\" sizes=\"auto, (max-width: 720px) 100vw, 720px\" \/><figcaption class=\"wp-element-caption\">Triturador de ossos enviado para a Austr\u00e1lia<\/figcaption><\/figure> <\/figure>    <h2 class=\"wp-block-heading\">Contacte-nos para saber os pre\u00e7os mais recentes!<\/h2>    <p class=\"wp-block-paragraph\">Na Taizy Machinery, temos uma ampla gama de m\u00e1quinas de tritura\u00e7\u00e3o de ossos \u00e0 venda. Se voc\u00ea est\u00e1 procurando um pulverizador de ossos de alta qualidade, n\u00e3o hesite em nos contatar. <\/p>    <p class=\"wp-block-paragraph\">Sinta-se \u00e0 vontade para entrar em contato conosco atrav\u00e9s da janela pop-up no canto inferior direito. Nossa equipe entrar\u00e1 em contato com voc\u00ea na primeira vez e enviar\u00e1 a \u00faltima oferta.<\/p>","protected":false},"excerpt":{"rendered":"<p>A m\u00e1quina de triturador e moedor de ossos com uma capacidade de 200\u2013400 kg\/h pode triturar e moer eficientemente ossos de animais em pequenas part\u00edculas, tornando-a adequada para processamento de ossos frescos.<\/p>","protected":false},"author":1,"featured_media":646,"parent":0,"template":"","tags":[41,13],"product-type":[3],"class_list":["post-631","product","type-product","status-publish","has-post-thumbnail","hentry","tag-bone","tag-bone-crushing-machine","product-type-bone-grinder"],"_links":{"self":[{"href":"https:\/\/meat-machine.com\/pt\/wp-json\/wp\/v2\/product\/631","targetHints":{"allow":["GET"]}}],"collection":[{"href":"https:\/\/meat-machine.com\/pt\/wp-json\/wp\/v2\/product"}],"about":[{"href":"https:\/\/meat-machine.com\/pt\/wp-json\/wp\/v2\/types\/product"}],"author":[{"embeddable":true,"href":"https:\/\/meat-machine.com\/pt\/wp-json\/wp\/v2\/users\/1"}],"wp:featuredmedia":[{"embeddable":true,"href":"https:\/\/meat-machine.com\/pt\/wp-json\/wp\/v2\/media\/646"}],"wp:attachment":[{"href":"https:\/\/meat-machine.com\/pt\/wp-json\/wp\/v2\/media?parent=631"}],"wp:term":[{"taxonomy":"post_tag","embeddable":true,"href":"https:\/\/meat-machine.com\/pt\/wp-json\/wp\/v2\/tags?post=631"},{"taxonomy":"product-type","embeddable":true,"href":"https:\/\/meat-machine.com\/pt\/wp-json\/wp\/v2\/product-type?post=631"}],"curies":[{"name":"wp","href":"https:\/\/api.w.org\/{rel}","templated":true}]}}