{"id":59,"date":"2022-09-07T07:13:04","date_gmt":"2022-09-07T07:13:04","guid":{"rendered":"https:\/\/meat-machine.com\/?post_type=product&#038;p=59"},"modified":"2026-03-20T17:06:19","modified_gmt":"2026-03-20T09:06:19","slug":"maquina-de-cortar-carne","status":"publish","type":"product","link":"https:\/\/meat-machine.com\/pt\/product\/meat-dicing-machine\/","title":{"rendered":"M\u00e1quina de cortar carne | M\u00e1quina comercial de cortar carne"},"content":{"rendered":"<div class=\"kk-star-ratings kksr-auto kksr-align-left kksr-valign-top\"     data-payload='{&quot;align&quot;:&quot;left&quot;,&quot;id&quot;:&quot;59&quot;,&quot;slug&quot;:&quot;default&quot;,&quot;valign&quot;:&quot;top&quot;,&quot;ignore&quot;:&quot;&quot;,&quot;reference&quot;:&quot;auto&quot;,&quot;class&quot;:&quot;&quot;,&quot;count&quot;:&quot;23&quot;,&quot;legendonly&quot;:&quot;&quot;,&quot;readonly&quot;:&quot;&quot;,&quot;score&quot;:&quot;4.3&quot;,&quot;starsonly&quot;:&quot;&quot;,&quot;best&quot;:&quot;5&quot;,&quot;gap&quot;:&quot;5&quot;,&quot;greet&quot;:&quot;Rate this product&quot;,&quot;legend&quot;:&quot;4.3\\\/5 - (23 votes)&quot;,&quot;size&quot;:&quot;24&quot;,&quot;title&quot;:&quot;Meat Dicing Machine | Commercial Meat Dicer Machine&quot;,&quot;width&quot;:&quot;122.2&quot;,&quot;_legend&quot;:&quot;{score}\\\/{best} - ({count} {votes})&quot;,&quot;font_factor&quot;:&quot;1.25&quot;}'>              <div class=\"kksr-stars\">      <div class=\"kksr-stars-inactive\">             <div class=\"kksr-star\" data-star=\"1\" style=\"padding-right: 5px\">               <div class=\"kksr-icon\" style=\"width: 24px; height: 24px;\"><\/div>         <\/div>             <div class=\"kksr-star\" data-star=\"2\" style=\"padding-right: 5px\">               <div class=\"kksr-icon\" style=\"width: 24px; height: 24px;\"><\/div>         <\/div>             <div class=\"kksr-star\" data-star=\"3\" style=\"padding-right: 5px\">               <div class=\"kksr-icon\" style=\"width: 24px; height: 24px;\"><\/div>         <\/div>             <div class=\"kksr-star\" data-star=\"4\" style=\"padding-right: 5px\">               <div class=\"kksr-icon\" style=\"width: 24px; height: 24px;\"><\/div>         <\/div>             <div class=\"kksr-star\" data-star=\"5\" style=\"padding-right: 5px\">               <div class=\"kksr-icon\" style=\"width: 24px; height: 24px;\"><\/div>         <\/div>     <\/div>      <div class=\"kksr-stars-active\" style=\"width: 122.2px;\">             <div class=\"kksr-star\" style=\"padding-right: 5px\">               <div class=\"kksr-icon\" style=\"width: 24px; height: 24px;\"><\/div>         <\/div>             <div class=\"kksr-star\" style=\"padding-right: 5px\">               <div class=\"kksr-icon\" style=\"width: 24px; height: 24px;\"><\/div>         <\/div>             <div class=\"kksr-star\" style=\"padding-right: 5px\">               <div class=\"kksr-icon\" style=\"width: 24px; height: 24px;\"><\/div>         <\/div>             <div class=\"kksr-star\" style=\"padding-right: 5px\">               <div class=\"kksr-icon\" style=\"width: 24px; height: 24px;\"><\/div>         <\/div>             <div class=\"kksr-star\" style=\"padding-right: 5px\">               <div class=\"kksr-icon\" style=\"width: 24px; height: 24px;\"><\/div>         <\/div>     <\/div> <\/div>                   <div class=\"kksr-legend\" style=\"font-size: 19.2px;\">             4,3\/5 - (23 votos)    <\/div>     <\/div>  <p class=\"wp-block-paragraph translation-block\">A <strong>M\u00e1quina de Corte de Carne<\/strong> \u00e9 capaz de processar carne fresca e congelada, oferecendo resultados consistentes e uniformes para uma ampla variedade de aplica\u00e7\u00f5es.<\/p>    <p class=\"wp-block-paragraph\">Esta m\u00e1quina vers\u00e1til pode cortar carne em cubos, tiras, fatias e fios, atendendo a diferentes requisitos de processamento. Suporta tamanhos de mat\u00e9ria-prima de 8,5 cm a 12 cm, e o tamanho de corte \u00e9 ajust\u00e1vel entre 5\u201330 mm, garantindo flexibilidade para v\u00e1rias especifica\u00e7\u00f5es de produto.<\/p>    <p class=\"wp-block-paragraph translation-block\">Com uma capacidade de produ\u00e7\u00e3o de <strong>400\u20131200 kg\/h<\/strong>, a m\u00e1quina melhora significativamente a produtividade enquanto reduz os custos de m\u00e3o-de-obra. Constru\u00edda em a\u00e7o inoxid\u00e1vel de grau aliment\u00edcio, \u00e9 dur\u00e1vel, higi\u00eanica e f\u00e1cil de limpar. A porta de seguran\u00e7a equipada aumenta ainda mais a prote\u00e7\u00e3o do operador durante a opera\u00e7\u00e3o.<\/p>    <p class=\"wp-block-paragraph\">Adequada para processar carne de porco, bovina, cordeiro, frango, pato, fiambre, bem como certos vegetais e frutas, esta m\u00e1quina de corte de carne oferece excelente desempenho e multifuncionalidade, tornando-se uma escolha ideal para opera\u00e7\u00f5es modernas de processamento de alimentos.<\/p>    <figure class=\"wp-block-embed is-type-video is-provider-youtube wp-block-embed-youtube wp-embed-aspect-9-16 wp-has-aspect-ratio\"><div class=\"wp-block-embed__wrapper\"> <iframe loading=\"lazy\" title=\"Meat Cube Cutting Machine for Beef, Chicken &amp; Pork #meat #cutter #chicken #pork #beef\" width=\"422\" height=\"750\" src=\"https:\/\/www.youtube.com\/embed\/Q3hVgoJI4BM?feature=oembed\" frameborder=\"0\" allow=\"accelerometer; autoplay; clipboard-write; encrypted-media; gyroscope; picture-in-picture; web-share\" referrerpolicy=\"strict-origin-when-cross-origin\" allowfullscreen><\/iframe> <\/div><figcaption class=\"wp-element-caption\">v\u00eddeo de funcionamento da m\u00e1quina de corte de carne<\/figcaption><\/figure>    <h2 class=\"wp-block-heading\">Aplica\u00e7\u00f5es da m\u00e1quina de corte de carne<\/h2>    <div class=\"wp-block-media-text is-stacked-on-mobile\"><figure class=\"wp-block-media-text__media\"><img loading=\"lazy\" decoding=\"async\" width=\"720\" height=\"540\" src=\"https:\/\/meat-machine.com\/wp-content\/uploads\/2022\/09\/meat.webp\" alt=\"carne\" class=\"wp-image-610 size-full\" title=\"\" srcset=\"https:\/\/meat-machine.com\/wp-content\/uploads\/2022\/09\/meat.webp 720w, https:\/\/meat-machine.com\/wp-content\/uploads\/2022\/09\/meat-300x225.webp 300w, https:\/\/meat-machine.com\/wp-content\/uploads\/2022\/09\/meat-16x12.webp 16w\" sizes=\"auto, (max-width: 720px) 100vw, 720px\" \/><\/figure><div class=\"wp-block-media-text__content\"> <p class=\"wp-block-paragraph\">A m\u00e1quina de cortar carne em cubos \u00e9 ideal para processar carne congelada, cozida e fresca como porco, vaca, cordeiro, frango, pato e carne de almo\u00e7o. <\/p>    <p class=\"wp-block-paragraph\">Tamb\u00e9m pode processar vegetais e frutas, oferecendo um uso vers\u00e1til no processamento de alimentos. <\/p>    <p class=\"wp-block-paragraph\">Seja como uma m\u00e1quina comercial de cortar frango em cubos ou de cortar vaca em cubos, ela oferece uma solu\u00e7\u00e3o eficiente e confi\u00e1vel.<\/p> <\/div><\/div>    <h2 id=\"h-how-does-the-meat-cube-dicer-work\" class=\"wp-block-heading\">Como funciona o cortador de cubos de carne?<\/h2>    <div class=\"wp-block-media-text has-media-on-the-right is-stacked-on-mobile\"><div class=\"wp-block-media-text__content\"> <ul class=\"wp-block-list\"> <li>Coloque a carne na m\u00e1quina para processamento.<\/li>    <li>A m\u00e1quina utiliza <strong>alta velocidade <a href=\"https:\/\/en.wikipedia.org\/wiki\/Centrifugal_force\" data-type=\"link\" data-id=\"https:\/\/en.wikipedia.org\/wiki\/Centrifugal_force\" target=\"_blank\" rel=\"noopener\">for\u00e7a centr\u00edfuga<\/a><\/strong> junto com l\u00e2minas afiadas para cortar a carne em tiras.<\/li>    <li>A <strong>l\u00e2mina de corte transversal<\/strong> depois corta as tiras em cubos uniformes.<\/li>    <li>Este processo garante que os cubos de carne finais sejam <strong>consistente em tamanho e cortada de forma limpa<\/strong>.<\/li> <\/ul> <\/div><figure class=\"wp-block-media-text__media\"><img loading=\"lazy\" decoding=\"async\" width=\"720\" height=\"540\" src=\"https:\/\/meat-machine.com\/wp-content\/uploads\/2022\/09\/meat-cube-dicer-for-sale.jpg\" alt=\"cortador de cubos de carne para venda\" class=\"wp-image-64 size-full\" title=\"\" srcset=\"https:\/\/meat-machine.com\/wp-content\/uploads\/2022\/09\/meat-cube-dicer-for-sale.jpg 720w, https:\/\/meat-machine.com\/wp-content\/uploads\/2022\/09\/meat-cube-dicer-for-sale-300x225.jpg 300w\" sizes=\"auto, (max-width: 720px) 100vw, 720px\" \/><\/figure><\/div>    <h2 id=\"h-characteristics-of-meat-dicing-machine\" class=\"wp-block-heading\">Caracter\u00edsticas da m\u00e1quina de cortar carne em cubos<\/h2>    <div class=\"wp-block-media-text is-stacked-on-mobile\"><figure class=\"wp-block-media-text__media\"><img loading=\"lazy\" decoding=\"async\" width=\"720\" height=\"540\" src=\"https:\/\/meat-machine.com\/wp-content\/uploads\/2022\/09\/machine-for-making-meat-cubes.webp\" alt=\"m\u00e1quina para fazer cubos de carne\" class=\"wp-image-608 size-full\" title=\"\" srcset=\"https:\/\/meat-machine.com\/wp-content\/uploads\/2022\/09\/machine-for-making-meat-cubes.webp 720w, https:\/\/meat-machine.com\/wp-content\/uploads\/2022\/09\/machine-for-making-meat-cubes-300x225.webp 300w, https:\/\/meat-machine.com\/wp-content\/uploads\/2022\/09\/machine-for-making-meat-cubes-16x12.webp 16w\" sizes=\"auto, (max-width: 720px) 100vw, 720px\" \/><\/figure><div class=\"wp-block-media-text__content\"> <ul class=\"wp-block-list\"> <li>A m\u00e1quina \u00e9 totalmente constru\u00edda a partir de <strong>a\u00e7o inoxid\u00e1vel de grau aliment\u00edcio<\/strong>, garantindo durabilidade, resist\u00eancia \u00e0 corros\u00e3o e altos padr\u00f5es de higiene.<\/li>    <li>Ela pode processar <strong>carne congelada a temperaturas t\u00e3o baixas quanto -6\u00b0C<\/strong>, preservando efetivamente a qualidade do produto durante o corte.<\/li>    <li>O <strong>o tamanho de corte pode ser facilmente ajustado trocando o conjunto de l\u00e2minas<\/strong>, permitindo uma produ\u00e7\u00e3o flex\u00edvel para diferentes especifica\u00e7\u00f5es.<\/li>    <li>Capaz de cortar carne em <strong>cubos, tiras, fios e granulado<\/strong>, atendendo \u00e0s diversas necessidades de processamento.<\/li> <\/ul> <\/div><\/div>    <div class=\"wp-block-media-text has-media-on-the-right is-stacked-on-mobile\"><div class=\"wp-block-media-text__content\"> <ul class=\"wp-block-list\"> <li>Os produtos finais apresentam <strong>tamanho uniforme, superf\u00edcies de corte limpas e sem ader\u00eancia<\/strong>, garantindo uma excelente apar\u00eancia do produto.<\/li>    <li>Componentes principais s\u00e3o projetados para <strong>f\u00e1cil desmontagem<\/strong>, tornando a limpeza e manuten\u00e7\u00e3o simples e eficiente.<\/li>    <li>Equipado com um <strong>sistema de prote\u00e7\u00e3o de seguran\u00e7a<\/strong>, a m\u00e1quina n\u00e3o funcionar\u00e1 quando a porta de sa\u00edda estiver aberta, garantindo a seguran\u00e7a do operador.<\/li> <\/ul> <\/div><figure class=\"wp-block-media-text__media\"><img loading=\"lazy\" decoding=\"async\" width=\"720\" height=\"540\" src=\"https:\/\/meat-machine.com\/wp-content\/uploads\/2022\/09\/meat-dicer.webp\" alt=\"cortador de carne\" class=\"wp-image-609 size-full\" title=\"\" srcset=\"https:\/\/meat-machine.com\/wp-content\/uploads\/2022\/09\/meat-dicer.webp 720w, https:\/\/meat-machine.com\/wp-content\/uploads\/2022\/09\/meat-dicer-300x225.webp 300w, https:\/\/meat-machine.com\/wp-content\/uploads\/2022\/09\/meat-dicer-16x12.webp 16w\" sizes=\"auto, (max-width: 720px) 100vw, 720px\" \/><\/figure><\/div>    <h2 class=\"wp-block-heading\">Par\u00e2metros t\u00e9cnicos da m\u00e1quina comercial de corte de carne<\/h2>    <figure class=\"wp-block-table\"><table class=\"has-fixed-layout\"><thead><tr><th>Modelo<\/th><th>TP-400<\/th><th>TP-600<\/th><\/tr><\/thead><tbody><tr><td>Peso L\u00edquido<\/td><td>290 kg<\/td><td>380 kg<\/td><\/tr><tr><td>Tens\u00e3o<\/td><td>220V 2P \/ 380V 3P<\/td><td>380V<\/td><\/tr><tr><td>Capacidade de Produ\u00e7\u00e3o<\/td><td>400\u20131000 kg\/h<\/td><td>700\u20131200 kg\/h<\/td><\/tr><tr><td>Pot\u00eancia Total<\/td><td>2,5 kW<\/td><td>3,7 kW<\/td><\/tr><tr><td>Dimens\u00f5es (L\u00d7L\u00d7A)<\/td><td>1440\u00d7780\u00d7960 mm<\/td><td>1790\u00d7920\u00d71000 mm<\/td><\/tr><tr><td>Tamanho do funil (L\u00d7W\u00d7H)<\/td><td>85\u00d785\u00d7400 mm<\/td><td>120\u00d7120\u00d7600 mm<\/td><\/tr><tr><td>Op\u00e7\u00f5es de Material<\/td><td>SUS304 \/ 201<\/td><td>SUS304 \/ 201<\/td><\/tr><tr><td>Op\u00e7\u00f5es de Tamanho de Corte<\/td><td>3\/4\/5\/6\/7\/8\/9\/12\/14\/17\/21\/28 mm<\/td><td>5\/6\/7\/8\/9\/10\/11\/12\/13\/15\/17\/20\/24\/30\/40 mm<\/td><\/tr><\/tbody><\/table><figcaption class=\"wp-element-caption\">par\u00e2metros da m\u00e1quina de corte de carne<\/figcaption><\/figure>   <div class=\"wp-block-image\"> <figure class=\"aligncenter size-full\"><img loading=\"lazy\" decoding=\"async\" width=\"720\" height=\"540\" src=\"https:\/\/meat-machine.com\/wp-content\/uploads\/2022\/09\/Meat-Dicing-Machine-factory.webp\" alt=\"F\u00e1brica de M\u00e1quina de Corte de Carne\" class=\"wp-image-1197\" title=\"\" srcset=\"https:\/\/meat-machine.com\/wp-content\/uploads\/2022\/09\/Meat-Dicing-Machine-factory.webp 720w, https:\/\/meat-machine.com\/wp-content\/uploads\/2022\/09\/Meat-Dicing-Machine-factory-300x225.webp 300w, https:\/\/meat-machine.com\/wp-content\/uploads\/2022\/09\/Meat-Dicing-Machine-factory-16x12.webp 16w\" sizes=\"auto, (max-width: 720px) 100vw, 720px\" \/><figcaption class=\"wp-element-caption\">F\u00e1brica de M\u00e1quina de Corte de Carne<\/figcaption><\/figure> <\/div>   <h2 class=\"wp-block-heading\">Como fazer a manuten\u00e7\u00e3o de um cortador de carne?<\/h2>    <p class=\"wp-block-paragraph\">Para garantir o desempenho e a longevidade do seu cortador de carne, torna-se crucial fazer a manuten\u00e7\u00e3o da sua m\u00e1quina. Aqui est\u00e3o algumas dicas para manter sua m\u00e1quina de cortar carne em cubos.<\/p>    <div class=\"wp-block-media-text is-stacked-on-mobile\"><figure class=\"wp-block-media-text__media\"><img loading=\"lazy\" decoding=\"async\" width=\"720\" height=\"540\" src=\"https:\/\/meat-machine.com\/wp-content\/uploads\/2022\/09\/frozen-meat-cutting-machine.webp\" alt=\"m\u00e1quina de corte de carne congelada\" class=\"wp-image-607 size-full\" title=\"\" srcset=\"https:\/\/meat-machine.com\/wp-content\/uploads\/2022\/09\/frozen-meat-cutting-machine.webp 720w, https:\/\/meat-machine.com\/wp-content\/uploads\/2022\/09\/frozen-meat-cutting-machine-300x225.webp 300w, https:\/\/meat-machine.com\/wp-content\/uploads\/2022\/09\/frozen-meat-cutting-machine-16x12.webp 16w\" sizes=\"auto, (max-width: 720px) 100vw, 720px\" \/><\/figure><div class=\"wp-block-media-text__content\"> <ul class=\"wp-block-list\"> <li><strong>Limpeza<\/strong>: desmonte a m\u00e1quina e lave-a cuidadosamente com \u00e1gua morna e detergente para remover res\u00edduos de alimentos.<\/li>    <li><strong>Saneando<\/strong>: aplique um desinfetante de grau aliment\u00edcio regularmente para prevenir o crescimento bacteriano.<\/li>    <li><strong>Lubrificante<\/strong>: use lubrificante de grau aliment\u00edcio em pe\u00e7as apropriadas para garantir opera\u00e7\u00e3o suave.<\/li>    <li><strong>Inspe\u00e7\u00e3o regular<\/strong>: verifique as l\u00e2minas, pe\u00e7as de transmiss\u00e3o e fios quanto ao desgaste ou dano, e substitua-os se necess\u00e1rio.<\/li>    <li><strong>Aperte os parafusos<\/strong>: inspecione os parafusos regularmente, especialmente em \u00e1reas cr\u00edticas de seguran\u00e7a, e aperte-os se estiverem soltos.<\/li> <\/ul> <\/div><\/div>    <h2 class=\"wp-block-heading\">Qual \u00e9 o pre\u00e7o da m\u00e1quina de corte de carne?<\/h2>    <p class=\"wp-block-paragraph\">O pre\u00e7o de uma m\u00e1quina de cortar carne congelada \u00e9 afetado por muitos fatores, como produ\u00e7\u00e3o, dist\u00e2ncia e servi\u00e7os personalizados. Como todos sabemos, o pre\u00e7o das m\u00e1quinas com alto rendimento \u00e9 superior ao das m\u00e1quinas com baixo rendimento. <\/p>    <p class=\"wp-block-paragraph\">O frete, como um dos fatores que afetam o pre\u00e7o da m\u00e1quina, tamb\u00e9m \u00e9 um fator que os compradores precisam considerar. Quanto mais distante o pa\u00eds importador estiver do pa\u00eds exportador, mais caro ser\u00e1 o pre\u00e7o. <\/p>    <p class=\"wp-block-paragraph\">Se quiser saber o pre\u00e7o exato da m\u00e1quina, entre em contato conosco atrav\u00e9s da janela pop-up no canto inferior direito. Entraremos em contato com voc\u00ea o mais breve poss\u00edvel.<\/p>   <div class=\"wp-block-image\"> <figure class=\"aligncenter size-full\"><img loading=\"lazy\" decoding=\"async\" width=\"980\" height=\"375\" src=\"https:\/\/meat-machine.com\/wp-content\/uploads\/2022\/09\/application-of-frozen-meat-dicing-machine.jpg\" alt=\"m\u00e1quina de cortar carne congelada\" class=\"wp-image-61\" title=\"\" srcset=\"https:\/\/meat-machine.com\/wp-content\/uploads\/2022\/09\/application-of-frozen-meat-dicing-machine.jpg 980w, https:\/\/meat-machine.com\/wp-content\/uploads\/2022\/09\/application-of-frozen-meat-dicing-machine-300x115.jpg 300w, https:\/\/meat-machine.com\/wp-content\/uploads\/2022\/09\/application-of-frozen-meat-dicing-machine-768x294.jpg 768w\" sizes=\"auto, (max-width: 980px) 100vw, 980px\" \/><figcaption class=\"wp-element-caption\">m\u00e1quina de cortar carne congelada<\/figcaption><\/figure> <\/div>   <h2 class=\"wp-block-heading\">Um caso de sucesso de m\u00e1quina comercial de corte de carne em cubos<\/h2>    <p class=\"wp-block-paragraph\">Um cliente da Indon\u00e9sia tem uma f\u00e1brica de processamento de carne em sua regi\u00e3o. \u00c0 medida que o neg\u00f3cio cresce, ele quer comprar uma m\u00e1quina de cortar carne em cubos para ajudar na produ\u00e7\u00e3o. <\/p>    <p class=\"wp-block-paragraph\">Ele encontrou tr\u00eas fabricantes de m\u00e1quinas de carne por meio do Google. Ap\u00f3s um longo per\u00edodo de compara\u00e7\u00e3o e entendimento, ele decidiu comprar a m\u00e1quina da nossa empresa. Porque o material, o p\u00f3s-venda e a capacidade de produ\u00e7\u00e3o da nossa m\u00e1quina atendem \u00e0s suas necessidades. <\/p>    <p class=\"wp-block-paragraph\">A m\u00e1quina foi enviada para Qingdao em novembro de 2025. Em dezembro de 2025, recebemos feedback do cliente. O cliente est\u00e1 muito satisfeito com o efeito de trabalho desta m\u00e1quina.<\/p>    <figure class=\"wp-block-gallery has-nested-images columns-default is-cropped wp-block-gallery-2 is-layout-flex wp-block-gallery-is-layout-flex\"> <figure class=\"wp-block-image size-large\"><img loading=\"lazy\" decoding=\"async\" width=\"720\" height=\"540\" data-id=\"536\" src=\"https:\/\/meat-machine.com\/wp-content\/uploads\/2024\/01\/shipment-picture-1.webp\" alt=\"m\u00e1quina de cortar carne em cubos enviada para a Indon\u00e9sia\" class=\"wp-image-536\" title=\"\" srcset=\"https:\/\/meat-machine.com\/wp-content\/uploads\/2024\/01\/shipment-picture-1.webp 720w, https:\/\/meat-machine.com\/wp-content\/uploads\/2024\/01\/shipment-picture-1-300x225.webp 300w\" sizes=\"auto, (max-width: 720px) 100vw, 720px\" \/><figcaption class=\"wp-element-caption\">M\u00e1quina de cortar carne enviada para a Indon\u00e9sia<\/figcaption><\/figure>    <figure class=\"wp-block-image size-large\"><img loading=\"lazy\" decoding=\"async\" width=\"720\" height=\"540\" data-id=\"537\" src=\"https:\/\/meat-machine.com\/wp-content\/uploads\/2024\/01\/shipment-picture-2-1.webp\" alt=\"imagem da embalagem\" class=\"wp-image-537\" title=\"\" srcset=\"https:\/\/meat-machine.com\/wp-content\/uploads\/2024\/01\/shipment-picture-2-1.webp 720w, https:\/\/meat-machine.com\/wp-content\/uploads\/2024\/01\/shipment-picture-2-1-300x225.webp 300w\" sizes=\"auto, (max-width: 720px) 100vw, 720px\" \/><figcaption class=\"wp-element-caption\">Imagem da embalagem<\/figcaption><\/figure> <\/figure>    <h2 class=\"wp-block-heading\">Conclus\u00e3o<\/h2>    <p class=\"wp-block-paragraph translation-block\"><strong>Contacte-nos agora<\/strong> para obter o melhor <em>pre\u00e7o da M\u00e1quina de Corte de Carne<\/em>, especifica\u00e7\u00f5es detalhadas e solu\u00e7\u00f5es personalizadas com base nas suas necessidades de produ\u00e7\u00e3o. Nossa equipe experiente fornecer\u00e1 suporte profissional desde a sele\u00e7\u00e3o da m\u00e1quina at\u00e9 a instala\u00e7\u00e3o e o servi\u00e7o p\u00f3s-venda.<\/p>    <p class=\"wp-block-paragraph translation-block\">Tamb\u00e9m oferecemos uma gama completa de <strong><a href=\"https:\/\/meat-machine.com\/pt\/produtos\/moedor-de-carne\/\" data-type=\"link\" data-id=\"https:\/\/meat-machine.com\/products\/meat-grinder\/\">equipamentos de processamento de carne<\/a><\/strong>. Bem-vindo a consultar a nossa linha completa de produtos para construir uma solu\u00e7\u00e3o de processamento de carne eficiente e rent\u00e1vel.<\/p>    <figure class=\"wp-block-gallery has-nested-images columns-default is-cropped wp-block-gallery-3 is-layout-flex wp-block-gallery-is-layout-flex\"> <figure class=\"wp-block-image size-large\"><img loading=\"lazy\" decoding=\"async\" width=\"720\" height=\"540\" data-id=\"1200\" src=\"https:\/\/meat-machine.com\/wp-content\/uploads\/2022\/09\/Meat-Dicing-Machine-supplier.webp\" alt=\"F\u00e1brica de m\u00e1quinas de corte de carne\" class=\"wp-image-1200\" title=\"\" srcset=\"https:\/\/meat-machine.com\/wp-content\/uploads\/2022\/09\/Meat-Dicing-Machine-supplier.webp 720w, https:\/\/meat-machine.com\/wp-content\/uploads\/2022\/09\/Meat-Dicing-Machine-supplier-300x225.webp 300w, https:\/\/meat-machine.com\/wp-content\/uploads\/2022\/09\/Meat-Dicing-Machine-supplier-16x12.webp 16w\" sizes=\"auto, (max-width: 720px) 100vw, 720px\" \/><figcaption class=\"wp-element-caption\">Fornecedor de M\u00e1quina de Corte de Carne<\/figcaption><\/figure>    <figure class=\"wp-block-image size-large\"><img loading=\"lazy\" decoding=\"async\" width=\"720\" height=\"540\" data-id=\"1199\" src=\"https:\/\/meat-machine.com\/wp-content\/uploads\/2022\/09\/meat-cube.webp\" alt=\"meat cube\" class=\"wp-image-1199\" title=\"\" srcset=\"https:\/\/meat-machine.com\/wp-content\/uploads\/2022\/09\/meat-cube.webp 720w, https:\/\/meat-machine.com\/wp-content\/uploads\/2022\/09\/meat-cube-300x225.webp 300w, https:\/\/meat-machine.com\/wp-content\/uploads\/2022\/09\/meat-cube-16x12.webp 16w\" sizes=\"auto, (max-width: 720px) 100vw, 720px\" \/><figcaption class=\"wp-element-caption\">Cubos de Carne<\/figcaption><\/figure> <\/figure>","protected":false},"excerpt":{"rendered":"<p>A M\u00e1quina de Cortar Carne em Cubos \u00e9 capaz de processar carne fresca e congelada, proporcionando resultados consistentes e uniformes para uma vasta gama de aplica\u00e7\u00f5es.<\/p>","protected":false},"author":1,"featured_media":62,"parent":0,"template":"","tags":[31,22],"product-type":[2],"class_list":["post-59","product","type-product","status-publish","has-post-thumbnail","hentry","tag-making-meat-cube","tag-meat-dicing-machine","product-type-meat-cutting-machine"],"_links":{"self":[{"href":"https:\/\/meat-machine.com\/pt\/wp-json\/wp\/v2\/product\/59","targetHints":{"allow":["GET"]}}],"collection":[{"href":"https:\/\/meat-machine.com\/pt\/wp-json\/wp\/v2\/product"}],"about":[{"href":"https:\/\/meat-machine.com\/pt\/wp-json\/wp\/v2\/types\/product"}],"author":[{"embeddable":true,"href":"https:\/\/meat-machine.com\/pt\/wp-json\/wp\/v2\/users\/1"}],"wp:featuredmedia":[{"embeddable":true,"href":"https:\/\/meat-machine.com\/pt\/wp-json\/wp\/v2\/media\/62"}],"wp:attachment":[{"href":"https:\/\/meat-machine.com\/pt\/wp-json\/wp\/v2\/media?parent=59"}],"wp:term":[{"taxonomy":"post_tag","embeddable":true,"href":"https:\/\/meat-machine.com\/pt\/wp-json\/wp\/v2\/tags?post=59"},{"taxonomy":"product-type","embeddable":true,"href":"https:\/\/meat-machine.com\/pt\/wp-json\/wp\/v2\/product-type?post=59"}],"curies":[{"name":"wp","href":"https:\/\/api.w.org\/{rel}","templated":true}]}}