{"id":510,"date":"2024-01-23T16:05:49","date_gmt":"2024-01-23T08:05:49","guid":{"rendered":"https:\/\/meat-machine.com\/?post_type=product&#038;p=510"},"modified":"2025-08-08T18:27:34","modified_gmt":"2025-08-08T10:27:34","slug":"linha-de-producao-de-hamburguer","status":"publish","type":"product","link":"https:\/\/meat-machine.com\/pt\/product\/burger-patty-production-line\/","title":{"rendered":"Linha de produ\u00e7\u00e3o de hamb\u00fargueres para fazer hamb\u00fargueres de carne, hamb\u00fargueres vegetarianos"},"content":{"rendered":"<div class=\"kk-star-ratings kksr-auto kksr-align-left kksr-valign-top\"     data-payload='{&quot;align&quot;:&quot;left&quot;,&quot;id&quot;:&quot;510&quot;,&quot;slug&quot;:&quot;default&quot;,&quot;valign&quot;:&quot;top&quot;,&quot;ignore&quot;:&quot;&quot;,&quot;reference&quot;:&quot;auto&quot;,&quot;class&quot;:&quot;&quot;,&quot;count&quot;:&quot;26&quot;,&quot;legendonly&quot;:&quot;&quot;,&quot;readonly&quot;:&quot;&quot;,&quot;score&quot;:&quot;4.8&quot;,&quot;starsonly&quot;:&quot;&quot;,&quot;best&quot;:&quot;5&quot;,&quot;gap&quot;:&quot;5&quot;,&quot;greet&quot;:&quot;Rate this product&quot;,&quot;legend&quot;:&quot;4.8\\\/5 - (26 votes)&quot;,&quot;size&quot;:&quot;24&quot;,&quot;title&quot;:&quot;Burger Patty Production Line for Making Meat Patties, Vegetarian Patties&quot;,&quot;width&quot;:&quot;136.7&quot;,&quot;_legend&quot;:&quot;{score}\\\/{best} - ({count} {votes})&quot;,&quot;font_factor&quot;:&quot;1.25&quot;}'>              <div class=\"kksr-stars\">      <div class=\"kksr-stars-inactive\">             <div class=\"kksr-star\" data-star=\"1\" style=\"padding-right: 5px\">               <div class=\"kksr-icon\" style=\"width: 24px; height: 24px;\"><\/div>         <\/div>             <div class=\"kksr-star\" data-star=\"2\" style=\"padding-right: 5px\">               <div class=\"kksr-icon\" style=\"width: 24px; height: 24px;\"><\/div>         <\/div>             <div class=\"kksr-star\" data-star=\"3\" style=\"padding-right: 5px\">               <div class=\"kksr-icon\" style=\"width: 24px; height: 24px;\"><\/div>         <\/div>             <div class=\"kksr-star\" data-star=\"4\" style=\"padding-right: 5px\">               <div class=\"kksr-icon\" style=\"width: 24px; height: 24px;\"><\/div>         <\/div>             <div class=\"kksr-star\" data-star=\"5\" style=\"padding-right: 5px\">               <div class=\"kksr-icon\" style=\"width: 24px; height: 24px;\"><\/div>         <\/div>     <\/div>      <div class=\"kksr-stars-active\" style=\"width: 136.7px;\">             <div class=\"kksr-star\" style=\"padding-right: 5px\">               <div class=\"kksr-icon\" style=\"width: 24px; height: 24px;\"><\/div>         <\/div>             <div class=\"kksr-star\" style=\"padding-right: 5px\">               <div class=\"kksr-icon\" style=\"width: 24px; height: 24px;\"><\/div>         <\/div>             <div class=\"kksr-star\" style=\"padding-right: 5px\">               <div class=\"kksr-icon\" style=\"width: 24px; height: 24px;\"><\/div>         <\/div>             <div class=\"kksr-star\" style=\"padding-right: 5px\">               <div class=\"kksr-icon\" style=\"width: 24px; height: 24px;\"><\/div>         <\/div>             <div class=\"kksr-star\" style=\"padding-right: 5px\">               <div class=\"kksr-icon\" style=\"width: 24px; height: 24px;\"><\/div>         <\/div>     <\/div> <\/div>                   <div class=\"kksr-legend\" style=\"font-size: 19.2px;\">             4,8\/5 - (26 votos)    <\/div>     <\/div>  <p class=\"wp-block-paragraph\">A Linha de Produ\u00e7\u00e3o de Hamb\u00fargueres \u00e9 um sistema de produ\u00e7\u00e3o altamente eficiente e automatizado, projetado para a fabrica\u00e7\u00e3o em larga escala de hamb\u00fargueres de carne e \u00e0 base de plantas. <\/p>    <p class=\"wp-block-paragraph\">Esta linha de produ\u00e7\u00e3o normalmente inclui processos como moagem de carne, moldagem, empanamento (por exemplo, empanamento, cobertura com migalhas de p\u00e3o), fritura, remo\u00e7\u00e3o de \u00f3leo e embalagem, permitindo uma opera\u00e7\u00e3o simplificada de um s\u00f3 lugar que melhora significativamente a efici\u00eancia da produ\u00e7\u00e3o e a consist\u00eancia do produto. <\/p>    <p class=\"wp-block-paragraph\">Os equipamentos s\u00e3o geralmente feitos de a\u00e7o inoxid\u00e1vel de grau aliment\u00edcio, atendendo aos padr\u00f5es de higiene, e permitem controle preciso sobre o tamanho, forma e espessura dos hamb\u00fargueres. Eles podem lidar com uma variedade de mat\u00e9rias-primas, como carne bovina, frango, peixe, vegetais e produtos de soja para atender tanto os mercados de carne quanto os vegetarianos.<\/p>    <figure class=\"wp-block-embed is-type-video is-provider-youtube wp-block-embed-youtube wp-embed-aspect-16-9 wp-has-aspect-ratio\"><div class=\"wp-block-embed__wrapper\"> <iframe loading=\"lazy\" title=\"M\u00e1quina Autom\u00e1tica de Prepara\u00e7\u00e3o de Hamb\u00farguer\u2026 Patty para Produ\u00e7\u00e3o de Fast Food #burger #meat #foodprocessing\" width=\"500\" height=\"281\" src=\"https:\/\/www.youtube.com\/embed\/bq-CJ3gIBmE?feature=oembed\" frameborder=\"0\" allow=\"accelerometer; autoplay; clipboard-write; encrypted-media; gyroscope; picture-in-picture; web-share\" referrerpolicy=\"strict-origin-when-cross-origin\" allowfullscreen><\/iframe> <\/div><figcaption class=\"wp-element-caption\">v\u00eddeo de trabalho da m\u00e1quina de fazer hamb\u00fargueres<\/figcaption><\/figure>    <h2 class=\"wp-block-heading\">M\u00e1quinas para fazer hamb\u00fargueres<\/h2>    <div class=\"wp-block-media-text is-stacked-on-mobile\"><figure class=\"wp-block-media-text__media\"><img loading=\"lazy\" decoding=\"async\" width=\"720\" height=\"540\" src=\"https:\/\/meat-machine.com\/wp-content\/uploads\/2024\/01\/commercial-meat-chopper-machine.webp\" alt=\"m\u00e1quina picadora de carne comercial\" class=\"wp-image-520 size-full\" title=\"\" srcset=\"https:\/\/meat-machine.com\/wp-content\/uploads\/2024\/01\/commercial-meat-chopper-machine.webp 720w, https:\/\/meat-machine.com\/wp-content\/uploads\/2024\/01\/commercial-meat-chopper-machine-300x225.webp 300w\" sizes=\"auto, (max-width: 720px) 100vw, 720px\" \/><\/figure><div class=\"wp-block-media-text__content\"> <p class=\"wp-block-paragraph translation-block\"><strong>M\u00e1quina de corte de carne comercial<\/strong><\/p>    <p class=\"wp-block-paragraph\">Ela rapidamente m\u00f3i carne crua em forma de carne mo\u00edda e a mistura com ingredientes e \u00e1gua, garantindo uma distribui\u00e7\u00e3o uniforme para uma textura consistente do hamb\u00farguer.<\/p> <\/div><\/div>    <div class=\"wp-block-media-text has-media-on-the-right is-stacked-on-mobile\"><div class=\"wp-block-media-text__content\"> <p class=\"wp-block-paragraph translation-block\"><strong>M\u00e1quina de moldar hamb\u00fargueres<\/strong><\/p>    <p class=\"wp-block-paragraph translation-block\">A <a href=\"https:\/\/meat-machine.com\/pt\/produto\/fabricante-de-hamburguer-comercial\/\" data-type=\"link\" data-id=\"https:\/\/meat-machine.com\/product\/commercial-burger-patty-maker\/\">m\u00e1quina de moldar hamb\u00fargueres<\/a> pode rapidamente e eficientemente moldar carne mo\u00edda misturada em hamb\u00fargueres uniformes com tamanho e forma consistentes. <\/p>    <p class=\"wp-block-paragraph\">Seu processo automatizado melhora a velocidade de produ\u00e7\u00e3o e permite controle preciso sobre o tamanho, espessura e forma do hamb\u00farguer para atender a diferentes necessidades dos clientes.<\/p> <\/div><figure class=\"wp-block-media-text__media\"><img loading=\"lazy\" decoding=\"async\" width=\"720\" height=\"540\" src=\"https:\/\/meat-machine.com\/wp-content\/uploads\/2022\/09\/automatic-meat-patty-forming-machine.webp\" alt=\"m\u00e1quina autom\u00e1tica de fazer hamb\u00fargueres\" class=\"wp-image-310 size-full\" title=\"\" srcset=\"https:\/\/meat-machine.com\/wp-content\/uploads\/2022\/09\/automatic-meat-patty-forming-machine.webp 720w, https:\/\/meat-machine.com\/wp-content\/uploads\/2022\/09\/automatic-meat-patty-forming-machine-300x225.webp 300w\" sizes=\"auto, (max-width: 720px) 100vw, 720px\" \/><\/figure><\/div>    <div class=\"wp-block-media-text is-stacked-on-mobile\"><figure class=\"wp-block-media-text__media\"><img loading=\"lazy\" decoding=\"async\" width=\"720\" height=\"540\" src=\"https:\/\/meat-machine.com\/wp-content\/uploads\/2024\/01\/starching-machien-and-crumb-breading-machine.webp\" alt=\"m\u00e1quina de engomar e empanar migalhas\" class=\"wp-image-527 size-full\" title=\"\" srcset=\"https:\/\/meat-machine.com\/wp-content\/uploads\/2024\/01\/starching-machien-and-crumb-breading-machine.webp 720w, https:\/\/meat-machine.com\/wp-content\/uploads\/2024\/01\/starching-machien-and-crumb-breading-machine-300x225.webp 300w\" sizes=\"auto, (max-width: 720px) 100vw, 720px\" \/><\/figure><div class=\"wp-block-media-text__content\"> <p class=\"wp-block-paragraph translation-block\"><strong>M\u00e1quina de empanar com amido<\/strong><\/p>    <p class=\"wp-block-paragraph\">A m\u00e1quina de empanar com amido pode adicionar diferentes sabores. Ela cobre uniformemente os hamb\u00fargueres com l\u00edquido ou pasta saborizada, melhorando o sabor. <\/p>    <p class=\"wp-block-paragraph\">Equipado com um dispositivo de ar para remover o excesso de cobertura, permite o ajuste das receitas e quantidades de cobertura para personalizar sabores para v\u00e1rios mercados e prefer\u00eancias dos consumidores.<\/p> <\/div><\/div>    <div class=\"wp-block-media-text has-media-on-the-right is-stacked-on-mobile\"><div class=\"wp-block-media-text__content\"> <p class=\"wp-block-paragraph translation-block\"><strong>M\u00e1quina de empanar com migalhas de p\u00e3o<\/strong><\/p>    <p class=\"wp-block-paragraph\">M\u00e1quinas de empanar com migalhas de p\u00e3o cobrem hamb\u00fargueres com migalhas de p\u00e3o, melhorando sua apar\u00eancia, textura e sabor. <\/p>    <p class=\"wp-block-paragraph\">Este passo \u00e9 crucial para tornar o produto mais atraente nos mercados de fast food e restaurantes.<\/p> <\/div><figure class=\"wp-block-media-text__media\"><img loading=\"lazy\" decoding=\"async\" width=\"720\" height=\"540\" src=\"https:\/\/meat-machine.com\/wp-content\/uploads\/2024\/01\/Crumb-breading-machine.webp\" alt=\"M\u00e1quina de empanar migalhas\" class=\"wp-image-857 size-full\" title=\"\" srcset=\"https:\/\/meat-machine.com\/wp-content\/uploads\/2024\/01\/Crumb-breading-machine.webp 720w, https:\/\/meat-machine.com\/wp-content\/uploads\/2024\/01\/Crumb-breading-machine-300x225.webp 300w, https:\/\/meat-machine.com\/wp-content\/uploads\/2024\/01\/Crumb-breading-machine-16x12.webp 16w\" sizes=\"auto, (max-width: 720px) 100vw, 720px\" \/><\/figure><\/div>    <div class=\"wp-block-media-text is-stacked-on-mobile\"><figure class=\"wp-block-media-text__media\"><img loading=\"lazy\" decoding=\"async\" width=\"720\" height=\"540\" src=\"https:\/\/meat-machine.com\/wp-content\/uploads\/2024\/01\/frying-machine.webp\" alt=\"m\u00e1quina de fritar\" class=\"wp-image-523 size-full\" title=\"\" srcset=\"https:\/\/meat-machine.com\/wp-content\/uploads\/2024\/01\/frying-machine.webp 720w, https:\/\/meat-machine.com\/wp-content\/uploads\/2024\/01\/frying-machine-300x225.webp 300w\" sizes=\"auto, (max-width: 720px) 100vw, 720px\" \/><\/figure><div class=\"wp-block-media-text__content\"> <p class=\"wp-block-paragraph translation-block\"><strong>M\u00e1quina de fritar<\/strong><\/p>    <p class=\"wp-block-paragraph\">M\u00e1quinas de fritar cozinham hamb\u00fargueres de carne at\u00e9 o ponto desejado, criando uma camada externa crocante enquanto mant\u00eam o interior \u00famido e suculento. <\/p> <\/div><\/div>    <div class=\"wp-block-media-text has-media-on-the-right is-stacked-on-mobile\"><div class=\"wp-block-media-text__content\"> <p class=\"wp-block-paragraph translation-block\"><strong>M\u00e1quina de desengorduramento vibrat\u00f3rio<\/strong><\/p>    <p class=\"wp-block-paragraph\">O desengordurador vibrat\u00f3rio remove o excesso de gordura da superf\u00edcie dos hamb\u00fargueres fritos por vibra\u00e7\u00e3o. <\/p>    <p class=\"wp-block-paragraph\">Ao remover a gordura excessiva, garante que o produto final n\u00e3o fique muito gorduroso devido ao excesso de gordura.<\/p> <\/div><figure class=\"wp-block-media-text__media\"><img loading=\"lazy\" decoding=\"async\" width=\"720\" height=\"540\" src=\"https:\/\/meat-machine.com\/wp-content\/uploads\/2024\/01\/vibratory-degreasing-machine.webp\" alt=\"m\u00e1quina desengordurante vibrat\u00f3ria\" class=\"wp-image-529 size-full\" title=\"\" srcset=\"https:\/\/meat-machine.com\/wp-content\/uploads\/2024\/01\/vibratory-degreasing-machine.webp 720w, https:\/\/meat-machine.com\/wp-content\/uploads\/2024\/01\/vibratory-degreasing-machine-300x225.webp 300w\" sizes=\"auto, (max-width: 720px) 100vw, 720px\" \/><\/figure><\/div>    <div class=\"wp-block-media-text is-stacked-on-mobile\"><figure class=\"wp-block-media-text__media\"><img loading=\"lazy\" decoding=\"async\" width=\"720\" height=\"540\" src=\"https:\/\/meat-machine.com\/wp-content\/uploads\/2024\/01\/vacuum-meat-packaging-machine.webp\" alt=\"m\u00e1quina de embalagem de carne a v\u00e1cuo\" class=\"wp-image-528 size-full\" title=\"\" srcset=\"https:\/\/meat-machine.com\/wp-content\/uploads\/2024\/01\/vacuum-meat-packaging-machine.webp 720w, https:\/\/meat-machine.com\/wp-content\/uploads\/2024\/01\/vacuum-meat-packaging-machine-300x225.webp 300w\" sizes=\"auto, (max-width: 720px) 100vw, 720px\" \/><\/figure><div class=\"wp-block-media-text__content\"> <p class=\"wp-block-paragraph translation-block\"><strong>M\u00e1quina de embalagem a v\u00e1cuo de carne<\/strong><\/p>    <p class=\"wp-block-paragraph translation-block\">A <a href=\"https:\/\/meat-machine.com\/pt\/produto\/maquina-de-embalagem-a-vacuo-de-carne\/\">m\u00e1quina de embalagem a v\u00e1cuo<\/a> \u00e9 o passo final na linha de produ\u00e7\u00e3o de hamb\u00fargueres. Ela prolonga a vida \u00fatil ao remover o ar da embalagem. <\/p>    <p class=\"wp-block-paragraph\">A Taizy Meat Machinery oferece m\u00e1quinas de embalagem a v\u00e1cuo de c\u00e2mara \u00fanica e de c\u00e2mara dupla.<\/p> <\/div><\/div>    <h2 class=\"wp-block-heading\">Benef\u00edcios da linha de produ\u00e7\u00e3o de hamb\u00fargueres<\/h2>    <div class=\"wp-block-media-text has-media-on-the-right is-stacked-on-mobile\"><div class=\"wp-block-media-text__content\"> <ol class=\"wp-block-list\"> <li>A linha de produ\u00e7\u00e3o oferece um alto grau de automa\u00e7\u00e3o para opera\u00e7\u00e3o eficiente e consistente.<\/li>    <li>M\u00e1quinas e moldes podem ser personalizados para atender a necessidades espec\u00edficas dos clientes.<\/li>    <li>Todo o equipamento \u00e9 feito de a\u00e7o inoxid\u00e1vel de grau aliment\u00edcio para garantir seguran\u00e7a e higiene.<\/li>    <li>A linha inclui m\u00faltiplos m\u00f3dulos funcionais, permitindo uma produ\u00e7\u00e3o vers\u00e1til e abrangente de hamb\u00fargueres.<\/li>    <li>O design simples do equipamento permite f\u00e1cil limpeza e manuten\u00e7\u00e3o.<\/li> <\/ol> <\/div><figure class=\"wp-block-media-text__media\"><img loading=\"lazy\" decoding=\"async\" width=\"720\" height=\"540\" src=\"https:\/\/meat-machine.com\/wp-content\/uploads\/2024\/01\/burger-patty-production-line.webp\" alt=\"linha de produ\u00e7\u00e3o de hamb\u00farguer\" class=\"wp-image-519 size-full\" title=\"\" srcset=\"https:\/\/meat-machine.com\/wp-content\/uploads\/2024\/01\/burger-patty-production-line.webp 720w, https:\/\/meat-machine.com\/wp-content\/uploads\/2024\/01\/burger-patty-production-line-300x225.webp 300w\" sizes=\"auto, (max-width: 720px) 100vw, 720px\" \/><\/figure><\/div>    <h2 class=\"wp-block-heading\">Aplica\u00e7\u00e3o de linha de produ\u00e7\u00e3o de hamb\u00farguer<\/h2>    <p class=\"wp-block-paragraph\">A linha de produ\u00e7\u00e3o de hamb\u00fargueres pode produzir diferentes formatos de produtos, alterando diferentes moldes. Voc\u00ea pode usar essas m\u00e1quinas de hamb\u00farguer para produzir hamb\u00fargueres, nuggets de frango, hamb\u00fargueres de peixe, hamb\u00fargueres vegetarianos, hamb\u00fargueres de batata, hamb\u00fargueres de vegetais, hamb\u00fargueres de ab\u00f3bora, hamb\u00fargueres de lula, costeletas, etc.<\/p>    <div class=\"wp-block-media-text is-stacked-on-mobile\"><figure class=\"wp-block-media-text__media\"><img loading=\"lazy\" decoding=\"async\" width=\"720\" height=\"540\" src=\"https:\/\/meat-machine.com\/wp-content\/uploads\/2024\/01\/finished-products.webp\" alt=\"produtos finalizados\" class=\"wp-image-521 size-full\" title=\"\" srcset=\"https:\/\/meat-machine.com\/wp-content\/uploads\/2024\/01\/finished-products.webp 720w, https:\/\/meat-machine.com\/wp-content\/uploads\/2024\/01\/finished-products-300x225.webp 300w\" sizes=\"auto, (max-width: 720px) 100vw, 720px\" \/><\/figure><div class=\"wp-block-media-text__content\"> <ul class=\"wp-block-list\"> <li>Carne de frango, <a href=\"https:\/\/en.wikipedia.org\/wiki\/Beef\" target=\"_blank\" rel=\"noopener\">carne bovina<\/a>, cordeiro, porco, etc.<\/li>    <li>Produtos aqu\u00e1ticos: peixes, camar\u00f5es, lulas, salm\u00e3o, carapau, etc.<\/li>    <li>Legumes: batata, batata doce, ab\u00f3bora, cenoura, feij\u00e3o verde, feij\u00e3o vermelho, fava, soja, castanha de caju, etc.<\/li>    <li>Al\u00e9m disso, nossa linha de produ\u00e7\u00e3o de hamb\u00fargueres de carne tamb\u00e9m pode produzir outros tipos de hamb\u00fargueres.<\/li> <\/ul> <\/div><\/div>    <h2 class=\"wp-block-heading\">Par\u00e2metros do equipamento de fabrica\u00e7\u00e3o de hamb\u00fargueres<\/h2>    <figure class=\"wp-block-table\"><table><tbody><tr><td>Nome da maquina<\/td><td>Capacidade<\/td><td>Poder<\/td><td>Tens\u00e3o<\/td><td>Material<\/td><\/tr><tr><td>M\u00e1quina picadora de carne<\/td><td>20kg\/lote<\/td><td>5,5 kW<\/td><td>380 V 50 Hz<\/td><td>304ss<\/td><\/tr><tr><td>Fabricante comercial de hamb\u00fargueres<\/td><td>2100 unidades\/h<\/td><td>0,55 kW<\/td><td>220v,50hz<\/td><td>304ss<\/td><\/tr><tr><td>M\u00e1quina de engomar<\/td><td>\/<\/td><td>0,62 kW<\/td><td>380 V, 50 Hz<\/td><td>304ss<\/td><\/tr><tr><td>M\u00e1quina de fritar Patty<\/td><td>\/<\/td><td>36 kW<\/td><td>480v 60hz<\/td><td>304ss<\/td><\/tr><tr><td>Filtro de \u00f3leo vibrat\u00f3rio<\/td><td>\/<\/td><td>\/<\/td><td>480v 60hz<\/td><td>304ss<\/td><\/tr><tr><td>M\u00e1quina de embalagem a v\u00e1cuo de carne<\/td><td>\/<\/td><td>2,25 kW<\/td><td>380 V, 50 Hz<\/td><td>304ss<\/td><\/tr><\/tbody><\/table><figcaption class=\"wp-element-caption\">par\u00e2metros da linha de produ\u00e7\u00e3o de hamb\u00fargueres<\/figcaption><\/figure>    <p class=\"wp-block-paragraph\">Cada equipamento para fazer hamb\u00farguer possui par\u00e2metros espec\u00edficos correspondentes. De acordo com a tabela acima, voc\u00ea pode obter algumas informa\u00e7\u00f5es sobre esta linha de produ\u00e7\u00e3o de hamb\u00fargueres. Se voc\u00ea quiser saber mais sobre a linha de produ\u00e7\u00e3o de hamb\u00fargueres de carne, entre em contato conosco atrav\u00e9s da janela pop-up no canto inferior direito.<\/p>   <div class=\"wp-block-image\"> <figure class=\"aligncenter size-full\"><img loading=\"lazy\" decoding=\"async\" width=\"720\" height=\"540\" src=\"https:\/\/meat-machine.com\/wp-content\/uploads\/2022\/09\/the-machine-can-make-meat-patties-of-different-shapes.webp\" alt=\"m\u00e1quina para fazer hamb\u00fargueres\" class=\"wp-image-143\" title=\"\" srcset=\"https:\/\/meat-machine.com\/wp-content\/uploads\/2022\/09\/the-machine-can-make-meat-patties-of-different-shapes.webp 720w, https:\/\/meat-machine.com\/wp-content\/uploads\/2022\/09\/the-machine-can-make-meat-patties-of-different-shapes-300x225.webp 300w\" sizes=\"auto, (max-width: 720px) 100vw, 720px\" \/><figcaption class=\"wp-element-caption\">m\u00e1quina para fazer hamb\u00fargueres<\/figcaption><\/figure> <\/div>   <h2 class=\"wp-block-heading\">Qual \u00e9 o pre\u00e7o da linha de produ\u00e7\u00e3o de hamb\u00farguer?<\/h2>    <p class=\"wp-block-paragraph\">O pre\u00e7o da linha de produ\u00e7\u00e3o de hamb\u00fargueres depende de fatores como tamanho, configura\u00e7\u00e3o, tecnologia, materiais, dist\u00e2ncia e impostos. Devido a essas vari\u00e1veis, n\u00e3o podemos fornecer um pre\u00e7o espec\u00edfico aqui. <\/p>    <p class=\"wp-block-paragraph\">Para um or\u00e7amento detalhado e um plano personalizado, entre em contato conosco usando as informa\u00e7\u00f5es no canto inferior direito. N\u00f3s adaptaremos a oferta \u00e0s suas necessidades e escala de produ\u00e7\u00e3o.<\/p>   <div class=\"wp-block-image\"> <figure class=\"aligncenter size-full\"><img loading=\"lazy\" decoding=\"async\" width=\"720\" height=\"540\" src=\"https:\/\/meat-machine.com\/wp-content\/uploads\/2024\/01\/hamburger-patty.webp\" alt=\"hamb\u00farguer\" class=\"wp-image-530\" title=\"\" srcset=\"https:\/\/meat-machine.com\/wp-content\/uploads\/2024\/01\/hamburger-patty.webp 720w, https:\/\/meat-machine.com\/wp-content\/uploads\/2024\/01\/hamburger-patty-300x225.webp 300w\" sizes=\"auto, (max-width: 720px) 100vw, 720px\" \/><figcaption class=\"wp-element-caption\">hamb\u00farguer<\/figcaption><\/figure> <\/div>   <h2 class=\"wp-block-heading\">Conclus\u00e3o<\/h2>    <p class=\"wp-block-paragraph\">A Linha de Produ\u00e7\u00e3o de Hamb\u00fargueres integra m\u00e1quinas avan\u00e7adas\u2014desde o corte de carne e moldagem de hamb\u00fargueres at\u00e9 o empanamento, fritura e embalagem a v\u00e1cuo\u2014garantindo produ\u00e7\u00e3o eficiente, consistente e de alta qualidade. <\/p>    <p class=\"wp-block-paragraph\">Com configura\u00e7\u00f5es personaliz\u00e1veis e processos automatizados, esta linha de produ\u00e7\u00e3o atende a diversas demandas do mercado, ajudando os fabricantes a oferecer hamb\u00fargueres deliciosos e visualmente atraentes que satisfazem os consumidores e impulsionam o sucesso dos neg\u00f3cios.<\/p>","protected":false},"excerpt":{"rendered":"<p>A Linha de Produ\u00e7\u00e3o de Hamb\u00fargueres \u00e9 um sistema de produ\u00e7\u00e3o altamente eficiente e automatizado, projetado para a fabrica\u00e7\u00e3o em larga escala de hamb\u00fargueres de carne e \u00e0 base de plantas. <\/p>","protected":false},"author":1,"featured_media":519,"parent":0,"template":"","tags":[54],"product-type":[4],"class_list":["post-510","product","type-product","status-publish","has-post-thumbnail","hentry","tag-burger-patty-production-line","product-type-meat-grinder"],"_links":{"self":[{"href":"https:\/\/meat-machine.com\/pt\/wp-json\/wp\/v2\/product\/510","targetHints":{"allow":["GET"]}}],"collection":[{"href":"https:\/\/meat-machine.com\/pt\/wp-json\/wp\/v2\/product"}],"about":[{"href":"https:\/\/meat-machine.com\/pt\/wp-json\/wp\/v2\/types\/product"}],"author":[{"embeddable":true,"href":"https:\/\/meat-machine.com\/pt\/wp-json\/wp\/v2\/users\/1"}],"wp:featuredmedia":[{"embeddable":true,"href":"https:\/\/meat-machine.com\/pt\/wp-json\/wp\/v2\/media\/519"}],"wp:attachment":[{"href":"https:\/\/meat-machine.com\/pt\/wp-json\/wp\/v2\/media?parent=510"}],"wp:term":[{"taxonomy":"post_tag","embeddable":true,"href":"https:\/\/meat-machine.com\/pt\/wp-json\/wp\/v2\/tags?post=510"},{"taxonomy":"product-type","embeddable":true,"href":"https:\/\/meat-machine.com\/pt\/wp-json\/wp\/v2\/product-type?post=510"}],"curies":[{"name":"wp","href":"https:\/\/api.w.org\/{rel}","templated":true}]}}