{"id":48,"date":"2022-09-07T05:54:14","date_gmt":"2022-09-07T05:54:14","guid":{"rendered":"https:\/\/meat-machine.com\/?post_type=product&#038;p=48"},"modified":"2026-01-07T15:46:38","modified_gmt":"2026-01-07T07:46:38","slug":"fatiadora-de-carne-congelada-comercial","status":"publish","type":"product","link":"https:\/\/meat-machine.com\/pt\/product\/commercial-frozen-meat-slicer\/","title":{"rendered":"Slicer de carne congelada comercial"},"content":{"rendered":"<div class=\"kk-star-ratings kksr-auto kksr-align-left kksr-valign-top\"     data-payload='{&quot;align&quot;:&quot;left&quot;,&quot;id&quot;:&quot;48&quot;,&quot;slug&quot;:&quot;default&quot;,&quot;valign&quot;:&quot;top&quot;,&quot;ignore&quot;:&quot;&quot;,&quot;reference&quot;:&quot;auto&quot;,&quot;class&quot;:&quot;&quot;,&quot;count&quot;:&quot;7&quot;,&quot;legendonly&quot;:&quot;&quot;,&quot;readonly&quot;:&quot;&quot;,&quot;score&quot;:&quot;4.8&quot;,&quot;starsonly&quot;:&quot;&quot;,&quot;best&quot;:&quot;5&quot;,&quot;gap&quot;:&quot;5&quot;,&quot;greet&quot;:&quot;Rate this product&quot;,&quot;legend&quot;:&quot;4.8\\\/5 - (7 votes)&quot;,&quot;size&quot;:&quot;24&quot;,&quot;title&quot;:&quot;Commercial frozen meat slicer&quot;,&quot;width&quot;:&quot;136.7&quot;,&quot;_legend&quot;:&quot;{score}\\\/{best} - ({count} {votes})&quot;,&quot;font_factor&quot;:&quot;1.25&quot;}'>              <div class=\"kksr-stars\">      <div class=\"kksr-stars-inactive\">             <div class=\"kksr-star\" data-star=\"1\" style=\"padding-right: 5px\">               <div class=\"kksr-icon\" style=\"width: 24px; height: 24px;\"><\/div>         <\/div>             <div class=\"kksr-star\" data-star=\"2\" style=\"padding-right: 5px\">               <div class=\"kksr-icon\" style=\"width: 24px; height: 24px;\"><\/div>         <\/div>             <div class=\"kksr-star\" data-star=\"3\" style=\"padding-right: 5px\">               <div class=\"kksr-icon\" style=\"width: 24px; height: 24px;\"><\/div>         <\/div>             <div class=\"kksr-star\" data-star=\"4\" style=\"padding-right: 5px\">               <div class=\"kksr-icon\" style=\"width: 24px; height: 24px;\"><\/div>         <\/div>             <div class=\"kksr-star\" data-star=\"5\" style=\"padding-right: 5px\">               <div class=\"kksr-icon\" style=\"width: 24px; height: 24px;\"><\/div>         <\/div>     <\/div>      <div class=\"kksr-stars-active\" style=\"width: 136.7px;\">             <div class=\"kksr-star\" style=\"padding-right: 5px\">               <div class=\"kksr-icon\" style=\"width: 24px; height: 24px;\"><\/div>         <\/div>             <div class=\"kksr-star\" style=\"padding-right: 5px\">               <div class=\"kksr-icon\" style=\"width: 24px; height: 24px;\"><\/div>         <\/div>             <div class=\"kksr-star\" style=\"padding-right: 5px\">               <div class=\"kksr-icon\" style=\"width: 24px; height: 24px;\"><\/div>         <\/div>             <div class=\"kksr-star\" style=\"padding-right: 5px\">               <div class=\"kksr-icon\" style=\"width: 24px; height: 24px;\"><\/div>         <\/div>             <div class=\"kksr-star\" style=\"padding-right: 5px\">               <div class=\"kksr-icon\" style=\"width: 24px; height: 24px;\"><\/div>         <\/div>     <\/div> <\/div>                   <div class=\"kksr-legend\" style=\"font-size: 19.2px;\">             4,8\/5 - (7 votos)    <\/div>     <\/div>  <p class=\"wp-block-paragraph\">O fator de carne congelado comercial pode cortar carneiro congelado, carne bovina, carne de porco e outras carnes desossadas em fatias ou rolos uniformes sem a necessidade de descongelar. Com os modelos dispon\u00edveis para produzir um, dois, quatro ou oito rolos de cada vez, esse equipamento vers\u00e1til atende \u00e0s diversas necessidades de processamento de restaurantes, cadeias de panelas quentes, supermercados e plantas de processamento de alimentos. <\/p>    <p class=\"wp-block-paragraph\">Equipado com um sistema de controle de PLC inteligente, oferece opera\u00e7\u00e3o simples, alta automa\u00e7\u00e3o e desempenho que salva m\u00e3o-de-obra. O Slicer oferece espessura de corte consistente, desempenho est\u00e1vel e excelente durabilidade. <\/p>    <p class=\"wp-block-paragraph\">Capaz de manusear carne a -8 \u00b0 C a 1 \u00b0 C, garante rolos ou fatias completas e cuidadosamente cortadas. A m\u00e1quina possui uma ampla capacidade de processamento varia de 25 a 500 kg\/h, tornando-a ideal para opera\u00e7\u00f5es de pequena escala e em larga escala.<\/p>    <figure class=\"wp-block-embed is-type-video is-provider-youtube wp-block-embed-youtube wp-embed-aspect-16-9 wp-has-aspect-ratio\"><div class=\"wp-block-embed__wrapper\"> <iframe loading=\"lazy\" title=\"De bloco \u00e0 fatia - como nosso fator de carne congelado funciona #MEAT #SLICING #FOODPROCESSING\" width=\"422\" height=\"750\" src=\"https:\/\/www.youtube.com\/embed\/hPnMCka8QnM?feature=oembed\" frameborder=\"0\" allow=\"accelerometer; autoplay; clipboard-write; encrypted-media; gyroscope; picture-in-picture; web-share\" referrerpolicy=\"strict-origin-when-cross-origin\" allowfullscreen><\/iframe> <\/div><figcaption class=\"wp-element-caption\">V\u00eddeo de trabalho de carne de carne congelada comercial<\/figcaption><\/figure>    <h2 class=\"wp-block-heading\" id=\"h-what-are-the-models-of-taizy-commercial-frozen-meat-slicer\">Quais s\u00e3o os modelos da fatiadora de carne congelada comercial da Taizy?<\/h2>    <p class=\"wp-block-paragraph\">Na esta\u00e7\u00e3o de processamento de carne Taizy, temos quatro tipos diferentes de fatores de carne congelados comerciais para venda. As quatro m\u00e1quinas t\u00eam sa\u00eddas, tamanhos e pesos diferentes. A sa\u00edda do slicer de um rolo controlado eletr\u00f4nico \u00e9 de 25-50 kg \/ h.<\/p>    <p class=\"wp-block-paragraph\">Se voc\u00ea tem um pequeno restaurante ou a demanda por produ\u00e7\u00e3o n\u00e3o \u00e9 t\u00e3o grande, pode escolher esta m\u00e1quina. Se voc\u00ea tiver uma grande demanda pela sa\u00edda da m\u00e1quina, recomendamos que voc\u00ea selecione as outras tr\u00eas m\u00e1quinas.<\/p>    <p class=\"wp-block-paragraph translation-block\">A sua produ\u00e7\u00e3o \u00e9 de 50-300kg\/h, 250-300 kg\/h e 450-500 kg\/h, respetivamente. Al\u00e9m de um cortador autom\u00e1tico de carne congelada, tamb\u00e9m temos uma <a href=\"https:\/\/meat-machine.com\/pt\/produto\/maquina-automatica-de-corte-de-frango\/\">m\u00e1quina de cortar carne<\/a> e um <a href=\"https:\/\/meat-machine.com\/pt\/produto\/maquina-de-cortar-carne\/\">cortador de carne congelada<\/a> \u00e0 venda.<\/p>   <div class=\"wp-block-image\"> <figure class=\"aligncenter size-full\"><img loading=\"lazy\" decoding=\"async\" width=\"720\" height=\"540\" src=\"https:\/\/meat-machine.com\/wp-content\/uploads\/2022\/09\/meat-slicing-machine-for-frozen-mutton.webp\" alt=\"m\u00e1quina de fatiar carne para carneiro congelado\" class=\"wp-image-56\" title=\"\" srcset=\"https:\/\/meat-machine.com\/wp-content\/uploads\/2022\/09\/meat-slicing-machine-for-frozen-mutton.webp 720w, https:\/\/meat-machine.com\/wp-content\/uploads\/2022\/09\/meat-slicing-machine-for-frozen-mutton-300x225.webp 300w\" sizes=\"auto, (max-width: 720px) 100vw, 720px\" \/><figcaption class=\"wp-element-caption\">m\u00e1quina de fatiar carne para carneiro congelado<\/figcaption><\/figure> <\/div>   <h2 class=\"wp-block-heading\" id=\"h-what-are-the-characteristics-of-the-best-commercial-frozen-meat-slicer\">Recursos comerciais de fatizador de carne congelada<\/h2>    <div class=\"wp-block-media-text is-stacked-on-mobile\"><figure class=\"wp-block-media-text__media\"><img loading=\"lazy\" decoding=\"async\" width=\"720\" height=\"540\" src=\"https:\/\/meat-machine.com\/wp-content\/uploads\/2022\/09\/four-rolls-meat-slicer.webp\" alt=\"cortador de carne de quatro rolos\" class=\"wp-image-55 size-full\" title=\"\" srcset=\"https:\/\/meat-machine.com\/wp-content\/uploads\/2022\/09\/four-rolls-meat-slicer.webp 720w, https:\/\/meat-machine.com\/wp-content\/uploads\/2022\/09\/four-rolls-meat-slicer-300x225.webp 300w\" sizes=\"auto, (max-width: 720px) 100vw, 720px\" \/><\/figure><div class=\"wp-block-media-text__content\"> <ul class=\"wp-block-list\"> <li><strong>Fatiamento uniforme<\/strong>: Garante uma espessura consistente para fatias ou rolos.<\/li>    <li><strong>Opera\u00e7\u00e3o segura<\/strong>: Painel controlado por bot\u00f5es com uma prote\u00e7\u00e3o de seguran\u00e7a transparente.<\/li>    <li><strong>Materiais de grau aliment\u00edcio<\/strong>: 304 <a href=\"https:\/\/en.wikipedia.org\/wiki\/Stainless_steel\" data-type=\"link\" data-id=\"https:\/\/en.wikipedia.org\/wiki\/Stainless_steel\" target=\"_blank\" rel=\"noopener\">a\u00e7o inoxid\u00e1vel<\/a> Para pe\u00e7as em contacto com alimentos, a\u00e7o inoxid\u00e1vel 201 para o corpo da m\u00e1quina.<\/li>    <li><strong>M\u00faltiplos modelos<\/strong>: Quatro modelos dispon\u00edveis para atender diferentes requisitos de capacidade.<\/li>    <li><strong>F\u00e1cil de limpar<\/strong>: Design de l\u00e2mina antiaderente; o pente de faca e o cortador s\u00e3o f\u00e1ceis de remover e limpar.<\/li> <\/ul> <\/div><\/div>    <div class=\"wp-block-media-text has-media-on-the-right is-stacked-on-mobile\"><div class=\"wp-block-media-text__content\"> <ul class=\"wp-block-list\"> <li><strong>Rolagem eficiente<\/strong>: Rolagem autom\u00e1tica e suave com desperd\u00edcio m\u00ednimo de material.<\/li>    <li><strong>Baixo ru\u00eddo e estabilidade<\/strong>: Opera\u00e7\u00e3o silenciosa com desempenho est\u00e1vel da m\u00e1quina.<\/li>    <li><strong>Sistema fi\u00e1vel<\/strong>: Propuls\u00e3o hidr\u00e1ulica completa com baixa taxa de falhas e manuten\u00e7\u00e3o f\u00e1cil.<\/li>    <li><strong>Bandeja de carne segura<\/strong>: Bandeja em forma de U antiderrapante garante uma posi\u00e7\u00e3o est\u00e1vel da carne.<\/li> <\/ul> <\/div><figure class=\"wp-block-media-text__media\"><img loading=\"lazy\" decoding=\"async\" width=\"750\" height=\"750\" src=\"https:\/\/meat-machine.com\/wp-content\/uploads\/2022\/09\/commercial-frozen-meat-slicer-for-sale.webp\" alt=\"cortador de carne congelada comercial para venda\" class=\"wp-image-53 size-full\" title=\"\" srcset=\"https:\/\/meat-machine.com\/wp-content\/uploads\/2022\/09\/commercial-frozen-meat-slicer-for-sale.webp 750w, https:\/\/meat-machine.com\/wp-content\/uploads\/2022\/09\/commercial-frozen-meat-slicer-for-sale-300x300.webp 300w, https:\/\/meat-machine.com\/wp-content\/uploads\/2022\/09\/commercial-frozen-meat-slicer-for-sale-150x150.webp 150w\" sizes=\"auto, (max-width: 750px) 100vw, 750px\" \/><\/figure><\/div>    <h2 class=\"wp-block-heading\">Como funciona a m\u00e1quina de fatador de carne congelada?<\/h2>    <div class=\"wp-block-media-text is-stacked-on-mobile\"><figure class=\"wp-block-media-text__media\"><img loading=\"lazy\" decoding=\"async\" width=\"720\" height=\"540\" src=\"https:\/\/meat-machine.com\/wp-content\/uploads\/2025\/04\/Frozen-meat-slicing-machine-details.webp\" alt=\"Detalhes da m\u00e1quina de fatiar carne congelada\" class=\"wp-image-788 size-full\" title=\"\" srcset=\"https:\/\/meat-machine.com\/wp-content\/uploads\/2025\/04\/Frozen-meat-slicing-machine-details.webp 720w, https:\/\/meat-machine.com\/wp-content\/uploads\/2025\/04\/Frozen-meat-slicing-machine-details-300x225.webp 300w, https:\/\/meat-machine.com\/wp-content\/uploads\/2025\/04\/Frozen-meat-slicing-machine-details-16x12.webp 16w\" sizes=\"auto, (max-width: 720px) 100vw, 720px\" \/><\/figure><div class=\"wp-block-media-text__content\"> <ul class=\"wp-block-list\"> <li><strong>Alimenta\u00e7\u00e3o autom\u00e1tica de carne<\/strong>: Um sistema de guia duplo empurra e pressiona a carne congelada para frente enquanto controla a espessura da fatia.<\/li>    <li><strong>Fatiamento sincronizado<\/strong>: O cortador e a correia transportadora operam simultaneamente para alcan\u00e7ar uma fatiagem cont\u00ednua e precisa.<\/li>    <li><strong>Finaliza\u00e7\u00e3o autom\u00e1tica<\/strong>: Assim que a fatiagem termina, a l\u00e2mina para e o mecanismo de empurrar retorna automaticamente.<\/li> <\/ul> <\/div><\/div>    <h2 class=\"wp-block-heading\" id=\"h-how-to-use-an-industrial-frozen-meat-slicer-correctly\">Como usar corretamente um cortador industrial de carne congelada?<\/h2>    <div class=\"wp-block-media-text has-media-on-the-right is-stacked-on-mobile\"><div class=\"wp-block-media-text__content\"> <ul class=\"wp-block-list\"> <li><strong>Inspe\u00e7\u00e3o de energia<\/strong>: Verifique se o cabo de alimenta\u00e7\u00e3o, o plugue e a tomada est\u00e3o seguros antes de ligar a m\u00e1quina.<\/li>    <li><strong>Conex\u00e3o de aterramento<\/strong>: Assegure-se de que a m\u00e1quina est\u00e1 devidamente aterrada para garantir uma opera\u00e7\u00e3o segura.<\/li>    <li><strong>Ajuste de espessura<\/strong>: Defina previamente a espessura de fatiamento necess\u00e1ria de acordo com as necessidades de processamento.<\/li>    <li><strong>Carregamento adequado da carne<\/strong>: Coloque carne congelada sem osso, de forma plana e segura na t\u00e1bua de cortar.<\/li>    <li><strong>Opera\u00e7\u00e3o segura<\/strong>: Mantenha as m\u00e3os afastadas da l\u00e2mina durante toda a opera\u00e7\u00e3o.<\/li>    <li><strong>Manuten\u00e7\u00e3o da l\u00e2mina<\/strong>: Pare a m\u00e1quina e afie a l\u00e2mina quando a efici\u00eancia de corte diminuir.<\/li> <\/ul> <\/div><figure class=\"wp-block-media-text__media\"><img loading=\"lazy\" decoding=\"async\" width=\"720\" height=\"540\" src=\"https:\/\/meat-machine.com\/wp-content\/uploads\/2025\/04\/Frozen-meat-slicing-machine-price.webp\" alt=\"Pre\u00e7o da m\u00e1quina de fatiar carne congelada\" class=\"wp-image-791 size-full\" title=\"\" srcset=\"https:\/\/meat-machine.com\/wp-content\/uploads\/2025\/04\/Frozen-meat-slicing-machine-price.webp 720w, https:\/\/meat-machine.com\/wp-content\/uploads\/2025\/04\/Frozen-meat-slicing-machine-price-300x225.webp 300w, https:\/\/meat-machine.com\/wp-content\/uploads\/2025\/04\/Frozen-meat-slicing-machine-price-16x12.webp 16w\" sizes=\"auto, (max-width: 720px) 100vw, 720px\" \/><\/figure><\/div>    <h2 class=\"wp-block-heading\" id=\"h-machine-parameters\">Par\u00e2metros comerciais de m\u00e1quina de fatizador de carne congelada<\/h2>    <figure class=\"wp-block-table\"><table><tbody><tr><td>Nome<\/td><td>Pot\u00eancia (kW)<\/td><td>Tens\u00e3o (V)<\/td><td>Produ\u00e7\u00e3o (kg\/h)<\/td><td>Espessura da fatia (mm)<\/td><td>Peso da m\u00e1quina (kg)<\/td><td>Tamanho da m\u00e1quina (mm)<\/td><\/tr><tr><td>Um\u00a0cortador de rolo<\/td><td>0.45<\/td><td>220<\/td><td>25-50<\/td><td>0.2-5<\/td><td>50<\/td><td>650*350*400<\/td><\/tr><tr><td>CNC Dois Slicer de Roll<\/td><td>2.2<\/td><td>220<\/td><td>50-300<\/td><td>0.2-6<\/td><td>200<\/td><td>1200*560*1200<\/td><\/tr><tr><td>Fatiadora CNC de quatro rolos<\/td><td>1.5-3.5<\/td><td>220\/380<\/td><td>250-300<\/td><td>0.2-20<\/td><td>300<\/td><td>1450*660*1300<\/td><\/tr><tr><td>Fatiadora CNC de oito rolos<\/td><td>3.5<\/td><td>380<\/td><td>450-500<\/td><td>0.2-20<\/td><td>400<\/td><td>1450*1010*1450<\/td><\/tr><\/tbody><\/table><\/figure>   <div class=\"wp-block-image\"> <figure class=\"aligncenter size-full\"><img loading=\"lazy\" decoding=\"async\" width=\"800\" height=\"600\" src=\"https:\/\/meat-machine.com\/wp-content\/uploads\/2022\/09\/picture-of-shipment.webp\" alt=\"foto do envio\" class=\"wp-image-57\" title=\"\" srcset=\"https:\/\/meat-machine.com\/wp-content\/uploads\/2022\/09\/picture-of-shipment.webp 800w, https:\/\/meat-machine.com\/wp-content\/uploads\/2022\/09\/picture-of-shipment-300x225.webp 300w, https:\/\/meat-machine.com\/wp-content\/uploads\/2022\/09\/picture-of-shipment-768x576.webp 768w\" sizes=\"auto, (max-width: 800px) 100vw, 800px\" \/><figcaption class=\"wp-element-caption\">foto do envio<\/figcaption><\/figure> <\/div>   <h2 class=\"wp-block-heading\" id=\"h-can-you-slice-frozen-meat-with-a-meat-slicer\">Voc\u00ea pode fatiar carne congelada com um cortador de carne?<\/h2>    <p class=\"wp-block-paragraph\">Fatiadores de carne dom\u00e9sticos comuns n\u00e3o s\u00e3o adequados para cortar carne congelada, pois a carne congelada \u00e9 demasiado dura e pode danificar facilmente a l\u00e2mina. Al\u00e9m disso, os fatiadores dom\u00e9sticos s\u00e3o principalmente projetados para carne fresca, n\u00e3o para produtos congelados. <\/p>    <p class=\"wp-block-paragraph\">Para fatiar carne congelada de forma segura e eficiente, deve ser utilizado um fatiador de carne congelada comercial. Mesmo com um fatiador de carne congelada especializado, a carne precisa de ser ligeiramente descongelada acima de \u20136 \u00b0C antes de fatiar para garantir um desempenho de corte adequado e proteger a m\u00e1quina.<\/p>    <p class=\"wp-block-paragraph translation-block\">Em suma, se procura um fatiador de carne congelada industrial, fatiador de carneiro ou m\u00e1quina para fatiar carne de vaca congelada, entre em contacto connosco. Em julho deste ano, um cliente americano encomendou esta <a href=\"https:\/\/meat-machine.com\/pt\/info\/clientes-americanos-compraram-cortadores-de-carne-congelada-comerciais\/\" data-type=\"link\" data-id=\"https:\/\/meat-machine.com\/Info\/american-customers-bought-commercial-frozen-meat-cutter\/\">m\u00e1quina de fatiar carne<\/a> para cortar carne de carneiro. A nossa m\u00e1quina \u00e9 o melhor fatiador de alimentos para carne congelada. E faremos o poss\u00edvel para ajudar.<\/p>   <div class=\"wp-block-image\"> <figure class=\"aligncenter size-full\"><img loading=\"lazy\" decoding=\"async\" width=\"750\" height=\"668\" src=\"https:\/\/meat-machine.com\/wp-content\/uploads\/2022\/09\/application-of-the-slicing-machine.webp\" alt=\"aplica\u00e7\u00e3o da m\u00e1quina de fatiar\" class=\"wp-image-52\" title=\"\" srcset=\"https:\/\/meat-machine.com\/wp-content\/uploads\/2022\/09\/application-of-the-slicing-machine.webp 750w, https:\/\/meat-machine.com\/wp-content\/uploads\/2022\/09\/application-of-the-slicing-machine-300x267.webp 300w\" sizes=\"auto, (max-width: 750px) 100vw, 750px\" \/><figcaption class=\"wp-element-caption\">aplica\u00e7\u00e3o da m\u00e1quina de fatiar<\/figcaption><\/figure> <\/div>   <h2 class=\"wp-block-heading\">Conclus\u00e3o<\/h2>    <p class=\"wp-block-paragraph\">O fator de carne congelado comercial combina efici\u00eancia, precis\u00e3o e seguran\u00e7a, tornando -a uma escolha ideal para restaurantes de panela quente, plantas de processamento de alimentos, supermercados e muito mais. <\/p>    <p class=\"wp-block-paragraph\">Se voc\u00ea est\u00e1 procurando aumentar a produtividade e garantir uma qualidade de fatiamento consistente, entre em contato conosco hoje para mais detalhes e um or\u00e7amento competitivo!<\/p>    <figure class=\"wp-block-image size-full\"><img loading=\"lazy\" decoding=\"async\" width=\"720\" height=\"540\" src=\"https:\/\/meat-machine.com\/wp-content\/uploads\/2025\/04\/Frozen-meat-slicing-machine-for-sale.webp\" alt=\"Slicer de carne congelada comercial\" class=\"wp-image-790\" title=\"\" srcset=\"https:\/\/meat-machine.com\/wp-content\/uploads\/2025\/04\/Frozen-meat-slicing-machine-for-sale.webp 720w, https:\/\/meat-machine.com\/wp-content\/uploads\/2025\/04\/Frozen-meat-slicing-machine-for-sale-300x225.webp 300w, https:\/\/meat-machine.com\/wp-content\/uploads\/2025\/04\/Frozen-meat-slicing-machine-for-sale-16x12.webp 16w\" sizes=\"auto, (max-width: 720px) 100vw, 720px\" \/><figcaption class=\"wp-element-caption\">Fatiador comercial de carne congelada<\/figcaption><\/figure>","protected":false},"excerpt":{"rendered":"<p>A Fatiadora de Carne Congelada Comercial pode cortar carne de carneiro, carne de vaca, carne de porco e outras carnes sem osso em fatias ou rolos uniformes sem a necessidade de descongelar.<\/p>","protected":false},"author":1,"featured_media":362,"parent":0,"template":"","tags":[16],"product-type":[2],"class_list":["post-48","product","type-product","status-publish","has-post-thumbnail","hentry","tag-frozen-meat-slicer","product-type-meat-cutting-machine"],"_links":{"self":[{"href":"https:\/\/meat-machine.com\/pt\/wp-json\/wp\/v2\/product\/48","targetHints":{"allow":["GET"]}}],"collection":[{"href":"https:\/\/meat-machine.com\/pt\/wp-json\/wp\/v2\/product"}],"about":[{"href":"https:\/\/meat-machine.com\/pt\/wp-json\/wp\/v2\/types\/product"}],"author":[{"embeddable":true,"href":"https:\/\/meat-machine.com\/pt\/wp-json\/wp\/v2\/users\/1"}],"wp:featuredmedia":[{"embeddable":true,"href":"https:\/\/meat-machine.com\/pt\/wp-json\/wp\/v2\/media\/362"}],"wp:attachment":[{"href":"https:\/\/meat-machine.com\/pt\/wp-json\/wp\/v2\/media?parent=48"}],"wp:term":[{"taxonomy":"post_tag","embeddable":true,"href":"https:\/\/meat-machine.com\/pt\/wp-json\/wp\/v2\/tags?post=48"},{"taxonomy":"product-type","embeddable":true,"href":"https:\/\/meat-machine.com\/pt\/wp-json\/wp\/v2\/product-type?post=48"}],"curies":[{"name":"wp","href":"https:\/\/api.w.org\/{rel}","templated":true}]}}