{"id":441,"date":"2023-07-05T15:51:05","date_gmt":"2023-07-05T07:51:05","guid":{"rendered":"https:\/\/meat-machine.com\/?post_type=product&#038;p=441"},"modified":"2023-07-05T15:51:07","modified_gmt":"2023-07-05T07:51:07","slug":"maquina-de-remocao-de-penas-de-frango","status":"publish","type":"product","link":"https:\/\/meat-machine.com\/pt\/product\/chicken-feather-removal-machine\/","title":{"rendered":"M\u00e1quina de remo\u00e7\u00e3o de penas de frango | Depenador Autom\u00e1tico de Frango"},"content":{"rendered":"<div class=\"kk-star-ratings kksr-auto kksr-align-left kksr-valign-top\"     data-payload='{&quot;align&quot;:&quot;left&quot;,&quot;id&quot;:&quot;441&quot;,&quot;slug&quot;:&quot;default&quot;,&quot;valign&quot;:&quot;top&quot;,&quot;ignore&quot;:&quot;&quot;,&quot;reference&quot;:&quot;auto&quot;,&quot;class&quot;:&quot;&quot;,&quot;count&quot;:&quot;6&quot;,&quot;legendonly&quot;:&quot;&quot;,&quot;readonly&quot;:&quot;&quot;,&quot;score&quot;:&quot;4.7&quot;,&quot;starsonly&quot;:&quot;&quot;,&quot;best&quot;:&quot;5&quot;,&quot;gap&quot;:&quot;5&quot;,&quot;greet&quot;:&quot;Rate this product&quot;,&quot;legend&quot;:&quot;4.7\\\/5 - (6 votes)&quot;,&quot;size&quot;:&quot;24&quot;,&quot;title&quot;:&quot;Chicken Feather Removal Machine | Automatic Chicken Plucker&quot;,&quot;width&quot;:&quot;133.8&quot;,&quot;_legend&quot;:&quot;{score}\\\/{best} - ({count} {votes})&quot;,&quot;font_factor&quot;:&quot;1.25&quot;}'>              <div class=\"kksr-stars\">      <div class=\"kksr-stars-inactive\">             <div class=\"kksr-star\" data-star=\"1\" style=\"padding-right: 5px\">               <div class=\"kksr-icon\" style=\"width: 24px; height: 24px;\"><\/div>         <\/div>             <div class=\"kksr-star\" data-star=\"2\" style=\"padding-right: 5px\">               <div class=\"kksr-icon\" style=\"width: 24px; height: 24px;\"><\/div>         <\/div>             <div class=\"kksr-star\" data-star=\"3\" style=\"padding-right: 5px\">               <div class=\"kksr-icon\" style=\"width: 24px; height: 24px;\"><\/div>         <\/div>             <div class=\"kksr-star\" data-star=\"4\" style=\"padding-right: 5px\">               <div class=\"kksr-icon\" style=\"width: 24px; height: 24px;\"><\/div>         <\/div>             <div class=\"kksr-star\" data-star=\"5\" style=\"padding-right: 5px\">               <div class=\"kksr-icon\" style=\"width: 24px; height: 24px;\"><\/div>         <\/div>     <\/div>      <div class=\"kksr-stars-active\" style=\"width: 133.8px;\">             <div class=\"kksr-star\" style=\"padding-right: 5px\">               <div class=\"kksr-icon\" style=\"width: 24px; height: 24px;\"><\/div>         <\/div>             <div class=\"kksr-star\" style=\"padding-right: 5px\">               <div class=\"kksr-icon\" style=\"width: 24px; height: 24px;\"><\/div>         <\/div>             <div class=\"kksr-star\" style=\"padding-right: 5px\">               <div class=\"kksr-icon\" style=\"width: 24px; height: 24px;\"><\/div>         <\/div>             <div class=\"kksr-star\" style=\"padding-right: 5px\">               <div class=\"kksr-icon\" style=\"width: 24px; height: 24px;\"><\/div>         <\/div>             <div class=\"kksr-star\" style=\"padding-right: 5px\">               <div class=\"kksr-icon\" style=\"width: 24px; height: 24px;\"><\/div>         <\/div>     <\/div> <\/div>                   <div class=\"kksr-legend\" style=\"font-size: 19.2px;\">             4,7\/5 - (6 votos)    <\/div>     <\/div>  <p class=\"wp-block-paragraph translation-block\">Uma m\u00e1quina de remo\u00e7\u00e3o de pena de frango \u00e9 um dispositivo usado para remover penas de frangos, particularmente frangos de corte. \u00c9 comumente utilizada na avicultura e em ind\u00fastrias de <a href=\"https:\/\/meat-machine.com\/pt\/\">processamento de carne<\/a>.<\/p>    <h2 class=\"wp-block-heading\">Como funciona uma m\u00e1quina de remo\u00e7\u00e3o de penas de frango?<\/h2>    <p class=\"wp-block-paragraph\">Muitas pessoas querem saber como s\u00e3o retiradas as penas de frango, e a seguir iremos explicar para voc\u00eas.<br>Uma m\u00e1quina de remo\u00e7\u00e3o de penas de frango utiliza processos mec\u00e2nicos e tecnol\u00f3gicos avan\u00e7ados para remover penas de galinhas de forma r\u00e1pida e eficiente. Utiliza equipamentos especializados, como tambores girat\u00f3rios ou dedos de borracha, para arrancar delicadamente as penas das aves, garantindo danos m\u00ednimos \u00e0 pele. Esta m\u00e1quina pode lidar com um grande volume de frangos, melhorando assim a efici\u00eancia do processamento.<\/p>   <div class=\"wp-block-image\"> <figure class=\"aligncenter size-full\"><img loading=\"lazy\" decoding=\"async\" width=\"720\" height=\"540\" src=\"https:\/\/meat-machine.com\/wp-content\/uploads\/2023\/07\/chicken-feather-removal-machine.webp\" alt=\"m\u00e1quina de remo\u00e7\u00e3o de penas de frango\" class=\"wp-image-444\" title=\"\" srcset=\"https:\/\/meat-machine.com\/wp-content\/uploads\/2023\/07\/chicken-feather-removal-machine.webp 720w, https:\/\/meat-machine.com\/wp-content\/uploads\/2023\/07\/chicken-feather-removal-machine-300x225.webp 300w\" sizes=\"auto, (max-width: 720px) 100vw, 720px\" \/><figcaption class=\"wp-element-caption\">m\u00e1quina de remo\u00e7\u00e3o de penas de frango<\/figcaption><\/figure> <\/div>   <h2 class=\"wp-block-heading\">Principais caracter\u00edsticas de uma m\u00e1quina de arrancar penas de frango<\/h2>    <ol class=\"wp-block-list\"> <li>Opera\u00e7\u00e3o Automatizada: A m\u00e1quina foi projetada para operar de forma aut\u00f4noma, reduzindo a necessidade de interven\u00e7\u00e3o manual e economizando custos de m\u00e3o de obra.<\/li>    <li>Configura\u00e7\u00f5es ajust\u00e1veis: Os usu\u00e1rios podem personalizar as configura\u00e7\u00f5es da m\u00e1quina para acomodar diferentes tamanhos de frango e tipos de penas, aumentando a flexibilidade e versatilidade.<\/li>    <li>F\u00e1cil manuten\u00e7\u00e3o: Essas m\u00e1quinas s\u00e3o projetadas com recursos f\u00e1ceis de usar para limpeza, manuten\u00e7\u00e3o e solu\u00e7\u00e3o de problemas convenientes.<\/li>    <li>Padr\u00f5es de higiene: As m\u00e1quinas de arrancar penas de frango de alta qualidade s\u00e3o feitas de materiais de qualidade alimentar e projetadas para atender a r\u00edgidos padr\u00f5es de saneamento.<\/li>    <li>Custo-benef\u00edcio: Investir em uma m\u00e1quina de depenar penas de frango pode levar a economias de custos a longo prazo, reduzindo a necessidade de m\u00e3o de obra e aumentando a efici\u00eancia geral.<\/li> <\/ol>   <div class=\"wp-block-image\"> <figure class=\"aligncenter size-full\"><img loading=\"lazy\" decoding=\"async\" width=\"720\" height=\"540\" src=\"https:\/\/meat-machine.com\/wp-content\/uploads\/2023\/07\/inner-structure-of-automatic-chicken-plucker.webp\" alt=\"estrutura interna do depenador autom\u00e1tico de frango\" class=\"wp-image-448\" title=\"\" srcset=\"https:\/\/meat-machine.com\/wp-content\/uploads\/2023\/07\/inner-structure-of-automatic-chicken-plucker.webp 720w, https:\/\/meat-machine.com\/wp-content\/uploads\/2023\/07\/inner-structure-of-automatic-chicken-plucker-300x225.webp 300w\" sizes=\"auto, (max-width: 720px) 100vw, 720px\" \/><figcaption class=\"wp-element-caption\">estrutura interna do depenador autom\u00e1tico de frango<\/figcaption><\/figure> <\/div>   <h2 class=\"wp-block-heading\">M\u00e1quina de depenar frango para venda<\/h2>    <figure class=\"wp-block-table\"><table><tbody><tr><td>Modelo<\/td><td>Capacidade<\/td><td>Poder<\/td><td>Tamanho<\/td><td>Peso<\/td><\/tr><tr><td>TZ-500<\/td><td>1-2 unidades\/lote<\/td><td>0,75 kW<\/td><td>700x620x850mm<\/td><td>80<\/td><\/tr><tr><td>TZ-600<\/td><td>2-3 unidades\/lote<\/td><td>0,75 kW<\/td><td>800x720x900mm<\/td><td>95<\/td><\/tr><\/tbody><\/table><\/figure>    <p class=\"wp-block-paragraph\">Al\u00e9m disso, tamb\u00e9m temos \u00e0 venda uma grande m\u00e1quina de depenar frango, e sua produ\u00e7\u00e3o \u00e9 de 10 unidades\/lote. Se voc\u00ea precisar desta m\u00e1quina, n\u00e3o hesite em nos contatar.<\/p>   <div class=\"wp-block-image\"> <figure class=\"aligncenter size-full\"><img loading=\"lazy\" decoding=\"async\" width=\"720\" height=\"540\" src=\"https:\/\/meat-machine.com\/wp-content\/uploads\/2023\/07\/chicken-plucking-machine-for-sale.webp\" alt=\"Vendo m\u00e1quina de depenar frango\" class=\"wp-image-446\" title=\"\" srcset=\"https:\/\/meat-machine.com\/wp-content\/uploads\/2023\/07\/chicken-plucking-machine-for-sale.webp 720w, https:\/\/meat-machine.com\/wp-content\/uploads\/2023\/07\/chicken-plucking-machine-for-sale-300x225.webp 300w\" sizes=\"auto, (max-width: 720px) 100vw, 720px\" \/><figcaption class=\"wp-element-caption\">Vendo m\u00e1quina de depenar frango<\/figcaption><\/figure> <\/div>   <h2 class=\"wp-block-heading\">Tipos de m\u00e1quinas de remo\u00e7\u00e3o de penas de frango<\/h2>    <p class=\"wp-block-paragraph\">Existem diferentes tipos de m\u00e1quinas de remo\u00e7\u00e3o de penas de frango dispon\u00edveis, cada uma com suas caracter\u00edsticas e aplica\u00e7\u00f5es exclusivas. Os tipos comuns incluem:<\/p>    <ul class=\"wp-block-list\"> <li>M\u00e1quinas de l\u00e2mina rotativa: Utilize l\u00e2minas rotativas para remover penas rapidamente.<\/li>    <li>M\u00e1quinas para arrancar os dedos: use dedos de borracha para arrancar penas com cuidado.<\/li>    <li>M\u00e1quinas de escaldagem e depenagem: Combine a escaldagem e a depenagem mec\u00e2nica para uma remo\u00e7\u00e3o eficiente de penas.<\/li> <\/ul>    <p class=\"wp-block-paragraph\">Nossa m\u00e1quina \u00e9 a segunda que n\u00e3o prejudica o frango e mant\u00e9m a integridade do frango.<\/p>   <div class=\"wp-block-image\"> <figure class=\"aligncenter size-full\"><img loading=\"lazy\" decoding=\"async\" width=\"720\" height=\"540\" src=\"https:\/\/meat-machine.com\/wp-content\/uploads\/2023\/07\/automatic-chicken-plucker-machine.webp\" alt=\"m\u00e1quina autom\u00e1tica de depenar frango\" class=\"wp-image-443\" title=\"\" srcset=\"https:\/\/meat-machine.com\/wp-content\/uploads\/2023\/07\/automatic-chicken-plucker-machine.webp 720w, https:\/\/meat-machine.com\/wp-content\/uploads\/2023\/07\/automatic-chicken-plucker-machine-300x225.webp 300w\" sizes=\"auto, (max-width: 720px) 100vw, 720px\" \/><figcaption class=\"wp-element-caption\">m\u00e1quina autom\u00e1tica de depenar frango<\/figcaption><\/figure> <\/div>   <h2 class=\"wp-block-heading\">Aplica\u00e7\u00f5es da M\u00e1quina Depenadora Autom\u00e1tica de Frango<\/h2>    <p class=\"wp-block-paragraph\">A m\u00e1quina depenadora autom\u00e1tica de frango tem amplas aplica\u00e7\u00f5es na ind\u00fastria av\u00edcola. Algumas \u00e1reas principais onde essas m\u00e1quinas s\u00e3o utilizadas incluem:<\/p>    <ul class=\"wp-block-list\"> <li>Plantas de processamento de aves: A m\u00e1quina depenadora autom\u00e1tica de frango \u00e9 amplamente utilizada em plantas de processamento de aves para remo\u00e7\u00e3o de penas em grande escala. Essas m\u00e1quinas garantem o processamento eficiente e higi\u00eanico dos frangos, economizando tempo e m\u00e3o de obra em compara\u00e7\u00e3o aos m\u00e9todos de depenagem manual.<\/li>    <li>Matadouros de Frangos: A remo\u00e7\u00e3o de penas \u00e9 parte integrante do processo de abate de frangos. As m\u00e1quinas de remo\u00e7\u00e3o de penas permitem uma depenagem r\u00e1pida e eficaz, contribuindo para opera\u00e7\u00f5es simplificadas e atendendo \u00e0s demandas de processamento de alto volume.<\/li>    <li>Granjas av\u00edcolas: A m\u00e1quina depenadora autom\u00e1tica de frangos \u00e9 cada vez mais adotada em granjas av\u00edcolas, principalmente aquelas com n\u00famero significativo de frangos. As granjas podem processar seus frangos no local, garantindo frescor e reduzindo custos de transporte.<\/li>    <li>Instala\u00e7\u00f5es de processamento de alimentos: A m\u00e1quina depenadora autom\u00e1tica de frango desempenha um papel vital em instala\u00e7\u00f5es de processamento de alimentos especializadas em produtos de frango. Essas m\u00e1quinas ajudam a manter a qualidade do produto, garantindo a remo\u00e7\u00e3o completa das penas, resultando em carne de aves limpa e apresent\u00e1vel.<\/li> <\/ul>   <div class=\"wp-block-image\"> <figure class=\"aligncenter size-full\"><img loading=\"lazy\" decoding=\"async\" width=\"720\" height=\"540\" src=\"https:\/\/meat-machine.com\/wp-content\/uploads\/2023\/07\/application-of-the-machine.webp\" alt=\"aplica\u00e7\u00e3o da m\u00e1quina\" class=\"wp-image-442\" title=\"\" srcset=\"https:\/\/meat-machine.com\/wp-content\/uploads\/2023\/07\/application-of-the-machine.webp 720w, https:\/\/meat-machine.com\/wp-content\/uploads\/2023\/07\/application-of-the-machine-300x225.webp 300w\" sizes=\"auto, (max-width: 720px) 100vw, 720px\" \/><figcaption class=\"wp-element-caption\">aplica\u00e7\u00e3o da m\u00e1quina<\/figcaption><\/figure> <\/div>   <h2 class=\"wp-block-heading\">Por que usar um depenador de frango para remover penas de frango?<\/h2>    <p class=\"wp-block-paragraph\">No processamento de aves, o tempo \u00e9 essencial. Com uma m\u00e1quina de remo\u00e7\u00e3o de penas de frango, o tempo de processamento \u00e9 significativamente reduzido, permitindo um rendimento mais r\u00e1pido e maior efici\u00eancia. Al\u00e9m disso, a natureza automatizada da m\u00e1quina elimina a variabilidade associada \u00e0 remo\u00e7\u00e3o manual de penas, garantindo resultados consistentes e qualidade uniforme do produto.<\/p>    <p class=\"wp-block-paragraph\">As m\u00e1quinas de remo\u00e7\u00e3o de penas de frango priorizam a seguran\u00e7a do operador. Possuem mecanismos de seguran\u00e7a para evitar acidentes, como bot\u00f5es de parada de emerg\u00eancia e capas protetoras. Al\u00e9m disso, as considera\u00e7\u00f5es de design ergon\u00f4mico melhoram o conforto do operador durante a opera\u00e7\u00e3o prolongada da m\u00e1quina.<\/p>   <div class=\"wp-block-image\"> <figure class=\"aligncenter size-full\"><img loading=\"lazy\" decoding=\"async\" width=\"720\" height=\"540\" src=\"https:\/\/meat-machine.com\/wp-content\/uploads\/2023\/07\/customized-chicken-feather-plucking-machine.webp\" alt=\"m\u00e1quina de arrancar penas de frango personalizada\" class=\"wp-image-447\" title=\"\" srcset=\"https:\/\/meat-machine.com\/wp-content\/uploads\/2023\/07\/customized-chicken-feather-plucking-machine.webp 720w, https:\/\/meat-machine.com\/wp-content\/uploads\/2023\/07\/customized-chicken-feather-plucking-machine-300x225.webp 300w\" sizes=\"auto, (max-width: 720px) 100vw, 720px\" \/><figcaption class=\"wp-element-caption\">m\u00e1quina de arrancar penas de frango personalizada<\/figcaption><\/figure> <\/div>   <h2 class=\"wp-block-heading\">Onde comprar m\u00e1quina de remo\u00e7\u00e3o de penas de frango?<\/h2>    <ul class=\"wp-block-list\"> <li>Fabricantes de equipamentos para aves: Muitos fabricantes se especializam na produ\u00e7\u00e3o de equipamentos para processamento de aves, como m\u00e1quinas de carne Taizy. Fornecemos uma ampla gama de equipamentos para processamento de frango, como <a href=\"https:\/\/meat-machine.com\/pt\/produto\/maquina-automatica-de-corte-de-frango\/\">M\u00e1quina de corte de frango<\/a>, <a href=\"https:\/\/meat-machine.com\/pt\/produto\/linha-de-processamento-de-pes-de-galinha\/\">M\u00e1quina de processamento de p\u00e9s de frango<\/a>areia <a href=\"https:\/\/meat-machine.com\/pt\/produto\/maquina-de-fumante-de-carne\/\">M\u00e1quina Fumante para Frango<\/a>, etc.<\/li>    <li>Varejistas de equipamentos industriais on-line: v\u00e1rios varejistas on-line s\u00e3o especializados na venda de equipamentos e m\u00e1quinas industriais. Sites como <a href=\"https:\/\/en.wikipedia.org\/wiki\/Alibaba_Group\" target=\"_blank\" rel=\"noopener\">Alibaba<\/a>, Amazon e eBay costumam ter uma ampla variedade de m\u00e1quinas de remo\u00e7\u00e3o de penas de frango dispon\u00edveis para compra. Voc\u00ea pode navegar pelas listagens, comparar pre\u00e7os e ler avalia\u00e7\u00f5es de clientes para tomar uma decis\u00e3o informada.<\/li>    <li>Empresas de fornecimento agr\u00edcola: Empresas de fornecimento agr\u00edcola locais ou regionais podem transportar equipamentos de processamento de aves, incluindo m\u00e1quinas de remo\u00e7\u00e3o de penas de frango. Essas empresas atendem \u00e0s necessidades de agricultores, processadores de aves e instala\u00e7\u00f5es de processamento de alimentos. Voc\u00ea pode procurar essas empresas em sua \u00e1rea e contat\u00e1-las para saber sobre a disponibilidade de m\u00e1quinas de remo\u00e7\u00e3o de penas de frango.<\/li> <\/ul>","protected":false},"excerpt":{"rendered":"<p>A chicken feather removal machine is a device used to remove feathers from chickens, particularly poultry chickens. It is commonly used in poultry farming and meat processing industries. How Does a Chicken Feather Removal Machine Work? Many people want to know how are chicken feathers removed, and then we will explain to you.A chicken feather [&hellip;]<\/p>\n","protected":false},"author":1,"featured_media":445,"parent":0,"template":"","tags":[30],"product-type":[4],"class_list":["post-441","product","type-product","status-publish","has-post-thumbnail","hentry","tag-chicken-feather-removal-machine","product-type-meat-grinder"],"_links":{"self":[{"href":"https:\/\/meat-machine.com\/pt\/wp-json\/wp\/v2\/product\/441","targetHints":{"allow":["GET"]}}],"collection":[{"href":"https:\/\/meat-machine.com\/pt\/wp-json\/wp\/v2\/product"}],"about":[{"href":"https:\/\/meat-machine.com\/pt\/wp-json\/wp\/v2\/types\/product"}],"author":[{"embeddable":true,"href":"https:\/\/meat-machine.com\/pt\/wp-json\/wp\/v2\/users\/1"}],"wp:featuredmedia":[{"embeddable":true,"href":"https:\/\/meat-machine.com\/pt\/wp-json\/wp\/v2\/media\/445"}],"wp:attachment":[{"href":"https:\/\/meat-machine.com\/pt\/wp-json\/wp\/v2\/media?parent=441"}],"wp:term":[{"taxonomy":"post_tag","embeddable":true,"href":"https:\/\/meat-machine.com\/pt\/wp-json\/wp\/v2\/tags?post=441"},{"taxonomy":"product-type","embeddable":true,"href":"https:\/\/meat-machine.com\/pt\/wp-json\/wp\/v2\/product-type?post=441"}],"curies":[{"name":"wp","href":"https:\/\/api.w.org\/{rel}","templated":true}]}}