{"id":436,"date":"2023-06-30T14:43:54","date_gmt":"2023-06-30T06:43:54","guid":{"rendered":"https:\/\/meat-machine.com\/?post_type=product&#038;p=436"},"modified":"2023-06-30T14:43:55","modified_gmt":"2023-06-30T06:43:55","slug":"maquina-comercial-de-file-de-peixe","status":"publish","type":"product","link":"https:\/\/meat-machine.com\/pt\/product\/commercial-fish-fillet-machine\/","title":{"rendered":"M\u00e1quina comercial de fil\u00e9 de peixe"},"content":{"rendered":"<div class=\"kk-star-ratings kksr-auto kksr-align-left kksr-valign-top\"     data-payload='{&quot;align&quot;:&quot;left&quot;,&quot;id&quot;:&quot;436&quot;,&quot;slug&quot;:&quot;default&quot;,&quot;valign&quot;:&quot;top&quot;,&quot;ignore&quot;:&quot;&quot;,&quot;reference&quot;:&quot;auto&quot;,&quot;class&quot;:&quot;&quot;,&quot;count&quot;:&quot;30&quot;,&quot;legendonly&quot;:&quot;&quot;,&quot;readonly&quot;:&quot;&quot;,&quot;score&quot;:&quot;4.9&quot;,&quot;starsonly&quot;:&quot;&quot;,&quot;best&quot;:&quot;5&quot;,&quot;gap&quot;:&quot;5&quot;,&quot;greet&quot;:&quot;Rate this product&quot;,&quot;legend&quot;:&quot;4.9\\\/5 - (30 votes)&quot;,&quot;size&quot;:&quot;24&quot;,&quot;title&quot;:&quot;Commercial Fish Fillet Machine&quot;,&quot;width&quot;:&quot;139.6&quot;,&quot;_legend&quot;:&quot;{score}\\\/{best} - ({count} {votes})&quot;,&quot;font_factor&quot;:&quot;1.25&quot;}'>              <div class=\"kksr-stars\">      <div class=\"kksr-stars-inactive\">             <div class=\"kksr-star\" data-star=\"1\" style=\"padding-right: 5px\">               <div class=\"kksr-icon\" style=\"width: 24px; height: 24px;\"><\/div>         <\/div>             <div class=\"kksr-star\" data-star=\"2\" style=\"padding-right: 5px\">               <div class=\"kksr-icon\" style=\"width: 24px; height: 24px;\"><\/div>         <\/div>             <div class=\"kksr-star\" data-star=\"3\" style=\"padding-right: 5px\">               <div class=\"kksr-icon\" style=\"width: 24px; height: 24px;\"><\/div>         <\/div>             <div class=\"kksr-star\" data-star=\"4\" style=\"padding-right: 5px\">               <div class=\"kksr-icon\" style=\"width: 24px; height: 24px;\"><\/div>         <\/div>             <div class=\"kksr-star\" data-star=\"5\" style=\"padding-right: 5px\">               <div class=\"kksr-icon\" style=\"width: 24px; height: 24px;\"><\/div>         <\/div>     <\/div>      <div class=\"kksr-stars-active\" style=\"width: 139.6px;\">             <div class=\"kksr-star\" style=\"padding-right: 5px\">               <div class=\"kksr-icon\" style=\"width: 24px; height: 24px;\"><\/div>         <\/div>             <div class=\"kksr-star\" style=\"padding-right: 5px\">               <div class=\"kksr-icon\" style=\"width: 24px; height: 24px;\"><\/div>         <\/div>             <div class=\"kksr-star\" style=\"padding-right: 5px\">               <div class=\"kksr-icon\" style=\"width: 24px; height: 24px;\"><\/div>         <\/div>             <div class=\"kksr-star\" style=\"padding-right: 5px\">               <div class=\"kksr-icon\" style=\"width: 24px; height: 24px;\"><\/div>         <\/div>             <div class=\"kksr-star\" style=\"padding-right: 5px\">               <div class=\"kksr-icon\" style=\"width: 24px; height: 24px;\"><\/div>         <\/div>     <\/div> <\/div>                   <div class=\"kksr-legend\" style=\"font-size: 19.2px;\">             4,9\/5 - (30 votos)    <\/div>     <\/div>  <p class=\"wp-block-paragraph\">Com a crescente demanda por frutos do mar frescos, a ind\u00fastria de processamento de frutos do mar busca constantemente solu\u00e7\u00f5es inovadoras para melhorar a efici\u00eancia e a precis\u00e3o. <\/p>    <p class=\"wp-block-paragraph\">Uma dessas solu\u00e7\u00f5es que ganhou aten\u00e7\u00e3o significativa \u00e9 a m\u00e1quina comercial de fil\u00e9 de peixe. Esta tecnologia de ponta revoluciona a forma como o peixe \u00e9 fatiado e oferece in\u00fameros benef\u00edcios aos processadores de frutos do mar.<\/p>   <div class=\"wp-block-image\"> <figure class=\"aligncenter size-full\"><img loading=\"lazy\" decoding=\"async\" width=\"720\" height=\"640\" src=\"https:\/\/meat-machine.com\/wp-content\/uploads\/2023\/06\/commercial-fish-fillet-machine.webp\" alt=\"m\u00e1quina comercial de fil\u00e9 de peixe\" class=\"wp-image-438\" title=\"\" srcset=\"https:\/\/meat-machine.com\/wp-content\/uploads\/2023\/06\/commercial-fish-fillet-machine.webp 720w, https:\/\/meat-machine.com\/wp-content\/uploads\/2023\/06\/commercial-fish-fillet-machine-300x267.webp 300w\" sizes=\"auto, (max-width: 720px) 100vw, 720px\" \/><figcaption class=\"wp-element-caption\">m\u00e1quina comercial de fil\u00e9 de peixe<\/figcaption><\/figure> <\/div>   <h2 class=\"wp-block-heading\">O significado de uma m\u00e1quina comercial de fil\u00e9 de peixe<\/h2>    <p class=\"wp-block-paragraph translation-block\">Quando se trata de <a href=\"https:\/\/meat-machine.com\/pt\/produtos\/maquina-de-processamento-de-peixe\/\">processamento de peixe<\/a>, a precis\u00e3o e a velocidade s\u00e3o fatores vitais que impactam diretamente a qualidade do produto e a produ\u00e7\u00e3o. Uma m\u00e1quina de filetar peixe comercial elimina a necessidade de fatiamento manual, proporcionando fatias consistentes e uniformes a cada vez. Este processo automatizado garante que cada fatia atenda \u00e0s especifica\u00e7\u00f5es requeridas, melhorando a apresenta\u00e7\u00e3o geral e o valor de mercado do peixe.<\/p>    <h2 class=\"wp-block-heading\">M\u00e1quina de filetagem de peixe para venda<\/h2>    <figure class=\"wp-block-table\"><table><tbody><tr><td>Nome<\/td><td>M\u00e1quina de fatiar peixe<\/td><\/tr><tr><td>Tamanho (mm)<\/td><td>1030*700*850<\/td><\/tr><tr><td>Tens\u00e3o (v)<\/td><td>220<\/td><\/tr><tr><td>Peso (kg)<\/td><td>160<\/td><\/tr><tr><td>Capacidade<\/td><td>200kg\/h<\/td><\/tr><\/tbody><\/table><\/figure>    <p class=\"wp-block-paragraph\">Al\u00e9m das m\u00e1quinas acima, tamb\u00e9m temos \u00e0 venda muitos outros modelos de m\u00e1quinas de filetagem de peixe. Se voc\u00ea precisar deste cortador de peixe multifuncional, n\u00e3o hesite em nos contatar.<\/p>    <figure class=\"wp-block-embed is-type-video is-provider-youtube wp-block-embed-youtube wp-embed-aspect-16-9 wp-has-aspect-ratio\"><div class=\"wp-block-embed__wrapper\"> <iframe loading=\"lazy\" title=\"Melhor m\u00e1quina de fatiar peixe | M\u00e1quina de fil\u00e9 de peixe \u00e0 venda | M\u00e1quina de corte de peixe #shorts\" width=\"500\" height=\"281\" src=\"https:\/\/www.youtube.com\/embed\/sXfbZ0-f8vc?feature=oembed\" frameborder=\"0\" allow=\"accelerometer; autoplay; clipboard-write; encrypted-media; gyroscope; picture-in-picture; web-share\" referrerpolicy=\"strict-origin-when-cross-origin\" allowfullscreen><\/iframe> <\/div><\/figure>    <h2 class=\"wp-block-heading\">Principais recursos de uma m\u00e1quina comercial de fil\u00e9 de peixe<\/h2>    <p class=\"wp-block-paragraph\">As modernas m\u00e1quinas comerciais de fil\u00e9 de peixe v\u00eam equipadas com uma gama de recursos avan\u00e7ados que otimizam o desempenho e a produtividade. Essas m\u00e1quinas geralmente incluem espessura de corte ajust\u00e1vel, permitindo que os processadores de frutos do mar atendam \u00e0s prefer\u00eancias espec\u00edficas do cliente. Al\u00e9m disso, alguns modelos oferecem capacidade de fatiar em alta velocidade, garantindo o processamento r\u00e1pido de grandes quantidades de peixe sem comprometer a precis\u00e3o.<\/p>   <div class=\"wp-block-image\"> <figure class=\"aligncenter size-full\"><img loading=\"lazy\" decoding=\"async\" width=\"720\" height=\"540\" src=\"https:\/\/meat-machine.com\/wp-content\/uploads\/2022\/11\/slicing-effect-of-the-fish-filleter-machine.webp\" alt=\"efeito de corte da m\u00e1quina de fil\u00e9 de peixe\" class=\"wp-image-224\" title=\"\" srcset=\"https:\/\/meat-machine.com\/wp-content\/uploads\/2022\/11\/slicing-effect-of-the-fish-filleter-machine.webp 720w, https:\/\/meat-machine.com\/wp-content\/uploads\/2022\/11\/slicing-effect-of-the-fish-filleter-machine-300x225.webp 300w\" sizes=\"auto, (max-width: 720px) 100vw, 720px\" \/><figcaption class=\"wp-element-caption\">efeito de corte da m\u00e1quina de fil\u00e9 de peixe<\/figcaption><\/figure> <\/div>   <h2 class=\"wp-block-heading\">Benef\u00edcios de usar uma m\u00e1quina de fil\u00e9 de peixe<\/h2>    <p class=\"wp-block-paragraph\">Investir em uma m\u00e1quina comercial de fil\u00e9 de peixe traz diversas vantagens para as empresas de processamento de frutos do mar.<\/p>    <ol class=\"wp-block-list\"> <li>Em primeiro lugar, reduz significativamente os custos de m\u00e3o-de-obra, eliminando a necessidade de corte manual, levando a uma maior efici\u00eancia operacional.<\/li>    <li>Em segundo lugar, a precis\u00e3o da m\u00e1quina garante desperd\u00edcio m\u00ednimo e espessura de fatia consistente, resultando em maior rendimento do produto e maior satisfa\u00e7\u00e3o do cliente.<\/li>    <li>Al\u00e9m disso, uma m\u00e1quina comercial de filetagem de peixe aumenta a seguran\u00e7a no local de trabalho, reduzindo o risco de acidentes associados ao corte manual. Ele tamb\u00e9m permite tempos de processamento mais r\u00e1pidos, permitindo que as empresas cumpram prazos apertados e atendam a per\u00edodos de alta demanda com mais efici\u00eancia. Estes benef\u00edcios contribuem para a rentabilidade global e a competitividade das opera\u00e7\u00f5es de processamento de produtos do mar.<\/li> <\/ol>    <h2 class=\"wp-block-heading\">Como escolher a m\u00e1quina autom\u00e1tica de fatiar peixe fresco certa?<\/h2>    <p class=\"wp-block-paragraph\">Ao selecionar uma m\u00e1quina cortadora autom\u00e1tica de peixe fresco, \u00e9 essencial considerar v\u00e1rios fatores.<\/p>    <ol class=\"wp-block-list\"> <li>Em primeiro lugar, a m\u00e1quina deve ser capaz de manusear v\u00e1rios tipos e tamanhos de <a href=\"https:\/\/en.wikipedia.org\/wiki\/Fish\" target=\"_blank\" rel=\"noopener\">peixe<\/a> para garantir versatilidade no processamento.<\/li>    <li>Al\u00e9m disso, \u00e9 crucial avaliar a precis\u00e3o de corte e o ajuste da m\u00e1quina para atender aos requisitos espec\u00edficos do produto.<\/li>    <li>A durabilidade e a confiabilidade da m\u00e1quina tamb\u00e9m s\u00e3o considera\u00e7\u00f5es vitais.<\/li>    <li>Optar por uma marca confi\u00e1vel que oferece garantia e excelente suporte ao cliente garante valor a longo prazo e tranquilidade.<\/li>    <li>Finalmente, considerar os requisitos de manuten\u00e7\u00e3o da m\u00e1quina e a facilidade de limpeza pode contribuir para um funcionamento suave e prolongar a vida \u00fatil da m\u00e1quina.<\/li> <\/ol>   <div class=\"wp-block-image\"> <figure class=\"aligncenter size-full\"><img loading=\"lazy\" decoding=\"async\" width=\"750\" height=\"470\" src=\"https:\/\/meat-machine.com\/wp-content\/uploads\/2022\/11\/product-application.webp\" alt=\"aplica\u00e7\u00e3o do produto\" class=\"wp-image-223\" title=\"\" srcset=\"https:\/\/meat-machine.com\/wp-content\/uploads\/2022\/11\/product-application.webp 750w, https:\/\/meat-machine.com\/wp-content\/uploads\/2022\/11\/product-application-300x188.webp 300w\" sizes=\"auto, (max-width: 750px) 100vw, 750px\" \/><figcaption class=\"wp-element-caption\">aplica\u00e7\u00e3o do produto<\/figcaption><\/figure> <\/div>   <h2 class=\"wp-block-heading\">Dicas de manuten\u00e7\u00e3o para sua m\u00e1quina comercial de fil\u00e9 de peixe<\/h2>    <ul class=\"wp-block-list\"> <li>Para maximizar a vida \u00fatil e o desempenho de sua m\u00e1quina comercial de fil\u00e9 de peixe, a manuten\u00e7\u00e3o regular \u00e9 essencial. Aqui est\u00e3o algumas dicas importantes para manter em mente:<\/li>    <li>Limpe bem a m\u00e1quina ap\u00f3s cada utiliza\u00e7\u00e3o para remover quaisquer res\u00edduos ou detritos que possam afetar o seu desempenho ou higiene.<\/li>    <li>Inspecione e substitua regularmente pe\u00e7as desgastadas ou danificadas para evitar quebras inesperadas e garantir uma qualidade de corte consistente.<\/li>    <li>Lubrifique as pe\u00e7as m\u00f3veis conforme recomendado pelo fabricante para reduzir o atrito e aumentar a efici\u00eancia da m\u00e1quina.<\/li>    <li>Siga as orienta\u00e7\u00f5es do fabricante para manuten\u00e7\u00e3o de rotina, como afia\u00e7\u00e3o da l\u00e2mina ou substitui\u00e7\u00e3o da correia, para otimizar o desempenho.<\/li>    <li>Treine sua equipe na opera\u00e7\u00e3o e manuten\u00e7\u00e3o adequadas da m\u00e1quina para minimizar o risco de acidentes e garantir a utiliza\u00e7\u00e3o ideal.<\/li> <\/ul>    <p class=\"wp-block-paragraph translation-block\">Uma m\u00e1quina de filetar peixe comercial \u00e9 um divisor de \u00e1guas na <a href=\"https:\/\/meat-machine.com\/pt\/\">ind\u00fastria de processamento de carne<\/a>, oferecendo efici\u00eancia e precis\u00e3o incompar\u00e1veis. Sua import\u00e2ncia reside na capacidade de otimizar opera\u00e7\u00f5es, melhorar a qualidade do produto e aumentar a produtividade geral. Ao investir na m\u00e1quina de filetar peixe comercial certa, as empresas podem se manter \u00e0 frente da concorr\u00eancia e atender \u00e0 crescente demanda do mercado.<\/p>","protected":false},"excerpt":{"rendered":"<p>With the increasing demand for fresh seafood, the seafood processing industry is constantly seeking innovative solutions to improve efficiency and precision. One such solution that has gained significant attention is the commercial fish fillet machine. This cutting-edge technology revolutionizes the way fish is sliced and offers numerous benefits to seafood processors. The Significance of a [&hellip;]<\/p>\n","protected":false},"author":1,"featured_media":437,"parent":0,"template":"","tags":[20],"product-type":[25],"class_list":["post-436","product","type-product","status-publish","has-post-thumbnail","hentry","tag-fish-slicer-machine","product-type-fish-processing-machine"],"_links":{"self":[{"href":"https:\/\/meat-machine.com\/pt\/wp-json\/wp\/v2\/product\/436","targetHints":{"allow":["GET"]}}],"collection":[{"href":"https:\/\/meat-machine.com\/pt\/wp-json\/wp\/v2\/product"}],"about":[{"href":"https:\/\/meat-machine.com\/pt\/wp-json\/wp\/v2\/types\/product"}],"author":[{"embeddable":true,"href":"https:\/\/meat-machine.com\/pt\/wp-json\/wp\/v2\/users\/1"}],"wp:featuredmedia":[{"embeddable":true,"href":"https:\/\/meat-machine.com\/pt\/wp-json\/wp\/v2\/media\/437"}],"wp:attachment":[{"href":"https:\/\/meat-machine.com\/pt\/wp-json\/wp\/v2\/media?parent=436"}],"wp:term":[{"taxonomy":"post_tag","embeddable":true,"href":"https:\/\/meat-machine.com\/pt\/wp-json\/wp\/v2\/tags?post=436"},{"taxonomy":"product-type","embeddable":true,"href":"https:\/\/meat-machine.com\/pt\/wp-json\/wp\/v2\/product-type?post=436"}],"curies":[{"name":"wp","href":"https:\/\/api.w.org\/{rel}","templated":true}]}}