{"id":421,"date":"2023-06-16T15:06:48","date_gmt":"2023-06-16T07:06:48","guid":{"rendered":"https:\/\/meat-machine.com\/?post_type=product&#038;p=421"},"modified":"2023-06-16T15:06:51","modified_gmt":"2023-06-16T07:06:51","slug":"maquina-de-tumbling-de-carne","status":"publish","type":"product","link":"https:\/\/meat-machine.com\/pt\/product\/meat-tumbler-machine\/","title":{"rendered":"M\u00e1quina de copo de carne | M\u00e1quina comercial de copo a v\u00e1cuo"},"content":{"rendered":"<div class=\"kk-star-ratings kksr-auto kksr-align-left kksr-valign-top\"     data-payload='{&quot;align&quot;:&quot;left&quot;,&quot;id&quot;:&quot;421&quot;,&quot;slug&quot;:&quot;default&quot;,&quot;valign&quot;:&quot;top&quot;,&quot;ignore&quot;:&quot;&quot;,&quot;reference&quot;:&quot;auto&quot;,&quot;class&quot;:&quot;&quot;,&quot;count&quot;:&quot;29&quot;,&quot;legendonly&quot;:&quot;&quot;,&quot;readonly&quot;:&quot;&quot;,&quot;score&quot;:&quot;4.8&quot;,&quot;starsonly&quot;:&quot;&quot;,&quot;best&quot;:&quot;5&quot;,&quot;gap&quot;:&quot;5&quot;,&quot;greet&quot;:&quot;Rate this product&quot;,&quot;legend&quot;:&quot;4.8\\\/5 - (29 votes)&quot;,&quot;size&quot;:&quot;24&quot;,&quot;title&quot;:&quot;Meat Tumbler Machine | Commercial Vacuum Tumbler Machine&quot;,&quot;width&quot;:&quot;136.7&quot;,&quot;_legend&quot;:&quot;{score}\\\/{best} - ({count} {votes})&quot;,&quot;font_factor&quot;:&quot;1.25&quot;}'>              <div class=\"kksr-stars\">      <div class=\"kksr-stars-inactive\">             <div class=\"kksr-star\" data-star=\"1\" style=\"padding-right: 5px\">               <div class=\"kksr-icon\" style=\"width: 24px; height: 24px;\"><\/div>         <\/div>             <div class=\"kksr-star\" data-star=\"2\" style=\"padding-right: 5px\">               <div class=\"kksr-icon\" style=\"width: 24px; height: 24px;\"><\/div>         <\/div>             <div class=\"kksr-star\" data-star=\"3\" style=\"padding-right: 5px\">               <div class=\"kksr-icon\" style=\"width: 24px; height: 24px;\"><\/div>         <\/div>             <div class=\"kksr-star\" data-star=\"4\" style=\"padding-right: 5px\">               <div class=\"kksr-icon\" style=\"width: 24px; height: 24px;\"><\/div>         <\/div>             <div class=\"kksr-star\" data-star=\"5\" style=\"padding-right: 5px\">               <div class=\"kksr-icon\" style=\"width: 24px; height: 24px;\"><\/div>         <\/div>     <\/div>      <div class=\"kksr-stars-active\" style=\"width: 136.7px;\">             <div class=\"kksr-star\" style=\"padding-right: 5px\">               <div class=\"kksr-icon\" style=\"width: 24px; height: 24px;\"><\/div>         <\/div>             <div class=\"kksr-star\" style=\"padding-right: 5px\">               <div class=\"kksr-icon\" style=\"width: 24px; height: 24px;\"><\/div>         <\/div>             <div class=\"kksr-star\" style=\"padding-right: 5px\">               <div class=\"kksr-icon\" style=\"width: 24px; height: 24px;\"><\/div>         <\/div>             <div class=\"kksr-star\" style=\"padding-right: 5px\">               <div class=\"kksr-icon\" style=\"width: 24px; height: 24px;\"><\/div>         <\/div>             <div class=\"kksr-star\" style=\"padding-right: 5px\">               <div class=\"kksr-icon\" style=\"width: 24px; height: 24px;\"><\/div>         <\/div>     <\/div> <\/div>                   <div class=\"kksr-legend\" style=\"font-size: 19.2px;\">             4,8\/5 - (29 votos)    <\/div>     <\/div>  <p class=\"wp-block-paragraph\">Uma m\u00e1quina de copo de carne, tamb\u00e9m conhecida como m\u00e1quina de copo a v\u00e1cuo ou marinador de carne, \u00e9 um dispositivo usado na ind\u00fastria aliment\u00edcia para real\u00e7ar o sabor, a textura e a maciez da carne. \u00c9 comumente usado em instala\u00e7\u00f5es de processamento de carne, a\u00e7ougues e restaurantes.<\/p>    <p class=\"wp-block-paragraph\">A m\u00e1quina consiste em um grande tambor ou barril girat\u00f3rio onde \u00e9 colocada a carne. O tambor \u00e9 selado e uma bomba de v\u00e1cuo cria v\u00e1cuo em seu interior, removendo o ar. O v\u00e1cuo ajuda a aumentar a penetra\u00e7\u00e3o das marinadas ou temperos na carne, resultando em melhor sabor e sucul\u00eancia.<\/p>   <div class=\"wp-block-image\"> <figure class=\"aligncenter size-full\"><img loading=\"lazy\" decoding=\"async\" width=\"720\" height=\"540\" src=\"https:\/\/meat-machine.com\/wp-content\/uploads\/2023\/06\/vacuum-tumbler-machine.webp\" alt=\"m\u00e1quina de copo a v\u00e1cuo\" class=\"wp-image-429\" title=\"\" srcset=\"https:\/\/meat-machine.com\/wp-content\/uploads\/2023\/06\/vacuum-tumbler-machine.webp 720w, https:\/\/meat-machine.com\/wp-content\/uploads\/2023\/06\/vacuum-tumbler-machine-300x225.webp 300w\" sizes=\"auto, (max-width: 720px) 100vw, 720px\" \/><figcaption class=\"wp-element-caption\">m\u00e1quina de copo a v\u00e1cuo<\/figcaption><\/figure> <\/div>   <h2 class=\"wp-block-heading\">Como funciona uma m\u00e1quina de copo de carne?<\/h2>    <p class=\"wp-block-paragraph translation-block\">M\u00e1quinas tumbler de carne, como as fabricadas pela <a href=\"https:\/\/meat-machine.com\/pt\/\">Taizy Meat Machinery<\/a>, empregam um processo inovador para marinar e amaciar carne. A m\u00e1quina possui um grande tambor rotativo com p\u00e1s internas que massageiam suavemente a carne sob condi\u00e7\u00f5es de v\u00e1cuo. Esta a\u00e7\u00e3o de tombamento ajuda a marinada a penetrar profundamente nas fibras da carne, resultando em sabor aprimorado, maciez melhorada e tempo de processamento reduzido.<\/p>   <div class=\"wp-block-image\"> <figure class=\"aligncenter size-full\"><img loading=\"lazy\" decoding=\"async\" width=\"720\" height=\"540\" src=\"https:\/\/meat-machine.com\/wp-content\/uploads\/2023\/06\/working-process-of-vacuum-tumber-machine.webp\" alt=\"processo de trabalho da m\u00e1quina tumber a v\u00e1cuo\" class=\"wp-image-430\" title=\"\" srcset=\"https:\/\/meat-machine.com\/wp-content\/uploads\/2023\/06\/working-process-of-vacuum-tumber-machine.webp 720w, https:\/\/meat-machine.com\/wp-content\/uploads\/2023\/06\/working-process-of-vacuum-tumber-machine-300x225.webp 300w\" sizes=\"auto, (max-width: 720px) 100vw, 720px\" \/><figcaption class=\"wp-element-caption\">processo de trabalho da m\u00e1quina tumber a v\u00e1cuo<\/figcaption><\/figure> <\/div>   <h2 class=\"wp-block-heading\">Os par\u00e2metros da m\u00e1quina comercial de copo a v\u00e1cuo<\/h2>    <figure class=\"wp-block-table\"><table><tbody><tr><td>Modelo<\/td><td>Dimens\u00f5es (mm)<\/td><td>Comprimento do corpo (mm)<\/td><td>Di\u00e2metros do corpo (mm)<\/td><td>Pot\u00eancia (kw)<\/td><\/tr><tr><td>TZ-100L<\/td><td>1130*712*1100<\/td><td>600<\/td><td>600<\/td><td>1.5<\/td><\/tr><tr><td>TZ-200L<\/td><td>1450*800*1450<\/td><td>620<\/td><td>900<\/td><td>2.25<\/td><\/tr><tr><td>TZ-500L<\/td><td>2000*1000*1550<\/td><td>1000<\/td><td>1000<\/td><td>2.95<\/td><\/tr><tr><td>TZ-800L<\/td><td>2600*1200*1800<\/td><td>1240<\/td><td>1200<\/td><td>4.5<\/td><\/tr><tr><td>TZ-1000L<\/td><td>3100*1350*1950<\/td><td>1500<\/td><td>1200<\/td><td>5.5<\/td><\/tr><\/tbody><\/table><\/figure>    <p class=\"wp-block-paragraph\">Al\u00e9m desses modelos de m\u00e1quinas, temos tamb\u00e9m TZ-50, TZ-300, TZ-600 e TZ-1200. Se voc\u00ea precisar desta m\u00e1quina, n\u00e3o hesite em nos contatar.<\/p>   <div class=\"wp-block-image\"> <figure class=\"aligncenter size-full\"><img loading=\"lazy\" decoding=\"async\" width=\"720\" height=\"540\" src=\"https:\/\/meat-machine.com\/wp-content\/uploads\/2023\/06\/meat-vacuum-tumbler-manufacturers.webp\" alt=\"fabricantes de copos a v\u00e1cuo para carne\" class=\"wp-image-427\" title=\"\" srcset=\"https:\/\/meat-machine.com\/wp-content\/uploads\/2023\/06\/meat-vacuum-tumbler-manufacturers.webp 720w, https:\/\/meat-machine.com\/wp-content\/uploads\/2023\/06\/meat-vacuum-tumbler-manufacturers-300x225.webp 300w\" sizes=\"auto, (max-width: 720px) 100vw, 720px\" \/><figcaption class=\"wp-element-caption\">fabricantes de copos a v\u00e1cuo para carne<\/figcaption><\/figure> <\/div>   <h2 class=\"wp-block-heading\">Aplica\u00e7\u00f5es da m\u00e1quina comercial de copo a v\u00e1cuo<\/h2>    <p class=\"wp-block-paragraph translation-block\">A versatilidade das m\u00e1quinas tumbler de carne comerciais torna-as ativos valiosos em v\u00e1rios setores da ind\u00fastria da carne. Seja voc\u00ea uma pequena talhante, um processador de carne em larga escala ou um propriet\u00e1rio de restaurante, estas m\u00e1quinas podem melhorar significativamente as suas opera\u00e7\u00f5es de processamento de carne. As m\u00e1quinas tumbler a v\u00e1cuo comerciais s\u00e3o amplamente utilizadas para marinar diferentes tipos de carne, incluindo bovina, <a href=\"https:\/\/en.wikipedia.org\/wiki\/Pork\" target=\"_blank\" rel=\"noopener\">su\u00edna<\/a>, aves e marisco. Al\u00e9m disso, s\u00e3o instrumentais na melhoria da textura e apar\u00eancia de produtos de carne processada, como salsichas, presunto e bacon. <\/p>   <div class=\"wp-block-image\"> <figure class=\"aligncenter size-full\"><img loading=\"lazy\" decoding=\"async\" width=\"720\" height=\"540\" src=\"https:\/\/meat-machine.com\/wp-content\/uploads\/2023\/06\/finished-products.webp\" alt=\"produtos finalizados\" class=\"wp-image-424\" title=\"\" srcset=\"https:\/\/meat-machine.com\/wp-content\/uploads\/2023\/06\/finished-products.webp 720w, https:\/\/meat-machine.com\/wp-content\/uploads\/2023\/06\/finished-products-300x225.webp 300w\" sizes=\"auto, (max-width: 720px) 100vw, 720px\" \/><figcaption class=\"wp-element-caption\">produtos finalizados<\/figcaption><\/figure> <\/div>   <h2 class=\"wp-block-heading\">Vantagens da m\u00e1quina de copo de carne<\/h2>    <p class=\"wp-block-paragraph\">Investir em uma m\u00e1quina comercial a v\u00e1cuo oferece diversas vantagens para processadores de carne.<\/p>    <ol class=\"wp-block-list\"> <li>Em primeiro lugar, o processo de rota\u00e7\u00e3o melhora o perfil de sabor da carne, garantindo que a marinada seja distribu\u00edda uniformemente por todo o produto. Isso resulta em sabor e maciez consistentes, satisfazendo at\u00e9 os paladares mais exigentes.<\/li>    <li>Em segundo lugar, o ambiente de v\u00e1cuo dentro do copo acelera o processo de marina\u00e7\u00e3o, reduzindo o tempo total de processamento e aumentando a efici\u00eancia da produ\u00e7\u00e3o.<\/li>    <li>Al\u00e9m disso, a a\u00e7\u00e3o mec\u00e2nica do copo promove melhor extra\u00e7\u00e3o de prote\u00ednas, resultando em melhor reten\u00e7\u00e3o de \u00e1gua e sucul\u00eancia da carne.<\/li>    <li>Por \u00faltimo, a utiliza\u00e7\u00e3o de uma m\u00e1quina comercial de rota\u00e7\u00e3o de carne ajuda a reduzir a necessidade de aditivos excessivos, uma vez que a ac\u00e7\u00e3o de rota\u00e7\u00e3o maximiza a efic\u00e1cia da marinada com uma quantidade reduzida.<\/li> <\/ol>   <div class=\"wp-block-image\"> <figure class=\"aligncenter size-full\"><img loading=\"lazy\" decoding=\"async\" width=\"720\" height=\"540\" src=\"https:\/\/meat-machine.com\/wp-content\/uploads\/2023\/06\/meat-tumbler-marinator.webp\" alt=\"marinador de copo de carne\" class=\"wp-image-426\" title=\"\" srcset=\"https:\/\/meat-machine.com\/wp-content\/uploads\/2023\/06\/meat-tumbler-marinator.webp 720w, https:\/\/meat-machine.com\/wp-content\/uploads\/2023\/06\/meat-tumbler-marinator-300x225.webp 300w\" sizes=\"auto, (max-width: 720px) 100vw, 720px\" \/><figcaption class=\"wp-element-caption\">marinador de copo de carne<\/figcaption><\/figure> <\/div>   <h2 class=\"wp-block-heading\">Onde comprar uma m\u00e1quina de copo de carne a v\u00e1cuo<\/h2>    <p class=\"wp-block-paragraph\">Quando se trata de comprar um copo a v\u00e1cuo comercial, \u00e9 essencial escolher um fabricante confi\u00e1vel e de boa reputa\u00e7\u00e3o. A Taizy Meat Machinery \u00e9 um fabricante profissional e renomado de m\u00e1quinas para carne com presen\u00e7a global. Com mais de 10 anos de experi\u00eancia, a Taizy exportou suas m\u00e1quinas para mais de 20 pa\u00edses e regi\u00f5es em todo o mundo. <\/p>    <p class=\"wp-block-paragraph translation-block\">A empresa oferece uma ampla gama de m\u00e1quinas tumbler a v\u00e1cuo de carne de alta qualidade, incluindo os modelos populares para aplica\u00e7\u00f5es comerciais. Al\u00e9m disso, temos muitas m\u00e1quinas de processamento de carne, como <a href=\"https:\/\/meat-machine.com\/pt\/produto\/maquina-de-fumante-de-carne\/\">m\u00e1quinas de defuma\u00e7\u00e3o de carne<\/a>, <a href=\"https:\/\/meat-machine.com\/pt\/produto\/maquina-picadora-de-carne-comercial\/\">m\u00e1quinas picadoras de carne comerciais<\/a> e <a href=\"https:\/\/meat-machine.com\/pt\/produto\/maquina-automatica-de-corte-de-frango\/\">m\u00e1quinas de corte de carne<\/a> \u00e0 venda.<\/p>    <div class=\"wp-block-columns is-layout-flex wp-container-core-columns-is-layout-8f761849 wp-block-columns-is-layout-flex\"> <div class=\"wp-block-column is-layout-flow wp-block-column-is-layout-flow\"> <figure class=\"wp-block-image size-full\"><img loading=\"lazy\" decoding=\"async\" width=\"720\" height=\"540\" src=\"https:\/\/meat-machine.com\/wp-content\/uploads\/2022\/09\/meat-cutting-equipment.webp\" alt=\"equipamento de corte de carne\" class=\"wp-image-44\" title=\"\" srcset=\"https:\/\/meat-machine.com\/wp-content\/uploads\/2022\/09\/meat-cutting-equipment.webp 720w, https:\/\/meat-machine.com\/wp-content\/uploads\/2022\/09\/meat-cutting-equipment-300x225.webp 300w\" sizes=\"auto, (max-width: 720px) 100vw, 720px\" \/><figcaption class=\"wp-element-caption\">Equipamento de corte de carne<\/figcaption><\/figure> <\/div>    <div class=\"wp-block-column is-layout-flow wp-block-column-is-layout-flow\"> <figure class=\"wp-block-image size-full\"><img loading=\"lazy\" decoding=\"async\" width=\"720\" height=\"540\" src=\"https:\/\/meat-machine.com\/wp-content\/uploads\/2023\/03\/meat-smoker-machine-for-sale.webp\" alt=\"m\u00e1quina de defumador de carne para venda\" class=\"wp-image-375\" title=\"\" srcset=\"https:\/\/meat-machine.com\/wp-content\/uploads\/2023\/03\/meat-smoker-machine-for-sale.webp 720w, https:\/\/meat-machine.com\/wp-content\/uploads\/2023\/03\/meat-smoker-machine-for-sale-300x225.webp 300w\" sizes=\"auto, (max-width: 720px) 100vw, 720px\" \/><figcaption class=\"wp-element-caption\">M\u00e1quina de fumar carne para venda<\/figcaption><\/figure> <\/div> <\/div>    <p class=\"wp-block-paragraph\">Os marinadores comerciais de carne desempenham um papel vital na ind\u00fastria de processamento de carne, fornecendo uma solu\u00e7\u00e3o eficiente e eficaz para marinar e amaciar a carne. Sua capacidade de real\u00e7ar o sabor, reduzir o tempo de processamento e melhorar a qualidade geral do produto os torna indispens\u00e1veis \u200b\u200bpara processadores de carne de pequena e grande escala. Se voc\u00ea deseja investir em uma m\u00e1quina de secar carne, considere a Taizy Meat Machinery como seu parceiro de confian\u00e7a. Faremos o nosso melhor para ajud\u00e1-lo.<\/p>","protected":false},"excerpt":{"rendered":"<p>A meat tumbler machine, also known as a vacuum tumbler machine or meat tumbler marinator, is a device used in the food industry to enhance the flavor, texture, and tenderness of the meat. It is commonly used in meat processing facilities, butcher shops, and restaurants. The machine consists of a large rotating drum or barrel [&hellip;]<\/p>\n","protected":false},"author":1,"featured_media":423,"parent":0,"template":"","tags":[29],"product-type":[4],"class_list":["post-421","product","type-product","status-publish","has-post-thumbnail","hentry","tag-meat-tumbler-machine","product-type-meat-grinder"],"_links":{"self":[{"href":"https:\/\/meat-machine.com\/pt\/wp-json\/wp\/v2\/product\/421","targetHints":{"allow":["GET"]}}],"collection":[{"href":"https:\/\/meat-machine.com\/pt\/wp-json\/wp\/v2\/product"}],"about":[{"href":"https:\/\/meat-machine.com\/pt\/wp-json\/wp\/v2\/types\/product"}],"author":[{"embeddable":true,"href":"https:\/\/meat-machine.com\/pt\/wp-json\/wp\/v2\/users\/1"}],"wp:featuredmedia":[{"embeddable":true,"href":"https:\/\/meat-machine.com\/pt\/wp-json\/wp\/v2\/media\/423"}],"wp:attachment":[{"href":"https:\/\/meat-machine.com\/pt\/wp-json\/wp\/v2\/media?parent=421"}],"wp:term":[{"taxonomy":"post_tag","embeddable":true,"href":"https:\/\/meat-machine.com\/pt\/wp-json\/wp\/v2\/tags?post=421"},{"taxonomy":"product-type","embeddable":true,"href":"https:\/\/meat-machine.com\/pt\/wp-json\/wp\/v2\/product-type?post=421"}],"curies":[{"name":"wp","href":"https:\/\/api.w.org\/{rel}","templated":true}]}}