{"id":399,"date":"2023-04-07T11:41:27","date_gmt":"2023-04-07T03:41:27","guid":{"rendered":"https:\/\/meat-machine.com\/?post_type=product&#038;p=399"},"modified":"2025-06-24T18:29:58","modified_gmt":"2025-06-24T10:29:58","slug":"maquina-classificadora-de-ovos","status":"publish","type":"product","link":"https:\/\/meat-machine.com\/pt\/product\/egg-grader-machine\/","title":{"rendered":"M\u00e1quina classificadora de ovos | Sistema eficiente de classifica\u00e7\u00e3o de ovos"},"content":{"rendered":"<div class=\"kk-star-ratings kksr-auto kksr-align-left kksr-valign-top\"     data-payload='{&quot;align&quot;:&quot;left&quot;,&quot;id&quot;:&quot;399&quot;,&quot;slug&quot;:&quot;default&quot;,&quot;valign&quot;:&quot;top&quot;,&quot;ignore&quot;:&quot;&quot;,&quot;reference&quot;:&quot;auto&quot;,&quot;class&quot;:&quot;&quot;,&quot;count&quot;:&quot;14&quot;,&quot;legendonly&quot;:&quot;&quot;,&quot;readonly&quot;:&quot;&quot;,&quot;score&quot;:&quot;4.7&quot;,&quot;starsonly&quot;:&quot;&quot;,&quot;best&quot;:&quot;5&quot;,&quot;gap&quot;:&quot;5&quot;,&quot;greet&quot;:&quot;Rate this product&quot;,&quot;legend&quot;:&quot;4.7\\\/5 - (14 votes)&quot;,&quot;size&quot;:&quot;24&quot;,&quot;title&quot;:&quot;Egg Grader Machine | Efficient Egg Grading System&quot;,&quot;width&quot;:&quot;133.8&quot;,&quot;_legend&quot;:&quot;{score}\\\/{best} - ({count} {votes})&quot;,&quot;font_factor&quot;:&quot;1.25&quot;}'>              <div class=\"kksr-stars\">      <div class=\"kksr-stars-inactive\">             <div class=\"kksr-star\" data-star=\"1\" style=\"padding-right: 5px\">               <div class=\"kksr-icon\" style=\"width: 24px; height: 24px;\"><\/div>         <\/div>             <div class=\"kksr-star\" data-star=\"2\" style=\"padding-right: 5px\">               <div class=\"kksr-icon\" style=\"width: 24px; height: 24px;\"><\/div>         <\/div>             <div class=\"kksr-star\" data-star=\"3\" style=\"padding-right: 5px\">               <div class=\"kksr-icon\" style=\"width: 24px; height: 24px;\"><\/div>         <\/div>             <div class=\"kksr-star\" data-star=\"4\" style=\"padding-right: 5px\">               <div class=\"kksr-icon\" style=\"width: 24px; height: 24px;\"><\/div>         <\/div>             <div class=\"kksr-star\" data-star=\"5\" style=\"padding-right: 5px\">               <div class=\"kksr-icon\" style=\"width: 24px; height: 24px;\"><\/div>         <\/div>     <\/div>      <div class=\"kksr-stars-active\" style=\"width: 133.8px;\">             <div class=\"kksr-star\" style=\"padding-right: 5px\">               <div class=\"kksr-icon\" style=\"width: 24px; height: 24px;\"><\/div>         <\/div>             <div class=\"kksr-star\" style=\"padding-right: 5px\">               <div class=\"kksr-icon\" style=\"width: 24px; height: 24px;\"><\/div>         <\/div>             <div class=\"kksr-star\" style=\"padding-right: 5px\">               <div class=\"kksr-icon\" style=\"width: 24px; height: 24px;\"><\/div>         <\/div>             <div class=\"kksr-star\" style=\"padding-right: 5px\">               <div class=\"kksr-icon\" style=\"width: 24px; height: 24px;\"><\/div>         <\/div>             <div class=\"kksr-star\" style=\"padding-right: 5px\">               <div class=\"kksr-icon\" style=\"width: 24px; height: 24px;\"><\/div>         <\/div>     <\/div> <\/div>                   <div class=\"kksr-legend\" style=\"font-size: 19.2px;\">             4,7\/5 - (14 votos)    <\/div>     <\/div>  <p class=\"wp-block-paragraph\">A M\u00e1quina Classificadora de Ovos \u00e9 um dispositivo de alta efici\u00eancia projetado para classificar automaticamente ovos frescos por peso com uma precis\u00e3o not\u00e1vel. Capaz de classificar de 3.700 a 5.400 ovos por hora, esta m\u00e1quina aumenta significativamente a produtividade de granjas av\u00edcolas, f\u00e1bricas de processamento de ovos e instala\u00e7\u00f5es de embalagem de alimentos. <\/p>    <p class=\"wp-block-paragraph\">Suporta m\u00faltiplos graus de peso\u2014tipicamente de 5 a 7 n\u00edveis\u2014garantindo qualidade consistente do produto para distribui\u00e7\u00e3o comercial. Constru\u00eddo em a\u00e7o inoxid\u00e1vel e apresentando uma baixa taxa de quebra de ovos (&lt;0,3%), o classificador de ovos oferece tanto durabilidade quanto manuseio suave, tornando-se uma escolha ideal para empresas que buscam melhorar a velocidade e a uniformidade da classifica\u00e7\u00e3o de ovos.<\/p>    <figure class=\"wp-block-embed is-type-video is-provider-youtube wp-block-embed-youtube wp-embed-aspect-16-9 wp-has-aspect-ratio\"><div class=\"wp-block-embed__wrapper\"> <iframe loading=\"lazy\" title=\"Aumente a velocidade de classifica\u00e7\u00e3o de ovos com nossa m\u00e1quina de classifica\u00e7\u00e3o de \u00faltima gera\u00e7\u00e3o #egg #grading #foodmachine\" width=\"500\" height=\"281\" src=\"https:\/\/www.youtube.com\/embed\/TC5W5L2YfeM?feature=oembed\" frameborder=\"0\" allow=\"accelerometer; autoplay; clipboard-write; encrypted-media; gyroscope; picture-in-picture; web-share\" referrerpolicy=\"strict-origin-when-cross-origin\" allowfullscreen><\/iframe> <\/div><figcaption class=\"wp-element-caption\">v\u00eddeo de funcionamento da m\u00e1quina classificadora de ovos<\/figcaption><\/figure>    <h2 class=\"wp-block-heading\"> Benef\u00edcios da m\u00e1quina classificadora de ovos<\/h2>    <div class=\"wp-block-media-text is-stacked-on-mobile\"><figure class=\"wp-block-media-text__media\"><img loading=\"lazy\" decoding=\"async\" width=\"720\" height=\"540\" src=\"https:\/\/meat-machine.com\/wp-content\/uploads\/2023\/04\/egg-optical-inspection.webp\" alt=\"inspe\u00e7\u00e3o \u00f3ptica de ovo\" class=\"wp-image-597 size-full\" title=\"\" srcset=\"https:\/\/meat-machine.com\/wp-content\/uploads\/2023\/04\/egg-optical-inspection.webp 720w, https:\/\/meat-machine.com\/wp-content\/uploads\/2023\/04\/egg-optical-inspection-300x225.webp 300w, https:\/\/meat-machine.com\/wp-content\/uploads\/2023\/04\/egg-optical-inspection-16x12.webp 16w\" sizes=\"auto, (max-width: 720px) 100vw, 720px\" \/><\/figure><div class=\"wp-block-media-text__content\"> <ul class=\"wp-block-list\"> <li><strong>Alta efici\u00eancia<\/strong>. Com capacidade que varia de 3.700 a 5.400 ovos por hora, a m\u00e1quina aumenta significativamente a velocidade e a efici\u00eancia da classifica\u00e7\u00e3o dos ovos.<\/li>    <li><strong>Precis\u00e3o excepcional<\/strong>. Equipada com balan\u00e7as eletr\u00f4nicas e sistemas controlados por computador, a niveladora minimiza erros comumente observados na classifica\u00e7\u00e3o manual.<\/li> <\/ul> <\/div><\/div>    <div class=\"wp-block-media-text has-media-on-the-right is-stacked-on-mobile\"><div class=\"wp-block-media-text__content\"> <ul class=\"wp-block-list\"> <li><strong>Melhor qualidade do produto<\/strong>. A fun\u00e7\u00e3o de inspe\u00e7\u00e3o por luz integrada detecta ovos rachados e defeituosos, garantindo que apenas ovos de alta qualidade sejam classificados.<\/li>    <li><strong>Quebra m\u00ednima<\/strong>. A m\u00e1quina foi projetada para um manuseio cuidadoso, atingindo uma taxa de quebra pr\u00f3xima de zero.<\/li>    <li><strong>Aplica\u00e7\u00f5es vers\u00e1teis<\/strong>. Adequado para classificar v\u00e1rios tipos de ovos, incluindo ovos de pato, ganso, codorna e outros ovos especiais.<\/li> <\/ul> <\/div><figure class=\"wp-block-media-text__media\"><img loading=\"lazy\" decoding=\"async\" width=\"720\" height=\"540\" src=\"https:\/\/meat-machine.com\/wp-content\/uploads\/2023\/04\/hot-sale-egg-grading-equipment.webp\" alt=\"venda quente de equipamento de classifica\u00e7\u00e3o de ovos\" class=\"wp-image-403 size-full\" title=\"\" srcset=\"https:\/\/meat-machine.com\/wp-content\/uploads\/2023\/04\/hot-sale-egg-grading-equipment.webp 720w, https:\/\/meat-machine.com\/wp-content\/uploads\/2023\/04\/hot-sale-egg-grading-equipment-300x225.webp 300w\" sizes=\"auto, (max-width: 720px) 100vw, 720px\" \/><\/figure><\/div>    <h2 class=\"wp-block-heading\">Par\u00e2metros t\u00e9cnicos do equipamento de classifica\u00e7\u00e3o de ovos<\/h2>    <figure class=\"wp-block-table\"><table class=\"has-fixed-layout\"><tbody><tr><td>Modelo<\/td><td>TZ-3700<\/td><td>TZ-4000<\/td><td>TZ-5400<\/td><\/tr><tr><td>Capacidade (pcs\/h)<\/td><td>3700<\/td><td>4000<\/td><td>5400<\/td><\/tr><tr><td>Pot\u00eancia (kw)<\/td><td>5<\/td><td>7<\/td><td>5<\/td><\/tr><tr><td>Tamanho (mm)<\/td><td>1400x1600x1000<\/td><td>1700x1450x1000<\/td><td>1800x1600x1000<\/td><\/tr><tr><td>Notas<\/td><td>7<\/td><td>7<\/td><td>5<\/td><\/tr><tr><td>Tens\u00e3o (v)<\/td><td>220<\/td><td>220<\/td><td>220<\/td><\/tr><\/tbody><\/table><figcaption class=\"wp-element-caption\">par\u00e2metros da m\u00e1quina de classifica\u00e7\u00e3o de bandeja de ovos<\/figcaption><\/figure>    <p class=\"wp-block-paragraph translation-block\">Como pode ver na tabela, temos uma m\u00e1quina classificadora de ovos de grande escala e uma <a href=\"https:\/\/meat-machine.com\/pt\/info\/classificador-de-ovos-taizy-a-venda-na-irlanda\/\">m\u00e1quina classificadora de ovos de pequena escala para venda<\/a>. Na Taizy Machinery, a capacidade da nossa m\u00e1quina classificadora de ovos \u00e9 de 3.700 a 5.400 ovos\/h.<\/p>    <p class=\"wp-block-paragraph\">O tamanho e o peso s\u00e3o diferentes para modelos diferentes. Se quiser saber mais sobre esta m\u00e1quina, entre em contato conosco.<\/p>   <div class=\"wp-block-image\"> <figure class=\"aligncenter size-full\"><img loading=\"lazy\" decoding=\"async\" width=\"720\" height=\"540\" src=\"https:\/\/meat-machine.com\/wp-content\/uploads\/2023\/04\/our-factory-1.webp\" alt=\"m\u00e1quinas de classifica\u00e7\u00e3o de ovos de diferentes modelos \u00e0 venda\" class=\"wp-image-599\" title=\"\" srcset=\"https:\/\/meat-machine.com\/wp-content\/uploads\/2023\/04\/our-factory-1.webp 720w, https:\/\/meat-machine.com\/wp-content\/uploads\/2023\/04\/our-factory-1-300x225.webp 300w, https:\/\/meat-machine.com\/wp-content\/uploads\/2023\/04\/our-factory-1-16x12.webp 16w\" sizes=\"auto, (max-width: 720px) 100vw, 720px\" \/><figcaption class=\"wp-element-caption\">diferentes modelos de m\u00e1quinas de classifica\u00e7\u00e3o de ovos para venda<\/figcaption><\/figure> <\/div>   <h2 class=\"wp-block-heading\">M\u00e1quina classificadora de ovos em pequena escala<\/h2>    <div class=\"wp-block-media-text is-stacked-on-mobile\"><figure class=\"wp-block-media-text__media\"><img loading=\"lazy\" decoding=\"async\" width=\"720\" height=\"540\" src=\"https:\/\/meat-machine.com\/wp-content\/uploads\/2023\/04\/small-scale-egg-grading-machine.webp\" alt=\"m\u00e1quina de classifica\u00e7\u00e3o de ovos em pequena escala\" class=\"wp-image-408 size-full\" title=\"\" srcset=\"https:\/\/meat-machine.com\/wp-content\/uploads\/2023\/04\/small-scale-egg-grading-machine.webp 720w, https:\/\/meat-machine.com\/wp-content\/uploads\/2023\/04\/small-scale-egg-grading-machine-300x225.webp 300w\" sizes=\"auto, (max-width: 720px) 100vw, 720px\" \/><\/figure><div class=\"wp-block-media-text__content\"> <ul class=\"wp-block-list\"> <li><strong>Capacidade de processamento<\/strong>. Processa at\u00e9 3.700 ovos por hora, ideal para opera\u00e7\u00f5es de pequena escala.<\/li>    <li><strong>Aplica\u00e7\u00f5es adequadas<\/strong>. Perfeito para pequenas propriedades e fazendas familiares.<\/li>    <li><strong>Requisitos trabalhistas<\/strong>. Menos automa\u00e7\u00e3o significa que \u00e9 necess\u00e1rio mais envolvimento manual.<\/li>    <li><strong>Op\u00e7\u00e3o econ\u00f4mica<\/strong>. Uma \u00f3tima op\u00e7\u00e3o para quem tem or\u00e7amento limitado.<\/li>    <li><strong>Design compacto<\/strong>. Projetado para atender \u00e0s necessidades de ambientes de produ\u00e7\u00e3o em menor escala.<\/li> <\/ul> <\/div><\/div>    <h2 class=\"wp-block-heading\">M\u00e1quina classificadora de ovos em grande escala<\/h2>    <div class=\"wp-block-media-text has-media-on-the-right is-stacked-on-mobile\"><div class=\"wp-block-media-text__content\"> <ul class=\"wp-block-list\"> <li><strong>Alta capacidade<\/strong>. Capaz de classificar at\u00e9 5.400 ovos por hora, adequada para opera\u00e7\u00f5es de grande escala.<\/li>    <li><strong>Recomendado para grandes produ\u00e7\u00f5es<\/strong>. Para capacidades superiores a 10.000 ovos por hora, recomenda-se uma linha completa de processamento de ovos.<\/li>    <li><strong>Processamento abrangente<\/strong>. Inclui fun\u00e7\u00f5es como limpeza de ovos, classifica\u00e7\u00e3o, inspe\u00e7\u00e3o \u00f3ptica e pulveriza\u00e7\u00e3o de \u00f3leo.<\/li> <\/ul> <\/div><figure class=\"wp-block-media-text__media\"><img loading=\"lazy\" decoding=\"async\" width=\"720\" height=\"540\" src=\"https:\/\/meat-machine.com\/wp-content\/uploads\/2023\/04\/large-scale-egg-grader-machine.webp\" alt=\"m\u00e1quina classificadora de ovos em grande escala\" class=\"wp-image-404 size-full\" title=\"\" srcset=\"https:\/\/meat-machine.com\/wp-content\/uploads\/2023\/04\/large-scale-egg-grader-machine.webp 720w, https:\/\/meat-machine.com\/wp-content\/uploads\/2023\/04\/large-scale-egg-grader-machine-300x225.webp 300w\" sizes=\"auto, (max-width: 720px) 100vw, 720px\" \/><\/figure><\/div>    <div class=\"wp-block-media-text is-stacked-on-mobile\"><figure class=\"wp-block-media-text__media\"><img loading=\"lazy\" decoding=\"async\" width=\"720\" height=\"540\" src=\"https:\/\/meat-machine.com\/wp-content\/uploads\/2023\/04\/egg-grading-machine-for-sale.webp\" alt=\"m\u00e1quina de classifica\u00e7\u00e3o de ovos \u00e0 venda\" class=\"wp-image-820 size-full\" title=\"\" srcset=\"https:\/\/meat-machine.com\/wp-content\/uploads\/2023\/04\/egg-grading-machine-for-sale.webp 720w, https:\/\/meat-machine.com\/wp-content\/uploads\/2023\/04\/egg-grading-machine-for-sale-300x225.webp 300w, https:\/\/meat-machine.com\/wp-content\/uploads\/2023\/04\/egg-grading-machine-for-sale-16x12.webp 16w\" sizes=\"auto, (max-width: 720px) 100vw, 720px\" \/><\/figure><div class=\"wp-block-media-text__content\"> <ul class=\"wp-block-list\"> <li><strong>Efici\u00eancia aprimorada<\/strong>. Projetado para agilizar a produ\u00e7\u00e3o de ovos em grande escala com alta automa\u00e7\u00e3o.<\/li>    <li><strong>Ideal para uso comercial<\/strong>. Ideal para f\u00e1bricas de processamento de ovos e grandes granjas av\u00edcolas.<\/li> <\/ul> <\/div><\/div>    <h2 class=\"wp-block-heading\">Como funciona uma m\u00e1quina classificadora de ovos?<\/h2>    <div class=\"wp-block-media-text has-media-on-the-right is-stacked-on-mobile\"><div class=\"wp-block-media-text__content\"> <ul class=\"wp-block-list\"> <li><strong>Coloca\u00e7\u00e3o de ovos<\/strong>. Os ovos s\u00e3o colocados na esteira transportadora para iniciar o processo de classifica\u00e7\u00e3o.<\/li>    <li><strong>Pesagem<\/strong>. A esteira transportadora transfere os ovos para balan\u00e7as eletr\u00f4nicas, que medem com precis\u00e3o seu peso.<\/li>    <li><strong>Transmiss\u00e3o de dados<\/strong>. Os dados de peso s\u00e3o enviados para o sistema de controle do computador.<\/li> <\/ul> <\/div><figure class=\"wp-block-media-text__media\"><img loading=\"lazy\" decoding=\"async\" width=\"720\" height=\"540\" src=\"https:\/\/meat-machine.com\/wp-content\/uploads\/2023\/04\/working-process.webp\" alt=\"processo de trabalho\" class=\"wp-image-409 size-full\" title=\"\" srcset=\"https:\/\/meat-machine.com\/wp-content\/uploads\/2023\/04\/working-process.webp 720w, https:\/\/meat-machine.com\/wp-content\/uploads\/2023\/04\/working-process-300x225.webp 300w\" sizes=\"auto, (max-width: 720px) 100vw, 720px\" \/><\/figure><\/div>    <div class=\"wp-block-media-text is-stacked-on-mobile\"><figure class=\"wp-block-media-text__media\"><img loading=\"lazy\" decoding=\"async\" width=\"720\" height=\"540\" src=\"https:\/\/meat-machine.com\/wp-content\/uploads\/2023\/04\/egg-grading-machine.webp\" alt=\"m\u00e1quina de classifica\u00e7\u00e3o de ovos\" class=\"wp-image-822 size-full\" title=\"\" srcset=\"https:\/\/meat-machine.com\/wp-content\/uploads\/2023\/04\/egg-grading-machine.webp 720w, https:\/\/meat-machine.com\/wp-content\/uploads\/2023\/04\/egg-grading-machine-300x225.webp 300w, https:\/\/meat-machine.com\/wp-content\/uploads\/2023\/04\/egg-grading-machine-16x12.webp 16w\" sizes=\"auto, (max-width: 720px) 100vw, 720px\" \/><\/figure><div class=\"wp-block-media-text__content\"> <ul class=\"wp-block-list\"> <li><strong>Classifica\u00e7\u00e3o<\/strong>. O sistema de controle do computador classifica os ovos em 5, 6 ou 7 categorias com base em padr\u00f5es de peso predefinidos.<\/li>    <li><strong>Distribui\u00e7\u00e3o de sa\u00edda<\/strong>. Os ovos classificados s\u00e3o direcionados para diferentes canais de sa\u00edda para processamento posterior, como codifica\u00e7\u00e3o e embalagem de ovos.<\/li> <\/ul> <\/div><\/div>    <h2 class=\"wp-block-heading\">Por que classificamos os ovos?<\/h2>    <div class=\"wp-block-media-text has-media-on-the-right is-stacked-on-mobile\"><div class=\"wp-block-media-text__content\"> <ul class=\"wp-block-list\"> <li><strong>Atendendo \u00e0 demanda do mercado<\/strong>. A classifica\u00e7\u00e3o garante que os ovos atendam aos requisitos espec\u00edficos de tamanho e peso, atendendo \u00e0s diversas necessidades do mercado e aumentando seu valor de vendas.<\/li>    <li><strong>estandardiza\u00e7\u00e3o<\/strong>. A produ\u00e7\u00e3o de ovos padronizados aumenta a confian\u00e7a do consumidor e fortalece a reputa\u00e7\u00e3o da marca.<\/li> <\/ul> <\/div><figure class=\"wp-block-media-text__media\"><img loading=\"lazy\" decoding=\"async\" width=\"720\" height=\"540\" src=\"https:\/\/meat-machine.com\/wp-content\/uploads\/2023\/04\/eggs.webp\" alt=\"ovos classificados\" class=\"wp-image-412 size-full\" title=\"\" srcset=\"https:\/\/meat-machine.com\/wp-content\/uploads\/2023\/04\/eggs.webp 720w, https:\/\/meat-machine.com\/wp-content\/uploads\/2023\/04\/eggs-300x225.webp 300w\" sizes=\"auto, (max-width: 720px) 100vw, 720px\" \/><\/figure><\/div>    <div class=\"wp-block-media-text is-stacked-on-mobile\"><figure class=\"wp-block-media-text__media\"><img loading=\"lazy\" decoding=\"async\" width=\"720\" height=\"540\" src=\"https:\/\/meat-machine.com\/wp-content\/uploads\/2023\/04\/egg-grading-machine-price.webp\" alt=\"pre\u00e7o da m\u00e1quina de classifica\u00e7\u00e3o de ovos\" class=\"wp-image-821 size-full\" title=\"\" srcset=\"https:\/\/meat-machine.com\/wp-content\/uploads\/2023\/04\/egg-grading-machine-price.webp 720w, https:\/\/meat-machine.com\/wp-content\/uploads\/2023\/04\/egg-grading-machine-price-300x225.webp 300w, https:\/\/meat-machine.com\/wp-content\/uploads\/2023\/04\/egg-grading-machine-price-16x12.webp 16w\" sizes=\"auto, (max-width: 720px) 100vw, 720px\" \/><\/figure><div class=\"wp-block-media-text__content\"> <ul class=\"wp-block-list\"> <li><strong>Estrat\u00e9gia de pre\u00e7os otimizada<\/strong>. A classifica\u00e7\u00e3o permite estrat\u00e9gias de pre\u00e7os personalizadas, maximizando o potencial de vendas e lucro.<\/li>    <li><strong>Padr\u00f5es de higiene aprimorados<\/strong>. O processo de classifica\u00e7\u00e3o geralmente inclui limpeza e higieniza\u00e7\u00e3o, garantindo a seguran\u00e7a alimentar e atendendo aos requisitos de higiene.<\/li> <\/ul> <\/div><\/div>    <h2 class=\"wp-block-heading\">Os diferentes tipos de m\u00e1quinas classificadoras de ovos do mercado<\/h2>    <p class=\"wp-block-paragraph\">Existem v\u00e1rios tipos de m\u00e1quinas de classifica\u00e7\u00e3o de ovos dispon\u00edveis no mercado, como peso, formato, cor e geral. Diferentes tipos de m\u00e1quinas classificadoras de ovos podem classificar os ovos de acordo com diferentes medidas. <\/p>    <p class=\"wp-block-paragraph\">Voc\u00ea pode escolher a m\u00e1quina certa de acordo com suas necessidades. A Taizy Machinery oferece m\u00e1quinas classificadoras de ovos que classificam os ovos de acordo com o peso.<\/p>   <div class=\"wp-block-image\"> <figure class=\"aligncenter size-full\"><img loading=\"lazy\" decoding=\"async\" width=\"720\" height=\"540\" src=\"https:\/\/meat-machine.com\/wp-content\/uploads\/2023\/04\/egg-grader-machine.webp\" alt=\"m\u00e1quina classificadora de ovos\" class=\"wp-image-596\" title=\"\" srcset=\"https:\/\/meat-machine.com\/wp-content\/uploads\/2023\/04\/egg-grader-machine.webp 720w, https:\/\/meat-machine.com\/wp-content\/uploads\/2023\/04\/egg-grader-machine-300x225.webp 300w, https:\/\/meat-machine.com\/wp-content\/uploads\/2023\/04\/egg-grader-machine-16x12.webp 16w\" sizes=\"auto, (max-width: 720px) 100vw, 720px\" \/><figcaption class=\"wp-element-caption\">m\u00e1quina classificadora de ovos<\/figcaption><\/figure> <\/div>   <h2 class=\"wp-block-heading\">FAQ da m\u00e1quina classificadora de ovos<\/h2>   <div id=\"rank-math-faq\" class=\"rank-math-block\"> <div class=\"rank-math-list\"> <div id=\"faq-question-1721201005731\" class=\"rank-math-list-item\"> <h3 class=\"rank-math-question\">Que manuten\u00e7\u00e3o \u00e9 necess\u00e1ria para uma m\u00e1quina de classifica\u00e7\u00e3o de ovos?<\/h3> <div class=\"rank-math-answer\">  <p>Isso inclui limpar os sensores e transportadores, verificar pe\u00e7as desgastadas, lubrificar componentes m\u00f3veis e garantir que o software esteja atualizado.<\/p>  <\/div> <\/div> <div id=\"faq-question-1721201021839\" class=\"rank-math-list-item\"> <h3 class=\"rank-math-question\">O equipamento de classifica\u00e7\u00e3o de ovos pode detectar e remover ovos defeituosos?<\/h3> <div class=\"rank-math-answer\">  <p>Sim, nossas classificadoras de ovos possuem sensores e sistemas de inspe\u00e7\u00e3o que podem detectar defeitos como rachaduras ou outras anormalidades.<\/p>  <\/div> <\/div> <div id=\"faq-question-1721201035612\" class=\"rank-math-list-item\"> <h3 class=\"rank-math-question\">Existem recursos de seguran\u00e7a na m\u00e1quina?<\/h3> <div class=\"rank-math-answer\">  <p>Sim, as m\u00e1quinas classificadoras de ovos incluem recursos de seguran\u00e7a, como bot\u00f5es de parada de emerg\u00eancia, capas protetoras e sensores para prevenir acidentes.<\/p>  <\/div> <\/div> <\/div> <\/div>  <div class=\"wp-block-image\"> <figure class=\"aligncenter size-full\"><img loading=\"lazy\" decoding=\"async\" width=\"720\" height=\"540\" src=\"https:\/\/meat-machine.com\/wp-content\/uploads\/2023\/04\/applications-of-egg-grader-machine.webp\" alt=\"aplica\u00e7\u00f5es da m\u00e1quina classificadora de ovos\" class=\"wp-image-401\" title=\"\" srcset=\"https:\/\/meat-machine.com\/wp-content\/uploads\/2023\/04\/applications-of-egg-grader-machine.webp 720w, https:\/\/meat-machine.com\/wp-content\/uploads\/2023\/04\/applications-of-egg-grader-machine-300x225.webp 300w\" sizes=\"auto, (max-width: 720px) 100vw, 720px\" \/><figcaption class=\"wp-element-caption\">aplica\u00e7\u00f5es da m\u00e1quina classificadora de ovos<\/figcaption><\/figure> <\/div>   <h2 class=\"wp-block-heading\">Conclus\u00e3o<\/h2>    <p class=\"wp-block-paragraph translation-block\">Em conclus\u00e3o, a m\u00e1quina classificadora de <a href=\"https:\/\/en.wikipedia.org\/wiki\/Egg\" data-type=\"link\" data-id=\"https:\/\/en.wikipedia.org\/wiki\/Egg\" target=\"_blank\" rel=\"noopener\">ovos<\/a> oferece efici\u00eancia, precis\u00e3o e versatilidade excecionais, tornando-a a solu\u00e7\u00e3o ideal para uma vasta gama de ind\u00fastrias, desde quintas av\u00edcolas a instala\u00e7\u00f5es de processamento de alimentos. <\/p>    <p class=\"wp-block-paragraph\">Com op\u00e7\u00f5es de classifica\u00e7\u00e3o personaliz\u00e1veis, tecnologia avan\u00e7ada e um design robusto, garante qualidade consistente e maior produtividade. <\/p>    <p class=\"wp-block-paragraph\">Contate-nos hoje para obter mais informa\u00e7\u00f5es, um or\u00e7amento personalizado e saber como podemos ajudar a elevar sua capacidade de processamento de ovos.<\/p>","protected":false},"excerpt":{"rendered":"<p>A M\u00e1quina Classificadora de Ovos \u00e9 um dispositivo de alta efici\u00eancia projetado para classificar automaticamente ovos frescos por peso com not\u00e1vel precis\u00e3o. <\/p>","protected":false},"author":1,"featured_media":402,"parent":0,"template":"","tags":[45,46,40],"product-type":[28],"class_list":["post-399","product","type-product","status-publish","has-post-thumbnail","hentry","tag-egg-grader-machine","tag-egg-grading-system","tag-eggs","product-type-egg-processing-machine"],"_links":{"self":[{"href":"https:\/\/meat-machine.com\/pt\/wp-json\/wp\/v2\/product\/399","targetHints":{"allow":["GET"]}}],"collection":[{"href":"https:\/\/meat-machine.com\/pt\/wp-json\/wp\/v2\/product"}],"about":[{"href":"https:\/\/meat-machine.com\/pt\/wp-json\/wp\/v2\/types\/product"}],"author":[{"embeddable":true,"href":"https:\/\/meat-machine.com\/pt\/wp-json\/wp\/v2\/users\/1"}],"wp:featuredmedia":[{"embeddable":true,"href":"https:\/\/meat-machine.com\/pt\/wp-json\/wp\/v2\/media\/402"}],"wp:attachment":[{"href":"https:\/\/meat-machine.com\/pt\/wp-json\/wp\/v2\/media?parent=399"}],"wp:term":[{"taxonomy":"post_tag","embeddable":true,"href":"https:\/\/meat-machine.com\/pt\/wp-json\/wp\/v2\/tags?post=399"},{"taxonomy":"product-type","embeddable":true,"href":"https:\/\/meat-machine.com\/pt\/wp-json\/wp\/v2\/product-type?post=399"}],"curies":[{"name":"wp","href":"https:\/\/api.w.org\/{rel}","templated":true}]}}