{"id":389,"date":"2023-03-29T16:46:02","date_gmt":"2023-03-29T08:46:02","guid":{"rendered":"https:\/\/meat-machine.com\/?post_type=product&#038;p=389"},"modified":"2025-07-30T18:26:50","modified_gmt":"2025-07-30T10:26:50","slug":"maquina-de-embalagem-a-vacuo-de-carne","status":"publish","type":"product","link":"https:\/\/meat-machine.com\/pt\/product\/meat-vacuum-packaging-machine\/","title":{"rendered":"M\u00e1quina de Embalagem a V\u00e1cuo para Carne"},"content":{"rendered":"<div class=\"kk-star-ratings kksr-auto kksr-align-left kksr-valign-top\"     data-payload='{&quot;align&quot;:&quot;left&quot;,&quot;id&quot;:&quot;389&quot;,&quot;slug&quot;:&quot;default&quot;,&quot;valign&quot;:&quot;top&quot;,&quot;ignore&quot;:&quot;&quot;,&quot;reference&quot;:&quot;auto&quot;,&quot;class&quot;:&quot;&quot;,&quot;count&quot;:&quot;15&quot;,&quot;legendonly&quot;:&quot;&quot;,&quot;readonly&quot;:&quot;&quot;,&quot;score&quot;:&quot;4.8&quot;,&quot;starsonly&quot;:&quot;&quot;,&quot;best&quot;:&quot;5&quot;,&quot;gap&quot;:&quot;5&quot;,&quot;greet&quot;:&quot;Rate this product&quot;,&quot;legend&quot;:&quot;4.8\\\/5 - (15 votes)&quot;,&quot;size&quot;:&quot;24&quot;,&quot;title&quot;:&quot;Meat Vacuum Packaging Machine&quot;,&quot;width&quot;:&quot;136.7&quot;,&quot;_legend&quot;:&quot;{score}\\\/{best} - ({count} {votes})&quot;,&quot;font_factor&quot;:&quot;1.25&quot;}'>              <div class=\"kksr-stars\">      <div class=\"kksr-stars-inactive\">             <div class=\"kksr-star\" data-star=\"1\" style=\"padding-right: 5px\">               <div class=\"kksr-icon\" style=\"width: 24px; height: 24px;\"><\/div>         <\/div>             <div class=\"kksr-star\" data-star=\"2\" style=\"padding-right: 5px\">               <div class=\"kksr-icon\" style=\"width: 24px; height: 24px;\"><\/div>         <\/div>             <div class=\"kksr-star\" data-star=\"3\" style=\"padding-right: 5px\">               <div class=\"kksr-icon\" style=\"width: 24px; height: 24px;\"><\/div>         <\/div>             <div class=\"kksr-star\" data-star=\"4\" style=\"padding-right: 5px\">               <div class=\"kksr-icon\" style=\"width: 24px; height: 24px;\"><\/div>         <\/div>             <div class=\"kksr-star\" data-star=\"5\" style=\"padding-right: 5px\">               <div class=\"kksr-icon\" style=\"width: 24px; height: 24px;\"><\/div>         <\/div>     <\/div>      <div class=\"kksr-stars-active\" style=\"width: 136.7px;\">             <div class=\"kksr-star\" style=\"padding-right: 5px\">               <div class=\"kksr-icon\" style=\"width: 24px; height: 24px;\"><\/div>         <\/div>             <div class=\"kksr-star\" style=\"padding-right: 5px\">               <div class=\"kksr-icon\" style=\"width: 24px; height: 24px;\"><\/div>         <\/div>             <div class=\"kksr-star\" style=\"padding-right: 5px\">               <div class=\"kksr-icon\" style=\"width: 24px; height: 24px;\"><\/div>         <\/div>             <div class=\"kksr-star\" style=\"padding-right: 5px\">               <div class=\"kksr-icon\" style=\"width: 24px; height: 24px;\"><\/div>         <\/div>             <div class=\"kksr-star\" style=\"padding-right: 5px\">               <div class=\"kksr-icon\" style=\"width: 24px; height: 24px;\"><\/div>         <\/div>     <\/div> <\/div>                   <div class=\"kksr-legend\" style=\"font-size: 19.2px;\">             4,8\/5 - (15 votos)    <\/div>     <\/div>  <p class=\"wp-block-paragraph\">A M\u00e1quina de Embalagem a V\u00e1cuo para Carne \u00e9 projetada para selar eficientemente v\u00e1rios tipos de produtos de carne em sacos selados a v\u00e1cuo, prolongando a vida \u00fatil enquanto mant\u00e9m a frescura, o sabor e a higiene. <\/p>    <p class=\"wp-block-paragraph\">Ideal para f\u00e1bricas de processamento de carne, talhos e instala\u00e7\u00f5es de embalagem de alimentos, esta m\u00e1quina ajuda a prevenir a oxida\u00e7\u00e3o, deteriora\u00e7\u00e3o e contamina\u00e7\u00e3o. <\/p>    <p class=\"wp-block-paragraph translation-block\">Com uma capacidade de <strong>2\u20134 ciclos por minuto<\/strong>, garante desempenho r\u00e1pido e fi\u00e1vel tanto para aplica\u00e7\u00f5es de pequena escala como industriais.<\/p>    <figure class=\"wp-block-embed is-type-video is-provider-youtube wp-block-embed-youtube wp-embed-aspect-16-9 wp-has-aspect-ratio\"><div class=\"wp-block-embed__wrapper\"> <iframe loading=\"lazy\" title=\"Como Funciona uma M\u00e1quina de Embalagem a V\u00e1cuo \u2013 Demonstra\u00e7\u00e3o Completa! #v\u00e1cuo #embalagem #vegetais #carne #fruta\" width=\"500\" height=\"281\" src=\"https:\/\/www.youtube.com\/embed\/Wl9ABLGhC2E?feature=oembed\" frameborder=\"0\" allow=\"accelerometer; autoplay; clipboard-write; encrypted-media; gyroscope; picture-in-picture; web-share\" referrerpolicy=\"strict-origin-when-cross-origin\" allowfullscreen><\/iframe> <\/div><figcaption class=\"wp-element-caption\">V\u00eddeo de Trabalho da M\u00e1quina de Embalagem a V\u00e1cuo para Carne<\/figcaption><\/figure>    <h2 class=\"wp-block-heading\">Qual foi o melhor sistema de embalagem para carne?<\/h2>    <p class=\"wp-block-paragraph translation-block\">Quanto \u00e0 preserva\u00e7\u00e3o da qualidade da carne e \u00e0 extens\u00e3o da vida \u00fatil, o <strong>empaque a v\u00e1cuo<\/strong> destaca-se como o m\u00e9todo mais eficaz. Eis o motivo:<\/p>    <div class=\"wp-block-media-text is-stacked-on-mobile\"><figure class=\"wp-block-media-text__media\"><img loading=\"lazy\" decoding=\"async\" width=\"720\" height=\"540\" src=\"https:\/\/meat-machine.com\/wp-content\/uploads\/2023\/03\/vacuum-packed-food.webp\" alt=\"alimentos embalados a v\u00e1cuo\" class=\"wp-image-394 size-full\" title=\"\" srcset=\"https:\/\/meat-machine.com\/wp-content\/uploads\/2023\/03\/vacuum-packed-food.webp 720w, https:\/\/meat-machine.com\/wp-content\/uploads\/2023\/03\/vacuum-packed-food-300x225.webp 300w\" sizes=\"auto, (max-width: 720px) 100vw, 720px\" \/><\/figure><div class=\"wp-block-media-text__content\"> <ul class=\"wp-block-list\"> <li><strong>Efici\u00eancia na remo\u00e7\u00e3o de ar<\/strong>: a embalagem a v\u00e1cuo remove completamente o ar dos sacos de embalagem de carne, prevenindo a exposi\u00e7\u00e3o ao oxig\u00eanio.<\/li>    <li><strong>Previne a oxida\u00e7\u00e3o<\/strong>: ao eliminar o oxig\u00eanio, reduz o risco de descolora\u00e7\u00e3o e ran\u00e7o da carne.<\/li>    <li><strong>Inibe o crescimento bacteriano<\/strong>: o ambiente a v\u00e1cuo desacelera significativamente o crescimento de bact\u00e9rias de deteriora\u00e7\u00e3o.<\/li>    <li><strong>Aumenta a vida \u00fatil<\/strong>: a carne permanece mais fresca por mais tempo em compara\u00e7\u00e3o com m\u00e9todos de embalagem tradicionais.<\/li>    <li><strong>Melhora o armazenamento e o transporte<\/strong>: a carne selada a v\u00e1cuo ocupa menos espa\u00e7o e \u00e9 mais f\u00e1cil de armazenar ou enviar.<\/li> <\/ul> <\/div><\/div>    <p class=\"wp-block-paragraph translation-block\">Se estiver a planear produzir carne embalada a v\u00e1cuo, recomendamos fortemente a utiliza\u00e7\u00e3o de uma <strong>m\u00e1quina de embalagem a v\u00e1cuo para carne<\/strong>. Na verdade, no m\u00eas passado, um cliente da <strong>Mal\u00e1sia<\/strong>, que fabrica <a href=\"https:\/\/meat-machine.com\/pt\/produto\/fatiadora-de-carne-congelada-comercial\/\" data-type=\"link\" data-id=\"https:\/\/meat-machine.com\/product\/commercial-frozen-meat-slicer\/\">fatiadores de carne<\/a> e <a href=\"https:\/\/meat-machine.com\/pt\/produto\/maquina-de-cortar-carne\/\" data-type=\"link\" data-id=\"https:\/\/meat-machine.com\/product\/meat-dicing-machine\/\">carne picada<\/a>, adquiriu esta m\u00e1quina para melhorar o seu processo de embalagem.<\/p>    <h2 class=\"wp-block-heading\">Par\u00e2metros da m\u00e1quina de embalagem a v\u00e1cuo para carne<\/h2>    <figure class=\"wp-block-table\"><table><tbody><tr><td>Modelo<\/td><td>M\u00e1quina de embalagem a v\u00e1cuo de c\u00e2mara \u00fanica<\/td><td>M\u00e1quina de embalagem a v\u00e1cuo de c\u00e2mara dupla<\/td><\/tr><tr><td>Pot\u00eancia da bomba de v\u00e1cuo<\/td><td>0,9 kW<\/td><td>1,5 kW<\/td><\/tr><tr><td>Poder de selagem<\/td><td>0,6 kW<\/td><td>1,17 kW<\/td><\/tr><tr><td>Tens\u00e3o<\/td><td>220v\/50hz<\/td><td>380v\/50hz<\/td><\/tr><tr><td>Material<\/td><td>302 a\u00e7o inoxid\u00e1vel<\/td><td>302 a\u00e7o inoxid\u00e1vel<\/td><\/tr><tr><td>N\u00e3o de tiras de veda\u00e7\u00e3o<\/td><td>1<\/td><td>3<\/td><\/tr><tr><td>Press\u00e3o absoluta<\/td><td>0,1 pa<\/td><td>0,1 pa<\/td><\/tr><tr><td>Material de cobertura<\/td><td>Vidro org\u00e2nico<\/td><td>Vidro org\u00e2nico<\/td><\/tr><tr><td>Tamanho da m\u00e1quina<\/td><td>650x580x960mm<\/td><td>1260x605x960mm<\/td><\/tr><tr><td>Peso da m\u00e1quina<\/td><td>80kg<\/td><td>150kg<\/td><\/tr><\/tbody><\/table><figcaption class=\"wp-element-caption\">par\u00e2metros de m\u00e1quinas de embalagem de carne<\/figcaption><\/figure>    <p class=\"wp-block-paragraph translation-block\">Os anteriormente referidos s\u00e3o os par\u00e2metros das duas m\u00e1quinas de embalagem a v\u00e1cuo para carne mais vendidas na Taizy <a href=\"https:\/\/meat-machine.com\/pt\/\">Meat Machinery Factory<\/a>. Uma \u00e9 uma m\u00e1quina de embalar a v\u00e1cuo de c\u00e2mara \u00fanica, e a outra \u00e9 uma m\u00e1quina de embalar a v\u00e1cuo de c\u00e2mara dupla. <\/p>    <p class=\"wp-block-paragraph translation-block\">A m\u00e1quina \u00e9 feita de <a href=\"https:\/\/en.wikipedia.org\/wiki\/SAE_304_stainless_steel\" target=\"_blank\" rel=\"noopener\"> a\u00e7o inoxid\u00e1vel 304<\/a>, o que facilita a limpeza e tem uma vida \u00fatil longa. Os pesos das m\u00e1quinas s\u00e3o, respetivamente, 80 kg e 150 kg. As voltagens s\u00e3o, respetivamente, 220V\/50Hz e 380V\/50Hz.<\/p>   <div class=\"wp-block-image\"> <figure class=\"aligncenter size-full\"><img loading=\"lazy\" decoding=\"async\" width=\"720\" height=\"540\" src=\"https:\/\/meat-machine.com\/wp-content\/uploads\/2023\/03\/meat-packing-machine.webp\" alt=\"m\u00e1quina de embalagem de carne\" class=\"wp-image-391\" title=\"\" srcset=\"https:\/\/meat-machine.com\/wp-content\/uploads\/2023\/03\/meat-packing-machine.webp 720w, https:\/\/meat-machine.com\/wp-content\/uploads\/2023\/03\/meat-packing-machine-300x225.webp 300w\" sizes=\"auto, (max-width: 720px) 100vw, 720px\" \/><figcaption class=\"wp-element-caption\">m\u00e1quina de embalagem de carne<\/figcaption><\/figure> <\/div>   <h2 class=\"wp-block-heading\">A fun\u00e7\u00e3o da m\u00e1quina de embalagem de carne<\/h2>    <p class=\"wp-block-paragraph translation-block\">A <strong>m\u00e1quina de embalagem a v\u00e1cuo para carne<\/strong> destina-se a remover o ar dos sacos de embalagem da carne e ved\u00e1-los de forma segura. Criando um ambiente de v\u00e1cuo, esta m\u00e1quina ajuda a preservar a frescura e a qualidade dos produtos de carne. Desempenha um papel vital nas linhas modernas de processamento e embalagem de carne. A m\u00e1quina oferece v\u00e1rias fun\u00e7\u00f5es-chave:<\/p>    <div class=\"wp-block-media-text has-media-on-the-right is-stacked-on-mobile\"><div class=\"wp-block-media-text__content\"> <ul class=\"wp-block-list\"> <li><strong>Seguran\u00e7a alimentar melhorada<\/strong>: o selamento herm\u00e9tico ajuda a prevenir a contamina\u00e7\u00e3o por bact\u00e9rias e poluentes externos.<\/li>    <li><strong>Apresenta\u00e7\u00e3o de produto aprimorada<\/strong>: uma embalagem limpa e uniforme melhora a apar\u00eancia e o apelo do produto.<\/li>    <li><strong>Embalagem econ\u00f4mica<\/strong>: minimiza o desperd\u00edcio e reduz a deteriora\u00e7\u00e3o, diminuindo, em \u00faltima an\u00e1lise, os custos gerais.<\/li>    <li><strong>Versatilidade<\/strong>: adequada para v\u00e1rios tipos de carne e outros produtos alimentares, bem como produtos n\u00e3o alimentares.<\/li> <\/ul> <\/div><figure class=\"wp-block-media-text__media\"><img loading=\"lazy\" decoding=\"async\" width=\"720\" height=\"540\" src=\"https:\/\/meat-machine.com\/wp-content\/uploads\/2023\/03\/widely-application.webp\" alt=\"amplamente aplica\u00e7\u00e3o\" class=\"wp-image-395 size-full\" title=\"\" srcset=\"https:\/\/meat-machine.com\/wp-content\/uploads\/2023\/03\/widely-application.webp 720w, https:\/\/meat-machine.com\/wp-content\/uploads\/2023\/03\/widely-application-300x225.webp 300w\" sizes=\"auto, (max-width: 720px) 100vw, 720px\" \/><\/figure><\/div>    <p class=\"wp-block-paragraph\">Este equipamento \u00e9 ideal para processadores de carne que buscam melhorar a vida \u00fatil, a higiene e a efici\u00eancia log\u00edstica.<\/p>    <h2 class=\"wp-block-heading\">Como usar uma m\u00e1quina de embalagem a v\u00e1cuo de carne?<\/h2>    <div class=\"wp-block-media-text is-stacked-on-mobile\"><figure class=\"wp-block-media-text__media\"><img loading=\"lazy\" decoding=\"async\" width=\"720\" height=\"540\" src=\"https:\/\/meat-machine.com\/wp-content\/uploads\/2023\/03\/meat-vacuum-packaging-machine.webp\" alt=\"m\u00e1quina de embalagem a v\u00e1cuo de carne\" class=\"wp-image-392 size-full\" title=\"\" srcset=\"https:\/\/meat-machine.com\/wp-content\/uploads\/2023\/03\/meat-vacuum-packaging-machine.webp 720w, https:\/\/meat-machine.com\/wp-content\/uploads\/2023\/03\/meat-vacuum-packaging-machine-300x225.webp 300w\" sizes=\"auto, (max-width: 720px) 100vw, 720px\" \/><\/figure><div class=\"wp-block-media-text__content\"> <ul class=\"wp-block-list\"> <li><strong>Ligue a energia<\/strong> <ul class=\"wp-block-list\"> <li>Comece ligando a m\u00e1quina de embalagem a v\u00e1cuo para carne.<\/li> <\/ul> <\/li>    <li><strong>Prepare a carne<\/strong> <ul class=\"wp-block-list\"> <li>Coloque os produtos de carne em sacos de embalagem a v\u00e1cuo designados, certificando-se de que a abertura do saco est\u00e1 limpa e corretamente posicionada.<\/li> <\/ul> <\/li>    <li><strong>Coloque o saco na c\u00e2mara de v\u00e1cuo<\/strong> <ul class=\"wp-block-list\"> <li>Coloque a extremidade aberta do saco de embalagem dentro da c\u00e2mara de v\u00e1cuo, alinhando-a com a barra de selagem.<\/li> <\/ul> <\/li> <\/ul> <\/div><\/div>    <div class=\"wp-block-media-text has-media-on-the-right is-stacked-on-mobile\"><div class=\"wp-block-media-text__content\"> <ul class=\"wp-block-list\"> <li><strong>Feche a tampa da c\u00e2mara<\/strong> <ul class=\"wp-block-list\"> <li>Baixe a tampa da c\u00e2mara de v\u00e1cuo. Uma vez fechada, a luz indicadora de suc\u00e7\u00e3o no painel de controle acender\u00e1, indicando que o processo de v\u00e1cuo come\u00e7ou.<\/li> <\/ul> <\/li>    <li><strong>Aguarde pelo v\u00e1cuo e selagem<\/strong> <ul class=\"wp-block-list\"> <li>Quando o ar tiver sido totalmente extra\u00eddo, a luz de suc\u00e7\u00e3o desligar\u00e1 e o indicador de selagem a quente ligar\u00e1 automaticamente. A m\u00e1quina ent\u00e3o selar\u00e1 o saco de forma herm\u00e9tica.<\/li> <\/ul> <\/li>    <li><strong>Embalagem completa<\/strong> <ul class=\"wp-block-list\"> <li>Ap\u00f3s a selagem estar conclu\u00edda, a tampa ir\u00e1 levantar-se e o processo de embalagem a v\u00e1cuo estar\u00e1 completo. O seu produto de carne est\u00e1 agora devidamente selado e pronto para armazenamento ou transporte.<\/li> <\/ul> <\/li> <\/ul> <\/div><figure class=\"wp-block-media-text__media\"><img loading=\"lazy\" decoding=\"async\" width=\"720\" height=\"540\" src=\"https:\/\/meat-machine.com\/wp-content\/uploads\/2023\/03\/control-panel.webp\" alt=\"painel de controle\" class=\"wp-image-390 size-full\" title=\"\" srcset=\"https:\/\/meat-machine.com\/wp-content\/uploads\/2023\/03\/control-panel.webp 720w, https:\/\/meat-machine.com\/wp-content\/uploads\/2023\/03\/control-panel-300x225.webp 300w\" sizes=\"auto, (max-width: 720px) 100vw, 720px\" \/><\/figure><\/div>    <h2 class=\"wp-block-heading\">Quanto custa uma m\u00e1quina autom\u00e1tica de embalagem de carne?<\/h2>    <p class=\"wp-block-paragraph\">O pre\u00e7o de uma m\u00e1quina autom\u00e1tica de embalagem de carne pode variar amplamente, normalmente variando de v\u00e1rias centenas a v\u00e1rios milhares de d\u00f3lares, de acordo com dados de mercado. As m\u00e1quinas de embalagem a v\u00e1cuo de carne da nossa empresa tamb\u00e9m n\u00e3o t\u00eam um pre\u00e7o fixo, uma vez que o custo final depende de v\u00e1rios fatores, incluindo:<\/p>    <div class=\"wp-block-media-text is-stacked-on-mobile\"><figure class=\"wp-block-media-text__media\"><img loading=\"lazy\" decoding=\"async\" width=\"720\" height=\"540\" src=\"https:\/\/meat-machine.com\/wp-content\/uploads\/2023\/03\/single-chamber-meat-vacuum-packing-machine.webp\" alt=\"M\u00e1quina de embalagem a v\u00e1cuo de carne de c\u00e2mara \u00fanica para venda\" class=\"wp-image-393 size-full\" title=\"\" srcset=\"https:\/\/meat-machine.com\/wp-content\/uploads\/2023\/03\/single-chamber-meat-vacuum-packing-machine.webp 720w, https:\/\/meat-machine.com\/wp-content\/uploads\/2023\/03\/single-chamber-meat-vacuum-packing-machine-300x225.webp 300w\" sizes=\"auto, (max-width: 720px) 100vw, 720px\" \/><\/figure><div class=\"wp-block-media-text__content\"> <ul class=\"wp-block-list\"> <li>O <strong>tipo de m\u00e1quina<\/strong> (c\u00e2mara \u00fanica, c\u00e2mara dupla, de mesa, etc.).<\/li>    <li>O <strong>requisitos de capacidade e produ\u00e7\u00e3o<\/strong>.<\/li>    <li><strong>Fun\u00e7\u00f5es adicionais<\/strong> como o desvio de g\u00e1s ou sistemas de transporte autom\u00e1ticos.<\/li>    <li>O <strong>materiais utilizados<\/strong> (por exemplo, grau de a\u00e7o inoxid\u00e1vel).<\/li>    <li>O <strong>pa\u00eds de destino<\/strong> e necessidades relacionadas de envio ou personaliza\u00e7\u00e3o.<\/li> <\/ul> <\/div><\/div>    <p class=\"wp-block-paragraph\">Devido a estas vari\u00e1veis, encorajamo-lo a entrar em contacto connosco diretamente com os seus requisitos espec\u00edficos. A nossa equipa fornecer-lhe-\u00e1 um or\u00e7amento personalizado e responder\u00e1 prontamente \u00e0 sua consulta.<\/p>    <h2 class=\"wp-block-heading\">Faixa de aplica\u00e7\u00e3o da m\u00e1quina de embalagem a v\u00e1cuo de carne<\/h2>    <p class=\"wp-block-paragraph\">As m\u00e1quinas de embalagem a v\u00e1cuo para carne n\u00e3o se limitam apenas a produtos de carne. Elas tamb\u00e9m s\u00e3o adequadas para frutas, legumes, alimentos cozidos, produtos de soja, conservas, ervas medicinais, produtos farmac\u00eauticos, produtos qu\u00edmicos, frutos do mar, frutas em conserva, eletr\u00f4nicos e instrumentos de precis\u00e3o. <\/p>    <p class=\"wp-block-paragraph\">Com aplica\u00e7\u00f5es t\u00e3o amplas, esta m\u00e1quina \u00e9 ideal para v\u00e1rias ind\u00fastrias. Se estiver interessado em iniciar um neg\u00f3cio de embalagem de carne ou alimentos, sinta-se \u00e0 vontade para nos contactar.<\/p>    <figure class=\"wp-block-image size-full\"><img loading=\"lazy\" decoding=\"async\" width=\"720\" height=\"540\" src=\"https:\/\/meat-machine.com\/wp-content\/uploads\/2022\/09\/frozen-meat.webp\" alt=\"carne\" class=\"wp-image-722\" title=\"\" srcset=\"https:\/\/meat-machine.com\/wp-content\/uploads\/2022\/09\/frozen-meat.webp 720w, https:\/\/meat-machine.com\/wp-content\/uploads\/2022\/09\/frozen-meat-300x225.webp 300w, https:\/\/meat-machine.com\/wp-content\/uploads\/2022\/09\/frozen-meat-16x12.webp 16w\" sizes=\"auto, (max-width: 720px) 100vw, 720px\" \/><figcaption class=\"wp-element-caption\">Carne<\/figcaption><\/figure>    <h2 class=\"wp-block-heading\">Conclus\u00e3o<\/h2>    <p class=\"wp-block-paragraph\">Se voc\u00ea est\u00e1 procurando uma solu\u00e7\u00e3o de embalagem a v\u00e1cuo eficiente, dur\u00e1vel e vers\u00e1til, nossa M\u00e1quina de Embalagem a V\u00e1cuo para Carne \u00e9 a escolha perfeita. <\/p>    <p class=\"wp-block-paragraph\">Para mais detalhes ou para obter um or\u00e7amento, sinta-se \u00e0 vontade para nos contatar. Estamos aqui para fornecer um servi\u00e7o profissional e solu\u00e7\u00f5es personalizadas.<\/p>","protected":false},"excerpt":{"rendered":"<p>A M\u00e1quina de Embalagem a V\u00e1cuo para Carne \u00e9 projetada para selar eficientemente v\u00e1rios tipos de produtos de carne em sacos selados a v\u00e1cuo, prolongando a vida \u00fatil enquanto mant\u00e9m a frescura, o sabor e a higiene. <\/p>","protected":false},"author":1,"featured_media":391,"parent":0,"template":"","tags":[53],"product-type":[4],"class_list":["post-389","product","type-product","status-publish","has-post-thumbnail","hentry","tag-meat-vacuum-packaging-machine","product-type-meat-grinder"],"_links":{"self":[{"href":"https:\/\/meat-machine.com\/pt\/wp-json\/wp\/v2\/product\/389","targetHints":{"allow":["GET"]}}],"collection":[{"href":"https:\/\/meat-machine.com\/pt\/wp-json\/wp\/v2\/product"}],"about":[{"href":"https:\/\/meat-machine.com\/pt\/wp-json\/wp\/v2\/types\/product"}],"author":[{"embeddable":true,"href":"https:\/\/meat-machine.com\/pt\/wp-json\/wp\/v2\/users\/1"}],"wp:featuredmedia":[{"embeddable":true,"href":"https:\/\/meat-machine.com\/pt\/wp-json\/wp\/v2\/media\/391"}],"wp:attachment":[{"href":"https:\/\/meat-machine.com\/pt\/wp-json\/wp\/v2\/media?parent=389"}],"wp:term":[{"taxonomy":"post_tag","embeddable":true,"href":"https:\/\/meat-machine.com\/pt\/wp-json\/wp\/v2\/tags?post=389"},{"taxonomy":"product-type","embeddable":true,"href":"https:\/\/meat-machine.com\/pt\/wp-json\/wp\/v2\/product-type?post=389"}],"curies":[{"name":"wp","href":"https:\/\/api.w.org\/{rel}","templated":true}]}}