{"id":381,"date":"2023-03-22T13:36:28","date_gmt":"2023-03-22T05:36:28","guid":{"rendered":"https:\/\/meat-machine.com\/?post_type=product&#038;p=381"},"modified":"2023-03-22T13:36:30","modified_gmt":"2023-03-22T05:36:30","slug":"maquina-de-descascar-pele-de-pes-de-galinha","status":"publish","type":"product","link":"https:\/\/meat-machine.com\/pt\/product\/chicken-feet-skin-peeling-machine\/","title":{"rendered":"M\u00e1quina de descascar pele de p\u00e9s de frango para descascar p\u00e9s de frango"},"content":{"rendered":"<div class=\"kk-star-ratings kksr-auto kksr-align-left kksr-valign-top\"     data-payload='{&quot;align&quot;:&quot;left&quot;,&quot;id&quot;:&quot;381&quot;,&quot;slug&quot;:&quot;default&quot;,&quot;valign&quot;:&quot;top&quot;,&quot;ignore&quot;:&quot;&quot;,&quot;reference&quot;:&quot;auto&quot;,&quot;class&quot;:&quot;&quot;,&quot;count&quot;:&quot;18&quot;,&quot;legendonly&quot;:&quot;&quot;,&quot;readonly&quot;:&quot;&quot;,&quot;score&quot;:&quot;4.7&quot;,&quot;starsonly&quot;:&quot;&quot;,&quot;best&quot;:&quot;5&quot;,&quot;gap&quot;:&quot;5&quot;,&quot;greet&quot;:&quot;Rate this product&quot;,&quot;legend&quot;:&quot;4.7\\\/5 - (18 votes)&quot;,&quot;size&quot;:&quot;24&quot;,&quot;title&quot;:&quot;Chicken Feet Skin Peeling Machine for Peeling Chicken Feet&quot;,&quot;width&quot;:&quot;133.8&quot;,&quot;_legend&quot;:&quot;{score}\\\/{best} - ({count} {votes})&quot;,&quot;font_factor&quot;:&quot;1.25&quot;}'>              <div class=\"kksr-stars\">      <div class=\"kksr-stars-inactive\">             <div class=\"kksr-star\" data-star=\"1\" style=\"padding-right: 5px\">               <div class=\"kksr-icon\" style=\"width: 24px; height: 24px;\"><\/div>         <\/div>             <div class=\"kksr-star\" data-star=\"2\" style=\"padding-right: 5px\">               <div class=\"kksr-icon\" style=\"width: 24px; height: 24px;\"><\/div>         <\/div>             <div class=\"kksr-star\" data-star=\"3\" style=\"padding-right: 5px\">               <div class=\"kksr-icon\" style=\"width: 24px; height: 24px;\"><\/div>         <\/div>             <div class=\"kksr-star\" data-star=\"4\" style=\"padding-right: 5px\">               <div class=\"kksr-icon\" style=\"width: 24px; height: 24px;\"><\/div>         <\/div>             <div class=\"kksr-star\" data-star=\"5\" style=\"padding-right: 5px\">               <div class=\"kksr-icon\" style=\"width: 24px; height: 24px;\"><\/div>         <\/div>     <\/div>      <div class=\"kksr-stars-active\" style=\"width: 133.8px;\">             <div class=\"kksr-star\" style=\"padding-right: 5px\">               <div class=\"kksr-icon\" style=\"width: 24px; height: 24px;\"><\/div>         <\/div>             <div class=\"kksr-star\" style=\"padding-right: 5px\">               <div class=\"kksr-icon\" style=\"width: 24px; height: 24px;\"><\/div>         <\/div>             <div class=\"kksr-star\" style=\"padding-right: 5px\">               <div class=\"kksr-icon\" style=\"width: 24px; height: 24px;\"><\/div>         <\/div>             <div class=\"kksr-star\" style=\"padding-right: 5px\">               <div class=\"kksr-icon\" style=\"width: 24px; height: 24px;\"><\/div>         <\/div>             <div class=\"kksr-star\" style=\"padding-right: 5px\">               <div class=\"kksr-icon\" style=\"width: 24px; height: 24px;\"><\/div>         <\/div>     <\/div> <\/div>                   <div class=\"kksr-legend\" style=\"font-size: 19.2px;\">             4,7\/5 - (18 votos)    <\/div>     <\/div>  <p class=\"wp-block-paragraph\">Os p\u00e9s de frango s\u00e3o uma iguaria popular em muitas culturas ao redor do mundo. No entanto, o processo de esfolar as garras de frango \u00e9 demorado e tedioso. <\/p>    <p class=\"wp-block-paragraph\">Portanto, a m\u00e1quina para descascar pele de p\u00e9s de galinha tornou-se uma m\u00e1quina essencial para processamento de alimentos. Pode ajud\u00e1-lo a esfolar garras de frango de forma r\u00e1pida, f\u00e1cil e eficiente.<\/p>   <div class=\"wp-block-image\"> <figure class=\"aligncenter size-full\"><img loading=\"lazy\" decoding=\"async\" width=\"720\" height=\"540\" src=\"https:\/\/meat-machine.com\/wp-content\/uploads\/2023\/03\/chicken-feet-skin-peeling-machine.webp\" alt=\"m\u00e1quina de descascar pele de p\u00e9s de galinha\" class=\"wp-image-384\" title=\"\" srcset=\"https:\/\/meat-machine.com\/wp-content\/uploads\/2023\/03\/chicken-feet-skin-peeling-machine.webp 720w, https:\/\/meat-machine.com\/wp-content\/uploads\/2023\/03\/chicken-feet-skin-peeling-machine-300x225.webp 300w\" sizes=\"auto, (max-width: 720px) 100vw, 720px\" \/><figcaption class=\"wp-element-caption\">m\u00e1quina de descascar pele de p\u00e9s de galinha<\/figcaption><\/figure> <\/div>   <h2 class=\"wp-block-heading\">O que uma m\u00e1quina descascadora de p\u00e9s de galinha faz?<\/h2>    <p class=\"wp-block-paragraph\">A m\u00e1quina de remo\u00e7\u00e3o de pele de p\u00e9s de galinha \u00e9 um tipo de equipamento av\u00edcola para esfolar p\u00e9s de galinha de forma r\u00e1pida e eficiente. O princ\u00edpio de funcionamento da m\u00e1quina \u00e9 acionar a rota\u00e7\u00e3o do disco agitador inferior atrav\u00e9s do redutor para que os p\u00e9s de frango no cilindro girem o parafuso. O uso final do princ\u00edpio de fric\u00e7\u00e3o m\u00fatua para completar o trabalho de remo\u00e7\u00e3o da pele dos p\u00e9s de galinha. Com a m\u00e1quina comercial de descascar p\u00e9s de frango \u00e9 poss\u00edvel remover rapidamente a pele do frango, ao mesmo tempo que mant\u00e9m a integridade da carne.<\/p>    <p class=\"wp-block-paragraph translation-block\">No geral, a m\u00e1quina descascadora de pele de p\u00e9s de frango \u00e9 um equipamento essencial que pode melhorar a efici\u00eancia e a qualidade do processamento de patas de frango. \u00c9 tamb\u00e9m a m\u00e1quina principal na <a href=\"https:\/\/meat-machine.com\/pt\/produto\/linha-de-processamento-de-pes-de-galinha\/\">linha de processamento de p\u00e9s de frango<\/a>.<\/p>   <div class=\"wp-block-image\"> <figure class=\"aligncenter size-full\"><img loading=\"lazy\" decoding=\"async\" width=\"720\" height=\"540\" src=\"https:\/\/meat-machine.com\/wp-content\/uploads\/2023\/03\/chicken-feet.webp\" alt=\"p\u00e9 de galinha\" class=\"wp-image-385\" title=\"\" srcset=\"https:\/\/meat-machine.com\/wp-content\/uploads\/2023\/03\/chicken-feet.webp 720w, https:\/\/meat-machine.com\/wp-content\/uploads\/2023\/03\/chicken-feet-300x225.webp 300w\" sizes=\"auto, (max-width: 720px) 100vw, 720px\" \/><figcaption class=\"wp-element-caption\">p\u00e9 de galinha<\/figcaption><\/figure> <\/div>   <h2 class=\"wp-block-heading\">Par\u00e2metros da m\u00e1quina autom\u00e1tica de descascar pele de p\u00e9s de frango<\/h2>    <figure class=\"wp-block-table\"><table><tbody><tr><td>Modelo<\/td><td>TZ-C7000<\/td><\/tr><tr><td>Capacidade<\/td><td>2t\/h<\/td><\/tr><tr><td>Pot\u00eancia do motor<\/td><td>2,2 kW\/380 V<\/td><\/tr><tr><td>Consumo de \u00e1gua<\/td><td>7-8t\/dia<\/td><\/tr><tr><td>Peso<\/td><td>600kg<\/td><\/tr><tr><td>Comprimento<\/td><td>3,5 m<\/td><\/tr><\/tbody><\/table><\/figure>    <h2 class=\"wp-block-heading\">Vantagens da m\u00e1quina comercial de descascar p\u00e9s de frango<\/h2>    <ol class=\"wp-block-list\"> <li>Um descascador de garras de frango \u00e9 a melhor maneira de descascar p\u00e9s de frango. Pode ajud\u00e1-lo a economizar tempo e permitir que os usu\u00e1rios descasquem mais p\u00e9s de frango em menos tempo.<\/li>    <li>No processo de descascamento dos p\u00e9s de frango, a m\u00e1quina pode garantir a integridade dos p\u00e9s de frango e n\u00e3o causar\u00e1 danos aos p\u00e9s de frango.<\/li>    <li>F\u00e1cil de operar. A m\u00e1quina de descascar pele de p\u00e9s de galinha \u00e9 muito simples de usar, uma pessoa tamb\u00e9m pode operar esta m\u00e1quina muito bem.<\/li>    <li><a href=\"https:\/\/en.wikipedia.org\/wiki\/Stainless_steel\" target=\"_blank\" rel=\"noopener\">A\u00e7o inoxid\u00e1vel<\/a> material.<\/li>    <li>O alto grau de automa\u00e7\u00e3o.<\/li> <\/ol>   <div class=\"wp-block-image\"> <figure class=\"aligncenter size-full\"><img loading=\"lazy\" decoding=\"async\" width=\"720\" height=\"540\" src=\"https:\/\/meat-machine.com\/wp-content\/uploads\/2023\/03\/commercial-chicken-feet-peeling-machine.webp\" alt=\"m\u00e1quina comercial de descascar p\u00e9s de frango\" class=\"wp-image-386\" title=\"\" srcset=\"https:\/\/meat-machine.com\/wp-content\/uploads\/2023\/03\/commercial-chicken-feet-peeling-machine.webp 720w, https:\/\/meat-machine.com\/wp-content\/uploads\/2023\/03\/commercial-chicken-feet-peeling-machine-300x225.webp 300w\" sizes=\"auto, (max-width: 720px) 100vw, 720px\" \/><figcaption class=\"wp-element-caption\">m\u00e1quina comercial de descascar p\u00e9s de frango<\/figcaption><\/figure> <\/div>   <h2 class=\"wp-block-heading\">Como comprar uma m\u00e1quina descascadora de p\u00e9s de frango adequada?<\/h2>    <p class=\"wp-block-paragraph\">Antes de comprar um descascador de p\u00e9s de frango, voc\u00ea precisa considerar a quantidade de p\u00e9s de frango que deseja processar, o n\u00edvel de automa\u00e7\u00e3o desejado e seu or\u00e7amento. Contanto que voc\u00ea considere esses fatores, compre claramente uma m\u00e1quina que atenda \u00e0s suas necessidades.<\/p>   <div class=\"wp-block-image\"> <figure class=\"aligncenter size-full\"><img loading=\"lazy\" decoding=\"async\" width=\"720\" height=\"540\" src=\"https:\/\/meat-machine.com\/wp-content\/uploads\/2023\/03\/chicken-feet-processing.webp\" alt=\"processamento de p\u00e9s de galinha\" class=\"wp-image-383\" title=\"\" srcset=\"https:\/\/meat-machine.com\/wp-content\/uploads\/2023\/03\/chicken-feet-processing.webp 720w, https:\/\/meat-machine.com\/wp-content\/uploads\/2023\/03\/chicken-feet-processing-300x225.webp 300w\" sizes=\"auto, (max-width: 720px) 100vw, 720px\" \/><figcaption class=\"wp-element-caption\">processamento de p\u00e9s de galinha<\/figcaption><\/figure> <\/div>   <h2 class=\"wp-block-heading\">Tipos de m\u00e1quina de descascar pele de p\u00e9s de galinha<\/h2>    <p class=\"wp-block-paragraph\">Existem v\u00e1rios tipos diferentes de m\u00e1quinas descascadoras de p\u00e9s de frango dispon\u00edveis no mercado hoje. Algumas m\u00e1quinas s\u00e3o projetadas para uso dom\u00e9stico, enquanto outro tipo de m\u00e1quina \u00e9 projetado para ambientes comerciais, como f\u00e1bricas de processamento de alimentos. Ou seja, temos a m\u00e1quina descascadora comercial de p\u00e9s de frango. Se voc\u00ea precisar de uma m\u00e1quina comercial para descascar pele de p\u00e9s de galinha, n\u00e3o hesite em nos contatar e entraremos em contato com voc\u00ea o mais breve poss\u00edvel.<\/p>","protected":false},"excerpt":{"rendered":"<p>Chicken feet are a popular delicacy in many cultures around the world. However, the process of skinning chicken claws is both time-consuming and tedious. Therefore, the chicken feet skin peeling machine has become an essential food processing machinery. It can help you skin chicken claws quickly, easily, and efficiently. What does a chicken feet peeling [&hellip;]<\/p>\n","protected":false},"author":1,"featured_media":382,"parent":0,"template":"","tags":[26],"product-type":[4],"class_list":["post-381","product","type-product","status-publish","has-post-thumbnail","hentry","tag-chicken-feet-processing","product-type-meat-grinder"],"_links":{"self":[{"href":"https:\/\/meat-machine.com\/pt\/wp-json\/wp\/v2\/product\/381","targetHints":{"allow":["GET"]}}],"collection":[{"href":"https:\/\/meat-machine.com\/pt\/wp-json\/wp\/v2\/product"}],"about":[{"href":"https:\/\/meat-machine.com\/pt\/wp-json\/wp\/v2\/types\/product"}],"author":[{"embeddable":true,"href":"https:\/\/meat-machine.com\/pt\/wp-json\/wp\/v2\/users\/1"}],"wp:featuredmedia":[{"embeddable":true,"href":"https:\/\/meat-machine.com\/pt\/wp-json\/wp\/v2\/media\/382"}],"wp:attachment":[{"href":"https:\/\/meat-machine.com\/pt\/wp-json\/wp\/v2\/media?parent=381"}],"wp:term":[{"taxonomy":"post_tag","embeddable":true,"href":"https:\/\/meat-machine.com\/pt\/wp-json\/wp\/v2\/tags?post=381"},{"taxonomy":"product-type","embeddable":true,"href":"https:\/\/meat-machine.com\/pt\/wp-json\/wp\/v2\/product-type?post=381"}],"curies":[{"name":"wp","href":"https:\/\/api.w.org\/{rel}","templated":true}]}}