{"id":37,"date":"2022-09-07T02:05:42","date_gmt":"2022-09-07T02:05:42","guid":{"rendered":"https:\/\/meat-machine.com\/?post_type=product&#038;p=37"},"modified":"2026-03-11T17:56:40","modified_gmt":"2026-03-11T09:56:40","slug":"maquina-automatica-de-corte-de-frango","status":"publish","type":"product","link":"https:\/\/meat-machine.com\/pt\/product\/automatic-chicken-cutting-machine\/","title":{"rendered":"M\u00e1quina autom\u00e1tica de corte de frango"},"content":{"rendered":"<div class=\"kk-star-ratings kksr-auto kksr-align-left kksr-valign-top\"     data-payload='{&quot;align&quot;:&quot;left&quot;,&quot;id&quot;:&quot;37&quot;,&quot;slug&quot;:&quot;default&quot;,&quot;valign&quot;:&quot;top&quot;,&quot;ignore&quot;:&quot;&quot;,&quot;reference&quot;:&quot;auto&quot;,&quot;class&quot;:&quot;&quot;,&quot;count&quot;:&quot;14&quot;,&quot;legendonly&quot;:&quot;&quot;,&quot;readonly&quot;:&quot;&quot;,&quot;score&quot;:&quot;4.9&quot;,&quot;starsonly&quot;:&quot;&quot;,&quot;best&quot;:&quot;5&quot;,&quot;gap&quot;:&quot;5&quot;,&quot;greet&quot;:&quot;Rate this product&quot;,&quot;legend&quot;:&quot;4.9\\\/5 - (14 votes)&quot;,&quot;size&quot;:&quot;24&quot;,&quot;title&quot;:&quot;Automatic Chicken Cutting Machine&quot;,&quot;width&quot;:&quot;139.6&quot;,&quot;_legend&quot;:&quot;{score}\\\/{best} - ({count} {votes})&quot;,&quot;font_factor&quot;:&quot;1.25&quot;}'>              <div class=\"kksr-stars\">      <div class=\"kksr-stars-inactive\">             <div class=\"kksr-star\" data-star=\"1\" style=\"padding-right: 5px\">               <div class=\"kksr-icon\" style=\"width: 24px; height: 24px;\"><\/div>         <\/div>             <div class=\"kksr-star\" data-star=\"2\" style=\"padding-right: 5px\">               <div class=\"kksr-icon\" style=\"width: 24px; height: 24px;\"><\/div>         <\/div>             <div class=\"kksr-star\" data-star=\"3\" style=\"padding-right: 5px\">               <div class=\"kksr-icon\" style=\"width: 24px; height: 24px;\"><\/div>         <\/div>             <div class=\"kksr-star\" data-star=\"4\" style=\"padding-right: 5px\">               <div class=\"kksr-icon\" style=\"width: 24px; height: 24px;\"><\/div>         <\/div>             <div class=\"kksr-star\" data-star=\"5\" style=\"padding-right: 5px\">               <div class=\"kksr-icon\" style=\"width: 24px; height: 24px;\"><\/div>         <\/div>     <\/div>      <div class=\"kksr-stars-active\" style=\"width: 139.6px;\">             <div class=\"kksr-star\" style=\"padding-right: 5px\">               <div class=\"kksr-icon\" style=\"width: 24px; height: 24px;\"><\/div>         <\/div>             <div class=\"kksr-star\" style=\"padding-right: 5px\">               <div class=\"kksr-icon\" style=\"width: 24px; height: 24px;\"><\/div>         <\/div>             <div class=\"kksr-star\" style=\"padding-right: 5px\">               <div class=\"kksr-icon\" style=\"width: 24px; height: 24px;\"><\/div>         <\/div>             <div class=\"kksr-star\" style=\"padding-right: 5px\">               <div class=\"kksr-icon\" style=\"width: 24px; height: 24px;\"><\/div>         <\/div>             <div class=\"kksr-star\" style=\"padding-right: 5px\">               <div class=\"kksr-icon\" style=\"width: 24px; height: 24px;\"><\/div>         <\/div>     <\/div> <\/div>                   <div class=\"kksr-legend\" style=\"font-size: 19.2px;\">             4,9\/5 - (14 votos)    <\/div>     <\/div>  <p class=\"wp-block-paragraph translation-block\">A <strong>m\u00e1quina de corte de frango<\/strong> consegue processar eficientemente uma variedade de carnes, como frango, pato, peixe, carne bovina e porco. Ao simular m\u00e9todos de corte manual, a m\u00e1quina produz pe\u00e7as limpas e uniformes sem esmagar a carne em carne picada, garantindo resultados de corte de alta qualidade.<\/p>    <p class=\"wp-block-paragraph translation-block\">Com uma <strong>capacidade de processamento de 600 kg\/h<\/strong>, a <strong>m\u00e1quina de corte de frango<\/strong> consegue lidar eficientemente com carne fresca e ligeiramente congelada. O comprimento do corte \u00e9 ajust\u00e1vel de <strong>15 a 50 mm<\/strong>, permitindo aos utilizadores obter diferentes tamanhos de por\u00e7\u00f5es de carne conforme as necessidades de processamento. <\/p>    <p class=\"wp-block-paragraph translation-block\">Gra\u00e7as \u00e0 sua alta efici\u00eancia e flexibilidade, esta m\u00e1quina \u00e9 amplamente utilizada em <strong>f\u00e1bricas de processamento de alimentos, matadouros, grandes cantinas, supermercados e restaurantes<\/strong>.<\/p>    <figure class=\"wp-block-embed is-type-video is-provider-youtube wp-block-embed-youtube wp-embed-aspect-4-3 wp-has-aspect-ratio\"><div class=\"wp-block-embed__wrapper\"> <iframe loading=\"lazy\" title=\"Equipamento Profissional de Corte de Frango | Revis\u00e3o de Cortador de Carne #frango #carne #processamentodealimentos #cortador\" width=\"422\" height=\"750\" src=\"https:\/\/www.youtube.com\/embed\/yGESe0FLSCo?feature=oembed\" frameborder=\"0\" allow=\"accelerometer; autoplay; clipboard-write; encrypted-media; gyroscope; picture-in-picture; web-share\" referrerpolicy=\"strict-origin-when-cross-origin\" allowfullscreen><\/iframe> <\/div><figcaption class=\"wp-element-caption\">v\u00eddeo de funcionamento da m\u00e1quina de cortar frango<\/figcaption><\/figure>    <h2 id=\"h-video-of-automatic-chicken-cutting-machine\" class=\"wp-block-heading\">Aplica\u00e7\u00e3o de m\u00e1quina autom\u00e1tica de corte de frango<\/h2>    <p class=\"wp-block-paragraph translation-block\">A <strong>m\u00e1quina autom\u00e1tica de corte de frango<\/strong> \u00e9 adequada para cortar uma vasta gama de carnes, incluindo frango fresco, frango congelado e frango inteiro. Tamb\u00e9m pode processar outros tipos de carne congelada, tornando-se uma solu\u00e7\u00e3o vers\u00e1til para opera\u00e7\u00f5es de processamento de carne.<\/p>    <p class=\"wp-block-paragraph translation-block\">Gra\u00e7as \u00e0 sua alta efici\u00eancia e flexibilidade, esta m\u00e1quina \u00e9 amplamente utilizada em <strong>f\u00e1bricas de processamento de alimentos, f\u00e1bricas de processamento de carne, restaurantes e grandes cantinas coletivas<\/strong>. Al\u00e9m das m\u00e1quinas de corte de frango, tamb\u00e9m fornecemos <strong><a href=\"https:\/\/meat-machine.com\/pt\/produto\/maquina-de-cortar-carne\/\" data-type=\"link\" data-id=\"https:\/\/meat-machine.com\/product\/meat-dicing-machine\/\">m\u00e1quinas de cubar carne<\/a><\/strong> para atender a diferentes necessidades de processamento de carne.<\/p>    <figure class=\"wp-block-image size-full\"><img loading=\"lazy\" decoding=\"async\" width=\"720\" height=\"540\" src=\"https:\/\/meat-machine.com\/wp-content\/uploads\/2022\/09\/Chicken-Cutting-Machine-1.webp\" alt=\"M\u00e1quina de corte de frango\" class=\"wp-image-1172\" title=\"\" srcset=\"https:\/\/meat-machine.com\/wp-content\/uploads\/2022\/09\/Chicken-Cutting-Machine-1.webp 720w, https:\/\/meat-machine.com\/wp-content\/uploads\/2022\/09\/Chicken-Cutting-Machine-1-300x225.webp 300w, https:\/\/meat-machine.com\/wp-content\/uploads\/2022\/09\/Chicken-Cutting-Machine-1-16x12.webp 16w\" sizes=\"auto, (max-width: 720px) 100vw, 720px\" \/><figcaption class=\"wp-element-caption\">M\u00e1quina de corte de frango<\/figcaption><\/figure>    <h2 class=\"wp-block-heading\">Estrutura da m\u00e1quina de corte de carne<\/h2>    <p class=\"wp-block-paragraph translation-block\">A <strong>m\u00e1quina de corte de carne<\/strong> foi projetada com uma estrutura est\u00e1vel e dur\u00e1vel para garantir cortes precisos e eficientes durante a opera\u00e7\u00e3o. Os seus principais componentes incluem:<\/p>    <div class=\"wp-block-media-text is-stacked-on-mobile\"><figure class=\"wp-block-media-text__media\"><img loading=\"lazy\" decoding=\"async\" width=\"720\" height=\"540\" src=\"https:\/\/meat-machine.com\/wp-content\/uploads\/2022\/09\/Automatic-Chicken-Cutting-Machine-details.webp\" alt=\"Detalhes da M\u00e1quina Autom\u00e1tica de Corte de Frango\" class=\"wp-image-805 size-full\" title=\"\" srcset=\"https:\/\/meat-machine.com\/wp-content\/uploads\/2022\/09\/Automatic-Chicken-Cutting-Machine-details.webp 720w, https:\/\/meat-machine.com\/wp-content\/uploads\/2022\/09\/Automatic-Chicken-Cutting-Machine-details-300x225.webp 300w, https:\/\/meat-machine.com\/wp-content\/uploads\/2022\/09\/Automatic-Chicken-Cutting-Machine-details-16x12.webp 16w\" sizes=\"auto, (max-width: 720px) 100vw, 720px\" \/><\/figure><div class=\"wp-block-media-text__content\"> <ul class=\"wp-block-list\"> <li><strong>Estrutura resistente<\/strong> \u2013 A estrutura robusta da m\u00e1quina suporta toda a estrutura, proporcionando estabilidade e garantindo uma opera\u00e7\u00e3o suave durante cortes cont\u00ednuos em alta velocidade.<\/li>    <li><strong>Sistema de correia transportadora<\/strong> \u2013 A correia transportadora move a carne de forma constante para a \u00e1rea de corte, permitindo um processamento cont\u00ednuo e eficiente.<\/li>    <li><strong>T\u00e1bua de corte resistente ao desgaste<\/strong> \u2013 Este componente resiste ao contato constante com as l\u00e2minas, prevenindo deforma\u00e7\u00f5es e garantindo uma longa vida \u00fatil.<\/li>    <li><strong>Mecanismo de transmiss\u00e3o por engrenagem<\/strong> \u2013 O sistema de engrenagens move as l\u00e2minas de corte com pot\u00eancia est\u00e1vel e velocidade consistente, garantindo cortes precisos e uniformes.<\/li>    <li><strong>Sistema de rolo de alimenta\u00e7\u00e3o<\/strong> \u2013 Os rolos ajudam a alimentar a carne de forma uniforme na sec\u00e7\u00e3o de corte, garantindo uma opera\u00e7\u00e3o suave e resultados de corte consistentes.<\/li> <\/ul> <\/div><\/div>    <p class=\"wp-block-paragraph translation-block\">Juntos, esses componentes formam uma estrutura confi\u00e1vel <strong>de m\u00e1quina de corte de carne<\/strong>, oferecendo desempenho est\u00e1vel e processamento uniforme da carne.<\/p>    <h2 class=\"wp-block-heading\">Como funciona a m\u00e1quina de corte de frango?<\/h2>    <div class=\"wp-block-media-text has-media-on-the-right is-stacked-on-mobile\"><div class=\"wp-block-media-text__content\"> <ul class=\"wp-block-list\"> <li><strong>Carregamento:<\/strong> Coloque frangos inteiros ou congelados na bandeja de alimenta\u00e7\u00e3o ou correia transportadora da m\u00e1quina.<\/li>    <li><strong>Posicionamento:<\/strong> A m\u00e1quina alinha automaticamente o frango para um corte preciso.<\/li>    <li><strong>Corte:<\/strong> L\u00e2minas ou serras afiadas dividem o frango em v\u00e1rias partes.<\/li>    <li><strong>Descarga:<\/strong> As pe\u00e7as cortadas s\u00e3o recolhidas numa bandeja ou correia transportadora, prontas para embalagem ou processamento adicional.<\/li> <\/ul> <\/div><figure class=\"wp-block-media-text__media\"><img loading=\"lazy\" decoding=\"async\" width=\"540\" height=\"720\" src=\"https:\/\/meat-machine.com\/wp-content\/uploads\/2022\/09\/meat-cutter.webp\" alt=\"cortador de carne\" class=\"wp-image-1173 size-full\" title=\"\" srcset=\"https:\/\/meat-machine.com\/wp-content\/uploads\/2022\/09\/meat-cutter.webp 540w, https:\/\/meat-machine.com\/wp-content\/uploads\/2022\/09\/meat-cutter-225x300.webp 225w, https:\/\/meat-machine.com\/wp-content\/uploads\/2022\/09\/meat-cutter-9x12.webp 9w\" sizes=\"auto, (max-width: 540px) 100vw, 540px\" \/><\/figure><\/div>    <h2 id=\"h-what-are-the-characteristics-of-meat-cutting-equipment\" class=\"wp-block-heading\">Vantagens da m\u00e1quina de cortar carne de frango<\/h2>    <div class=\"wp-block-media-text is-stacked-on-mobile\"><figure class=\"wp-block-media-text__media\"><img loading=\"lazy\" decoding=\"async\" width=\"720\" height=\"540\" src=\"https:\/\/meat-machine.com\/wp-content\/uploads\/2022\/09\/commercial-chicken-cutter.webp\" alt=\"cortador de frango comercial\" class=\"wp-image-1174 size-full\" title=\"\" srcset=\"https:\/\/meat-machine.com\/wp-content\/uploads\/2022\/09\/commercial-chicken-cutter.webp 720w, https:\/\/meat-machine.com\/wp-content\/uploads\/2022\/09\/commercial-chicken-cutter-300x225.webp 300w, https:\/\/meat-machine.com\/wp-content\/uploads\/2022\/09\/commercial-chicken-cutter-16x12.webp 16w\" sizes=\"auto, (max-width: 720px) 100vw, 720px\" \/><\/figure><div class=\"wp-block-media-text__content\"> <ul class=\"wp-block-list\"> <li><strong>Opera\u00e7\u00e3o totalmente autom\u00e1tica<\/strong> \u2013 A m\u00e1quina funciona automaticamente, aumentando a efici\u00eancia do corte e reduzindo o trabalho manual.<\/li>    <li><strong>Estrutura de a\u00e7o inoxid\u00e1vel de grau alimentar<\/strong> \u2013 Feito de a\u00e7o inoxid\u00e1vel de alta qualidade, garantindo higiene, durabilidade e f\u00e1cil limpeza.<\/li>    <li><strong>Espessura de corte ajust\u00e1vel<\/strong> \u2013 A m\u00e1quina est\u00e1 equipada com uma t\u00e1bua de corte ajust\u00e1vel, permitindo aos utilizadores controlar facilmente o tamanho do corte de acordo com as necessidades de processamento.<\/li> <\/ul> <\/div><\/div>    <div class=\"wp-block-media-text has-media-on-the-right is-stacked-on-mobile\"><div class=\"wp-block-media-text__content\"> <ul class=\"wp-block-list\"> <li><strong>Ampla aplica\u00e7\u00e3o para aves<\/strong> \u2013 Adequado para cortar frango, pato, ganso e outras carnes frescas de aves.<\/li>    <li><strong>Sistema de correia transportadora dur\u00e1vel<\/strong> \u2013 O design da correia transportadora garante alimenta\u00e7\u00e3o est\u00e1vel e desempenho duradouro.<\/li>    <li><strong>Design de seguran\u00e7a aprimorado<\/strong> \u2013 Equipado com recursos de seguran\u00e7a para garantir uma opera\u00e7\u00e3o mais segura durante o corte.<\/li> <\/ul> <\/div><figure class=\"wp-block-media-text__media\"><img loading=\"lazy\" decoding=\"async\" width=\"720\" height=\"540\" src=\"https:\/\/meat-machine.com\/wp-content\/uploads\/2022\/09\/Automatic-Chicken-Cutting-Machine-price.webp\" alt=\"Pre\u00e7o da M\u00e1quina Autom\u00e1tica de Corte de Frango\" class=\"wp-image-807 size-full\" title=\"\" srcset=\"https:\/\/meat-machine.com\/wp-content\/uploads\/2022\/09\/Automatic-Chicken-Cutting-Machine-price.webp 720w, https:\/\/meat-machine.com\/wp-content\/uploads\/2022\/09\/Automatic-Chicken-Cutting-Machine-price-300x225.webp 300w, https:\/\/meat-machine.com\/wp-content\/uploads\/2022\/09\/Automatic-Chicken-Cutting-Machine-price-16x12.webp 16w\" sizes=\"auto, (max-width: 720px) 100vw, 720px\" \/><\/figure><\/div>    <h2 id=\"h-automatic-chicken-cutting-machine-price-in-china\" class=\"wp-block-heading\">Qual \u00e9 o pre\u00e7o da m\u00e1quina autom\u00e1tica de corte de frango?<\/h2>    <p class=\"wp-block-paragraph\">O pre\u00e7o de uma m\u00e1quina autom\u00e1tica de corte de frango varia consoante o modelo, capacidade e funcionalidades opcionais. Geralmente, modelos mais pequenos ou b\u00e1sicos s\u00e3o mais acess\u00edveis, enquanto m\u00e1quinas industriais de alta capacidade t\u00eam um custo mais elevado. <\/p>    <p class=\"wp-block-paragraph\">Para uma precifica\u00e7\u00e3o precisa, recomenda-se solicitar uma cota\u00e7\u00e3o personalizada de acordo com os seus requisitos espec\u00edficos, garantindo o melhor valor pelo seu investimento.<\/p>    <figure class=\"wp-block-image size-full\"><img loading=\"lazy\" decoding=\"async\" width=\"540\" height=\"720\" src=\"https:\/\/meat-machine.com\/wp-content\/uploads\/2022\/09\/Chicken-Cutting-Machine-for-sale-1.webp\" alt=\"M\u00e1quina de corte de frango \u00e0 venda\" class=\"wp-image-1175\" title=\"\" srcset=\"https:\/\/meat-machine.com\/wp-content\/uploads\/2022\/09\/Chicken-Cutting-Machine-for-sale-1.webp 540w, https:\/\/meat-machine.com\/wp-content\/uploads\/2022\/09\/Chicken-Cutting-Machine-for-sale-1-225x300.webp 225w, https:\/\/meat-machine.com\/wp-content\/uploads\/2022\/09\/Chicken-Cutting-Machine-for-sale-1-9x12.webp 9w\" sizes=\"auto, (max-width: 540px) 100vw, 540px\" \/><figcaption class=\"wp-element-caption\">M\u00e1quina de corte de frango \u00e0 venda<\/figcaption><\/figure>    <h2 class=\"wp-block-heading\">Par\u00e2metros da m\u00e1quina de corte de frango<\/h2>    <figure class=\"wp-block-table\"><table class=\"has-fixed-layout\"><thead><tr><th>Par\u00e2metro<\/th><th>Especifica\u00e7\u00e3o<\/th><\/tr><\/thead><tbody><tr><td>Tens\u00e3o<\/td><td>220 V<\/td><\/tr><tr><td>Poder<\/td><td>Trif\u00e1sico 1,5 kW \/ Monof\u00e1sico 3,5 kW<\/td><\/tr><tr><td>Capacidade<\/td><td>600 kg\/h<\/td><\/tr><tr><td>Tamanho de Corte<\/td><td>Personaliz\u00e1vel<\/td><\/tr><tr><td>Peso L\u00edquido<\/td><td>260 kg<\/td><\/tr><tr><td>Dimens\u00f5es da M\u00e1quina<\/td><td>1300 \u00d7 700 \u00d7 850 mm<\/td><\/tr><\/tbody><\/table><figcaption class=\"wp-element-caption\">par\u00e2metros do cortador de frango<\/figcaption><\/figure>    <h2 class=\"wp-block-heading\">Caso de cliente de m\u00e1quina de corte de carne<\/h2>    <p class=\"wp-block-paragraph translation-block\">Uma empresa de processamento de aves em <strong>Brasil<\/strong> adquiriu recentemente a nossa M\u00e1quina Autom\u00e1tica de Corte de Frango para otimizar a sua produ\u00e7\u00e3o di\u00e1ria de frangos inteiros. Antes de usar a nossa m\u00e1quina, a empresa dependia do corte manual, que era lento, trabalhoso e resultava em tamanhos de por\u00e7\u00f5es inconsistentes. <\/p>    <p class=\"wp-block-paragraph translation-block\">Ap\u00f3s a instala\u00e7\u00e3o, conseguiram processar at\u00e9 <strong>800\u20131.000 frangos por hora<\/strong>, incluindo aves frescas e congeladas, com cortes uniformes em cada opera\u00e7\u00e3o. A automa\u00e7\u00e3o reduziu significativamente <strong>os custos laborais<\/strong>, minimizou o desperd\u00edcio de produto e melhorou a efici\u00eancia geral. <\/p>    <p class=\"wp-block-paragraph translation-block\">O cliente tamb\u00e9m elogiou a nossa equipa por fornecer <strong>orienta\u00e7\u00e3o de instala\u00e7\u00e3o no local, forma\u00e7\u00e3o de operadores e suporte p\u00f3s-venda responsivo<\/strong>, garantindo uma integra\u00e7\u00e3o suave na sua linha de produ\u00e7\u00e3o.<\/p>    <figure class=\"wp-block-image size-full\"><img loading=\"lazy\" decoding=\"async\" width=\"540\" height=\"720\" src=\"https:\/\/meat-machine.com\/wp-content\/uploads\/2022\/09\/meat-cutting-machine.webp\" alt=\"m\u00e1quina de corte de carne\" class=\"wp-image-1176\" title=\"\" srcset=\"https:\/\/meat-machine.com\/wp-content\/uploads\/2022\/09\/meat-cutting-machine.webp 540w, https:\/\/meat-machine.com\/wp-content\/uploads\/2022\/09\/meat-cutting-machine-225x300.webp 225w, https:\/\/meat-machine.com\/wp-content\/uploads\/2022\/09\/meat-cutting-machine-9x12.webp 9w\" sizes=\"auto, (max-width: 540px) 100vw, 540px\" \/><figcaption class=\"wp-element-caption\">M\u00e1quina de corte de carne<\/figcaption><\/figure>    <h2 class=\"wp-block-heading\">Conclus\u00e3o<\/h2>    <p class=\"wp-block-paragraph translation-block\">Investir na nossa <strong>M\u00e1quina Autom\u00e1tica de Corte de Frango<\/strong> significa optar por efici\u00eancia, precis\u00e3o e fiabilidade nas opera\u00e7\u00f5es de processamento de aves. Quer pretenda aumentar a produ\u00e7\u00e3o, reduzir custos laborais ou garantir cortes consistentes, esta m\u00e1quina oferece desempenho excelente e valor a longo prazo.<\/p>    <p class=\"wp-block-paragraph translation-block\">Para al\u00e9m da m\u00e1quina de corte de frango, tamb\u00e9m oferecemos uma <strong><a href=\"https:\/\/meat-machine.com\/pt\/produto\/maquina-de-cortar-peixe-multifuncional\/\" data-type=\"link\" data-id=\"https:\/\/meat-machine.com\/product\/multifunctional-fish-cutting-machine\/\">m\u00e1quina de corte de peixe<\/a><\/strong>, projetada para porcionamento r\u00e1pido e preciso de peixe, tornando-se adequada para f\u00e1bricas de frutos do mar e ind\u00fastrias alimentares. Os clientes podem selecionar o equipamento mais adequado \u00e0s suas necessidades de processamento.<\/p>    <p class=\"wp-block-paragraph translation-block\"><strong>Contacte-nos hoje para obter uma cota\u00e7\u00e3o personalizada e levar a sua linha de produ\u00e7\u00e3o ao pr\u00f3ximo n\u00edvel.<\/strong><\/p>","protected":false},"excerpt":{"rendered":"<p>A M\u00e1quina de Corte de Frango pode processar eficientemente uma variedade de carnes, como frango, pato, peixe, carne bovina e porco.<\/p>","protected":false},"author":1,"featured_media":44,"parent":0,"template":"","tags":[10],"product-type":[2],"class_list":["post-37","product","type-product","status-publish","has-post-thumbnail","hentry","tag-meat-cutting-machine","product-type-meat-cutting-machine"],"_links":{"self":[{"href":"https:\/\/meat-machine.com\/pt\/wp-json\/wp\/v2\/product\/37","targetHints":{"allow":["GET"]}}],"collection":[{"href":"https:\/\/meat-machine.com\/pt\/wp-json\/wp\/v2\/product"}],"about":[{"href":"https:\/\/meat-machine.com\/pt\/wp-json\/wp\/v2\/types\/product"}],"author":[{"embeddable":true,"href":"https:\/\/meat-machine.com\/pt\/wp-json\/wp\/v2\/users\/1"}],"wp:featuredmedia":[{"embeddable":true,"href":"https:\/\/meat-machine.com\/pt\/wp-json\/wp\/v2\/media\/44"}],"wp:attachment":[{"href":"https:\/\/meat-machine.com\/pt\/wp-json\/wp\/v2\/media?parent=37"}],"wp:term":[{"taxonomy":"post_tag","embeddable":true,"href":"https:\/\/meat-machine.com\/pt\/wp-json\/wp\/v2\/tags?post=37"},{"taxonomy":"product-type","embeddable":true,"href":"https:\/\/meat-machine.com\/pt\/wp-json\/wp\/v2\/product-type?post=37"}],"curies":[{"name":"wp","href":"https:\/\/api.w.org\/{rel}","templated":true}]}}