{"id":363,"date":"2023-03-07T16:55:57","date_gmt":"2023-03-07T08:55:57","guid":{"rendered":"https:\/\/meat-machine.com\/?post_type=product&#038;p=363"},"modified":"2026-03-10T17:15:19","modified_gmt":"2026-03-10T09:15:19","slug":"maquina-de-fumante-de-carne","status":"publish","type":"product","link":"https:\/\/meat-machine.com\/pt\/product\/meat-smoker-machine\/","title":{"rendered":"M\u00e1quina de defuma\u00e7\u00e3o de carne para defumar frango, peixe e lingui\u00e7a"},"content":{"rendered":"<div class=\"kk-star-ratings kksr-auto kksr-align-left kksr-valign-top\"     data-payload='{&quot;align&quot;:&quot;left&quot;,&quot;id&quot;:&quot;363&quot;,&quot;slug&quot;:&quot;default&quot;,&quot;valign&quot;:&quot;top&quot;,&quot;ignore&quot;:&quot;&quot;,&quot;reference&quot;:&quot;auto&quot;,&quot;class&quot;:&quot;&quot;,&quot;count&quot;:&quot;12&quot;,&quot;legendonly&quot;:&quot;&quot;,&quot;readonly&quot;:&quot;&quot;,&quot;score&quot;:&quot;4.8&quot;,&quot;starsonly&quot;:&quot;&quot;,&quot;best&quot;:&quot;5&quot;,&quot;gap&quot;:&quot;5&quot;,&quot;greet&quot;:&quot;Rate this product&quot;,&quot;legend&quot;:&quot;4.8\\\/5 - (12 votes)&quot;,&quot;size&quot;:&quot;24&quot;,&quot;title&quot;:&quot;Meat Smoker Machine for Smoking Chicken, Fish and Sausage&quot;,&quot;width&quot;:&quot;136.7&quot;,&quot;_legend&quot;:&quot;{score}\\\/{best} - ({count} {votes})&quot;,&quot;font_factor&quot;:&quot;1.25&quot;}'>              <div class=\"kksr-stars\">      <div class=\"kksr-stars-inactive\">             <div class=\"kksr-star\" data-star=\"1\" style=\"padding-right: 5px\">               <div class=\"kksr-icon\" style=\"width: 24px; height: 24px;\"><\/div>         <\/div>             <div class=\"kksr-star\" data-star=\"2\" style=\"padding-right: 5px\">               <div class=\"kksr-icon\" style=\"width: 24px; height: 24px;\"><\/div>         <\/div>             <div class=\"kksr-star\" data-star=\"3\" style=\"padding-right: 5px\">               <div class=\"kksr-icon\" style=\"width: 24px; height: 24px;\"><\/div>         <\/div>             <div class=\"kksr-star\" data-star=\"4\" style=\"padding-right: 5px\">               <div class=\"kksr-icon\" style=\"width: 24px; height: 24px;\"><\/div>         <\/div>             <div class=\"kksr-star\" data-star=\"5\" style=\"padding-right: 5px\">               <div class=\"kksr-icon\" style=\"width: 24px; height: 24px;\"><\/div>         <\/div>     <\/div>      <div class=\"kksr-stars-active\" style=\"width: 136.7px;\">             <div class=\"kksr-star\" style=\"padding-right: 5px\">               <div class=\"kksr-icon\" style=\"width: 24px; height: 24px;\"><\/div>         <\/div>             <div class=\"kksr-star\" style=\"padding-right: 5px\">               <div class=\"kksr-icon\" style=\"width: 24px; height: 24px;\"><\/div>         <\/div>             <div class=\"kksr-star\" style=\"padding-right: 5px\">               <div class=\"kksr-icon\" style=\"width: 24px; height: 24px;\"><\/div>         <\/div>             <div class=\"kksr-star\" style=\"padding-right: 5px\">               <div class=\"kksr-icon\" style=\"width: 24px; height: 24px;\"><\/div>         <\/div>             <div class=\"kksr-star\" style=\"padding-right: 5px\">               <div class=\"kksr-icon\" style=\"width: 24px; height: 24px;\"><\/div>         <\/div>     <\/div> <\/div>                   <div class=\"kksr-legend\" style=\"font-size: 19.2px;\">             4,8\/5 - (12 votos)    <\/div>     <\/div>  <p class=\"wp-block-paragraph translation-block\">A <strong>M\u00e1quina de Fumar Carne<\/strong> \u00e9 usada para fumar salsichas, presunto, aves, peixe e outros produtos de carne, real\u00e7ando o seu sabor com um aroma defumado rico durante o processamento.<\/p>    <p class=\"wp-block-paragraph translation-block\">Esta <strong>M\u00e1quina de Fumar Carne<\/strong> \u00e9 totalmente autom\u00e1tica e integra fun\u00e7\u00f5es como secagem, assar, fumar, colora\u00e7\u00e3o e exaust\u00e3o. \u00c9 amplamente utilizada em f\u00e1bricas de carne e linhas de produ\u00e7\u00e3o de salsichas. Al\u00e9m de carne fumada, a m\u00e1quina tamb\u00e9m pode processar bacon fumado, salsichas, peixe fumado e at\u00e9 queijo fumado.<\/p>    <p class=\"wp-block-paragraph translation-block\">A <strong>M\u00e1quina de Fumar Carne<\/strong> suporta tanto fumagem a frio como a quente. A fumagem a frio \u00e9 tipicamente realizada a <strong>10\u201330\u00b0C<\/strong>, enquanto a fumagem a quente varia entre <strong>10\u2013100\u00b0C<\/strong>, dependendo dos requisitos do produto. Diferentes madeiras, incluindo nogueira, mesquite, madeira de ma\u00e7\u00e3 e cerejeira, podem ser usadas para criar sabores defumados distintos.<\/p>    <figure class=\"wp-block-embed is-type-video is-provider-youtube wp-block-embed-youtube wp-embed-aspect-9-16 wp-has-aspect-ratio\"><div class=\"wp-block-embed__wrapper\"> <iframe loading=\"lazy\" title=\"Forno de Fumar Carne Comercial | Perfeito para Salsichas e Carne Defumada #carne #fumador\" width=\"422\" height=\"750\" src=\"https:\/\/www.youtube.com\/embed\/nMbKB-s3k-E?feature=oembed\" frameborder=\"0\" allow=\"accelerometer; autoplay; clipboard-write; encrypted-media; gyroscope; picture-in-picture; web-share\" referrerpolicy=\"strict-origin-when-cross-origin\" allowfullscreen><\/iframe> <\/div><figcaption class=\"wp-element-caption\">V\u00eddeo de Funcionamento da M\u00e1quina de Fumar Carne<\/figcaption><\/figure>    <h2 class=\"wp-block-heading\">Fumador de frango \u00e0 venda<\/h2>    <p class=\"wp-block-paragraph translation-block\">A nossa <strong>m\u00e1quina de fumar frango \u00e0 venda<\/strong> \u00e9 para fumar e vaporizar uma variedade de produtos alimentares, como frango, salsichas, presunto, salsichas secas, churrasco e peixe. A m\u00e1quina \u00e9 f\u00e1cil de operar, fi\u00e1vel e adequada para f\u00e1bricas de processamento de carne e f\u00e1bricas de alimentos.<\/p>    <p class=\"wp-block-paragraph\">Esta m\u00e1quina de fumagem de frango adota controlo el\u00e9trico manual com um elevado n\u00edvel de automa\u00e7\u00e3o. Integra m\u00faltiplas fun\u00e7\u00f5es incluindo aquecimento el\u00e9trico ou a vapor (vaporiza\u00e7\u00e3o), circula\u00e7\u00e3o de ar quente para secar ou assar, fumagem e exaust\u00e3o. Estas fun\u00e7\u00f5es podem ser combinadas de forma flex\u00edvel de acordo com diferentes requisitos de processamento. <\/p>    <p class=\"wp-block-paragraph\">A m\u00e1quina apresenta uma estrutura de a\u00e7o inoxid\u00e1vel de duplo camada com materiais de isolamento espessos para reduzir o consumo de energia. Al\u00e9m disso, par\u00e2metros de processamento como tempo e temperatura podem ser definidos livremente para garantir controlo preciso. O sistema tamb\u00e9m est\u00e1 equipado com dois ou quatro sondas de temperatura e uma fun\u00e7\u00e3o de alarme autom\u00e1tico para garantir uma opera\u00e7\u00e3o segura e est\u00e1vel durante a produ\u00e7\u00e3o.<\/p>    <figure class=\"wp-block-gallery has-nested-images columns-default is-cropped wp-block-gallery-2 is-layout-flex wp-block-gallery-is-layout-flex\"> <figure class=\"wp-block-image size-large\"><img loading=\"lazy\" decoding=\"async\" width=\"720\" height=\"540\" data-id=\"1157\" src=\"https:\/\/meat-machine.com\/wp-content\/uploads\/2023\/03\/cheese.webp\" alt=\"cheese\" class=\"wp-image-1157\" title=\"\" srcset=\"https:\/\/meat-machine.com\/wp-content\/uploads\/2023\/03\/cheese.webp 720w, https:\/\/meat-machine.com\/wp-content\/uploads\/2023\/03\/cheese-300x225.webp 300w, https:\/\/meat-machine.com\/wp-content\/uploads\/2023\/03\/cheese-16x12.webp 16w\" sizes=\"auto, (max-width: 720px) 100vw, 720px\" \/><figcaption class=\"wp-element-caption\">Queijo<\/figcaption><\/figure>    <figure class=\"wp-block-image size-large\"><img loading=\"lazy\" decoding=\"async\" width=\"540\" height=\"720\" data-id=\"1158\" src=\"https:\/\/meat-machine.com\/wp-content\/uploads\/2023\/03\/food-smoking-machine.webp\" alt=\"m\u00e1quina de fumagem de alimentos\" class=\"wp-image-1158\" title=\"\" srcset=\"https:\/\/meat-machine.com\/wp-content\/uploads\/2023\/03\/food-smoking-machine.webp 540w, https:\/\/meat-machine.com\/wp-content\/uploads\/2023\/03\/food-smoking-machine-225x300.webp 225w, https:\/\/meat-machine.com\/wp-content\/uploads\/2023\/03\/food-smoking-machine-9x12.webp 9w\" sizes=\"auto, (max-width: 540px) 100vw, 540px\" \/><figcaption class=\"wp-element-caption\">M\u00e1quina de Fumar Alimentos<\/figcaption><\/figure> <\/figure>    <h2 class=\"wp-block-heading\">Estrutura da m\u00e1quina de fumar carne<\/h2>    <div class=\"wp-block-media-text is-stacked-on-mobile\"><figure class=\"wp-block-media-text__media\"><img loading=\"lazy\" decoding=\"async\" width=\"720\" height=\"540\" src=\"https:\/\/meat-machine.com\/wp-content\/uploads\/2023\/03\/Meat-Smoker-Machine-structure.webp\" alt=\"Estrutura da M\u00e1quina de Fumar Carne\" class=\"wp-image-1159 size-full\" title=\"\" srcset=\"https:\/\/meat-machine.com\/wp-content\/uploads\/2023\/03\/Meat-Smoker-Machine-structure.webp 720w, https:\/\/meat-machine.com\/wp-content\/uploads\/2023\/03\/Meat-Smoker-Machine-structure-300x225.webp 300w, https:\/\/meat-machine.com\/wp-content\/uploads\/2023\/03\/Meat-Smoker-Machine-structure-16x12.webp 16w\" sizes=\"auto, (max-width: 720px) 100vw, 720px\" \/><\/figure><div class=\"wp-block-media-text__content\"> <ul class=\"wp-block-list\"> <li><strong>Motor<\/strong>: Fornece energia para a m\u00e1quina e garante uma opera\u00e7\u00e3o est\u00e1vel durante o processo de fumagem.<\/li>    <li><strong>Tubo de entrega de fumo<\/strong>: Transfere o fumo do gerador de fumo para a c\u00e2mara de fumagem.<\/li>    <li><strong>Caixa de controlo PLC<\/strong>: Permite controlo autom\u00e1tico de temperatura, tempo e fun\u00e7\u00f5es de fumagem para opera\u00e7\u00e3o conveniente.<\/li>    <li><strong>Gerador de Fumo Externo<\/strong>: Produz fumo que confere \u00e0 carne e outros alimentos o seu sabor caracter\u00edstico de fumo.<\/li>    <li><strong>Janela de visualiza\u00e7\u00e3o<\/strong>: Permite aos operadores observar o processo de fumagem dentro da c\u00e2mara.<\/li>    <li><strong>Man\u00edpulo<\/strong>: Facilita a abertura e o fecho da porta da c\u00e2mara de fumagem.<\/li> <\/ul> <\/div><\/div>    <h2 class=\"wp-block-heading\">Como funciona a m\u00e1quina de fumar alimentos?<\/h2>    <div class=\"wp-block-media-text has-media-on-the-right is-stacked-on-mobile\"><div class=\"wp-block-media-text__content\"> <ul class=\"wp-block-list\"> <li><strong>Alimenta\u00e7\u00e3o de Serradura<\/strong>: A serradura \u00e9 alimentada na c\u00e2mara de fumo externa atrav\u00e9s do funil, e a velocidade de alimenta\u00e7\u00e3o \u00e9 controlada pelo motor de agita\u00e7\u00e3o.<\/li>    <li><strong>Gera\u00e7\u00e3o de Fumo<\/strong>: O tubo de aquecimento el\u00e9trico em forma de U aquece a serradura para gerar fumo durante o processo de fumagem.<\/li>    <li><strong>Circula\u00e7\u00e3o de Fumo<\/strong>: O fumo gerado entra na c\u00e2mara de fumagem atrav\u00e9s de pequenos orif\u00edcios e circula dentro da m\u00e1quina.<\/li>    <li><strong>Distribui\u00e7\u00e3o do Ventilador<\/strong>: Um ventilador de fluxo axial move o fumo de cima para baixo, garantindo que o alimento seja aquecido e fumado de forma uniforme.<\/li>    <li><strong>Monitoriza\u00e7\u00e3o de Temperatura<\/strong>: Uma sonda de temperatura integrada monitora a temperatura interna para manter condi\u00e7\u00f5es de fumagem est\u00e1veis.<\/li> <\/ul> <\/div><figure class=\"wp-block-media-text__media\"><img loading=\"lazy\" decoding=\"async\" width=\"540\" height=\"720\" src=\"https:\/\/meat-machine.com\/wp-content\/uploads\/2023\/03\/commercial-meat-smoker.webp\" alt=\"fumador de carne comercial\" class=\"wp-image-1160 size-full\" title=\"\" srcset=\"https:\/\/meat-machine.com\/wp-content\/uploads\/2023\/03\/commercial-meat-smoker.webp 540w, https:\/\/meat-machine.com\/wp-content\/uploads\/2023\/03\/commercial-meat-smoker-225x300.webp 225w, https:\/\/meat-machine.com\/wp-content\/uploads\/2023\/03\/commercial-meat-smoker-9x12.webp 9w\" sizes=\"auto, (max-width: 540px) 100vw, 540px\" \/><\/figure><\/div>    <h2 class=\"wp-block-heading\">Par\u00e2metros t\u00e9cnicos da m\u00e1quina de defuma\u00e7\u00e3o de carne<\/h2>    <figure class=\"wp-block-table\"><table class=\"has-fixed-layout\"><tbody><tr><td>Modelo<\/td><td>Capacidade(kg\/lote)<\/td><td>Pot\u00eancia (kw)<\/td><td>Peso (kg)<\/td><td>Tamanho (mm)<\/td><\/tr><tr><td>TZ-30<\/td><td>30<\/td><td>16.5<\/td><td>350<\/td><td>2000*1100*1500<\/td><\/tr><tr><td>TZ-50<\/td><td>50<\/td><td>16.5<\/td><td>450<\/td><td>2100*1150*1715<\/td><\/tr><tr><td>TZ-100<\/td><td>100<\/td><td>18<\/td><td>500<\/td><td>2100*1200*2020<\/td><\/tr><tr><td>TZ-150<\/td><td>150<\/td><td>18<\/td><td>550<\/td><td>2320*1220*2510<\/td><\/tr><tr><td>TZ-200<\/td><td>200<\/td><td>19<\/td><td>600<\/td><td>2310*1370*2500<\/td><\/tr><tr><td>TZ-250<\/td><td>300<\/td><td>19<\/td><td>700<\/td><td>2350*1500*3000<\/td><\/tr><tr><td>TZ-500<\/td><td>500<\/td><td>35<\/td><td>1200<\/td><td>2420*2200*3000<\/td><\/tr><tr><td>TZ-1000<\/td><td>1000<\/td><td>67<\/td><td>2400<\/td><td>2500*4400*3000<\/td><\/tr><\/tbody><\/table><figcaption class=\"wp-element-caption\">par\u00e2metros da m\u00e1quina de fumar carne<\/figcaption><\/figure>    <figure class=\"wp-block-gallery has-nested-images columns-default is-cropped wp-block-gallery-3 is-layout-flex wp-block-gallery-is-layout-flex\"> <figure class=\"wp-block-image size-large\"><img loading=\"lazy\" decoding=\"async\" width=\"540\" height=\"720\" data-id=\"1161\" src=\"https:\/\/meat-machine.com\/wp-content\/uploads\/2023\/03\/chicken-smoker.webp\" alt=\"Fumador de frango\" class=\"wp-image-1161\" title=\"\" srcset=\"https:\/\/meat-machine.com\/wp-content\/uploads\/2023\/03\/chicken-smoker.webp 540w, https:\/\/meat-machine.com\/wp-content\/uploads\/2023\/03\/chicken-smoker-225x300.webp 225w, https:\/\/meat-machine.com\/wp-content\/uploads\/2023\/03\/chicken-smoker-9x12.webp 9w\" sizes=\"auto, (max-width: 540px) 100vw, 540px\" \/><figcaption class=\"wp-element-caption\">Fumador de frango<\/figcaption><\/figure>    <figure class=\"wp-block-image size-large\"><img loading=\"lazy\" decoding=\"async\" width=\"540\" height=\"720\" data-id=\"1162\" src=\"https:\/\/meat-machine.com\/wp-content\/uploads\/2023\/03\/food-smoker.webp\" alt=\"Fumador de alimentos\" class=\"wp-image-1162\" title=\"\" srcset=\"https:\/\/meat-machine.com\/wp-content\/uploads\/2023\/03\/food-smoker.webp 540w, https:\/\/meat-machine.com\/wp-content\/uploads\/2023\/03\/food-smoker-225x300.webp 225w, https:\/\/meat-machine.com\/wp-content\/uploads\/2023\/03\/food-smoker-9x12.webp 9w\" sizes=\"auto, (max-width: 540px) 100vw, 540px\" \/><figcaption class=\"wp-element-caption\">Fumador de alimentos<\/figcaption><\/figure> <\/figure>    <h2 class=\"wp-block-heading\">Vantagens da m\u00e1quina de fumar carne<\/h2>    <ul class=\"wp-block-list\"> <li><strong>Controlo Preciso de Temperatura<\/strong>: A v\u00e1lvula de vapor piloto controla com precis\u00e3o o fluxo de vapor, garantindo uma opera\u00e7\u00e3o est\u00e1vel e mantendo a diferen\u00e7a de temperatura dentro da c\u00e2mara. <strong>1\u00b0C<\/strong>.<\/li>    <li><strong>Sistema de Aquecimento Uniforme<\/strong>: H\u00e9lices de ventilador dinamicamente equilibradas a <strong>3000 rpm<\/strong> fornece fluxo de ar forte com uma velocidade de vento at\u00e9 <strong>25 m\/s<\/strong>, garantindo uma distribui\u00e7\u00e3o uniforme da temperatura por toda a c\u00e2mara.<\/li>    <li><strong>Gera\u00e7\u00e3o Est\u00e1vel de Fumo<\/strong>: A m\u00e1quina usa um <strong>Gerador de fumo de part\u00edculas de madeira<\/strong>, que produz fumo est\u00e1vel, permite uma colora\u00e7\u00e3o r\u00e1pida dos alimentos e garante que o fumo limpo entre na c\u00e2mara.<\/li>    <li><strong>F\u00e1cil de Limpar e Manuten\u00e7\u00e3o<\/strong>: Equipado com um <strong>bomba de tubo de alta press\u00e3o<\/strong> : Com bicos multi\u00e2ngulo, o sistema limpa eficazmente as bobinas e os tubos de fumo, mantendo a higiene e a opera\u00e7\u00e3o eficiente.<\/li> <\/ul>    <div class=\"wp-block-columns is-layout-flex wp-container-core-columns-is-layout-8f761849 wp-block-columns-is-layout-flex\"> <div class=\"wp-block-column is-layout-flow wp-block-column-is-layout-flow\"> <figure class=\"wp-block-image size-full\"><img loading=\"lazy\" decoding=\"async\" width=\"720\" height=\"540\" src=\"https:\/\/meat-machine.com\/wp-content\/uploads\/2023\/03\/sausage.webp\" alt=\"salsicha\" class=\"wp-image-371\" title=\"\" srcset=\"https:\/\/meat-machine.com\/wp-content\/uploads\/2023\/03\/sausage.webp 720w, https:\/\/meat-machine.com\/wp-content\/uploads\/2023\/03\/sausage-300x225.webp 300w\" sizes=\"auto, (max-width: 720px) 100vw, 720px\" \/><figcaption class=\"wp-element-caption\">Salsicha<\/figcaption><\/figure> <\/div>    <div class=\"wp-block-column is-layout-flow wp-block-column-is-layout-flow\"> <figure class=\"wp-block-image size-full\"><img loading=\"lazy\" decoding=\"async\" width=\"720\" height=\"540\" src=\"https:\/\/meat-machine.com\/wp-content\/uploads\/2023\/03\/pork.webp\" alt=\"carne de porco\" class=\"wp-image-370\" title=\"\" srcset=\"https:\/\/meat-machine.com\/wp-content\/uploads\/2023\/03\/pork.webp 720w, https:\/\/meat-machine.com\/wp-content\/uploads\/2023\/03\/pork-300x225.webp 300w\" sizes=\"auto, (max-width: 720px) 100vw, 720px\" \/><figcaption class=\"wp-element-caption\">Carne de porco<\/figcaption><\/figure> <\/div> <\/div>    <h2 class=\"wp-block-heading\">Como limpar um defumador de carne?<\/h2>    <div class=\"wp-block-media-text is-stacked-on-mobile\"><figure class=\"wp-block-media-text__media\"><img loading=\"lazy\" decoding=\"async\" width=\"540\" height=\"720\" src=\"https:\/\/meat-machine.com\/wp-content\/uploads\/2023\/03\/Meat-Smoker-Machine-price.webp\" alt=\"Pre\u00e7o da M\u00e1quina de Fumar Carne\" class=\"wp-image-1163 size-full\" title=\"\" srcset=\"https:\/\/meat-machine.com\/wp-content\/uploads\/2023\/03\/Meat-Smoker-Machine-price.webp 540w, https:\/\/meat-machine.com\/wp-content\/uploads\/2023\/03\/Meat-Smoker-Machine-price-225x300.webp 225w, https:\/\/meat-machine.com\/wp-content\/uploads\/2023\/03\/Meat-Smoker-Machine-price-9x12.webp 9w\" sizes=\"auto, (max-width: 540px) 100vw, 540px\" \/><\/figure><div class=\"wp-block-media-text__content\"> <ul class=\"wp-block-list\"> <li><strong>Frequ\u00eancia de Limpeza<\/strong> <ul class=\"wp-block-list\"> <li>Limpe o fumador ap\u00f3s cada uso para manter a higiene e o desempenho.<\/li> <\/ul> <\/li>    <li><strong>\u00c1reas de Limpeza<\/strong> <ul class=\"wp-block-list\"> <li>Foque-se no tubo de fumo e no interior da c\u00e2mara de fumagem. Com press\u00e3o suficiente da bomba, todas as partes podem ser abertas simultaneamente. Uma placa de cobertura no tubo de fumo permite acesso manual para remover sujidade persistente, se necess\u00e1rio.<\/li> <\/ul> <\/li>    <li><strong>Solu\u00e7\u00e3o de Limpeza<\/strong> <ul class=\"wp-block-list\"> <li>Use uma solu\u00e7\u00e3o de soda c\u00e1ustica a 3\u20135%. Enx\u00e1gue abundantemente com \u00e1gua limpa para remover qualquer res\u00edduo de solu\u00e7\u00e3o alcalina ou detritos.<\/li> <\/ul> <\/li> <\/ul> <\/div><\/div>    <ul class=\"wp-block-list\"> <li><strong>Passos de Limpeza<\/strong> <ul class=\"wp-block-list\"> <li>Aque\u00e7a a fumadora a 70\u201380\u00b0C. Pulverize a solu\u00e7\u00e3o de limpeza usando uma bomba de \u00e1gua e deixe atuar por 2\u20133 minutos.<\/li>    <li>Despeje \u00e1gua limpa no balde de limpeza e enx\u00e1gue completamente a fumadora. Repita a opera\u00e7\u00e3o de enxaguamento conforme necess\u00e1rio.<\/li> <\/ul> <\/li>    <li><strong>Precau\u00e7\u00f5es de Seguran\u00e7a<\/strong> <ul class=\"wp-block-list\"> <li>Evite salpicar \u00e1gua na caixa de controlo ou no computador.<\/li>    <li>Os operadores devem usar equipamento de prote\u00e7\u00e3o durante a limpeza.<\/li> <\/ul> <\/li> <\/ul>    <figure class=\"wp-block-gallery has-nested-images columns-default is-cropped wp-block-gallery-4 is-layout-flex wp-block-gallery-is-layout-flex\"> <figure class=\"wp-block-image size-full\"><img loading=\"lazy\" decoding=\"async\" width=\"540\" height=\"720\" data-id=\"1164\" src=\"https:\/\/meat-machine.com\/wp-content\/uploads\/2023\/03\/Meat-Smoker-Machine-1.webp\" alt=\"M\u00e1quina de Fumar Carne\" class=\"wp-image-1164\" title=\"\" srcset=\"https:\/\/meat-machine.com\/wp-content\/uploads\/2023\/03\/Meat-Smoker-Machine-1.webp 540w, https:\/\/meat-machine.com\/wp-content\/uploads\/2023\/03\/Meat-Smoker-Machine-1-225x300.webp 225w, https:\/\/meat-machine.com\/wp-content\/uploads\/2023\/03\/Meat-Smoker-Machine-1-9x12.webp 9w\" sizes=\"auto, (max-width: 540px) 100vw, 540px\" \/><figcaption class=\"wp-element-caption\">M\u00e1quina de Fumar Carne<\/figcaption><\/figure>    <figure class=\"wp-block-image size-full\"><img loading=\"lazy\" decoding=\"async\" width=\"540\" height=\"720\" data-id=\"1165\" src=\"https:\/\/meat-machine.com\/wp-content\/uploads\/2023\/03\/meat-smoking-machine.webp\" alt=\"m\u00e1quina de fumar carne\" class=\"wp-image-1165\" title=\"\" srcset=\"https:\/\/meat-machine.com\/wp-content\/uploads\/2023\/03\/meat-smoking-machine.webp 540w, https:\/\/meat-machine.com\/wp-content\/uploads\/2023\/03\/meat-smoking-machine-225x300.webp 225w, https:\/\/meat-machine.com\/wp-content\/uploads\/2023\/03\/meat-smoking-machine-9x12.webp 9w\" sizes=\"auto, (max-width: 540px) 100vw, 540px\" \/><figcaption class=\"wp-element-caption\">M\u00e1quina de Fumar Carne<\/figcaption><\/figure> <\/figure>    <h2 class=\"wp-block-heading\">Conclus\u00e3o<\/h2>    <p class=\"wp-block-paragraph translation-block\">A nossa <strong>M\u00e1quina de Fumar Carne<\/strong> oferece resultados de fumagem consistentes, f\u00e1cil limpeza e desempenho fi\u00e1vel. Contacte-nos hoje para um or\u00e7amento e deixe-nos ajudar a escolher o modelo certo para as suas necessidades. <\/p>    <p class=\"wp-block-paragraph translation-block\">Tamb\u00e9m oferecemos uma vasta gama de outras m\u00e1quinas de processamento de alimentos, desde <a href=\"https:\/\/meat-machine.com\/pt\/produtos\/moedor-de-carne\/\" data-type=\"link\" data-id=\"https:\/\/meat-machine.com\/products\/meat-grinder\/\">moinhos de carne<\/a> at\u00e9 <a href=\"https:\/\/meat-machine.com\/pt\/produto\/linha-de-processamento-de-salsicha\/\" data-type=\"link\" data-id=\"https:\/\/meat-machine.com\/product\/sausage-processing-line\/\">m\u00e1quinas de fazer salsichas<\/a> \u2014 explore a nossa linha completa e encontre a solu\u00e7\u00e3o perfeita para a sua linha de produ\u00e7\u00e3o!<\/p>","protected":false},"excerpt":{"rendered":"<p>A M\u00e1quina de Fumar Carne \u00e9 usada para fumar salsichas, presunto, aves, peixe e outros produtos de carne, real\u00e7ando o seu sabor com um aroma defumado rico durante o processamento.<\/p>","protected":false},"author":1,"featured_media":375,"parent":0,"template":"","tags":[27],"product-type":[4],"class_list":["post-363","product","type-product","status-publish","has-post-thumbnail","hentry","tag-smoke-oven","product-type-meat-grinder"],"_links":{"self":[{"href":"https:\/\/meat-machine.com\/pt\/wp-json\/wp\/v2\/product\/363","targetHints":{"allow":["GET"]}}],"collection":[{"href":"https:\/\/meat-machine.com\/pt\/wp-json\/wp\/v2\/product"}],"about":[{"href":"https:\/\/meat-machine.com\/pt\/wp-json\/wp\/v2\/types\/product"}],"author":[{"embeddable":true,"href":"https:\/\/meat-machine.com\/pt\/wp-json\/wp\/v2\/users\/1"}],"wp:featuredmedia":[{"embeddable":true,"href":"https:\/\/meat-machine.com\/pt\/wp-json\/wp\/v2\/media\/375"}],"wp:attachment":[{"href":"https:\/\/meat-machine.com\/pt\/wp-json\/wp\/v2\/media?parent=363"}],"wp:term":[{"taxonomy":"post_tag","embeddable":true,"href":"https:\/\/meat-machine.com\/pt\/wp-json\/wp\/v2\/tags?post=363"},{"taxonomy":"product-type","embeddable":true,"href":"https:\/\/meat-machine.com\/pt\/wp-json\/wp\/v2\/product-type?post=363"}],"curies":[{"name":"wp","href":"https:\/\/api.w.org\/{rel}","templated":true}]}}