{"id":283,"date":"2023-01-16T17:55:26","date_gmt":"2023-01-16T09:55:26","guid":{"rendered":"https:\/\/meat-machine.com\/?post_type=product&#038;p=283"},"modified":"2026-03-04T16:48:42","modified_gmt":"2026-03-04T08:48:42","slug":"maquina-de-serra-de-osso-comercial","status":"publish","type":"product","link":"https:\/\/meat-machine.com\/pt\/product\/commercial-bone-saw-machine\/","title":{"rendered":"M\u00e1quina comercial de serra \u00f3ssea | Serra de fita comercial para carne"},"content":{"rendered":"<div class=\"kk-star-ratings kksr-auto kksr-align-left kksr-valign-top\"     data-payload='{&quot;align&quot;:&quot;left&quot;,&quot;id&quot;:&quot;283&quot;,&quot;slug&quot;:&quot;default&quot;,&quot;valign&quot;:&quot;top&quot;,&quot;ignore&quot;:&quot;&quot;,&quot;reference&quot;:&quot;auto&quot;,&quot;class&quot;:&quot;&quot;,&quot;count&quot;:&quot;15&quot;,&quot;legendonly&quot;:&quot;&quot;,&quot;readonly&quot;:&quot;&quot;,&quot;score&quot;:&quot;4.7&quot;,&quot;starsonly&quot;:&quot;&quot;,&quot;best&quot;:&quot;5&quot;,&quot;gap&quot;:&quot;5&quot;,&quot;greet&quot;:&quot;Rate this product&quot;,&quot;legend&quot;:&quot;4.7\\\/5 - (15 votes)&quot;,&quot;size&quot;:&quot;24&quot;,&quot;title&quot;:&quot;Commercial Bone Saw Machine | Commercial Meat Band Saw&quot;,&quot;width&quot;:&quot;133.8&quot;,&quot;_legend&quot;:&quot;{score}\\\/{best} - ({count} {votes})&quot;,&quot;font_factor&quot;:&quot;1.25&quot;}'>              <div class=\"kksr-stars\">      <div class=\"kksr-stars-inactive\">             <div class=\"kksr-star\" data-star=\"1\" style=\"padding-right: 5px\">               <div class=\"kksr-icon\" style=\"width: 24px; height: 24px;\"><\/div>         <\/div>             <div class=\"kksr-star\" data-star=\"2\" style=\"padding-right: 5px\">               <div class=\"kksr-icon\" style=\"width: 24px; height: 24px;\"><\/div>         <\/div>             <div class=\"kksr-star\" data-star=\"3\" style=\"padding-right: 5px\">               <div class=\"kksr-icon\" style=\"width: 24px; height: 24px;\"><\/div>         <\/div>             <div class=\"kksr-star\" data-star=\"4\" style=\"padding-right: 5px\">               <div class=\"kksr-icon\" style=\"width: 24px; height: 24px;\"><\/div>         <\/div>             <div class=\"kksr-star\" data-star=\"5\" style=\"padding-right: 5px\">               <div class=\"kksr-icon\" style=\"width: 24px; height: 24px;\"><\/div>         <\/div>     <\/div>      <div class=\"kksr-stars-active\" style=\"width: 133.8px;\">             <div class=\"kksr-star\" style=\"padding-right: 5px\">               <div class=\"kksr-icon\" style=\"width: 24px; height: 24px;\"><\/div>         <\/div>             <div class=\"kksr-star\" style=\"padding-right: 5px\">               <div class=\"kksr-icon\" style=\"width: 24px; height: 24px;\"><\/div>         <\/div>             <div class=\"kksr-star\" style=\"padding-right: 5px\">               <div class=\"kksr-icon\" style=\"width: 24px; height: 24px;\"><\/div>         <\/div>             <div class=\"kksr-star\" style=\"padding-right: 5px\">               <div class=\"kksr-icon\" style=\"width: 24px; height: 24px;\"><\/div>         <\/div>             <div class=\"kksr-star\" style=\"padding-right: 5px\">               <div class=\"kksr-icon\" style=\"width: 24px; height: 24px;\"><\/div>         <\/div>     <\/div> <\/div>                   <div class=\"kksr-legend\" style=\"font-size: 19.2px;\">             4,7\/5 - (15 votos)    <\/div>     <\/div>  <p class=\"wp-block-paragraph\">A M\u00e1quina Comercial de Serra de Osso \u00e9 capaz de cortar r\u00e1pida e precisamente v\u00e1rios tipos de carne com osso e produtos de carne congelada. <\/p>    <p class=\"wp-block-paragraph\">Equipado com um sistema de serra de banda de alta velocidade, a m\u00e1quina funciona suavemente e fornece superf\u00edcies de corte limpas e uniformes, melhorando significativamente a efici\u00eancia do processamento e reduzindo custos laborais. <\/p>    <p class=\"wp-block-paragraph\">Com uma faixa de largura de corte ajust\u00e1vel de 0\u2013580 mm, pode atender a diferentes requisitos de tamanho e \u00e9 amplamente utilizada em f\u00e1bricas de processamento de alimentos, cozinhas centrais e ateliers de corte de carne.<\/p>    <figure class=\"wp-block-embed is-type-video is-provider-youtube wp-block-embed-youtube wp-embed-aspect-9-16 wp-has-aspect-ratio\"><div class=\"wp-block-embed__wrapper\"> <iframe loading=\"lazy\" title=\"M\u00e1quina de Serra\u00e7\u00e3o de Osso Industrial para F\u00e1brica de Processamento de Carne #ossos #processamentodealimentos #m\u00e1quinadealimentos\" width=\"422\" height=\"750\" src=\"https:\/\/www.youtube.com\/embed\/LKkPTC52Qh4?feature=oembed\" frameborder=\"0\" allow=\"accelerometer; autoplay; clipboard-write; encrypted-media; gyroscope; picture-in-picture; web-share\" referrerpolicy=\"strict-origin-when-cross-origin\" allowfullscreen><\/iframe> <\/div><figcaption class=\"wp-element-caption\">V\u00eddeo de Trabalho da M\u00e1quina de Serra de Osso Comercial<\/figcaption><\/figure>    <h2 class=\"wp-block-heading\">Aplica\u00e7\u00f5es da m\u00e1quina de serra de osso el\u00e9trica<\/h2>    <p class=\"wp-block-paragraph\">A m\u00e1quina el\u00e9trica de serra de osso \u00e9 altamente vers\u00e1til e adequada para uma vasta gama de tarefas de processamento de carne. Pode cortar eficientemente ossos de animais pequenos a m\u00e9dios, costelas, carne fresca, carne congelada e peixe congelado. <\/p>    <p class=\"wp-block-paragraph\">Esta versatilidade torna-a ideal para uso em f\u00e1bricas de processamento de carne, matadouros, f\u00e1bricas de alimentos e cozinhas ou restaurantes de grande escala. <\/p>    <p class=\"wp-block-paragraph translation-block\">Al\u00e9m da serra de osso, tamb\u00e9m oferecemos <a href=\"https:\/\/meat-machine.com\/pt\/produto\/maquina-de-cortar-carne\/\" data-type=\"link\" data-id=\"https:\/\/meat-machine.com\/product\/meat-dicing-machine\/\">m\u00e1quinas de corte de carne<\/a> e <a href=\"https:\/\/meat-machine.com\/pt\/produto\/moedor-de-ossos\/\" data-type=\"link\" data-id=\"https:\/\/meat-machine.com\/product\/bone-grinder\/\">m\u00e1quinas de esmagar ossos<\/a> para suportar solu\u00e7\u00f5es completas de processamento de carne.<\/p>   <div class=\"wp-block-image\"> <figure class=\"aligncenter size-full\"><img loading=\"lazy\" decoding=\"async\" width=\"720\" height=\"540\" src=\"https:\/\/meat-machine.com\/wp-content\/uploads\/2023\/01\/application.webp\" alt=\"aplicativo\" class=\"wp-image-284\" title=\"\" srcset=\"https:\/\/meat-machine.com\/wp-content\/uploads\/2023\/01\/application.webp 720w, https:\/\/meat-machine.com\/wp-content\/uploads\/2023\/01\/application-300x225.webp 300w\" sizes=\"auto, (max-width: 720px) 100vw, 720px\" \/><figcaption class=\"wp-element-caption\">aplicativo<\/figcaption><\/figure> <\/div>   <h2 class=\"wp-block-heading\">Estrutura da m\u00e1quina de serra de osso<\/h2>    <div class=\"wp-block-media-text is-stacked-on-mobile\"><figure class=\"wp-block-media-text__media\"><img loading=\"lazy\" decoding=\"async\" width=\"720\" height=\"540\" src=\"https:\/\/meat-machine.com\/wp-content\/uploads\/2023\/01\/bone-saw-machine.webp\" alt=\"m\u00e1quina de serra de osso\" class=\"wp-image-285 size-full\" title=\"\" srcset=\"https:\/\/meat-machine.com\/wp-content\/uploads\/2023\/01\/bone-saw-machine.webp 720w, https:\/\/meat-machine.com\/wp-content\/uploads\/2023\/01\/bone-saw-machine-300x225.webp 300w\" sizes=\"auto, (max-width: 720px) 100vw, 720px\" \/><\/figure><div class=\"wp-block-media-text__content\"> <p class=\"wp-block-paragraph\">A m\u00e1quina de serra de osso apresenta um design estrutural compacto e pr\u00e1tico, composto principalmente por um motor potente, uma l\u00e2mina de serra afiada, uma mesa de trabalho controlada eletricamente, uma superf\u00edcie de opera\u00e7\u00e3o plana e uma estrutura de suporte robusta. <\/p>    <p class=\"wp-block-paragraph\">O motor fornece energia est\u00e1vel para conduzir a l\u00e2mina da serra para uma corte eficiente, enquanto a mesa de trabalho ajust\u00e1vel garante o posicionamento preciso do material. A sua estrutura refor\u00e7ada aumenta a estabilidade geral durante a opera\u00e7\u00e3o. <\/p> <\/div><\/div>    <h2 class=\"wp-block-heading\">Como usar a m\u00e1quina de serra \u00f3ssea?<\/h2>    <ul class=\"wp-block-list\"> <li><strong>Ajustar a Posi\u00e7\u00e3o da Roda Motriz<\/strong> \u2013 Soltar o parafuso de fixa\u00e7\u00e3o na bucha do pino e mover o pino de localiza\u00e7\u00e3o deslizante para alinhar corretamente a roda motriz.<\/li>    <li><strong>Definir o \u00c2ngulo de Pitch do Eixo Motriz<\/strong> \u2013 Ajuste o parafuso externo na cobertura para alcan\u00e7ar o \u00e2ngulo de pitch correto para uma opera\u00e7\u00e3o suave.<\/li>    <li><strong>Verificar a Tens\u00e3o da L\u00e2mina da Serra<\/strong> \u2013 Certifique-se de que a l\u00e2mina da serra est\u00e1 devidamente apertada para evitar escorregamentos durante o corte.<\/li>    <li><strong>Ligar o Motor<\/strong> \u2013 Ligar a m\u00e1quina para iniciar a opera\u00e7\u00e3o.<\/li>    <li><strong>Colocar Material na Mesa de Trabalho<\/strong> \u2013 Posicione ossos ou outros ingredientes na prateleira remov\u00edvel.<\/li>    <li><strong>Alimentar Material Atrav\u00e9s da Serra<\/strong> \u2013 Empurre lentamente o material para frente at\u00e9 passar pela l\u00e2mina da serra.<\/li>    <li><strong>Recolher Peda\u00e7os Cortados<\/strong> \u2013 Os ossos e a carne s\u00e3o cortados ao tamanho desejado e est\u00e3o prontos para processamento adicional.<\/li> <\/ul>   <div class=\"wp-block-image\"> <figure class=\"aligncenter size-full\"><img loading=\"lazy\" decoding=\"async\" width=\"720\" height=\"540\" src=\"https:\/\/meat-machine.com\/wp-content\/uploads\/2023\/01\/commercial-meat-band-saw.webp\" alt=\"M\u00e1quina de Serra de Osso Comercial\" class=\"wp-image-286\" title=\"\" srcset=\"https:\/\/meat-machine.com\/wp-content\/uploads\/2023\/01\/commercial-meat-band-saw.webp 720w, https:\/\/meat-machine.com\/wp-content\/uploads\/2023\/01\/commercial-meat-band-saw-300x225.webp 300w\" sizes=\"auto, (max-width: 720px) 100vw, 720px\" \/><figcaption class=\"wp-element-caption\">M\u00e1quina de Serra de Osso Comercial<\/figcaption><\/figure> <\/div>   <h2 class=\"wp-block-heading\">Vantagens da m\u00e1quina comercial de serra de osso<\/h2>    <div class=\"wp-block-media-text has-media-on-the-right is-stacked-on-mobile\"><div class=\"wp-block-media-text__content\"> <ul class=\"wp-block-list\"> <li><strong>Constru\u00e7\u00e3o em A\u00e7o Inoxid\u00e1vel de Grau Alimentar<\/strong> \u2013 Todas as partes em contacto com ingredientes s\u00e3o feitas de a\u00e7o inoxid\u00e1vel, cumprindo os padr\u00f5es de higiene alimentar e garantindo durabilidade.<\/li>    <li><strong>Alta Estabilidade e Precis\u00e3o<\/strong> \u2013 A mesa de trabalho plana e refor\u00e7ada e a estrutura robusta evitam movimentos durante o corte, mesmo ao processar ossos grandes, garantindo resultados precisos.<\/li> <\/ul> <\/div><figure class=\"wp-block-media-text__media\"><img loading=\"lazy\" decoding=\"async\" width=\"720\" height=\"540\" src=\"https:\/\/meat-machine.com\/wp-content\/uploads\/2023\/01\/bone-saw-machine-for-sale.webp\" alt=\"m\u00e1quina de serra de osso para venda\" class=\"wp-image-290 size-full\" title=\"\" srcset=\"https:\/\/meat-machine.com\/wp-content\/uploads\/2023\/01\/bone-saw-machine-for-sale.webp 720w, https:\/\/meat-machine.com\/wp-content\/uploads\/2023\/01\/bone-saw-machine-for-sale-300x225.webp 300w\" sizes=\"auto, (max-width: 720px) 100vw, 720px\" \/><\/figure><\/div>    <div class=\"wp-block-media-text is-stacked-on-mobile\"><figure class=\"wp-block-media-text__media\"><img loading=\"lazy\" decoding=\"async\" width=\"540\" height=\"720\" src=\"https:\/\/meat-machine.com\/wp-content\/uploads\/2023\/01\/Bone-Saw-Machine-price.webp\" alt=\"Pre\u00e7o da M\u00e1quina de Serra de Osso\" class=\"wp-image-1118 size-full\" title=\"\" srcset=\"https:\/\/meat-machine.com\/wp-content\/uploads\/2023\/01\/Bone-Saw-Machine-price.webp 540w, https:\/\/meat-machine.com\/wp-content\/uploads\/2023\/01\/Bone-Saw-Machine-price-225x300.webp 225w, https:\/\/meat-machine.com\/wp-content\/uploads\/2023\/01\/Bone-Saw-Machine-price-9x12.webp 9w\" sizes=\"auto, (max-width: 540px) 100vw, 540px\" \/><\/figure><div class=\"wp-block-media-text__content\"> <ul class=\"wp-block-list\"> <li><strong>Design de Seguran\u00e7a Aprimorado<\/strong> \u2013 A alavanca de seguran\u00e7a integrada e os dispositivos de prote\u00e7\u00e3o proporcionam uma opera\u00e7\u00e3o mais segura e fi\u00e1vel.<\/li>    <li><strong>Sistema de Correia de Serra Ajust\u00e1vel<\/strong> \u2013 O dispositivo de tens\u00e3o de press\u00e3o da correia da serra permite uma instala\u00e7\u00e3o f\u00e1cil e ajuste preciso da banda para desempenho \u00f3timo.<\/li>    <li><strong>F\u00e1cil de Limpar e Manuten\u00e7\u00e3o<\/strong> \u2013 A estrutura simples e o design de superf\u00edcie lisa tornam a m\u00e1quina f\u00e1cil de limpar e manter.<\/li> <\/ul> <\/div><\/div>    <h2 class=\"wp-block-heading\">Instru\u00e7\u00f5es de seguran\u00e7a para serra de fita de carne comercial<\/h2>    <ul class=\"wp-block-list\"> <li><strong>Usar Equipamento de Prote\u00e7\u00e3o<\/strong> \u2013 Os operadores devem sempre usar luvas de seguran\u00e7a para evitar ferimentos com a l\u00e2mina durante o manuseio.<\/li>    <li><strong>Usar o Empurrador de Carne<\/strong> \u2013 Sempre utilize a vareta de empurrar carne fornecida para alimentar a carne na serra; nunca empurre a carne diretamente com as m\u00e3os para evitar acidentes.<\/li>    <li><strong>Desligar Durante Manuten\u00e7\u00e3o<\/strong> \u2013 Se a m\u00e1quina ficar presa ou apresentar anomalias, desligue imediatamente a energia antes de realizar manuten\u00e7\u00e3o. Nunca tente reparar enquanto a m\u00e1quina estiver ligada para evitar ferimentos.<\/li>    <li><strong>Manter Pr\u00e1ticas de Opera\u00e7\u00e3o Segura<\/strong> \u2013 Mantenha uma dist\u00e2ncia segura, concentre-se durante a opera\u00e7\u00e3o e nunca corte carne crua e cozida juntas para evitar contamina\u00e7\u00e3o cruzada e riscos microbianos.<\/li> <\/ul>    <figure class=\"wp-block-image size-full\"><img loading=\"lazy\" decoding=\"async\" width=\"540\" height=\"720\" src=\"https:\/\/meat-machine.com\/wp-content\/uploads\/2023\/01\/industrial-Bone-Saw-Machine.webp\" alt=\"m\u00e1quina de serra de osso industrial\" class=\"wp-image-1119\" title=\"\" srcset=\"https:\/\/meat-machine.com\/wp-content\/uploads\/2023\/01\/industrial-Bone-Saw-Machine.webp 540w, https:\/\/meat-machine.com\/wp-content\/uploads\/2023\/01\/industrial-Bone-Saw-Machine-225x300.webp 225w, https:\/\/meat-machine.com\/wp-content\/uploads\/2023\/01\/industrial-Bone-Saw-Machine-9x12.webp 9w\" sizes=\"auto, (max-width: 540px) 100vw, 540px\" \/><figcaption class=\"wp-element-caption\">M\u00e1quina de Serra de Osso Industrial<\/figcaption><\/figure>    <h2 class=\"wp-block-heading\">Par\u00e2metros da m\u00e1quina de serra de osso comercial<\/h2>    <figure class=\"wp-block-table\"><table class=\"has-fixed-layout\"><thead><tr><th>Modelo<\/th><th>TZ-210<\/th><th>TZ-320<\/th><th>TZ-350<\/th><th>TZ-430<\/th><th>TZ-500<\/th><th>TZ-600<\/th><\/tr><\/thead><tbody><tr><td>Tens\u00e3o<\/td><td>220V 50Hz Monof\u00e1sico<\/td><td>220\/380V<\/td><td>220\/380V 50Hz<\/td><td>220V\/380V 50\/60Hz<\/td><td>380V<\/td><td>380V<\/td><\/tr><tr><td>Poder<\/td><td>1.1kW<\/td><td>1.1kW<\/td><td>1.5kW<\/td><td>3kW<\/td><td>2.2kW<\/td><td>3kW<\/td><\/tr><tr><td>Di\u00e2metro da Polia<\/td><td>\u2014<\/td><td>250mm<\/td><td>350mm<\/td><td>400mm<\/td><td>400mm<\/td><td>260mm (quatro rodas)<\/td><\/tr><tr><td>Comprimento da l\u00e2mina da serra<\/td><td>1650mm<\/td><td>2040mm<\/td><td>2420mm<\/td><td>3150mm<\/td><td>3370mm<\/td><td>3400mm<\/td><\/tr><tr><td>Tamanho da Bancada<\/td><td>600\u00d7415mm<\/td><td>590\u00d7480\u00d7300mm<\/td><td>760\u00d7640mm<\/td><td>840\u00d7750mm<\/td><td>880\u00d7760mm<\/td><td>1000\u00d71056mm<\/td><\/tr><tr><td>Altura de corte<\/td><td>225mm<\/td><td>10\u2013200mm<\/td><td>350mm<\/td><td>430mm<\/td><td>565mm<\/td><td>0\u2013600mm<\/td><\/tr><tr><td>Largura de Corte<\/td><td>189mm<\/td><td>\u2014<\/td><td>265mm<\/td><td>Ajust\u00e1vel de 0\u2013360mm<\/td><td>370mm<\/td><td>0\u2013580mm<\/td><\/tr><tr><td>Tamanho da M\u00e1quina<\/td><td>620\u00d7505\u00d7945mm<\/td><td>600\u00d7675\u00d71170mm<\/td><td>850\u00d7670\u00d71660mm<\/td><td>900\u00d7980\u00d71850mm<\/td><td>1080\u00d7970\u00d71935mm<\/td><td>985\u00d71215\u00d71745mm<\/td><\/tr><tr><td>Peso L\u00edquido<\/td><td>52kg<\/td><td>85kg<\/td><td>98kg<\/td><td>161kg<\/td><td>186kg<\/td><td>200kg<\/td><\/tr><tr><td>Tamanho da Embalagem<\/td><td>700\u00d7570\u00d71080mm<\/td><td>680\u00d7620\u00d71180mm<\/td><td>960\u00d7960\u00d71860mm<\/td><td>\u2014<\/td><td>1140\u00d71002\u00d72000mm<\/td><td>1025\u00d71255\u00d71900mm<\/td><\/tr><\/tbody><\/table><figcaption class=\"wp-element-caption\">par\u00e2metros da m\u00e1quina de serra de osso<\/figcaption><\/figure>    <figure class=\"wp-block-image size-full\"><img loading=\"lazy\" decoding=\"async\" width=\"720\" height=\"540\" src=\"https:\/\/meat-machine.com\/wp-content\/uploads\/2023\/01\/Bone-Saw-Machine-1.webp\" alt=\"M\u00e1quina de Serra de Osso\" class=\"wp-image-1120\" title=\"\" srcset=\"https:\/\/meat-machine.com\/wp-content\/uploads\/2023\/01\/Bone-Saw-Machine-1.webp 720w, https:\/\/meat-machine.com\/wp-content\/uploads\/2023\/01\/Bone-Saw-Machine-1-300x225.webp 300w, https:\/\/meat-machine.com\/wp-content\/uploads\/2023\/01\/Bone-Saw-Machine-1-16x12.webp 16w\" sizes=\"auto, (max-width: 720px) 100vw, 720px\" \/><figcaption class=\"wp-element-caption\">M\u00e1quina de Serra de Osso<\/figcaption><\/figure>    <h2 class=\"wp-block-heading\">Conclus\u00e3o<\/h2>    <p class=\"wp-block-paragraph\">Em resumo, a M\u00e1quina Comercial de Serra de Osso pode cortar carne com osso, carne congelada e peixe com precis\u00e3o e seguran\u00e7a. A sua constru\u00e7\u00e3o dur\u00e1vel em a\u00e7o inoxid\u00e1vel, largura de corte ajust\u00e1vel e design f\u00e1cil de usar tornam-na ideal para f\u00e1bricas de processamento de carne, matadouros, f\u00e1bricas de alimentos e cozinhas grandes. <\/p>    <p class=\"wp-block-paragraph\">Contacte-nos hoje para saber mais e solicitar um or\u00e7amento para as suas necessidades de processamento de carne.<\/p>","protected":false},"excerpt":{"rendered":"<p>A M\u00e1quina Comercial de Serra de Osso \u00e9 capaz de cortar r\u00e1pida e precisamente v\u00e1rios tipos de carne com osso e produtos de carne congelada. <\/p>","protected":false},"author":1,"featured_media":288,"parent":0,"template":"","tags":[80],"product-type":[3],"class_list":["post-283","product","type-product","status-publish","has-post-thumbnail","hentry","tag-commercial-bone-saw-machine","product-type-bone-grinder"],"_links":{"self":[{"href":"https:\/\/meat-machine.com\/pt\/wp-json\/wp\/v2\/product\/283","targetHints":{"allow":["GET"]}}],"collection":[{"href":"https:\/\/meat-machine.com\/pt\/wp-json\/wp\/v2\/product"}],"about":[{"href":"https:\/\/meat-machine.com\/pt\/wp-json\/wp\/v2\/types\/product"}],"author":[{"embeddable":true,"href":"https:\/\/meat-machine.com\/pt\/wp-json\/wp\/v2\/users\/1"}],"wp:featuredmedia":[{"embeddable":true,"href":"https:\/\/meat-machine.com\/pt\/wp-json\/wp\/v2\/media\/288"}],"wp:attachment":[{"href":"https:\/\/meat-machine.com\/pt\/wp-json\/wp\/v2\/media?parent=283"}],"wp:term":[{"taxonomy":"post_tag","embeddable":true,"href":"https:\/\/meat-machine.com\/pt\/wp-json\/wp\/v2\/tags?post=283"},{"taxonomy":"product-type","embeddable":true,"href":"https:\/\/meat-machine.com\/pt\/wp-json\/wp\/v2\/product-type?post=283"}],"curies":[{"name":"wp","href":"https:\/\/api.w.org\/{rel}","templated":true}]}}