{"id":271,"date":"2023-01-05T15:23:39","date_gmt":"2023-01-05T07:23:39","guid":{"rendered":"https:\/\/meat-machine.com\/?post_type=product&#038;p=271"},"modified":"2026-03-03T18:00:31","modified_gmt":"2026-03-03T10:00:31","slug":"moedor-de-osso-de-frango","status":"publish","type":"product","link":"https:\/\/meat-machine.com\/pt\/product\/chicken-bone-grinder\/","title":{"rendered":"Moedor de osso de frango | M\u00e1quina de moer ossos"},"content":{"rendered":"<div class=\"kk-star-ratings kksr-auto kksr-align-left kksr-valign-top\"     data-payload='{&quot;align&quot;:&quot;left&quot;,&quot;id&quot;:&quot;271&quot;,&quot;slug&quot;:&quot;default&quot;,&quot;valign&quot;:&quot;top&quot;,&quot;ignore&quot;:&quot;&quot;,&quot;reference&quot;:&quot;auto&quot;,&quot;class&quot;:&quot;&quot;,&quot;count&quot;:&quot;18&quot;,&quot;legendonly&quot;:&quot;&quot;,&quot;readonly&quot;:&quot;&quot;,&quot;score&quot;:&quot;4.7&quot;,&quot;starsonly&quot;:&quot;&quot;,&quot;best&quot;:&quot;5&quot;,&quot;gap&quot;:&quot;5&quot;,&quot;greet&quot;:&quot;Rate this product&quot;,&quot;legend&quot;:&quot;4.7\\\/5 - (18 votes)&quot;,&quot;size&quot;:&quot;24&quot;,&quot;title&quot;:&quot;Chicken Bone Grinder | Bone Grinding Machine&quot;,&quot;width&quot;:&quot;133.8&quot;,&quot;_legend&quot;:&quot;{score}\\\/{best} - ({count} {votes})&quot;,&quot;font_factor&quot;:&quot;1.25&quot;}'>              <div class=\"kksr-stars\">      <div class=\"kksr-stars-inactive\">             <div class=\"kksr-star\" data-star=\"1\" style=\"padding-right: 5px\">               <div class=\"kksr-icon\" style=\"width: 24px; height: 24px;\"><\/div>         <\/div>             <div class=\"kksr-star\" data-star=\"2\" style=\"padding-right: 5px\">               <div class=\"kksr-icon\" style=\"width: 24px; height: 24px;\"><\/div>         <\/div>             <div class=\"kksr-star\" data-star=\"3\" style=\"padding-right: 5px\">               <div class=\"kksr-icon\" style=\"width: 24px; height: 24px;\"><\/div>         <\/div>             <div class=\"kksr-star\" data-star=\"4\" style=\"padding-right: 5px\">               <div class=\"kksr-icon\" style=\"width: 24px; height: 24px;\"><\/div>         <\/div>             <div class=\"kksr-star\" data-star=\"5\" style=\"padding-right: 5px\">               <div class=\"kksr-icon\" style=\"width: 24px; height: 24px;\"><\/div>         <\/div>     <\/div>      <div class=\"kksr-stars-active\" style=\"width: 133.8px;\">             <div class=\"kksr-star\" style=\"padding-right: 5px\">               <div class=\"kksr-icon\" style=\"width: 24px; height: 24px;\"><\/div>         <\/div>             <div class=\"kksr-star\" style=\"padding-right: 5px\">               <div class=\"kksr-icon\" style=\"width: 24px; height: 24px;\"><\/div>         <\/div>             <div class=\"kksr-star\" style=\"padding-right: 5px\">               <div class=\"kksr-icon\" style=\"width: 24px; height: 24px;\"><\/div>         <\/div>             <div class=\"kksr-star\" style=\"padding-right: 5px\">               <div class=\"kksr-icon\" style=\"width: 24px; height: 24px;\"><\/div>         <\/div>             <div class=\"kksr-star\" style=\"padding-right: 5px\">               <div class=\"kksr-icon\" style=\"width: 24px; height: 24px;\"><\/div>         <\/div>     <\/div> <\/div>                   <div class=\"kksr-legend\" style=\"font-size: 19.2px;\">             4,7\/5 - (18 votos)    <\/div>     <\/div>  <p class=\"wp-block-paragraph translation-block\">O <strong>Moedor de Ossos de Frango<\/strong> destina-se ao processamento de ossos de aves e diversos materiais \u00f3sseos de animais. \u00c9 amplamente utilizado em f\u00e1bricas de processamento de carne, linhas de produ\u00e7\u00e3o de p\u00f3 de ossos, instala\u00e7\u00f5es de fabrica\u00e7\u00e3o de alimentos para animais de estima\u00e7\u00e3o e ind\u00fastrias de ra\u00e7\u00e3o, onde a redu\u00e7\u00e3o eficiente do tamanho dos ossos \u00e9 essencial.<\/p>    <p class=\"wp-block-paragraph\">Seu objetivo principal \u00e9 maximizar a utiliza\u00e7\u00e3o dos recursos \u00f3sseos enquanto reduz os desafios de descarte de res\u00edduos. Ao triturar os ossos em part\u00edculas menores e uniformes, a m\u00e1quina melhora significativamente a efici\u00eancia do processamento downstream. Os materiais processados tornam-se mais f\u00e1ceis de manusear nas etapas subsequentes de moagem, mistura ou prensagem, ajudando a reduzir o tempo de produ\u00e7\u00e3o, os custos de m\u00e3o de obra e apoiando opera\u00e7\u00f5es cont\u00ednuas em grande escala.<\/p>    <p class=\"wp-block-paragraph translation-block\">A m\u00e1quina \u00e9 adequada para uma ampla gama de mat\u00e9rias-primas, incluindo ossos de frango, ossos de pato, ossos de ganso, quadros de frango, p\u00e9s de frango e ossos de coxa de frango. Com uma capacidade variando de <strong>30\u201320.000 kg\/h<\/strong>, o Moedor de Ossos de Frango pode atender \u00e0s necessidades de pequenas oficinas assim como de grandes linhas de produ\u00e7\u00e3o industrial.<\/p>    <figure class=\"wp-block-embed is-type-video is-provider-youtube wp-block-embed-youtube wp-embed-aspect-9-16 wp-has-aspect-ratio\"><div class=\"wp-block-embed__wrapper\"> <iframe loading=\"lazy\" title=\"Moedor Industrial de Pasta de Ossos para F\u00e1bricas de Processamento de Carne #ossos #moedor #processamentodealimentos #carne\" width=\"422\" height=\"750\" src=\"https:\/\/www.youtube.com\/embed\/PkMWdw9DV10?feature=oembed\" frameborder=\"0\" allow=\"accelerometer; autoplay; clipboard-write; encrypted-media; gyroscope; picture-in-picture; web-share\" referrerpolicy=\"strict-origin-when-cross-origin\" allowfullscreen><\/iframe> <\/div><figcaption class=\"wp-element-caption\">V\u00eddeo de funcionamento do Moedor de Ossos de Frango<\/figcaption><\/figure>    <h2 class=\"wp-block-heading\">\u00c2mbito de aplica\u00e7\u00e3o da m\u00e1quina de moagem de pasta de ossos<\/h2>    <div class=\"wp-block-media-text is-stacked-on-mobile\"><figure class=\"wp-block-media-text__media\"><img loading=\"lazy\" decoding=\"async\" width=\"720\" height=\"540\" src=\"https:\/\/meat-machine.com\/wp-content\/uploads\/2023\/01\/poultry-bones-and-livestock-bones.webp\" alt=\"ossos de aves e ossos de gado\" class=\"wp-image-277 size-full\" title=\"\" srcset=\"https:\/\/meat-machine.com\/wp-content\/uploads\/2023\/01\/poultry-bones-and-livestock-bones.webp 720w, https:\/\/meat-machine.com\/wp-content\/uploads\/2023\/01\/poultry-bones-and-livestock-bones-300x225.webp 300w\" sizes=\"auto, (max-width: 720px) 100vw, 720px\" \/><\/figure><div class=\"wp-block-media-text__content\"> <p class=\"wp-block-paragraph translation-block\">O <strong>Moedor de Ossos de Frango<\/strong> pode processar ossos de aves (frango, pato) e de gado (porco, vaca, ovelha), bem como moer carne. <\/p>    <p class=\"wp-block-paragraph\">\u00c9 amplamente utilizado em salsichas, presuntos, carnes frias, alm\u00f4ndegas, alimentos para animais, alimentos congelados, ingredientes para catering, caldo de ossos, condroitina, cola de ossos, p\u00f3 de ossos, alimentos ricos em c\u00e1lcio, produtos de sa\u00fade e biofarmac\u00eauticos, tornando-o um moedor vers\u00e1til e multifuncional.<\/p> <\/div><\/div>    <h2 class=\"wp-block-heading\">Estrutura do moedor de ossos de frango<\/h2>    <div class=\"wp-block-media-text has-media-on-the-right is-stacked-on-mobile\"><div class=\"wp-block-media-text__content\"> <p class=\"wp-block-paragraph translation-block\">O <strong>Moedor de Ossos de Frango<\/strong> apresenta uma estrutura compacta e dur\u00e1vel, incluindo uma entrada de alimenta\u00e7\u00e3o, estator, rotor, alavanca ajust\u00e1vel, sistema de refrigera\u00e7\u00e3o, porta de inje\u00e7\u00e3o de \u00e1gua, motor, sa\u00edda de descarga e prote\u00e7\u00e3o.<\/p> <\/div><figure class=\"wp-block-media-text__media\"><img loading=\"lazy\" decoding=\"async\" width=\"720\" height=\"540\" src=\"https:\/\/meat-machine.com\/wp-content\/uploads\/2023\/01\/chicken-bone-grinding-machine-structure.webp\" alt=\"estrutura da m\u00e1quina de moer osso de frango\" class=\"wp-image-275 size-full\" title=\"\" srcset=\"https:\/\/meat-machine.com\/wp-content\/uploads\/2023\/01\/chicken-bone-grinding-machine-structure.webp 720w, https:\/\/meat-machine.com\/wp-content\/uploads\/2023\/01\/chicken-bone-grinding-machine-structure-300x225.webp 300w\" sizes=\"auto, (max-width: 720px) 100vw, 720px\" \/><\/figure><\/div>    <p class=\"wp-block-paragraph\">Os materiais entram pela entrada e s\u00e3o triturados pelo rotor e estator de alta velocidade. A alavanca ajust\u00e1vel controla o tamanho das part\u00edculas, enquanto o sistema de refrigera\u00e7\u00e3o e a porta de inje\u00e7\u00e3o de \u00e1gua evitam o superaquecimento durante a opera\u00e7\u00e3o cont\u00ednua.<\/p>    <p class=\"wp-block-paragraph\">Todos os componentes principais s\u00e3o feitos de a\u00e7o inoxid\u00e1vel, garantindo resist\u00eancia ao desgaste, resist\u00eancia \u00e0 corros\u00e3o e longa vida \u00fatil.<\/p>    <figure class=\"wp-block-image size-full\"><img loading=\"lazy\" decoding=\"async\" width=\"720\" height=\"540\" src=\"https:\/\/meat-machine.com\/wp-content\/uploads\/2023\/01\/bone-paste-grinding-machine.webp\" alt=\"m\u00e1quina de moagem de pasta de ossos\" class=\"wp-image-1107\" title=\"\" srcset=\"https:\/\/meat-machine.com\/wp-content\/uploads\/2023\/01\/bone-paste-grinding-machine.webp 720w, https:\/\/meat-machine.com\/wp-content\/uploads\/2023\/01\/bone-paste-grinding-machine-300x225.webp 300w, https:\/\/meat-machine.com\/wp-content\/uploads\/2023\/01\/bone-paste-grinding-machine-16x12.webp 16w\" sizes=\"auto, (max-width: 720px) 100vw, 720px\" \/><figcaption class=\"wp-element-caption\">M\u00e1quina de Moagem de Pasta de Ossos<\/figcaption><\/figure>    <h2 class=\"wp-block-heading\">Como funciona a m\u00e1quina trituradora de ossos de frango?<\/h2>    <div class=\"wp-block-media-text has-media-on-the-right is-stacked-on-mobile\"><div class=\"wp-block-media-text__content\"> <ul class=\"wp-block-list\"> <li>Os ossos crus de frango entram na c\u00e2mara de moagem atrav\u00e9s da entrada de alimenta\u00e7\u00e3o.<\/li>    <li>O rotor gira em alta velocidade enquanto interage com o estator de forma diferente.<\/li>    <li>Os materiais passam pela folga anular ajust\u00e1vel entre o rotor e o estator.<\/li>    <li>For\u00e7as de cisalhamento, fric\u00e7\u00e3o, impacto e vibra\u00e7\u00e3o de alta frequ\u00eancia trituram, emulsificam e misturam o material.<\/li>    <li>A for\u00e7a centr\u00edfuga e a press\u00e3o do ar ajudam a mover o material atrav\u00e9s da zona de moagem.<\/li>    <li>O material finamente processado \u00e9 descarregado atrav\u00e9s da sa\u00edda com tamanho de part\u00edcula uniforme.<\/li> <\/ul> <\/div><figure class=\"wp-block-media-text__media\"><img loading=\"lazy\" decoding=\"async\" width=\"720\" height=\"540\" src=\"https:\/\/meat-machine.com\/wp-content\/uploads\/2023\/01\/Chicken-Bone-Grinder.webp\" alt=\"Moedor de Ossos de Frango\" class=\"wp-image-1105 size-full\" title=\"\" srcset=\"https:\/\/meat-machine.com\/wp-content\/uploads\/2023\/01\/Chicken-Bone-Grinder.webp 720w, https:\/\/meat-machine.com\/wp-content\/uploads\/2023\/01\/Chicken-Bone-Grinder-300x225.webp 300w, https:\/\/meat-machine.com\/wp-content\/uploads\/2023\/01\/Chicken-Bone-Grinder-16x12.webp 16w\" sizes=\"auto, (max-width: 720px) 100vw, 720px\" \/><\/figure><\/div>    <h2 class=\"wp-block-heading\">Par\u00e2metros da m\u00e1quina de moer pasta de ossos<\/h2>    <figure class=\"wp-block-table\"><table class=\"has-fixed-layout\"><tbody><tr><td>Modelo<\/td><td>Afinamento do processamento (malha)<\/td><td>Capacidade (kg\/h)<\/td><td>Pot\u00eancia (kw)<\/td><td>Peso (kg)<\/td><td>Tamanho (mm)<\/td><\/tr><tr><td>TZ-50<\/td><td>30-50<\/td><td>30-50<\/td><td>1.5<\/td><td>50<\/td><td>530*260*580<\/td><\/tr><tr><td>TZ-80<\/td><td>50-100<\/td><td>50-100<\/td><td>4<\/td><td>150<\/td><td>600*410*930<\/td><\/tr><tr><td>TZ-110<\/td><td>100-200<\/td><td>100-300<\/td><td>7.5<\/td><td>175<\/td><td>700*430*1000<\/td><\/tr><tr><td>TZ-130<\/td><td>100-200<\/td><td>300-500<\/td><td>11<\/td><td>285<\/td><td>990*440*1000<\/td><\/tr><tr><td>TZ-160<\/td><td>100-200<\/td><td>500-800<\/td><td>15<\/td><td>300<\/td><td>1000*460*1050<\/td><\/tr><tr><td>TZ-180<\/td><td>100-200<\/td><td>800-1000<\/td><td>18.5<\/td><td>375<\/td><td>1000*490*1100<\/td><\/tr><tr><td>TZ-210<\/td><td>100-200<\/td><td>1000-8000<\/td><td>30<\/td><td>700<\/td><td>1260*600*1230<\/td><\/tr><tr><td>TZ-240<\/td><td>100-200<\/td><td>2000-15000<\/td><td>45<\/td><td>920<\/td><td>1330*630*1280<\/td><\/tr><tr><td>TZ-300<\/td><td>60-200<\/td><td>6000-20000<\/td><td>75<\/td><td>1300<\/td><td>1440*680*1420<\/td><\/tr><\/tbody><\/table><figcaption class=\"wp-element-caption\">V\u00eddeo de funcionamento do Moedor de Ossos de Frango<\/figcaption><\/figure>    <h2 class=\"wp-block-heading\">Quais s\u00e3o as vantagens do moedor de ossos de frango?<\/h2>    <div class=\"wp-block-media-text is-stacked-on-mobile\"><figure class=\"wp-block-media-text__media\"><img loading=\"lazy\" decoding=\"async\" width=\"720\" height=\"540\" src=\"https:\/\/meat-machine.com\/wp-content\/uploads\/2023\/01\/Chicken-Bone-Grinder-details.webp\" alt=\"Detalhes do Moedor de Ossos de Frango\" class=\"wp-image-1106 size-full\" title=\"\" srcset=\"https:\/\/meat-machine.com\/wp-content\/uploads\/2023\/01\/Chicken-Bone-Grinder-details.webp 720w, https:\/\/meat-machine.com\/wp-content\/uploads\/2023\/01\/Chicken-Bone-Grinder-details-300x225.webp 300w, https:\/\/meat-machine.com\/wp-content\/uploads\/2023\/01\/Chicken-Bone-Grinder-details-16x12.webp 16w\" sizes=\"auto, (max-width: 720px) 100vw, 720px\" \/><\/figure><div class=\"wp-block-media-text__content\"> <ul class=\"wp-block-list\"> <li><strong>Dur\u00e1vel e Seguro<\/strong> \u2013 Feito de a\u00e7o inoxid\u00e1vel resistente \u00e0 corros\u00e3o, n\u00e3o t\u00f3xico, garantindo longa vida \u00fatil e opera\u00e7\u00e3o higi\u00eanica.<\/li>    <li><strong>Moagem de Precis\u00e3o<\/strong> \u2013 Estator e rotor bem processados, com folga ajust\u00e1vel controlada por um bot\u00e3o para garantir qualidade consistente do produto.<\/li>    <li><strong>Ampla Adaptabilidade<\/strong> \u2013 Suporta diferentes tipos de motores e ajustes de velocidade para lidar com v\u00e1rios materiais e requisitos de processamento.<\/li> <\/ul> <\/div><\/div>    <div class=\"wp-block-media-text has-media-on-the-right is-stacked-on-mobile\"><div class=\"wp-block-media-text__content\"> <ul class=\"wp-block-list\"> <li><strong>Aplica\u00e7\u00f5es Vers\u00e1teis<\/strong> \u2013 Adequado para alimentos, medicamentos, produtos qu\u00edmicos, cosm\u00e9ticos e pl\u00e1sticos de ind\u00fastria leve.<\/li>    <li><strong>Opera\u00e7\u00e3o F\u00e1cil e Segura<\/strong> \u2013 Projetado apenas para processamento a \u00famido; apresenta salvaguardas como verifica\u00e7\u00f5es de impurezas, dimensionamento adequado do material e opera\u00e7\u00e3o controlada do rotor para evitar danos.<\/li> <\/ul> <\/div><figure class=\"wp-block-media-text__media\"><img loading=\"lazy\" decoding=\"async\" width=\"720\" height=\"540\" src=\"https:\/\/meat-machine.com\/wp-content\/uploads\/2023\/01\/bone-grinder-machine.webp\" alt=\"m\u00e1quina moedora de ossos\" class=\"wp-image-272 size-full\" title=\"\" srcset=\"https:\/\/meat-machine.com\/wp-content\/uploads\/2023\/01\/bone-grinder-machine.webp 720w, https:\/\/meat-machine.com\/wp-content\/uploads\/2023\/01\/bone-grinder-machine-300x225.webp 300w\" sizes=\"auto, (max-width: 720px) 100vw, 720px\" \/><\/figure><\/div>    <h2 class=\"wp-block-heading\">Conclus\u00e3o<\/h2>    <p class=\"wp-block-paragraph\">Como fabricante profissional de maquinaria de carne, temos ampla experi\u00eancia em produ\u00e7\u00e3o e exporta\u00e7\u00e3o, atendendo clientes em mais de 20 pa\u00edses.<\/p>    <p class=\"wp-block-paragraph translation-block\">Al\u00e9m do moedor de ossos de frango, tamb\u00e9m oferecemos uma variedade de outras <a href=\"https:\/\/meat-machine.com\/pt\/produto\/\" data-type=\"link\" data-id=\"https:\/\/meat-machine.com\/product\/\">m\u00e1quinas de processamento de carne<\/a>, todas projetadas para melhorar a efici\u00eancia e a qualidade do produto. Se procura equipamento confi\u00e1vel e de alta qualidade, estamos prontos para fornecer suporte profissional e solu\u00e7\u00f5es, e convidamos a explorar nossa gama completa de produtos.<\/p>    <figure class=\"wp-block-image size-full\"><img loading=\"lazy\" decoding=\"async\" width=\"720\" height=\"540\" src=\"https:\/\/meat-machine.com\/wp-content\/uploads\/2023\/01\/Chicken-Bone-Grinder-factory.webp\" alt=\"F\u00e1brica de Moedores de Ossos de Frango\" class=\"wp-image-1108\" title=\"\" srcset=\"https:\/\/meat-machine.com\/wp-content\/uploads\/2023\/01\/Chicken-Bone-Grinder-factory.webp 720w, https:\/\/meat-machine.com\/wp-content\/uploads\/2023\/01\/Chicken-Bone-Grinder-factory-300x225.webp 300w, https:\/\/meat-machine.com\/wp-content\/uploads\/2023\/01\/Chicken-Bone-Grinder-factory-16x12.webp 16w\" sizes=\"auto, (max-width: 720px) 100vw, 720px\" \/><figcaption class=\"wp-element-caption\">F\u00e1brica de Moedores de Ossos de Frango<\/figcaption><\/figure>","protected":false},"excerpt":{"rendered":"<p>O Moedor de Ossos de Frango \u00e9 para processar ossos de aves e v\u00e1rios materiais \u00f3sseos de animais. <\/p>","protected":false},"author":1,"featured_media":279,"parent":0,"template":"","tags":[14],"product-type":[3],"class_list":["post-271","product","type-product","status-publish","has-post-thumbnail","hentry","tag-bone-grinding-machine","product-type-bone-grinder"],"_links":{"self":[{"href":"https:\/\/meat-machine.com\/pt\/wp-json\/wp\/v2\/product\/271","targetHints":{"allow":["GET"]}}],"collection":[{"href":"https:\/\/meat-machine.com\/pt\/wp-json\/wp\/v2\/product"}],"about":[{"href":"https:\/\/meat-machine.com\/pt\/wp-json\/wp\/v2\/types\/product"}],"author":[{"embeddable":true,"href":"https:\/\/meat-machine.com\/pt\/wp-json\/wp\/v2\/users\/1"}],"wp:featuredmedia":[{"embeddable":true,"href":"https:\/\/meat-machine.com\/pt\/wp-json\/wp\/v2\/media\/279"}],"wp:attachment":[{"href":"https:\/\/meat-machine.com\/pt\/wp-json\/wp\/v2\/media?parent=271"}],"wp:term":[{"taxonomy":"post_tag","embeddable":true,"href":"https:\/\/meat-machine.com\/pt\/wp-json\/wp\/v2\/tags?post=271"},{"taxonomy":"product-type","embeddable":true,"href":"https:\/\/meat-machine.com\/pt\/wp-json\/wp\/v2\/product-type?post=271"}],"curies":[{"name":"wp","href":"https:\/\/api.w.org\/{rel}","templated":true}]}}