{"id":259,"date":"2022-12-28T17:02:06","date_gmt":"2022-12-28T09:02:06","guid":{"rendered":"https:\/\/meat-machine.com\/?post_type=product&#038;p=259"},"modified":"2025-12-22T16:56:37","modified_gmt":"2025-12-22T08:56:37","slug":"maquina-de-secar-peixe","status":"publish","type":"product","link":"https:\/\/meat-machine.com\/pt\/product\/fish-dryer-machine\/","title":{"rendered":"M\u00e1quina de secar peixe | M\u00e1quina de secagem de peixe"},"content":{"rendered":"<div class=\"kk-star-ratings kksr-auto kksr-align-left kksr-valign-top\"     data-payload='{&quot;align&quot;:&quot;left&quot;,&quot;id&quot;:&quot;259&quot;,&quot;slug&quot;:&quot;default&quot;,&quot;valign&quot;:&quot;top&quot;,&quot;ignore&quot;:&quot;&quot;,&quot;reference&quot;:&quot;auto&quot;,&quot;class&quot;:&quot;&quot;,&quot;count&quot;:&quot;19&quot;,&quot;legendonly&quot;:&quot;&quot;,&quot;readonly&quot;:&quot;&quot;,&quot;score&quot;:&quot;4.8&quot;,&quot;starsonly&quot;:&quot;&quot;,&quot;best&quot;:&quot;5&quot;,&quot;gap&quot;:&quot;5&quot;,&quot;greet&quot;:&quot;Rate this product&quot;,&quot;legend&quot;:&quot;4.8\\\/5 - (19 votes)&quot;,&quot;size&quot;:&quot;24&quot;,&quot;title&quot;:&quot;Fish Dryer Machine | Fish Drying Machine&quot;,&quot;width&quot;:&quot;136.7&quot;,&quot;_legend&quot;:&quot;{score}\\\/{best} - ({count} {votes})&quot;,&quot;font_factor&quot;:&quot;1.25&quot;}'>              <div class=\"kksr-stars\">      <div class=\"kksr-stars-inactive\">             <div class=\"kksr-star\" data-star=\"1\" style=\"padding-right: 5px\">               <div class=\"kksr-icon\" style=\"width: 24px; height: 24px;\"><\/div>         <\/div>             <div class=\"kksr-star\" data-star=\"2\" style=\"padding-right: 5px\">               <div class=\"kksr-icon\" style=\"width: 24px; height: 24px;\"><\/div>         <\/div>             <div class=\"kksr-star\" data-star=\"3\" style=\"padding-right: 5px\">               <div class=\"kksr-icon\" style=\"width: 24px; height: 24px;\"><\/div>         <\/div>             <div class=\"kksr-star\" data-star=\"4\" style=\"padding-right: 5px\">               <div class=\"kksr-icon\" style=\"width: 24px; height: 24px;\"><\/div>         <\/div>             <div class=\"kksr-star\" data-star=\"5\" style=\"padding-right: 5px\">               <div class=\"kksr-icon\" style=\"width: 24px; height: 24px;\"><\/div>         <\/div>     <\/div>      <div class=\"kksr-stars-active\" style=\"width: 136.7px;\">             <div class=\"kksr-star\" style=\"padding-right: 5px\">               <div class=\"kksr-icon\" style=\"width: 24px; height: 24px;\"><\/div>         <\/div>             <div class=\"kksr-star\" style=\"padding-right: 5px\">               <div class=\"kksr-icon\" style=\"width: 24px; height: 24px;\"><\/div>         <\/div>             <div class=\"kksr-star\" style=\"padding-right: 5px\">               <div class=\"kksr-icon\" style=\"width: 24px; height: 24px;\"><\/div>         <\/div>             <div class=\"kksr-star\" style=\"padding-right: 5px\">               <div class=\"kksr-icon\" style=\"width: 24px; height: 24px;\"><\/div>         <\/div>             <div class=\"kksr-star\" style=\"padding-right: 5px\">               <div class=\"kksr-icon\" style=\"width: 24px; height: 24px;\"><\/div>         <\/div>     <\/div> <\/div>                   <div class=\"kksr-legend\" style=\"font-size: 19.2px;\">             4,8\/5 - (19 votos)    <\/div>     <\/div>  <p class=\"wp-block-paragraph translation-block\">A <strong>M\u00e1quina de Secar Peixe<\/strong> pode secar eficientemente diferentes tipos de peixe controlando precisamente a temperatura e a humidade, ajudando a prolongar a vida \u00fatil enquanto mant\u00e9m a qualidade do produto. Adota um sistema de secagem por bomba de calor com desumidifica\u00e7\u00e3o autom\u00e1tica e circula\u00e7\u00e3o de ar quente uniforme, oferecendo um desempenho de secagem limpo, econ\u00f3mico e est\u00e1vel. <\/p>    <p class=\"wp-block-paragraph translation-block\">A m\u00e1quina est\u00e1 dispon\u00edvel em <strong>tr\u00eas modelos<\/strong> para atender a diferentes requisitos de capacidade, equipada com <strong>6 a 16 ventiladores<\/strong>, <strong>4 a 16 carrinhos<\/strong>, e <strong>48 a 192 bandejas de secagem<\/strong>, com pot\u00eancia do motor variando entre <strong>3 kW a 11 kW<\/strong>. Com a sua configura\u00e7\u00e3o flex\u00edvel e opera\u00e7\u00e3o fi\u00e1vel, o secador de peixe \u00e9 adequado para pequenas, m\u00e9dias e grandes f\u00e1bricas de processamento de peixe, bem como para secar outros materiais alimentares.<\/p>    <figure class=\"wp-block-embed is-type-video is-provider-youtube wp-block-embed-youtube wp-embed-aspect-16-9 wp-has-aspect-ratio\"><div class=\"wp-block-embed__wrapper\"> https:\/\/www.youtube.com\/shorts\/pglk7VhFJpc <\/div><figcaption class=\"wp-element-caption\">V\u00eddeo de trabalho da m\u00e1quina de secador de peixe<\/figcaption><\/figure>    <h2 class=\"wp-block-heading\">M\u00e1quina de secagem de peixes para venda<\/h2>    <p class=\"wp-block-paragraph\">A m\u00e1quina de secagem de peixes opera a uma temperatura de secagem ideal de cerca de 30 \u00b0 C, garantindo que o processo de secagem seja gradual e uniforme. <\/p>    <p class=\"wp-block-paragraph\">Para alcan\u00e7ar os melhores resultados, \u00e9 crucial manter a circula\u00e7\u00e3o adequada do ar e controlar a velocidade de secagem para evitar o crescimento bacteriano e a secagem desigual.<\/p>    <div class=\"wp-block-media-text is-stacked-on-mobile\"><figure class=\"wp-block-media-text__media\"><img loading=\"lazy\" decoding=\"async\" width=\"720\" height=\"540\" src=\"https:\/\/meat-machine.com\/wp-content\/uploads\/2022\/12\/dried-fish.webp\" alt=\"peixe seco\" class=\"wp-image-262 size-full\" title=\"\" srcset=\"https:\/\/meat-machine.com\/wp-content\/uploads\/2022\/12\/dried-fish.webp 720w, https:\/\/meat-machine.com\/wp-content\/uploads\/2022\/12\/dried-fish-300x225.webp 300w\" sizes=\"auto, (max-width: 720px) 100vw, 720px\" \/><\/figure><div class=\"wp-block-media-text__content\"> <ul class=\"wp-block-list\"> <li><strong>Mantenha uma temperatura de secagem de cerca de 30 \u00b0 C<\/strong> - Evite calor excessivo para evitar a perda de qualidade.<\/li>    <li><strong>Garanta a circula\u00e7\u00e3o de ar adequada<\/strong> - Um grande volume de ar circulante ajuda a inibir o crescimento bacteriano e a manter a secagem uniforme.<\/li>    <li><strong>Controle a velocidade de secagem<\/strong> - A umidade deve ser descarregada gradualmente para evitar o ac\u00famulo de \u00e1gua superficial.<\/li> <\/ul> <\/div><\/div>    <div class=\"wp-block-media-text has-media-on-the-right is-stacked-on-mobile\"><div class=\"wp-block-media-text__content\"> <ul class=\"wp-block-list\"> <li><strong>Secagem uniforme<\/strong> - Verifique se a temperatura do peixe \u00e9 consistente e remova o vapor de \u00e1gua no tempo.<\/li>    <li><strong>Verifique a secura<\/strong> - A peixe e as br\u00e2nquias n\u00e3o devem mais liberar \u00e1gua quando espremidas.<\/li> <\/ul> <\/div><figure class=\"wp-block-media-text__media\"><img loading=\"lazy\" decoding=\"async\" width=\"720\" height=\"540\" src=\"https:\/\/meat-machine.com\/wp-content\/uploads\/2022\/12\/dried-fish-2.webp\" alt=\"secagem de peixe\" class=\"wp-image-260 size-full\" title=\"\" srcset=\"https:\/\/meat-machine.com\/wp-content\/uploads\/2022\/12\/dried-fish-2.webp 720w, https:\/\/meat-machine.com\/wp-content\/uploads\/2022\/12\/dried-fish-2-300x225.webp 300w\" sizes=\"auto, (max-width: 720px) 100vw, 720px\" \/><\/figure><\/div>    <p class=\"wp-block-paragraph translation-block\">Para melhores resultados, recomenda-se utilizar peixe que teve as v\u00edsceras e escamas removidas antes da secagem. A Taizy Meat Machinery oferece equipamentos de apoio, como uma <strong><a href=\"https:\/\/meat-machine.com\/pt\/produto\/maquina-automatica-de-descalcificacao-de-peixe\/\" data-type=\"link\" data-id=\"https:\/\/meat-machine.com\/product\/automatic-fish-descaling-machine\/\">m\u00e1quina autom\u00e1tica de remo\u00e7\u00e3o de escamas de peixe<\/a><\/strong> e uma <strong><a href=\"https:\/\/meat-machine.com\/pt\/produto\/maquina-de-desossar-peixe\/\" data-type=\"link\" data-id=\"https:\/\/meat-machine.com\/product\/fish-deboner-machine\/\">m\u00e1quina desossadora de peixe<\/a><\/strong> para otimizar o processamento do peixe antes da secagem.<\/p>    <h2 class=\"wp-block-heading\">Estrutura da m\u00e1quina de secador de peixe<\/h2>    <p class=\"wp-block-paragraph\">A m\u00e1quina de secador de peixes foi projetada com uma estrutura bem integrada para garantir opera\u00e7\u00f5es de secagem eficiente e segura. Consiste em v\u00e1rios componentes -chave, cada um desempenhando um papel crucial no processo de secagem. <\/p>    <p class=\"wp-block-paragraph translation-block\">O motor principal \u00e9 constru\u00eddo com veda\u00e7\u00e3o e isolamento t\u00e9rmico, garantindo efici\u00eancia energ\u00e9tica e seguran\u00e7a durante a opera\u00e7\u00e3o. A caixa de secagem est\u00e1 equipada com uma placa de <a href=\"https:\/\/en.wikipedia.org\/wiki\/Polycarbonate\" data-type=\"link\" data-id=\"https:\/\/en.wikipedia.org\/wiki\/Polycarbonate\" target=\"_blank\" rel=\"noopener\">policarbonato<\/a> que distribui o calor uniformemente por toda a c\u00e2mara, proporcionando condi\u00e7\u00f5es de secagem consistentes.<\/p>    <div class=\"wp-block-media-text is-stacked-on-mobile\"><figure class=\"wp-block-media-text__media\"><img loading=\"lazy\" decoding=\"async\" width=\"720\" height=\"540\" src=\"https:\/\/meat-machine.com\/wp-content\/uploads\/2022\/12\/structure-of-fish-dryer.webp\" alt=\"estrutura da secadora de peixe\" class=\"wp-image-265 size-full\" title=\"\" srcset=\"https:\/\/meat-machine.com\/wp-content\/uploads\/2022\/12\/structure-of-fish-dryer.webp 720w, https:\/\/meat-machine.com\/wp-content\/uploads\/2022\/12\/structure-of-fish-dryer-300x225.webp 300w\" sizes=\"auto, (max-width: 720px) 100vw, 720px\" \/><\/figure><div class=\"wp-block-media-text__content\"> <ul class=\"wp-block-list\"> <li><strong>Sistema de aquecimento da bomba de calor<\/strong> - Gera ar quente com efici\u00eancia para manter a temperatura ideal de secagem.<\/li>    <li><strong>Caixa de secagem<\/strong> -Uma c\u00e2mara bem selada, onde o peixe \u00e9 seco uniformemente.<\/li>    <li><strong>Sistema de desumidifica\u00e7\u00e3o autom\u00e1tica<\/strong> - Remove a umidade rapidamente para acelerar o processo de secagem.<\/li>    <li><strong>Sistema de controle de temperatura<\/strong> - regula com precis\u00e3o a temperatura de secagem para obter resultados consistentes.<\/li>    <li><strong>Sistema de controle inteligente<\/strong> - Permite que os usu\u00e1rios monitorem e ajustem facilmente as configura\u00e7\u00f5es de secagem.<\/li>    <li><strong>Motor principal selado e isolado<\/strong> - Impede a perda de calor e aumenta a seguran\u00e7a durante a opera\u00e7\u00e3o.<\/li> <\/ul> <\/div><\/div>    <p class=\"wp-block-paragraph\">Esse design bem estruturado garante alta efici\u00eancia de secagem, mantendo os custos operacionais baixos, tornando-a uma solu\u00e7\u00e3o ideal para empresas de processamento de frutos do mar.<\/p>    <h2 class=\"wp-block-heading\">Como funciona o secador de peixes?<\/h2>    <div class=\"wp-block-media-text has-media-on-the-right is-stacked-on-mobile\"><div class=\"wp-block-media-text__content\"> <ul class=\"wp-block-list\"> <li>A m\u00e1quina de secador de peixe usa um <strong class=\"\">fog\u00e3o de ar quente<\/strong> Aquecer o ar e gerar ar quente para materiais de secagem.<\/li>    <li>Emprega um <strong class=\"\">Sistema de ar quente de circula\u00e7\u00e3o dupla<\/strong> Para evaporar rapidamente a umidade do peixe, garantindo secagem eficiente.<\/li>    <li>A m\u00e1quina <strong class=\"\">sistema termost\u00e1tico<\/strong> Mant\u00e9m a temperatura da caixa com precis\u00e3o, fornecendo condi\u00e7\u00f5es est\u00e1veis \u200b\u200bde secagem.<\/li> <\/ul> <\/div><figure class=\"wp-block-media-text__media\"><img loading=\"lazy\" decoding=\"async\" width=\"720\" height=\"540\" src=\"https:\/\/meat-machine.com\/wp-content\/uploads\/2022\/12\/tray.webp\" alt=\"bandeja\" class=\"wp-image-266 size-full\" title=\"\" srcset=\"https:\/\/meat-machine.com\/wp-content\/uploads\/2022\/12\/tray.webp 720w, https:\/\/meat-machine.com\/wp-content\/uploads\/2022\/12\/tray-300x225.webp 300w\" sizes=\"auto, (max-width: 720px) 100vw, 720px\" \/><\/figure><\/div>    <div class=\"wp-block-media-text is-stacked-on-mobile\"><figure class=\"wp-block-media-text__media\"><img loading=\"lazy\" decoding=\"async\" width=\"720\" height=\"540\" src=\"https:\/\/meat-machine.com\/wp-content\/uploads\/2022\/12\/fish-dehydrator-machine.webp\" alt=\"m\u00e1quina desidratadora de peixe\" class=\"wp-image-506 size-full\" title=\"\" srcset=\"https:\/\/meat-machine.com\/wp-content\/uploads\/2022\/12\/fish-dehydrator-machine.webp 720w, https:\/\/meat-machine.com\/wp-content\/uploads\/2022\/12\/fish-dehydrator-machine-300x225.webp 300w\" sizes=\"auto, (max-width: 720px) 100vw, 720px\" \/><\/figure><div class=\"wp-block-media-text__content\"> <ul class=\"wp-block-list\"> <li>Um <strong>Sistema de desumidifica\u00e7\u00e3o autom\u00e1tica<\/strong> descarrega rapidamente a \u00e1gua evaporada enquanto controla com precis\u00e3o a umidade ideal de secagem da m\u00e1quina.<\/li>    <li>Esses recursos funcionam juntos para acelerar o processo de secagem, garantindo resultados higi\u00eanicos e consistentes.<\/li> <\/ul> <\/div><\/div>    <h2 class=\"wp-block-heading\">Quais s\u00e3o as vantagens da m\u00e1quina?<\/h2>    <div class=\"wp-block-media-text has-media-on-the-right is-stacked-on-mobile\"><div class=\"wp-block-media-text__content\"> <ul class=\"wp-block-list\"> <li><strong>Sistema de controle inteligente<\/strong> -O painel de controle da tela sens\u00edvel ao toque do PLC permite configura\u00e7\u00f5es precisas de temperatura e desumidifica\u00e7\u00e3o para diferentes est\u00e1gios de secagem, garantindo resultados de alta qualidade.<\/li>    <li><strong>Economia de energia<\/strong> -O sistema de secagem da bomba de calor da energia de ar-energia opera a um baixo custo, consumindo apenas 30% da energia usada pelo equipamento de aquecimento el\u00e9trico e 60% daquela usada por secadores de carv\u00e3o.<\/li> <\/ul> <\/div><figure class=\"wp-block-media-text__media\"><img loading=\"lazy\" decoding=\"async\" width=\"720\" height=\"540\" src=\"https:\/\/meat-machine.com\/wp-content\/uploads\/2022\/12\/fish-dryer-machine.webp\" alt=\"M\u00e1quina de secar peixe \u00e0 venda\" class=\"wp-image-505 size-full\" title=\"\" srcset=\"https:\/\/meat-machine.com\/wp-content\/uploads\/2022\/12\/fish-dryer-machine.webp 720w, https:\/\/meat-machine.com\/wp-content\/uploads\/2022\/12\/fish-dryer-machine-300x225.webp 300w\" sizes=\"auto, (max-width: 720px) 100vw, 720px\" \/><\/figure><\/div>    <div class=\"wp-block-media-text is-stacked-on-mobile\"><figure class=\"wp-block-media-text__media\"><img loading=\"lazy\" decoding=\"async\" width=\"720\" height=\"540\" src=\"https:\/\/meat-machine.com\/wp-content\/uploads\/2022\/12\/fish-dryer.webp\" alt=\"secador de peixe\" class=\"wp-image-780 size-full\" title=\"\" srcset=\"https:\/\/meat-machine.com\/wp-content\/uploads\/2022\/12\/fish-dryer.webp 720w, https:\/\/meat-machine.com\/wp-content\/uploads\/2022\/12\/fish-dryer-300x225.webp 300w, https:\/\/meat-machine.com\/wp-content\/uploads\/2022\/12\/fish-dryer-16x12.webp 16w\" sizes=\"auto, (max-width: 720px) 100vw, 720px\" \/><\/figure><div class=\"wp-block-media-text__content\"> <ul class=\"wp-block-list\"> <li><strong>Alta efici\u00eancia de trabalho<\/strong> - Ao contr\u00e1rio da secagem do sol tradicional, a m\u00e1quina de secador de peixe pode operar continuamente por 24 horas, melhorando a produtividade.<\/li>    <li><strong>Alta qualidade<\/strong> -Constru\u00eddo com materiais de isolamento t\u00e9rmico de alta qualidade, a m\u00e1quina oferece durabilidade, seguran\u00e7a e uma longa vida \u00fatil.<\/li>    <li><strong>Bom desempenho de veda\u00e7\u00e3o<\/strong> - A m\u00e1quina possui excelente prote\u00e7\u00e3o de veda\u00e7\u00e3o e t\u00e9rmica, garantindo uma opera\u00e7\u00e3o eficiente e est\u00e1vel.<\/li> <\/ul> <\/div><\/div>    <h2 class=\"wp-block-heading\">Par\u00e2metros t\u00e9cnicos da m\u00e1quina de secagem de peixes<\/h2>    <figure class=\"wp-block-table\"><table><tbody><tr><td>Modelo<\/td><td>Ventilador (pe\u00e7as)<\/td><td>Carrinho (conjunto)<\/td><td>Bandejas (pe\u00e7a)<\/td><td>Motor (kw)<\/td><td>Tamanho da m\u00e1quina (m)<\/td><\/tr><tr><td>TZ-320<\/td><td>6<\/td><td>4<\/td><td>48<\/td><td>3.0<\/td><td>3.2*2.5*2.2<\/td><\/tr><tr><td>TZ-580<\/td><td>8<\/td><td>10<\/td><td>120<\/td><td>7.0<\/td><td>5.8*2.5*2.2<\/td><\/tr><tr><td>TZ-980<\/td><td>16<\/td><td>16<\/td><td>192<\/td><td>11.0<\/td><td>9.8*2.5*2.2<\/td><\/tr><\/tbody><\/table><figcaption class=\"wp-element-caption\">3 tipos de m\u00e1quinas de secar peixe para venda<\/figcaption><\/figure>    <div class=\"wp-block-media-text has-media-on-the-right is-stacked-on-mobile\"><div class=\"wp-block-media-text__content\"> <p class=\"wp-block-paragraph translation-block\">Os tr\u00eas modelos de secador de peixe diferem em tamanho \u2014 <strong>3,2\u00d72,5\u00d72,2 m<\/strong>, <strong>5,8\u00d72,5\u00d72,2 m<\/strong>, e <strong>9,8\u00d72,5\u00d72,2 m<\/strong> \u2014 com capacidade de produ\u00e7\u00e3o a aumentar de acordo. Os clientes podem escolher o modelo mais adequado com base nas suas necessidades de processamento. <\/p>    <p class=\"wp-block-paragraph translation-block\">Tamb\u00e9m oferecemos <strong>solu\u00e7\u00f5es personalizadas<\/strong> para atender a requisitos especiais. Se procura uma m\u00e1quina de secar peixe eficiente, n\u00e3o hesite em contactar-nos, e responderemos prontamente.<\/p> <\/div><figure class=\"wp-block-media-text__media\"><img loading=\"lazy\" decoding=\"async\" width=\"750\" height=\"710\" src=\"https:\/\/meat-machine.com\/wp-content\/uploads\/2022\/12\/factory-display.webp\" alt=\"exibi\u00e7\u00e3o de f\u00e1brica\" class=\"wp-image-263 size-full\" title=\"\" srcset=\"https:\/\/meat-machine.com\/wp-content\/uploads\/2022\/12\/factory-display.webp 750w, https:\/\/meat-machine.com\/wp-content\/uploads\/2022\/12\/factory-display-300x284.webp 300w\" sizes=\"auto, (max-width: 750px) 100vw, 750px\" \/><\/figure><\/div>    <h2 class=\"wp-block-heading\">Quanto tempo leva para secar o peixe em uma secadora de peixe?<\/h2>    <p class=\"wp-block-paragraph\">O tempo que leva para secar o peixe pode ser afetado por v\u00e1rios fatores, incluindo o tamanho e a espessura do peixe, a temperatura e a umidade da m\u00e1quina de secar peixe e muito mais. Em geral, a secagem do peixe pode levar de algumas horas a um dia. <\/p>    <p class=\"wp-block-paragraph\">Normalmente, o processo de secagem do peixe pode levar de algumas horas a um dia para garantir que o peixe esteja completamente seco e sem umidade restante para preservar o prazo de validade.<\/p>    <figure class=\"wp-block-gallery has-nested-images columns-default is-cropped wp-block-gallery-2 is-layout-flex wp-block-gallery-is-layout-flex\"> <figure class=\"wp-block-image size-full\"><img loading=\"lazy\" decoding=\"async\" width=\"720\" height=\"540\" data-id=\"782\" src=\"https:\/\/meat-machine.com\/wp-content\/uploads\/2022\/12\/fish-drying-machine-1.webp\" alt=\"m\u00e1quina de secagem de peixe\" class=\"wp-image-782\" title=\"\" srcset=\"https:\/\/meat-machine.com\/wp-content\/uploads\/2022\/12\/fish-drying-machine-1.webp 720w, https:\/\/meat-machine.com\/wp-content\/uploads\/2022\/12\/fish-drying-machine-1-300x225.webp 300w, https:\/\/meat-machine.com\/wp-content\/uploads\/2022\/12\/fish-drying-machine-1-16x12.webp 16w\" sizes=\"auto, (max-width: 720px) 100vw, 720px\" \/><figcaption class=\"wp-element-caption\">M\u00e1quina de secagem de peixes<\/figcaption><\/figure>    <figure class=\"wp-block-image size-full\"><img loading=\"lazy\" decoding=\"async\" width=\"720\" height=\"540\" data-id=\"504\" src=\"https:\/\/meat-machine.com\/wp-content\/uploads\/2022\/12\/finished-products.webp\" alt=\"produtos finalizados\" class=\"wp-image-504\" title=\"\" srcset=\"https:\/\/meat-machine.com\/wp-content\/uploads\/2022\/12\/finished-products.webp 720w, https:\/\/meat-machine.com\/wp-content\/uploads\/2022\/12\/finished-products-300x225.webp 300w\" sizes=\"auto, (max-width: 720px) 100vw, 720px\" \/><figcaption class=\"wp-element-caption\">Produtos finalizados<\/figcaption><\/figure> <\/figure>    <h2 class=\"wp-block-heading\">Escopo de aplica\u00e7\u00e3o da m\u00e1quina de secagem de peixe<\/h2>    <div class=\"wp-block-media-text is-stacked-on-mobile\"><figure class=\"wp-block-media-text__media\"><img loading=\"lazy\" decoding=\"async\" width=\"720\" height=\"540\" src=\"https:\/\/meat-machine.com\/wp-content\/uploads\/2022\/12\/widely-application.webp\" alt=\"ampla aplica\u00e7\u00e3o\" class=\"wp-image-268 size-full\" title=\"\" srcset=\"https:\/\/meat-machine.com\/wp-content\/uploads\/2022\/12\/widely-application.webp 720w, https:\/\/meat-machine.com\/wp-content\/uploads\/2022\/12\/widely-application-300x225.webp 300w\" sizes=\"auto, (max-width: 720px) 100vw, 720px\" \/><\/figure><div class=\"wp-block-media-text__content\"> <p class=\"wp-block-paragraph\">Nosso equipamento de secagem de peixe pode n\u00e3o apenas secar todos os tipos de peixe, mas tamb\u00e9m secar frutas, vegetais, flores, carne, nozes, ervas e carv\u00e3o para churrasco.<\/p> <\/div><\/div>    <h2 class=\"wp-block-heading\">Precau\u00e7\u00f5es ao usar uma m\u00e1quina de secar peixe<\/h2>    <div class=\"wp-block-media-text has-media-on-the-right is-stacked-on-mobile\"><div class=\"wp-block-media-text__content\"> <ol class=\"wp-block-list\"> <li>Evite altas temperaturas no est\u00e1gio de secagem precoce para evitar afetar a qualidade e o armazenamento dos peixes.<\/li>    <li>Controle a velocidade de desidrata\u00e7\u00e3o devido ao alto teor de \u00e1gua e \u00f3leo em peixes.<\/li>    <li>Mantenha o volume adequado do ar para impedir que o vapor de \u00e1gua fique na superf\u00edcie do peixe.<\/li> <\/ol> <\/div><figure class=\"wp-block-media-text__media\"><img loading=\"lazy\" decoding=\"async\" width=\"720\" height=\"540\" src=\"https:\/\/meat-machine.com\/wp-content\/uploads\/2022\/12\/fish-drying-machine-for-sale.webp\" alt=\"m\u00e1quina de secagem de peixe \u00e0 venda\" class=\"wp-image-781 size-full\" title=\"\" srcset=\"https:\/\/meat-machine.com\/wp-content\/uploads\/2022\/12\/fish-drying-machine-for-sale.webp 720w, https:\/\/meat-machine.com\/wp-content\/uploads\/2022\/12\/fish-drying-machine-for-sale-300x225.webp 300w, https:\/\/meat-machine.com\/wp-content\/uploads\/2022\/12\/fish-drying-machine-for-sale-16x12.webp 16w\" sizes=\"auto, (max-width: 720px) 100vw, 720px\" \/><\/figure><\/div>    <h2 class=\"wp-block-heading\">Conclus\u00e3o<\/h2>    <p class=\"wp-block-paragraph\">A m\u00e1quina de secador de peixes \u00e9 uma solu\u00e7\u00e3o eficiente, economizando energia e inteligente para secagem de peixes com alta qualidade e consist\u00eancia. <\/p>    <p class=\"wp-block-paragraph\">Com v\u00e1rios modelos dispon\u00edveis para atender \u00e0s diferentes necessidades de produ\u00e7\u00e3o, oferecemos solu\u00e7\u00f5es personalizadas para atender aos seus requisitos espec\u00edficos. <\/p>    <p class=\"wp-block-paragraph\">Entre em contato conosco hoje para obter mais detalhes e uma cota\u00e7\u00e3o competitiva!<\/p>","protected":false},"excerpt":{"rendered":"<p>A M\u00e1quina de Secar Peixe pode secar eficientemente diferentes tipos de peixe controlando precisamente a temperatura e a humidade, ajudando a prolongar a vida \u00fatil enquanto mant\u00e9m a qualidade do produto.<\/p>","protected":false},"author":1,"featured_media":264,"parent":0,"template":"","tags":[19],"product-type":[25],"class_list":["post-259","product","type-product","status-publish","has-post-thumbnail","hentry","tag-fish-dryer-machine","product-type-fish-processing-machine"],"_links":{"self":[{"href":"https:\/\/meat-machine.com\/pt\/wp-json\/wp\/v2\/product\/259","targetHints":{"allow":["GET"]}}],"collection":[{"href":"https:\/\/meat-machine.com\/pt\/wp-json\/wp\/v2\/product"}],"about":[{"href":"https:\/\/meat-machine.com\/pt\/wp-json\/wp\/v2\/types\/product"}],"author":[{"embeddable":true,"href":"https:\/\/meat-machine.com\/pt\/wp-json\/wp\/v2\/users\/1"}],"wp:featuredmedia":[{"embeddable":true,"href":"https:\/\/meat-machine.com\/pt\/wp-json\/wp\/v2\/media\/264"}],"wp:attachment":[{"href":"https:\/\/meat-machine.com\/pt\/wp-json\/wp\/v2\/media?parent=259"}],"wp:term":[{"taxonomy":"post_tag","embeddable":true,"href":"https:\/\/meat-machine.com\/pt\/wp-json\/wp\/v2\/tags?post=259"},{"taxonomy":"product-type","embeddable":true,"href":"https:\/\/meat-machine.com\/pt\/wp-json\/wp\/v2\/product-type?post=259"}],"curies":[{"name":"wp","href":"https:\/\/api.w.org\/{rel}","templated":true}]}}