{"id":254,"date":"2022-12-14T14:34:09","date_gmt":"2022-12-14T06:34:09","guid":{"rendered":"https:\/\/meat-machine.com\/?post_type=product&#038;p=254"},"modified":"2025-07-14T17:42:04","modified_gmt":"2025-07-14T09:42:04","slug":"maquina-de-cortar-peixe-multifuncional","status":"publish","type":"product","link":"https:\/\/meat-machine.com\/pt\/product\/multifunctional-fish-cutting-machine\/","title":{"rendered":"M\u00e1quina multifuncional de corte de peixe"},"content":{"rendered":"<div class=\"kk-star-ratings kksr-auto kksr-align-left kksr-valign-top\"     data-payload='{&quot;align&quot;:&quot;left&quot;,&quot;id&quot;:&quot;254&quot;,&quot;slug&quot;:&quot;default&quot;,&quot;valign&quot;:&quot;top&quot;,&quot;ignore&quot;:&quot;&quot;,&quot;reference&quot;:&quot;auto&quot;,&quot;class&quot;:&quot;&quot;,&quot;count&quot;:&quot;19&quot;,&quot;legendonly&quot;:&quot;&quot;,&quot;readonly&quot;:&quot;&quot;,&quot;score&quot;:&quot;4.8&quot;,&quot;starsonly&quot;:&quot;&quot;,&quot;best&quot;:&quot;5&quot;,&quot;gap&quot;:&quot;5&quot;,&quot;greet&quot;:&quot;Rate this product&quot;,&quot;legend&quot;:&quot;4.8\\\/5 - (19 votes)&quot;,&quot;size&quot;:&quot;24&quot;,&quot;title&quot;:&quot;Multifunctional Fish Cutting Machine&quot;,&quot;width&quot;:&quot;136.7&quot;,&quot;_legend&quot;:&quot;{score}\\\/{best} - ({count} {votes})&quot;,&quot;font_factor&quot;:&quot;1.25&quot;}'>              <div class=\"kksr-stars\">      <div class=\"kksr-stars-inactive\">             <div class=\"kksr-star\" data-star=\"1\" style=\"padding-right: 5px\">               <div class=\"kksr-icon\" style=\"width: 24px; height: 24px;\"><\/div>         <\/div>             <div class=\"kksr-star\" data-star=\"2\" style=\"padding-right: 5px\">               <div class=\"kksr-icon\" style=\"width: 24px; height: 24px;\"><\/div>         <\/div>             <div class=\"kksr-star\" data-star=\"3\" style=\"padding-right: 5px\">               <div class=\"kksr-icon\" style=\"width: 24px; height: 24px;\"><\/div>         <\/div>             <div class=\"kksr-star\" data-star=\"4\" style=\"padding-right: 5px\">               <div class=\"kksr-icon\" style=\"width: 24px; height: 24px;\"><\/div>         <\/div>             <div class=\"kksr-star\" data-star=\"5\" style=\"padding-right: 5px\">               <div class=\"kksr-icon\" style=\"width: 24px; height: 24px;\"><\/div>         <\/div>     <\/div>      <div class=\"kksr-stars-active\" style=\"width: 136.7px;\">             <div class=\"kksr-star\" style=\"padding-right: 5px\">               <div class=\"kksr-icon\" style=\"width: 24px; height: 24px;\"><\/div>         <\/div>             <div class=\"kksr-star\" style=\"padding-right: 5px\">               <div class=\"kksr-icon\" style=\"width: 24px; height: 24px;\"><\/div>         <\/div>             <div class=\"kksr-star\" style=\"padding-right: 5px\">               <div class=\"kksr-icon\" style=\"width: 24px; height: 24px;\"><\/div>         <\/div>             <div class=\"kksr-star\" style=\"padding-right: 5px\">               <div class=\"kksr-icon\" style=\"width: 24px; height: 24px;\"><\/div>         <\/div>             <div class=\"kksr-star\" style=\"padding-right: 5px\">               <div class=\"kksr-icon\" style=\"width: 24px; height: 24px;\"><\/div>         <\/div>     <\/div> <\/div>                   <div class=\"kksr-legend\" style=\"font-size: 19.2px;\">             4,8\/5 - (19 votos)    <\/div>     <\/div>  <p class=\"wp-block-paragraph translation-block\">A <strong>M\u00e1quina de Corte de Peixe<\/strong> pode <strong>fatiar e segmentar com precis\u00e3o diferentes tipos de peixe<\/strong>. Ela proporciona <strong>cortes consistentes e limpos<\/strong> com configura\u00e7\u00f5es de espessura ajust\u00e1veis, tornando-a uma solu\u00e7\u00e3o perfeita para uso em <strong>mercados de frutos do mar, cozinhas comerciais e instala\u00e7\u00f5es de processamento de peixe<\/strong>.<\/p>    <p class=\"wp-block-paragraph translation-block\">Dispon\u00edvel em dois modelos, <strong>TZ-400<\/strong> e <strong>TZ-600<\/strong>, a m\u00e1quina oferece uma capacidade de processamento de <strong>200\u2013400 kg\/h<\/strong> e <strong>400\u2013600 kg\/h<\/strong>, respectivamente. Possui l\u00e2minas afiadas em a\u00e7o inoxid\u00e1vel, desempenho est\u00e1vel e design de f\u00e1cil limpeza. <\/p>    <p class=\"wp-block-paragraph\">Esta m\u00e1quina de cortar peixe \u00e9 uma solu\u00e7\u00e3o fi\u00e1vel para aumentar a velocidade de processamento, garantir a consist\u00eancia do produto e reduzir os custos de m\u00e3o-de-obra em ambientes modernos de processamento de peixe.<\/p>    <figure class=\"wp-block-embed is-type-video is-provider-youtube wp-block-embed-youtube wp-embed-aspect-4-3 wp-has-aspect-ratio\"><div class=\"wp-block-embed__wrapper\"> <iframe loading=\"lazy\" title=\"Cortador de Carne Comercial em A\u00e7\u00e3o | Fatias Uniformes Sempre #carne #cortador #processamentodealimentos #peixe\" width=\"500\" height=\"375\" src=\"https:\/\/www.youtube.com\/embed\/MzMWaI8GUvk?feature=oembed\" frameborder=\"0\" allow=\"accelerometer; autoplay; clipboard-write; encrypted-media; gyroscope; picture-in-picture; web-share\" referrerpolicy=\"strict-origin-when-cross-origin\" allowfullscreen><\/iframe> <\/div><figcaption class=\"wp-element-caption\">V\u00eddeo de Trabalho da M\u00e1quina de Corte de Peixe<\/figcaption><\/figure>    <h2 class=\"wp-block-heading\">Estrutura da M\u00e1quina de Corte de Peixe<\/h2>    <p class=\"wp-block-paragraph translation-block\">A m\u00e1quina de corte de peixe \u00e9 composta principalmente por um <strong>quadro principal<\/strong>, <strong>motor el\u00e9trico<\/strong>, <strong>transportador<\/strong> e <strong>l\u00e2minas de corte<\/strong>. <\/p>    <p class=\"wp-block-paragraph translation-block\">As l\u00e2minas s\u00e3o feitas de <strong>a\u00e7o liga de alta resist\u00eancia<\/strong>, conhecido por sua <strong>seguran\u00e7a, durabilidade e excelente resist\u00eancia ao desgaste<\/strong>. Este material garante que as l\u00e2minas permane\u00e7am afiadas e <strong>livres de ferrugem mesmo ap\u00f3s uso prolongado<\/strong>. <\/p>    <p class=\"wp-block-paragraph translation-block\">Al\u00e9m disso, a m\u00e1quina suporta <strong>dois tipos de transportadores<\/strong>, permitindo que os usu\u00e1rios escolham a melhor configura\u00e7\u00e3o para suas necessidades de processamento.<\/p>   <div class=\"wp-block-image\"> <figure class=\"aligncenter size-full\"><img loading=\"lazy\" decoding=\"async\" width=\"720\" height=\"540\" src=\"https:\/\/meat-machine.com\/wp-content\/uploads\/2022\/12\/automatic-fish-cutting-machine-1.webp\" alt=\"m\u00e1quina autom\u00e1tica de corte de peixe\" class=\"wp-image-358\" title=\"\" srcset=\"https:\/\/meat-machine.com\/wp-content\/uploads\/2022\/12\/automatic-fish-cutting-machine-1.webp 720w, https:\/\/meat-machine.com\/wp-content\/uploads\/2022\/12\/automatic-fish-cutting-machine-1-300x225.webp 300w\" sizes=\"auto, (max-width: 720px) 100vw, 720px\" \/><figcaption class=\"wp-element-caption\">m\u00e1quina autom\u00e1tica de corte de peixe<\/figcaption><\/figure> <\/div>   <h2 class=\"wp-block-heading\">Como funciona a m\u00e1quina autom\u00e1tica de corte de peixe?<\/h2>    <p class=\"wp-block-paragraph\">A m\u00e1quina autom\u00e1tica de corte de peixe opera com uma l\u00e2mina rotativa de alta velocidade instalada dentro do corpo da m\u00e1quina. Quando os peixes s\u00e3o alimentados na entrada, a l\u00e2mina corta rapidamente em peda\u00e7os uniformes com bordas limpas e m\u00ednimo res\u00edduo. <\/p>    <p class=\"wp-block-paragraph\">A m\u00e1quina garante um corte preciso e consistente, melhorando significativamente a velocidade de processamento e reduzindo o trabalho manual. Uma vez conclu\u00eddo o corte, os peda\u00e7os de peixe processados s\u00e3o descarregados atrav\u00e9s da sa\u00edda. <\/p>    <p class=\"wp-block-paragraph translation-block\">O princ\u00edpio de funcionamento \u00e9 semelhante ao de uma <a href=\"https:\/\/meat-machine.com\/pt\/produto\/maquina-automatica-de-corte-de-frango\/\" data-type=\"link\" data-id=\"https:\/\/meat-machine.com\/product\/automatic-chicken-cutting-machine\/\">m\u00e1quina autom\u00e1tica de corte de frango<\/a>, dependendo do movimento cont\u00ednuo da l\u00e2mina e do fluxo de material guiado para alcan\u00e7ar resultados de corte eficientes e higi\u00eanicos.<\/p>    <figure class=\"wp-block-image\"><img loading=\"lazy\" decoding=\"async\" width=\"720\" height=\"540\" src=\"https:\/\/meat-machine.com\/wp-content\/uploads\/2022\/12\/cutter-of-the-machine.webp\" alt=\"cortador da m\u00e1quina\" class=\"wp-image-354\" title=\"\" srcset=\"https:\/\/meat-machine.com\/wp-content\/uploads\/2022\/12\/cutter-of-the-machine.webp 720w, https:\/\/meat-machine.com\/wp-content\/uploads\/2022\/12\/cutter-of-the-machine-300x225.webp 300w\" sizes=\"auto, (max-width: 720px) 100vw, 720px\" \/><figcaption class=\"wp-element-caption\">Cortador da m\u00e1quina<\/figcaption><\/figure>    <h2 class=\"wp-block-heading\"> Par\u00e2metros t\u00e9cnicos da m\u00e1quina de corte de carne de peixe<\/h2>    <figure class=\"wp-block-table\"><table><tbody><tr><td>Modelo<\/td><td>TZ-400<\/td><td>TZ-600<\/td><\/tr><tr><td>Capacidade<\/td><td>200-400 kg\/hora<\/td><td>400-600 kg\/hora<\/td><\/tr><tr><td>Dimens\u00e3o<\/td><td>520*350*800mm<\/td><td>710*660*1010mm<\/td><\/tr><tr><td>Poder<\/td><td>1,5 kW<\/td><td>2,2 kW<\/td><\/tr><tr><td>Peso<\/td><td>70kg<\/td><td>100kg<\/td><\/tr><tr><td>Tens\u00e3o<\/td><td>220v<\/td><td>380v<\/td><\/tr><\/tbody><\/table><figcaption class=\"wp-element-caption\">Par\u00e2metros da m\u00e1quina de corte de peixe<\/figcaption><\/figure>    <p class=\"wp-block-paragraph\">Atualmente, nossa f\u00e1brica possui dois equipamentos populares de corte de peixe para venda. A capacidade \u00e9 de 200-400 kg\/h e 400-600 kg\/h. A pot\u00eancia \u00e9 de 1,5 kW e 2,2 kW, respectivamente. Se voc\u00ea precisar desta m\u00e1quina de corte de peixe e carne, n\u00e3o hesite em nos contatar.<\/p>   <div class=\"wp-block-image\"> <figure class=\"aligncenter size-full\"><img loading=\"lazy\" decoding=\"async\" width=\"720\" height=\"540\" src=\"https:\/\/meat-machine.com\/wp-content\/uploads\/2022\/12\/commercial-fish-cutter.webp\" alt=\"cortador de peixe comercial\" class=\"wp-image-353\" title=\"\" srcset=\"https:\/\/meat-machine.com\/wp-content\/uploads\/2022\/12\/commercial-fish-cutter.webp 720w, https:\/\/meat-machine.com\/wp-content\/uploads\/2022\/12\/commercial-fish-cutter-300x225.webp 300w\" sizes=\"auto, (max-width: 720px) 100vw, 720px\" \/><figcaption class=\"wp-element-caption\">cortador de peixe comercial<\/figcaption><\/figure> <\/div>   <h2 class=\"wp-block-heading\">Vantagens da m\u00e1quina autom\u00e1tica de corte de peixe da Taizy<\/h2>    <div class=\"wp-block-media-text is-stacked-on-mobile\"><figure class=\"wp-block-media-text__media\"><img loading=\"lazy\" decoding=\"async\" width=\"720\" height=\"540\" src=\"https:\/\/meat-machine.com\/wp-content\/uploads\/2022\/12\/fish-cutting-equipment-for-sale-1.webp\" alt=\"equipamento de corte de peixe para venda-1\" class=\"wp-image-359 size-full\" title=\"\" srcset=\"https:\/\/meat-machine.com\/wp-content\/uploads\/2022\/12\/fish-cutting-equipment-for-sale-1.webp 720w, https:\/\/meat-machine.com\/wp-content\/uploads\/2022\/12\/fish-cutting-equipment-for-sale-1-300x225.webp 300w\" sizes=\"auto, (max-width: 720px) 100vw, 720px\" \/><\/figure><div class=\"wp-block-media-text__content\"> <ul class=\"wp-block-list\"> <li>Corta peixe em fatias, fil\u00e9s ou tiras com alta precis\u00e3o.<\/li>    <li>Feito de a\u00e7o inoxid\u00e1vel 304 de alta qualidade para durabilidade e resist\u00eancia ao desgaste.<\/li>    <li>Estrutura simples e f\u00e1cil de operar, adequada para todos os utilizadores.<\/li>    <li>Baixo n\u00edvel de ru\u00eddo durante a opera\u00e7\u00e3o, criando um ambiente de trabalho mais silencioso.<\/li>    <li>Capaz de cortar v\u00e1rios tipos de peixe, incluindo peixe seco, fresco e ligeiramente congelado.<\/li>    <li>Produz cortes suaves sem res\u00edduos, garantindo resultados de processamento limpos.<\/li>    <li>Vers\u00e1til para uso em f\u00e1bricas de frutos do mar, restaurantes e plantas de processamento de alimentos.<\/li> <\/ul> <\/div><\/div>    <h2 class=\"wp-block-heading\">Quais mat\u00e9rias-primas s\u00e3o adequadas para a m\u00e1quina de cortar peixe?<\/h2>    <div class=\"wp-block-media-text has-media-on-the-right is-stacked-on-mobile\"><div class=\"wp-block-media-text__content\"> <ul class=\"wp-block-list\"> <li><strong>V\u00e1rios tipos de peixe<\/strong>: Adequado para cortar carpa, salm\u00e3o, bacalhau, lula, <a href=\"https:\/\/en.wikipedia.org\/wiki\/Catfish\" data-type=\"link\" data-id=\"https:\/\/en.wikipedia.org\/wiki\/Catfish\" target=\"_blank\" rel=\"noopener\">peixe-gato<\/a>, peixe branco, e mais.<\/li>    <li><strong>Diferentes estados do peixe<\/strong>: Pode processar peixe fresco, seco e ligeiramente congelado de forma eficiente.<\/li>    <li><strong>M\u00faltiplos tipos de carne<\/strong>: Tamb\u00e9m aplic\u00e1vel para cortar carne de porco, carne de vaca, carne de cordeiro e carnes semelhantes.<\/li> <\/ul> <\/div><figure class=\"wp-block-media-text__media\"><img loading=\"lazy\" decoding=\"async\" width=\"720\" height=\"540\" src=\"https:\/\/meat-machine.com\/wp-content\/uploads\/2022\/12\/fish-cubes.webp\" alt=\"cubos de peixe\" class=\"wp-image-355 size-full\" title=\"\" srcset=\"https:\/\/meat-machine.com\/wp-content\/uploads\/2022\/12\/fish-cubes.webp 720w, https:\/\/meat-machine.com\/wp-content\/uploads\/2022\/12\/fish-cubes-300x225.webp 300w\" sizes=\"auto, (max-width: 720px) 100vw, 720px\" \/><\/figure><\/div>    <h2 class=\"wp-block-heading\">Perguntas frequentes sobre m\u00e1quinas de corte de peixe<\/h2>   <div id=\"rank-math-faq\" class=\"rank-math-block\"> <div class=\"rank-math-list\"> <div id=\"faq-question-1752481432320\" class=\"rank-math-list-item\"> <h3 class=\"rank-math-question\">Que tipos de estruturas de m\u00e1quinas de cortar peixe est\u00e3o dispon\u00edveis?<\/h3> <div class=\"rank-math-answer\">  <p class=\"translation-block\">Oferecemos <strong>dois tipos<\/strong>: <strong>tipo transportador<\/strong> e <strong>tipo placa de corrente<\/strong>, adequados para diferentes necessidades de processamento.<\/p>  <\/div> <\/div> <div id=\"faq-question-1752481448643\" class=\"rank-math-list-item\"> <h3 class=\"rank-math-question\">De que material s\u00e3o feitas as l\u00e2minas?<\/h3> <div class=\"rank-math-answer\">  <p class=\"translation-block\">As l\u00e2minas s\u00e3o feitas de <strong>a\u00e7o de alto mangan\u00eas<\/strong>, conhecido por sua durabilidade e resist\u00eancia ao desgaste.<\/p>  <\/div> <\/div> <div id=\"faq-question-1752481477500\" class=\"rank-math-list-item\"> <h3 class=\"rank-math-question\">Qual \u00e9 a largura da correia transportadora?<\/h3> <div class=\"rank-math-answer\">  <p class=\"translation-block\">A correia tem aproximadamente <strong>30 cm de largura<\/strong>.<\/p>  <\/div> <\/div> <div id=\"faq-question-1752481497771\" class=\"rank-math-list-item\"> <h3 class=\"rank-math-question\">Qual \u00e9 a espessura da correia transportadora?<\/h3> <div class=\"rank-math-answer\">  <p class=\"translation-block\">A espessura \u00e9 em torno de <strong>2 cm<\/strong>, projetada para ser dur\u00e1vel e de longa dura\u00e7\u00e3o.<\/p>  <\/div> <\/div> <div id=\"faq-question-1752481510466\" class=\"rank-math-list-item\"> <h3 class=\"rank-math-question\">O tamanho do corte pode ser ajustado?<\/h3> <div class=\"rank-math-answer\">  <p class=\"translation-block\">Sim, <strong>o comprimento do corte \u00e9 ajust\u00e1vel<\/strong> (entre <strong>20\u201350 mm<\/strong>), mas <strong>a largura do corte \u00e9 fixa<\/strong>.<\/p>  <\/div> <\/div> <\/div> <\/div>   <figure class=\"wp-block-image size-full\"><img loading=\"lazy\" decoding=\"async\" width=\"720\" height=\"540\" src=\"https:\/\/meat-machine.com\/wp-content\/uploads\/2023\/10\/cutted-fish.webp\" alt=\"peixe cortado\" class=\"wp-image-477\" title=\"\" srcset=\"https:\/\/meat-machine.com\/wp-content\/uploads\/2023\/10\/cutted-fish.webp 720w, https:\/\/meat-machine.com\/wp-content\/uploads\/2023\/10\/cutted-fish-300x225.webp 300w\" sizes=\"auto, (max-width: 720px) 100vw, 720px\" \/><figcaption class=\"wp-element-caption\">Peixe Cortado<\/figcaption><\/figure>    <h2 class=\"wp-block-heading\">Conclus\u00e3o<\/h2>    <p class=\"wp-block-paragraph\">Com a sua alta efici\u00eancia, desempenho de corte preciso e design amig\u00e1vel, a m\u00e1quina de cortar peixe \u00e9 uma ferramenta essencial para o processamento moderno de frutos do mar. <\/p>    <p class=\"wp-block-paragraph\">Quer voc\u00ea administre um mercado de peixe, um restaurante ou uma planta de processamento em grande escala, esta m\u00e1quina pode melhorar significativamente a produtividade e garantir uma qualidade de corte consistente. <\/p>    <p class=\"wp-block-paragraph translation-block\">Se voc\u00ea est\u00e1 procurando atualizar suas opera\u00e7\u00f5es de processamento de peixe, esta m\u00e1quina \u00e9 uma escolha confi\u00e1vel e econ\u00f4mica. <strong>Entre em contato conosco hoje para mais detalhes ou uma solu\u00e7\u00e3o personalizada.<\/strong><\/p>","protected":false},"excerpt":{"rendered":"<p>A M\u00e1quina de Cortar Peixe pode fatiar e segmentar com precis\u00e3o diferentes tipos de peixe.<\/p>","protected":false},"author":1,"featured_media":360,"parent":0,"template":"","tags":[24],"product-type":[2],"class_list":["post-254","product","type-product","status-publish","has-post-thumbnail","hentry","tag-fish-cutting-machine","product-type-meat-cutting-machine"],"_links":{"self":[{"href":"https:\/\/meat-machine.com\/pt\/wp-json\/wp\/v2\/product\/254","targetHints":{"allow":["GET"]}}],"collection":[{"href":"https:\/\/meat-machine.com\/pt\/wp-json\/wp\/v2\/product"}],"about":[{"href":"https:\/\/meat-machine.com\/pt\/wp-json\/wp\/v2\/types\/product"}],"author":[{"embeddable":true,"href":"https:\/\/meat-machine.com\/pt\/wp-json\/wp\/v2\/users\/1"}],"wp:featuredmedia":[{"embeddable":true,"href":"https:\/\/meat-machine.com\/pt\/wp-json\/wp\/v2\/media\/360"}],"wp:attachment":[{"href":"https:\/\/meat-machine.com\/pt\/wp-json\/wp\/v2\/media?parent=254"}],"wp:term":[{"taxonomy":"post_tag","embeddable":true,"href":"https:\/\/meat-machine.com\/pt\/wp-json\/wp\/v2\/tags?post=254"},{"taxonomy":"product-type","embeddable":true,"href":"https:\/\/meat-machine.com\/pt\/wp-json\/wp\/v2\/product-type?post=254"}],"curies":[{"name":"wp","href":"https:\/\/api.w.org\/{rel}","templated":true}]}}