{"id":241,"date":"2022-12-08T15:24:09","date_gmt":"2022-12-08T07:24:09","guid":{"rendered":"https:\/\/meat-machine.com\/?post_type=product&#038;p=241"},"modified":"2023-02-07T15:13:05","modified_gmt":"2023-02-07T07:13:05","slug":"maquina-automatica-de-descalcificacao-de-peixe","status":"publish","type":"product","link":"https:\/\/meat-machine.com\/pt\/product\/automatic-fish-descaling-machine\/","title":{"rendered":"M\u00e1quina autom\u00e1tica de descalcifica\u00e7\u00e3o de peixes"},"content":{"rendered":"<div class=\"kk-star-ratings kksr-auto kksr-align-left kksr-valign-top\"     data-payload='{&quot;align&quot;:&quot;left&quot;,&quot;id&quot;:&quot;241&quot;,&quot;slug&quot;:&quot;default&quot;,&quot;valign&quot;:&quot;top&quot;,&quot;ignore&quot;:&quot;&quot;,&quot;reference&quot;:&quot;auto&quot;,&quot;class&quot;:&quot;&quot;,&quot;count&quot;:&quot;10&quot;,&quot;legendonly&quot;:&quot;&quot;,&quot;readonly&quot;:&quot;&quot;,&quot;score&quot;:&quot;4.5&quot;,&quot;starsonly&quot;:&quot;&quot;,&quot;best&quot;:&quot;5&quot;,&quot;gap&quot;:&quot;5&quot;,&quot;greet&quot;:&quot;Rate this product&quot;,&quot;legend&quot;:&quot;4.5\\\/5 - (10 votes)&quot;,&quot;size&quot;:&quot;24&quot;,&quot;title&quot;:&quot;Automatic Fish Descaling Machine&quot;,&quot;width&quot;:&quot;128&quot;,&quot;_legend&quot;:&quot;{score}\\\/{best} - ({count} {votes})&quot;,&quot;font_factor&quot;:&quot;1.25&quot;}'>              <div class=\"kksr-stars\">      <div class=\"kksr-stars-inactive\">             <div class=\"kksr-star\" data-star=\"1\" style=\"padding-right: 5px\">               <div class=\"kksr-icon\" style=\"width: 24px; height: 24px;\"><\/div>         <\/div>             <div class=\"kksr-star\" data-star=\"2\" style=\"padding-right: 5px\">               <div class=\"kksr-icon\" style=\"width: 24px; height: 24px;\"><\/div>         <\/div>             <div class=\"kksr-star\" data-star=\"3\" style=\"padding-right: 5px\">               <div class=\"kksr-icon\" style=\"width: 24px; height: 24px;\"><\/div>         <\/div>             <div class=\"kksr-star\" data-star=\"4\" style=\"padding-right: 5px\">               <div class=\"kksr-icon\" style=\"width: 24px; height: 24px;\"><\/div>         <\/div>             <div class=\"kksr-star\" data-star=\"5\" style=\"padding-right: 5px\">               <div class=\"kksr-icon\" style=\"width: 24px; height: 24px;\"><\/div>         <\/div>     <\/div>      <div class=\"kksr-stars-active\" style=\"width: 128px;\">             <div class=\"kksr-star\" style=\"padding-right: 5px\">               <div class=\"kksr-icon\" style=\"width: 24px; height: 24px;\"><\/div>         <\/div>             <div class=\"kksr-star\" style=\"padding-right: 5px\">               <div class=\"kksr-icon\" style=\"width: 24px; height: 24px;\"><\/div>         <\/div>             <div class=\"kksr-star\" style=\"padding-right: 5px\">               <div class=\"kksr-icon\" style=\"width: 24px; height: 24px;\"><\/div>         <\/div>             <div class=\"kksr-star\" style=\"padding-right: 5px\">               <div class=\"kksr-icon\" style=\"width: 24px; height: 24px;\"><\/div>         <\/div>             <div class=\"kksr-star\" style=\"padding-right: 5px\">               <div class=\"kksr-icon\" style=\"width: 24px; height: 24px;\"><\/div>         <\/div>     <\/div> <\/div>                   <div class=\"kksr-legend\" style=\"font-size: 19.2px;\">             4,5\/5 - (10 votos)    <\/div>     <\/div>  <p class=\"wp-block-paragraph translation-block\">A m\u00e1quina autom\u00e1tica de remo\u00e7\u00e3o de escamas de peixe \u00e9 a m\u00e1quina que remove automaticamente as escamas do peixe. Na <a href=\"https:\/\/meat-machine.com\/pt\/\">F\u00e1brica de M\u00e1quinas de Carne Taizy<\/a>, fornecemos 4 tipos diferentes de m\u00e1quinas para remo\u00e7\u00e3o de escamas de peixe. Elas s\u00e3o m\u00e1quinas de remo\u00e7\u00e3o de escamas de peixe de pequeno porte, m\u00e1quinas de remo\u00e7\u00e3o de escamas de peixe de grande porte, m\u00e1quinas de remo\u00e7\u00e3o de escamas de peixe em alta demanda da Taizy e removedores de escamas de peixe multifuncionais. As 4 m\u00e1quinas t\u00eam diferentes capacidades e fun\u00e7\u00f5es. A seguir, apresentaremos essas quatro m\u00e1quinas em detalhe. <\/p>   <div class=\"wp-block-image\"> <figure class=\"aligncenter size-full\"><img loading=\"lazy\" decoding=\"async\" width=\"720\" height=\"540\" src=\"https:\/\/meat-machine.com\/wp-content\/uploads\/2022\/12\/commercial-fish-scaler-machine.webp\" alt=\"m\u00e1quina comercial de raspagem de peixe\" class=\"wp-image-242\" title=\"\" srcset=\"https:\/\/meat-machine.com\/wp-content\/uploads\/2022\/12\/commercial-fish-scaler-machine.webp 720w, https:\/\/meat-machine.com\/wp-content\/uploads\/2022\/12\/commercial-fish-scaler-machine-300x225.webp 300w\" sizes=\"auto, (max-width: 720px) 100vw, 720px\" \/><figcaption class=\"wp-element-caption\">m\u00e1quina comercial de raspagem de peixe<\/figcaption><\/figure> <\/div>   <h2 class=\"wp-block-heading\">M\u00e1quina autom\u00e1tica de descalcifica\u00e7\u00e3o de peixe em pequena escala<\/h2>    <p class=\"wp-block-paragraph\">A m\u00e1quina escamadora de peixes em pequena escala pode descalcificar peixes pequenos. Muitos clientes escolhem esta m\u00e1quina para varejo. A m\u00e1quina usa a esmeril dentro da m\u00e1quina para esfregar constantemente o peixe e remover as escamas.<\/p>   <div class=\"wp-block-image\"> <figure class=\"aligncenter size-full\"><img loading=\"lazy\" decoding=\"async\" width=\"720\" height=\"540\" src=\"https:\/\/meat-machine.com\/wp-content\/uploads\/2022\/12\/small-scale-fish-scaler-machine.webp\" alt=\"m\u00e1quina de escama\u00e7\u00e3o de peixe em pequena escala\" class=\"wp-image-243\" title=\"\" srcset=\"https:\/\/meat-machine.com\/wp-content\/uploads\/2022\/12\/small-scale-fish-scaler-machine.webp 720w, https:\/\/meat-machine.com\/wp-content\/uploads\/2022\/12\/small-scale-fish-scaler-machine-300x225.webp 300w\" sizes=\"auto, (max-width: 720px) 100vw, 720px\" \/><figcaption class=\"wp-element-caption\">m\u00e1quina de escama\u00e7\u00e3o de peixe em pequena escala<\/figcaption><\/figure> <\/div>   <h3 class=\"wp-block-heading\">Par\u00e2metros da m\u00e1quina<\/h3>    <figure class=\"wp-block-table\"><table><tbody><tr><td>Modelo<\/td><td>TZ-J2<\/td><\/tr><tr><td>Capacidade<\/td><td>Lote de 3-8 kg<\/td><\/tr><tr><td>Velocidade de processamento<\/td><td>15 segundos\/lote<\/td><\/tr><tr><td>Poder<\/td><td>1,1 kW<\/td><\/tr><tr><td>Peso<\/td><td>52kg<\/td><\/tr><tr><td>Dimens\u00e3o<\/td><td>53*53*73cm<\/td><\/tr><\/tbody><\/table><\/figure>    <h3 class=\"wp-block-heading\">Vantagens da m\u00e1quina de escama\u00e7\u00e3o de peixes em pequena escala<\/h3>    <ol class=\"wp-block-list\"> <li>O corpo e o interior s\u00e3o feitos de <a href=\"https:\/\/en.wikipedia.org\/wiki\/Stainless_steel\" target=\"_blank\" rel=\"noopener\">a\u00e7o inoxid\u00e1vel<\/a>. Tem as vantagens de durabilidade e higiene.<\/li>    <li>Em compara\u00e7\u00e3o com outros tipos de descalcificadores de peixe, esta pequena m\u00e1quina autom\u00e1tica de descalcifica\u00e7\u00e3o de peixe tem vantagens de pre\u00e7o.<\/li>    <li>O efeito de remo\u00e7\u00e3o de f\u00f3sforo da m\u00e1quina \u00e9 bom. Um balde de escamas de peixe pode ser removido em 15 segundos.<\/li>    <li>Espa\u00e7o pequeno.<\/li>    <li>Adequado para fam\u00edlias e pequenas barracas de peixe.<\/li> <\/ol>   <div class=\"wp-block-image\"> <figure class=\"aligncenter size-full\"><img loading=\"lazy\" decoding=\"async\" width=\"720\" height=\"540\" src=\"https:\/\/meat-machine.com\/wp-content\/uploads\/2022\/12\/small-fish-scaler-machine-for-sale.webp\" alt=\"Vendo pequena m\u00e1quina de raspagem de peixe\" class=\"wp-image-244\" title=\"\" srcset=\"https:\/\/meat-machine.com\/wp-content\/uploads\/2022\/12\/small-fish-scaler-machine-for-sale.webp 720w, https:\/\/meat-machine.com\/wp-content\/uploads\/2022\/12\/small-fish-scaler-machine-for-sale-300x225.webp 300w\" sizes=\"auto, (max-width: 720px) 100vw, 720px\" \/><figcaption class=\"wp-element-caption\">Vendo pequena m\u00e1quina de raspagem de peixe<\/figcaption><\/figure> <\/div>   <h2 class=\"wp-block-heading\">M\u00e1quina de remo\u00e7\u00e3o de escama de peixe em grande escala<\/h2>    <p class=\"wp-block-paragraph\">A grande m\u00e1quina comercial de escama\u00e7\u00e3o de peixes remove escamas de v\u00e1rios tipos de peixes. A produ\u00e7\u00e3o est\u00e1 entre 700-3000kg. Existem muitos modelos para os clientes escolherem. Esta m\u00e1quina autom\u00e1tica de descalcifica\u00e7\u00e3o de peixe de grande produ\u00e7\u00e3o usa o princ\u00edpio de fric\u00e7\u00e3o do rolo de cabelo para remover escamas de peixe. O cliente pode substituir o rolo de l\u00e3 adequado de acordo com os diferentes peixes. Ao mesmo tempo, tamb\u00e9m podemos fornecer servi\u00e7os personalizados.<\/p>   <div class=\"wp-block-image\"> <figure class=\"aligncenter size-full\"><img loading=\"lazy\" decoding=\"async\" width=\"720\" height=\"540\" src=\"https:\/\/meat-machine.com\/wp-content\/uploads\/2022\/12\/large-fish-descaling-machine.webp\" alt=\"m\u00e1quina de descalcifica\u00e7\u00e3o de peixe grande\" class=\"wp-image-245\" title=\"\" srcset=\"https:\/\/meat-machine.com\/wp-content\/uploads\/2022\/12\/large-fish-descaling-machine.webp 720w, https:\/\/meat-machine.com\/wp-content\/uploads\/2022\/12\/large-fish-descaling-machine-300x225.webp 300w\" sizes=\"auto, (max-width: 720px) 100vw, 720px\" \/><figcaption class=\"wp-element-caption\">m\u00e1quina de descalcifica\u00e7\u00e3o de peixe grande<\/figcaption><\/figure> <\/div>   <h3 class=\"wp-block-heading\">Par\u00e2metro t\u00e9cnico<\/h3>    <figure class=\"wp-block-table\"><table><tbody><tr><td>Modelo<\/td><td>Capacidade<\/td><td>Pot\u00eancia do motor<\/td><\/tr><tr><td>TZ-800<\/td><td>700kg\/hora<\/td><td>1,1 kW<\/td><\/tr><tr><td>TZ-1000<\/td><td>1000kg\/hora<\/td><td>1,5 kW<\/td><\/tr><tr><td>TZ-1200<\/td><td>1200kg\/hora<\/td><td>1,5 kW<\/td><\/tr><tr><td>TZ-1500<\/td><td>1500kg\/hora<\/td><td>2,2 kW<\/td><\/tr><tr><td>TZ-1800<\/td><td>1800kg\/hora<\/td><td>2,2 kW<\/td><\/tr><tr><td>TZ-2000<\/td><td>2.000 kg\/h<\/td><td>3 kW<\/td><\/tr><tr><td>TZ-2600<\/td><td>3.000 kg\/hora<\/td><td>4kw<\/td><\/tr><\/tbody><\/table><\/figure>    <h3 class=\"wp-block-heading\">Vantagens da m\u00e1quina comercial de descalcifica\u00e7\u00e3o de peixe totalmente autom\u00e1tica<\/h3>    <ol class=\"wp-block-list\"> <li>Esta m\u00e1quina autom\u00e1tica de descalcifica\u00e7\u00e3o de peixe tem uma grande capacidade de produ\u00e7\u00e3o.<\/li>    <li>Ampla gama de aplica\u00e7\u00f5es. \u00c9 adequado para grandes supermercados, restaurantes e f\u00e1bricas de processamento de pescado.<\/li>    <li>Com v\u00e1rios modelos, os clientes podem escolher sua pr\u00f3pria m\u00e1quina de remo\u00e7\u00e3o de escamas de peixe em grande escala de acordo com suas necessidades.<\/li>    <li>O mecanismo da escova n\u00e3o prejudica o corpo do peixe e o corpo do peixe tratado est\u00e1 completo.<\/li>    <li>A descamadora comercial de peixes est\u00e1 equipada com um dispositivo de prote\u00e7\u00e3o para evitar superaquecimento ou vazamento el\u00e9trico do motor.<\/li> <\/ol>   <div class=\"wp-block-image\"> <figure class=\"aligncenter size-full\"><img loading=\"lazy\" decoding=\"async\" width=\"750\" height=\"750\" src=\"https:\/\/meat-machine.com\/wp-content\/uploads\/2022\/12\/large-commercial-fish-scaler-machine.webp\" alt=\"grande m\u00e1quina comercial de raspagem de peixe\" class=\"wp-image-246\" title=\"\" srcset=\"https:\/\/meat-machine.com\/wp-content\/uploads\/2022\/12\/large-commercial-fish-scaler-machine.webp 750w, https:\/\/meat-machine.com\/wp-content\/uploads\/2022\/12\/large-commercial-fish-scaler-machine-300x300.webp 300w, https:\/\/meat-machine.com\/wp-content\/uploads\/2022\/12\/large-commercial-fish-scaler-machine-150x150.webp 150w\" sizes=\"auto, (max-width: 750px) 100vw, 750px\" \/><figcaption class=\"wp-element-caption\">grande m\u00e1quina comercial de raspagem de peixe<\/figcaption><\/figure> <\/div>   <h2 class=\"wp-block-heading\">M\u00e1quina de descalcifica\u00e7\u00e3o autom\u00e1tica de venda quente Taizy<\/h2>    <p class=\"wp-block-paragraph\">O princ\u00edpio de funcionamento da m\u00e1quina de descalcifica\u00e7\u00e3o de peixe Taizy para venda quente \u00e9 semelhante ao da m\u00e1quina grande. As escamas de peixe s\u00e3o removidas pela escova em rota\u00e7\u00e3o cont\u00ednua dentro da m\u00e1quina. A diferen\u00e7a \u00e9 que esta m\u00e1quina autom\u00e1tica de descalcifica\u00e7\u00e3o de peixes necessita de inje\u00e7\u00e3o cont\u00ednua de \u00e1gua durante o processo de trabalho. A fun\u00e7\u00e3o da inje\u00e7\u00e3o de \u00e1gua \u00e9 lavar as escamas de peixe raspadas. Ap\u00f3s o trabalho, os peixes limpos ser\u00e3o descarregados pela sa\u00edda.<\/p>   <div class=\"wp-block-image\"> <figure class=\"aligncenter size-full\"><img loading=\"lazy\" decoding=\"async\" width=\"720\" height=\"540\" src=\"https:\/\/meat-machine.com\/wp-content\/uploads\/2022\/12\/automatic-fish-descaling-machine.webp\" alt=\"m\u00e1quina autom\u00e1tica de descalcifica\u00e7\u00e3o de peixe\" class=\"wp-image-247\" title=\"\" srcset=\"https:\/\/meat-machine.com\/wp-content\/uploads\/2022\/12\/automatic-fish-descaling-machine.webp 720w, https:\/\/meat-machine.com\/wp-content\/uploads\/2022\/12\/automatic-fish-descaling-machine-300x225.webp 300w\" sizes=\"auto, (max-width: 720px) 100vw, 720px\" \/><figcaption class=\"wp-element-caption\">m\u00e1quina autom\u00e1tica de descalcifica\u00e7\u00e3o de peixe<\/figcaption><\/figure> <\/div>   <h3 class=\"wp-block-heading\">Tabela de par\u00e2metros<\/h3>    <figure class=\"wp-block-table\"><table><tbody><tr><td>Modelo<\/td><td>HA-500<\/td><td>HA-700<\/td><td>HA-1000<\/td><\/tr><tr><td>Voltagem nominal<\/td><td>220V\/380<\/td><td>220V\/380<\/td><td>220V\/380<\/td><\/tr><tr><td>Poder<\/td><td>2,2 kW<\/td><td>2,2 kW<\/td><td>2,2 kW<\/td><\/tr><tr><td>Dimens\u00e3o externa (mm)<\/td><td>1050*550*700<\/td><td>1250*550*700mm<\/td><td>1250*650*700mm<\/td><\/tr><tr><td>Capacidade (kg)<\/td><td>15kg\/lote<\/td><td>25kg\/lote<\/td><td>40kg\/lote<\/td><\/tr><tr><td>Peso (kg)<\/td><td>120<\/td><td>160<\/td><td>210kg<\/td><\/tr><\/tbody><\/table><\/figure>    <h3 class=\"wp-block-heading\">Vantagens da m\u00e1quina<\/h3>    <ol class=\"wp-block-list\"> <li>Cada lote de peixe pode ser processado em cerca de 35 segundos.<\/li>    <li>Esta m\u00e1quina autom\u00e1tica de escama de peixe pode limpar escamas de peixe enquanto remove escamas.<\/li>    <li>\u00c9 feito de a\u00e7o inoxid\u00e1vel.<\/li>    <li>Os clientes podem definir o tempo de descalcifica\u00e7\u00e3o de acordo com os diferentes tipos de peixe.<\/li> <\/ol>    <h2 class=\"wp-block-heading\">M\u00e1quina multifuncional de descalcifica\u00e7\u00e3o de peixe<\/h2>    <p class=\"wp-block-paragraph\">A m\u00e1quina multifuncional de descalcifica\u00e7\u00e3o de peixe \u00e9 uma m\u00e1quina multifuncional de descalcifica\u00e7\u00e3o totalmente autom\u00e1tica que pode descalcificar e remover v\u00edsceras de peixe. Comparada com outras m\u00e1quinas de descalcifica\u00e7\u00e3o autom\u00e1tica, esta m\u00e1quina s\u00f3 pode lidar com um peixe de cada vez.<\/p>   <div class=\"wp-block-image\"> <figure class=\"aligncenter size-full\"><img loading=\"lazy\" decoding=\"async\" width=\"720\" height=\"540\" src=\"https:\/\/meat-machine.com\/wp-content\/uploads\/2022\/12\/taizy-descaling-fish-machine.webp\" alt=\"m\u00e1quina de descalcifica\u00e7\u00e3o de peixe taizy\" class=\"wp-image-248\" title=\"\" srcset=\"https:\/\/meat-machine.com\/wp-content\/uploads\/2022\/12\/taizy-descaling-fish-machine.webp 720w, https:\/\/meat-machine.com\/wp-content\/uploads\/2022\/12\/taizy-descaling-fish-machine-300x225.webp 300w\" sizes=\"auto, (max-width: 720px) 100vw, 720px\" \/><figcaption class=\"wp-element-caption\">m\u00e1quina de descalcifica\u00e7\u00e3o de peixe taizy<\/figcaption><\/figure> <\/div>   <h3 class=\"wp-block-heading\">Par\u00e2metro da m\u00e1quina<\/h3>    <figure class=\"wp-block-table\"><table><tbody><tr><td>Nome<\/td><td>Capacidade<\/td><td>Peso<\/td><td>Tamanho<\/td><\/tr><tr><td>M\u00e1quina multifuncional de escama\u00e7\u00e3o de peixe<\/td><td>400-500 kg\/hora<\/td><td>140kg<\/td><td>1000*500*700mm<\/td><\/tr><\/tbody><\/table><\/figure>    <h3 class=\"wp-block-heading\">Vantagens da m\u00e1quina<\/h3>    <ol class=\"wp-block-list\"> <li>Multifuncional. Esta m\u00e1quina de descalcifica\u00e7\u00e3o multifuncional pode n\u00e3o apenas descalcificar, mas tamb\u00e9m abrir o abd\u00f4men, remover v\u00edsceras e limpar.<\/li>    <li>Bom efeito de processamento. M\u00e1quinas n\u00e3o machucam peixes.<\/li>    <li>O material de a\u00e7o inoxid\u00e1vel atende aos padr\u00f5es de higiene alimentar.<\/li>    <li>O sistema de controle inteligente tem a vantagem da opera\u00e7\u00e3o simples.<\/li> <\/ol>   <div class=\"wp-block-image\"> <figure class=\"aligncenter size-full\"><img loading=\"lazy\" decoding=\"async\" width=\"720\" height=\"540\" src=\"https:\/\/meat-machine.com\/wp-content\/uploads\/2022\/12\/descaling-fish-machine.webp\" alt=\"m\u00e1quina de descalcifica\u00e7\u00e3o de peixe\" class=\"wp-image-249\" title=\"\" srcset=\"https:\/\/meat-machine.com\/wp-content\/uploads\/2022\/12\/descaling-fish-machine.webp 720w, https:\/\/meat-machine.com\/wp-content\/uploads\/2022\/12\/descaling-fish-machine-300x225.webp 300w\" sizes=\"auto, (max-width: 720px) 100vw, 720px\" \/><figcaption class=\"wp-element-caption\">m\u00e1quina de descalcifica\u00e7\u00e3o de peixe<\/figcaption><\/figure> <\/div>   <h2 class=\"wp-block-heading\">Venda m\u00e1quina de descalcifica\u00e7\u00e3o de peixe<\/h2>    <p class=\"wp-block-paragraph\">Na Taizy Meat Machinery Factory, temos 4 m\u00e1quinas autom\u00e1ticas de descalcifica\u00e7\u00e3o de peixe para venda. Cada m\u00e1quina tem diferentes vantagens, resultados e m\u00e9todos de trabalho. Fornecemos grandes descalcificadores comerciais e pequenos descalcificadores. Se voc\u00ea precisar de uma m\u00e1quina de descalcifica\u00e7\u00e3o autom\u00e1tica, n\u00e3o hesite em nos contatar.<\/p>    <h2 class=\"wp-block-heading\">V\u00eddeo da m\u00e1quina de remo\u00e7\u00e3o de escamas de peixe<\/h2>    <figure class=\"wp-block-embed is-type-video is-provider-youtube wp-block-embed-youtube wp-embed-aspect-16-9 wp-has-aspect-ratio\"><div class=\"wp-block-embed__wrapper\"> <iframe loading=\"lazy\" title=\"Como voc\u00ea descalcifica rapidamente um peixe? | M\u00e1quina de remo\u00e7\u00e3o de escamas de peixe\" width=\"500\" height=\"281\" src=\"https:\/\/www.youtube.com\/embed\/3vg3LTY5RzA?feature=oembed\" frameborder=\"0\" allow=\"accelerometer; autoplay; clipboard-write; encrypted-media; gyroscope; picture-in-picture; web-share\" referrerpolicy=\"strict-origin-when-cross-origin\" allowfullscreen><\/iframe> <\/div><\/figure>    <h2 class=\"wp-block-heading\">5 raz\u00f5es pelas quais os clientes nos escolhem<\/h2>    <ol class=\"wp-block-list\"> <li>V\u00e1rios tipos de m\u00e1quinas de descalcifica\u00e7\u00e3o autom\u00e1tica est\u00e3o dispon\u00edveis para os clientes escolherem. Sempre temos m\u00e1quinas que atendem \u00e0s necessidades dos clientes. Al\u00e9m disso, tamb\u00e9m temos um <a href=\"https:\/\/meat-machine.com\/pt\/produto\/maquina-de-fatiar-peixe\/\">m\u00e1quina de fil\u00e9 de peixe<\/a> e um <a href=\"https:\/\/meat-machine.com\/pt\/produto\/maquina-de-desossar-peixe\/\">m\u00e1quina de desossar peixe<\/a>.<\/li>    <li>A m\u00e1quina \u00e9 de alta qualidade. Mais de 10 anos de experi\u00eancia na produ\u00e7\u00e3o de m\u00e1quinas para carne nos permitem fabricar m\u00e1quinas de alta qualidade e acess\u00edveis.<\/li> <\/ol>    <ol class=\"wp-block-list\" start=\"3\"> <li>Rica experi\u00eancia de exporta\u00e7\u00e3o. Hoje, nossas m\u00e1quinas foram exportadas para mais de 20 pa\u00edses e regi\u00f5es ao redor do mundo.<\/li>    <li>Atendimento ao paciente. Vendedores totalmente treinados podem resolver problemas dos clientes antes e depois das vendas.<\/li>    <li>Entrega r\u00e1pida. A f\u00e1brica de origem possui caracter\u00edsticas de entrega r\u00e1pida.<\/li> <\/ol>","protected":false},"excerpt":{"rendered":"<p>Automatic fish descaling machine is the machine that automatically removes fish scales. In Taizy Meat Machinery Factory, we provide 4 different types of fish descaling machines. They are small scale fish scaler machines, large scale fish scaler machines, Taizy hot sale descaling fish machines, and multi-function fish scale removers. The 4 machines have different capacities [&hellip;]<\/p>\n","protected":false},"author":1,"featured_media":242,"parent":0,"template":"","tags":[11],"product-type":[25],"class_list":["post-241","product","type-product","status-publish","has-post-thumbnail","hentry","tag-fish-descaling-machine","product-type-fish-processing-machine"],"_links":{"self":[{"href":"https:\/\/meat-machine.com\/pt\/wp-json\/wp\/v2\/product\/241","targetHints":{"allow":["GET"]}}],"collection":[{"href":"https:\/\/meat-machine.com\/pt\/wp-json\/wp\/v2\/product"}],"about":[{"href":"https:\/\/meat-machine.com\/pt\/wp-json\/wp\/v2\/types\/product"}],"author":[{"embeddable":true,"href":"https:\/\/meat-machine.com\/pt\/wp-json\/wp\/v2\/users\/1"}],"wp:featuredmedia":[{"embeddable":true,"href":"https:\/\/meat-machine.com\/pt\/wp-json\/wp\/v2\/media\/242"}],"wp:attachment":[{"href":"https:\/\/meat-machine.com\/pt\/wp-json\/wp\/v2\/media?parent=241"}],"wp:term":[{"taxonomy":"post_tag","embeddable":true,"href":"https:\/\/meat-machine.com\/pt\/wp-json\/wp\/v2\/tags?post=241"},{"taxonomy":"product-type","embeddable":true,"href":"https:\/\/meat-machine.com\/pt\/wp-json\/wp\/v2\/product-type?post=241"}],"curies":[{"name":"wp","href":"https:\/\/api.w.org\/{rel}","templated":true}]}}