{"id":226,"date":"2022-12-01T16:44:31","date_gmt":"2022-12-01T08:44:31","guid":{"rendered":"https:\/\/meat-machine.com\/?post_type=product&#038;p=226"},"modified":"2026-04-02T16:51:56","modified_gmt":"2026-04-02T08:51:56","slug":"maquina-automatica-de-shish-kebab","status":"publish","type":"product","link":"https:\/\/meat-machine.com\/pt\/product\/automatic-shish-kebab-machine\/","title":{"rendered":"M\u00e1quina autom\u00e1tica de Shish Kebab | Fabricante el\u00e9trico de kebab de carne"},"content":{"rendered":"<div class=\"kk-star-ratings kksr-auto kksr-align-left kksr-valign-top\"     data-payload='{&quot;align&quot;:&quot;left&quot;,&quot;id&quot;:&quot;226&quot;,&quot;slug&quot;:&quot;default&quot;,&quot;valign&quot;:&quot;top&quot;,&quot;ignore&quot;:&quot;&quot;,&quot;reference&quot;:&quot;auto&quot;,&quot;class&quot;:&quot;&quot;,&quot;count&quot;:&quot;9&quot;,&quot;legendonly&quot;:&quot;&quot;,&quot;readonly&quot;:&quot;&quot;,&quot;score&quot;:&quot;4.6&quot;,&quot;starsonly&quot;:&quot;&quot;,&quot;best&quot;:&quot;5&quot;,&quot;gap&quot;:&quot;5&quot;,&quot;greet&quot;:&quot;Rate this product&quot;,&quot;legend&quot;:&quot;4.6\\\/5 - (9 votes)&quot;,&quot;size&quot;:&quot;24&quot;,&quot;title&quot;:&quot;Automatic Shish Kebab Machine | Electric Meat Kebab Maker&quot;,&quot;width&quot;:&quot;130.9&quot;,&quot;_legend&quot;:&quot;{score}\\\/{best} - ({count} {votes})&quot;,&quot;font_factor&quot;:&quot;1.25&quot;}'>              <div class=\"kksr-stars\">      <div class=\"kksr-stars-inactive\">             <div class=\"kksr-star\" data-star=\"1\" style=\"padding-right: 5px\">               <div class=\"kksr-icon\" style=\"width: 24px; height: 24px;\"><\/div>         <\/div>             <div class=\"kksr-star\" data-star=\"2\" style=\"padding-right: 5px\">               <div class=\"kksr-icon\" style=\"width: 24px; height: 24px;\"><\/div>         <\/div>             <div class=\"kksr-star\" data-star=\"3\" style=\"padding-right: 5px\">               <div class=\"kksr-icon\" style=\"width: 24px; height: 24px;\"><\/div>         <\/div>             <div class=\"kksr-star\" data-star=\"4\" style=\"padding-right: 5px\">               <div class=\"kksr-icon\" style=\"width: 24px; height: 24px;\"><\/div>         <\/div>             <div class=\"kksr-star\" data-star=\"5\" style=\"padding-right: 5px\">               <div class=\"kksr-icon\" style=\"width: 24px; height: 24px;\"><\/div>         <\/div>     <\/div>      <div class=\"kksr-stars-active\" style=\"width: 130.9px;\">             <div class=\"kksr-star\" style=\"padding-right: 5px\">               <div class=\"kksr-icon\" style=\"width: 24px; height: 24px;\"><\/div>         <\/div>             <div class=\"kksr-star\" style=\"padding-right: 5px\">               <div class=\"kksr-icon\" style=\"width: 24px; height: 24px;\"><\/div>         <\/div>             <div class=\"kksr-star\" style=\"padding-right: 5px\">               <div class=\"kksr-icon\" style=\"width: 24px; height: 24px;\"><\/div>         <\/div>             <div class=\"kksr-star\" style=\"padding-right: 5px\">               <div class=\"kksr-icon\" style=\"width: 24px; height: 24px;\"><\/div>         <\/div>             <div class=\"kksr-star\" style=\"padding-right: 5px\">               <div class=\"kksr-icon\" style=\"width: 24px; height: 24px;\"><\/div>         <\/div>     <\/div> <\/div>                   <div class=\"kksr-legend\" style=\"font-size: 19.2px;\">             4,6\/5 - (9 votos)    <\/div>     <\/div>  <p class=\"wp-block-paragraph translation-block\">A <strong>M\u00e1quina Autom\u00e1tica de Espetos de Churrasco<\/strong> pode automatizar o espetamento de carne e outros ingredientes. Garante tamanho, peso e apar\u00eancia consistentes para cada espetada. Com uma <strong>capacidade de 1800\u20133500 espetos por hora<\/strong> e uma <strong>efici\u00eancia de trabalho de 1,5\u20132,0 segundos por espeto<\/strong>, a m\u00e1quina aumenta significativamente a velocidade de produ\u00e7\u00e3o enquanto reduz os custos de m\u00e3o-de-obra. <\/p>    <p class=\"wp-block-paragraph\">Esta m\u00e1quina \u00e9 adequada para uma ampla gama de mat\u00e9rias-primas, incluindo frango, carne bovina, cordeiro, frutos do mar e vegetais mistos. \u00c9 amplamente utilizada na produ\u00e7\u00e3o de espetos de churrasco, espetos de churrasco e satay com qualidade uniforme e apar\u00eancia profissional. <\/p>    <p class=\"wp-block-paragraph\">Ao melhorar a precis\u00e3o e efici\u00eancia do espetamento, a m\u00e1quina ajuda empresas a manter padr\u00f5es de produto consistentes, tornando-se uma escolha ideal para restaurantes, servi\u00e7os de catering, f\u00e1bricas de alimentos congelados e cozinhas centrais que desejam ampliar a produ\u00e7\u00e3o.<\/p>    <figure class=\"wp-block-embed is-type-video is-provider-youtube wp-block-embed-youtube wp-embed-aspect-9-16 wp-has-aspect-ratio\"><div class=\"wp-block-embed__wrapper\"> <iframe loading=\"lazy\" title=\"Meat Skewer Machine Working Process | Fast &amp; Uniform Skewering #meat #food #skewers\" width=\"422\" height=\"750\" src=\"https:\/\/www.youtube.com\/embed\/j-KMBSLvi-k?feature=oembed\" frameborder=\"0\" allow=\"accelerometer; autoplay; clipboard-write; encrypted-media; gyroscope; picture-in-picture; web-share\" referrerpolicy=\"strict-origin-when-cross-origin\" allowfullscreen><\/iframe> <\/div><figcaption class=\"wp-element-caption\">V\u00eddeo de funcionamento da m\u00e1quina autom\u00e1tica de Shish Kebab<\/figcaption><\/figure>    <h2 class=\"wp-block-heading\">Qual \u00e9 a estrutura da m\u00e1quina autom\u00e1tica de shish kebab?<\/h2>    <div class=\"wp-block-media-text is-stacked-on-mobile\"><figure class=\"wp-block-media-text__media\"><img loading=\"lazy\" decoding=\"async\" width=\"720\" height=\"540\" src=\"https:\/\/meat-machine.com\/wp-content\/uploads\/2022\/12\/machine-structure.webp\" alt=\"estrutura da m\u00e1quina\" class=\"wp-image-231 size-full\" title=\"\" srcset=\"https:\/\/meat-machine.com\/wp-content\/uploads\/2022\/12\/machine-structure.webp 720w, https:\/\/meat-machine.com\/wp-content\/uploads\/2022\/12\/machine-structure-300x225.webp 300w\" sizes=\"auto, (max-width: 720px) 100vw, 720px\" \/><\/figure><div class=\"wp-block-media-text__content\"> <ul class=\"wp-block-list\"> <li>Indica\u00e7\u00e3o de alimenta\u00e7\u00e3o el\u00e9trica: Exibe o status de opera\u00e7\u00e3o da m\u00e1quina para uso seguro e conveniente.<\/li>    <li>Esteira transportadora: Transporta mat\u00e9rias-primas de forma suave para garantir produ\u00e7\u00e3o cont\u00ednua. <\/li>    <li>Molde: Modela e posiciona a carne de forma uniforme para espetamento preciso. <\/li>    <li>Sensor de detec\u00e7\u00e3o de espeto: Detecta a posi\u00e7\u00e3o do espeto para garantir inser\u00e7\u00e3o precisa e consistente. <\/li>    <li>Dispositivo de espetar: Insere automaticamente os espetos na carne com alta precis\u00e3o. <\/li> <\/ul> <\/div><\/div>    <div class=\"wp-block-media-text has-media-on-the-right is-stacked-on-mobile\"><div class=\"wp-block-media-text__content\"> <ul class=\"wp-block-list\"> <li>Dispositivo anti-espeto duplo: Impede que m\u00faltiplos espetos sejam alimentados ao mesmo tempo, melhorando a efici\u00eancia. <\/li>    <li>Cesto de espetos: Armazena e fornece espetos para opera\u00e7\u00e3o cont\u00ednua. <\/li>    <li>Separador de \u00f3leo e \u00e1gua: Mant\u00e9m a m\u00e1quina limpa e preserva os padr\u00f5es de higiene alimentar. <\/li>    <li>Motor da esteira transportadora: Fornece energia est\u00e1vel para transporte suave e eficiente. <\/li>    <li>Caixa traseira: Protege os componentes internos e garante a opera\u00e7\u00e3o segura da m\u00e1quina.<\/li> <\/ul> <\/div><figure class=\"wp-block-media-text__media\"><img loading=\"lazy\" decoding=\"async\" width=\"720\" height=\"540\" src=\"https:\/\/meat-machine.com\/wp-content\/uploads\/2022\/12\/automatic-shish-kebab-machine-1.webp\" alt=\"m\u00e1quina autom\u00e1tica de shish kebab\" class=\"wp-image-714 size-full\" title=\"\" srcset=\"https:\/\/meat-machine.com\/wp-content\/uploads\/2022\/12\/automatic-shish-kebab-machine-1.webp 720w, https:\/\/meat-machine.com\/wp-content\/uploads\/2022\/12\/automatic-shish-kebab-machine-1-300x225.webp 300w, https:\/\/meat-machine.com\/wp-content\/uploads\/2022\/12\/automatic-shish-kebab-machine-1-16x12.webp 16w\" sizes=\"auto, (max-width: 720px) 100vw, 720px\" \/><\/figure><\/div>    <h2 class=\"wp-block-heading\">M\u00e1quina de Shish kebab \u00e0 venda<\/h2>    <figure class=\"wp-block-table\"><table class=\"has-fixed-layout\"><thead><tr><th>Par\u00e2metro<\/th><th>Especifica\u00e7\u00e3o<\/th><\/tr><\/thead><tbody><tr><td>Tens\u00e3o<\/td><td>415V \/ 50Hz, Trif\u00e1sico<\/td><\/tr><tr><td>Capacidade do modelo<\/td><td>1800\u20133500 espetos por hora<\/td><\/tr><tr><td>Comprimento do Espeto de Bambu<\/td><td>250 mm<\/td><\/tr><tr><td>Di\u00e2metro do Espeto de Bambu<\/td><td>5 mm<\/td><\/tr><tr><td>Comprimento da carne<\/td><td>210 mm<\/td><\/tr><tr><td>Peso por espeto<\/td><td>120 g<\/td><\/tr><tr><td>Exposi\u00e7\u00e3o da ponta do espeto<\/td><td>5 mm<\/td><\/tr><tr><td>Material<\/td><td>A\u00e7o inoxid\u00e1vel 304 (corpo da m\u00e1quina, rolamentos, correntes, etc.)<\/td><\/tr><tr><td>Tamanho da M\u00e1quina<\/td><td>2000 \u00d7 2000 \u00d7 1100 mm<\/td><\/tr><tr><td>Peso<\/td><td>160 kg<\/td><\/tr><\/tbody><\/table><figcaption class=\"wp-element-caption\">Par\u00e2metros da m\u00e1quina de espetar churrasco<\/figcaption><\/figure>    <h2 class=\"wp-block-heading\">Princ\u00edpio de funcionamento da m\u00e1quina autom\u00e1tica de shish kebab<\/h2>    <p class=\"wp-block-paragraph translation-block\">A <strong>M\u00e1quina Autom\u00e1tica de Espetadas<\/strong> opera utilizando uma combina\u00e7\u00e3o de princ\u00edpios pneum\u00e1ticos e el\u00e9tricos para enfiar borrego:<\/p>    <ol class=\"wp-block-list\"> <li>Coloque a carne na forma.<\/li>    <li>Ligue a m\u00e1quina e a correia transportadora empurra o molde para frente.<\/li>    <li>Um sensor dentro da m\u00e1quina detecta o movimento e envia um comando.<\/li>    <li>A bomba de ar \u00e9 ativada, acionando o dispositivo de espetar para espetar a carne.<\/li>    <li>Antes de utilizar a m\u00e1quina, corte a carne em peda\u00e7os com um <a href=\"https:\/\/meat-machine.com\/pt\/produto\/maquina-de-cortar-carne\/\" data-type=\"link\" data-id=\"https:\/\/meat-machine.com\/product\/meat-dicing-machine\/\">cortador de carne<\/a> para resultados ideais.<\/li> <\/ol>    <figure class=\"wp-block-gallery aligncenter has-nested-images columns-default is-cropped wp-block-gallery-2 is-layout-flex wp-block-gallery-is-layout-flex\"> <figure class=\"wp-block-image size-full\"><img loading=\"lazy\" decoding=\"async\" width=\"720\" height=\"540\" data-id=\"232\" src=\"https:\/\/meat-machine.com\/wp-content\/uploads\/2022\/12\/meat-skewer-machine.webp\" alt=\"m\u00e1quina de espetar carne\" class=\"wp-image-232\" title=\"\" srcset=\"https:\/\/meat-machine.com\/wp-content\/uploads\/2022\/12\/meat-skewer-machine.webp 720w, https:\/\/meat-machine.com\/wp-content\/uploads\/2022\/12\/meat-skewer-machine-300x225.webp 300w\" sizes=\"auto, (max-width: 720px) 100vw, 720px\" \/><figcaption class=\"wp-element-caption\">M\u00e1quina de Espeto de Carne<\/figcaption><\/figure>    <figure class=\"wp-block-image size-full\"><img loading=\"lazy\" decoding=\"async\" width=\"720\" height=\"540\" data-id=\"713\" src=\"https:\/\/meat-machine.com\/wp-content\/uploads\/2022\/12\/bbq-meat-kebab-machine.webp\" alt=\"m\u00e1quina de kebab de carne para churrasco\" class=\"wp-image-713\" title=\"\" srcset=\"https:\/\/meat-machine.com\/wp-content\/uploads\/2022\/12\/bbq-meat-kebab-machine.webp 720w, https:\/\/meat-machine.com\/wp-content\/uploads\/2022\/12\/bbq-meat-kebab-machine-300x225.webp 300w, https:\/\/meat-machine.com\/wp-content\/uploads\/2022\/12\/bbq-meat-kebab-machine-16x12.webp 16w\" sizes=\"auto, (max-width: 720px) 100vw, 720px\" \/><figcaption class=\"wp-element-caption\">M\u00e1quina de kebab de carne para churrasco<\/figcaption><\/figure> <\/figure>    <h2 class=\"wp-block-heading\">Vantagens da m\u00e1quina de espetar churrasco<\/h2>    <p class=\"wp-block-paragraph translation-block\">A <strong>M\u00e1quina El\u00e9trica de Espetadas<\/strong> oferece uma opera\u00e7\u00e3o precisa e eficiente, tornando-a uma ferramenta fi\u00e1vel para v\u00e1rias aplica\u00e7\u00f5es:<\/p>    <div class=\"wp-block-media-text is-stacked-on-mobile\"><figure class=\"wp-block-media-text__media\"><img loading=\"lazy\" decoding=\"async\" width=\"720\" height=\"540\" src=\"https:\/\/meat-machine.com\/wp-content\/uploads\/2022\/12\/shish-kebab-machine-for-sale.webp\" alt=\"M\u00e1quina de shish kebab \u00e0 venda\" class=\"wp-image-233 size-full\" title=\"\" srcset=\"https:\/\/meat-machine.com\/wp-content\/uploads\/2022\/12\/shish-kebab-machine-for-sale.webp 720w, https:\/\/meat-machine.com\/wp-content\/uploads\/2022\/12\/shish-kebab-machine-for-sale-300x225.webp 300w\" sizes=\"auto, (max-width: 720px) 100vw, 720px\" \/><\/figure><div class=\"wp-block-media-text__content\"> <ul class=\"wp-block-list\"> <li>Dispositivo anti-espeto duplo. Evita a dupla penetra\u00e7\u00e3o, garantindo um espeto suave e eficiente.<\/li>    <li>Aplica\u00e7\u00f5es vers\u00e1teis. Capaz de espetar cordeiro, outras carnes, caba\u00e7a e uma variedade de outros ingredientes.<\/li>    <li>Materiais premium. Constru\u00eddo em a\u00e7o inoxid\u00e1vel de alta qualidade, com moldes feitos de qualidade alimentar <a href=\"https:\/\/en.wikipedia.org\/wiki\/PE\" data-type=\"link\" data-id=\"https:\/\/en.wikipedia.org\/wiki\/PE\" target=\"_blank\" rel=\"noopener\">EDUCA\u00c7AO FISICA<\/a> material, garantindo seguran\u00e7a e higiene.<\/li>    <li>Alta efici\u00eancia. Produz quase 3500 espetos por hora, atingindo mais de 10 vezes a velocidade do espetamento manual.<\/li> <\/ul> <\/div><\/div>    <h2 class=\"wp-block-heading\">Escopo de aplica\u00e7\u00e3o da m\u00e1quina autom\u00e1tica de shish kebab<\/h2>    <p class=\"wp-block-paragraph\">A m\u00e1quina autom\u00e1tica de shish kebab oferece um amplo escopo de aplica\u00e7\u00e3o, tornando-a adequada para a produ\u00e7\u00e3o de v\u00e1rios produtos de espetos. <\/p>    <p class=\"wp-block-paragraph\">Estes incluem espetos de frango, espetos de costela de carne, espetos de cora\u00e7\u00e3o de frango, espetos de moela de frango, espetos quentes picantes, espetos de vegetais, espetos de carne, espetos de lula, espetos de algas marinhas, espetos de p\u00e3o torrado, espetos de espinheiro, espetos de inhame e espetos de frutas. <\/p>    <p class=\"wp-block-paragraph\">A sua versatilidade permite-lhe satisfazer diversas necessidades culin\u00e1rias, desde carnes e mariscos at\u00e9 vegetais e sobremesas.<\/p>    <figure class=\"wp-block-gallery aligncenter has-nested-images columns-default is-cropped wp-block-gallery-3 is-layout-flex wp-block-gallery-is-layout-flex\"> <figure class=\"wp-block-image size-full\"><img loading=\"lazy\" decoding=\"async\" width=\"720\" height=\"540\" data-id=\"230\" src=\"https:\/\/meat-machine.com\/wp-content\/uploads\/2022\/12\/automatic-shish-kebab-machine.webp\" alt=\"m\u00e1quina autom\u00e1tica de shish kebab\" class=\"wp-image-230\" title=\"\" srcset=\"https:\/\/meat-machine.com\/wp-content\/uploads\/2022\/12\/automatic-shish-kebab-machine.webp 720w, https:\/\/meat-machine.com\/wp-content\/uploads\/2022\/12\/automatic-shish-kebab-machine-300x225.webp 300w\" sizes=\"auto, (max-width: 720px) 100vw, 720px\" \/><figcaption class=\"wp-element-caption\">M\u00e1quina autom\u00e1tica de Shish Kebab<\/figcaption><\/figure>    <figure class=\"wp-block-image size-full\"><img loading=\"lazy\" decoding=\"async\" width=\"720\" height=\"540\" data-id=\"229\" src=\"https:\/\/meat-machine.com\/wp-content\/uploads\/2022\/12\/Application-scope-of-the-shish-kebab-making-machine.webp\" alt=\"Escopo de aplica\u00e7\u00e3o da m\u00e1quina de fazer shish kebab\" class=\"wp-image-229\" title=\"\" srcset=\"https:\/\/meat-machine.com\/wp-content\/uploads\/2022\/12\/Application-scope-of-the-shish-kebab-making-machine.webp 720w, https:\/\/meat-machine.com\/wp-content\/uploads\/2022\/12\/Application-scope-of-the-shish-kebab-making-machine-300x225.webp 300w\" sizes=\"auto, (max-width: 720px) 100vw, 720px\" \/><figcaption class=\"wp-element-caption\">\u00c2mbito de aplica\u00e7\u00e3o da m\u00e1quina de fazer espetos de churrasco<\/figcaption><\/figure> <\/figure>    <h2 class=\"wp-block-heading\">Como escolher um fabricante confi\u00e1vel de m\u00e1quinas para espetos de carne?<\/h2>    <p class=\"wp-block-paragraph translation-block\">Na <strong>Taizy Machinery<\/strong>, orgulhamo-nos de ser um fabricante fi\u00e1vel e de confian\u00e7a de maquinaria de alta qualidade. Eis porque pode contar connosco:<\/p>    <div class=\"wp-block-media-text is-stacked-on-mobile\"><figure class=\"wp-block-media-text__media\"><img loading=\"lazy\" decoding=\"async\" width=\"720\" height=\"540\" src=\"https:\/\/meat-machine.com\/wp-content\/uploads\/2022\/12\/meat-kebab-machine.webp\" alt=\"m\u00e1quina de kebab de carne\" class=\"wp-image-711 size-full\" title=\"\" srcset=\"https:\/\/meat-machine.com\/wp-content\/uploads\/2022\/12\/meat-kebab-machine.webp 720w, https:\/\/meat-machine.com\/wp-content\/uploads\/2022\/12\/meat-kebab-machine-300x225.webp 300w, https:\/\/meat-machine.com\/wp-content\/uploads\/2022\/12\/meat-kebab-machine-16x12.webp 16w\" sizes=\"auto, (max-width: 720px) 100vw, 720px\" \/><\/figure><div class=\"wp-block-media-text__content\"> <ul class=\"wp-block-list\"> <li><strong>Qualifica\u00e7\u00f5es da empresa:<\/strong> A Taizy Machinery possui certifica\u00e7\u00e3o CE, garantindo altos padr\u00f5es de qualidade e seguran\u00e7a. <\/li>    <li><strong>Qualidade da m\u00e1quina:<\/strong> Fornecemos fotos e v\u00eddeos detalhados para garantir transpar\u00eancia e confiabilidade na execu\u00e7\u00e3o. <\/li>    <li><strong>Servi\u00e7o p\u00f3s-venda:<\/strong> Suporte completo incluindo garantia e assist\u00eancia t\u00e9cnica para opera\u00e7\u00e3o tranquila. <\/li>    <li><strong>Experi\u00eancia de exporta\u00e7\u00e3o:<\/strong> Am\u00e1tica experi\u00eancia de exporta\u00e7\u00e3o global com solu\u00e7\u00f5es log\u00edsticas profissionais e entregas pontuais.<\/li> <\/ul> <\/div><\/div>    <p class=\"wp-block-paragraph translation-block\">Escolha a <strong>Taizy Machinery<\/strong> para solu\u00e7\u00f5es fi\u00e1veis e um servi\u00e7o inigual\u00e1vel. Deixe-nos ajud\u00e1-lo a atingir os seus objetivos de neg\u00f3cio com confian\u00e7a!<\/p>    <h2 class=\"wp-block-heading\">Conclus\u00e3o<\/h2>    <p class=\"wp-block-paragraph translation-block\">Em resumo, as caracter\u00edsticas avan\u00e7adas, os materiais de alta qualidade e a facilidade de opera\u00e7\u00e3o da <strong>M\u00e1quina Autom\u00e1tica de Espetadas<\/strong> tornam-na uma escolha ideal para f\u00e1bricas de espetadas de carne, restaurantes de churrasco e empresas de processamento de alimentos. <\/p>    <p class=\"wp-block-paragraph\">Com esta m\u00e1quina, voc\u00ea pode melhorar significativamente a produtividade, mantendo os padr\u00f5es de seguran\u00e7a e higiene. Contate-nos hoje para saber mais sobre como esta m\u00e1quina inovadora pode beneficiar suas opera\u00e7\u00f5es!<\/p>","protected":false},"excerpt":{"rendered":"<p>A M\u00e1quina Autom\u00e1tica de Espetadas de Kebab pode automatizar a espetada de carne e outros ingredientes. <\/p>","protected":false},"author":1,"featured_media":228,"parent":0,"template":"","tags":[12],"product-type":[4],"class_list":["post-226","product","type-product","status-publish","has-post-thumbnail","hentry","tag-shish-kebab-machine","product-type-meat-grinder"],"_links":{"self":[{"href":"https:\/\/meat-machine.com\/pt\/wp-json\/wp\/v2\/product\/226","targetHints":{"allow":["GET"]}}],"collection":[{"href":"https:\/\/meat-machine.com\/pt\/wp-json\/wp\/v2\/product"}],"about":[{"href":"https:\/\/meat-machine.com\/pt\/wp-json\/wp\/v2\/types\/product"}],"author":[{"embeddable":true,"href":"https:\/\/meat-machine.com\/pt\/wp-json\/wp\/v2\/users\/1"}],"wp:featuredmedia":[{"embeddable":true,"href":"https:\/\/meat-machine.com\/pt\/wp-json\/wp\/v2\/media\/228"}],"wp:attachment":[{"href":"https:\/\/meat-machine.com\/pt\/wp-json\/wp\/v2\/media?parent=226"}],"wp:term":[{"taxonomy":"post_tag","embeddable":true,"href":"https:\/\/meat-machine.com\/pt\/wp-json\/wp\/v2\/tags?post=226"},{"taxonomy":"product-type","embeddable":true,"href":"https:\/\/meat-machine.com\/pt\/wp-json\/wp\/v2\/product-type?post=226"}],"curies":[{"name":"wp","href":"https:\/\/api.w.org\/{rel}","templated":true}]}}