{"id":217,"date":"2022-11-25T15:14:54","date_gmt":"2022-11-25T07:14:54","guid":{"rendered":"https:\/\/meat-machine.com\/?post_type=product&#038;p=217"},"modified":"2023-02-07T15:12:59","modified_gmt":"2023-02-07T07:12:59","slug":"maquina-de-fatiar-peixe","status":"publish","type":"product","link":"https:\/\/meat-machine.com\/pt\/product\/fish-slicer-machine\/","title":{"rendered":"M\u00e1quina fatiadora de peixe | M\u00e1quina de Fil\u00e9 de Peixe"},"content":{"rendered":"<div class=\"kk-star-ratings kksr-auto kksr-align-left kksr-valign-top\"     data-payload='{&quot;align&quot;:&quot;left&quot;,&quot;id&quot;:&quot;217&quot;,&quot;slug&quot;:&quot;default&quot;,&quot;valign&quot;:&quot;top&quot;,&quot;ignore&quot;:&quot;&quot;,&quot;reference&quot;:&quot;auto&quot;,&quot;class&quot;:&quot;&quot;,&quot;count&quot;:&quot;11&quot;,&quot;legendonly&quot;:&quot;&quot;,&quot;readonly&quot;:&quot;&quot;,&quot;score&quot;:&quot;4.7&quot;,&quot;starsonly&quot;:&quot;&quot;,&quot;best&quot;:&quot;5&quot;,&quot;gap&quot;:&quot;5&quot;,&quot;greet&quot;:&quot;Rate this product&quot;,&quot;legend&quot;:&quot;4.7\\\/5 - (11 votes)&quot;,&quot;size&quot;:&quot;24&quot;,&quot;title&quot;:&quot;Fish Slicer Machine | Fish Fillet Machine&quot;,&quot;width&quot;:&quot;133.8&quot;,&quot;_legend&quot;:&quot;{score}\\\/{best} - ({count} {votes})&quot;,&quot;font_factor&quot;:&quot;1.25&quot;}'>              <div class=\"kksr-stars\">      <div class=\"kksr-stars-inactive\">             <div class=\"kksr-star\" data-star=\"1\" style=\"padding-right: 5px\">               <div class=\"kksr-icon\" style=\"width: 24px; height: 24px;\"><\/div>         <\/div>             <div class=\"kksr-star\" data-star=\"2\" style=\"padding-right: 5px\">               <div class=\"kksr-icon\" style=\"width: 24px; height: 24px;\"><\/div>         <\/div>             <div class=\"kksr-star\" data-star=\"3\" style=\"padding-right: 5px\">               <div class=\"kksr-icon\" style=\"width: 24px; height: 24px;\"><\/div>         <\/div>             <div class=\"kksr-star\" data-star=\"4\" style=\"padding-right: 5px\">               <div class=\"kksr-icon\" style=\"width: 24px; height: 24px;\"><\/div>         <\/div>             <div class=\"kksr-star\" data-star=\"5\" style=\"padding-right: 5px\">               <div class=\"kksr-icon\" style=\"width: 24px; height: 24px;\"><\/div>         <\/div>     <\/div>      <div class=\"kksr-stars-active\" style=\"width: 133.8px;\">             <div class=\"kksr-star\" style=\"padding-right: 5px\">               <div class=\"kksr-icon\" style=\"width: 24px; height: 24px;\"><\/div>         <\/div>             <div class=\"kksr-star\" style=\"padding-right: 5px\">               <div class=\"kksr-icon\" style=\"width: 24px; height: 24px;\"><\/div>         <\/div>             <div class=\"kksr-star\" style=\"padding-right: 5px\">               <div class=\"kksr-icon\" style=\"width: 24px; height: 24px;\"><\/div>         <\/div>             <div class=\"kksr-star\" style=\"padding-right: 5px\">               <div class=\"kksr-icon\" style=\"width: 24px; height: 24px;\"><\/div>         <\/div>             <div class=\"kksr-star\" style=\"padding-right: 5px\">               <div class=\"kksr-icon\" style=\"width: 24px; height: 24px;\"><\/div>         <\/div>     <\/div> <\/div>                   <div class=\"kksr-legend\" style=\"font-size: 19.2px;\">             4,7\/5 - (11 votos)    <\/div>     <\/div>  <p class=\"wp-block-paragraph translation-block\">A m\u00e1quina fatiadora de peixe \u00e9 uma m\u00e1quina comum de processamento de peixe na <a href=\"https:\/\/meat-machine.com\/pt\/\">Taizy meat machinery<\/a>. Esta m\u00e1quina pode imitar a forma de fatiar artificialmente para cortar o peixe inteiro em fatias com espessura uniforme. A espessura da fatia de peixe pode ser ajustada. A espessura dos fil\u00e9s pode variar de 1 mm a 40 mm. Podemos personalizar o \u00e2ngulo de corte da m\u00e1quina de acordo com as necessidades do cliente (15-45 graus). Al\u00e9m disso, a fatiadora de peixe Taizy pode fatiar qualquer peixe. Na semana passada, o nosso cliente comprou uma m\u00e1quina de filetagem para cortar salm\u00e3o. Portanto, se quiser comprar uma m\u00e1quina de filetagem de salm\u00e3o, esta m\u00e1quina \u00e9 uma boa escolha.<\/p>   <div class=\"wp-block-image\"> <figure class=\"aligncenter size-full\"><img loading=\"lazy\" decoding=\"async\" width=\"720\" height=\"640\" src=\"https:\/\/meat-machine.com\/wp-content\/uploads\/2022\/11\/fish-slicer-machine.webp\" alt=\"m\u00e1quina de fatiar peixe\" class=\"wp-image-221\" title=\"\" srcset=\"https:\/\/meat-machine.com\/wp-content\/uploads\/2022\/11\/fish-slicer-machine.webp 720w, https:\/\/meat-machine.com\/wp-content\/uploads\/2022\/11\/fish-slicer-machine-300x267.webp 300w\" sizes=\"auto, (max-width: 720px) 100vw, 720px\" \/><figcaption class=\"wp-element-caption\">m\u00e1quina de fatiar peixe<\/figcaption><\/figure> <\/div>   <h2 class=\"wp-block-heading\">V\u00eddeo de funcionamento da m\u00e1quina cortadora de peixe<\/h2>    <figure class=\"wp-block-embed is-type-video is-provider-youtube wp-block-embed-youtube wp-embed-aspect-16-9 wp-has-aspect-ratio\"><div class=\"wp-block-embed__wrapper\"> <iframe loading=\"lazy\" title=\"Melhor m\u00e1quina de fatiar peixe | M\u00e1quina de fil\u00e9 de peixe \u00e0 venda | M\u00e1quina de corte de peixe #shorts\" width=\"500\" height=\"281\" src=\"https:\/\/www.youtube.com\/embed\/sXfbZ0-f8vc?feature=oembed\" frameborder=\"0\" allow=\"accelerometer; autoplay; clipboard-write; encrypted-media; gyroscope; picture-in-picture; web-share\" referrerpolicy=\"strict-origin-when-cross-origin\" allowfullscreen><\/iframe> <\/div><\/figure>    <h2 class=\"wp-block-heading\">Qual \u00e9 o princ\u00edpio de funcionamento da m\u00e1quina de fil\u00e9 de peixe?<\/h2>    <p class=\"wp-block-paragraph\">A m\u00e1quina comercial de fil\u00e9 de peixe simula o princ\u00edpio do fatiamento manual e aciona o dispositivo de alimenta\u00e7\u00e3o e o conjunto de corte sob a a\u00e7\u00e3o do motor e da caixa de engrenagens. O grupo de cortadores consiste em 50-80 facas dispostas uniformemente. Depois de colocar o peixe na m\u00e1quina, pressione o bot\u00e3o de subida e o dispositivo de alimenta\u00e7\u00e3o se mover\u00e1 em dire\u00e7\u00e3o \u00e0 l\u00e2mina. O peixe ser\u00e1 ent\u00e3o cortado transversalmente com uma l\u00e2mina de barbear. Esta \u00e9 a raz\u00e3o pela qual a m\u00e1quina de fil\u00e9 de peixe totalmente autom\u00e1tica corta a carne do peixe em fatias obliquamente.<\/p>   <div class=\"wp-block-image\"> <figure class=\"aligncenter size-full\"><img loading=\"lazy\" decoding=\"async\" width=\"720\" height=\"540\" src=\"https:\/\/meat-machine.com\/wp-content\/uploads\/2022\/11\/fillets-of-different-thicknesses.webp\" alt=\"filetes de diferentes espessuras\" class=\"wp-image-219\" title=\"\" srcset=\"https:\/\/meat-machine.com\/wp-content\/uploads\/2022\/11\/fillets-of-different-thicknesses.webp 720w, https:\/\/meat-machine.com\/wp-content\/uploads\/2022\/11\/fillets-of-different-thicknesses-300x225.webp 300w\" sizes=\"auto, (max-width: 720px) 100vw, 720px\" \/><figcaption class=\"wp-element-caption\">filetes de diferentes espessuras<\/figcaption><\/figure> <\/div>   <h2 class=\"wp-block-heading\">Par\u00e2metro t\u00e9cnico<\/h2>    <figure class=\"wp-block-table\"><table><tbody><tr><td>Nome<\/td><td>M\u00e1quina de fatiar peixe<\/td><\/tr><tr><td>Tamanho (mm)<\/td><td>1030*700*850<\/td><\/tr><tr><td>Tens\u00e3o (v)<\/td><td>220<\/td><\/tr><tr><td>Pot\u00eancia (kW)<\/td><td>1.62<\/td><\/tr><tr><td>Peso (kg)<\/td><td>160<\/td><\/tr><tr><td>Capacidade (kg\/h)<\/td><td>200kg\/h<\/td><\/tr><\/tbody><\/table><\/figure>    <p class=\"wp-block-paragraph translation-block\">Os par\u00e2metros t\u00e9cnicos acima s\u00e3o apenas de uma das nossas m\u00e1quinas de fatiar peixe. Na Taizy Meat Machinery, temos uma variedade de m\u00e1quinas de fatiar peixe para os clientes escolherem. A espessura das fatias de peixe pode ser cortada de 1 mm a 40 mm. Se os clientes tiverem outros requisitos de espessura, tamb\u00e9m podemos fornecer servi\u00e7os personalizados. Al\u00e9m disso, a nossa empresa tamb\u00e9m tem uma <a href=\"https:\/\/meat-machine.com\/pt\/produto\/maquina-de-desossar-peixe\/\">m\u00e1quina de desossar peixe<\/a> para remover espinhas de peixe.<\/p>    <h2 class=\"wp-block-heading\">Vantagens da m\u00e1quina de fatiar peixe<\/h2>    <ol class=\"wp-block-list\"> <li>F\u00e1cil de mover. Existem rolos na parte inferior da m\u00e1quina autom\u00e1tica de fatiar peixe fresco para facilitar a movimenta\u00e7\u00e3o.<\/li>    <li>Consolida\u00e7\u00e3o e alta efici\u00eancia. A m\u00e1quina pode processar peixes comest\u00edveis comuns e a efici\u00eancia equivale a 20 pessoas. Al\u00e9m disso, a m\u00e1quina n\u00e3o danificar\u00e1 o peixe e o peixe fatiado manter\u00e1 a sua forma original.<\/li>    <li>A espessura do fil\u00e9 de peixe \u00e9 ajust\u00e1vel. Esta m\u00e1quina pode ajustar a espessura da fatia, a velocidade da fatia e o \u00e2ngulo da fatia. A velocidade de movimento do cortador pode ser ajustada de 64 a 280 vezes por minuto.<\/li>    <li>O peixe fatiado tem espessura uniforme.<\/li>    <li>O fatiador \u00e9 feito de a\u00e7o inoxid\u00e1vel de qualidade alimentar. Tem as caracter\u00edsticas de n\u00e3o ser f\u00e1cil de descartar esc\u00f3ria e ser higi\u00eanico.<\/li>    <li>F\u00e1cil de limpar. A m\u00e1quina de fatiar peixe tem uma estrutura simples, por isso \u00e9 f\u00e1cil de limpar.<\/li> <\/ol>   <div class=\"wp-block-image\"> <figure class=\"aligncenter size-full\"><img loading=\"lazy\" decoding=\"async\" width=\"720\" height=\"540\" src=\"https:\/\/meat-machine.com\/wp-content\/uploads\/2022\/11\/slicing-effect-of-the-fish-filleter-machine.webp\" alt=\"efeito de corte da m\u00e1quina de fil\u00e9 de peixe\" class=\"wp-image-224\" title=\"\" srcset=\"https:\/\/meat-machine.com\/wp-content\/uploads\/2022\/11\/slicing-effect-of-the-fish-filleter-machine.webp 720w, https:\/\/meat-machine.com\/wp-content\/uploads\/2022\/11\/slicing-effect-of-the-fish-filleter-machine-300x225.webp 300w\" sizes=\"auto, (max-width: 720px) 100vw, 720px\" \/><figcaption class=\"wp-element-caption\">efeito de corte da m\u00e1quina de fil\u00e9 de peixe<\/figcaption><\/figure> <\/div>   <h2 class=\"wp-block-heading\">Escopo de aplica\u00e7\u00e3o da m\u00e1quina cortadora de peixe<\/h2>    <p class=\"wp-block-paragraph translation-block\">A m\u00e1quina de filetar peixe pode filetar uma grande variedade de peixes frescos, secos e micro-congelados, como salm\u00e3o, carpa-da-china, peixe-cobra, cavala, carpa, salm\u00e3o, <a href=\"https:\/\/en.wikipedia.org\/wiki\/Guppy\" target=\"_blank\" rel=\"noopener\">guppy<\/a>, til\u00e1pia, robalo, barramundi, etc. A m\u00e1quina tamb\u00e9m \u00e9 adequada para fatiar toucinho, toucinho de vaca, f\u00edgado de porco, f\u00edgado de vaca, lula e outros ingredientes de carne macia. \u00c9 adequada para hot\u00e9is, restaurantes, processamento de produtos aqu\u00e1ticos e outras ind\u00fastrias de restaura\u00e7\u00e3o. Ao mesmo tempo, a m\u00e1quina de fatiar peixe \u00e9 tamb\u00e9m comumente usada em restaurantes de hot pot, peixe em conserva, lojas de peixe cozido, cantinas, hot\u00e9is e outros tipos de empresas de restaura\u00e7\u00e3o.<\/p>   <div class=\"wp-block-image\"> <figure class=\"aligncenter size-full\"><img loading=\"lazy\" decoding=\"async\" width=\"750\" height=\"470\" src=\"https:\/\/meat-machine.com\/wp-content\/uploads\/2022\/11\/product-application.webp\" alt=\"aplica\u00e7\u00e3o do produto\" class=\"wp-image-223\" title=\"\" srcset=\"https:\/\/meat-machine.com\/wp-content\/uploads\/2022\/11\/product-application.webp 750w, https:\/\/meat-machine.com\/wp-content\/uploads\/2022\/11\/product-application-300x188.webp 300w\" sizes=\"auto, (max-width: 750px) 100vw, 750px\" \/><figcaption class=\"wp-element-caption\">aplica\u00e7\u00e3o do produto<\/figcaption><\/figure> <\/div>   <h2 class=\"wp-block-heading\">Como limpar a m\u00e1quina de filetagem de peixe?<\/h2>    <p class=\"wp-block-paragraph\">A m\u00e1quina deve ser limpa ap\u00f3s cada utiliza\u00e7\u00e3o. As \u00e1reas que precisam ser limpas s\u00e3o a bandeja de peixes e a fenda da l\u00e2mina. Na hora da limpeza, basta enxaguar as fendas e a superf\u00edcie da placa e das l\u00e2minas com \u00e1gua. Mas tome cuidado para n\u00e3o usar objetos duros para bater na m\u00e1quina de fil\u00e9 de peixe, para n\u00e3o danificar as pe\u00e7as da m\u00e1quina. Ao usar a m\u00e1quina, voc\u00ea precisa preencher regularmente o orif\u00edcio de enchimento de \u00f3leo rotulado com a palavra \u201c\u00f3leo\u201d para que a m\u00e1quina tenha lubrifica\u00e7\u00e3o suficiente. A superf\u00edcie do porta-faca do cortador de peixe e da m\u00e1quina pode ser limpa com \u00f3leo de cozinha dilu\u00eddo. Se a m\u00e1quina cortadora de peixe n\u00e3o for usada por um longo per\u00edodo, ela dever\u00e1 ser coberta com um pano ap\u00f3s a limpeza para facilitar o pr\u00f3ximo uso.<\/p>","protected":false},"excerpt":{"rendered":"<p>Fish slicer machine is a common fish processing machine in Taizy meat machinery. This machine can imitate the way of artificial slicing to cut the whole piece of fish into slices with uniform thickness. The thickness of the fish slice can be adjusted. The thickness of the fillets can vary from 1mm to 40mm. We [&hellip;]<\/p>\n","protected":false},"author":1,"featured_media":220,"parent":0,"template":"","tags":[20],"product-type":[25],"class_list":["post-217","product","type-product","status-publish","has-post-thumbnail","hentry","tag-fish-slicer-machine","product-type-fish-processing-machine"],"_links":{"self":[{"href":"https:\/\/meat-machine.com\/pt\/wp-json\/wp\/v2\/product\/217","targetHints":{"allow":["GET"]}}],"collection":[{"href":"https:\/\/meat-machine.com\/pt\/wp-json\/wp\/v2\/product"}],"about":[{"href":"https:\/\/meat-machine.com\/pt\/wp-json\/wp\/v2\/types\/product"}],"author":[{"embeddable":true,"href":"https:\/\/meat-machine.com\/pt\/wp-json\/wp\/v2\/users\/1"}],"wp:featuredmedia":[{"embeddable":true,"href":"https:\/\/meat-machine.com\/pt\/wp-json\/wp\/v2\/media\/220"}],"wp:attachment":[{"href":"https:\/\/meat-machine.com\/pt\/wp-json\/wp\/v2\/media?parent=217"}],"wp:term":[{"taxonomy":"post_tag","embeddable":true,"href":"https:\/\/meat-machine.com\/pt\/wp-json\/wp\/v2\/tags?post=217"},{"taxonomy":"product-type","embeddable":true,"href":"https:\/\/meat-machine.com\/pt\/wp-json\/wp\/v2\/product-type?post=217"}],"curies":[{"name":"wp","href":"https:\/\/api.w.org\/{rel}","templated":true}]}}