{"id":1231,"date":"2026-04-27T16:09:49","date_gmt":"2026-04-27T08:09:49","guid":{"rendered":"https:\/\/meat-machine.com\/?post_type=product&#038;p=1231"},"modified":"2026-04-27T16:20:06","modified_gmt":"2026-04-27T08:20:06","slug":"meat-mixing-machine","status":"publish","type":"product","link":"https:\/\/meat-machine.com\/pt\/product\/meat-mixing-machine\/","title":{"rendered":"M\u00e1quina misturadora de carne"},"content":{"rendered":"<div class=\"kk-star-ratings kksr-auto kksr-align-left kksr-valign-top\"     data-payload='{&quot;align&quot;:&quot;left&quot;,&quot;id&quot;:&quot;1231&quot;,&quot;slug&quot;:&quot;default&quot;,&quot;valign&quot;:&quot;top&quot;,&quot;ignore&quot;:&quot;&quot;,&quot;reference&quot;:&quot;auto&quot;,&quot;class&quot;:&quot;&quot;,&quot;count&quot;:&quot;30&quot;,&quot;legendonly&quot;:&quot;&quot;,&quot;readonly&quot;:&quot;&quot;,&quot;score&quot;:&quot;4.5&quot;,&quot;starsonly&quot;:&quot;&quot;,&quot;best&quot;:&quot;5&quot;,&quot;gap&quot;:&quot;5&quot;,&quot;greet&quot;:&quot;Rate this product&quot;,&quot;legend&quot;:&quot;4.5\\\/5 - (30 votes)&quot;,&quot;size&quot;:&quot;24&quot;,&quot;title&quot;:&quot;Meat mixing machine&quot;,&quot;width&quot;:&quot;128&quot;,&quot;_legend&quot;:&quot;{score}\\\/{best} - ({count} {votes})&quot;,&quot;font_factor&quot;:&quot;1.25&quot;}'>              <div class=\"kksr-stars\">      <div class=\"kksr-stars-inactive\">             <div class=\"kksr-star\" data-star=\"1\" style=\"padding-right: 5px\">               <div class=\"kksr-icon\" style=\"width: 24px; height: 24px;\"><\/div>         <\/div>             <div class=\"kksr-star\" data-star=\"2\" style=\"padding-right: 5px\">               <div class=\"kksr-icon\" style=\"width: 24px; height: 24px;\"><\/div>         <\/div>             <div class=\"kksr-star\" data-star=\"3\" style=\"padding-right: 5px\">               <div class=\"kksr-icon\" style=\"width: 24px; height: 24px;\"><\/div>         <\/div>             <div class=\"kksr-star\" data-star=\"4\" style=\"padding-right: 5px\">               <div class=\"kksr-icon\" style=\"width: 24px; height: 24px;\"><\/div>         <\/div>             <div class=\"kksr-star\" data-star=\"5\" style=\"padding-right: 5px\">               <div class=\"kksr-icon\" style=\"width: 24px; height: 24px;\"><\/div>         <\/div>     <\/div>      <div class=\"kksr-stars-active\" style=\"width: 128px;\">             <div class=\"kksr-star\" style=\"padding-right: 5px\">               <div class=\"kksr-icon\" style=\"width: 24px; height: 24px;\"><\/div>         <\/div>             <div class=\"kksr-star\" style=\"padding-right: 5px\">               <div class=\"kksr-icon\" style=\"width: 24px; height: 24px;\"><\/div>         <\/div>             <div class=\"kksr-star\" style=\"padding-right: 5px\">               <div class=\"kksr-icon\" style=\"width: 24px; height: 24px;\"><\/div>         <\/div>             <div class=\"kksr-star\" style=\"padding-right: 5px\">               <div class=\"kksr-icon\" style=\"width: 24px; height: 24px;\"><\/div>         <\/div>             <div class=\"kksr-star\" style=\"padding-right: 5px\">               <div class=\"kksr-icon\" style=\"width: 24px; height: 24px;\"><\/div>         <\/div>     <\/div> <\/div>                   <div class=\"kksr-legend\" style=\"font-size: 19.2px;\">             4,5\/5 - (30 votos)    <\/div>     <\/div>  <p class=\"wp-block-paragraph translation-block\">A <strong>M\u00e1quina de Mistura de Carne<\/strong> \u00e9 uma m\u00e1quina pr\u00e1tica de processamento de alimentos para misturar carne mo\u00edda e ingredientes finamente picados de forma uniforme e eficiente. \u00c9 amplamente utilizada em f\u00e1bricas de carne, restaurantes, f\u00e1bricas de salsichas e linhas de produ\u00e7\u00e3o de alimentos congelados. Com uma <strong>faixa de capacidade de 15-90kg por lote<\/strong>, pode atender \u00e0s necessidades de produ\u00e7\u00e3o de pequenos workshops assim como opera\u00e7\u00f5es comerciais de m\u00e9dio porte.<\/p>    <p class=\"wp-block-paragraph\">Equipado com p\u00e1s de mistura potentes e estrutura de a\u00e7o inoxid\u00e1vel, a m\u00e1quina pode misturar rapidamente carne com temperos, amido, molhos e outros aditivos, garantindo melhor textura, absor\u00e7\u00e3o de sabor e consist\u00eancia do produto. \u00c9 f\u00e1cil de operar, higi\u00eanico e adequado para uso comercial cont\u00ednuo.<\/p>    <p class=\"wp-block-paragraph\">Esta m\u00e1quina \u00e9 usada principalmente para processar carne de porco, vaca, frango, peixe, cordeiro e outras carnes mo\u00eddas finamente. \u00c9 ideal para fazer salsichas, alm\u00f4ndegas, hamb\u00fargueres, recheios de bolinhos, tortas de carne e v\u00e1rios produtos de carne preparados. Ao melhorar a efici\u00eancia da mistura e reduzir o trabalho manual, a m\u00e1quina de mistura de carne ajuda as empresas a aumentar a capacidade de produ\u00e7\u00e3o enquanto mant\u00e9m a qualidade do produto est\u00e1vel.<\/p>    <figure class=\"wp-block-embed is-type-video is-provider-youtube wp-block-embed-youtube wp-embed-aspect-9-16 wp-has-aspect-ratio\"><div class=\"wp-block-embed__wrapper\"> <iframe loading=\"lazy\" title=\"M\u00e1quina de mistura de carne \u00e0 venda | Equipamento de mistura de carne de alta efici\u00eancia #carne #mistura #processamentoalimentar\" width=\"422\" height=\"750\" src=\"https:\/\/www.youtube.com\/embed\/2ciKKQqU20M?feature=oembed\" frameborder=\"0\" allow=\"accelerometer; autoplay; clipboard-write; encrypted-media; gyroscope; picture-in-picture; web-share\" referrerpolicy=\"strict-origin-when-cross-origin\" allowfullscreen><\/iframe> <\/div><figcaption class=\"wp-element-caption\">V\u00eddeo de funcionamento da m\u00e1quina de mistura de carne<\/figcaption><\/figure>    <h2 class=\"wp-block-heading\">Como funciona a m\u00e1quina de mistura de tigela de carne?<\/h2>    <p class=\"wp-block-paragraph translation-block\">A <strong>m\u00e1quina de mistura de carne<\/strong> pode combinar carne mo\u00edda com v\u00e1rios ingredientes atrav\u00e9s de um processo controlado de tombamento e agita\u00e7\u00e3o dentro de uma tigela de mistura. Quando a m\u00e1quina opera, as l\u00e2minas internas de mistura giram e levantam o material repetidamente, permitindo que a carne e os aditivos sejam totalmente dobrados, pressionados e misturados de diferentes \u00e2ngulos. Este movimento cont\u00ednuo garante uma distribui\u00e7\u00e3o mais uniforme de gordura, tempero e umidade por toda a mistura.<\/p>    <p class=\"wp-block-paragraph translation-block\">\u00c9 comumente usado ap\u00f3s a moagem de carne, preparando mat\u00e9rias-primas para produtos como <a href=\"https:\/\/meat-machine.com\/pt\/produto\/linha-de-processamento-de-salsicha\/\" data-type=\"link\" data-id=\"https:\/\/meat-machine.com\/product\/sausage-processing-line\/\">salsichas<\/a>, recheios de carne, <a href=\"https:\/\/meat-machine.com\/pt\/produto\/meat-patty-making-machine-production-line\/\" data-type=\"link\" data-id=\"https:\/\/meat-machine.com\/product\/meat-patty-making-machine-production-line\/\">patties<\/a>, e alimentos congelados processados. O resultado \u00e9 uma mistura de carne mais est\u00e1vel, el\u00e1stica e consistente, que melhora tanto a efici\u00eancia do processamento quanto a qualidade final do produto.<\/p>    <figure class=\"wp-block-gallery has-nested-images columns-default is-cropped wp-block-gallery-2 is-layout-flex wp-block-gallery-is-layout-flex\"> <figure class=\"wp-block-image size-full\"><img loading=\"lazy\" decoding=\"async\" width=\"720\" height=\"540\" data-id=\"1244\" src=\"https:\/\/meat-machine.com\/wp-content\/uploads\/2026\/04\/commercial-meat-mixer-1.webp\" alt=\"misturador de carne comercial\" class=\"wp-image-1244\" title=\"\" srcset=\"https:\/\/meat-machine.com\/wp-content\/uploads\/2026\/04\/commercial-meat-mixer-1.webp 720w, https:\/\/meat-machine.com\/wp-content\/uploads\/2026\/04\/commercial-meat-mixer-1-300x225.webp 300w, https:\/\/meat-machine.com\/wp-content\/uploads\/2026\/04\/commercial-meat-mixer-1-16x12.webp 16w\" sizes=\"auto, (max-width: 720px) 100vw, 720px\" \/><figcaption class=\"wp-element-caption\">Misturador de Carne Comercial<\/figcaption><\/figure>    <figure class=\"wp-block-image size-large\"><img loading=\"lazy\" decoding=\"async\" width=\"720\" height=\"540\" data-id=\"1238\" src=\"https:\/\/meat-machine.com\/wp-content\/uploads\/2026\/04\/meat-1.webp\" alt=\"carne\" class=\"wp-image-1238\" title=\"\" srcset=\"https:\/\/meat-machine.com\/wp-content\/uploads\/2026\/04\/meat-1.webp 720w, https:\/\/meat-machine.com\/wp-content\/uploads\/2026\/04\/meat-1-300x225.webp 300w, https:\/\/meat-machine.com\/wp-content\/uploads\/2026\/04\/meat-1-16x12.webp 16w\" sizes=\"auto, (max-width: 720px) 100vw, 720px\" \/><figcaption class=\"wp-element-caption\">Carne<\/figcaption><\/figure> <\/figure>    <h2 class=\"wp-block-heading\">Vantagens da m\u00e1quina de mistura de carne<\/h2>    <div class=\"wp-block-media-text is-stacked-on-mobile\"><figure class=\"wp-block-media-text__media\"><img loading=\"lazy\" decoding=\"async\" width=\"540\" height=\"720\" src=\"https:\/\/meat-machine.com\/wp-content\/uploads\/2026\/04\/Meat-mixing-machine-for-sale.webp\" alt=\"M\u00e1quina de mistura de carne \u00e0 venda\" class=\"wp-image-1241 size-full\" title=\"\" srcset=\"https:\/\/meat-machine.com\/wp-content\/uploads\/2026\/04\/Meat-mixing-machine-for-sale.webp 540w, https:\/\/meat-machine.com\/wp-content\/uploads\/2026\/04\/Meat-mixing-machine-for-sale-225x300.webp 225w, https:\/\/meat-machine.com\/wp-content\/uploads\/2026\/04\/Meat-mixing-machine-for-sale-9x12.webp 9w\" sizes=\"auto, (max-width: 540px) 100vw, 540px\" \/><\/figure><div class=\"wp-block-media-text__content\"> <ul class=\"wp-block-list\"> <li>Alcan\u00e7a mistura uniforme e homog\u00eanea de carne, gordura, temperos e materiais auxiliares sem aglomerados desiguais. <\/li>    <li>Melhora significativamente a efici\u00eancia de produ\u00e7\u00e3o e reduz o trabalho manual de mistura e o custo de tempo. <\/li>    <li>Estrutura de mistura suave mant\u00e9m as fibras de carne intactas, preservando a textura e o sabor originais. <\/li>    <li>Equipado com corpo de a\u00e7o inoxid\u00e1vel de grau aliment\u00edcio, resistente \u00e0 corros\u00e3o, f\u00e1cil de limpar e atende aos padr\u00f5es de higiene alimentar. <\/li> <\/ul> <\/div><\/div>    <div class=\"wp-block-media-text has-media-on-the-right is-stacked-on-mobile\"><div class=\"wp-block-media-text__content\"> <ul class=\"wp-block-list\"> <li>Opera\u00e7\u00e3o est\u00e1vel com velocidade de mistura ajust\u00e1vel e tempo, adequado para diferentes f\u00f3rmulas de produtos de carne. <\/li>    <li>Desempenho de mistura potente realiza uma infiltra\u00e7\u00e3o completa do material, aprimorando a consist\u00eancia do sabor do produto. <\/li>    <li>Baixo consumo de energia e baixo ru\u00eddo, adequado para opera\u00e7\u00e3o comercial cont\u00ednua de longo prazo. <\/li>    <li>Estrutura compacta e razo\u00e1vel, f\u00e1cil de mover e instalar, economizando espa\u00e7o na oficina. <\/li>    <li>Ampliamente aplic\u00e1vel para alm\u00f4ndegas, salsichas, recheios de bolinhos e v\u00e1rias produ\u00e7\u00f5es de carne processada.<\/li> <\/ul> <\/div><figure class=\"wp-block-media-text__media\"><img loading=\"lazy\" decoding=\"async\" width=\"540\" height=\"720\" src=\"https:\/\/meat-machine.com\/wp-content\/uploads\/2026\/04\/meat-bowl-mixer.webp\" alt=\"Misturador de tigela de carne\" class=\"wp-image-1240 size-full\" title=\"\" srcset=\"https:\/\/meat-machine.com\/wp-content\/uploads\/2026\/04\/meat-bowl-mixer.webp 540w, https:\/\/meat-machine.com\/wp-content\/uploads\/2026\/04\/meat-bowl-mixer-225x300.webp 225w, https:\/\/meat-machine.com\/wp-content\/uploads\/2026\/04\/meat-bowl-mixer-9x12.webp 9w\" sizes=\"auto, (max-width: 540px) 100vw, 540px\" \/><\/figure><\/div>    <h2 class=\"wp-block-heading\">Par\u00e2metros do misturador de carne<\/h2>    <figure class=\"wp-block-table\"><table class=\"has-fixed-layout\"><thead><tr><th>Modelo<\/th><th>ZB20<\/th><th>ZB40<\/th><th>ZB80<\/th><th>ZB125<\/th><\/tr><\/thead><tbody><tr><td>Capacidade (kg\/lote)<\/td><td>15<\/td><td>30<\/td><td>60<\/td><td>90<\/td><\/tr><tr><td>Pot\u00eancia (kW)<\/td><td>4.1<\/td><td>5.5<\/td><td>14<\/td><td>13.98<\/td><\/tr><tr><td>Quantidade de facas<\/td><td>3 (di\u00e2metro da tigela 550mm)<\/td><td>3 (di\u00e2metro da tigela 760mm, profundidade 117mm)<\/td><td>6 (di\u00e2metro da tigela 960mm, profundidade 160mm)<\/td><td>6<\/td><\/tr><tr><td>Velocidade da faca (rpm)<\/td><td>1480 \/ 2960<\/td><td>1480 \/ 2960<\/td><td>1480 \/ 2960<\/td><td>1480 \/ 2960<\/td><\/tr><tr><td>Velocidade da tigela (rpm)<\/td><td>9<\/td><td>7<\/td><td>7 \/ 16<\/td><td>7 \/ 16<\/td><\/tr><tr><td>Tamanho da m\u00e1quina (mm)<\/td><td>780\u00d7600\u00d7850<\/td><td>1110\u00d7880\u00d71080<\/td><td>1820\u00d71380\u00d71260<\/td><td>2150\u00d71200\u00d71350<\/td><\/tr><tr><td>Peso total (kg)<\/td><td>200<\/td><td>385<\/td><td>720<\/td><td>980<\/td><\/tr><tr><td>Tipo de transmiss\u00e3o<\/td><td>Velocidade dupla (espessura da tigela 6mm)<\/td><td>Velocidade dupla<\/td><td>Velocidade dupla<\/td><td>Velocidade dupla<\/td><\/tr><\/tbody><\/table><figcaption class=\"wp-element-caption\">par\u00e2metros da m\u00e1quina de corte de carne<\/figcaption><\/figure>    <figure class=\"wp-block-image size-full\"><img loading=\"lazy\" decoding=\"async\" width=\"720\" height=\"540\" src=\"https:\/\/meat-machine.com\/wp-content\/uploads\/2026\/04\/effective-meat-mixing-machine-1.webp\" alt=\"m\u00e1quina de mistura de carne eficaz\" class=\"wp-image-1245\" title=\"\" srcset=\"https:\/\/meat-machine.com\/wp-content\/uploads\/2026\/04\/effective-meat-mixing-machine-1.webp 720w, https:\/\/meat-machine.com\/wp-content\/uploads\/2026\/04\/effective-meat-mixing-machine-1-300x225.webp 300w, https:\/\/meat-machine.com\/wp-content\/uploads\/2026\/04\/effective-meat-mixing-machine-1-16x12.webp 16w\" sizes=\"auto, (max-width: 720px) 100vw, 720px\" \/><figcaption class=\"wp-element-caption\">M\u00e1quina de Mistura de Carne eficaz<\/figcaption><\/figure>    <h2 class=\"wp-block-heading\">Misturador de carne industrial exportado<\/h2>    <p class=\"wp-block-paragraph translation-block\">Uma f\u00e1brica de processamento de carne na <strong>S\u00e9rvia<\/strong> comprou nossa misturadora industrial de carne. Anteriormente, eles dependiam de equipamentos pequenos manuais e desatualizados, com baixa efici\u00eancia, mistura desigual de ingredientes e altos custos de m\u00e3o de obra. Ap\u00f3s usar nossa misturadora de carne exportada, os materiais s\u00e3o misturados de forma uniforme em pouco tempo, garantindo sabor e qualidade consistentes do produto. <\/p>    <p class=\"wp-block-paragraph\">A estrutura de a\u00e7o inoxid\u00e1vel de grau aliment\u00edcio \u00e9 f\u00e1cil de limpar e atende aos padr\u00f5es de seguran\u00e7a alimentar. Reduz efetivamente a entrada de trabalho, aumenta a capacidade de produ\u00e7\u00e3o di\u00e1ria e traz maiores benef\u00edcios econ\u00f4micos. O cliente elogia o desempenho est\u00e1vel da m\u00e1quina e seu valor econ\u00f4mico.<\/p>    <figure class=\"wp-block-gallery has-nested-images columns-default is-cropped wp-block-gallery-3 is-layout-flex wp-block-gallery-is-layout-flex\"> <figure class=\"wp-block-image size-large\"><img loading=\"lazy\" decoding=\"async\" width=\"540\" height=\"720\" data-id=\"1242\" src=\"https:\/\/meat-machine.com\/wp-content\/uploads\/2026\/04\/meat-mixing-machine-price.webp\" alt=\"pre\u00e7o da m\u00e1quina de mistura de carne\" class=\"wp-image-1242\" title=\"\" srcset=\"https:\/\/meat-machine.com\/wp-content\/uploads\/2026\/04\/meat-mixing-machine-price.webp 540w, https:\/\/meat-machine.com\/wp-content\/uploads\/2026\/04\/meat-mixing-machine-price-225x300.webp 225w, https:\/\/meat-machine.com\/wp-content\/uploads\/2026\/04\/meat-mixing-machine-price-9x12.webp 9w\" sizes=\"auto, (max-width: 540px) 100vw, 540px\" \/><figcaption class=\"wp-element-caption\">Pre\u00e7o da M\u00e1quina de Mistura de Carne<\/figcaption><\/figure>    <figure class=\"wp-block-image size-large\"><img loading=\"lazy\" decoding=\"async\" width=\"720\" height=\"540\" data-id=\"1243\" src=\"https:\/\/meat-machine.com\/wp-content\/uploads\/2026\/04\/produced-meat.webp\" alt=\"carne produzida\" class=\"wp-image-1243\" title=\"\" srcset=\"https:\/\/meat-machine.com\/wp-content\/uploads\/2026\/04\/produced-meat.webp 720w, https:\/\/meat-machine.com\/wp-content\/uploads\/2026\/04\/produced-meat-300x225.webp 300w, https:\/\/meat-machine.com\/wp-content\/uploads\/2026\/04\/produced-meat-16x12.webp 16w\" sizes=\"auto, (max-width: 720px) 100vw, 720px\" \/><figcaption class=\"wp-element-caption\">Carne produzida<\/figcaption><\/figure> <\/figure>    <h2 class=\"wp-block-heading\">Conclus\u00e3o<\/h2>    <p class=\"wp-block-paragraph\">Ideal para pequenas f\u00e1bricas e grandes plantas de processamento de carne, nossa m\u00e1quina de mistura de carne apresenta desempenho est\u00e1vel, mistura uniforme, f\u00e1cil de limpar e opera\u00e7\u00e3o de economia de energia. Ajuda a melhorar a efici\u00eancia de produ\u00e7\u00e3o, estabilizar a qualidade do produto e reduzir custos operacionais. <\/p>    <p class=\"wp-block-paragraph\">Quer precise de modelos padr\u00e3o ou solu\u00e7\u00f5es personalizadas, podemos atender \u00e0s suas demandas. Bem-vindo a enviar-nos sua consulta para par\u00e2metros detalhados, or\u00e7amentos e solu\u00e7\u00f5es de f\u00e1brica.<\/p>","protected":false},"excerpt":{"rendered":"<p>A M\u00e1quina de Mistura de Carne \u00e9 uma m\u00e1quina pr\u00e1tica de processamento de alimentos para misturar carne mo\u00edda e ingredientes finamente picados de forma uniforme e eficiente.<\/p>","protected":false},"author":1,"featured_media":1236,"parent":0,"template":"","tags":[83],"product-type":[2],"class_list":["post-1231","product","type-product","status-publish","has-post-thumbnail","hentry","tag-meat-mixing-machine","product-type-meat-cutting-machine"],"_links":{"self":[{"href":"https:\/\/meat-machine.com\/pt\/wp-json\/wp\/v2\/product\/1231","targetHints":{"allow":["GET"]}}],"collection":[{"href":"https:\/\/meat-machine.com\/pt\/wp-json\/wp\/v2\/product"}],"about":[{"href":"https:\/\/meat-machine.com\/pt\/wp-json\/wp\/v2\/types\/product"}],"author":[{"embeddable":true,"href":"https:\/\/meat-machine.com\/pt\/wp-json\/wp\/v2\/users\/1"}],"wp:featuredmedia":[{"embeddable":true,"href":"https:\/\/meat-machine.com\/pt\/wp-json\/wp\/v2\/media\/1236"}],"wp:attachment":[{"href":"https:\/\/meat-machine.com\/pt\/wp-json\/wp\/v2\/media?parent=1231"}],"wp:term":[{"taxonomy":"post_tag","embeddable":true,"href":"https:\/\/meat-machine.com\/pt\/wp-json\/wp\/v2\/tags?post=1231"},{"taxonomy":"product-type","embeddable":true,"href":"https:\/\/meat-machine.com\/pt\/wp-json\/wp\/v2\/product-type?post=1231"}],"curies":[{"name":"wp","href":"https:\/\/api.w.org\/{rel}","templated":true}]}}