{"id":1209,"date":"2026-04-02T16:12:36","date_gmt":"2026-04-02T08:12:36","guid":{"rendered":"https:\/\/meat-machine.com\/?post_type=product&#038;p=1209"},"modified":"2026-04-02T17:04:48","modified_gmt":"2026-04-02T09:04:48","slug":"frozen-meat-crusher-machine","status":"publish","type":"product","link":"https:\/\/meat-machine.com\/pt\/product\/frozen-meat-crusher-machine\/","title":{"rendered":"M\u00e1quina de moer carne congelada"},"content":{"rendered":"<div class=\"kk-star-ratings kksr-auto kksr-align-left kksr-valign-top\"     data-payload='{&quot;align&quot;:&quot;left&quot;,&quot;id&quot;:&quot;1209&quot;,&quot;slug&quot;:&quot;default&quot;,&quot;valign&quot;:&quot;top&quot;,&quot;ignore&quot;:&quot;&quot;,&quot;reference&quot;:&quot;auto&quot;,&quot;class&quot;:&quot;&quot;,&quot;count&quot;:&quot;0&quot;,&quot;legendonly&quot;:&quot;&quot;,&quot;readonly&quot;:&quot;&quot;,&quot;score&quot;:&quot;0&quot;,&quot;starsonly&quot;:&quot;&quot;,&quot;best&quot;:&quot;5&quot;,&quot;gap&quot;:&quot;5&quot;,&quot;greet&quot;:&quot;Rate this product&quot;,&quot;legend&quot;:&quot;0\\\/5 - (0 votes)&quot;,&quot;size&quot;:&quot;24&quot;,&quot;title&quot;:&quot;Frozen meat crusher machine&quot;,&quot;width&quot;:&quot;0&quot;,&quot;_legend&quot;:&quot;{score}\\\/{best} - ({count} {votes})&quot;,&quot;font_factor&quot;:&quot;1.25&quot;}'>              <div class=\"kksr-stars\">      <div class=\"kksr-stars-inactive\">             <div class=\"kksr-star\" data-star=\"1\" style=\"padding-right: 5px\">               <div class=\"kksr-icon\" style=\"width: 24px; height: 24px;\"><\/div>         <\/div>             <div class=\"kksr-star\" data-star=\"2\" style=\"padding-right: 5px\">               <div class=\"kksr-icon\" style=\"width: 24px; height: 24px;\"><\/div>         <\/div>             <div class=\"kksr-star\" data-star=\"3\" style=\"padding-right: 5px\">               <div class=\"kksr-icon\" style=\"width: 24px; height: 24px;\"><\/div>         <\/div>             <div class=\"kksr-star\" data-star=\"4\" style=\"padding-right: 5px\">               <div class=\"kksr-icon\" style=\"width: 24px; height: 24px;\"><\/div>         <\/div>             <div class=\"kksr-star\" data-star=\"5\" style=\"padding-right: 5px\">               <div class=\"kksr-icon\" style=\"width: 24px; height: 24px;\"><\/div>         <\/div>     <\/div>      <div class=\"kksr-stars-active\" style=\"width: 0px;\">             <div class=\"kksr-star\" style=\"padding-right: 5px\">               <div class=\"kksr-icon\" style=\"width: 24px; height: 24px;\"><\/div>         <\/div>             <div class=\"kksr-star\" style=\"padding-right: 5px\">               <div class=\"kksr-icon\" style=\"width: 24px; height: 24px;\"><\/div>         <\/div>             <div class=\"kksr-star\" style=\"padding-right: 5px\">               <div class=\"kksr-icon\" style=\"width: 24px; height: 24px;\"><\/div>         <\/div>             <div class=\"kksr-star\" style=\"padding-right: 5px\">               <div class=\"kksr-icon\" style=\"width: 24px; height: 24px;\"><\/div>         <\/div>             <div class=\"kksr-star\" style=\"padding-right: 5px\">               <div class=\"kksr-icon\" style=\"width: 24px; height: 24px;\"><\/div>         <\/div>     <\/div> <\/div>                   <div class=\"kksr-legend\" style=\"font-size: 19.2px;\">             <span class=\"kksr-muted\">Avalie este produto<\/span>     <\/div>     <\/div>  <p class=\"wp-block-paragraph translation-block\">A <strong>M\u00e1quina de Tritura\u00e7\u00e3o de Carne Congelada<\/strong> pode processar <strong>carne sem osso congelada a -18\u00b0C a -24\u00b0C<\/strong>, triturando-a ou cortando-a diretamente em blocos ou fatias, com uma capacidade de <strong>3\u20135 toneladas por hora<\/strong>. Pode lidar com grandes blocos de carne congelada de vaca, porco, cordeiro, frango, peixe e outros produtos de carne congelada, desmembrando-os em peda\u00e7os menores adequados para processamento adicional. <\/p>    <p class=\"wp-block-paragraph\">Feito de a\u00e7o inoxid\u00e1vel de grau aliment\u00edcio, a m\u00e1quina garante durabilidade, higiene e f\u00e1cil limpeza. Seus ajustes permitem aos operadores controlar a espessura e o tamanho da carne triturada, tornando-a uma ferramenta vers\u00e1til para diferentes requisitos de processamento de carne.<\/p>    <p class=\"wp-block-paragraph\">Esta m\u00e1quina \u00e9 comumente usada em f\u00e1bricas de processamento de carne, matadouros, f\u00e1bricas de alimentos congelados e restaurantes. \u00c9 perfeita para produzir salsichas, alm\u00f4ndegas, hamb\u00fargueres ou manipular carne congelada em geral, mantendo a qualidade, otimizando opera\u00e7\u00f5es e aumentando a efici\u00eancia geral de produ\u00e7\u00e3o.<\/p>    <figure class=\"wp-block-embed is-type-video is-provider-youtube wp-block-embed-youtube wp-embed-aspect-9-16 wp-has-aspect-ratio\"><div class=\"wp-block-embed__wrapper\"> <iframe loading=\"lazy\" title=\"Industrial Meat Crusher Machine | For Restaurants &amp; Meat Factories #meat #frozen #crusher #crushing\" width=\"422\" height=\"750\" src=\"https:\/\/www.youtube.com\/embed\/ylLOTxtzlt4?feature=oembed\" frameborder=\"0\" allow=\"accelerometer; autoplay; clipboard-write; encrypted-media; gyroscope; picture-in-picture; web-share\" referrerpolicy=\"strict-origin-when-cross-origin\" allowfullscreen><\/iframe> <\/div><figcaption class=\"wp-element-caption\">V\u00eddeo de funcionamento da m\u00e1quina de triturar carne congelada<\/figcaption><\/figure>    <h2 class=\"wp-block-heading\">Por que deve-se cortar a carne enquanto est\u00e1 congelada?<\/h2>    <p class=\"wp-block-paragraph translation-block\">Cortar carne em estado congelado oferece v\u00e1rias vantagens principais para o processamento industrial. Quando a carne est\u00e1 congelada, torna-se mais firme e f\u00e1cil de manusear, permitindo que as m\u00e1quinas a cortem em blocos ou fatias precisas e uniformes sem deforma\u00e7\u00e3o. Isso ajuda a manter a <strong>textura, estrutura e qualidade originais<\/strong> da carne. <\/p>    <p class=\"wp-block-paragraph translation-block\">Al\u00e9m disso, processar carne enquanto est\u00e1 congelada <strong>reduz o crescimento bacteriano<\/strong>, melhora a seguran\u00e7a alimentar e minimiza a perda de umidade relacionada ao descongelamento. <\/p>    <figure class=\"wp-block-image size-full\"><img loading=\"lazy\" decoding=\"async\" width=\"720\" height=\"540\" src=\"https:\/\/meat-machine.com\/wp-content\/uploads\/2026\/04\/meat.webp\" alt=\"carne\" class=\"wp-image-1223\" title=\"\" srcset=\"https:\/\/meat-machine.com\/wp-content\/uploads\/2026\/04\/meat.webp 720w, https:\/\/meat-machine.com\/wp-content\/uploads\/2026\/04\/meat-300x225.webp 300w, https:\/\/meat-machine.com\/wp-content\/uploads\/2026\/04\/meat-16x12.webp 16w\" sizes=\"auto, (max-width: 720px) 100vw, 720px\" \/><figcaption class=\"wp-element-caption\">Carne<\/figcaption><\/figure>    <h2 class=\"wp-block-heading\">Como funciona a m\u00e1quina de corte de carne congelada?<\/h2>    <p class=\"wp-block-paragraph translation-block\">A m\u00e1quina de triturar carne congelada funciona combinando <strong>poder pneum\u00e1tico e tecnologia de corte de alta velocidade<\/strong> para processar eficientemente blocos de carne congelada dura. A press\u00e3o do vapor impulsiona um sistema de cilindros que empurra a carne congelada para a c\u00e2mara de tritura\u00e7\u00e3o de forma constante. <\/p>    <p class=\"wp-block-paragraph\">\u00c0 medida que o material avan\u00e7a, um conjunto de facas rotativas move-se a alta velocidade, aplicando corte cont\u00ednuo e for\u00e7a de impacto para partir a carne em peda\u00e7os menores e uniformes. Este processo sincronizado de alimenta\u00e7\u00e3o e corte garante uma opera\u00e7\u00e3o suave e uma produ\u00e7\u00e3o consistente sem necessidade de descongelamento.<\/p>    <figure class=\"wp-block-image size-full\"><img loading=\"lazy\" decoding=\"async\" width=\"720\" height=\"540\" src=\"https:\/\/meat-machine.com\/wp-content\/uploads\/2026\/04\/frozen-meat-cutter.webp\" alt=\"m\u00e1quina de cortador de carne congelada\" class=\"wp-image-1216\" title=\"\" srcset=\"https:\/\/meat-machine.com\/wp-content\/uploads\/2026\/04\/frozen-meat-cutter.webp 720w, https:\/\/meat-machine.com\/wp-content\/uploads\/2026\/04\/frozen-meat-cutter-300x225.webp 300w, https:\/\/meat-machine.com\/wp-content\/uploads\/2026\/04\/frozen-meat-cutter-16x12.webp 16w\" sizes=\"auto, (max-width: 720px) 100vw, 720px\" \/><figcaption class=\"wp-element-caption\">Cortador de Carne Congelada<\/figcaption><\/figure>    <p class=\"wp-block-paragraph\">A estrutura da m\u00e1quina \u00e9 totalmente soldada para aumentar a resist\u00eancia geral e minimizar vibra\u00e7\u00e3o durante a opera\u00e7\u00e3o. Este design robusto n\u00e3o s\u00f3 melhora a estabilidade, mas tamb\u00e9m reduz o desgaste e o estresse mec\u00e2nico, resultando em uma taxa de falhas menor e maior durabilidade. <\/p>    <p class=\"wp-block-paragraph\">Com seu desempenho est\u00e1vel e mecanismo de tritura\u00e7\u00e3o eficiente, a trituradora de carne congelada \u00e9 ideal para processamento industrial cont\u00ednuo de carne.<\/p>    <figure class=\"wp-block-image size-full\"><img loading=\"lazy\" decoding=\"async\" width=\"720\" height=\"540\" src=\"https:\/\/meat-machine.com\/wp-content\/uploads\/2026\/04\/Frozen-meat-crusher-machine-for-sale.webp\" alt=\"Cortador de carne congelada\" class=\"wp-image-1217\" title=\"\" srcset=\"https:\/\/meat-machine.com\/wp-content\/uploads\/2026\/04\/Frozen-meat-crusher-machine-for-sale.webp 720w, https:\/\/meat-machine.com\/wp-content\/uploads\/2026\/04\/Frozen-meat-crusher-machine-for-sale-300x225.webp 300w, https:\/\/meat-machine.com\/wp-content\/uploads\/2026\/04\/Frozen-meat-crusher-machine-for-sale-16x12.webp 16w\" sizes=\"auto, (max-width: 720px) 100vw, 720px\" \/><figcaption class=\"wp-element-caption\">M\u00e1quina de Tritura\u00e7\u00e3o de Carne Congelada \u00e0 Venda<\/figcaption><\/figure>    <h2 class=\"wp-block-heading\">Vantagens da m\u00e1quina de cortador de carne congelada<\/h2>    <div class=\"wp-block-media-text is-stacked-on-mobile\"><figure class=\"wp-block-media-text__media\"><img loading=\"lazy\" decoding=\"async\" width=\"720\" height=\"540\" src=\"https:\/\/meat-machine.com\/wp-content\/uploads\/2026\/04\/meat-chopper.webp\" alt=\"A linha de produ\u00e7\u00e3o da m\u00e1quina de fabrica\u00e7\u00e3o de hamb\u00fargueres \u00e9 um sistema automatizado para processamento em grande escala de hamb\u00fargueres.\" class=\"wp-image-1218 size-full\" title=\"\" srcset=\"https:\/\/meat-machine.com\/wp-content\/uploads\/2026\/04\/meat-chopper.webp 720w, https:\/\/meat-machine.com\/wp-content\/uploads\/2026\/04\/meat-chopper-300x225.webp 300w, https:\/\/meat-machine.com\/wp-content\/uploads\/2026\/04\/meat-chopper-16x12.webp 16w\" sizes=\"auto, (max-width: 720px) 100vw, 720px\" \/><\/figure><div class=\"wp-block-media-text__content\"> <ul class=\"wp-block-list\"> <li><strong>Processamento de Alta Efici\u00eancia:<\/strong> Corta rapidamente blocos de carne congelada, melhorando significativamente a velocidade e a produ\u00e7\u00e3o. <\/li>    <li><strong>Sem Necessidade de Descongelar:<\/strong> Processa diretamente carne a -18\u00b0C a -24\u00b0C, preservando a frescura e reduzindo o crescimento bacteriano. <\/li>    <li><strong>Resultados de Corte Uniformes:<\/strong> Produz fatias, peda\u00e7os ou partes consistentes, garantindo melhor qualidade para processamento posterior. <\/li> <\/ul> <\/div><\/div>    <div class=\"wp-block-media-text has-media-on-the-right is-stacked-on-mobile\"><div class=\"wp-block-media-text__content\"> <ul class=\"wp-block-list\"> <li><strong>Constru\u00e7\u00e3o Dur\u00e1vel:<\/strong> Feito de a\u00e7o inoxid\u00e1vel de grau aliment\u00edcio, garantindo higiene, resist\u00eancia \u00e0 corros\u00e3o e longa vida \u00fatil. <\/li>    <li><strong>Desempenho Est\u00e1vel:<\/strong> Estrutura robusta com baixa vibra\u00e7\u00e3o garante opera\u00e7\u00e3o confi\u00e1vel e cont\u00ednua. <\/li>    <li><strong>Ampla Aplica\u00e7\u00e3o:<\/strong> Adequado para carne de vaca, porco, frango, peixe e outros produtos de carne congelada. <\/li> <\/ul> <\/div><figure class=\"wp-block-media-text__media\"><img loading=\"lazy\" decoding=\"async\" width=\"720\" height=\"540\" src=\"https:\/\/meat-machine.com\/wp-content\/uploads\/2026\/04\/meat-chopping-machine.webp\" alt=\"M\u00e1quina de Tritura\u00e7\u00e3o de Carne Congelada \u00e0 Venda\" class=\"wp-image-1219 size-full\" title=\"\" srcset=\"https:\/\/meat-machine.com\/wp-content\/uploads\/2026\/04\/meat-chopping-machine.webp 720w, https:\/\/meat-machine.com\/wp-content\/uploads\/2026\/04\/meat-chopping-machine-300x225.webp 300w, https:\/\/meat-machine.com\/wp-content\/uploads\/2026\/04\/meat-chopping-machine-16x12.webp 16w\" sizes=\"auto, (max-width: 720px) 100vw, 720px\" \/><\/figure><\/div>    <h2 class=\"wp-block-heading\">Equipamento de suporte para m\u00e1quina de triturar carne congelada<\/h2>    <p class=\"wp-block-paragraph translation-block\">A <strong>M\u00e1quina de Tritura\u00e7\u00e3o de Carne Congelada<\/strong> \u00e9 normalmente instalada na <strong>parte frontal das linhas de processamento de carne<\/strong>, como <a href=\"https:\/\/meat-machine.com\/pt\/produto\/meat-patty-making-machine-production-line\/\" data-type=\"link\" data-id=\"https:\/\/meat-machine.com\/product\/meat-patty-making-machine-production-line\/\">linhas de hamb\u00farguer<\/a> e <a href=\"https:\/\/meat-machine.com\/pt\/produto\/meatball-making-machine-processing-line\/\" data-type=\"link\" data-id=\"https:\/\/meat-machine.com\/product\/meatball-making-machine-processing-line\/\">produ\u00e7\u00e3o de alm\u00f4ndegas<\/a>, para preparar as mat\u00e9rias-primas para processamento adicional. Ap\u00f3s triturar blocos de carne congelada em peda\u00e7os menores e uniformes, o material pode ser transferido suavemente para equipamentos subsequentes, como moedores de carne, cortadores de tigela, misturadores e m\u00e1quinas de moldar. <\/p>    <p class=\"wp-block-paragraph\">Em uma linha de hamb\u00fargueres, a carne triturada geralmente \u00e9 conduzida a um moedor e depois misturada com temperos antes de ser moldada em hamb\u00fargueres. Em uma linha de produ\u00e7\u00e3o de alm\u00f4ndegas, ela \u00e9 ainda refinada, misturada e moldada em bolas uniformes.<\/p>    <figure class=\"wp-block-gallery has-nested-images columns-default is-cropped wp-block-gallery-2 is-layout-flex wp-block-gallery-is-layout-flex\"> <figure class=\"wp-block-image size-large\"><img loading=\"lazy\" decoding=\"async\" width=\"720\" height=\"540\" data-id=\"1026\" src=\"https:\/\/meat-machine.com\/wp-content\/uploads\/2026\/02\/industrial-Meat-patty-making-machine-production-line.webp\" alt=\"m\u00e1quina de embalagem\" class=\"wp-image-1026\" title=\"\" srcset=\"https:\/\/meat-machine.com\/wp-content\/uploads\/2026\/02\/industrial-Meat-patty-making-machine-production-line.webp 720w, https:\/\/meat-machine.com\/wp-content\/uploads\/2026\/02\/industrial-Meat-patty-making-machine-production-line-300x225.webp 300w, https:\/\/meat-machine.com\/wp-content\/uploads\/2026\/02\/industrial-Meat-patty-making-machine-production-line-16x12.webp 16w\" sizes=\"auto, (max-width: 720px) 100vw, 720px\" \/><figcaption class=\"wp-element-caption\">Linha de produ\u00e7\u00e3o de m\u00e1quinas industriais de fazer hamb\u00farguer<\/figcaption><\/figure>    <figure class=\"wp-block-image size-large\"><img loading=\"lazy\" decoding=\"async\" width=\"720\" height=\"540\" data-id=\"1038\" src=\"https:\/\/meat-machine.com\/wp-content\/uploads\/2026\/02\/Meatball-making-machine-processing-line.webp\" alt=\"Linha de processamento de m\u00e1quinas de fazer alm\u00f4ndegas\" class=\"wp-image-1038\" title=\"\" srcset=\"https:\/\/meat-machine.com\/wp-content\/uploads\/2026\/02\/Meatball-making-machine-processing-line.webp 720w, https:\/\/meat-machine.com\/wp-content\/uploads\/2026\/02\/Meatball-making-machine-processing-line-300x225.webp 300w, https:\/\/meat-machine.com\/wp-content\/uploads\/2026\/02\/Meatball-making-machine-processing-line-16x12.webp 16w\" sizes=\"auto, (max-width: 720px) 100vw, 720px\" \/><figcaption class=\"wp-element-caption\">Linha de produ\u00e7\u00e3o de m\u00e1quinas de fazer alm\u00f4ndegas<\/figcaption><\/figure> <\/figure>    <h2 class=\"wp-block-heading\">Par\u00e2metros da m\u00e1quina de moer carne congelada<\/h2>    <figure class=\"wp-block-table\"><table class=\"has-fixed-layout\"><thead><tr><th>Especifica\u00e7\u00e3o<\/th><th>Detalhes<\/th><\/tr><\/thead><tbody><tr><td>Tens\u00e3o<\/td><td>380V<\/td><\/tr><tr><td>Poder<\/td><td>5,5 kW<\/td><\/tr><tr><td>Capacidade<\/td><td>3\u20135 toneladas por hora<\/td><\/tr><tr><td>Peso<\/td><td>600 kg<\/td><\/tr><tr><td>Dimens\u00f5es da M\u00e1quina<\/td><td>1750 \u00d7 945 \u00d7 1220 mm<\/td><\/tr><tr><td>Material<\/td><td>Todo em a\u00e7o inoxid\u00e1vel 304 exceto motor e l\u00e2minas<\/td><\/tr><\/tbody><\/table><figcaption class=\"wp-element-caption\">par\u00e2metros da m\u00e1quina de picar carne<\/figcaption><\/figure>    <figure class=\"wp-block-image size-full\"><img loading=\"lazy\" decoding=\"async\" width=\"720\" height=\"540\" src=\"https:\/\/meat-machine.com\/wp-content\/uploads\/2026\/04\/frozen-meat-cutter-machine.webp\" alt=\"m\u00e1quina de picar carne\" class=\"wp-image-1220\" title=\"\" srcset=\"https:\/\/meat-machine.com\/wp-content\/uploads\/2026\/04\/frozen-meat-cutter-machine.webp 720w, https:\/\/meat-machine.com\/wp-content\/uploads\/2026\/04\/frozen-meat-cutter-machine-300x225.webp 300w, https:\/\/meat-machine.com\/wp-content\/uploads\/2026\/04\/frozen-meat-cutter-machine-16x12.webp 16w\" sizes=\"auto, (max-width: 720px) 100vw, 720px\" \/><figcaption class=\"wp-element-caption\">M\u00e1quina de Cortar Carne Congelada<\/figcaption><\/figure>    <h2 class=\"wp-block-heading\">Conclus\u00e3o<\/h2>    <p class=\"wp-block-paragraph\"><br>No geral, a M\u00e1quina de Tritura\u00e7\u00e3o de Carne Congelada destaca-se pelo seu desempenho de tritura\u00e7\u00e3o preciso e adaptabilidade \u00e0s diferentes necessidades de processamento de carne. Seu design robusto garante opera\u00e7\u00e3o suave e sem vibra\u00e7\u00e3o, enquanto o sistema de corte avan\u00e7ado permite uma produ\u00e7\u00e3o consistente e uniforme, adequada para a produ\u00e7\u00e3o subsequente. <\/p>    <p class=\"wp-block-paragraph\">Ao preparar eficientemente a carne congelada para processamento adicional, melhora a efici\u00eancia do fluxo de trabalho, reduz o manuseio manual e apoia opera\u00e7\u00f5es industriais escal\u00e1veis, tornando-se uma pe\u00e7a fundamental confi\u00e1vel para qualquer linha moderna de produ\u00e7\u00e3o de carne.<\/p>","protected":false},"excerpt":{"rendered":"<p>A M\u00e1quina de Triturar Carne Congelada \u00e9 um dispositivo industrial de alta efici\u00eancia que pode processar carne congelada sem ossos a -18\u00b0C a -24\u00b0C.<\/p>","protected":false},"author":1,"featured_media":1215,"parent":0,"template":"","tags":[82],"product-type":[2],"class_list":["post-1209","product","type-product","status-publish","has-post-thumbnail","hentry","tag-frozen-meat-crusher-machine","product-type-meat-cutting-machine"],"_links":{"self":[{"href":"https:\/\/meat-machine.com\/pt\/wp-json\/wp\/v2\/product\/1209","targetHints":{"allow":["GET"]}}],"collection":[{"href":"https:\/\/meat-machine.com\/pt\/wp-json\/wp\/v2\/product"}],"about":[{"href":"https:\/\/meat-machine.com\/pt\/wp-json\/wp\/v2\/types\/product"}],"author":[{"embeddable":true,"href":"https:\/\/meat-machine.com\/pt\/wp-json\/wp\/v2\/users\/1"}],"wp:featuredmedia":[{"embeddable":true,"href":"https:\/\/meat-machine.com\/pt\/wp-json\/wp\/v2\/media\/1215"}],"wp:attachment":[{"href":"https:\/\/meat-machine.com\/pt\/wp-json\/wp\/v2\/media?parent=1209"}],"wp:term":[{"taxonomy":"post_tag","embeddable":true,"href":"https:\/\/meat-machine.com\/pt\/wp-json\/wp\/v2\/tags?post=1209"},{"taxonomy":"product-type","embeddable":true,"href":"https:\/\/meat-machine.com\/pt\/wp-json\/wp\/v2\/product-type?post=1209"}],"curies":[{"name":"wp","href":"https:\/\/api.w.org\/{rel}","templated":true}]}}