{"id":114,"date":"2022-09-09T08:40:18","date_gmt":"2022-09-09T08:40:18","guid":{"rendered":"https:\/\/meat-machine.com\/?post_type=product&#038;p=114"},"modified":"2026-03-16T18:00:03","modified_gmt":"2026-03-16T10:00:03","slug":"fabricante-de-hamburguer-comercial","status":"publish","type":"product","link":"https:\/\/meat-machine.com\/pt\/product\/commercial-burger-patty-maker\/","title":{"rendered":"Fabricante de hamb\u00farguer comercial | M\u00e1quina de fazer hamb\u00fargueres"},"content":{"rendered":"<div class=\"kk-star-ratings kksr-auto kksr-align-left kksr-valign-top\"     data-payload='{&quot;align&quot;:&quot;left&quot;,&quot;id&quot;:&quot;114&quot;,&quot;slug&quot;:&quot;default&quot;,&quot;valign&quot;:&quot;top&quot;,&quot;ignore&quot;:&quot;&quot;,&quot;reference&quot;:&quot;auto&quot;,&quot;class&quot;:&quot;&quot;,&quot;count&quot;:&quot;12&quot;,&quot;legendonly&quot;:&quot;&quot;,&quot;readonly&quot;:&quot;&quot;,&quot;score&quot;:&quot;4.6&quot;,&quot;starsonly&quot;:&quot;&quot;,&quot;best&quot;:&quot;5&quot;,&quot;gap&quot;:&quot;5&quot;,&quot;greet&quot;:&quot;Rate this product&quot;,&quot;legend&quot;:&quot;4.6\\\/5 - (12 votes)&quot;,&quot;size&quot;:&quot;24&quot;,&quot;title&quot;:&quot;Commercial Burger Patty Maker | Patty Making Machine&quot;,&quot;width&quot;:&quot;130.9&quot;,&quot;_legend&quot;:&quot;{score}\\\/{best} - ({count} {votes})&quot;,&quot;font_factor&quot;:&quot;1.25&quot;}'>              <div class=\"kksr-stars\">      <div class=\"kksr-stars-inactive\">             <div class=\"kksr-star\" data-star=\"1\" style=\"padding-right: 5px\">               <div class=\"kksr-icon\" style=\"width: 24px; height: 24px;\"><\/div>         <\/div>             <div class=\"kksr-star\" data-star=\"2\" style=\"padding-right: 5px\">               <div class=\"kksr-icon\" style=\"width: 24px; height: 24px;\"><\/div>         <\/div>             <div class=\"kksr-star\" data-star=\"3\" style=\"padding-right: 5px\">               <div class=\"kksr-icon\" style=\"width: 24px; height: 24px;\"><\/div>         <\/div>             <div class=\"kksr-star\" data-star=\"4\" style=\"padding-right: 5px\">               <div class=\"kksr-icon\" style=\"width: 24px; height: 24px;\"><\/div>         <\/div>             <div class=\"kksr-star\" data-star=\"5\" style=\"padding-right: 5px\">               <div class=\"kksr-icon\" style=\"width: 24px; height: 24px;\"><\/div>         <\/div>     <\/div>      <div class=\"kksr-stars-active\" style=\"width: 130.9px;\">             <div class=\"kksr-star\" style=\"padding-right: 5px\">               <div class=\"kksr-icon\" style=\"width: 24px; height: 24px;\"><\/div>         <\/div>             <div class=\"kksr-star\" style=\"padding-right: 5px\">               <div class=\"kksr-icon\" style=\"width: 24px; height: 24px;\"><\/div>         <\/div>             <div class=\"kksr-star\" style=\"padding-right: 5px\">               <div class=\"kksr-icon\" style=\"width: 24px; height: 24px;\"><\/div>         <\/div>             <div class=\"kksr-star\" style=\"padding-right: 5px\">               <div class=\"kksr-icon\" style=\"width: 24px; height: 24px;\"><\/div>         <\/div>             <div class=\"kksr-star\" style=\"padding-right: 5px\">               <div class=\"kksr-icon\" style=\"width: 24px; height: 24px;\"><\/div>         <\/div>     <\/div> <\/div>                   <div class=\"kksr-legend\" style=\"font-size: 19.2px;\">             4,6\/5 - (12 votos)    <\/div>     <\/div>  <p class=\"wp-block-paragraph translation-block\">A <strong>M\u00e1quina Comercial de Fabrica\u00e7\u00e3o de Hamb\u00fargueres<\/strong> pode produzir de forma eficiente hamb\u00fargueres uniformes e bem moldados. Pode processar uma variedade de mat\u00e9rias-primas como <strong>peixe, frango, carne bovina e porco<\/strong>, tornando-a adequada para diferentes tipos de produtos de carne. Ao <strong>trocar diferentes moldes<\/strong>, a m\u00e1quina pode produzir hamb\u00fargueres em v\u00e1rias tamanhos e formas para atender \u00e0s diversas necessidades de produ\u00e7\u00e3o.<\/p>    <p class=\"wp-block-paragraph translation-block\">Equipado com um <strong>sistema autom\u00e1tico de forma\u00e7\u00e3o e liberta\u00e7\u00e3o<\/strong>, a m\u00e1quina garante que cada hamb\u00farguer tenha uma forma, espessura e peso consistentes. \u00c9 amplamente utilizada em <strong>f\u00e1bricas de processamento de alimentos, cadeias de fast food, cozinhas centrais e f\u00e1bricas de produtos de carne<\/strong>.<\/p>    <p class=\"wp-block-paragraph translation-block\">Com uma <strong>capacidade de 35 pe\u00e7as\/min<\/strong>, esta m\u00e1quina de hamb\u00farguer melhora significativamente a efici\u00eancia de produ\u00e7\u00e3o enquanto reduz o trabalho manual. O seu desempenho est\u00e1vel, op\u00e7\u00f5es de moldes flex\u00edveis e opera\u00e7\u00e3o f\u00e1cil fazem dela uma solu\u00e7\u00e3o ideal para produ\u00e7\u00e3o cont\u00ednua e em grande escala de hamb\u00fargueres.<\/p>    <figure class=\"wp-block-embed is-type-video is-provider-youtube wp-block-embed-youtube wp-embed-aspect-16-9 wp-has-aspect-ratio\"><div class=\"wp-block-embed__wrapper\"> <iframe loading=\"lazy\" title=\"Hamb\u00fargueres Perfeitos Sempre: Como Funciona a M\u00e1quina de Fazer Hamburgueres #hamb\u00farguer #carne\" width=\"422\" height=\"750\" src=\"https:\/\/www.youtube.com\/embed\/BF8NXTDPVVA?feature=oembed\" frameborder=\"0\" allow=\"accelerometer; autoplay; clipboard-write; encrypted-media; gyroscope; picture-in-picture; web-share\" referrerpolicy=\"strict-origin-when-cross-origin\" allowfullscreen><\/iframe> <\/div><figcaption class=\"wp-element-caption\">V\u00eddeo de Trabalho da M\u00e1quina de Fazer Hamb\u00fargueres Comercial<\/figcaption><\/figure>    <h2 id=\"h-application-range-of-the-machine\" class=\"wp-block-heading\">Aplica\u00e7\u00e3o do fabricante comercial de hamb\u00fargueres<\/h2>    <div class=\"wp-block-media-text is-stacked-on-mobile\"><figure class=\"wp-block-media-text__media\"><img loading=\"lazy\" decoding=\"async\" width=\"720\" height=\"540\" src=\"https:\/\/meat-machine.com\/wp-content\/uploads\/2022\/09\/beef-patty.webp\" alt=\"hamb\u00farguer de carne\" class=\"wp-image-619 size-full\" title=\"\" srcset=\"https:\/\/meat-machine.com\/wp-content\/uploads\/2022\/09\/beef-patty.webp 720w, https:\/\/meat-machine.com\/wp-content\/uploads\/2022\/09\/beef-patty-300x225.webp 300w, https:\/\/meat-machine.com\/wp-content\/uploads\/2022\/09\/beef-patty-16x12.webp 16w\" sizes=\"auto, (max-width: 720px) 100vw, 720px\" \/><\/figure><div class=\"wp-block-media-text__content\"> <ul class=\"wp-block-list\"> <li>Mat\u00e9ria-prima: frango, carne bovina, su\u00edna, carneiro, etc.<\/li>    <li>Produtos acabados: nuggets de frango do coronel, nuggets de frango mcleod, hamb\u00fargueres, deliciosos bifes, costeletas de frango, costeletas de carne, hamb\u00fargueres de carne e todos os tipos de espetos de carne.<\/li> <\/ul> <\/div><\/div>    <div class=\"wp-block-media-text has-media-on-the-right is-stacked-on-mobile\"><div class=\"wp-block-media-text__content\"> <ul class=\"wp-block-list\"> <li>Mat\u00e9ria-prima: peixe, camar\u00e3o, lula, etc.<\/li>    <li>Produtos acabados: fil\u00e9 de peixe, hamb\u00farguer com sabor de peixe, tempura, kebab, Kanto cozido, etc.<\/li> <\/ul> <\/div><figure class=\"wp-block-media-text__media\"><img loading=\"lazy\" decoding=\"async\" width=\"720\" height=\"540\" src=\"https:\/\/meat-machine.com\/wp-content\/uploads\/2022\/09\/pork-patty.webp\" alt=\"hamb\u00farguer de porco\" class=\"wp-image-622 size-full\" title=\"\" srcset=\"https:\/\/meat-machine.com\/wp-content\/uploads\/2022\/09\/pork-patty.webp 720w, https:\/\/meat-machine.com\/wp-content\/uploads\/2022\/09\/pork-patty-300x225.webp 300w, https:\/\/meat-machine.com\/wp-content\/uploads\/2022\/09\/pork-patty-16x12.webp 16w\" sizes=\"auto, (max-width: 720px) 100vw, 720px\" \/><\/figure><\/div>    <div class=\"wp-block-media-text is-stacked-on-mobile\"><figure class=\"wp-block-media-text__media\"><img loading=\"lazy\" decoding=\"async\" width=\"720\" height=\"540\" src=\"https:\/\/meat-machine.com\/wp-content\/uploads\/2022\/09\/shrimp-patty.webp\" alt=\"hamb\u00farguer de camar\u00e3o\" class=\"wp-image-623 size-full\" title=\"\" srcset=\"https:\/\/meat-machine.com\/wp-content\/uploads\/2022\/09\/shrimp-patty.webp 720w, https:\/\/meat-machine.com\/wp-content\/uploads\/2022\/09\/shrimp-patty-300x225.webp 300w, https:\/\/meat-machine.com\/wp-content\/uploads\/2022\/09\/shrimp-patty-16x12.webp 16w\" sizes=\"auto, (max-width: 720px) 100vw, 720px\" \/><\/figure><div class=\"wp-block-media-text__content\"> <ul class=\"wp-block-list\"> <li>Mat\u00e9ria-prima: mix de carne e vegetais, mix aqu\u00e1tico e de carne.<\/li>    <li>Produtos acabados: v\u00e1rios tipos de hamb\u00fargueres, Oden, etc.<\/li> <\/ul> <\/div><\/div>    <div class=\"wp-block-media-text has-media-on-the-right is-stacked-on-mobile\"><div class=\"wp-block-media-text__content\"> <ul class=\"wp-block-list\"> <li>Mat\u00e9ria-prima: batata, batata doce, ab\u00f3bora, cenoura, feij\u00e3o verde, etc.<\/li>    <li>Produtos acabados: bolos de batata, bolos de ab\u00f3bora, hamb\u00fargueres de vegetais.<\/li> <\/ul> <\/div><figure class=\"wp-block-media-text__media\"><img loading=\"lazy\" decoding=\"async\" width=\"720\" height=\"540\" src=\"https:\/\/meat-machine.com\/wp-content\/uploads\/2022\/09\/vegetable-patty.webp\" alt=\"hamb\u00farguer de legumes\" class=\"wp-image-624 size-full\" title=\"\" srcset=\"https:\/\/meat-machine.com\/wp-content\/uploads\/2022\/09\/vegetable-patty.webp 720w, https:\/\/meat-machine.com\/wp-content\/uploads\/2022\/09\/vegetable-patty-300x225.webp 300w, https:\/\/meat-machine.com\/wp-content\/uploads\/2022\/09\/vegetable-patty-16x12.webp 16w\" sizes=\"auto, (max-width: 720px) 100vw, 720px\" \/><\/figure><\/div>    <p class=\"wp-block-paragraph\">Al\u00e9m dos ingredientes acima, nossa m\u00e1quina tamb\u00e9m pode fazer hamb\u00fargueres com outros ingredientes. Se voc\u00ea tiver alguma d\u00favida, entre em contato conosco atrav\u00e9s da janela pop-up no canto inferior direito.<\/p>    <h2 id=\"h-design-of-commercial-hamburger-patty-maker\" class=\"wp-block-heading\">M\u00e1quina comercial de hamb\u00farguer para venda<\/h2>    <div class=\"wp-block-media-text is-stacked-on-mobile\"><figure class=\"wp-block-media-text__media\"><img loading=\"lazy\" decoding=\"async\" width=\"720\" height=\"540\" src=\"https:\/\/meat-machine.com\/wp-content\/uploads\/2022\/09\/the-machine-can-make-meat-patties-of-different-shapes.webp\" alt=\"a m\u00e1quina pode fazer hamb\u00fargueres de carne de diferentes formatos\" class=\"wp-image-143 size-full\" title=\"\" srcset=\"https:\/\/meat-machine.com\/wp-content\/uploads\/2022\/09\/the-machine-can-make-meat-patties-of-different-shapes.webp 720w, https:\/\/meat-machine.com\/wp-content\/uploads\/2022\/09\/the-machine-can-make-meat-patties-of-different-shapes-300x225.webp 300w\" sizes=\"auto, (max-width: 720px) 100vw, 720px\" \/><\/figure><div class=\"wp-block-media-text__content\"> <ul class=\"wp-block-list\"> <li><strong>Sa\u00edda personaliz\u00e1vel<\/strong> <ul class=\"wp-block-list\"> <li>Ao trocar os moldes de forma\u00e7\u00e3o, a m\u00e1quina pode produzir hamb\u00fargueres de v\u00e1rios tamanhos, espessuras e formas.<\/li> <\/ul> <\/li>    <li><strong>Alimenta\u00e7\u00e3o e forma\u00e7\u00e3o sincronizadas<\/strong> <ul class=\"wp-block-list\"> <li>A p\u00e1 e o tambor de forma\u00e7\u00e3o operam em sincronia, garantindo um alto volume de alimenta\u00e7\u00e3o e press\u00e3o de moldagem uniforme.<\/li> <\/ul> <\/li> <\/ul> <\/div><\/div>    <div class=\"wp-block-media-text has-media-on-the-right is-stacked-on-mobile\"><div class=\"wp-block-media-text__content\"> <ul class=\"wp-block-list\"> <li><strong>N\u00facleo de molde ajust\u00e1vel integrado<\/strong> <ul class=\"wp-block-list\"> <li>O n\u00facleo do molde \u00e9 projetado como uma unidade \u00fanica e destac\u00e1vel, tornando o ajuste de espessura simples e preciso.<\/li> <\/ul> <\/li>    <li><strong>Substitui\u00e7\u00e3o r\u00e1pida do molde<\/strong> <ul class=\"wp-block-list\"> <li>Os moldes s\u00e3o f\u00e1ceis de trocar, permitindo uma produ\u00e7\u00e3o flex\u00edvel de hamb\u00fargueres em diferentes formatos com um tempo de inatividade m\u00ednimo.<\/li> <\/ul> <\/li> <\/ul> <\/div><figure class=\"wp-block-media-text__media\"><img loading=\"lazy\" decoding=\"async\" width=\"720\" height=\"540\" src=\"https:\/\/meat-machine.com\/wp-content\/uploads\/2022\/09\/automatic-meat-patty-forming-machine.webp\" alt=\"m\u00e1quina autom\u00e1tica de fazer hamb\u00fargueres\" class=\"wp-image-310 size-full\" title=\"\" srcset=\"https:\/\/meat-machine.com\/wp-content\/uploads\/2022\/09\/automatic-meat-patty-forming-machine.webp 720w, https:\/\/meat-machine.com\/wp-content\/uploads\/2022\/09\/automatic-meat-patty-forming-machine-300x225.webp 300w\" sizes=\"auto, (max-width: 720px) 100vw, 720px\" \/><\/figure><\/div>    <h2 id=\"h-advantages-of-commercial-burger-patty-maker\" class=\"wp-block-heading\">Caracter\u00edsticas do fabricante comercial de hamb\u00fargueres<\/h2>    <div class=\"wp-block-media-text is-stacked-on-mobile\"><figure class=\"wp-block-media-text__media\"><img loading=\"lazy\" decoding=\"async\" width=\"720\" height=\"540\" src=\"https:\/\/meat-machine.com\/wp-content\/uploads\/2022\/09\/meat-patty-machine-moulds.webp\" alt=\"moldes de m\u00e1quinas de hamb\u00farguer de carne\" class=\"wp-image-1179 size-full\" title=\"\" srcset=\"https:\/\/meat-machine.com\/wp-content\/uploads\/2022\/09\/meat-patty-machine-moulds.webp 720w, https:\/\/meat-machine.com\/wp-content\/uploads\/2022\/09\/meat-patty-machine-moulds-300x225.webp 300w, https:\/\/meat-machine.com\/wp-content\/uploads\/2022\/09\/meat-patty-machine-moulds-16x12.webp 16w\" sizes=\"auto, (max-width: 720px) 100vw, 720px\" \/><\/figure><div class=\"wp-block-media-text__content\"> <ul class=\"wp-block-list\"> <li><strong>Constru\u00e7\u00e3o em material aliment\u00edcio<\/strong> <ul class=\"wp-block-list\"> <li>A m\u00e1quina \u00e9 feita inteiramente de a\u00e7o inoxid\u00e1vel de grau alimentar, totalmente em conformidade com a higiene e <a href=\"https:\/\/nl.wikipedia.org\/wiki\/HACCP\" data-type=\"link\" data-id=\"https:\/\/nl.wikipedia.org\/wiki\/HACCP\" target=\"_blank\" rel=\"noopener\">APPCC<\/a> padr\u00f5es.<\/li> <\/ul> <\/li>    <li><strong>V\u00e1rios formatos de hamb\u00farguer<\/strong> <ul class=\"wp-block-list\"> <li>Ela pode formar hamb\u00fargueres em v\u00e1rias formas, incluindo redonda, quadrada, triangular, cora\u00e7\u00e3o e outros designs personalizados.<\/li> <\/ul> <\/li>    <li><strong>Tamanho de hamb\u00farguer ajust\u00e1vel<\/strong> <ul class=\"wp-block-list\"> <li>A m\u00e1quina produz hamb\u00fargueres com uma <strong>di\u00e2metro m\u00e1ximo de 120 mm<\/strong>, e o <strong>espessura ajust\u00e1vel de 6 mm a 21 mm<\/strong> de acordo com os requisitos de produ\u00e7\u00e3o.<\/li> <\/ul> <\/li> <\/ul> <\/div><\/div>    <div class=\"wp-block-media-text has-media-on-the-right is-stacked-on-mobile\"><div class=\"wp-block-media-text__content\"> <ul class=\"wp-block-list\"> <li><strong>Compatibilidade vers\u00e1til com mat\u00e9rias-primas<\/strong> <ul class=\"wp-block-list\"> <li>Adequada para processar uma variedade de ingredientes, como carne de vaca, porco, frango, peixe, legumes e misturas \u00e0 base de plantas.<\/li> <\/ul> <\/li>    <li><strong>Design de seguran\u00e7a europeu<\/strong> <ul class=\"wp-block-list\"> <li>Constru\u00edda com um sistema el\u00e9trico em conformidade com os padr\u00f5es europeus para garantir opera\u00e7\u00e3o segura.<\/li> <\/ul> <\/li>    <li><strong>Opera\u00e7\u00e3o simples<\/strong> <ul class=\"wp-block-list\"> <li>F\u00e1cil de usar\u2014basta despejar o material cru preparado no barril e come\u00e7ar a formar hamb\u00fargueres automaticamente.<\/li> <\/ul> <\/li> <\/ul> <\/div><figure class=\"wp-block-media-text__media\"><img loading=\"lazy\" decoding=\"async\" width=\"720\" height=\"540\" src=\"https:\/\/meat-machine.com\/wp-content\/uploads\/2024\/01\/hamburger-patty.webp\" alt=\"hamb\u00farguer\" class=\"wp-image-530 size-full\" title=\"\" srcset=\"https:\/\/meat-machine.com\/wp-content\/uploads\/2024\/01\/hamburger-patty.webp 720w, https:\/\/meat-machine.com\/wp-content\/uploads\/2024\/01\/hamburger-patty-300x225.webp 300w\" sizes=\"auto, (max-width: 720px) 100vw, 720px\" \/><\/figure><\/div>    <h2 class=\"wp-block-heading\">Como funciona a m\u00e1quina comercial de hamb\u00fargueres?<\/h2>    <div class=\"wp-block-media-text is-stacked-on-mobile\"><figure class=\"wp-block-media-text__media\"><img loading=\"lazy\" decoding=\"async\" width=\"540\" height=\"720\" src=\"https:\/\/meat-machine.com\/wp-content\/uploads\/2022\/09\/meat-patty-machine-working-process.webp\" alt=\"processo de trabalho da m\u00e1quina de hamb\u00farguer\" class=\"wp-image-621 size-full\" title=\"\" srcset=\"https:\/\/meat-machine.com\/wp-content\/uploads\/2022\/09\/meat-patty-machine-working-process.webp 540w, https:\/\/meat-machine.com\/wp-content\/uploads\/2022\/09\/meat-patty-machine-working-process-225x300.webp 225w, https:\/\/meat-machine.com\/wp-content\/uploads\/2022\/09\/meat-patty-machine-working-process-9x12.webp 9w\" sizes=\"auto, (max-width: 540px) 100vw, 540px\" \/><\/figure><div class=\"wp-block-media-text__content\"> <ul class=\"wp-block-list\"> <li><strong>Alimenta\u00e7\u00e3o de material<\/strong> <ul class=\"wp-block-list\"> <li>A carne mo\u00edda ou ingredientes misturados s\u00e3o colocados na cuba de alimenta\u00e7\u00e3o. O sistema de alimenta\u00e7\u00e3o entrega continuamente a mistura ao molde de forma\u00e7\u00e3o.<\/li> <\/ul> <\/li>    <li><strong>Forma\u00e7\u00e3o de Hamb\u00farguer<\/strong> <ul class=\"wp-block-list\"> <li>Dentro da m\u00e1quina, a placa de forma\u00e7\u00e3o pressiona a mistura de carne para uma cavidade do molde, moldando-a em hamb\u00fargueres redondos com di\u00e2metro e espessura consistentes.<\/li> <\/ul> <\/li>    <li><strong>Libera\u00e7\u00e3o Autom\u00e1tica<\/strong> <ul class=\"wp-block-list\"> <li>Ap\u00f3s a forma\u00e7\u00e3o, a m\u00e1quina liberta automaticamente as hamb\u00fargueres do molde sem danificar a sua forma.<\/li> <\/ul> <\/li>    <li><strong>Produ\u00e7\u00e3o por correia transportadora<\/strong> <ul class=\"wp-block-list\"> <li>Os hamb\u00fargueres formados s\u00e3o transferidos para a correia transportadora e transportados suavemente para a pr\u00f3xima etapa de processamento, como revestimento, fritura, congela\u00e7\u00e3o ou embalagem.<\/li> <\/ul> <\/li>    <li><strong>Produ\u00e7\u00e3o Cont\u00ednua<\/strong> <ul class=\"wp-block-list\"> <li>A m\u00e1quina funciona continuamente, produzindo hamb\u00fargueres a um <strong>capacidade de at\u00e9 35 pe\u00e7as por minuto<\/strong>, garantindo alta efici\u00eancia e qualidade uniforme do produto.<\/li> <\/ul> <\/li> <\/ul> <\/div><\/div>    <h2 class=\"wp-block-heading\">Dados t\u00e9cnicos da m\u00e1quina autom\u00e1tica de hamb\u00farguer de carne<\/h2>    <figure class=\"wp-block-table\"><table class=\"has-fixed-layout\"><thead><tr><th>Modelo<\/th><th>TZ-100<\/th><\/tr><\/thead><tbody><tr><td>Dimens\u00e3o Geral<\/td><td>860 \u00d7 600 \u00d7 1350 mm<\/td><\/tr><tr><td>Capacidade da cuba de carne<\/td><td>32 L<\/td><\/tr><tr><td>Di\u00e2metro do Hamb\u00farguer<\/td><td>28\u2013120 mm<\/td><\/tr><tr><td>Espessura do hamb\u00farguer<\/td><td>6\u201321 mm (Ajust\u00e1vel)<\/td><\/tr><tr><td>Poder<\/td><td>0,75 kW<\/td><\/tr><tr><td>Largura da Correia Transportadora<\/td><td>130 mm<\/td><\/tr><tr><td>Peso da M\u00e1quina<\/td><td>100 kg<\/td><\/tr><tr><td>Capacidade<\/td><td>35 p\u00e7s\/min<\/td><\/tr><\/tbody><\/table><figcaption class=\"wp-element-caption\">par\u00e2metros da m\u00e1quina de hamb\u00farguer de carne<\/figcaption><\/figure>    <p class=\"wp-block-paragraph\">Os par\u00e2metros acima s\u00e3o os par\u00e2metros de uma m\u00e1quina formadora de hamb\u00farguer de carne com uma produ\u00e7\u00e3o de 35 pe\u00e7as\/min. Isto significa que 2.100 produtos acabados podem ser produzidos por hora. Isso pode atender \u00e0s necessidades de produ\u00e7\u00e3o da maioria dos clientes. <\/p>    <p class=\"wp-block-paragraph\">Al\u00e9m disso, a pot\u00eancia desta m\u00e1quina \u00e9 de 0,55 kW. O peso \u00e9 de 100kg. Se quiser saber mais sobre esta m\u00e1quina, entre em contato conosco.<\/p>    <figure class=\"wp-block-gallery aligncenter has-nested-images columns-default is-cropped wp-block-gallery-2 is-layout-flex wp-block-gallery-is-layout-flex\"> <figure class=\"wp-block-image size-full\"><img loading=\"lazy\" decoding=\"async\" width=\"720\" height=\"540\" data-id=\"311\" src=\"https:\/\/meat-machine.com\/wp-content\/uploads\/2022\/09\/commercial-burger-patty-maker-1.webp\" alt=\"fabricante de hamb\u00farguer comercial\" class=\"wp-image-311\" title=\"\" srcset=\"https:\/\/meat-machine.com\/wp-content\/uploads\/2022\/09\/commercial-burger-patty-maker-1.webp 720w, https:\/\/meat-machine.com\/wp-content\/uploads\/2022\/09\/commercial-burger-patty-maker-1-300x225.webp 300w\" sizes=\"auto, (max-width: 720px) 100vw, 720px\" \/><figcaption class=\"wp-element-caption\">M\u00e1quina Comercial de Fabrica\u00e7\u00e3o de Hamb\u00fargueres<\/figcaption><\/figure>    <figure class=\"wp-block-image size-full\"><img loading=\"lazy\" decoding=\"async\" width=\"720\" height=\"540\" data-id=\"312\" src=\"https:\/\/meat-machine.com\/wp-content\/uploads\/2022\/09\/commercial-hamburger-patty-making-machine.webp\" alt=\"m\u00e1quina comercial de fazer hamb\u00farguer\" class=\"wp-image-312\" title=\"\" srcset=\"https:\/\/meat-machine.com\/wp-content\/uploads\/2022\/09\/commercial-hamburger-patty-making-machine.webp 720w, https:\/\/meat-machine.com\/wp-content\/uploads\/2022\/09\/commercial-hamburger-patty-making-machine-300x225.webp 300w\" sizes=\"auto, (max-width: 720px) 100vw, 720px\" \/><figcaption class=\"wp-element-caption\">M\u00e1quina Comercial de Fabrica\u00e7\u00e3o de Hamb\u00fargueres<\/figcaption><\/figure> <\/figure>    <h2 class=\"wp-block-heading\">Processo completo de produ\u00e7\u00e3o de hamb\u00farguer de carne<\/h2>    <p class=\"wp-block-paragraph translation-block\">Se planeia investir na produ\u00e7\u00e3o de hamb\u00fargueres de carne, um <strong>apenas uma m\u00e1quina comercial de hamb\u00farguer n\u00e3o \u00e9 suficiente<\/strong>. Para atender a essas necessidades, fornecemos uma <strong><a href=\"https:\/\/meat-machine.com\/pt\/produto\/meat-patty-making-machine-production-line\/\" data-type=\"link\" data-id=\"https:\/\/meat-machine.com\/product\/meat-patty-making-machine-production-line\/\">linha completa de processamento de hamb\u00fargueres de carne<\/a><\/strong>, incluindo m\u00e1quinas como <strong>moedores de carne, misturadores de carne, m\u00e1quinas de forma\u00e7\u00e3o de hamb\u00fargueres, m\u00e1quinas de empanar, m\u00e1quinas de empanamento, fritadeiras e m\u00e1quinas de embalagem<\/strong>. <\/p>    <p class=\"wp-block-paragraph\">Estas m\u00e1quinas trabalham juntas para garantir uma produ\u00e7\u00e3o eficiente, cont\u00ednua e uma qualidade de produto consistente, tornando-as ideais para f\u00e1bricas de processamento de alimentos e fabricantes de produtos de carne em grande escala.<\/p>    <figure class=\"wp-block-gallery aligncenter has-nested-images columns-default is-cropped wp-block-gallery-3 is-layout-flex wp-block-gallery-is-layout-flex\"> <figure class=\"wp-block-image size-full\"><img loading=\"lazy\" decoding=\"async\" width=\"720\" height=\"540\" data-id=\"1026\" src=\"https:\/\/meat-machine.com\/wp-content\/uploads\/2026\/02\/industrial-Meat-patty-making-machine-production-line.webp\" alt=\"m\u00e1quina de embalagem\" class=\"wp-image-1026\" title=\"\" srcset=\"https:\/\/meat-machine.com\/wp-content\/uploads\/2026\/02\/industrial-Meat-patty-making-machine-production-line.webp 720w, https:\/\/meat-machine.com\/wp-content\/uploads\/2026\/02\/industrial-Meat-patty-making-machine-production-line-300x225.webp 300w, https:\/\/meat-machine.com\/wp-content\/uploads\/2026\/02\/industrial-Meat-patty-making-machine-production-line-16x12.webp 16w\" sizes=\"auto, (max-width: 720px) 100vw, 720px\" \/><figcaption class=\"wp-element-caption\">Linha de produ\u00e7\u00e3o de m\u00e1quinas industriais de fazer hamb\u00farguer<\/figcaption><\/figure>    <figure class=\"wp-block-image size-full\"><img loading=\"lazy\" decoding=\"async\" width=\"720\" height=\"540\" data-id=\"625\" src=\"https:\/\/meat-machine.com\/wp-content\/uploads\/2022\/09\/burger-patty-production-factory.webp\" alt=\"f\u00e1brica de produ\u00e7\u00e3o de hamb\u00farguer\" class=\"wp-image-625\" title=\"\" srcset=\"https:\/\/meat-machine.com\/wp-content\/uploads\/2022\/09\/burger-patty-production-factory.webp 720w, https:\/\/meat-machine.com\/wp-content\/uploads\/2022\/09\/burger-patty-production-factory-300x225.webp 300w, https:\/\/meat-machine.com\/wp-content\/uploads\/2022\/09\/burger-patty-production-factory-16x12.webp 16w\" sizes=\"auto, (max-width: 720px) 100vw, 720px\" \/><figcaption class=\"wp-element-caption\">F\u00e1brica de Produ\u00e7\u00e3o de Hamb\u00fargueres<\/figcaption><\/figure> <\/figure>    <h2 class=\"wp-block-heading\">Conclus\u00e3o<\/h2>    <p class=\"wp-block-paragraph\">Se procura aumentar a capacidade de produ\u00e7\u00e3o mantendo a qualidade do produto, esta m\u00e1quina de hamb\u00fargueres \u00e9 uma escolha fi\u00e1vel e econ\u00f3mica. <\/p>    <p class=\"wp-block-paragraph\">Sinta-se \u00e0 vontade para nos contactar para mais detalhes ou para solicitar um or\u00e7amento personalizado \u00e0s suas necessidades.<\/p>","protected":false},"excerpt":{"rendered":"<p>A M\u00e1quina Comercial de Fabrica\u00e7\u00e3o de Hamb\u00fargueres pode produzir de forma eficiente hamb\u00fargueres uniformes e bem moldados. Pode processar uma variedade de materiais como carne bovina, frango, peixe e misturas \u00e0 base de plantas. <\/p>","protected":false},"author":1,"featured_media":313,"parent":0,"template":"","tags":[15],"product-type":[4],"class_list":["post-114","product","type-product","status-publish","has-post-thumbnail","hentry","tag-burger-patty-maker","product-type-meat-grinder"],"_links":{"self":[{"href":"https:\/\/meat-machine.com\/pt\/wp-json\/wp\/v2\/product\/114","targetHints":{"allow":["GET"]}}],"collection":[{"href":"https:\/\/meat-machine.com\/pt\/wp-json\/wp\/v2\/product"}],"about":[{"href":"https:\/\/meat-machine.com\/pt\/wp-json\/wp\/v2\/types\/product"}],"author":[{"embeddable":true,"href":"https:\/\/meat-machine.com\/pt\/wp-json\/wp\/v2\/users\/1"}],"wp:featuredmedia":[{"embeddable":true,"href":"https:\/\/meat-machine.com\/pt\/wp-json\/wp\/v2\/media\/313"}],"wp:attachment":[{"href":"https:\/\/meat-machine.com\/pt\/wp-json\/wp\/v2\/media?parent=114"}],"wp:term":[{"taxonomy":"post_tag","embeddable":true,"href":"https:\/\/meat-machine.com\/pt\/wp-json\/wp\/v2\/tags?post=114"},{"taxonomy":"product-type","embeddable":true,"href":"https:\/\/meat-machine.com\/pt\/wp-json\/wp\/v2\/product-type?post=114"}],"curies":[{"name":"wp","href":"https:\/\/api.w.org\/{rel}","templated":true}]}}