{"id":109,"date":"2022-09-08T10:38:58","date_gmt":"2022-09-08T10:38:58","guid":{"rendered":"https:\/\/meat-machine.com\/?post_type=product&#038;p=109"},"modified":"2026-03-17T17:54:44","modified_gmt":"2026-03-17T09:54:44","slug":"maquina-de-fazer-almondegas","status":"publish","type":"product","link":"https:\/\/meat-machine.com\/pt\/product\/meatball-making-machine\/","title":{"rendered":"M\u00e1quina de fazer alm\u00f4ndegas"},"content":{"rendered":"<div class=\"kk-star-ratings kksr-auto kksr-align-left kksr-valign-top\"     data-payload='{&quot;align&quot;:&quot;left&quot;,&quot;id&quot;:&quot;109&quot;,&quot;slug&quot;:&quot;default&quot;,&quot;valign&quot;:&quot;top&quot;,&quot;ignore&quot;:&quot;&quot;,&quot;reference&quot;:&quot;auto&quot;,&quot;class&quot;:&quot;&quot;,&quot;count&quot;:&quot;26&quot;,&quot;legendonly&quot;:&quot;&quot;,&quot;readonly&quot;:&quot;&quot;,&quot;score&quot;:&quot;4.8&quot;,&quot;starsonly&quot;:&quot;&quot;,&quot;best&quot;:&quot;5&quot;,&quot;gap&quot;:&quot;5&quot;,&quot;greet&quot;:&quot;Rate this product&quot;,&quot;legend&quot;:&quot;4.8\\\/5 - (26 votes)&quot;,&quot;size&quot;:&quot;24&quot;,&quot;title&quot;:&quot;Meatball Making Machine&quot;,&quot;width&quot;:&quot;136.7&quot;,&quot;_legend&quot;:&quot;{score}\\\/{best} - ({count} {votes})&quot;,&quot;font_factor&quot;:&quot;1.25&quot;}'>              <div class=\"kksr-stars\">      <div class=\"kksr-stars-inactive\">             <div class=\"kksr-star\" data-star=\"1\" style=\"padding-right: 5px\">               <div class=\"kksr-icon\" style=\"width: 24px; height: 24px;\"><\/div>         <\/div>             <div class=\"kksr-star\" data-star=\"2\" style=\"padding-right: 5px\">               <div class=\"kksr-icon\" style=\"width: 24px; height: 24px;\"><\/div>         <\/div>             <div class=\"kksr-star\" data-star=\"3\" style=\"padding-right: 5px\">               <div class=\"kksr-icon\" style=\"width: 24px; height: 24px;\"><\/div>         <\/div>             <div class=\"kksr-star\" data-star=\"4\" style=\"padding-right: 5px\">               <div class=\"kksr-icon\" style=\"width: 24px; height: 24px;\"><\/div>         <\/div>             <div class=\"kksr-star\" data-star=\"5\" style=\"padding-right: 5px\">               <div class=\"kksr-icon\" style=\"width: 24px; height: 24px;\"><\/div>         <\/div>     <\/div>      <div class=\"kksr-stars-active\" style=\"width: 136.7px;\">             <div class=\"kksr-star\" style=\"padding-right: 5px\">               <div class=\"kksr-icon\" style=\"width: 24px; height: 24px;\"><\/div>         <\/div>             <div class=\"kksr-star\" style=\"padding-right: 5px\">               <div class=\"kksr-icon\" style=\"width: 24px; height: 24px;\"><\/div>         <\/div>             <div class=\"kksr-star\" style=\"padding-right: 5px\">               <div class=\"kksr-icon\" style=\"width: 24px; height: 24px;\"><\/div>         <\/div>             <div class=\"kksr-star\" style=\"padding-right: 5px\">               <div class=\"kksr-icon\" style=\"width: 24px; height: 24px;\"><\/div>         <\/div>             <div class=\"kksr-star\" style=\"padding-right: 5px\">               <div class=\"kksr-icon\" style=\"width: 24px; height: 24px;\"><\/div>         <\/div>     <\/div> <\/div>                   <div class=\"kksr-legend\" style=\"font-size: 19.2px;\">             4,8\/5 - (26 votos)    <\/div>     <\/div>  <p class=\"wp-block-paragraph translation-block\">A <strong>M\u00e1quina de fazer alm\u00f4ndegas<\/strong> pode formar automaticamente alm\u00f4ndegas uniformes e suaves a partir de pasta de carne preparada. Com um sistema de forma\u00e7\u00e3o autom\u00e1tico, a m\u00e1quina pode produzir continuamente alm\u00f4ndegas de tamanho uniforme, forma redonda e peso est\u00e1vel. <\/p>    <p class=\"wp-block-paragraph translation-block\">A m\u00e1quina pode produzir tanto <strong>alm\u00f4ndegas s\u00f3lidas quanto alm\u00f4ndegas recheadas<\/strong>, atendendo \u00e0s necessidades de diferentes produtos alimentares. Sua capacidade de produ\u00e7\u00e3o pode atingir <strong>500\u2013600 pe\u00e7as\/min<\/strong>, melhorando significativamente a efici\u00eancia de produ\u00e7\u00e3o para processamento em grande escala.<\/p>    <p class=\"wp-block-paragraph translation-block\">A m\u00e1quina de fazer alm\u00f4ndegas pode processar uma variedade de mat\u00e9rias-primas, incluindo <strong>pasta de vaca, pasta de porco, pasta de frango, pasta de peixe e materiais de carne misturados<\/strong>. Tamb\u00e9m pode lidar com misturas combinadas com amido, temperos e outros ingredientes, tornando-a adequada para produzir alm\u00f4ndegas de vaca, porco, frango, peixe e outros produtos alimentares semelhantes.<\/p>    <p class=\"wp-block-paragraph\">\u00c9 amplamente utilizada em f\u00e1bricas de processamento de alimentos, cozinhas centrais, restaurantes e f\u00e1bricas de alimentos congelados para melhorar a efici\u00eancia de produ\u00e7\u00e3o e garantir a qualidade consistente do produto. <\/p>    <figure class=\"wp-block-embed is-type-video is-provider-youtube wp-block-embed-youtube wp-embed-aspect-9-16 wp-has-aspect-ratio\"><div class=\"wp-block-embed__wrapper\"> <iframe loading=\"lazy\" title=\"M\u00e1quina comercial de fazer alm\u00f4ndegas | Produ\u00e7\u00e3o eficiente de alm\u00f4ndegas #alm\u00f4ndegas #processamentodealimentos\" width=\"422\" height=\"750\" src=\"https:\/\/www.youtube.com\/embed\/66EHhpuL-2U?feature=oembed\" frameborder=\"0\" allow=\"accelerometer; autoplay; clipboard-write; encrypted-media; gyroscope; picture-in-picture; web-share\" referrerpolicy=\"strict-origin-when-cross-origin\" allowfullscreen><\/iframe> <\/div><figcaption class=\"wp-element-caption\">v\u00eddeo de funcionamento da m\u00e1quina de fazer alm\u00f4ndegas<\/figcaption><\/figure>    <h2 id=\"h-how-are-meatballs-made\" class=\"wp-block-heading\">Como s\u00e3o feitas as alm\u00f4ndegas?<\/h2>    <div class=\"wp-block-media-text is-stacked-on-mobile\"><figure class=\"wp-block-media-text__media\"><img loading=\"lazy\" decoding=\"async\" width=\"720\" height=\"540\" src=\"https:\/\/meat-machine.com\/wp-content\/uploads\/2022\/09\/meat-ball-making-machine-for-sale.webp\" alt=\"M\u00e1quina de fazer alm\u00f4ndegas \u00e0 venda\" class=\"wp-image-751 size-full\" title=\"\" srcset=\"https:\/\/meat-machine.com\/wp-content\/uploads\/2022\/09\/meat-ball-making-machine-for-sale.webp 720w, https:\/\/meat-machine.com\/wp-content\/uploads\/2022\/09\/meat-ball-making-machine-for-sale-300x225.webp 300w, https:\/\/meat-machine.com\/wp-content\/uploads\/2022\/09\/meat-ball-making-machine-for-sale-16x12.webp 16w\" sizes=\"auto, (max-width: 720px) 100vw, 720px\" \/><\/figure><div class=\"wp-block-media-text__content\"> <ul class=\"wp-block-list\"> <li>Limpe a carne.<br>Certifique-se de que a carne esteja bem limpa para manter a higiene.<\/li>    <li>Pique a carne.<br>Use um comercial <a href=\"https:\/\/meat-machine.com\/pt\/produto\/maquina-picadora-de-carne-comercial\/\" data-type=\"link\" data-id=\"https:\/\/meat-machine.com\/product\/commercial-meat-mincer-machine\/\">m\u00e1quina picadora de carne<\/a> cortar a carne em pequenos peda\u00e7os.<\/li> <\/ul> <\/div><\/div>    <div class=\"wp-block-media-text has-media-on-the-right is-stacked-on-mobile\"><div class=\"wp-block-media-text__content\"> <ul class=\"wp-block-list\"> <li>Fa\u00e7a uma pasta de carne.<br>Processe a carne cortada em cubos at\u00e9 formar uma pasta lisa usando um despolpador de carne.<\/li>    <li>Prepare a carne picada.<br>Transfira a pasta de carne para um espremedor de carne para bater e misture at\u00e9 obter uma consist\u00eancia finamente picada.<\/li> <\/ul> <\/div><figure class=\"wp-block-media-text__media\"><img loading=\"lazy\" decoding=\"async\" width=\"720\" height=\"540\" src=\"https:\/\/meat-machine.com\/wp-content\/uploads\/2022\/09\/meatball.webp\" alt=\"alm\u00f4ndega\" class=\"wp-image-893 size-full\" title=\"\" srcset=\"https:\/\/meat-machine.com\/wp-content\/uploads\/2022\/09\/meatball.webp 720w, https:\/\/meat-machine.com\/wp-content\/uploads\/2022\/09\/meatball-300x225.webp 300w, https:\/\/meat-machine.com\/wp-content\/uploads\/2022\/09\/meatball-16x12.webp 16w\" sizes=\"auto, (max-width: 720px) 100vw, 720px\" \/><\/figure><\/div>    <div class=\"wp-block-media-text is-stacked-on-mobile\"><figure class=\"wp-block-media-text__media\"><img loading=\"lazy\" decoding=\"async\" width=\"720\" height=\"540\" src=\"https:\/\/meat-machine.com\/wp-content\/uploads\/2022\/09\/meat-ball-making-machine.webp\" alt=\"M\u00e1quina de fazer alm\u00f4ndegas\" class=\"wp-image-752 size-full\" title=\"\" srcset=\"https:\/\/meat-machine.com\/wp-content\/uploads\/2022\/09\/meat-ball-making-machine.webp 720w, https:\/\/meat-machine.com\/wp-content\/uploads\/2022\/09\/meat-ball-making-machine-300x225.webp 300w, https:\/\/meat-machine.com\/wp-content\/uploads\/2022\/09\/meat-ball-making-machine-16x12.webp 16w\" sizes=\"auto, (max-width: 720px) 100vw, 720px\" \/><\/figure><div class=\"wp-block-media-text__content\"> <ul class=\"wp-block-list\"> <li>Configure o fabricante de alm\u00f4ndegas. <ul class=\"wp-block-list\"> <li>Ligue a m\u00e1quina de fazer alm\u00f4ndegas.<\/li>    <li>Conecte o tubo de abastecimento de \u00e1gua e abra o tubo de \u00e1gua na placa deslizante para permitir a drenagem da \u00e1gua.<\/li> <\/ul> <\/li>    <li>Carregue a m\u00e1quina. <ul class=\"wp-block-list\"> <li>Coloque a pasta de carne preparada na porta de alimenta\u00e7\u00e3o da m\u00e1quina de alm\u00f4ndegas.<\/li> <\/ul> <\/li> <\/ul> <\/div><\/div>    <div class=\"wp-block-media-text has-media-on-the-right is-stacked-on-mobile\"><div class=\"wp-block-media-text__content\"> <ul class=\"wp-block-list\"> <li>Recolha as alm\u00f4ndegas. <ul class=\"wp-block-list\"> <li>Coloque uma bacia de \u00e1gua morna na sa\u00edda da m\u00e1quina.<\/li>    <li>Espere a m\u00e1quina moldar e soltar as alm\u00f4ndegas na bacia.<\/li> <\/ul> <\/li> <\/ul> <\/div><figure class=\"wp-block-media-text__media\"><img loading=\"lazy\" decoding=\"async\" width=\"720\" height=\"540\" src=\"https:\/\/meat-machine.com\/wp-content\/uploads\/2022\/09\/meatballs.webp\" alt=\"alm\u00f4ndegas\" class=\"wp-image-894 size-full\" title=\"\" srcset=\"https:\/\/meat-machine.com\/wp-content\/uploads\/2022\/09\/meatballs.webp 720w, https:\/\/meat-machine.com\/wp-content\/uploads\/2022\/09\/meatballs-300x225.webp 300w, https:\/\/meat-machine.com\/wp-content\/uploads\/2022\/09\/meatballs-16x12.webp 16w\" sizes=\"auto, (max-width: 720px) 100vw, 720px\" \/><\/figure><\/div>    <p class=\"wp-block-paragraph\">Este processo garante a produ\u00e7\u00e3o eficiente e higi\u00eanica de alm\u00f4ndegas de alta qualidade.<\/p>    <h2 id=\"h-what-are-the-characteristics-of-the-commercial-meatball-making-machine\" class=\"wp-block-heading\">Quais s\u00e3o as caracter\u00edsticas da m\u00e1quina comercial de fazer alm\u00f4ndegas?<\/h2>    <div class=\"wp-block-media-text is-stacked-on-mobile\"><figure class=\"wp-block-media-text__media\"><img loading=\"lazy\" decoding=\"async\" width=\"980\" height=\"562\" src=\"https:\/\/meat-machine.com\/wp-content\/uploads\/2022\/09\/application-of-meatball-maker-machine.webp\" alt=\"aplica\u00e7\u00e3o de m\u00e1quina de fazer alm\u00f4ndegas\" class=\"wp-image-111 size-full\" title=\"\" srcset=\"https:\/\/meat-machine.com\/wp-content\/uploads\/2022\/09\/application-of-meatball-maker-machine.webp 980w, https:\/\/meat-machine.com\/wp-content\/uploads\/2022\/09\/application-of-meatball-maker-machine-300x172.webp 300w, https:\/\/meat-machine.com\/wp-content\/uploads\/2022\/09\/application-of-meatball-maker-machine-768x440.webp 768w\" sizes=\"auto, (max-width: 980px) 100vw, 980px\" \/><\/figure><div class=\"wp-block-media-text__content\"> <ul class=\"wp-block-list\"> <li>Alta efici\u00eancia de trabalho. Produz de 500 a 600 alm\u00f4ndegas por minuto, aumentando significativamente a produtividade.<\/li>    <li>Ampla gama de aplica\u00e7\u00f5es. Capaz de fazer v\u00e1rios tipos de alm\u00f4ndegas e <a href=\"https:\/\/en.wikipedia.org\/wiki\/Seafood\" data-type=\"link\" data-id=\"https:\/\/en.wikipedia.org\/wiki\/Seafood\" target=\"_blank\" rel=\"noopener\">frutos do mar<\/a> bolas.<\/li>    <li>Tamanho de alm\u00f4ndega ajust\u00e1vel. O di\u00e2metro das alm\u00f4ndegas pode ser personalizado para atender necessidades espec\u00edficas.<\/li> <\/ul> <\/div><\/div>    <div class=\"wp-block-media-text has-media-on-the-right is-stacked-on-mobile\"><div class=\"wp-block-media-text__content\"> <ul class=\"wp-block-list\"> <li>Alm\u00f4ndegas uniformes e de alta qualidade. Produz alm\u00f4ndegas de tamanho uniforme, com bom sabor e elasticidade, resistentes \u00e0 quebra mesmo ap\u00f3s fervura prolongada.<\/li>    <li>Constru\u00e7\u00e3o dur\u00e1vel em a\u00e7o inoxid\u00e1vel. Fabricado em a\u00e7o inoxid\u00e1vel de qualidade alimentar, garantindo seguran\u00e7a, durabilidade e longa vida \u00fatil.<\/li> <\/ul> <\/div><figure class=\"wp-block-media-text__media\"><img loading=\"lazy\" decoding=\"async\" width=\"540\" height=\"720\" src=\"https:\/\/meat-machine.com\/wp-content\/uploads\/2022\/09\/Meatball-Making-Machine-moulds.webp\" alt=\"Meatball Making Machine moulds\" class=\"wp-image-1186 size-full\" title=\"\" srcset=\"https:\/\/meat-machine.com\/wp-content\/uploads\/2022\/09\/Meatball-Making-Machine-moulds.webp 540w, https:\/\/meat-machine.com\/wp-content\/uploads\/2022\/09\/Meatball-Making-Machine-moulds-225x300.webp 225w, https:\/\/meat-machine.com\/wp-content\/uploads\/2022\/09\/Meatball-Making-Machine-moulds-9x12.webp 9w\" sizes=\"auto, (max-width: 540px) 100vw, 540px\" \/><\/figure><\/div>    <div class=\"wp-block-media-text is-stacked-on-mobile\"><figure class=\"wp-block-media-text__media\"><img loading=\"lazy\" decoding=\"async\" width=\"540\" height=\"720\" src=\"https:\/\/meat-machine.com\/wp-content\/uploads\/2022\/09\/meatball-forming-machine-for-sale.webp\" alt=\"m\u00e1quina de formar alm\u00f4ndegas \u00e0 venda\" class=\"wp-image-1181 size-full\" title=\"\" srcset=\"https:\/\/meat-machine.com\/wp-content\/uploads\/2022\/09\/meatball-forming-machine-for-sale.webp 540w, https:\/\/meat-machine.com\/wp-content\/uploads\/2022\/09\/meatball-forming-machine-for-sale-225x300.webp 225w, https:\/\/meat-machine.com\/wp-content\/uploads\/2022\/09\/meatball-forming-machine-for-sale-9x12.webp 9w\" sizes=\"auto, (max-width: 540px) 100vw, 540px\" \/><\/figure><div class=\"wp-block-media-text__content\"> <ul class=\"wp-block-list\"> <li>Velocidade ajust\u00e1vel. A velocidade de sa\u00edda das alm\u00f4ndegas pode ser modificada para melhor controle.<\/li>    <li>Design compacto e flex\u00edvel. Ocupa um espa\u00e7o m\u00ednimo, permitindo uma coloca\u00e7\u00e3o flex\u00edvel em diferentes ambientes de trabalho.<\/li> <\/ul> <\/div><\/div>    <h2 class=\"wp-block-heading\">Par\u00e2metros da m\u00e1quina de fazer alm\u00f4ndegas<\/h2>    <figure class=\"wp-block-table\"><table class=\"has-fixed-layout\"><thead><tr><th>Par\u00e2metro<\/th><th>Especifica\u00e7\u00e3o<\/th><\/tr><\/thead><tbody><tr><td>Modelo<\/td><td>TZ-1<\/td><\/tr><tr><td>Tens\u00e3o<\/td><td>380V 50Hz Trif\u00e1sico<\/td><\/tr><tr><td>Capacidade<\/td><td>500\u2013600 pcs\/min<\/td><\/tr><tr><td>Tamanho<\/td><td>1050 \u00d7 600 \u00d7 1800 mm<\/td><\/tr><tr><td>Peso<\/td><td>160 kg<\/td><\/tr><\/tbody><\/table><figcaption class=\"wp-element-caption\">par\u00e2metros da m\u00e1quina de fazer alm\u00f4ndegas<\/figcaption><\/figure>    <h2 class=\"wp-block-heading\">Equipamentos de apoio da m\u00e1quina de formar alm\u00f4ndegas<\/h2>    <p class=\"wp-block-paragraph translation-block\">A <strong>m\u00e1quina de formar alm\u00f4ndegas<\/strong> pode ser usada juntamente com equipamentos de apoio para criar um processo de produ\u00e7\u00e3o mais eficiente e automatizado. Ap\u00f3s a forma\u00e7\u00e3o das alm\u00f4ndegas, elas podem ser transferidas diretamente para uma <strong>m\u00e1quina de fervura de alm\u00f4ndegas a temperatura constante<\/strong> para cozinhar ou para uma <strong>m\u00e1quina de fritar<\/strong> para fritar, dependendo dos requisitos finais do produto. <\/p>    <p class=\"wp-block-paragraph\">A m\u00e1quina de fervura a temperatura constante garante que as alm\u00f4ndegas sejam cozidas de forma uniforme e mantenham uma superf\u00edcie lisa e uma boa textura, enquanto a m\u00e1quina de fritar \u00e9 adequada para produzir alm\u00f4ndegas fritas crocantes com sabor rico. <\/p>    <p class=\"wp-block-paragraph\">Ao combinar a m\u00e1quina de formar alm\u00f4ndegas com estas m\u00e1quinas de apoio, os utilizadores podem construir uma linha de processamento cont\u00ednuo de alm\u00f4ndegas, melhorando significativamente a efici\u00eancia de produ\u00e7\u00e3o e a qualidade do produto.<\/p>    <figure class=\"wp-block-gallery has-nested-images columns-default is-cropped wp-block-gallery-2 is-layout-flex wp-block-gallery-is-layout-flex\"> <figure class=\"wp-block-image size-large\"><img loading=\"lazy\" decoding=\"async\" width=\"540\" height=\"720\" data-id=\"1183\" src=\"https:\/\/meat-machine.com\/wp-content\/uploads\/2022\/09\/commercial-meatball-molding-machine.webp\" alt=\"m\u00e1quina comercial de moldagem de alm\u00f4ndegas\" class=\"wp-image-1183\" title=\"\" srcset=\"https:\/\/meat-machine.com\/wp-content\/uploads\/2022\/09\/commercial-meatball-molding-machine.webp 540w, https:\/\/meat-machine.com\/wp-content\/uploads\/2022\/09\/commercial-meatball-molding-machine-225x300.webp 225w, https:\/\/meat-machine.com\/wp-content\/uploads\/2022\/09\/commercial-meatball-molding-machine-9x12.webp 9w\" sizes=\"auto, (max-width: 540px) 100vw, 540px\" \/><figcaption class=\"wp-element-caption\">M\u00e1quina comercial de moldagem de alm\u00f4ndegas<\/figcaption><\/figure>    <figure class=\"wp-block-image size-large\"><img loading=\"lazy\" decoding=\"async\" width=\"720\" height=\"540\" data-id=\"1044\" src=\"https:\/\/meat-machine.com\/wp-content\/uploads\/2026\/02\/frying-machine-1.webp\" alt=\"m\u00e1quina de fritar\" class=\"wp-image-1044\" title=\"\" srcset=\"https:\/\/meat-machine.com\/wp-content\/uploads\/2026\/02\/frying-machine-1.webp 720w, https:\/\/meat-machine.com\/wp-content\/uploads\/2026\/02\/frying-machine-1-300x225.webp 300w, https:\/\/meat-machine.com\/wp-content\/uploads\/2026\/02\/frying-machine-1-16x12.webp 16w\" sizes=\"auto, (max-width: 720px) 100vw, 720px\" \/><figcaption class=\"wp-element-caption\">M\u00e1quina de Fritar<\/figcaption><\/figure> <\/figure>    <h2 id=\"h-meatball-making-machine-for-sale\" class=\"wp-block-heading\">Vendo m\u00e1quina de fazer alm\u00f4ndegas<\/h2>    <p class=\"wp-block-paragraph\">A Taizy oferece uma ampla gama de m\u00e1quinas formadoras de alm\u00f4ndegas, dispon\u00edveis em v\u00e1rios modelos com rendimentos e tamanhos personaliz\u00e1veis. <\/p>    <p class=\"wp-block-paragraph\">Como um fabricante chin\u00eas confi\u00e1vel com mais de 10 anos de experi\u00eancia, fornecemos m\u00e1quinas de alta qualidade a pre\u00e7os competitivos, apoiados por um suporte p\u00f3s-venda confi\u00e1vel. <\/p>    <p class=\"wp-block-paragraph\">Se voc\u00ea est\u00e1 \u00e0 procura de um fornecedor confi\u00e1vel de m\u00e1quinas de alm\u00f4ndega, entre em contato conosco hoje!<\/p>   <div class=\"wp-block-image\"> <figure class=\"aligncenter size-full\"><img loading=\"lazy\" decoding=\"async\" width=\"980\" height=\"375\" src=\"https:\/\/meat-machine.com\/wp-content\/uploads\/2022\/09\/meatball-forming-machine-details.webp\" alt=\"detalhes da m\u00e1quina formadora de alm\u00f4ndegas\" class=\"wp-image-113\" title=\"\" srcset=\"https:\/\/meat-machine.com\/wp-content\/uploads\/2022\/09\/meatball-forming-machine-details.webp 980w, https:\/\/meat-machine.com\/wp-content\/uploads\/2022\/09\/meatball-forming-machine-details-300x115.webp 300w, https:\/\/meat-machine.com\/wp-content\/uploads\/2022\/09\/meatball-forming-machine-details-768x294.webp 768w\" sizes=\"auto, (max-width: 980px) 100vw, 980px\" \/><figcaption class=\"wp-element-caption\">detalhes da m\u00e1quina formadora de alm\u00f4ndegas<\/figcaption><\/figure> <\/div>   <h2 id=\"h-meatball-forming-machine-price\" class=\"wp-block-heading\">Pre\u00e7o da m\u00e1quina formadora de alm\u00f4ndegas<\/h2>    <div class=\"wp-block-media-text is-stacked-on-mobile\"><figure class=\"wp-block-media-text__media\"><img loading=\"lazy\" decoding=\"async\" width=\"540\" height=\"720\" src=\"https:\/\/meat-machine.com\/wp-content\/uploads\/2022\/09\/meatball-making-machine-price-1.webp\" alt=\"pre\u00e7o da m\u00e1quina de fazer alm\u00f4ndegas\" class=\"wp-image-1182 size-full\" title=\"\" srcset=\"https:\/\/meat-machine.com\/wp-content\/uploads\/2022\/09\/meatball-making-machine-price-1.webp 540w, https:\/\/meat-machine.com\/wp-content\/uploads\/2022\/09\/meatball-making-machine-price-1-225x300.webp 225w, https:\/\/meat-machine.com\/wp-content\/uploads\/2022\/09\/meatball-making-machine-price-1-9x12.webp 9w\" sizes=\"auto, (max-width: 540px) 100vw, 540px\" \/><\/figure><div class=\"wp-block-media-text__content\"> <p class=\"wp-block-paragraph\">O pre\u00e7o de uma m\u00e1quina comercial de fazer alm\u00f4ndegas depende de v\u00e1rios fatores, como produ\u00e7\u00e3o, dist\u00e2ncia e taxas de impostos. Os pre\u00e7os online s\u00e3o frequentemente estimativas e n\u00e3o o custo real.<\/p>    <p class=\"wp-block-paragraph\">Para obter pre\u00e7os precisos, voc\u00ea deve entrar em contato conosco diretamente para discutir os detalhes da m\u00e1quina e receber um or\u00e7amento preciso.<\/p> <\/div><\/div>    <h2 id=\"h-precautions-for-use-of-commercial-meatball-forming-equipment\" class=\"wp-block-heading\">Precau\u00e7\u00f5es para uso de m\u00e1quina comercial de fazer alm\u00f4ndegas<\/h2>    <div class=\"wp-block-media-text has-media-on-the-right is-stacked-on-mobile\"><div class=\"wp-block-media-text__content\"> <ul class=\"wp-block-list\"> <li>Coloque a m\u00e1quina em uma superf\u00edcie est\u00e1vel e garanta conex\u00f5es adequadas de energia e aterramento.<\/li>    <li>Limpe a m\u00e1quina antes e depois do uso.<\/li>    <li>Execute um teste vazio para confirmar a opera\u00e7\u00e3o normal antes de iniciar.<\/li>    <li>Processe a carne em um moedor antes de coloc\u00e1-la na m\u00e1quina.<\/li>    <li>Use \u00e1gua morna na sa\u00edda para coletar as alm\u00f4ndegas.<\/li>    <li>Ajuste o peso, o enchimento e a velocidade conforme necess\u00e1rio.<\/li> <\/ul> <\/div><figure class=\"wp-block-media-text__media\"><img loading=\"lazy\" decoding=\"async\" width=\"540\" height=\"720\" src=\"https:\/\/meat-machine.com\/wp-content\/uploads\/2026\/02\/meatball-making-machine-price.webp\" alt=\"pre\u00e7o da m\u00e1quina de fazer alm\u00f4ndegas\" class=\"wp-image-1048 size-full\" title=\"\" srcset=\"https:\/\/meat-machine.com\/wp-content\/uploads\/2026\/02\/meatball-making-machine-price.webp 540w, https:\/\/meat-machine.com\/wp-content\/uploads\/2026\/02\/meatball-making-machine-price-225x300.webp 225w, https:\/\/meat-machine.com\/wp-content\/uploads\/2026\/02\/meatball-making-machine-price-9x12.webp 9w\" sizes=\"auto, (max-width: 540px) 100vw, 540px\" \/><\/figure><\/div>    <h2 class=\"wp-block-heading\">Conclus\u00e3o<\/h2>    <p class=\"wp-block-paragraph translation-block\">Se procura uma solu\u00e7\u00e3o eficiente para produzir alm\u00f4ndegas de alta qualidade, a nossa <strong>M\u00e1quina de fazer alm\u00f4ndegas<\/strong> \u00e9 uma excelente escolha. <\/p>    <p class=\"wp-block-paragraph\">Sinta-se \u00e0 vontade para contactar-nos para mais detalhes, v\u00eddeos da m\u00e1quina e uma cota\u00e7\u00e3o personalizada. A nossa equipa ajudar\u00e1 a escolher o equipamento mais adequado para a sua linha de produ\u00e7\u00e3o.<\/p>","protected":false},"excerpt":{"rendered":"<p>A m\u00e1quina de fazer alm\u00f4ndegas pode produzir uma variedade de alm\u00f4ndegas, incluindo boi, porco, frango, carneiro, camar\u00e3o e bolinhos de peixe. <\/p>","protected":false},"author":1,"featured_media":112,"parent":0,"template":"","tags":[23],"product-type":[4],"class_list":["post-109","product","type-product","status-publish","has-post-thumbnail","hentry","tag-meatball-making-machine","product-type-meat-grinder"],"_links":{"self":[{"href":"https:\/\/meat-machine.com\/pt\/wp-json\/wp\/v2\/product\/109","targetHints":{"allow":["GET"]}}],"collection":[{"href":"https:\/\/meat-machine.com\/pt\/wp-json\/wp\/v2\/product"}],"about":[{"href":"https:\/\/meat-machine.com\/pt\/wp-json\/wp\/v2\/types\/product"}],"author":[{"embeddable":true,"href":"https:\/\/meat-machine.com\/pt\/wp-json\/wp\/v2\/users\/1"}],"wp:featuredmedia":[{"embeddable":true,"href":"https:\/\/meat-machine.com\/pt\/wp-json\/wp\/v2\/media\/112"}],"wp:attachment":[{"href":"https:\/\/meat-machine.com\/pt\/wp-json\/wp\/v2\/media?parent=109"}],"wp:term":[{"taxonomy":"post_tag","embeddable":true,"href":"https:\/\/meat-machine.com\/pt\/wp-json\/wp\/v2\/tags?post=109"},{"taxonomy":"product-type","embeddable":true,"href":"https:\/\/meat-machine.com\/pt\/wp-json\/wp\/v2\/product-type?post=109"}],"curies":[{"name":"wp","href":"https:\/\/api.w.org\/{rel}","templated":true}]}}