{"id":1052,"date":"2026-02-26T15:53:58","date_gmt":"2026-02-26T07:53:58","guid":{"rendered":"https:\/\/meat-machine.com\/?post_type=product&#038;p=1052"},"modified":"2026-02-26T15:53:59","modified_gmt":"2026-02-26T07:53:59","slug":"meat-bowl-chopper-and-mixer-machine","status":"publish","type":"product","link":"https:\/\/meat-machine.com\/pt\/product\/meat-bowl-chopper-and-mixer-machine\/","title":{"rendered":"M\u00e1quina de picar e misturar carneiro e tigela"},"content":{"rendered":"<div class=\"kk-star-ratings kksr-auto kksr-align-left kksr-valign-top\"     data-payload='{&quot;align&quot;:&quot;left&quot;,&quot;id&quot;:&quot;1052&quot;,&quot;slug&quot;:&quot;default&quot;,&quot;valign&quot;:&quot;top&quot;,&quot;ignore&quot;:&quot;&quot;,&quot;reference&quot;:&quot;auto&quot;,&quot;class&quot;:&quot;&quot;,&quot;count&quot;:&quot;0&quot;,&quot;legendonly&quot;:&quot;&quot;,&quot;readonly&quot;:&quot;&quot;,&quot;score&quot;:&quot;0&quot;,&quot;starsonly&quot;:&quot;&quot;,&quot;best&quot;:&quot;5&quot;,&quot;gap&quot;:&quot;5&quot;,&quot;greet&quot;:&quot;Rate this product&quot;,&quot;legend&quot;:&quot;0\\\/5 - (0 votes)&quot;,&quot;size&quot;:&quot;24&quot;,&quot;title&quot;:&quot;Meat bowl chopper and mixer machine&quot;,&quot;width&quot;:&quot;0&quot;,&quot;_legend&quot;:&quot;{score}\\\/{best} - ({count} {votes})&quot;,&quot;font_factor&quot;:&quot;1.25&quot;}'>              <div class=\"kksr-stars\">      <div class=\"kksr-stars-inactive\">             <div class=\"kksr-star\" data-star=\"1\" style=\"padding-right: 5px\">               <div class=\"kksr-icon\" style=\"width: 24px; height: 24px;\"><\/div>         <\/div>             <div class=\"kksr-star\" data-star=\"2\" style=\"padding-right: 5px\">               <div class=\"kksr-icon\" style=\"width: 24px; height: 24px;\"><\/div>         <\/div>             <div class=\"kksr-star\" data-star=\"3\" style=\"padding-right: 5px\">               <div class=\"kksr-icon\" style=\"width: 24px; height: 24px;\"><\/div>         <\/div>             <div class=\"kksr-star\" data-star=\"4\" style=\"padding-right: 5px\">               <div class=\"kksr-icon\" style=\"width: 24px; height: 24px;\"><\/div>         <\/div>             <div class=\"kksr-star\" data-star=\"5\" style=\"padding-right: 5px\">               <div class=\"kksr-icon\" style=\"width: 24px; height: 24px;\"><\/div>         <\/div>     <\/div>      <div class=\"kksr-stars-active\" style=\"width: 0px;\">             <div class=\"kksr-star\" style=\"padding-right: 5px\">               <div class=\"kksr-icon\" style=\"width: 24px; height: 24px;\"><\/div>         <\/div>             <div class=\"kksr-star\" style=\"padding-right: 5px\">               <div class=\"kksr-icon\" style=\"width: 24px; height: 24px;\"><\/div>         <\/div>             <div class=\"kksr-star\" style=\"padding-right: 5px\">               <div class=\"kksr-icon\" style=\"width: 24px; height: 24px;\"><\/div>         <\/div>             <div class=\"kksr-star\" style=\"padding-right: 5px\">               <div class=\"kksr-icon\" style=\"width: 24px; height: 24px;\"><\/div>         <\/div>             <div class=\"kksr-star\" style=\"padding-right: 5px\">               <div class=\"kksr-icon\" style=\"width: 24px; height: 24px;\"><\/div>         <\/div>     <\/div> <\/div>                   <div class=\"kksr-legend\" style=\"font-size: 19.2px;\">             <span class=\"kksr-muted\">Avalie este produto<\/span>     <\/div>     <\/div>  <p class=\"wp-block-paragraph translation-block\"><br><strong>A m\u00e1quina de corte e mistura de carne em ta\u00e7a<\/strong> \u00e9 uma m\u00e1quina de processamento de alimentos que integra corte de alta velocidade e mistura uniforme numa \u00fanica unidade. \u00c9 principalmente usada para processar carne e temperos em carne mo\u00edda fina, bem misturada ou pasta. <\/p>    <p class=\"wp-block-paragraph\">Ao combinar uma ta\u00e7a rotativa com facas de alta velocidade, a m\u00e1quina realiza corte, mistura e emulsifica\u00e7\u00e3o em pouco tempo. \u00c9 amplamente utilizada na produ\u00e7\u00e3o industrial de salsichas, alm\u00f4ndegas, hamb\u00fargueres e outros produtos de carne, sendo uma pe\u00e7a-chave para melhorar efici\u00eancia e qualidade do produto.<\/p>    <figure class=\"wp-block-embed is-type-video is-provider-youtube wp-block-embed-youtube wp-embed-aspect-9-16 wp-has-aspect-ratio\"><div class=\"wp-block-embed__wrapper\"> <iframe loading=\"lazy\" title=\"Meat Bowl Mixer Machine | Efficient Mixing for Sausage &amp; Meat Processing #meat #mixer #foodmachine\" width=\"422\" height=\"750\" src=\"https:\/\/www.youtube.com\/embed\/vVYxtUePktA?feature=oembed\" frameborder=\"0\" allow=\"accelerometer; autoplay; clipboard-write; encrypted-media; gyroscope; picture-in-picture; web-share\" referrerpolicy=\"strict-origin-when-cross-origin\" allowfullscreen><\/iframe> <\/div><figcaption class=\"wp-element-caption\">V\u00eddeo de funcionamento da m\u00e1quina de corte e mistura de carne<\/figcaption><\/figure>    <h2 class=\"wp-block-heading\">M\u00e1quina de corte e mistura de carne em ta\u00e7a de alta efici\u00eancia<\/h2>    <p class=\"wp-block-paragraph translation-block\">A <strong>m\u00e1quina de picar e misturar carne em ta\u00e7a<\/strong> apresenta um acionamento por turbina e engrenagem sem-fim para opera\u00e7\u00e3o suave e fi\u00e1vel. A ta\u00e7a e todos os componentes em contacto com alimentos s\u00e3o feitos de a\u00e7o inoxid\u00e1vel, garantindo durabilidade e f\u00e1cil limpeza. O sistema de engrenagens de precis\u00e3o, fabricado com liga de alum\u00ednio de alta qualidade e engrenagens de cobre, garante desempenho est\u00e1vel.<\/p>    <p class=\"wp-block-paragraph\">Esta m\u00e1quina destaca-se ao picar e misturar carne, carne mo\u00edda, legumes e outros ingredientes principais, incorporando \u00e1gua, gelo, especiarias e outros aditivos. A sua capacidade de emulsifica\u00e7\u00e3o cria uma mistura uniforme e lisa que melhora a textura, densidade e elasticidade de produtos como salsichas. <\/p>    <p class=\"wp-block-paragraph\">Velocidades ajust\u00e1veis de faca alta e baixa combinadas com controlo de rota\u00e7\u00e3o da ta\u00e7a sem escovas permitem completar o corte, mistura e emulsifica\u00e7\u00e3o num \u00fanico processo eficiente, tornando-o ideal para produ\u00e7\u00e3o industrial de carne e alimentos.<\/p>    <figure class=\"wp-block-gallery has-nested-images columns-default is-cropped wp-block-gallery-2 is-layout-flex wp-block-gallery-is-layout-flex\"> <figure class=\"wp-block-image size-large\"><img loading=\"lazy\" decoding=\"async\" width=\"720\" height=\"540\" data-id=\"1056\" src=\"https:\/\/meat-machine.com\/wp-content\/uploads\/2026\/02\/Meat-bowl-chopper-and-mixer-machine-blades.webp\" alt=\"misturador de carne\" class=\"wp-image-1056\" title=\"\" srcset=\"https:\/\/meat-machine.com\/wp-content\/uploads\/2026\/02\/Meat-bowl-chopper-and-mixer-machine-blades.webp 720w, https:\/\/meat-machine.com\/wp-content\/uploads\/2026\/02\/Meat-bowl-chopper-and-mixer-machine-blades-300x225.webp 300w, https:\/\/meat-machine.com\/wp-content\/uploads\/2026\/02\/Meat-bowl-chopper-and-mixer-machine-blades-16x12.webp 16w\" sizes=\"auto, (max-width: 720px) 100vw, 720px\" \/><figcaption class=\"wp-element-caption\">L\u00e2minas da m\u00e1quina de picar e misturar carne em ta\u00e7a<\/figcaption><\/figure>    <figure class=\"wp-block-image size-large\"><img loading=\"lazy\" decoding=\"async\" width=\"720\" height=\"540\" data-id=\"1057\" src=\"https:\/\/meat-machine.com\/wp-content\/uploads\/2026\/02\/meat-chopping-machine-details.webp\" alt=\"Detalhes da m\u00e1quina de corte de carne\" class=\"wp-image-1057\" title=\"\" srcset=\"https:\/\/meat-machine.com\/wp-content\/uploads\/2026\/02\/meat-chopping-machine-details.webp 720w, https:\/\/meat-machine.com\/wp-content\/uploads\/2026\/02\/meat-chopping-machine-details-300x225.webp 300w, https:\/\/meat-machine.com\/wp-content\/uploads\/2026\/02\/meat-chopping-machine-details-16x12.webp 16w\" sizes=\"auto, (max-width: 720px) 100vw, 720px\" \/><figcaption class=\"wp-element-caption\">Detalhes da m\u00e1quina de corte de carne<\/figcaption><\/figure> <\/figure>    <h2 class=\"wp-block-heading\">Estrutura e funcionamento da m\u00e1quina de corte e mistura de carne<\/h2>    <p class=\"wp-block-paragraph translation-block\"><br>A <strong>misturadora de carne em ta\u00e7a<\/strong> funciona atrav\u00e9s de uma combina\u00e7\u00e3o de ta\u00e7a rotativa, eixo de faca de alta velocidade, estrutura robusta e sistema de controlo el\u00e9trico que sincroniza todo o processo. <\/p>    <p class=\"wp-block-paragraph\">A ta\u00e7a gira a uma velocidade baixa controlada atrav\u00e9s de um redutor, criando um movimento espiral que alimenta continuamente as mat\u00e9rias-primas para o conjunto de facas. Ao mesmo tempo, o eixo de corte, alimentado por um motor de duas velocidades ou de frequ\u00eancia vari\u00e1vel, faz girar as facas a alta velocidade, cortando e misturando eficientemente os ingredientes. <\/p>    <figure class=\"wp-block-image size-full\"><img loading=\"lazy\" decoding=\"async\" width=\"720\" height=\"540\" src=\"https:\/\/meat-machine.com\/wp-content\/uploads\/2026\/02\/Meat-bowl-chopper-and-mixer-machine-exported.webp\" alt=\"Detalhes da m\u00e1quina de corte de carne\" class=\"wp-image-1058\" title=\"\" srcset=\"https:\/\/meat-machine.com\/wp-content\/uploads\/2026\/02\/Meat-bowl-chopper-and-mixer-machine-exported.webp 720w, https:\/\/meat-machine.com\/wp-content\/uploads\/2026\/02\/Meat-bowl-chopper-and-mixer-machine-exported-300x225.webp 300w, https:\/\/meat-machine.com\/wp-content\/uploads\/2026\/02\/Meat-bowl-chopper-and-mixer-machine-exported-16x12.webp 16w\" sizes=\"auto, (max-width: 720px) 100vw, 720px\" \/><figcaption class=\"wp-element-caption\">M\u00e1quina de corte e mistura de carne em ta\u00e7a exportada<\/figcaption><\/figure>    <p class=\"wp-block-paragraph\">Este movimento n\u00e3o s\u00f3 garante uma textura uniforme, mas tamb\u00e9m remove o ar preso na mistura, melhorando a sua consist\u00eancia. O corte em alta velocidade reduz a separa\u00e7\u00e3o de l\u00edquidos, preserva a humidade e aumenta a elasticidade e a finura da carne e outros ingredientes. <\/p>    <p class=\"wp-block-paragraph\">A m\u00e1quina \u00e9 vers\u00e1til, capaz de processar carne, legumes e v\u00e1rios aditivos, produzindo produtos finamente picados e bem misturados, adequados para salsichas, alm\u00f4ndegas e outros alimentos processados.<\/p>    <figure class=\"wp-block-image size-full\"><img loading=\"lazy\" decoding=\"async\" width=\"720\" height=\"540\" src=\"https:\/\/meat-machine.com\/wp-content\/uploads\/2026\/02\/Meat-bowl-chopper-and-mixer-machine-price.webp\" alt=\"M\u00e1quina de corte e mistura de carne em ta\u00e7a exportada\" class=\"wp-image-1059\" title=\"\" srcset=\"https:\/\/meat-machine.com\/wp-content\/uploads\/2026\/02\/Meat-bowl-chopper-and-mixer-machine-price.webp 720w, https:\/\/meat-machine.com\/wp-content\/uploads\/2026\/02\/Meat-bowl-chopper-and-mixer-machine-price-300x225.webp 300w, https:\/\/meat-machine.com\/wp-content\/uploads\/2026\/02\/Meat-bowl-chopper-and-mixer-machine-price-16x12.webp 16w\" sizes=\"auto, (max-width: 720px) 100vw, 720px\" \/><figcaption class=\"wp-element-caption\">Pre\u00e7o da m\u00e1quina de picar e misturar carne em ta\u00e7a<\/figcaption><\/figure>    <h2 class=\"wp-block-heading\">Vantagens da m\u00e1quina de corte de carne em ta\u00e7a<\/h2>    <div class=\"wp-block-media-text is-stacked-on-mobile\"><figure class=\"wp-block-media-text__media\"><img loading=\"lazy\" decoding=\"async\" width=\"720\" height=\"540\" src=\"https:\/\/meat-machine.com\/wp-content\/uploads\/2026\/02\/meat-bowl-mixing-machine.webp\" alt=\"Pre\u00e7o da m\u00e1quina de corte e mistura de carne em ta\u00e7a\" class=\"wp-image-1060 size-full\" title=\"\" srcset=\"https:\/\/meat-machine.com\/wp-content\/uploads\/2026\/02\/meat-bowl-mixing-machine.webp 720w, https:\/\/meat-machine.com\/wp-content\/uploads\/2026\/02\/meat-bowl-mixing-machine-300x225.webp 300w, https:\/\/meat-machine.com\/wp-content\/uploads\/2026\/02\/meat-bowl-mixing-machine-16x12.webp 16w\" sizes=\"auto, (max-width: 720px) 100vw, 720px\" \/><\/figure><div class=\"wp-block-media-text__content\"> <ul class=\"wp-block-list\"> <li><strong>Velocidade ajust\u00e1vel da l\u00e2mina:<\/strong> Motor controlado por frequ\u00eancia permite velocidade da l\u00e2mina de 126 a 3800 rpm para cortes precisos, est\u00e1veis e eficientes.<\/li>    <li><strong>Constru\u00e7\u00e3o de alta qualidade:<\/strong> Fabricado com materiais importados de alta qualidade, todos os componentes em a\u00e7o inoxid\u00e1vel com uma borda de ta\u00e7a \u00e0 prova de transbordamento para evitar derrames.<\/li>    <li><strong>Ta\u00e7a de corte de duas velocidades:<\/strong> Pode ser combinado com a faca para corte e mistura \u00f3timos, reduzindo o tempo de processamento e mantendo a temperatura do material baixa.<\/li> <\/ul> <\/div><\/div>    <div class=\"wp-block-media-text has-media-on-the-right is-stacked-on-mobile\"><div class=\"wp-block-media-text__content\"> <ul class=\"wp-block-list\"> <li><strong>Corte de precis\u00e3o:<\/strong> Folgas entre l\u00e2minas inferiores a 1,5mm garantem corte uniforme e consistente mesmo em altas velocidades.<\/li>    <li><strong>Baixo ru\u00eddo e opera\u00e7\u00e3o est\u00e1vel:<\/strong> Projetada para desempenho suave e silencioso durante processamento de alta velocidade.<\/li>    <li><strong>Descarregamento conveniente:<\/strong> Equipado com sistema de descarga para esvaziamento f\u00e1cil e limpo dos materiais.<\/li>    <li><strong>Aplica\u00e7\u00e3o vers\u00e1til:<\/strong> Adequado para processamento profundo de carne, marisco, legumes, frutas e temperos, preservando a cor e qualidade naturais.<\/li> <\/ul> <\/div><figure class=\"wp-block-media-text__media\"><img loading=\"lazy\" decoding=\"async\" width=\"720\" height=\"540\" src=\"https:\/\/meat-machine.com\/wp-content\/uploads\/2026\/02\/meat-chopper-1.webp\" alt=\"A linha de produ\u00e7\u00e3o da m\u00e1quina de fabrica\u00e7\u00e3o de hamb\u00fargueres \u00e9 um sistema automatizado para processamento em grande escala de hamb\u00fargueres.\" class=\"wp-image-1061 size-full\" title=\"\" srcset=\"https:\/\/meat-machine.com\/wp-content\/uploads\/2026\/02\/meat-chopper-1.webp 720w, https:\/\/meat-machine.com\/wp-content\/uploads\/2026\/02\/meat-chopper-1-300x225.webp 300w, https:\/\/meat-machine.com\/wp-content\/uploads\/2026\/02\/meat-chopper-1-16x12.webp 16w\" sizes=\"auto, (max-width: 720px) 100vw, 720px\" \/><\/figure><\/div>    <h2 class=\"wp-block-heading\">Par\u00e2metros da m\u00e1quina de corte de carne em ta\u00e7a<\/h2>    <figure class=\"wp-block-table\"><table class=\"has-fixed-layout\"><thead><tr><th>Modelo<\/th><th>SL-20<\/th><th>SL-40<\/th><th>SL-80<\/th><th>SL-125<\/th><th>SL-200<\/th><\/tr><\/thead><tbody><tr><td><strong>Capacidade de processamento por lote (kg\/lote)<\/strong><\/td><td>10\u201315<\/td><td>20\u201330<\/td><td>40\u201350<\/td><td>70\u201380<\/td><td>100\u2013140<\/td><\/tr><tr><td><strong>Volume da ta\u00e7a (L)<\/strong><\/td><td>20<\/td><td>40<\/td><td>80<\/td><td>125<\/td><td>200<\/td><\/tr><tr><td><strong>Pot\u00eancia instalada (kW)<\/strong><\/td><td>2.55<\/td><td>6.25<\/td><td>23<\/td><td>27<\/td><td>63<\/td><\/tr><tr><td><strong>N\u00famero de facas de corte<\/strong><\/td><td>3<\/td><td>3<\/td><td>6<\/td><td>6<\/td><td>6<\/td><\/tr><tr><td><strong>Velocidade de rota\u00e7\u00e3o da ta\u00e7a (rpm)<\/strong><\/td><td>16<\/td><td>12<\/td><td>8 \/ 12<\/td><td>8 \/ 12<\/td><td>8 \/ 12 \/ 16<\/td><\/tr><tr><td><strong>Velocidade da faca (rpm)<\/strong><\/td><td>1650 \/ 3300<\/td><td>1800 \/ 3600<\/td><td>126 \/ 1800 \/ 3600<\/td><td>126 \/ 1800 \/ 3600<\/td><td>200 \/ 1900 \/ 3800<\/td><\/tr><tr><td><strong>Dimens\u00f5es gerais (mm)<\/strong><\/td><td>770 \u00d7 650 \u00d7 980<\/td><td>1245 \u00d7 810 \u00d7 1094<\/td><td>2300 \u00d7 1020 \u00d7 1195<\/td><td>2400 \u00d7 1420 \u00d7 1300<\/td><td>2580 \u00d7 2400 \u00d7 1960<\/td><\/tr><tr><td><strong>Peso da m\u00e1quina (kg)<\/strong><\/td><td>215<\/td><td>480<\/td><td>1100<\/td><td>1300<\/td><td>3800<\/td><\/tr><tr><td><strong>Fornecimento de energia<\/strong><\/td><td>380V<\/td><td>380V<\/td><td>380V<\/td><td>380V<\/td><td>380V<\/td><\/tr><\/tbody><\/table><figcaption class=\"wp-element-caption\">Par\u00e2metros da m\u00e1quina de corte e mistura de carne em ta\u00e7a<\/figcaption><\/figure>    <figure class=\"wp-block-gallery has-nested-images columns-default is-cropped wp-block-gallery-3 is-layout-flex wp-block-gallery-is-layout-flex\"> <figure class=\"wp-block-image size-large\"><img loading=\"lazy\" decoding=\"async\" width=\"720\" height=\"540\" data-id=\"1062\" src=\"https:\/\/meat-machine.com\/wp-content\/uploads\/2026\/02\/final-products.webp\" alt=\"M\u00e1quina de mistura de carne em ta\u00e7a\" class=\"wp-image-1062\" title=\"\" srcset=\"https:\/\/meat-machine.com\/wp-content\/uploads\/2026\/02\/final-products.webp 720w, https:\/\/meat-machine.com\/wp-content\/uploads\/2026\/02\/final-products-300x225.webp 300w, https:\/\/meat-machine.com\/wp-content\/uploads\/2026\/02\/final-products-16x12.webp 16w\" sizes=\"auto, (max-width: 720px) 100vw, 720px\" \/><figcaption class=\"wp-element-caption\">Produtos finais<\/figcaption><\/figure>    <figure class=\"wp-block-image size-large\"><img loading=\"lazy\" decoding=\"async\" width=\"720\" height=\"540\" data-id=\"1063\" src=\"https:\/\/meat-machine.com\/wp-content\/uploads\/2026\/02\/meat-mixer.webp\" alt=\"produtos finais\" class=\"wp-image-1063\" title=\"\" srcset=\"https:\/\/meat-machine.com\/wp-content\/uploads\/2026\/02\/meat-mixer.webp 720w, https:\/\/meat-machine.com\/wp-content\/uploads\/2026\/02\/meat-mixer-300x225.webp 300w, https:\/\/meat-machine.com\/wp-content\/uploads\/2026\/02\/meat-mixer-16x12.webp 16w\" sizes=\"auto, (max-width: 720px) 100vw, 720px\" \/><figcaption class=\"wp-element-caption\">Misturador de carne<\/figcaption><\/figure>    <figure class=\"wp-block-image size-large\"><img loading=\"lazy\" decoding=\"async\" width=\"720\" height=\"540\" data-id=\"1064\" src=\"https:\/\/meat-machine.com\/wp-content\/uploads\/2026\/02\/meat.webp\" alt=\"carne\" class=\"wp-image-1064\" title=\"\" srcset=\"https:\/\/meat-machine.com\/wp-content\/uploads\/2026\/02\/meat.webp 720w, https:\/\/meat-machine.com\/wp-content\/uploads\/2026\/02\/meat-300x225.webp 300w, https:\/\/meat-machine.com\/wp-content\/uploads\/2026\/02\/meat-16x12.webp 16w\" sizes=\"auto, (max-width: 720px) 100vw, 720px\" \/><figcaption class=\"wp-element-caption\">Carne<\/figcaption><\/figure> <\/figure>    <h2 class=\"wp-block-heading\">Conclus\u00e3o<\/h2>    <p class=\"wp-block-paragraph translation-block\">A <strong>M\u00e1quina de picar e misturar carne em ta\u00e7a<\/strong> \u00e9 perfeita para produ\u00e7\u00e3o industrial de <a href=\"https:\/\/meat-machine.com\/pt\/produto\/linha-de-processamento-de-salsicha\/\" data-type=\"link\" data-id=\"https:\/\/meat-machine.com\/product\/sausage-processing-line\/\">salsichas<\/a>, <a href=\"https:\/\/meat-machine.com\/pt\/produto\/meatball-making-machine-processing-line\/\" data-type=\"link\" data-id=\"https:\/\/meat-machine.com\/product\/meatball-making-machine-processing-line\/\">alm\u00f4ndegas<\/a>, <a href=\"https:\/\/meat-machine.com\/pt\/produto\/meat-patty-making-machine-production-line\/\" data-type=\"link\" data-id=\"https:\/\/meat-machine.com\/product\/meat-patty-making-machine-production-line\/\">hamb\u00fargueres<\/a> e outros alimentos processados, esta m\u00e1quina reduz o tempo de processamento, preserva a qualidade dos ingredientes e simplifica a opera\u00e7\u00e3o. <\/p>    <figure class=\"wp-block-gallery has-nested-images columns-default is-cropped wp-block-gallery-4 is-layout-flex wp-block-gallery-is-layout-flex\"> <figure class=\"wp-block-image size-large\"><img loading=\"lazy\" decoding=\"async\" width=\"720\" height=\"540\" data-id=\"1038\" src=\"https:\/\/meat-machine.com\/wp-content\/uploads\/2026\/02\/Meatball-making-machine-processing-line.webp\" alt=\"Linha de processamento de m\u00e1quinas de fazer alm\u00f4ndegas\" class=\"wp-image-1038\" title=\"\" srcset=\"https:\/\/meat-machine.com\/wp-content\/uploads\/2026\/02\/Meatball-making-machine-processing-line.webp 720w, https:\/\/meat-machine.com\/wp-content\/uploads\/2026\/02\/Meatball-making-machine-processing-line-300x225.webp 300w, https:\/\/meat-machine.com\/wp-content\/uploads\/2026\/02\/Meatball-making-machine-processing-line-16x12.webp 16w\" sizes=\"auto, (max-width: 720px) 100vw, 720px\" \/><figcaption class=\"wp-element-caption\">Linha de produ\u00e7\u00e3o de m\u00e1quinas de fazer alm\u00f4ndegas<\/figcaption><\/figure>    <figure class=\"wp-block-image size-large\"><img loading=\"lazy\" decoding=\"async\" width=\"720\" height=\"540\" data-id=\"1026\" src=\"https:\/\/meat-machine.com\/wp-content\/uploads\/2026\/02\/industrial-Meat-patty-making-machine-production-line.webp\" alt=\"m\u00e1quina de embalagem\" class=\"wp-image-1026\" title=\"\" srcset=\"https:\/\/meat-machine.com\/wp-content\/uploads\/2026\/02\/industrial-Meat-patty-making-machine-production-line.webp 720w, https:\/\/meat-machine.com\/wp-content\/uploads\/2026\/02\/industrial-Meat-patty-making-machine-production-line-300x225.webp 300w, https:\/\/meat-machine.com\/wp-content\/uploads\/2026\/02\/industrial-Meat-patty-making-machine-production-line-16x12.webp 16w\" sizes=\"auto, (max-width: 720px) 100vw, 720px\" \/><figcaption class=\"wp-element-caption\">Linha de produ\u00e7\u00e3o de m\u00e1quinas industriais de fazer hamb\u00farguer<\/figcaption><\/figure>    <figure class=\"wp-block-image size-large\"><img loading=\"lazy\" decoding=\"async\" width=\"720\" height=\"540\" data-id=\"459\" src=\"https:\/\/meat-machine.com\/wp-content\/uploads\/2023\/08\/sausage-production-line.webp\" alt=\"equipamento para fazer salsichas\" class=\"wp-image-459\" title=\"\" srcset=\"https:\/\/meat-machine.com\/wp-content\/uploads\/2023\/08\/sausage-production-line.webp 720w, https:\/\/meat-machine.com\/wp-content\/uploads\/2023\/08\/sausage-production-line-300x225.webp 300w\" sizes=\"auto, (max-width: 720px) 100vw, 720px\" \/><figcaption class=\"wp-element-caption\">Equipamento para fazer salsichas<\/figcaption><\/figure> <\/figure>    <p class=\"wp-block-paragraph translation-block\"><strong>Entre em contacto connosco hoje para obter um or\u00e7amento e veja como esta m\u00e1quina pode elevar a sua linha de produ\u00e7\u00e3o.<\/strong><br><br><\/p>","protected":false},"excerpt":{"rendered":"<p>A m\u00e1quina cortadora e misturadora de carne \u00e9 uma m\u00e1quina de processamento de alimentos que integra corte de alta velocidade e mistura uniforme numa \u00fanica unidade.<\/p>","protected":false},"author":1,"featured_media":1055,"parent":0,"template":"","tags":[79],"product-type":[4],"class_list":["post-1052","product","type-product","status-publish","has-post-thumbnail","hentry","tag-meat-bowl-chopper-and-mixer-machine","product-type-meat-grinder"],"_links":{"self":[{"href":"https:\/\/meat-machine.com\/pt\/wp-json\/wp\/v2\/product\/1052","targetHints":{"allow":["GET"]}}],"collection":[{"href":"https:\/\/meat-machine.com\/pt\/wp-json\/wp\/v2\/product"}],"about":[{"href":"https:\/\/meat-machine.com\/pt\/wp-json\/wp\/v2\/types\/product"}],"author":[{"embeddable":true,"href":"https:\/\/meat-machine.com\/pt\/wp-json\/wp\/v2\/users\/1"}],"wp:featuredmedia":[{"embeddable":true,"href":"https:\/\/meat-machine.com\/pt\/wp-json\/wp\/v2\/media\/1055"}],"wp:attachment":[{"href":"https:\/\/meat-machine.com\/pt\/wp-json\/wp\/v2\/media?parent=1052"}],"wp:term":[{"taxonomy":"post_tag","embeddable":true,"href":"https:\/\/meat-machine.com\/pt\/wp-json\/wp\/v2\/tags?post=1052"},{"taxonomy":"product-type","embeddable":true,"href":"https:\/\/meat-machine.com\/pt\/wp-json\/wp\/v2\/product-type?post=1052"}],"curies":[{"name":"wp","href":"https:\/\/api.w.org\/{rel}","templated":true}]}}