{"id":101,"date":"2022-09-08T09:03:47","date_gmt":"2022-09-08T09:03:47","guid":{"rendered":"https:\/\/meat-machine.com\/?post_type=product&#038;p=101"},"modified":"2024-12-16T16:44:22","modified_gmt":"2024-12-16T08:44:22","slug":"maquina-de-desossar-peixe","status":"publish","type":"product","link":"https:\/\/meat-machine.com\/pt\/product\/fish-deboner-machine\/","title":{"rendered":"M\u00e1quina de desossar peixe | M\u00e1quina separadora de ossos de carne de peixe"},"content":{"rendered":"<div class=\"kk-star-ratings kksr-auto kksr-align-left kksr-valign-top\"     data-payload='{&quot;align&quot;:&quot;left&quot;,&quot;id&quot;:&quot;101&quot;,&quot;slug&quot;:&quot;default&quot;,&quot;valign&quot;:&quot;top&quot;,&quot;ignore&quot;:&quot;&quot;,&quot;reference&quot;:&quot;auto&quot;,&quot;class&quot;:&quot;&quot;,&quot;count&quot;:&quot;7&quot;,&quot;legendonly&quot;:&quot;&quot;,&quot;readonly&quot;:&quot;&quot;,&quot;score&quot;:&quot;4.7&quot;,&quot;starsonly&quot;:&quot;&quot;,&quot;best&quot;:&quot;5&quot;,&quot;gap&quot;:&quot;5&quot;,&quot;greet&quot;:&quot;Rate this product&quot;,&quot;legend&quot;:&quot;4.7\\\/5 - (7 votes)&quot;,&quot;size&quot;:&quot;24&quot;,&quot;title&quot;:&quot;Fish Deboner Machine | Fish Meat Bone Separator Machine&quot;,&quot;width&quot;:&quot;133.8&quot;,&quot;_legend&quot;:&quot;{score}\\\/{best} - ({count} {votes})&quot;,&quot;font_factor&quot;:&quot;1.25&quot;}'>              <div class=\"kksr-stars\">      <div class=\"kksr-stars-inactive\">             <div class=\"kksr-star\" data-star=\"1\" style=\"padding-right: 5px\">               <div class=\"kksr-icon\" style=\"width: 24px; height: 24px;\"><\/div>         <\/div>             <div class=\"kksr-star\" data-star=\"2\" style=\"padding-right: 5px\">               <div class=\"kksr-icon\" style=\"width: 24px; height: 24px;\"><\/div>         <\/div>             <div class=\"kksr-star\" data-star=\"3\" style=\"padding-right: 5px\">               <div class=\"kksr-icon\" style=\"width: 24px; height: 24px;\"><\/div>         <\/div>             <div class=\"kksr-star\" data-star=\"4\" style=\"padding-right: 5px\">               <div class=\"kksr-icon\" style=\"width: 24px; height: 24px;\"><\/div>         <\/div>             <div class=\"kksr-star\" data-star=\"5\" style=\"padding-right: 5px\">               <div class=\"kksr-icon\" style=\"width: 24px; height: 24px;\"><\/div>         <\/div>     <\/div>      <div class=\"kksr-stars-active\" style=\"width: 133.8px;\">             <div class=\"kksr-star\" style=\"padding-right: 5px\">               <div class=\"kksr-icon\" style=\"width: 24px; height: 24px;\"><\/div>         <\/div>             <div class=\"kksr-star\" style=\"padding-right: 5px\">               <div class=\"kksr-icon\" style=\"width: 24px; height: 24px;\"><\/div>         <\/div>             <div class=\"kksr-star\" style=\"padding-right: 5px\">               <div class=\"kksr-icon\" style=\"width: 24px; height: 24px;\"><\/div>         <\/div>             <div class=\"kksr-star\" style=\"padding-right: 5px\">               <div class=\"kksr-icon\" style=\"width: 24px; height: 24px;\"><\/div>         <\/div>             <div class=\"kksr-star\" style=\"padding-right: 5px\">               <div class=\"kksr-icon\" style=\"width: 24px; height: 24px;\"><\/div>         <\/div>     <\/div> <\/div>                   <div class=\"kksr-legend\" style=\"font-size: 19.2px;\">             4,7\/5 - (7 votos)    <\/div>     <\/div>  <p class=\"wp-block-paragraph\">A M\u00e1quina Desossadora de Peixe pode extrair com efici\u00eancia a carne de peixe, separando-a dos ossos e da pele. Esta m\u00e1quina vers\u00e1til serve tanto como separador de carne quanto como moedor, permitindo a extra\u00e7\u00e3o limpa da carne de peixe. Pode processar todos os tipos de peixes, o que o torna ideal para a produ\u00e7\u00e3o de produtos como bolinhos de peixe e outros itens \u00e0 base de peixe.<\/p>    <p class=\"wp-block-paragraph\">Com capacidades que variam de 180 kg\/h a 1.500 kg\/h, a M\u00e1quina Desossadora de Peixe \u00e9 adequada para necessidades de produ\u00e7\u00e3o em pequena e grande escala. \u00c9 amplamente utilizado em f\u00e1bricas de processamento de alimentos, restaurantes, hot\u00e9is e outras ind\u00fastrias aliment\u00edcias onde \u00e9 necess\u00e1ria carne de peixe de alta qualidade. <\/p>    <figure class=\"wp-block-embed is-type-video is-provider-youtube wp-block-embed-youtube wp-embed-aspect-16-9 wp-has-aspect-ratio\"><div class=\"wp-block-embed__wrapper\"> <iframe loading=\"lazy\" title=\"M\u00e1quina separadora de ossos de carne de peixe | Como funciona a m\u00e1quina de desossar peixe?\" width=\"500\" height=\"281\" src=\"https:\/\/www.youtube.com\/embed\/1CjSzOEuwnU?feature=oembed\" frameborder=\"0\" allow=\"accelerometer; autoplay; clipboard-write; encrypted-media; gyroscope; picture-in-picture; web-share\" referrerpolicy=\"strict-origin-when-cross-origin\" allowfullscreen><\/iframe> <\/div><figcaption class=\"wp-element-caption\">V\u00eddeo de funcionamento da m\u00e1quina de desossar peixe<\/figcaption><\/figure>    <h2 class=\"wp-block-heading\" id=\"h-characteristics-of-automatic-fish-deboner-machine\">Caracter\u00edsticas da m\u00e1quina autom\u00e1tica de desossar peixe<\/h2>    <ul class=\"wp-block-list\"> <li>Constru\u00eddo com a\u00e7o inoxid\u00e1vel 304 de qualidade alimentar para durabilidade e seguran\u00e7a.<\/li>    <li>Alcan\u00e7a coleta de carne de peixe de at\u00e9 95%, separando com efici\u00eancia ossos, pele e costelas.<\/li>    <li>Adequado para peixes de \u00e1gua doce e marinhos, processando peixes pequenos diretamente e peixes maiores ap\u00f3s a segmenta\u00e7\u00e3o.<\/li>    <li>Apoia a produ\u00e7\u00e3o de bolinhos de peixe, bolinhos, tofu e outros produtos \u00e0 base de peixe.<\/li>    <li>Compacto, eficiente e econ\u00f4mico, aumentando o valor do pescado de baixo custo e economizando m\u00e3o de obra.<\/li> <\/ul>   <div class=\"wp-block-image\"> <figure class=\"aligncenter size-full\"><img loading=\"lazy\" decoding=\"async\" width=\"800\" height=\"500\" src=\"https:\/\/meat-machine.com\/wp-content\/uploads\/2022\/09\/application-scope-of-fish-deboning-machine.webp\" alt=\"escopo de aplica\u00e7\u00e3o da m\u00e1quina de desossa de peixe\" class=\"wp-image-103\" title=\"\" srcset=\"https:\/\/meat-machine.com\/wp-content\/uploads\/2022\/09\/application-scope-of-fish-deboning-machine.webp 800w, https:\/\/meat-machine.com\/wp-content\/uploads\/2022\/09\/application-scope-of-fish-deboning-machine-300x188.webp 300w, https:\/\/meat-machine.com\/wp-content\/uploads\/2022\/09\/application-scope-of-fish-deboning-machine-768x480.webp 768w\" sizes=\"auto, (max-width: 800px) 100vw, 800px\" \/><figcaption class=\"wp-element-caption\">escopo de aplica\u00e7\u00e3o da m\u00e1quina de desossa de peixe<\/figcaption><\/figure> <\/div>   <h2 class=\"wp-block-heading\">Estrutura da m\u00e1quina de desossar peixe<\/h2>    <p class=\"wp-block-paragraph translation-block\">A <strong>m\u00e1quina desembulhadora de peixe<\/strong> apresenta uma estrutura robusta e eficiente concebida para otimizar a separa\u00e7\u00e3o entre a carne de peixe e os ossos. Os seus componentes chave incluem:<\/p>    <div class=\"wp-block-media-text is-stacked-on-mobile\"><figure class=\"wp-block-media-text__media\"><img loading=\"lazy\" decoding=\"async\" width=\"720\" height=\"540\" src=\"https:\/\/meat-machine.com\/wp-content\/uploads\/2022\/09\/automatic-fish-deboner-machine.webp\" alt=\"M\u00e1quina autom\u00e1tica de desossar peixe\" class=\"wp-image-700 size-full\" title=\"\" srcset=\"https:\/\/meat-machine.com\/wp-content\/uploads\/2022\/09\/automatic-fish-deboner-machine.webp 720w, https:\/\/meat-machine.com\/wp-content\/uploads\/2022\/09\/automatic-fish-deboner-machine-300x225.webp 300w, https:\/\/meat-machine.com\/wp-content\/uploads\/2022\/09\/automatic-fish-deboner-machine-16x12.webp 16w\" sizes=\"auto, (max-width: 720px) 100vw, 720px\" \/><\/figure><div class=\"wp-block-media-text__content\"> <ul class=\"wp-block-list\"> <li><strong>Dispositivo de motor e transmiss\u00e3o<\/strong>Esses controlam a opera\u00e7\u00e3o da m\u00e1quina, garantindo um desempenho suave.<\/li>    <li><strong>Rolo com raspador interno<\/strong>. O rolo \u00e9 essencial para separar as espinhas do peixe da carne. Os orif\u00edcios de peneira distribu\u00eddos uniformemente no tambor permitem que a carne do peixe passe enquanto os ossos permanecem do lado de fora. O raspador interno separa a carne da parede interna do rolo para uma coleta eficiente.<\/li> <\/ul> <\/div><\/div>    <div class=\"wp-block-media-text has-media-on-the-right is-stacked-on-mobile\"><div class=\"wp-block-media-text__content\"> <ul class=\"wp-block-list\"> <li><strong>Cinto coletor de carne<\/strong>. Atua ao lado do rolo para exercer press\u00e3o, espremendo o peixe e possibilitando a separa\u00e7\u00e3o da carne e das espinhas.<\/li>    <li><strong>Dispositivo autom\u00e1tico de ajuste fino<\/strong>. Ajusta automaticamente a press\u00e3o e redefine a folga durante a opera\u00e7\u00e3o, garantindo uma qualidade de separa\u00e7\u00e3o consistente.<\/li>    <li><strong>Raspadores (internos e externos)<\/strong>. O raspador interno remove a carne do tambor, enquanto o raspador externo limpa os ossos e a pele da superf\u00edcie do rolo.<\/li> <\/ul> <\/div><figure class=\"wp-block-media-text__media\"><img loading=\"lazy\" decoding=\"async\" width=\"720\" height=\"540\" src=\"https:\/\/meat-machine.com\/wp-content\/uploads\/2022\/09\/fish-deboner-machine-for-sale.webp\" alt=\"M\u00e1quina de desossar peixe \u00e0 venda\" class=\"wp-image-701 size-full\" title=\"\" srcset=\"https:\/\/meat-machine.com\/wp-content\/uploads\/2022\/09\/fish-deboner-machine-for-sale.webp 720w, https:\/\/meat-machine.com\/wp-content\/uploads\/2022\/09\/fish-deboner-machine-for-sale-300x225.webp 300w, https:\/\/meat-machine.com\/wp-content\/uploads\/2022\/09\/fish-deboner-machine-for-sale-16x12.webp 16w\" sizes=\"auto, (max-width: 720px) 100vw, 720px\" \/><\/figure><\/div>    <div class=\"wp-block-media-text is-stacked-on-mobile\"><figure class=\"wp-block-media-text__media\"><img loading=\"lazy\" decoding=\"async\" width=\"720\" height=\"540\" src=\"https:\/\/meat-machine.com\/wp-content\/uploads\/2022\/09\/fish-deboner-machine-1.webp\" alt=\"m\u00e1quina de desossar peixe\" class=\"wp-image-702 size-full\" title=\"\" srcset=\"https:\/\/meat-machine.com\/wp-content\/uploads\/2022\/09\/fish-deboner-machine-1.webp 720w, https:\/\/meat-machine.com\/wp-content\/uploads\/2022\/09\/fish-deboner-machine-1-300x225.webp 300w, https:\/\/meat-machine.com\/wp-content\/uploads\/2022\/09\/fish-deboner-machine-1-16x12.webp 16w\" sizes=\"auto, (max-width: 720px) 100vw, 720px\" \/><\/figure><div class=\"wp-block-media-text__content\"> <ul class=\"wp-block-list\"> <li><strong>Al\u00e7as de ajuste de folga e cinto<\/strong>Esses permitem o ajuste fino do espa\u00e7o entre o rolo e a correia e ajustam a tens\u00e3o da correia para um desempenho ideal.<\/li>    <li><strong>Entrada e sa\u00eddas<\/strong>. A entrada guia o peixe para dentro da m\u00e1quina, enquanto as sa\u00eddas separadas manuseiam carne picada e espinhas de peixe.<\/li>    <li><strong>Tambor de carne<\/strong>. Recolhe e processa eficazmente a carne de peixe separada.<\/li> <\/ul> <\/div><\/div>    <p class=\"wp-block-paragraph\">Esta estrutura abrangente permite que a m\u00e1quina de desossar peixe ofere\u00e7a alta efici\u00eancia e precis\u00e3o, tornando-a indispens\u00e1vel nas opera\u00e7\u00f5es de processamento de pescado.<\/p>    <h2 class=\"wp-block-heading\" id=\"h-what-is-the-working-principle-of-the-fish-meat-bone-separator-machine\">Qual \u00e9 o princ\u00edpio de funcionamento da m\u00e1quina separadora de ossos de carne de peixe?<\/h2>    <div class=\"wp-block-media-text is-stacked-on-mobile\"><figure class=\"wp-block-media-text__media\"><img loading=\"lazy\" decoding=\"async\" width=\"720\" height=\"540\" src=\"https:\/\/meat-machine.com\/wp-content\/uploads\/2022\/09\/fish-bones-and-skins-come-out-of-the-machine.webp\" alt=\"espinhas e peles de peixe saem da m\u00e1quina\" class=\"wp-image-104 size-full\" title=\"\" srcset=\"https:\/\/meat-machine.com\/wp-content\/uploads\/2022\/09\/fish-bones-and-skins-come-out-of-the-machine.webp 720w, https:\/\/meat-machine.com\/wp-content\/uploads\/2022\/09\/fish-bones-and-skins-come-out-of-the-machine-300x225.webp 300w\" sizes=\"auto, (max-width: 720px) 100vw, 720px\" \/><\/figure><div class=\"wp-block-media-text__content\"> <ul class=\"wp-block-list\"> <li>O <strong>m\u00e1quina separadora de ossos de carne de peixe<\/strong> possui um barril de carne e uma cinta de borracha para prensagem.<\/li>    <li>Durante a opera\u00e7\u00e3o, o barril de carne rolante e a correia de borracha pressionam o peixe para extrair a carne para o barril.<\/li>    <li>A pele e as espinhas do peixe ficam fora do barril de carne e s\u00e3o removidas com um raspador.<\/li>    <li>A carne de peixe processada \u00e9 descarregada atrav\u00e9s de uma sa\u00edda separada.<\/li> <\/ul> <\/div><\/div>    <h2 class=\"wp-block-heading\" id=\"h-how-to-use-the-fish-deboner-machine-correctly\">Como usar a m\u00e1quina de desossar peixe corretamente?<\/h2>    <ul class=\"wp-block-list\"> <li>Para peixes pequenos, voc\u00ea pode aliment\u00e1-los diretamente no <strong>m\u00e1quina de desossar peixe<\/strong> sem prepara\u00e7\u00e3o.<\/li>    <li>Para peixes grandes, retire as v\u00edsceras e escamas antes do processamento; \u00e9 recomendado usar um raspador e um cortador de carne.<\/li>    <li>Antes de operar, inspecione a m\u00e1quina quanto a quaisquer problemas e deixe-a inativa por 30 segundos para garantir o bom funcionamento.<\/li>    <li>Evite colocar as m\u00e3os ou objetos duros na abertura de alimenta\u00e7\u00e3o durante a opera\u00e7\u00e3o.<\/li>    <li>Ap\u00f3s terminar o trabalho, desligue imediatamente a energia e limpe quaisquer res\u00edduos de peixe restantes no interior da m\u00e1quina.<\/li> <\/ul>   <div class=\"wp-block-image\"> <figure class=\"aligncenter size-full\"><img loading=\"lazy\" decoding=\"async\" width=\"720\" height=\"540\" src=\"https:\/\/meat-machine.com\/wp-content\/uploads\/2022\/09\/fish-meat-bone-separator.webp\" alt=\"separador de osso de carne de peixe\" class=\"wp-image-108\" title=\"\" srcset=\"https:\/\/meat-machine.com\/wp-content\/uploads\/2022\/09\/fish-meat-bone-separator.webp 720w, https:\/\/meat-machine.com\/wp-content\/uploads\/2022\/09\/fish-meat-bone-separator-300x225.webp 300w\" sizes=\"auto, (max-width: 720px) 100vw, 720px\" \/><figcaption class=\"wp-element-caption\">separador de osso de carne de peixe<\/figcaption><\/figure> <\/div>   <h2 class=\"wp-block-heading\">Par\u00e2metros da m\u00e1quina separadora de ossos de carne de peixe<\/h2>    <figure class=\"wp-block-table\"><table class=\"has-fixed-layout\"><tbody><tr><td>Modelo<\/td><td>Dimens\u00e3o (mm)<\/td><td>Capacidade (kg\/h)<\/td><td>Pot\u00eancia (kW)<\/td><td>Espessura da correia (mm)<\/td><td>Comprimento da correia (mm)<\/td><td>Di\u00e2metro do cano (mm)<\/td><td>Espessura do cano (mm)<\/td><td>Espessura dos furos (mm)<\/td><td>Peso (kg)<\/td><\/tr><tr><td>TZ-F150<\/td><td>850*680*900<\/td><td>180<\/td><td>2.2<\/td><td>20<\/td><td>1195<\/td><td>162<\/td><td>8<\/td><td>2.7<\/td><td>220<\/td><\/tr><tr><td>TZ-F200<\/td><td>900*880*950<\/td><td>280<\/td><td>2.2<\/td><td>20<\/td><td>1450<\/td><td>219<\/td><td>8<\/td><td>2.7<\/td><td>260<\/td><\/tr><tr><td>TZ-F300<\/td><td>1150*870*1060<\/td><td>360<\/td><td>2.2<\/td><td>20<\/td><td>1450<\/td><td>219<\/td><td>8<\/td><td>2.7<\/td><td>320<\/td><\/tr><tr><td>TZ-F350<\/td><td>1300*1000*1050<\/td><td>1500<\/td><td>2.2<\/td><td>20<\/td><td>2500<\/td><td>300<\/td><td>12<\/td><td>4\/4.5\/5\/6<\/td><td>750<\/td><\/tr><\/tbody><\/table><\/figure>   <div class=\"wp-block-image\"> <figure class=\"aligncenter size-full\"><img loading=\"lazy\" decoding=\"async\" width=\"720\" height=\"540\" src=\"https:\/\/meat-machine.com\/wp-content\/uploads\/2022\/09\/fish-deboner-machine.webp\" alt=\"m\u00e1quina de desossar peixe\" class=\"wp-image-106\" title=\"\" srcset=\"https:\/\/meat-machine.com\/wp-content\/uploads\/2022\/09\/fish-deboner-machine.webp 720w, https:\/\/meat-machine.com\/wp-content\/uploads\/2022\/09\/fish-deboner-machine-300x225.webp 300w\" sizes=\"auto, (max-width: 720px) 100vw, 720px\" \/><figcaption class=\"wp-element-caption\">m\u00e1quina de desossar peixe<\/figcaption><\/figure> <\/div>   <h2 class=\"wp-block-heading\" id=\"h-faq\">Perguntas frequentes sobre separador de ossos de carne de peixe<\/h2>   <div id=\"rank-math-faq\" class=\"rank-math-block\"> <div class=\"rank-math-list\"> <div id=\"faq-question-1734332979439\" class=\"rank-math-list-item\"> <h3 class=\"rank-math-question\">A m\u00e1quina pode remover espinhas de peixe?<\/h3> <div class=\"rank-math-answer\">  <p>Sim, o di\u00e2metro da malha pode chegar a 3 mm, removendo efetivamente as espinhas dos peixes.<\/p>  <\/div> <\/div> <div id=\"faq-question-1734332997476\" class=\"rank-math-list-item\"> <h3 class=\"rank-math-question\">A m\u00e1quina \u00e9 inteiramente feita de a\u00e7o inoxid\u00e1vel?<\/h3> <div class=\"rank-math-answer\">  <p>A maioria das pe\u00e7as \u00e9 de a\u00e7o inoxid\u00e1vel, exceto a estrutura e a engrenagem do motor, que s\u00e3o feitas de ferro fundido.<\/p>  <\/div> <\/div> <div id=\"faq-question-1734333042417\" class=\"rank-math-list-item\"> <h3 class=\"rank-math-question\">O tamanho da malha pode ser ajustado?<\/h3> <div class=\"rank-math-answer\">  <p>O tamanho da malha \u00e9 ajust\u00e1vel at\u00e9 um m\u00e1ximo de 5 mm.<\/p>  <\/div> <\/div> <div id=\"faq-question-1734333056183\" class=\"rank-math-list-item\"> <h3 class=\"rank-math-question\">Os peixes grandes precisam ser preparados antes do processamento?<\/h3> <div class=\"rank-math-answer\">  <p>Sim, os peixes grandes devem ser eviscerados e escamados. No entanto, peixes pequenos podem ser processados \u200b\u200bdiretamente, sem prepara\u00e7\u00e3o.<\/p>  <\/div> <\/div> <div id=\"faq-question-1734333087423\" class=\"rank-math-list-item\"> <h3 class=\"rank-math-question\">A m\u00e1quina pode processar peda\u00e7os de peixe em vez de carne picada?<\/h3> <div class=\"rank-math-answer\">  <p>N\u00e3o, o di\u00e2metro m\u00e1ximo da malha \u00e9 de 5 mm, projetado para carne de peixe picada e n\u00e3o para peda\u00e7os maiores.<\/p>  <\/div> <\/div> <\/div> <\/div>  <div class=\"wp-block-image\"> <figure class=\"aligncenter size-full\"><img loading=\"lazy\" decoding=\"async\" width=\"720\" height=\"540\" src=\"https:\/\/meat-machine.com\/wp-content\/uploads\/2022\/09\/brand-new-fish-deboner-machine-shipped-to-India.webp\" alt=\"nova m\u00e1quina de desossar peixe enviada para a \u00cdndia\" class=\"wp-image-301\" title=\"\" srcset=\"https:\/\/meat-machine.com\/wp-content\/uploads\/2022\/09\/brand-new-fish-deboner-machine-shipped-to-India.webp 720w, https:\/\/meat-machine.com\/wp-content\/uploads\/2022\/09\/brand-new-fish-deboner-machine-shipped-to-India-300x225.webp 300w\" sizes=\"auto, (max-width: 720px) 100vw, 720px\" \/><figcaption class=\"wp-element-caption\">nova m\u00e1quina de desossar peixe enviada para a \u00cdndia<\/figcaption><\/figure> <\/div>   <h2 class=\"wp-block-heading\">Conclus\u00e3o<\/h2>    <p class=\"wp-block-paragraph translation-block\">Se estiver a produzir <a href=\"https:\/\/en.wikipedia.org\/wiki\/Fish\" data-type=\"link\" data-id=\"https:\/\/en.wikipedia.org\/wiki\/Fish\" target=\"_blank\" rel=\"noopener\">bolas de peixe<\/a>, pasta de peixe ou outros produtos \u00e0 base de peixe, esta m\u00e1quina \u00e9 uma excelente adi\u00e7\u00e3o \u00e0 sua linha de processamento.<\/p>    <p class=\"wp-block-paragraph translation-block\">Para al\u00e9m da M\u00e1quina desembulhadora de peixe, oferecemos tamb\u00e9m uma gama de outros <a href=\"https:\/\/meat-machine.com\/pt\/produtos\/moedor-de-carne\/\" data-type=\"link\" data-id=\"https:\/\/meat-machine.com\/products\/meat-grinder\/\">equipamentos de processamento de peixe<\/a>, . Para mais detalhes ou para solicitar um or\u00e7amento, n\u00e3o hesite em contactar-nos hoje!<\/p>","protected":false},"excerpt":{"rendered":"<p>A M\u00e1quina Desossadora de Peixe pode extrair com efici\u00eancia a carne de peixe, separando-a dos ossos e da pele. <\/p>","protected":false},"author":1,"featured_media":107,"parent":0,"template":"","tags":[34,18],"product-type":[25],"class_list":["post-101","product","type-product","status-publish","has-post-thumbnail","hentry","tag-fish","tag-fish-deboner-machine","product-type-fish-processing-machine"],"_links":{"self":[{"href":"https:\/\/meat-machine.com\/pt\/wp-json\/wp\/v2\/product\/101","targetHints":{"allow":["GET"]}}],"collection":[{"href":"https:\/\/meat-machine.com\/pt\/wp-json\/wp\/v2\/product"}],"about":[{"href":"https:\/\/meat-machine.com\/pt\/wp-json\/wp\/v2\/types\/product"}],"author":[{"embeddable":true,"href":"https:\/\/meat-machine.com\/pt\/wp-json\/wp\/v2\/users\/1"}],"wp:featuredmedia":[{"embeddable":true,"href":"https:\/\/meat-machine.com\/pt\/wp-json\/wp\/v2\/media\/107"}],"wp:attachment":[{"href":"https:\/\/meat-machine.com\/pt\/wp-json\/wp\/v2\/media?parent=101"}],"wp:term":[{"taxonomy":"post_tag","embeddable":true,"href":"https:\/\/meat-machine.com\/pt\/wp-json\/wp\/v2\/tags?post=101"},{"taxonomy":"product-type","embeddable":true,"href":"https:\/\/meat-machine.com\/pt\/wp-json\/wp\/v2\/product-type?post=101"}],"curies":[{"name":"wp","href":"https:\/\/api.w.org\/{rel}","templated":true}]}}