{"id":33,"date":"2022-09-06T10:32:08","date_gmt":"2022-09-06T10:32:08","guid":{"rendered":"https:\/\/meat-machine.com\/?page_id=33"},"modified":"2022-09-13T02:57:11","modified_gmt":"2022-09-13T02:57:11","slug":"sobre-nos","status":"publish","type":"page","link":"https:\/\/meat-machine.com\/pt\/about-us\/","title":{"rendered":"Sobre n\u00f3s"},"content":{"rendered":"<p class=\"wp-block-paragraph\">Somos uma empresa especializada na produ\u00e7\u00e3o e fabrica\u00e7\u00e3o de m\u00e1quinas para carne. Mais de 10 anos de experi\u00eancia em produ\u00e7\u00e3o de m\u00e1quinas de alimentos nos permitem produzir m\u00e1quinas de produ\u00e7\u00e3o de alimentos de alta qualidade para os clientes e fornecer aos clientes servi\u00e7os personalizados exclusivos.<\/p>    <h2 class=\"wp-block-heading\" id=\"h-what-machines-do-we-have\">Que m\u00e1quinas temos?<\/h2>    <p class=\"wp-block-paragraph translation-block\">Na <a href=\"https:\/\/meat-machine.com\/pt\/\">Taizy Machinery<\/a>, nossas m\u00e1quinas de processamento de carne incluem <a href=\"https:\/\/meat-machine.com\/pt\/produto\/maquina-automatica-de-corte-de-frango\/\">cortadores autom\u00e1ticos de carne<\/a>, <a href=\"https:\/\/meat-machine.com\/pt\/produto\/fatiadora-de-carne-congelada-comercial\/\">fatiadores de carne para carne congelada<\/a>, <a href=\"https:\/\/meat-machine.com\/pt\/produto\/maquina-de-cortar-carne\/\">cortadores de carne congelada<\/a>, <a href=\"https:\/\/meat-machine.com\/pt\/produto\/moedor-de-ossos\/\">moedores de ossos<\/a>, <a href=\"https:\/\/meat-machine.com\/pt\/produto\/separador-de-osso-de-carne\/\">m\u00e1quinas separadoras de carne e osso<\/a>, <a href=\"https:\/\/meat-machine.com\/pt\/produto\/maquina-de-desossar-peixe\/\">m\u00e1quinas desossa de peixe<\/a>, <a href=\"https:\/\/meat-machine.com\/pt\/produto\/maquina-de-fazer-almondegas\/\">m\u00e1quinas de fazer alm\u00f4ndegas<\/a>, <a href=\"https:\/\/meat-machine.com\/pt\/produto\/fabricante-de-hamburguer-comercial\/\">m\u00e1quinas de fazer hamb\u00fargueres<\/a>, <a href=\"https:\/\/meat-machine.com\/pt\/produto\/maquina-picadora-de-carne-comercial\/\">moedores industriais de carne<\/a>, etc. Al\u00e9m disso, tamb\u00e9m temos defumadores comerciais e m\u00e1quinas de amassar em rolo \u00e0 venda. Portanto, nossa empresa tem uma ampla variedade de equipamentos de produ\u00e7\u00e3o de carne. Se voc\u00ea tiver alguma necessidade de m\u00e1quinas de carne, sinta-se \u00e0 vontade para nos contatar.<\/p>    <h2 class=\"wp-block-heading\" id=\"h-rich-experience-in-machinery-export\">Rica experi\u00eancia em exporta\u00e7\u00e3o de m\u00e1quinas<\/h2>    <p class=\"wp-block-paragraph\">Nossas m\u00e1quinas foram exportadas para os Estados Unidos, Canad\u00e1, Fran\u00e7a, Nig\u00e9ria, Tanz\u00e2nia, Ar\u00e1bia Saudita, Mal\u00e1sia, Coreia do Sul, Brasil, Peru, M\u00e9xico, Su\u00ed\u00e7a e muitos outros pa\u00edses. Portanto, temos uma vasta experi\u00eancia na exporta\u00e7\u00e3o de m\u00e1quinas.<\/p>    <figure class=\"wp-block-image size-full\"><img loading=\"lazy\" decoding=\"async\" width=\"1024\" height=\"620\" src=\"https:\/\/meat-machine.com\/wp-content\/uploads\/2022\/09\/people-from-many-countries-have-chosen-us.webp\" alt=\"pessoas de muitos pa\u00edses nos escolheram\" class=\"wp-image-153\" title=\"\" srcset=\"https:\/\/meat-machine.com\/wp-content\/uploads\/2022\/09\/people-from-many-countries-have-chosen-us.webp 1024w, https:\/\/meat-machine.com\/wp-content\/uploads\/2022\/09\/people-from-many-countries-have-chosen-us-300x182.webp 300w, https:\/\/meat-machine.com\/wp-content\/uploads\/2022\/09\/people-from-many-countries-have-chosen-us-768x465.webp 768w\" sizes=\"auto, (max-width: 1024px) 100vw, 1024px\" \/><figcaption>Pessoas de muitos pa\u00edses nos escolheram<\/figcaption><\/figure>","protected":false},"excerpt":{"rendered":"<p>We are a company specializing in the production and manufacture of meat machinery. More than 10 years of food machinery production experience allows us to produce high-quality food production machines for customers and provide customers with unique customized services. What machines do we have? At Taizy Machinery, our meat processing machinery includes automatic meat cutters, [&hellip;]<\/p>\n","protected":false},"author":1,"featured_media":0,"parent":0,"menu_order":0,"comment_status":"closed","ping_status":"closed","template":"","meta":{"_crdt_document":"","footnotes":""},"class_list":["post-33","page","type-page","status-publish","hentry"],"_links":{"self":[{"href":"https:\/\/meat-machine.com\/pt\/wp-json\/wp\/v2\/pages\/33","targetHints":{"allow":["GET"]}}],"collection":[{"href":"https:\/\/meat-machine.com\/pt\/wp-json\/wp\/v2\/pages"}],"about":[{"href":"https:\/\/meat-machine.com\/pt\/wp-json\/wp\/v2\/types\/page"}],"author":[{"embeddable":true,"href":"https:\/\/meat-machine.com\/pt\/wp-json\/wp\/v2\/users\/1"}],"replies":[{"embeddable":true,"href":"https:\/\/meat-machine.com\/pt\/wp-json\/wp\/v2\/comments?post=33"}],"version-history":[{"count":0,"href":"https:\/\/meat-machine.com\/pt\/wp-json\/wp\/v2\/pages\/33\/revisions"}],"wp:attachment":[{"href":"https:\/\/meat-machine.com\/pt\/wp-json\/wp\/v2\/media?parent=33"}],"curies":[{"name":"wp","href":"https:\/\/api.w.org\/{rel}","templated":true}]}}